{"id":779,"date":"2018-04-13T17:11:32","date_gmt":"2018-04-13T20:11:32","guid":{"rendered":"https:\/\/aataudio.com.br\/?page_id=779"},"modified":"2026-01-21T09:19:50","modified_gmt":"2026-01-21T12:19:50","slug":"cabo-rca-ar-1-noisefree","status":"publish","type":"page","link":"https:\/\/aataudio.com.br\/home\/audio-video-solutions\/cabo-rca-ar-1-noisefree\/","title":{"rendered":"AAT CABO RCA AR-1 NOISEFREE"},"content":{"rendered":"<div class=\"wpb-content-wrapper\"><p>[vc_row][vc_column][vc_row_inner][vc_column_inner][vc_raw_html]JTNDZGl2JTIwY2xhc3MlM0QlMjJlYXN5em9vbSUyMGVhc3l6b29tLS13aXRoLXRodW1ibmFpbHMlMjIlM0UlMEElMjAlMjAlMjAlM0NhJTIwaHJlZiUzRCUyMmh0dHBzJTNBJTJGJTJGYWF0YXVkaW8uY29tLmJyJTJGd3AtY29udGVudCUyRnVwbG9hZHMlMkZiYW5uZXItem9vbS1hcjFyY2EuanBnJTIyJTIwY2xhc3MlM0QlMjJ6b29tLW1hc3RlciUyMiUzRSUwQSUyMCUyMCUyMCUzQ2ltZyUyMHNyYyUzRCUyMmh0dHBzJTNBJTJGJTJGYWF0YXVkaW8uY29tLmJyJTJGd3AtY29udGVudCUyRnVwbG9hZHMlMkZiYW5uZXItem9vbS1hcjFyY2EuanBnJTIyJTIwYWx0JTNEJTIyYWMtMSUyMiUzRSUwQSUyMCUyMCUyMCUzQyUyRmElM0UlMEElMjAlMjAlMjAlM0NkaXYlMjBjbGFzcyUzRCUyMmVhc3l6b29tLWZseW91dCUyMiUzRSUzQyUyRmRpdiUzRSUwQSUzQyUyRmRpdiUzRSUwQSUzQ3VsJTIwY2xhc3MlM0QlMjJ0aHVtYm5haWxzJTIyJTNFJTBBJTIwJTIwJTIwJTNDbGklM0UlMEElMjAlMjAlMjAlMjAlMjAlMjAlM0NhJTIwaHJlZiUzRCUyMmh0dHBzJTNBJTJGJTJGYWF0YXVkaW8uY29tLmJyJTJGd3AtY29udGVudCUyRnVwbG9hZHMlMkZiYW5uZXItem9vbS1hcjFyY2EuanBnJTIyJTIwZGF0YS1zdGFuZGFyZCUzRCUyMmh0dHBzJTNBJTJGJTJGYWF0YXVkaW8uY29tLmJyJTJGd3AtY29udGVudCUyRnVwbG9hZHMlMkZiYW5uZXItem9vbS1hcjFyY2EuanBnJTIyJTNFJTBBJTIwJTIwJTIwJTIwJTIwJTIwJTNDaW1nJTIwc3JjJTNEJTIyaHR0cHMlM0ElMkYlMkZhYXRhdWRpby5jb20uYnIlMkZ3cC1jb250ZW50JTJGdXBsb2FkcyUyRmJhbm5lci16b29tLWFyMXJjYS5qcGclMjIlMjBhbHQlM0QlMjJhYy0xJTIyJTNFJTBBJTIwJTIwJTIwJTIwJTIwJTIwJTNDJTJGYSUzRSUwQSUyMCUyMCUyMCUzQyUyRmxpJTNFJTBBJTIwJTIwJTIwJTNDbGklM0UlMEElMjAlMjAlMjAlMjAlMjAlMjAlM0NhJTIwaHJlZiUzRCUyMmh0dHBzJTNBJTJGJTJGYWF0YXVkaW8uY29tLmJyJTJGd3AtY29udGVudCUyRnVwbG9hZHMlMkZiYW5uZXItem9vbS1hcjFyY2EtMi5qcGclMjIlMjBkYXRhLXN0YW5kYXJkJTNEJTIyaHR0cHMlM0ElMkYlMkZhYXRhdWRpby5jb20uYnIlMkZ3cC1jb250ZW50JTJGdXBsb2FkcyUyRmJhbm5lci16b29tLWFyMXJjYS0yLmpwZyUyMiUzRSUwQSUyMCUyMCUyMCUyMCUyMCUyMCUzQ2ltZyUyMHNyYyUzRCUyMmh0dHBzJTNBJTJGJTJGYWF0YXVkaW8uY29tLmJyJTJGd3AtY29udGVudCUyRnVwbG9hZHMlMkZiYW5uZXItem9vbS1hcjFyY2EtMi5qcGclMjIlMjBhbHQlM0QlMjJhYy0yJTIyJTNFJTBBJTIwJTIwJTIwJTIwJTIwJTIwJTNDJTJGYSUzRSUwQSUyMCUyMCUyMCUzQyUyRmxpJTNFJTBBJTNDJTJGdWwlM0U=[\/vc_raw_html][vc_column_text]<\/p>\n<p style=\"text-align: center;\"><strong>* Fotos s\u00e3o meramente ilustrativas<\/strong><\/p>\n<p>[\/vc_column_text][\/vc_column_inner][\/vc_row_inner][vc_row_inner][vc_column_inner width=&#8221;1\/2&#8243;][\/vc_column_inner][vc_column_inner width=&#8221;1\/2&#8243;][vc_column_text]<aside class=\"mashsb-container mashsb-main mashsb-stretched\"><div class=\"mashsb-box\"><div class=\"mashsb-buttons\"><a class=\"mashicon-facebook mash-small mash-center mashsb-noshadow mashsb-pure-icons\" href=\"https:\/\/www.facebook.com\/sharer.php?u=https%3A%2F%2Faataudio.com.br%2Fhome%2Faudio-video-solutions%2Fcabo-rca-ar-1-noisefree%2F\" target=\"_top\" rel=\"nofollow\"><span class=\"icon\"><\/span><span class=\"text\"><\/span><\/a><a class=\"mashicon-twitter mash-small mash-center mashsb-noshadow mashsb-pure-icons\" href=\"https:\/\/twitter.com\/intent\/tweet?text=&amp;url=https:\/\/aataudio.com.br\/home\/audio-video-solutions\/cabo-rca-ar-1-noisefree\/\" target=\"_top\" rel=\"nofollow\"><span class=\"icon\"><\/span><span class=\"text\"><\/span><\/a><a class=\"mashicon-whatsapp mash-small mash-center mashsb-noshadow mashsb-pure-icons\" href=\"\" target=\"_top\" rel=\"nofollow\"><span class=\"icon\"><\/span><span class=\"text\"><\/span><\/a><div class=\"onoffswitch2 mash-small mashsb-noshadow\" style=\"display:none\"><\/div><\/div><\/div>\n                    <div style=\"clear:both\"><\/div><div class=\"mashsb-toggle-container\"><\/div><\/aside>\n            <!-- Share buttons made by mashshare.net - Version: 4.0.47--><br \/>\n<a style=\"display: none;\" href=\"whatsapp:\/\/send?text=The text to share!\" data-action=\"share\/whatsapp\/share\">Share via Whatsapp<\/a>[\/vc_column_text][\/vc_column_inner][\/vc_row_inner][\/vc_column][\/vc_row][vc_row el_id=&#8221;tab-menu-produto&#8221;][vc_column][vc_row_inner][vc_column_inner][vc_btn title=&#8221;Descri\u00e7\u00e3o&#8221; shape=&#8221;square&#8221; link=&#8221;url:%23descricao|||rel:nofollow&#8221; el_class=&#8221;ancor-scroll&#8221;][vc_btn title=&#8221;Caracteristicas&#8221; shape=&#8221;square&#8221; link=&#8221;url:%23caracteristicas|||rel:nofollow&#8221; el_class=&#8221;ancor-scroll&#8221;][vc_btn title=&#8221;Especifica\u00e7\u00f5es&#8221; shape=&#8221;square&#8221; link=&#8221;url:%23especificacoes|||rel:nofollow&#8221; el_class=&#8221;ancor-scroll&#8221;][\/vc_column_inner][\/vc_row_inner][\/vc_column][\/vc_row][vc_row el_id=&#8221;descricao&#8221;][vc_column][vc_row_inner][vc_column_inner][vc_column_text]<\/p>\n<h3 class=\"info-page-title\">DESCRI\u00c7\u00c3O<\/h3>\n<p>Chegou um novo conceito em cabos: alta qualidade na conex\u00e3o aliada a baixo custo unit\u00e1rio, do jeito que s\u00f3 a AAT sabe fazer. Para uso onde a integridade de sinal nas conex\u00f5es RCA \u00e9 fundamental. Condutor em cobre OFHC e dupla blindagem, com conectores met\u00e1licos maci\u00e7os, o AR-1 \u00e9 imune a interfer\u00eancias e campos eletromagn\u00e9ticos externos[\/vc_column_text][\/vc_column_inner][\/vc_row_inner][\/vc_column][\/vc_row][vc_row el_id=&#8221;caracteristicas&#8221;][vc_column offset=&#8221;vc_col-sm-offset-0&#8243;][vc_row_inner][vc_column_inner][vc_column_text]<\/p>\n<h3 class=\"info-page-title\">CARACTER\u00cdSTICAS<\/h3>\n<p>O cabo AR-1 NOISEFREE \u00e9 um cabo de interconex\u00e3o RCA de alta qualidade com capa em Rayon com condutor central oxygen free OFHC de alta pureza, dupla blindagem em cobre OFHC e pel\u00edcula semicondutiva , isola\u00e7\u00e3o Dupla em PET e PVC, acabado em tecido Rayon e utilizando conectores RCA met\u00e1licos totalmente blindados e de alta condutividade, com contatos e pinos banhados em ouro. Este cabo \u00e9 indicado para uso em locais que possuam interfer\u00eancia eletromagn\u00e9tica significativa ou para aqueles usu\u00e1rios que se contentam somente com o menor n\u00edvel de ru\u00eddo poss\u00edvel em seu sistema, dada a sua alta imunidade a campos eletromagn\u00e9ticos irradiados.<\/p>\n<p>Comprimentos padr\u00e3o: 1, 2, 3, 5 e 10 mt.[\/vc_column_text][\/vc_column_inner][\/vc_row_inner][\/vc_column][\/vc_row][vc_row el_id=&#8221;especificacoes&#8221;][vc_column][vc_row_inner][vc_column_inner][vc_column_text]<\/p>\n<h3 class=\"info-page-title\">ESPECIFICA\u00c7\u00d5ES<\/h3>\n<p>[\/vc_column_text][\/vc_column_inner][\/vc_row_inner][vc_column_text]<\/p>\n<div class=\"table-responsive\">\n<table class=\"table table-especificacoes\">\n<thead>\n<tr>\n<th><\/th>\n<th style=\"text-align: center;\"><img loading=\"lazy\" decoding=\"async\" class=\"wp-image-3061 size-full aligncenter\" src=\"https:\/\/aataudio.com.br\/wp-content\/uploads\/menu-icon-acs-ar1rca.jpg\" alt=\"\" width=\"120\" height=\"120\" \/>cabo\u00a0rca\u00a0ar-1\u00a0noisefree<\/th>\n<\/tr>\n<\/thead>\n<tbody>\n<tr class=\"table-first-row\">\n<th scope=\"row\">Condutor central<\/th>\n<td class=\"table-info-value\">Em oxygen-free copper &#8211; OFHC<\/td>\n<\/tr>\n<tr>\n<th style=\"white-space: normal;\" scope=\"row\">Isola\u00e7\u00e3o<\/th>\n<td class=\"table-info-value\">Composta de dois materiais: PET + PVC<\/td>\n<\/tr>\n<tr>\n<th scope=\"row\">Blindagem<\/th>\n<td class=\"table-info-value\">Dupla, com tran\u00e7a de cobre e pel\u00edcula semi-condutiva<\/td>\n<\/tr>\n<tr>\n<th scope=\"row\">Capa externa<\/th>\n<td class=\"table-info-value\">Em PVC recoberto com Rayon<\/td>\n<\/tr>\n<tr>\n<th scope=\"row\">Conectores RCA<\/th>\n<td class=\"table-info-value\">Met\u00e1licos, blindado, de alta condutividade com contatos banhados em ouro.<\/td>\n<\/tr>\n<tr>\n<th scope=\"row\">Comprimentos padr\u00e3o<\/th>\n<td class=\"table-info-value\">1,2,3,5 e 10 mt<\/td>\n<\/tr>\n<\/tbody>\n<\/table>\n<\/div>\n<p>[\/vc_column_text][\/vc_column][\/vc_row][vc_row css=&#8221;.vc_custom_1619102180768{margin-top: 35px !important;}&#8221; el_id=&#8221;veja-tambem&#8221;][vc_column offset=&#8221;vc_hidden-xs&#8221;][vc_column_text]<\/p>\n<h3 class=\"info-page-title\">VEJA TAMB\u00c9M<\/h3>\n<p>[\/vc_column_text][vc_basic_grid post_type=&#8221;page&#8221; max_items=&#8221;-1&#8243; style=&#8221;pagination&#8221; items_per_page=&#8221;4&#8243; element_width=&#8221;3&#8243; gap=&#8221;20&#8243; orderby=&#8221;menu_order&#8221; order=&#8221;ASC&#8221; arrows_design=&#8221;vc_arrow-icon-arrow_07_left&#8221; arrows_position=&#8221;outside&#8221; arrows_color=&#8221;sky&#8221; paging_color=&#8221;sky&#8221; item=&#8221;184&#8243; initial_loading_animation=&#8221;none&#8221; grid_id=&#8221;vc_gid:1619102148124-39470f0c-0457-0&#8243; taxonomies=&#8221;29&#8243; exclude=&#8221;779&#8243;][\/vc_column][\/vc_row][vc_row css=&#8221;.vc_custom_1619102788081{margin-top: 35px !important;}&#8221; el_id=&#8221;veja-tambem-2&#8243;][vc_column offset=&#8221;vc_hidden-lg vc_hidden-md vc_hidden-sm&#8221;][vc_column_text]<\/p>\n<h3 class=\"info-page-title\">VEJA TAMB\u00c9M<\/h3>\n<p>[\/vc_column_text][vc_basic_grid post_type=&#8221;page&#8221; max_items=&#8221;-1&#8243; style=&#8221;pagination&#8221; items_per_page=&#8221;1&#8243; element_width=&#8221;12&#8243; gap=&#8221;20&#8243; orderby=&#8221;menu_order&#8221; order=&#8221;ASC&#8221; arrows_design=&#8221;vc_arrow-icon-arrow_07_left&#8221; arrows_color=&#8221;sky&#8221; paging_color=&#8221;sky&#8221; item=&#8221;184&#8243; initial_loading_animation=&#8221;none&#8221; grid_id=&#8221;vc_gid:1619102148127-3f8469f7-57f4-1&#8243; taxonomies=&#8221;29&#8243; exclude=&#8221;779&#8243;][\/vc_column][\/vc_row]<\/p>\n<\/div>","protected":false},"excerpt":{"rendered":"<p>[vc_row][vc_column][vc_row_inner][vc_column_inner][vc_raw_html]JTNDZGl2JTIwY2xhc3MlM0QlMjJlYXN5em9vbSUyMGVhc3l6b29tLS13aXRoLXRodW1ibmFpbHMlMjIlM0UlMEElMjAlMjAlMjAlM0NhJTIwaHJlZiUzRCUyMmh0dHBzJTNBJTJGJTJGYWF0YXVkaW8uY29tLmJyJTJGd3AtY29udGVudCUyRnVwbG9hZHMlMkZiYW5uZXItem9vbS1hcjFyY2EuanBnJTIyJTIwY2xhc3MlM0QlMjJ6b29tLW1hc3RlciUyMiUzRSUwQSUyMCUyMCUyMCUzQ2ltZyUyMHNyYyUzRCUyMmh0dHBzJTNBJTJGJTJGYWF0YXVkaW8uY29tLmJyJTJGd3AtY29udGVudCUyRnVwbG9hZHMlMkZiYW5uZXItem9vbS1hcjFyY2EuanBnJTIyJTIwYWx0JTNEJTIyYWMtMSUyMiUzRSUwQSUyMCUyMCUyMCUzQyUyRmElM0UlMEElMjAlMjAlMjAlM0NkaXYlMjBjbGFzcyUzRCUyMmVhc3l6b29tLWZseW91dCUyMiUzRSUzQyUyRmRpdiUzRSUwQSUzQyUyRmRpdiUzRSUwQSUzQ3VsJTIwY2xhc3MlM0QlMjJ0aHVtYm5haWxzJTIyJTNFJTBBJTIwJTIwJTIwJTNDbGklM0UlMEElMjAlMjAlMjAlMjAlMjAlMjAlM0NhJTIwaHJlZiUzRCUyMmh0dHBzJTNBJTJGJTJGYWF0YXVkaW8uY29tLmJyJTJGd3AtY29udGVudCUyRnVwbG9hZHMlMkZiYW5uZXItem9vbS1hcjFyY2EuanBnJTIyJTIwZGF0YS1zdGFuZGFyZCUzRCUyMmh0dHBzJTNBJTJGJTJGYWF0YXVkaW8uY29tLmJyJTJGd3AtY29udGVudCUyRnVwbG9hZHMlMkZiYW5uZXItem9vbS1hcjFyY2EuanBnJTIyJTNFJTBBJTIwJTIwJTIwJTIwJTIwJTIwJTNDaW1nJTIwc3JjJTNEJTIyaHR0cHMlM0ElMkYlMkZhYXRhdWRpby5jb20uYnIlMkZ3cC1jb250ZW50JTJGdXBsb2FkcyUyRmJhbm5lci16b29tLWFyMXJjYS5qcGclMjIlMjBhbHQlM0QlMjJhYy0xJTIyJTNFJTBBJTIwJTIwJTIwJTIwJTIwJTIwJTNDJTJGYSUzRSUwQSUyMCUyMCUyMCUzQyUyRmxpJTNFJTBBJTIwJTIwJTIwJTNDbGklM0UlMEElMjAlMjAlMjAlMjAlMjAlMjAlM0NhJTIwaHJlZiUzRCUyMmh0dHBzJTNBJTJGJTJGYWF0YXVkaW8uY29tLmJyJTJGd3AtY29udGVudCUyRnVwbG9hZHMlMkZiYW5uZXItem9vbS1hcjFyY2EtMi5qcGclMjIlMjBkYXRhLXN0YW5kYXJkJTNEJTIyaHR0cHMlM0ElMkYlMkZhYXRhdWRpby5jb20uYnIlMkZ3cC1jb250ZW50JTJGdXBsb2FkcyUyRmJhbm5lci16b29tLWFyMXJjYS0yLmpwZyUyMiUzRSUwQSUyMCUyMCUyMCUyMCUyMCUyMCUzQ2ltZyUyMHNyYyUzRCUyMmh0dHBzJTNBJTJGJTJGYWF0YXVkaW8uY29tLmJyJTJGd3AtY29udGVudCUyRnVwbG9hZHMlMkZiYW5uZXItem9vbS1hcjFyY2EtMi5qcGclMjIlMjBhbHQlM0QlMjJhYy0yJTIyJTNFJTBBJTIwJTIwJTIwJTIwJTIwJTIwJTNDJTJGYSUzRSUwQSUyMCUyMCUyMCUzQyUyRmxpJTNFJTBBJTNDJTJGdWwlM0U=[\/vc_raw_html][vc_column_text] * Fotos s\u00e3o meramente ilustrativas [\/vc_column_text][\/vc_column_inner][\/vc_row_inner][vc_row_inner][vc_column_inner width=&#8221;1\/2&#8243;][\/vc_column_inner][vc_column_inner width=&#8221;1\/2&#8243;][vc_column_text] Share via Whatsapp[\/vc_column_text][\/vc_column_inner][\/vc_row_inner][\/vc_column][\/vc_row][vc_row el_id=&#8221;tab-menu-produto&#8221;][vc_column][vc_row_inner][vc_column_inner][vc_btn title=&#8221;Descri\u00e7\u00e3o&#8221; shape=&#8221;square&#8221; link=&#8221;url:%23descricao|||rel:nofollow&#8221; el_class=&#8221;ancor-scroll&#8221;][vc_btn title=&#8221;Caracteristicas&#8221; shape=&#8221;square&#8221; link=&#8221;url:%23caracteristicas|||rel:nofollow&#8221; el_class=&#8221;ancor-scroll&#8221;][vc_btn title=&#8221;Especifica\u00e7\u00f5es&#8221; shape=&#8221;square&#8221; link=&#8221;url:%23especificacoes|||rel:nofollow&#8221; el_class=&#8221;ancor-scroll&#8221;][\/vc_column_inner][\/vc_row_inner][\/vc_column][\/vc_row][vc_row el_id=&#8221;descricao&#8221;][vc_column][vc_row_inner][vc_column_inner][vc_column_text] DESCRI\u00c7\u00c3O Chegou um novo conceito em cabos: alta qualidade na conex\u00e3o aliada a baixo custo unit\u00e1rio, do jeito que s\u00f3 a AAT sabe fazer. Para uso onde a integridade [&hellip;]<\/p>\n","protected":false},"author":5,"featured_media":3062,"parent":16164,"menu_order":6,"comment_status":"closed","ping_status":"closed","template":"page-fullwidth.php","meta":{"footnotes":""},"class_list":["post-779","page","type-page","status-publish","has-post-thumbnail","hentry"],"_links":{"self":[{"href":"https:\/\/aataudio.com.br\/home\/wp-json\/wp\/v2\/pages\/779"}],"collection":[{"href":"https:\/\/aataudio.com.br\/home\/wp-json\/wp\/v2\/pages"}],"about":[{"href":"https:\/\/aataudio.com.br\/home\/wp-json\/wp\/v2\/types\/page"}],"author":[{"embeddable":true,"href":"https:\/\/aataudio.com.br\/home\/wp-json\/wp\/v2\/users\/5"}],"replies":[{"embeddable":true,"href":"https:\/\/aataudio.com.br\/home\/wp-json\/wp\/v2\/comments?post=779"}],"version-history":[{"count":10,"href":"https:\/\/aataudio.com.br\/home\/wp-json\/wp\/v2\/pages\/779\/revisions"}],"predecessor-version":[{"id":12834,"href":"https:\/\/aataudio.com.br\/home\/wp-json\/wp\/v2\/pages\/779\/revisions\/12834"}],"up":[{"embeddable":true,"href":"https:\/\/aataudio.com.br\/home\/wp-json\/wp\/v2\/pages\/16164"}],"wp:featuredmedia":[{"embeddable":true,"href":"https:\/\/aataudio.com.br\/home\/wp-json\/wp\/v2\/media\/3062"}],"wp:attachment":[{"href":"https:\/\/aataudio.com.br\/home\/wp-json\/wp\/v2\/media?parent=779"}],"curies":[{"name":"wp","href":"https:\/\/api.w.org\/{rel}","templated":true}]}}