{"id":521,"date":"2018-04-09T18:22:27","date_gmt":"2018-04-09T21:22:27","guid":{"rendered":"https:\/\/aataudio.com.br\/?page_id=521"},"modified":"2025-08-07T20:13:35","modified_gmt":"2025-08-07T23:13:35","slug":"bsf-100-g3","status":"publish","type":"page","link":"https:\/\/aataudio.com.br\/home\/caixas-acusticas\/bsf-100-g3\/","title":{"rendered":"AAT BSF-100 G3"},"content":{"rendered":"<div class=\"wpb-content-wrapper\"><p>[vc_row][vc_column][vc_row_inner][vc_column_inner][vc_raw_html css=&#8221;&#8221;]JTNDZGl2JTIwY2xhc3MlM0QlMjJlYXN5em9vbSUyMGVhc3l6b29tLS13aXRoLXRodW1ibmFpbHMlMjIlM0UlMEElMjAlMjAlMjAlM0NhJTIwaHJlZiUzRCUyMmh0dHBzJTNBJTJGJTJGYWF0YXVkaW8uY29tLmJyJTJGd3AtY29udGVudCUyRnVwbG9hZHMlMkZBQVQtUkFLVC1CU0YtMTAwLVBSRVRBLTFfLTEuanBnJTIyJTIwY2xhc3MlM0QlMjJ6b29tLW1hc3RlciUyMiUzRSUwQSUyMCUyMCUyMCUzQ2ltZyUyMHNyYyUzRCUyMmh0dHBzJTNBJTJGJTJGYWF0YXVkaW8uY29tLmJyJTJGd3AtY29udGVudCUyRnVwbG9hZHMlMkZBQVQtUkFLVC1CU0YtMTAwLVBSRVRBLTFfLTEuanBnJTIyJTIwYWx0JTNEJTIyYWMtMSUyMiUzRSUwQSUyMCUyMCUyMCUzQyUyRmElM0UlMEElMjAlMjAlMjAlM0NkaXYlMjBjbGFzcyUzRCUyMmVhc3l6b29tLWZseW91dCUyMiUzRSUzQyUyRmRpdiUzRSUwQSUzQyUyRmRpdiUzRSUwQSUzQ3VsJTIwY2xhc3MlM0QlMjJ0aHVtYm5haWxzJTIyJTNFJTBBJTIwJTIwJTIwJTNDbGklM0UlMEElMjAlMjAlMjAlMjAlMjAlMjAlM0NhJTIwaHJlZiUzRCUyMmh0dHBzJTNBJTJGJTJGYWF0YXVkaW8uY29tLmJyJTJGd3AtY29udGVudCUyRnVwbG9hZHMlMkZBQVQtUkFLVC1CU0YtMTAwLVBSRVRBLTFfLTEuanBnJTIyJTIwZGF0YS1zdGFuZGFyZCUzRCUyMmh0dHBzJTNBJTJGJTJGYWF0YXVkaW8uY29tLmJyJTJGd3AtY29udGVudCUyRnVwbG9hZHMlMkZBQVQtUkFLVC1CU0YtMTAwLVBSRVRBLTFfLTEuanBnJTIyJTNFJTBBJTIwJTIwJTIwJTIwJTIwJTIwJTNDaW1nJTIwc3JjJTNEJTIyaHR0cHMlM0ElMkYlMkZhYXRhdWRpby5jb20uYnIlMkZ3cC1jb250ZW50JTJGdXBsb2FkcyUyRkFBVC1SQUtULUJTRi0xMDAtUFJFVEEtMV8tMS5qcGclMjIlMjBhbHQlM0QlMjJic2YtMTAwLXJha3QtcHQlMjIlM0UlMEElMjAlMjAlMjAlMjAlMjAlMjAlM0MlMkZhJTNFJTBBJTIwJTIwJTIwJTNDJTJGbGklM0UlMEElMjAlMjAlMjAlM0NsaSUzRSUwQSUyMCUyMCUyMCUyMCUyMCUyMCUzQ2ElMjBocmVmJTNEJTIyaHR0cHMlM0ElMkYlMkZhYXRhdWRpby5jb20uYnIlMkZ3cC1jb250ZW50JTJGdXBsb2FkcyUyRkFBVC1SQUtULUJTRi0xMDAtUFJFVEEtMl8tMS5qcGclMjIlMjBkYXRhLXN0YW5kYXJkJTNEJTIyaHR0cHMlM0ElMkYlMkZhYXRhdWRpby5jb20uYnIlMkZ3cC1jb250ZW50JTJGdXBsb2FkcyUyRkFBVC1SQUtULUJTRi0xMDAtUFJFVEEtMl8tMS5qcGclMjIlM0UlMEElMjAlMjAlMjAlMjAlMjAlMjAlM0NpbWclMjBzcmMlM0QlMjJodHRwcyUzQSUyRiUyRmFhdGF1ZGlvLmNvbS5iciUyRndwLWNvbnRlbnQlMkZ1cGxvYWRzJTJGQUFULVJBS1QtQlNGLTEwMC1QUkVUQS0yXy0xLmpwZyUyMiUyMGFsdCUzRCUyMmJzZi0xMDAtcmFrdC1wdC0yJTIyJTNFJTBBJTIwJTIwJTIwJTIwJTIwJTIwJTNDJTJGYSUzRSUwQSUyMCUyMCUyMCUzQyUyRmxpJTNFJTBBJTBBJTIwJTIwJTIwJTNDbGklM0UlMEElMjAlMjAlMjAlMjAlMjAlMjAlM0NhJTIwaHJlZiUzRCUyMmh0dHBzJTNBJTJGJTJGYWF0YXVkaW8uY29tLmJyJTJGd3AtY29udGVudCUyRnVwbG9hZHMlMkZBQVQtUkFLVC1CU0YtMTAwLVBSRVRBLTRfLTEuanBnJTIyJTIwZGF0YS1zdGFuZGFyZCUzRCUyMmh0dHBzJTNBJTJGJTJGYWF0YXVkaW8uY29tLmJyJTJGd3AtY29udGVudCUyRnVwbG9hZHMlMkZBQVQtUkFLVC1CU0YtMTAwLVBSRVRBLTRfLTEuanBnJTIyJTNFJTBBJTIwJTIwJTIwJTIwJTIwJTIwJTNDaW1nJTIwc3JjJTNEJTIyaHR0cHMlM0ElMkYlMkZhYXRhdWRpby5jb20uYnIlMkZ3cC1jb250ZW50JTJGdXBsb2FkcyUyRkFBVC1SQUtULUJTRi0xMDAtUFJFVEEtNF8tMS5qcGclMjIlMjBhbHQlM0QlMjJic2YtMTAwLXJha3QtYnIlMjIlM0UlMEElMjAlMjAlMjAlMjAlMjAlMjAlM0MlMkZhJTNFJTBBJTIwJTIwJTIwJTNDJTJGbGklM0UlMEElMEElMjAlMjAlMjAlM0NsaSUzRSUwQSUyMCUyMCUyMCUyMCUyMCUyMCUzQ2ElMjBocmVmJTNEJTIyaHR0cHMlM0ElMkYlMkZhYXRhdWRpby5jb20uYnIlMkZ3cC1jb250ZW50JTJGdXBsb2FkcyUyRkFBVC1SQUtULUJTRi0xMDAtUFJFVEEtM18tMS5qcGclMjIlMjBkYXRhLXN0YW5kYXJkJTNEJTIyaHR0cHMlM0ElMkYlMkZhYXRhdWRpby5jb20uYnIlMkZ3cC1jb250ZW50JTJGdXBsb2FkcyUyRkFBVC1SQUtULUJTRi0xMDAtUFJFVEEtM18tMS5qcGclMjIlM0UlMEElMjAlMjAlMjAlMjAlMjAlMjAlM0NpbWclMjBzcmMlM0QlMjJodHRwcyUzQSUyRiUyRmFhdGF1ZGlvLmNvbS5iciUyRndwLWNvbnRlbnQlMkZ1cGxvYWRzJTJGQUFULVJBS1QtQlNGLTEwMC1QUkVUQS0zXy0xLmpwZyUyMiUyMGFsdCUzRCUyMmJzZi0xMDAtcmFrdC1wdC0zJTIyJTNFJTBBJTIwJTIwJTIwJTIwJTIwJTIwJTNDJTJGYSUzRSUwQSUyMCUyMCUyMCUzQyUyRmxpJTNFJTBBJTBBJTIwJTIwJTIwJTNDbGklM0UlMEElMjAlMjAlMjAlMjAlMjAlMjAlM0NhJTIwaHJlZiUzRCUyMmh0dHBzJTNBJTJGJTJGYWF0YXVkaW8uY29tLmJyJTJGd3AtY29udGVudCUyRnVwbG9hZHMlMkZBQVQtUkFLVC1CU0YtMTAwLVBSRVRBLTVfLmpwZyUyMiUyMGRhdGEtc3RhbmRhcmQlM0QlMjJodHRwcyUzQSUyRiUyRmFhdGF1ZGlvLmNvbS5iciUyRndwLWNvbnRlbnQlMkZ1cGxvYWRzJTJGQUFULVJBS1QtQlNGLTEwMC1QUkVUQS01Xy5qcGclMjIlM0UlMEElMjAlMjAlMjAlMjAlMjAlMjAlM0NpbWclMjBzcmMlM0QlMjJodHRwcyUzQSUyRiUyRmFhdGF1ZGlvLmNvbS5iciUyRndwLWNvbnRlbnQlMkZ1cGxvYWRzJTJGQUFULVJBS1QtQlNGLTEwMC1QUkVUQS01Xy5qcGclMjIlMjBhbHQlM0QlMjJic2YtMTAwLXJha3QtYnIlMjIlM0UlMEElMjAlMjAlMjAlMjAlMjAlMjAlM0MlMkZhJTNFJTBBJTIwJTIwJTIwJTNDJTJGbGklM0UlMEElMEElM0NsaSUzRSUwQSUyMCUyMCUyMCUyMCUyMCUyMCUzQ2ElMjBocmVmJTNEJTIyaHR0cHMlM0ElMkYlMkZhYXRhdWRpby5jb20uYnIlMkZ3cC1jb250ZW50JTJGdXBsb2FkcyUyRkFBVF9CU0YxMDBfRzMuanBnJTIyJTIwZGF0YS1zdGFuZGFyZCUzRCUyMmh0dHBzJTNBJTJGJTJGYWF0YXVkaW8uY29tLmJyJTJGd3AtY29udGVudCUyRnVwbG9hZHMlMkZBQVRfQlNGMTAwX0czLmpwZyUyMiUzRSUwQSUyMCUyMCUyMCUyMCUyMCUyMCUzQ2ltZyUyMHNyYyUzRCUyMmh0dHBzJTNBJTJGJTJGYWF0YXVkaW8uY29tLmJyJTJGd3AtY29udGVudCUyRnVwbG9hZHMlMkZBQVRfQlNGMTAwX0czLmpwZyUyMiUyMGFsdCUzRCUyMmJzZi0xMDAtcmFrdC1ici0zJTIyJTNFJTBBJTIwJTIwJTIwJTIwJTIwJTIwJTNDJTJGYSUzRSUwQSUyMCUyMCUyMCUzQyUyRmxpJTNFJTBBJTBBJTNDbGklM0UlMEElMjAlMjAlMjAlMjAlMjAlMjAlM0NhJTIwaHJlZiUzRCUyMmh0dHBzJTNBJTJGJTJGYWF0YXVkaW8uY29tLmJyJTJGd3AtY29udGVudCUyRnVwbG9hZHMlMkZBQVRfQlNGXzEwMF8wOC5qcGclMjIlMjBkYXRhLXN0YW5kYXJkJTNEJTIyaHR0cHMlM0ElMkYlMkZhYXRhdWRpby5jb20uYnIlMkZ3cC1jb250ZW50JTJGdXBsb2FkcyUyRkFBVF9CU0ZfMTAwXzA4LmpwZyUyMiUzRSUwQSUyMCUyMCUyMCUyMCUyMCUyMCUzQ2ltZyUyMHNyYyUzRCUyMmh0dHBzJTNBJTJGJTJGYWF0YXVkaW8uY29tLmJyJTJGd3AtY29udGVudCUyRnVwbG9hZHMlMkZBQVRfQlNGXzEwMF8wOC5qcGclMjIlMjBhbHQlM0QlMjJic2YtMTAwLXJha3QtYnItMyUyMiUzRSUwQSUyMCUyMCUyMCUyMCUyMCUyMCUzQyUyRmElM0UlMEElMjAlMjAlMjAlM0MlMkZsaSUzRSUwQSUwQSUwQSUwQSUzQ2xpJTNFJTBBJTIwJTIwJTIwJTIwJTIwJTIwJTNDYSUyMGhyZWYlM0QlMjJodHRwcyUzQSUyRiUyRmFhdGF1ZGlvLmNvbS5iciUyRndwLWNvbnRlbnQlMkZ1cGxvYWRzJTJGQUFULVJBS1QtQlNGLTEwMC1CUkFOQ0EtNF8tMS5qcGclMjIlMjBkYXRhLXN0YW5kYXJkJTNEJTIyaHR0cHMlM0ElMkYlMkZhYXRhdWRpby5jb20uYnIlMkZ3cC1jb250ZW50JTJGdXBsb2FkcyUyRkFBVC1SQUtULUJTRi0xMDAtQlJBTkNBLTRfLTEuanBnJTIyJTNFJTBBJTIwJTIwJTIwJTIwJTIwJTIwJTNDaW1nJTIwc3JjJTNEJTIyaHR0cHMlM0ElMkYlMkZhYXRhdWRpby5jb20uYnIlMkZ3cC1jb250ZW50JTJGdXBsb2FkcyUyRkFBVC1SQUtULUJTRi0xMDAtQlJBTkNBLTRfLTEuanBnJTIyJTIwYWx0JTNEJTIyYnNmLTEwMC1yYWt0LWJyLTMlMjIlM0UlMEElMjAlMjAlMjAlMjAlMjAlMjAlM0MlMkZhJTNFJTBBJTIwJTIwJTIwJTNDJTJGbGklM0UlMEElMEElMEElM0NsaSUzRSUwQSUyMCUyMCUyMCUyMCUyMCUyMCUzQ2ElMjBocmVmJTNEJTIyaHR0cHMlM0ElMkYlMkZhYXRhdWRpby5jb20uYnIlMkZ3cC1jb250ZW50JTJGdXBsb2FkcyUyRkFBVF9SQUtUX0JTRl8xMDAtNy0xLmpwZyUyMiUyMGRhdGEtc3RhbmRhcmQlM0QlMjJodHRwcyUzQSUyRiUyRmFhdGF1ZGlvLmNvbS5iciUyRndwLWNvbnRlbnQlMkZ1cGxvYWRzJTJGQUFUX1JBS1RfQlNGXzEwMC03LTEuanBnJTIyJTNFJTBBJTIwJTIwJTIwJTIwJTIwJTIwJTNDaW1nJTIwc3JjJTNEJTIyaHR0cHMlM0ElMkYlMkZhYXRhdWRpby5jb20uYnIlMkZ3cC1jb250ZW50JTJGdXBsb2FkcyUyRkFBVF9SQUtUX0JTRl8xMDAtNy0xLmpwZyUyMiUyMGFsdCUzRCUyMmJzZi0xMDAtcmFrdC1ici0zJTIyJTNFJTBBJTIwJTIwJTIwJTIwJTIwJTIwJTNDJTJGYSUzRSUwQSUyMCUyMCUyMCUzQyUyRmxpJTNFJTBBJTBBJTBBJTBBJTBBJTBBJTNDbGklM0UlMEElMjAlMjAlMjAlMjAlMjAlMjAlM0NhJTIwaHJlZiUzRCUyMmh0dHBzJTNBJTJGJTJGYWF0YXVkaW8uY29tLmJyJTJGd3AtY29udGVudCUyRnVwbG9hZHMlMkZBQVQtUkFLVC1CU0YtMTAwLUJSQU5DQS01Xy0xLmpwZyUyMiUyMGRhdGEtc3RhbmRhcmQlM0QlMjJodHRwcyUzQSUyRiUyRmFhdGF1ZGlvLmNvbS5iciUyRndwLWNvbnRlbnQlMkZ1cGxvYWRzJTJGQUFULVJBS1QtQlNGLTEwMC1CUkFOQ0EtNV8tMS5qcGclMjIlM0UlMEElMjAlMjAlMjAlMjAlMjAlMjAlM0NpbWclMjBzcmMlM0QlMjJodHRwcyUzQSUyRiUyRmFhdGF1ZGlvLmNvbS5iciUyRndwLWNvbnRlbnQlMkZ1cGxvYWRzJTJGQUFULVJBS1QtQlNGLTEwMC1CUkFOQ0EtNV8tMS5qcGclMjIlMjBhbHQlM0QlMjJic2YtMTAwLXJha3QtYnItMyUyMiUzRSUwQSUyMCUyMCUyMCUyMCUyMCUyMCUzQyUyRmElM0UlMEElMjAlMjAlMjAlM0MlMkZsaSUzRSUwQSUwQSUzQyUyRnVsJTNF[\/vc_raw_html][\/vc_column_inner][\/vc_row_inner][vc_row_inner][vc_column_inner width=&#8221;1\/2&#8243;][\/vc_column_inner][vc_column_inner width=&#8221;1\/2&#8243;][vc_column_text]<aside class=\"mashsb-container mashsb-main mashsb-stretched\"><div class=\"mashsb-box\"><div class=\"mashsb-buttons\"><a class=\"mashicon-facebook mash-small mash-center mashsb-noshadow mashsb-pure-icons\" href=\"https:\/\/www.facebook.com\/sharer.php?u=https%3A%2F%2Faataudio.com.br%2Fhome%2Fcaixas-acusticas%2Fbsf-100-g3%2F\" target=\"_top\" rel=\"nofollow\"><span class=\"icon\"><\/span><span class=\"text\"><\/span><\/a><a class=\"mashicon-twitter mash-small mash-center mashsb-noshadow mashsb-pure-icons\" href=\"https:\/\/twitter.com\/intent\/tweet?text=&amp;url=https:\/\/aataudio.com.br\/home\/caixas-acusticas\/bsf-100-g3\/\" target=\"_top\" rel=\"nofollow\"><span class=\"icon\"><\/span><span class=\"text\"><\/span><\/a><a class=\"mashicon-whatsapp mash-small mash-center mashsb-noshadow mashsb-pure-icons\" href=\"\" target=\"_top\" rel=\"nofollow\"><span class=\"icon\"><\/span><span class=\"text\"><\/span><\/a><div class=\"onoffswitch2 mash-small mashsb-noshadow\" style=\"display:none\"><\/div><\/div><\/div>\n                    <div style=\"clear:both\"><\/div><div class=\"mashsb-toggle-container\"><\/div><\/aside>\n            <!-- Share buttons made by mashshare.net - Version: 4.0.47--><br \/>\n<a style=\"display: none;\" href=\"whatsapp:\/\/send?text=The text to share!\" data-action=\"share\/whatsapp\/share\">Share via Whatsapp<\/a>[\/vc_column_text][\/vc_column_inner][\/vc_row_inner][\/vc_column][\/vc_row][vc_row el_id=&#8221;tab-menu-produto&#8221;][vc_column][vc_row_inner][vc_column_inner][vc_btn title=&#8221;Descri\u00e7\u00e3o&#8221; shape=&#8221;square&#8221; link=&#8221;url:%23descricao|||rel:nofollow&#8221; el_class=&#8221;ancor-scroll&#8221;][vc_btn title=&#8221;Caracteristicas&#8221; shape=&#8221;square&#8221; link=&#8221;url:%23caracteristicas|||rel:nofollow&#8221; el_class=&#8221;ancor-scroll&#8221;][vc_btn title=&#8221;Especifica\u00e7\u00f5es&#8221; shape=&#8221;square&#8221; link=&#8221;url:%23especificacoes|||rel:nofollow&#8221; el_class=&#8221;ancor-scroll&#8221;][\/vc_column_inner][\/vc_row_inner][\/vc_column][\/vc_row][vc_row el_id=&#8221;descricao&#8221;][vc_column][vc_row_inner][vc_column_inner][vc_column_text css=&#8221;&#8221;]<\/p>\n<h3 class=\"info-page-title\">DESCRI\u00c7\u00c3O<\/h3>\n<div id=\"container\">\n<div id=\"informacoes-tecnicas\">\n<div class=\"boxBody\">\n<div id=\"especificacoes\" class=\"show aba\">\n<p>Dispon\u00edvel em duas vers\u00f5es com acabamento premium, a caixa ac\u00fastica AAT BSF-100 G3 atende \u00e0s mais diversas aplica\u00e7\u00f5es em pequenos e m\u00e9dios ambientes. Refinada e moderna, pode ser utilizada nos canais frontais e surround de sistemas de home theater ou para som est\u00e9reo, tendo a capacidade de reproduzir qualquer som com o m\u00e1ximo de qualidade e fidelidade.<\/p>\n<p>O usu\u00e1rio pode escolher entre a vers\u00e3o em laca brilhante (BSF-100 G3) ou pintura microtexturizada fosca (RAKT BSF-100 G3) nas cores preto ou branco. Nas novas vers\u00f5es G3, essas caixas passam a oferecer painel frontal com visual mais moderno, que acompanha as tend\u00eancias do design contempor\u00e2neo.<\/p><\/div>\n<\/div>\n<\/div>\n<\/div>\n<p>[\/vc_column_text][\/vc_column_inner][\/vc_row_inner][\/vc_column][\/vc_row][vc_row el_id=&#8221;caracteristicas&#8221;][vc_column offset=&#8221;vc_col-lg-12 vc_col-sm-offset-0&#8243;][vc_row_inner][vc_column_inner][vc_column_text css=&#8221;&#8221;]<\/p>\n<h3 class=\"info-page-title\">CARACTER\u00cdSTICAS<\/h3>\n<p>Com 36,2cm de altura, o projeto sofisticado da caixa AAT BSF-100 G3 utiliza engenharia e eletr\u00f4nica avan\u00e7adas, incluindo woofer de Kevlar de 6 \u00bd polegadas (para obter maior din\u00e2mica musical) e tweeter domo de seda de 1 polegada, com resposta at\u00e9 25 kHz. Soma-se a essas caracter\u00edsticas, a pot\u00eancia m\u00e1xima de 100W RMS, que torna o rendimento da bookshelf AAT BSF-100 G3 surpreendente em pequenos e m\u00e9dios ambientes.<\/p>\n<p>A caixa AAT BSF-100 G3 tem o crossover otimizado para excelente resposta na frequ\u00eancia de transi\u00e7\u00e3o. O woofer foi projetado para obten\u00e7\u00e3o de din\u00e2mica musical. E para garantir um maior impacto na reprodu\u00e7\u00e3o dos sons graves, esse modelo traz sintonia bass-reflex com duto traseiro. Todo esse cuidado tem um objetivo: proporcionar a melhor e mais fiel reprodu\u00e7\u00e3o sonora em qualquer faixa de frequ\u00eancia.[\/vc_column_text][\/vc_column_inner][\/vc_row_inner][\/vc_column][\/vc_row][vc_row el_id=&#8221;especificacoes&#8221;][vc_column][vc_row_inner][vc_column_inner][vc_column_text]<\/p>\n<h3 class=\"info-page-title\">ESPECIFICA\u00c7\u00d5ES<\/h3>\n<p>[\/vc_column_text][\/vc_column_inner][\/vc_row_inner][vc_column_text css=&#8221;&#8221;]<\/p>\n<div class=\"table-responsive\">\n<table class=\"table table-especificacoes\">\n<thead>\n<tr>\n<th><\/th>\n<th style=\"text-align: center;\"><img loading=\"lazy\" decoding=\"async\" class=\"aligncenter wp-image-15052\" src=\"https:\/\/aataudio.com.br\/wp-content\/uploads\/capa_aat_bsf70_g3_rakt-300x193.jpg\" alt=\"\" width=\"130\" height=\"84\" srcset=\"https:\/\/aataudio.com.br\/wp-content\/uploads\/capa_aat_bsf70_g3_rakt-300x193.jpg 300w, https:\/\/aataudio.com.br\/wp-content\/uploads\/capa_aat_bsf70_g3_rakt.jpg 560w\" sizes=\"(max-width: 130px) 100vw, 130px\" \/>AAT BSF-70 G3<\/th>\n<th style=\"text-align: center;\"><img loading=\"lazy\" decoding=\"async\" class=\"aligncenter wp-image-15086\" src=\"https:\/\/aataudio.com.br\/wp-content\/uploads\/capa_rakt_bsf_100_g3_a-300x193.jpg\" alt=\"\" width=\"157\" height=\"101\" srcset=\"https:\/\/aataudio.com.br\/wp-content\/uploads\/capa_rakt_bsf_100_g3_a-300x193.jpg 300w, https:\/\/aataudio.com.br\/wp-content\/uploads\/capa_rakt_bsf_100_g3_a.jpg 560w\" sizes=\"(max-width: 157px) 100vw, 157px\" \/>AAT BSF-100 G3<\/th>\n<\/tr>\n<\/thead>\n<tbody>\n<tr class=\"table-first-row\">\n<th scope=\"row\">Resposta em frequ\u00eancia<\/th>\n<td class=\"table-info-value border-right\">60 &#8211; 25 KHz<\/td>\n<td class=\"table-info-value\">50 &#8211; 25 KHz<\/td>\n<\/tr>\n<tr>\n<th style=\"white-space: normal;\" scope=\"row\">Sensibilidade (1W\/1m)<\/th>\n<td class=\"table-info-value border-right\">88 dB<\/td>\n<td class=\"table-info-value\">88 dB<\/td>\n<\/tr>\n<tr>\n<th scope=\"row\">Imped\u00e2ncia nominal<\/th>\n<td class=\"table-info-value border-right\">8 ohms<\/td>\n<td class=\"table-info-value\">8 ohms<\/td>\n<\/tr>\n<tr>\n<th scope=\"row\">Potencia nominal<\/th>\n<td class=\"table-info-value border-right\">50 W RMS<\/td>\n<td class=\"table-info-value\">70 W RMS<\/td>\n<\/tr>\n<tr>\n<th scope=\"row\">Potencia musical<\/th>\n<td class=\"table-info-value border-right\">70 W m\u00e1ximo<\/td>\n<td class=\"table-info-value\">100 W m\u00e1ximo<\/td>\n<\/tr>\n<tr>\n<th scope=\"row\">Amplificador recomendado<\/th>\n<td class=\"table-info-value border-right\">15 &#8211; 70 W<\/td>\n<td class=\"table-info-value\">15 &#8211; 70 W<\/td>\n<\/tr>\n<tr>\n<th scope=\"row\">Sintonia<\/th>\n<td class=\"table-info-value border-right\">Bass- Reflex com duto traseiro<\/td>\n<td class=\"table-info-value\">Bass- Reflex com duto traseiro<\/td>\n<\/tr>\n<tr>\n<th scope=\"row\">Frequ\u00eancia do cross-over<\/th>\n<td class=\"table-info-value border-right\">3.5 kHz<\/td>\n<td class=\"table-info-value\">3.5 kHz<\/td>\n<\/tr>\n<tr>\n<th scope=\"row\">Drivers<\/th>\n<td class=\"table-info-value border-right\">\n<p>1 unidade: woofer de 5 \u00bc&#8221; com cone de Kevlar<\/p>\n<p>1 unidade: Tweeter de domo de 1&#8243; em seda<\/td>\n<td class=\"table-info-value\">\n<p>1 unidade: woofer de 6 \u00bd com cone de Kevlar<\/p>\n<p>1 unidade: Tweeter de domo de 1&#8243; em seda<\/td>\n<\/tr>\n<tr>\n<th scope=\"row\">Dimens\u00f5es do produto\u00a0(L x P x A)<\/th>\n<td class=\"table-info-value border-right\">170 x 244 x 280 mm<\/td>\n<td class=\"table-info-value\">221 x 350 x 362 mm<\/td>\n<\/tr>\n<tr>\n<th scope=\"row\">Peso<\/th>\n<td class=\"table-info-value border-right\">3.90 Kg<\/td>\n<td class=\"table-info-value\">7.70 Kg<\/td>\n<\/tr>\n<\/tbody>\n<\/table>\n<\/div>\n<p>[\/vc_column_text][\/vc_column][\/vc_row][vc_row css=&#8221;.vc_custom_1618924577520{margin-top: 35px !important;}&#8221; el_id=&#8221;veja-tambem&#8221;][vc_column offset=&#8221;vc_hidden-xs&#8221;][vc_column_text]<\/p>\n<h3 class=\"info-page-title\">VEJA TAMB\u00c9M<\/h3>\n<p>[\/vc_column_text][vc_basic_grid post_type=&#8221;page&#8221; max_items=&#8221;-1&#8243; style=&#8221;pagination&#8221; items_per_page=&#8221;4&#8243; element_width=&#8221;3&#8243; gap=&#8221;20&#8243; orderby=&#8221;menu_order&#8221; order=&#8221;ASC&#8221; arrows_design=&#8221;vc_arrow-icon-arrow_07_left&#8221; arrows_position=&#8221;outside&#8221; arrows_color=&#8221;sky&#8221; paging_color=&#8221;sky&#8221; item=&#8221;184&#8243; initial_loading_animation=&#8221;none&#8221; grid_id=&#8221;vc_gid:1754608289152-41e6556179bbd96cce63d0b0da553b08-5&#8243; taxonomies=&#8221;34&#8243; exclude=&#8221;521&#8243;][\/vc_column][\/vc_row][vc_row css=&#8221;.vc_custom_1618924590357{margin-top: 35px !important;}&#8221; el_id=&#8221;veja-tambem-2&#8243;][vc_column offset=&#8221;vc_hidden-lg vc_hidden-md vc_hidden-sm&#8221;][vc_column_text]<\/p>\n<h3 class=\"info-page-title\">VEJA TAMB\u00c9M<\/h3>\n<p>[\/vc_column_text][vc_basic_grid post_type=&#8221;page&#8221; max_items=&#8221;-1&#8243; style=&#8221;pagination&#8221; items_per_page=&#8221;1&#8243; element_width=&#8221;12&#8243; gap=&#8221;20&#8243; orderby=&#8221;menu_order&#8221; order=&#8221;ASC&#8221; arrows_design=&#8221;vc_arrow-icon-arrow_07_left&#8221; arrows_position=&#8221;outside&#8221; arrows_color=&#8221;sky&#8221; paging_color=&#8221;sky&#8221; item=&#8221;184&#8243; initial_loading_animation=&#8221;none&#8221; grid_id=&#8221;vc_gid:1754608289192-22842f6c978b8ac2d430093d17010590-0&#8243; taxonomies=&#8221;34&#8243; exclude=&#8221;521&#8243;][\/vc_column][\/vc_row]<\/p>\n<\/div>","protected":false},"excerpt":{"rendered":"<p>[vc_row][vc_column][vc_row_inner][vc_column_inner][vc_raw_html css=&#8221;&#8221;]JTNDZGl2JTIwY2xhc3MlM0QlMjJlYXN5em9vbSUyMGVhc3l6b29tLS13aXRoLXRodW1ibmFpbHMlMjIlM0UlMEElMjAlMjAlMjAlM0NhJTIwaHJlZiUzRCUyMmh0dHBzJTNBJTJGJTJGYWF0YXVkaW8uY29tLmJyJTJGd3AtY29udGVudCUyRnVwbG9hZHMlMkZBQVQtUkFLVC1CU0YtMTAwLVBSRVRBLTFfLTEuanBnJTIyJTIwY2xhc3MlM0QlMjJ6b29tLW1hc3RlciUyMiUzRSUwQSUyMCUyMCUyMCUzQ2ltZyUyMHNyYyUzRCUyMmh0dHBzJTNBJTJGJTJGYWF0YXVkaW8uY29tLmJyJTJGd3AtY29udGVudCUyRnVwbG9hZHMlMkZBQVQtUkFLVC1CU0YtMTAwLVBSRVRBLTFfLTEuanBnJTIyJTIwYWx0JTNEJTIyYWMtMSUyMiUzRSUwQSUyMCUyMCUyMCUzQyUyRmElM0UlMEElMjAlMjAlMjAlM0NkaXYlMjBjbGFzcyUzRCUyMmVhc3l6b29tLWZseW91dCUyMiUzRSUzQyUyRmRpdiUzRSUwQSUzQyUyRmRpdiUzRSUwQSUzQ3VsJTIwY2xhc3MlM0QlMjJ0aHVtYm5haWxzJTIyJTNFJTBBJTIwJTIwJTIwJTNDbGklM0UlMEElMjAlMjAlMjAlMjAlMjAlMjAlM0NhJTIwaHJlZiUzRCUyMmh0dHBzJTNBJTJGJTJGYWF0YXVkaW8uY29tLmJyJTJGd3AtY29udGVudCUyRnVwbG9hZHMlMkZBQVQtUkFLVC1CU0YtMTAwLVBSRVRBLTFfLTEuanBnJTIyJTIwZGF0YS1zdGFuZGFyZCUzRCUyMmh0dHBzJTNBJTJGJTJGYWF0YXVkaW8uY29tLmJyJTJGd3AtY29udGVudCUyRnVwbG9hZHMlMkZBQVQtUkFLVC1CU0YtMTAwLVBSRVRBLTFfLTEuanBnJTIyJTNFJTBBJTIwJTIwJTIwJTIwJTIwJTIwJTNDaW1nJTIwc3JjJTNEJTIyaHR0cHMlM0ElMkYlMkZhYXRhdWRpby5jb20uYnIlMkZ3cC1jb250ZW50JTJGdXBsb2FkcyUyRkFBVC1SQUtULUJTRi0xMDAtUFJFVEEtMV8tMS5qcGclMjIlMjBhbHQlM0QlMjJic2YtMTAwLXJha3QtcHQlMjIlM0UlMEElMjAlMjAlMjAlMjAlMjAlMjAlM0MlMkZhJTNFJTBBJTIwJTIwJTIwJTNDJTJGbGklM0UlMEElMjAlMjAlMjAlM0NsaSUzRSUwQSUyMCUyMCUyMCUyMCUyMCUyMCUzQ2ElMjBocmVmJTNEJTIyaHR0cHMlM0ElMkYlMkZhYXRhdWRpby5jb20uYnIlMkZ3cC1jb250ZW50JTJGdXBsb2FkcyUyRkFBVC1SQUtULUJTRi0xMDAtUFJFVEEtMl8tMS5qcGclMjIlMjBkYXRhLXN0YW5kYXJkJTNEJTIyaHR0cHMlM0ElMkYlMkZhYXRhdWRpby5jb20uYnIlMkZ3cC1jb250ZW50JTJGdXBsb2FkcyUyRkFBVC1SQUtULUJTRi0xMDAtUFJFVEEtMl8tMS5qcGclMjIlM0UlMEElMjAlMjAlMjAlMjAlMjAlMjAlM0NpbWclMjBzcmMlM0QlMjJodHRwcyUzQSUyRiUyRmFhdGF1ZGlvLmNvbS5iciUyRndwLWNvbnRlbnQlMkZ1cGxvYWRzJTJGQUFULVJBS1QtQlNGLTEwMC1QUkVUQS0yXy0xLmpwZyUyMiUyMGFsdCUzRCUyMmJzZi0xMDAtcmFrdC1wdC0yJTIyJTNFJTBBJTIwJTIwJTIwJTIwJTIwJTIwJTNDJTJGYSUzRSUwQSUyMCUyMCUyMCUzQyUyRmxpJTNFJTBBJTBBJTIwJTIwJTIwJTNDbGklM0UlMEElMjAlMjAlMjAlMjAlMjAlMjAlM0NhJTIwaHJlZiUzRCUyMmh0dHBzJTNBJTJGJTJGYWF0YXVkaW8uY29tLmJyJTJGd3AtY29udGVudCUyRnVwbG9hZHMlMkZBQVQtUkFLVC1CU0YtMTAwLVBSRVRBLTRfLTEuanBnJTIyJTIwZGF0YS1zdGFuZGFyZCUzRCUyMmh0dHBzJTNBJTJGJTJGYWF0YXVkaW8uY29tLmJyJTJGd3AtY29udGVudCUyRnVwbG9hZHMlMkZBQVQtUkFLVC1CU0YtMTAwLVBSRVRBLTRfLTEuanBnJTIyJTNFJTBBJTIwJTIwJTIwJTIwJTIwJTIwJTNDaW1nJTIwc3JjJTNEJTIyaHR0cHMlM0ElMkYlMkZhYXRhdWRpby5jb20uYnIlMkZ3cC1jb250ZW50JTJGdXBsb2FkcyUyRkFBVC1SQUtULUJTRi0xMDAtUFJFVEEtNF8tMS5qcGclMjIlMjBhbHQlM0QlMjJic2YtMTAwLXJha3QtYnIlMjIlM0UlMEElMjAlMjAlMjAlMjAlMjAlMjAlM0MlMkZhJTNFJTBBJTIwJTIwJTIwJTNDJTJGbGklM0UlMEElMEElMjAlMjAlMjAlM0NsaSUzRSUwQSUyMCUyMCUyMCUyMCUyMCUyMCUzQ2ElMjBocmVmJTNEJTIyaHR0cHMlM0ElMkYlMkZhYXRhdWRpby5jb20uYnIlMkZ3cC1jb250ZW50JTJGdXBsb2FkcyUyRkFBVC1SQUtULUJTRi0xMDAtUFJFVEEtM18tMS5qcGclMjIlMjBkYXRhLXN0YW5kYXJkJTNEJTIyaHR0cHMlM0ElMkYlMkZhYXRhdWRpby5jb20uYnIlMkZ3cC1jb250ZW50JTJGdXBsb2FkcyUyRkFBVC1SQUtULUJTRi0xMDAtUFJFVEEtM18tMS5qcGclMjIlM0UlMEElMjAlMjAlMjAlMjAlMjAlMjAlM0NpbWclMjBzcmMlM0QlMjJodHRwcyUzQSUyRiUyRmFhdGF1ZGlvLmNvbS5iciUyRndwLWNvbnRlbnQlMkZ1cGxvYWRzJTJGQUFULVJBS1QtQlNGLTEwMC1QUkVUQS0zXy0xLmpwZyUyMiUyMGFsdCUzRCUyMmJzZi0xMDAtcmFrdC1wdC0zJTIyJTNFJTBBJTIwJTIwJTIwJTIwJTIwJTIwJTNDJTJGYSUzRSUwQSUyMCUyMCUyMCUzQyUyRmxpJTNFJTBBJTBBJTIwJTIwJTIwJTNDbGklM0UlMEElMjAlMjAlMjAlMjAlMjAlMjAlM0NhJTIwaHJlZiUzRCUyMmh0dHBzJTNBJTJGJTJGYWF0YXVkaW8uY29tLmJyJTJGd3AtY29udGVudCUyRnVwbG9hZHMlMkZBQVQtUkFLVC1CU0YtMTAwLVBSRVRBLTVfLmpwZyUyMiUyMGRhdGEtc3RhbmRhcmQlM0QlMjJodHRwcyUzQSUyRiUyRmFhdGF1ZGlvLmNvbS5iciUyRndwLWNvbnRlbnQlMkZ1cGxvYWRzJTJGQUFULVJBS1QtQlNGLTEwMC1QUkVUQS01Xy5qcGclMjIlM0UlMEElMjAlMjAlMjAlMjAlMjAlMjAlM0NpbWclMjBzcmMlM0QlMjJodHRwcyUzQSUyRiUyRmFhdGF1ZGlvLmNvbS5iciUyRndwLWNvbnRlbnQlMkZ1cGxvYWRzJTJGQUFULVJBS1QtQlNGLTEwMC1QUkVUQS01Xy5qcGclMjIlMjBhbHQlM0QlMjJic2YtMTAwLXJha3QtYnIlMjIlM0UlMEElMjAlMjAlMjAlMjAlMjAlMjAlM0MlMkZhJTNFJTBBJTIwJTIwJTIwJTNDJTJGbGklM0UlMEElMEElM0NsaSUzRSUwQSUyMCUyMCUyMCUyMCUyMCUyMCUzQ2ElMjBocmVmJTNEJTIyaHR0cHMlM0ElMkYlMkZhYXRhdWRpby5jb20uYnIlMkZ3cC1jb250ZW50JTJGdXBsb2FkcyUyRkFBVF9CU0YxMDBfRzMuanBnJTIyJTIwZGF0YS1zdGFuZGFyZCUzRCUyMmh0dHBzJTNBJTJGJTJGYWF0YXVkaW8uY29tLmJyJTJGd3AtY29udGVudCUyRnVwbG9hZHMlMkZBQVRfQlNGMTAwX0czLmpwZyUyMiUzRSUwQSUyMCUyMCUyMCUyMCUyMCUyMCUzQ2ltZyUyMHNyYyUzRCUyMmh0dHBzJTNBJTJGJTJGYWF0YXVkaW8uY29tLmJyJTJGd3AtY29udGVudCUyRnVwbG9hZHMlMkZBQVRfQlNGMTAwX0czLmpwZyUyMiUyMGFsdCUzRCUyMmJzZi0xMDAtcmFrdC1ici0zJTIyJTNFJTBBJTIwJTIwJTIwJTIwJTIwJTIwJTNDJTJGYSUzRSUwQSUyMCUyMCUyMCUzQyUyRmxpJTNFJTBBJTBBJTNDbGklM0UlMEElMjAlMjAlMjAlMjAlMjAlMjAlM0NhJTIwaHJlZiUzRCUyMmh0dHBzJTNBJTJGJTJGYWF0YXVkaW8uY29tLmJyJTJGd3AtY29udGVudCUyRnVwbG9hZHMlMkZBQVRfQlNGXzEwMF8wOC5qcGclMjIlMjBkYXRhLXN0YW5kYXJkJTNEJTIyaHR0cHMlM0ElMkYlMkZhYXRhdWRpby5jb20uYnIlMkZ3cC1jb250ZW50JTJGdXBsb2FkcyUyRkFBVF9CU0ZfMTAwXzA4LmpwZyUyMiUzRSUwQSUyMCUyMCUyMCUyMCUyMCUyMCUzQ2ltZyUyMHNyYyUzRCUyMmh0dHBzJTNBJTJGJTJGYWF0YXVkaW8uY29tLmJyJTJGd3AtY29udGVudCUyRnVwbG9hZHMlMkZBQVRfQlNGXzEwMF8wOC5qcGclMjIlMjBhbHQlM0QlMjJic2YtMTAwLXJha3QtYnItMyUyMiUzRSUwQSUyMCUyMCUyMCUyMCUyMCUyMCUzQyUyRmElM0UlMEElMjAlMjAlMjAlM0MlMkZsaSUzRSUwQSUwQSUwQSUwQSUzQ2xpJTNFJTBBJTIwJTIwJTIwJTIwJTIwJTIwJTNDYSUyMGhyZWYlM0QlMjJodHRwcyUzQSUyRiUyRmFhdGF1ZGlvLmNvbS5iciUyRndwLWNvbnRlbnQlMkZ1cGxvYWRzJTJGQUFULVJBS1QtQlNGLTEwMC1CUkFOQ0EtNF8tMS5qcGclMjIlMjBkYXRhLXN0YW5kYXJkJTNEJTIyaHR0cHMlM0ElMkYlMkZhYXRhdWRpby5jb20uYnIlMkZ3cC1jb250ZW50JTJGdXBsb2FkcyUyRkFBVC1SQUtULUJTRi0xMDAtQlJBTkNBLTRfLTEuanBnJTIyJTNFJTBBJTIwJTIwJTIwJTIwJTIwJTIwJTNDaW1nJTIwc3JjJTNEJTIyaHR0cHMlM0ElMkYlMkZhYXRhdWRpby5jb20uYnIlMkZ3cC1jb250ZW50JTJGdXBsb2FkcyUyRkFBVC1SQUtULUJTRi0xMDAtQlJBTkNBLTRfLTEuanBnJTIyJTIwYWx0JTNEJTIyYnNmLTEwMC1yYWt0LWJyLTMlMjIlM0UlMEElMjAlMjAlMjAlMjAlMjAlMjAlM0MlMkZhJTNFJTBBJTIwJTIwJTIwJTNDJTJGbGklM0UlMEElMEElMEElM0NsaSUzRSUwQSUyMCUyMCUyMCUyMCUyMCUyMCUzQ2ElMjBocmVmJTNEJTIyaHR0cHMlM0ElMkYlMkZhYXRhdWRpby5jb20uYnIlMkZ3cC1jb250ZW50JTJGdXBsb2FkcyUyRkFBVF9SQUtUX0JTRl8xMDAtNy0xLmpwZyUyMiUyMGRhdGEtc3RhbmRhcmQlM0QlMjJodHRwcyUzQSUyRiUyRmFhdGF1ZGlvLmNvbS5iciUyRndwLWNvbnRlbnQlMkZ1cGxvYWRzJTJGQUFUX1JBS1RfQlNGXzEwMC03LTEuanBnJTIyJTNFJTBBJTIwJTIwJTIwJTIwJTIwJTIwJTNDaW1nJTIwc3JjJTNEJTIyaHR0cHMlM0ElMkYlMkZhYXRhdWRpby5jb20uYnIlMkZ3cC1jb250ZW50JTJGdXBsb2FkcyUyRkFBVF9SQUtUX0JTRl8xMDAtNy0xLmpwZyUyMiUyMGFsdCUzRCUyMmJzZi0xMDAtcmFrdC1ici0zJTIyJTNFJTBBJTIwJTIwJTIwJTIwJTIwJTIwJTNDJTJGYSUzRSUwQSUyMCUyMCUyMCUzQyUyRmxpJTNFJTBBJTBBJTBBJTBBJTBBJTBBJTNDbGklM0UlMEElMjAlMjAlMjAlMjAlMjAlMjAlM0NhJTIwaHJlZiUzRCUyMmh0dHBzJTNBJTJGJTJGYWF0YXVkaW8uY29tLmJyJTJGd3AtY29udGVudCUyRnVwbG9hZHMlMkZBQVQtUkFLVC1CU0YtMTAwLUJSQU5DQS01Xy0xLmpwZyUyMiUyMGRhdGEtc3RhbmRhcmQlM0QlMjJodHRwcyUzQSUyRiUyRmFhdGF1ZGlvLmNvbS5iciUyRndwLWNvbnRlbnQlMkZ1cGxvYWRzJTJGQUFULVJBS1QtQlNGLTEwMC1CUkFOQ0EtNV8tMS5qcGclMjIlM0UlMEElMjAlMjAlMjAlMjAlMjAlMjAlM0NpbWclMjBzcmMlM0QlMjJodHRwcyUzQSUyRiUyRmFhdGF1ZGlvLmNvbS5iciUyRndwLWNvbnRlbnQlMkZ1cGxvYWRzJTJGQUFULVJBS1QtQlNGLTEwMC1CUkFOQ0EtNV8tMS5qcGclMjIlMjBhbHQlM0QlMjJic2YtMTAwLXJha3QtYnItMyUyMiUzRSUwQSUyMCUyMCUyMCUyMCUyMCUyMCUzQyUyRmElM0UlMEElMjAlMjAlMjAlM0MlMkZsaSUzRSUwQSUwQSUzQyUyRnVsJTNF[\/vc_raw_html][\/vc_column_inner][\/vc_row_inner][vc_row_inner][vc_column_inner width=&#8221;1\/2&#8243;][\/vc_column_inner][vc_column_inner width=&#8221;1\/2&#8243;][vc_column_text] Share via Whatsapp[\/vc_column_text][\/vc_column_inner][\/vc_row_inner][\/vc_column][\/vc_row][vc_row el_id=&#8221;tab-menu-produto&#8221;][vc_column][vc_row_inner][vc_column_inner][vc_btn title=&#8221;Descri\u00e7\u00e3o&#8221; shape=&#8221;square&#8221; link=&#8221;url:%23descricao|||rel:nofollow&#8221; el_class=&#8221;ancor-scroll&#8221;][vc_btn title=&#8221;Caracteristicas&#8221; shape=&#8221;square&#8221; link=&#8221;url:%23caracteristicas|||rel:nofollow&#8221; el_class=&#8221;ancor-scroll&#8221;][vc_btn title=&#8221;Especifica\u00e7\u00f5es&#8221; shape=&#8221;square&#8221; link=&#8221;url:%23especificacoes|||rel:nofollow&#8221; el_class=&#8221;ancor-scroll&#8221;][\/vc_column_inner][\/vc_row_inner][\/vc_column][\/vc_row][vc_row el_id=&#8221;descricao&#8221;][vc_column][vc_row_inner][vc_column_inner][vc_column_text css=&#8221;&#8221;] DESCRI\u00c7\u00c3O Dispon\u00edvel em duas vers\u00f5es com acabamento premium, a caixa ac\u00fastica AAT BSF-100 G3 atende \u00e0s mais diversas aplica\u00e7\u00f5es em pequenos e m\u00e9dios ambientes. Refinada e moderna, pode ser utilizada nos canais frontais [&hellip;]<\/p>\n","protected":false},"author":5,"featured_media":15086,"parent":505,"menu_order":3,"comment_status":"closed","ping_status":"closed","template":"page-fullwidth.php","meta":{"footnotes":""},"class_list":["post-521","page","type-page","status-publish","has-post-thumbnail","hentry","tags-caixas"],"_links":{"self":[{"href":"https:\/\/aataudio.com.br\/home\/wp-json\/wp\/v2\/pages\/521"}],"collection":[{"href":"https:\/\/aataudio.com.br\/home\/wp-json\/wp\/v2\/pages"}],"about":[{"href":"https:\/\/aataudio.com.br\/home\/wp-json\/wp\/v2\/types\/page"}],"author":[{"embeddable":true,"href":"https:\/\/aataudio.com.br\/home\/wp-json\/wp\/v2\/users\/5"}],"replies":[{"embeddable":true,"href":"https:\/\/aataudio.com.br\/home\/wp-json\/wp\/v2\/comments?post=521"}],"version-history":[{"count":37,"href":"https:\/\/aataudio.com.br\/home\/wp-json\/wp\/v2\/pages\/521\/revisions"}],"predecessor-version":[{"id":15435,"href":"https:\/\/aataudio.com.br\/home\/wp-json\/wp\/v2\/pages\/521\/revisions\/15435"}],"up":[{"embeddable":true,"href":"https:\/\/aataudio.com.br\/home\/wp-json\/wp\/v2\/pages\/505"}],"wp:featuredmedia":[{"embeddable":true,"href":"https:\/\/aataudio.com.br\/home\/wp-json\/wp\/v2\/media\/15086"}],"wp:attachment":[{"href":"https:\/\/aataudio.com.br\/home\/wp-json\/wp\/v2\/media?parent=521"}],"curies":[{"name":"wp","href":"https:\/\/api.w.org\/{rel}","templated":true}]}}