{"id":50,"date":"2018-03-16T11:16:00","date_gmt":"2018-03-16T14:16:00","guid":{"rendered":"https:\/\/aataudio.com.br\/?page_id=50"},"modified":"2023-02-17T12:30:42","modified_gmt":"2023-02-17T15:30:42","slug":"quem-somos","status":"publish","type":"page","link":"https:\/\/aataudio.com.br\/home\/quem-somos\/","title":{"rendered":"Quem somos"},"content":{"rendered":"<div class=\"wpb-content-wrapper\"><p>[vc_row][vc_column][vc_single_image image=&#8221;1410&#8243; img_size=&#8221;full&#8221; alignment=&#8221;center&#8221;][\/vc_column][\/vc_row][vc_row][vc_column][vc_empty_space][vc_column_text]Reconhecido como um dos mais importantes e influentes profissionais do segmento de \u00e1udio e v\u00eddeo residencial brasileiro, o engenheiro Jo\u00e3o Yazbek tem 30 anos de experi\u00eancia em Consumer Electronics Industry. Fundador e diretor da AAT (Advanced Audio Technologies), ele construiu sua carreira com uma s\u00f3lida forma\u00e7\u00e3o acad\u00eamica, que inclui um Master Degree em Engenharia Eletr\u00f4nica na melhor universidade do pa\u00eds, a Universidade de S\u00e3o Paulo e um MBA pela conceituada Universidade de Chicago. Entre as v\u00e1rias corpora\u00e7\u00f5es em que atuou, ganha destaque sua passagem pela Philips do Brasil, onde ficou por 15 anos. H\u00e1 um pouco mais de dez anos, montou sua pr\u00f3pria empresa e iniciou seus trabalhos na \u00e1rea de automa\u00e7\u00e3o de m\u00e1quinas industriais.<\/p>\n<p>Mas sua voca\u00e7\u00e3o na \u00e1rea de \u00e1udio falou mais alto e ele resolveu focar os neg\u00f3cios no desenvolvimento de solu\u00e7\u00f5es para home theater e som ambiente. Hoje, a AAT \u00e9 a \u00fanica marca brasileira do segmento de \u00e1udio residencial que oferece uma linha completa de caixas ac\u00fasticas para qualquer tipo de projeto. \u00c9 ainda a empresa com a maior linha de subwoofers do Brasil. Ao todo, a empresa produz mais de 70 itens, que se destacam pelo acabamento, design e desempenho excepcionais, tornando-se refer\u00eancia absoluta para consumidores, projetistas e designers de interiores.<\/p>\n<p>Os produtos da AAT podem ser encontrados em projetos residenciais de alto n\u00edvel nas mais variadas cidades brasileiras. O sucesso \u00e9 tanto que as solu\u00e7\u00f5es da empresa ganham destaque no principal anu\u00e1rio brasileiro de projetos de \u00e1udio e v\u00eddeo desde 2014.<\/p>\n<p>Al\u00e9m disso, a AAT foi finalista do Trof\u00e9u Home Theater, concedido pela revista Home Theater, principal publica\u00e7\u00e3o brasileira do setor, nas categorias Melhor Subwoofer e Melhor Caixa Ac\u00fastica de Embutir. A empresa competiu lado a lado com algumas das mais importantes marcas internacionais do setor.<\/p>\n<p>Em janeiro de 2018, pouco tempo ap\u00f3s iniciar o projeto de expans\u00e3o da marca para os EUA, a AAT comemorou mais uma importante vit\u00f3ria. O \u00fanico subwoofer na lista dos melhores produtos do ano testados pela revista Home Theater publica\u00e7\u00e3o foi o modelo New Gen AAT, de 12 polegadas.[\/vc_column_text][\/vc_column][\/vc_row]<\/p>\n<\/div>","protected":false},"excerpt":{"rendered":"<p>[vc_row][vc_column][vc_single_image image=&#8221;1410&#8243; img_size=&#8221;full&#8221; alignment=&#8221;center&#8221;][\/vc_column][\/vc_row][vc_row][vc_column][vc_empty_space][vc_column_text]Reconhecido como um dos mais importantes e influentes profissionais do segmento de \u00e1udio e v\u00eddeo residencial brasileiro, o engenheiro Jo\u00e3o Yazbek tem 30 anos de experi\u00eancia em Consumer Electronics Industry. Fundador e diretor da AAT (Advanced Audio Technologies), ele construiu sua carreira com uma s\u00f3lida forma\u00e7\u00e3o acad\u00eamica, que inclui um Master Degree [&hellip;]<\/p>\n","protected":false},"author":5,"featured_media":0,"parent":0,"menu_order":0,"comment_status":"closed","ping_status":"closed","template":"page-fullwidth.php","meta":{"footnotes":""},"class_list":["post-50","page","type-page","status-publish","hentry"],"_links":{"self":[{"href":"https:\/\/aataudio.com.br\/home\/wp-json\/wp\/v2\/pages\/50"}],"collection":[{"href":"https:\/\/aataudio.com.br\/home\/wp-json\/wp\/v2\/pages"}],"about":[{"href":"https:\/\/aataudio.com.br\/home\/wp-json\/wp\/v2\/types\/page"}],"author":[{"embeddable":true,"href":"https:\/\/aataudio.com.br\/home\/wp-json\/wp\/v2\/users\/5"}],"replies":[{"embeddable":true,"href":"https:\/\/aataudio.com.br\/home\/wp-json\/wp\/v2\/comments?post=50"}],"version-history":[{"count":8,"href":"https:\/\/aataudio.com.br\/home\/wp-json\/wp\/v2\/pages\/50\/revisions"}],"predecessor-version":[{"id":11866,"href":"https:\/\/aataudio.com.br\/home\/wp-json\/wp\/v2\/pages\/50\/revisions\/11866"}],"wp:attachment":[{"href":"https:\/\/aataudio.com.br\/home\/wp-json\/wp\/v2\/media?parent=50"}],"curies":[{"name":"wp","href":"https:\/\/api.w.org\/{rel}","templated":true}]}}