{"id":496,"date":"2025-03-09T17:19:13","date_gmt":"2025-03-09T20:19:13","guid":{"rendered":"https:\/\/aataudio.com.br\/?page_id=496"},"modified":"2026-03-12T13:59:39","modified_gmt":"2026-03-12T16:59:39","slug":"cube-invisible","status":"publish","type":"page","link":"https:\/\/aataudio.com.br\/home\/subwoofers\/cube-invisible\/","title":{"rendered":"AAT CUBE INVISIBLE"},"content":{"rendered":"<div class=\"wpb-content-wrapper\"><p>[vc_row][vc_column][vc_row_inner][vc_column_inner][vc_raw_html css=&#8221;&#8221;]JTNDZGl2JTIwY2xhc3MlM0QlMjJlYXN5em9vbSUyMGVhc3l6b29tLS13aXRoLXRodW1ibmFpbHMlMjIlM0UlMEElMjAlMjAlMjAlM0NhJTIwaHJlZiUzRCUyMmh0dHBzJTNBJTJGJTJGYWF0YXVkaW8uY29tLmJyJTJGd3AtY29udGVudCUyRnVwbG9hZHMlMkZiYW5uZXItem9vbS1pbnZpc2libGUxMC1wdC0yLmpwZyUyMiUyMGNsYXNzJTNEJTIyem9vbS1tYXN0ZXIlMjIlM0UlMEElMjAlMjAlMjAlM0NpbWclMjBzcmMlM0QlMjJodHRwcyUzQSUyRiUyRmFhdGF1ZGlvLmNvbS5iciUyRndwLWNvbnRlbnQlMkZ1cGxvYWRzJTJGYmFubmVyLXpvb20taW52aXNpYmxlMTAtcHQtMi5qcGclMjIlMjBhbHQlM0QlMjJhYy0xJTIyJTNFJTBBJTIwJTIwJTIwJTNDJTJGYSUzRSUwQSUyMCUyMCUyMCUzQ2RpdiUyMGNsYXNzJTNEJTIyZWFzeXpvb20tZmx5b3V0JTIyJTNFJTNDJTJGZGl2JTNFJTBBJTNDJTJGZGl2JTNFJTBBJTNDdWwlMjBjbGFzcyUzRCUyMnRodW1ibmFpbHMlMjIlM0UlMEElMjAlMjAlMjAlM0NsaSUzRSUwQSUyMCUyMCUyMCUyMCUyMCUyMCUzQ2ElMjBocmVmJTNEJTIyaHR0cHMlM0ElMkYlMkZhYXRhdWRpby5jb20uYnIlMkZ3cC1jb250ZW50JTJGdXBsb2FkcyUyRmJhbm5lci16b29tLWludmlzaWJsZTEwLXB0LTIuanBnJTIyJTIwZGF0YS1zdGFuZGFyZCUzRCUyMmh0dHBzJTNBJTJGJTJGYWF0YXVkaW8uY29tLmJyJTJGd3AtY29udGVudCUyRnVwbG9hZHMlMkZiYW5uZXItem9vbS1pbnZpc2libGUxMC1wdC0yLmpwZyUyMiUzRSUwQSUyMCUyMCUyMCUyMCUyMCUyMCUzQ2ltZyUyMHNyYyUzRCUyMmh0dHBzJTNBJTJGJTJGYWF0YXVkaW8uY29tLmJyJTJGd3AtY29udGVudCUyRnVwbG9hZHMlMkZiYW5uZXItem9vbS1pbnZpc2libGUxMC1wdC0yLmpwZyUyMiUyMGFsdCUzRCUyMmFjLTElMjIlM0UlMEElMjAlMjAlMjAlMjAlMjAlMjAlM0MlMkZhJTNFJTBBJTIwJTIwJTIwJTNDJTJGbGklM0UlMEElMjAlMjAlMjAlM0NsaSUzRSUwQSUyMCUyMCUyMCUyMCUyMCUyMCUzQ2ElMjBocmVmJTNEJTIyaHR0cHMlM0ElMkYlMkZhYXRhdWRpby5jb20uYnIlMkZ3cC1jb250ZW50JTJGdXBsb2FkcyUyRmJhbm5lci16b29tLWludmlzaWJsZTEwLXB0LTQuanBnJTIyJTIwZGF0YS1zdGFuZGFyZCUzRCUyMmh0dHBzJTNBJTJGJTJGYWF0YXVkaW8uY29tLmJyJTJGd3AtY29udGVudCUyRnVwbG9hZHMlMkZiYW5uZXItem9vbS1pbnZpc2libGUxMC1wdC00LmpwZyUyMiUzRSUwQSUyMCUyMCUyMCUyMCUyMCUyMCUzQ2ltZyUyMHNyYyUzRCUyMmh0dHBzJTNBJTJGJTJGYWF0YXVkaW8uY29tLmJyJTJGd3AtY29udGVudCUyRnVwbG9hZHMlMkZiYW5uZXItem9vbS1pbnZpc2libGUxMC1wdC00LmpwZyUyMiUyMGFsdCUzRCUyMmFjLTIlMjIlM0UlMEElMjAlMjAlMjAlMjAlMjAlMjAlM0MlMkZhJTNFJTBBJTIwJTIwJTIwJTNDJTJGbGklM0UlMEElMjAlMjAlMjAlM0NsaSUzRSUwQSUyMCUyMCUyMCUyMCUyMCUyMCUzQ2ElMjBocmVmJTNEJTIyaHR0cHMlM0ElMkYlMkZhYXRhdWRpby5jb20uYnIlMkZ3cC1jb250ZW50JTJGdXBsb2FkcyUyRmJhbm5lci16b29tLWludmlzaWJsZTEwLXB0LmpwZyUyMiUyMGRhdGEtc3RhbmRhcmQlM0QlMjJodHRwcyUzQSUyRiUyRmFhdGF1ZGlvLmNvbS5iciUyRndwLWNvbnRlbnQlMkZ1cGxvYWRzJTJGYmFubmVyLXpvb20taW52aXNpYmxlMTAtcHQuanBnJTIyJTNFJTBBJTIwJTIwJTIwJTIwJTIwJTIwJTNDaW1nJTIwc3JjJTNEJTIyaHR0cHMlM0ElMkYlMkZhYXRhdWRpby5jb20uYnIlMkZ3cC1jb250ZW50JTJGdXBsb2FkcyUyRmJhbm5lci16b29tLWludmlzaWJsZTEwLXB0LmpwZyUyMiUyMGFsdCUzRCUyMmFjLTMlMjIlM0UlMEElMjAlMjAlMjAlMjAlMjAlMjAlM0MlMkZhJTNFJTBBJTIwJTIwJTIwJTNDJTJGbGklM0UlMEElMjAlMjAlMjAlM0NsaSUzRSUwQSUyMCUyMCUyMCUyMCUyMCUyMCUzQ2ElMjBocmVmJTNEJTIyaHR0cHMlM0ElMkYlMkZhYXRhdWRpby5jb20uYnIlMkZ3cC1jb250ZW50JTJGdXBsb2FkcyUyRmJhbm5lci16b29tLWludmlzaWJsZTEwLXB0LTMuanBnJTIyJTIwZGF0YS1zdGFuZGFyZCUzRCUyMmh0dHBzJTNBJTJGJTJGYWF0YXVkaW8uY29tLmJyJTJGd3AtY29udGVudCUyRnVwbG9hZHMlMkZiYW5uZXItem9vbS1pbnZpc2libGUxMC1wdC0zLmpwZyUyMiUzRSUwQSUyMCUyMCUyMCUyMCUyMCUyMCUzQ2ltZyUyMHNyYyUzRCUyMmh0dHBzJTNBJTJGJTJGYWF0YXVkaW8uY29tLmJyJTJGd3AtY29udGVudCUyRnVwbG9hZHMlMkZiYW5uZXItem9vbS1pbnZpc2libGUxMC1wdC0zLmpwZyUyMiUyMGFsdCUzRCUyMmFjLTMlMjIlM0UlMEElMjAlMjAlMjAlMjAlMjAlMjAlM0MlMkZhJTNFJTBBJTIwJTIwJTIwJTNDJTJGbGklM0UlMEElMjAlMjAlMjAlM0NsaSUzRSUwQSUyMCUyMCUyMCUyMCUyMCUyMCUzQ2ElMjBocmVmJTNEJTIyaHR0cHMlM0ElMkYlMkZhYXRhdWRpby5jb20uYnIlMkZ3cC1jb250ZW50JTJGdXBsb2FkcyUyRmN1YmUtaW52aXNpYmxlLWFtYmllbnRhZG9fNC5qcGclMjIlMjBkYXRhLXN0YW5kYXJkJTNEJTIyaHR0cHMlM0ElMkYlMkZhYXRhdWRpby5jb20uYnIlMkZ3cC1jb250ZW50JTJGdXBsb2FkcyUyRmN1YmUtaW52aXNpYmxlLWFtYmllbnRhZG9fNC5qcGclMjIlM0UlMEElMjAlMjAlMjAlMjAlMjAlMjAlM0NpbWclMjBzcmMlM0QlMjJodHRwcyUzQSUyRiUyRmFhdGF1ZGlvLmNvbS5iciUyRndwLWNvbnRlbnQlMkZ1cGxvYWRzJTJGY3ViZS1pbnZpc2libGUtYW1iaWVudGFkb180LmpwZyUyMiUyMGFsdCUzRCUyMmFjLTMlMjIlM0UlMEElMjAlMjAlMjAlMjAlMjAlMjAlM0MlMkZhJTNFJTBBJTIwJTIwJTIwJTNDJTJGbGklM0UlMEElM0MlMkZ1bCUzRQ==[\/vc_raw_html][\/vc_column_inner][\/vc_row_inner][vc_row_inner][vc_column_inner width=&#8221;1\/2&#8243;][\/vc_column_inner][vc_column_inner width=&#8221;1\/2&#8243;][vc_column_text]<aside class=\"mashsb-container mashsb-main mashsb-stretched\"><div class=\"mashsb-box\"><div class=\"mashsb-buttons\"><a class=\"mashicon-facebook mash-small mash-center mashsb-noshadow mashsb-pure-icons\" href=\"https:\/\/www.facebook.com\/sharer.php?u=https%3A%2F%2Faataudio.com.br%2Fhome%2Fsubwoofers%2Fcube-invisible%2F\" target=\"_top\" rel=\"nofollow\"><span class=\"icon\"><\/span><span class=\"text\"><\/span><\/a><a class=\"mashicon-twitter mash-small mash-center mashsb-noshadow mashsb-pure-icons\" href=\"https:\/\/twitter.com\/intent\/tweet?text=&amp;url=https:\/\/aataudio.com.br\/home\/subwoofers\/cube-invisible\/\" target=\"_top\" rel=\"nofollow\"><span class=\"icon\"><\/span><span class=\"text\"><\/span><\/a><a class=\"mashicon-whatsapp mash-small mash-center mashsb-noshadow mashsb-pure-icons\" href=\"\" target=\"_top\" rel=\"nofollow\"><span class=\"icon\"><\/span><span class=\"text\"><\/span><\/a><div class=\"onoffswitch2 mash-small mashsb-noshadow\" style=\"display:none\"><\/div><\/div><\/div>\n                    <div style=\"clear:both\"><\/div><div class=\"mashsb-toggle-container\"><\/div><\/aside>\n            <!-- Share buttons made by mashshare.net - Version: 4.0.47--><br \/>\n<a style=\"display: none;\" href=\"whatsapp:\/\/send?text=The text to share!\" data-action=\"share\/whatsapp\/share\">Share via Whatsapp<\/a>[\/vc_column_text][\/vc_column_inner][\/vc_row_inner][\/vc_column][\/vc_row][vc_row el_id=&#8221;tab-menu-produto&#8221;][vc_column][vc_row_inner][vc_column_inner][vc_btn title=&#8221;Descri\u00e7\u00e3o&#8221; shape=&#8221;square&#8221; link=&#8221;url:%23descricao|||rel:nofollow&#8221; el_class=&#8221;ancor-scroll&#8221;][vc_btn title=&#8221;Caracteristicas&#8221; shape=&#8221;square&#8221; link=&#8221;url:%23caracteristicas|||rel:nofollow&#8221; el_class=&#8221;ancor-scroll&#8221;][vc_btn title=&#8221;Especifica\u00e7\u00f5es&#8221; shape=&#8221;square&#8221; link=&#8221;url:%23especificacoes|||rel:nofollow&#8221; el_class=&#8221;ancor-scroll&#8221;][\/vc_column_inner][\/vc_row_inner][\/vc_column][\/vc_row][vc_row el_id=&#8221;descricao&#8221;][vc_column][vc_row_inner][vc_column_inner][vc_column_text]<\/p>\n<h3 class=\"info-page-title\"><strong>DESCRI\u00c7\u00c3O<\/strong><\/h3>\n<p>Quer montar um sistema de home theater que n\u00e3o comprometa o visual do ambiente? Pensando em quem gosta de deixar a tecnologia oculta, mas n\u00e3o abre m\u00e3o da mais alta performance na reprodu\u00e7\u00e3o dos sons graves, a AAT desenvolveu a linha de subwoofers CUBE INVISIBLE. Companheiros ideais das caixas de embutir no quesito eleg\u00e2ncia com total discri\u00e7\u00e3o, esses produtos apresentam um conceito in\u00e9dito e inovador tanto no mercado brasileiro quanto internacional. Diferente de todos os outros subwoofers, os dois modelos dessa linha foram projetados para ficar dentro de um m\u00f3vel sob medida com fundo falso, que permita fix\u00e1-los \u00e0 alvenaria. Essa \u00e9 a solu\u00e7\u00e3o ideal para que os graves n\u00e3o fa\u00e7am vibrar a estrutura do m\u00f3vel.[\/vc_column_text][\/vc_column_inner][\/vc_row_inner][\/vc_column][\/vc_row][vc_row el_id=&#8221;caracteristicas&#8221;][vc_column offset=&#8221;vc_col-sm-offset-0&#8243;][vc_row_inner][vc_column_inner][vc_column_text]<\/p>\n<h3 class=\"info-page-title\"><strong>CARACTER\u00cdSTICAS<\/strong><\/h3>\n<p>Solu\u00e7\u00e3o perfeita para arquitetos e designers de interiores que n\u00e3o gostam de deixar a tecnologia aparente, os subwoofers ativos da linha CUBE INVISIBLE trazem alto-falante de 8\u201d ou 10\u201d. Capazes de reproduzir sons graves com precis\u00e3o a partir de 30Hz ou 25Hz, os produtos apresentam constru\u00e7\u00e3o downfiring (com woofer voltado para o piso) e 400W ou 500W RMS de pot\u00eancia m\u00e1xima. Gra\u00e7as a uma pr\u00e1tica tecnologia para fixa\u00e7\u00e3o direta na alvenaria, esses modelos n\u00e3o oferecem riscos de riscos de vibra\u00e7\u00e3o no m\u00f3vel, quando seguidas as orienta\u00e7\u00f5es de instala\u00e7\u00e3o.<\/p>\n<p>Al\u00e9m da pr\u00e1tica fun\u00e7\u00e3o que liga e desliga os subwoofers com o sinal musical, a linha oferece a tecnologia APMS (Advanced Protection Management System). Exclusiva da AAT, garante prote\u00e7\u00e3o total contra curto-circuitos, sobrecargas, excesso de calor e liga\u00e7\u00f5es indevidas. Na parte de conex\u00f5es, est\u00e3o presentes entradas RCA (L\/R\/LFE, para uso com receiver que traga essa fun\u00e7\u00e3o) e Speaker Level (L e R).<\/p>\n<div id=\"apms\" class=\"icon\"><\/div>\n<p>[\/vc_column_text][vc_raw_html css=&#8221;&#8221;]JTNDaDMlMjBjbGFzcyUzRCUyMmluZm8tcGFnZS10aXRsZSUyMiUzRVJFQUxJREFERSUyMEFVTUVOVEFEQSUzQyUyRmgzJTNFJTBBRXNjYW5laWUlMjBvJTIwUVIlMjBDb2RlJTIwY29tJTIwYSUyMGMlQzMlQTJtZXJhJTIwZG8lMjBzZXUlMjBjZWx1bGFyJTIwZSUyMHZlamElMjBvJTIwcHJvZHV0byUyMGVtJTIwM0QlMjBpbnNlcmlkbyUyMGVtJTIwdGFtYW5obyUyMHJlYWwlMjBubyUyMHNldSUyMGFtYmllbnRlLg==[\/vc_raw_html][\/vc_column_inner][\/vc_row_inner][vc_raw_html css=&#8221;&#8221;]JTNDJTIxZG9jdHlwZSUyMGh0bWwlM0UlMEElM0NodG1sJTIwbGFuZyUzRCUyMmVuJTIyJTNFJTBBJTIwJTIwJTNDaGVhZCUzRSUwQSUyMCUyMCUyMCUyMCUzQ3RpdGxlJTNFJTI2bHQlM0Jtb2RlbC12aWV3ZXIlMjZndCUzQiUyMHRlbXBsYXRlJTNDJTJGdGl0bGUlM0UlMEElMjAlMjAlMjAlMjAlM0NtZXRhJTIwY2hhcnNldCUzRCUyMnV0Zi04JTIyJTNFJTBBJTIwJTIwJTIwJTIwJTNDbWV0YSUyMG5hbWUlM0QlMjJkZXNjcmlwdGlvbiUyMiUyMGNvbnRlbnQlM0QlMjIlMjZsdCUzQm1vZGVsLXZpZXdlciUyNmd0JTNCJTIwdGVtcGxhdGUlMjIlM0UlMEElMjAlMjAlMjAlMjAlM0NtZXRhJTIwbmFtZSUzRCUyMnZpZXdwb3J0JTIyJTIwY29udGVudCUzRCUyMndpZHRoJTNEZGV2aWNlLXdpZHRoJTJDJTIwaW5pdGlhbC1zY2FsZSUzRDElMjIlM0UlMEElMjAlMjAlM0NzdHlsZSUzRSUyMCUyRiUyQSUyMEVzdGlsbyUyMHBhZHIlQzMlQTNvJTIwcGFyYSUyMGRlc2t0b3AlMjAlMkElMkYlMjBtb2RlbC12aWV3ZXIlMjAlN0IlMjB3aWR0aCUzQSUyMDgwMHB4JTNCJTIwaGVpZ2h0JTNBJTIwNjAwcHglM0IlMjAlN0QlMjAlMkYlMkElMjBBanVzdGUlMjBwYXJhJTIwdGVsYXMlMjBtZW5vcmVzJTIwJTI4bW9iaWxlJTI5JTIwJTJBJTJGJTIwJTQwbWVkaWElMjAlMjhtYXgtd2lkdGglM0ElMjA3NjhweCUyOSUyMCU3QiUyMG1vZGVsLXZpZXdlciUyMCU3QiUyMHdpZHRoJTNBJTIwMTAwJTI1JTNCJTIwJTJGJTJBJTIwb2N1cGElMjB0b2RhJTIwYSUyMGxhcmd1cmElMjBkaXNwb24lQzMlQUR2ZWwlMjAlMkElMkYlMjBoZWlnaHQlM0ElMjAzMDBweCUzQiUyMCUyRiUyQSUyMGFsdHVyYSUyMHJlZHV6aWRhJTIwJTJBJTJGJTIwJTdEJTIwJTdEJTIwJTBBJTBBJTIzYXItYnV0dG9uJTIwJTdCJTIwYmFja2dyb3VuZC1jb2xvciUzQSUyMHdoaXRlJTNCJTIwYm9yZGVyLXJhZGl1cyUzQSUyMDRweCUzQiUyMGJvcmRlciUzQSUyMG5vbmUlM0IlMjBwb3NpdGlvbiUzQSUyMGFic29sdXRlJTNCJTIwYm90dG9tJTNBJTIwMzBweCUzQiUzQiUyMHJpZ2h0JTNBJTIwMTZweCUzQiUyMHBhZGRpbmclM0ElMjAxMHB4JTNCJTIwJTdEJTBBJTBBJTIzYXItcHJvbXB0JTIwJTdCJTIwYmFja2dyb3VuZC1jb2xvciUzQSUyMHdoaXRlJTNCJTIwYm9yZGVyLXJhZGl1cyUzQSUyMDRweCUzQiUyMGJvcmRlciUzQSUyMG5vbmUlM0IlMjBwb3NpdGlvbiUzQSUyMGFic29sdXRlJTNCJTIwYm90dG9tJTNBJTIwMzBweCUzQiUzQiUyMGxlZnQlM0ElMjAxNnB4JTNCJTIwcGFkZGluZyUzQSUyMDEwcHglM0IlMjAlN0QlMEElMEElMjNsb2dvMSUyMCU3QiUwQSUyMCUyMCUyMCUyMCUyMCUyMHBvc2l0aW9uJTNBJTIwZml4ZWQlM0IlMjAlMjAlMjAlMkYlMkElMjBmaXhhJTIwYSUyMGltYWdlbSUyMG5hJTIwdGVsYSUyMCUyQSUyRiUwQSUyMCUyMCUyMCUyMCUyMCUyMHRvcCUzQSUyMDAlM0IlMjAlMjAlMjAlMjAlMjAlMjAlMjAlMjAlMjAlMjAlMjAlMjAlMkYlMkElMjBkaXN0JUMzJUEybmNpYSUyMGRvJTIwdG9wbyUyMCUyQSUyRiUwQSUyMCUyMCUyMCUyMCUyMCUyMGxlZnQlM0ElMjAwJTNCJTIwJTIwJTIwJTIwJTIwJTIwJTIwJTIwJTIwJTIwJTIwJTJGJTJBJTIwZGlzdCVDMyVBMm5jaWElMjBkYSUyMGVzcXVlcmRhJTIwJTJBJTJGJTBBJTIwJTIwJTIwJTIwJTIwJTIwd2lkdGglM0ElMjAxNjBweCUzQiUyMCUyMCUyMCUyMCUyMCUyMCUyRiUyQSUyMGFqdXN0ZSUyMG8lMjB0YW1hbmhvJTIwY29uZm9ybWUlMjBuZWNlc3MlQzMlQTFyaW8lMjAlMkElMkYlMEElMjAlMjAlMjAlMjAlMjAlMjBoZWlnaHQlM0ElMjBhdXRvJTNCJTIwJTIwJTIwJTIwJTIwJTIwJTJGJTJBJTIwbWFudCVDMyVBOW0lMjBhJTIwcHJvcG9yJUMzJUE3JUMzJUEzbyUyMCUyQSUyRiUwQSUyMCUyMCUyMCUyMCUyMCUyMHotaW5kZXglM0ElMjA5OTk5JTNCJTIwJTIwJTIwJTIwJTIwJTJGJTJBJTIwZ2FyYW50ZSUyMHF1ZSUyMGZpcXVlJTIwYWNpbWElMjBkb3MlMjBvdXRyb3MlMjBlbGVtZW50b3MlMjAlMkElMkYlMEElMjAlMjAlMjAlMjAlMjAlMjBkaXNwbGF5JTNBJTIwbm9uZSUzQiUwQSU0MG1lZGlhJTIwJTI4bWluLXdpZHRoJTNBJTIwMTAyNHB4JTI5JTIwJTdCJTBBJTIwJTIwJTIwJTIwZGlzcGxheSUzQSUyMGJsb2NrJTNCJTBBJTIwJTIwJTdEJTBBJTdEJTBBJTBBJTBBJTBBJTNDJTJGc3R5bGUlM0UlMEElMjAlMjAlM0MlMkZoZWFkJTNFJTBBJTIwJTIwJTIwJTIwJTNDYm9keSUzRSUwQSUyMCUyMCUyMCUzQ2RpdiUyMGFsaWduJTNEJTIyY2VudGVyJTIyJTNFJTIwJTNDJTIxLS0lMjAlM0Ntb2RlbC12aWV3ZXIlM0UlMjBIVE1MJTIwZWxlbWVudCUyMC0tJTNFJTBBJTIwJTIwJTIwJTIwJTIwJTIwJTIwJTNDbW9kZWwtdmlld2VyJTIwc3JjJTNEJTIyaHR0cHMlM0ElMkYlMkZhYXRhdWRpby5jb20uYnIlMkZtb2RlbHZpZXdlciUyRnN1Yl9pbnZpc2libGVfOCUyRlNVQl9JTlZJU0lCTEVfOF9PVE0uZ2xiJTIyJTIwYXIlMjBhci1tb2RlcyUzRCUyMndlYnhyJTIwc2NlbmUtdmlld2VyJTIwcXVpY2stbG9vayUyMiUyMGNhbWVyYS1jb250cm9scyUyMHRvbmUtbWFwcGluZyUzRCUyMm5ldXRyYWwlMjIlMjBwb3N0ZXIlM0QlMjJodHRwcyUzQSUyRiUyRmFhdGF1ZGlvLmNvbS5iciUyRm1vZGVsdmlld2VyJTJGc3ViX2ludmlzaWJsZV84JTJGcG9zdGVyLndlYnAlMjIlMjBzaGFkb3ctaW50ZW5zaXR5JTNEJTIyMSUyMiUyMGVudmlyb25tZW50LWltYWdlJTNEJTIyaHR0cHMlM0ElMkYlMkZhYXRhdWRpby5jb20uYnIlMkZtb2RlbHZpZXdlciUyRnN1Yl9pbnZpc2libGVfOCUyRkhEUklfTU9ERUxfVklFV0VSX1BBRFJBTy5wbmclMjIlMjBleHBvc3VyZSUzRCUyMjIlMjIlM0UlMEElMjAlMjAlMjAlMjAlMjAlMjAlM0NkaXYlMjBjbGFzcyUzRCUyMnByb2dyZXNzLWJhciUyMGhpZGUlMjIlMjBzbG90JTNEJTIycHJvZ3Jlc3MtYmFyJTIyJTNFJTBBJTIwJTIwJTIwJTIwJTIwJTIwJTIwJTIwJTIwJTIwJTNDZGl2JTIwY2xhc3MlM0QlMjJ1cGRhdGUtYmFyJTIyJTNFJTNDJTJGZGl2JTNFJTBBJTIwJTIwJTIwJTIwJTIwJTIwJTNDJTJGZGl2JTNFJTBBJTIwJTIwJTIwJTIwJTIwJTIwJTNDYnV0dG9uJTIwc2xvdCUzRCUyMmFyLWJ1dHRvbiUyMiUyMGlkJTNEJTIyYXItYnV0dG9uJTIyJTNFJTBBJTIwJTIwJTIwJTIwJTIwJTIwJTIwJTIwJTIwJTIwVmVqYSUyMG5vJTIwc2V1JTIwZXNwYSVDMyVBN28lMEElMjAlMjAlMjAlMjAlMjAlMjAlM0MlMkZidXR0b24lM0UlMEElMjAlM0NkaXYlMjBpZCUzRCUyMmxvZ28xJTIyJTNFJTBBJTNDaW1nJTIwY2xhc3MlM0QlMjJxcmNvZGUlMjIlMjBzcmMlM0QlMjJodHRwcyUzQSUyRiUyRmFhdGF1ZGlvLmNvbS5iciUyRm1vZGVsdmlld2VyJTJGc3ViX2ludmlzaWJsZV84JTJGcXJfY29kZS5wbmclMjIlMjBhbHQlM0QlMjJRUiUyMENvZGUlMjIlM0UlMEElM0MlMkZkaXYlM0UlMEElMjAlMjAlMjAlMjAlMjAlMjAlM0NkaXYlMjBpZCUzRCUyMmFyLXByb21wdCUyMiUzRSUwQSUyMCUyMCUyMCUyMCUyMCUyMCUyMCUyMCUyMCUyMCUzQ2ltZyUyMHNyYyUzRCUyMmh0dHBzJTNBJTJGJTJGYWF0YXVkaW8uY29tLmJyJTJGbW9kZWx2aWV3ZXIlMkZzdWJfaW52aXNpYmxlXzglMkZhcl9oYW5kX3Byb21wdC5wbmclMjIlM0UlMEElMjAlMjAlMjAlMjAlMjAlMjAlM0MlMkZkaXYlM0UlMEElMjAlMjAlMjAlMjAlM0MlMkZtb2RlbC12aWV3ZXIlM0UlMjAlMjAlMEElM0MlMkZkaXYlM0UlMEElMjAlMjAlMjAlMjAlM0NzY3JpcHQlMjBzcmMlM0QlMjJodHRwcyUzQSUyRiUyRmFhdGF1ZGlvLmNvbS5iciUyRm1vZGVsdmlld2VyJTJGc3ViX2VzcGV0b19tYXJyb20lMkZzY3JpcHQuanMlMjIlM0UlM0MlMkZzY3JpcHQlM0UlMEElMjAlMjAlMjAlMjAlM0MlMjEtLSUyMExvYWRzJTIwJTNDbW9kZWwtdmlld2VyJTNFJTIwZm9yJTIwYnJvd3NlcnMlM0ElMjAtLSUzRSUwQSUyMCUyMCUyMCUyMCUzQ3NjcmlwdCUyMHR5cGUlM0QlMjJtb2R1bGUlMjIlMjBzcmMlM0QlMjJodHRwcyUzQSUyRiUyRmFqYXguZ29vZ2xlYXBpcy5jb20lMkZhamF4JTJGbGlicyUyRm1vZGVsLXZpZXdlciUyRjQuMC4wJTJGbW9kZWwtdmlld2VyLm1pbi5qcyUyMiUzRSUzQyUyRnNjcmlwdCUzRSUwQSUyMCUyMCUzQyUyRmJvZHklM0UlMEElM0MlMkZodG1sJTNF[\/vc_raw_html][\/vc_column][\/vc_row][vc_row el_id=&#8221;especificacoes&#8221;][vc_column][vc_row_inner][vc_column_inner][vc_column_text]<\/p>\n<h3 class=\"info-page-title\"><strong>ESPECIFICA\u00c7\u00d5ES<\/strong><\/h3>\n<p>[\/vc_column_text][\/vc_column_inner][\/vc_row_inner][vc_column_text]<\/p>\n<div class=\"table-responsive\">\n<table class=\"table table-especificacoes\">\n<thead>\n<tr>\n<th><\/th>\n<th style=\"text-align: center;\"><img loading=\"lazy\" decoding=\"async\" class=\"aligncenter wp-image-2672\" src=\"https:\/\/aataudio.com.br\/wp-content\/uploads\/menu-icon-sub-invisible.jpg\" alt=\"\" width=\"80\" height=\"80\" \/>cube invisible 8&#8243;<\/th>\n<th style=\"text-align: center;\"><img loading=\"lazy\" decoding=\"async\" class=\"aligncenter wp-image-2672\" src=\"https:\/\/aataudio.com.br\/wp-content\/uploads\/menu-icon-sub-invisible.jpg\" alt=\"\" width=\"100\" height=\"100\" \/>cube invisible 10&#8243;<\/th>\n<\/tr>\n<\/thead>\n<tbody>\n<tr class=\"table-first-row\">\n<th scope=\"row\">Pot\u00eancia RMS m\u00e1xima<\/th>\n<td class=\"table-info-value border-right\">400W RMS<\/td>\n<td class=\"table-info-value\">500W RMS<\/td>\n<\/tr>\n<tr>\n<th style=\"white-space: normal;\" scope=\"row\">Pot\u00eancia RMS NBR IEC 60268-3, EDI\u00c7\u00c3O 05-2011<\/th>\n<td class=\"table-info-value border-right\">200W RMS<\/td>\n<td class=\"table-info-value\">250W RMS<\/td>\n<\/tr>\n<tr>\n<th scope=\"row\">Resposta em frequ\u00eancia<\/th>\n<td class=\"table-info-value border-right\">30 &#8211; 200Hz<\/td>\n<td class=\"table-info-value\">25 &#8211; 200Hz<\/td>\n<\/tr>\n<tr>\n<th scope=\"row\">Frequ\u00eancia de crossover<\/th>\n<td class=\"table-info-value border-right\">45Hz a 150Hz continuamente vari\u00e1vel<\/td>\n<td class=\"table-info-value\">45Hz a 150Hz continuamente vari\u00e1vel<\/td>\n<\/tr>\n<tr>\n<th scope=\"row\">Ajuste de fase (0 &#8211; 180 graus)<\/th>\n<td class=\"table-info-value border-right\">Sim<\/td>\n<td class=\"table-info-value\">Sim<\/td>\n<\/tr>\n<tr>\n<th scope=\"row\">Entradas RCA (L\/R\/LFE, para uso com receiver que traga essa fun\u00e7\u00e3o)<\/th>\n<td class=\"table-info-value border-right\">Sim<\/td>\n<td class=\"table-info-value\">Sim<\/td>\n<\/tr>\n<tr>\n<th scope=\"row\">Entradas Speaker Level (L e R)<\/th>\n<td class=\"table-info-value border-right\">Sim<\/td>\n<td class=\"table-info-value\">Sim<\/td>\n<\/tr>\n<tr>\n<th scope=\"row\">Chave de Ground Lift*<\/th>\n<td class=\"table-info-value border-right\">Sim<\/td>\n<td class=\"table-info-value\">Sim<\/td>\n<\/tr>\n<tr>\n<th scope=\"row\">Leds indicadores Stand-by, ON, OK e Clip<\/th>\n<td class=\"table-info-value border-right\">Sim<\/td>\n<td class=\"table-info-value\">Sim<\/td>\n<\/tr>\n<tr>\n<th scope=\"row\">Consumo<\/th>\n<td class=\"table-info-value border-right\">250W \/ 300VA<\/td>\n<td class=\"table-info-value\">320W \/ 430VA<\/td>\n<\/tr>\n<tr>\n<th scope=\"row\">Dimens\u00f5es (L x P x A)<\/th>\n<td class=\"table-info-value border-right\">415 x 370 x 370 mm<\/td>\n<td class=\"table-info-value\">445 x 390 x 395 mm<\/td>\n<\/tr>\n<tr>\n<th scope=\"row\">Peso<\/th>\n<td class=\"table-info-value border-right\">14 Kg<\/td>\n<td class=\"table-info-value\">18.90 Kg<\/td>\n<\/tr>\n<\/tbody>\n<\/table>\n<\/div>\n<p>[\/vc_column_text][vc_row_inner][vc_column_inner][vc_column_text]* Permite a elimina\u00e7\u00e3o de HUM, produzido por loops de terra<\/p>\n<p>** Recomenda-se deixar ao menos 7cm a mais na profundidade para os cabos e conectores e respeitar uma dist\u00e2ncia m\u00ednima de 10cm entre o piso e o subwoofer para que os dutos fiquem livres. Deve-se ainda fixar firmemente o produto na alvenaria, evitando contato com o m\u00f3vel para impedir vibra\u00e7\u00f5es.[\/vc_column_text][\/vc_column_inner][\/vc_row_inner][\/vc_column][\/vc_row][vc_row css=&#8221;.vc_custom_1618856108979{margin-top: 35px !important;}&#8221; el_id=&#8221;veja-tambem&#8221;][vc_column offset=&#8221;vc_hidden-xs&#8221;][vc_column_text]<\/p>\n<h3 class=\"info-page-title\">VEJA TAMB\u00c9M<\/h3>\n<p>[\/vc_column_text][vc_basic_grid post_type=&#8221;page&#8221; max_items=&#8221;-1&#8243; style=&#8221;pagination&#8221; items_per_page=&#8221;4&#8243; element_width=&#8221;3&#8243; gap=&#8221;20&#8243; orderby=&#8221;menu_order&#8221; order=&#8221;ASC&#8221; arrows_design=&#8221;vc_arrow-icon-arrow_07_left&#8221; arrows_position=&#8221;outside&#8221; arrows_color=&#8221;sky&#8221; paging_color=&#8221;sky&#8221; item=&#8221;184&#8243; initial_loading_animation=&#8221;none&#8221; grid_id=&#8221;vc_gid:1773334251568-80fb8ac6fd65698402f365bf41f90353-2&#8243; taxonomies=&#8221;6&#8243; exclude=&#8221;496&#8243;][\/vc_column][\/vc_row][vc_row css=&#8221;.vc_custom_1618856346520{margin-top: 0px !important;}&#8221; el_id=&#8221;veja-tambem-2&#8243;][vc_column offset=&#8221;vc_hidden-lg vc_hidden-md vc_hidden-sm&#8221;][vc_column_text]<\/p>\n<h3 class=\"info-page-title\">VEJA TAMB\u00c9M<\/h3>\n<p>[\/vc_column_text][vc_basic_grid post_type=&#8221;page&#8221; max_items=&#8221;-1&#8243; style=&#8221;pagination&#8221; items_per_page=&#8221;1&#8243; element_width=&#8221;12&#8243; gap=&#8221;20&#8243; orderby=&#8221;menu_order&#8221; order=&#8221;ASC&#8221; arrows_design=&#8221;vc_arrow-icon-arrow_07_left&#8221; arrows_position=&#8221;outside&#8221; arrows_color=&#8221;sky&#8221; paging_color=&#8221;sky&#8221; item=&#8221;184&#8243; initial_loading_animation=&#8221;none&#8221; grid_id=&#8221;vc_gid:1773334251601-a32e13f8783add5d88102f5936d40a71-3&#8243; taxonomies=&#8221;6&#8243; exclude=&#8221;496&#8243;][\/vc_column][\/vc_row]<\/p>\n<\/div>","protected":false},"excerpt":{"rendered":"<p>[vc_row][vc_column][vc_row_inner][vc_column_inner][vc_raw_html css=&#8221;&#8221;]JTNDZGl2JTIwY2xhc3MlM0QlMjJlYXN5em9vbSUyMGVhc3l6b29tLS13aXRoLXRodW1ibmFpbHMlMjIlM0UlMEElMjAlMjAlMjAlM0NhJTIwaHJlZiUzRCUyMmh0dHBzJTNBJTJGJTJGYWF0YXVkaW8uY29tLmJyJTJGd3AtY29udGVudCUyRnVwbG9hZHMlMkZiYW5uZXItem9vbS1pbnZpc2libGUxMC1wdC0yLmpwZyUyMiUyMGNsYXNzJTNEJTIyem9vbS1tYXN0ZXIlMjIlM0UlMEElMjAlMjAlMjAlM0NpbWclMjBzcmMlM0QlMjJodHRwcyUzQSUyRiUyRmFhdGF1ZGlvLmNvbS5iciUyRndwLWNvbnRlbnQlMkZ1cGxvYWRzJTJGYmFubmVyLXpvb20taW52aXNpYmxlMTAtcHQtMi5qcGclMjIlMjBhbHQlM0QlMjJhYy0xJTIyJTNFJTBBJTIwJTIwJTIwJTNDJTJGYSUzRSUwQSUyMCUyMCUyMCUzQ2RpdiUyMGNsYXNzJTNEJTIyZWFzeXpvb20tZmx5b3V0JTIyJTNFJTNDJTJGZGl2JTNFJTBBJTNDJTJGZGl2JTNFJTBBJTNDdWwlMjBjbGFzcyUzRCUyMnRodW1ibmFpbHMlMjIlM0UlMEElMjAlMjAlMjAlM0NsaSUzRSUwQSUyMCUyMCUyMCUyMCUyMCUyMCUzQ2ElMjBocmVmJTNEJTIyaHR0cHMlM0ElMkYlMkZhYXRhdWRpby5jb20uYnIlMkZ3cC1jb250ZW50JTJGdXBsb2FkcyUyRmJhbm5lci16b29tLWludmlzaWJsZTEwLXB0LTIuanBnJTIyJTIwZGF0YS1zdGFuZGFyZCUzRCUyMmh0dHBzJTNBJTJGJTJGYWF0YXVkaW8uY29tLmJyJTJGd3AtY29udGVudCUyRnVwbG9hZHMlMkZiYW5uZXItem9vbS1pbnZpc2libGUxMC1wdC0yLmpwZyUyMiUzRSUwQSUyMCUyMCUyMCUyMCUyMCUyMCUzQ2ltZyUyMHNyYyUzRCUyMmh0dHBzJTNBJTJGJTJGYWF0YXVkaW8uY29tLmJyJTJGd3AtY29udGVudCUyRnVwbG9hZHMlMkZiYW5uZXItem9vbS1pbnZpc2libGUxMC1wdC0yLmpwZyUyMiUyMGFsdCUzRCUyMmFjLTElMjIlM0UlMEElMjAlMjAlMjAlMjAlMjAlMjAlM0MlMkZhJTNFJTBBJTIwJTIwJTIwJTNDJTJGbGklM0UlMEElMjAlMjAlMjAlM0NsaSUzRSUwQSUyMCUyMCUyMCUyMCUyMCUyMCUzQ2ElMjBocmVmJTNEJTIyaHR0cHMlM0ElMkYlMkZhYXRhdWRpby5jb20uYnIlMkZ3cC1jb250ZW50JTJGdXBsb2FkcyUyRmJhbm5lci16b29tLWludmlzaWJsZTEwLXB0LTQuanBnJTIyJTIwZGF0YS1zdGFuZGFyZCUzRCUyMmh0dHBzJTNBJTJGJTJGYWF0YXVkaW8uY29tLmJyJTJGd3AtY29udGVudCUyRnVwbG9hZHMlMkZiYW5uZXItem9vbS1pbnZpc2libGUxMC1wdC00LmpwZyUyMiUzRSUwQSUyMCUyMCUyMCUyMCUyMCUyMCUzQ2ltZyUyMHNyYyUzRCUyMmh0dHBzJTNBJTJGJTJGYWF0YXVkaW8uY29tLmJyJTJGd3AtY29udGVudCUyRnVwbG9hZHMlMkZiYW5uZXItem9vbS1pbnZpc2libGUxMC1wdC00LmpwZyUyMiUyMGFsdCUzRCUyMmFjLTIlMjIlM0UlMEElMjAlMjAlMjAlMjAlMjAlMjAlM0MlMkZhJTNFJTBBJTIwJTIwJTIwJTNDJTJGbGklM0UlMEElMjAlMjAlMjAlM0NsaSUzRSUwQSUyMCUyMCUyMCUyMCUyMCUyMCUzQ2ElMjBocmVmJTNEJTIyaHR0cHMlM0ElMkYlMkZhYXRhdWRpby5jb20uYnIlMkZ3cC1jb250ZW50JTJGdXBsb2FkcyUyRmJhbm5lci16b29tLWludmlzaWJsZTEwLXB0LmpwZyUyMiUyMGRhdGEtc3RhbmRhcmQlM0QlMjJodHRwcyUzQSUyRiUyRmFhdGF1ZGlvLmNvbS5iciUyRndwLWNvbnRlbnQlMkZ1cGxvYWRzJTJGYmFubmVyLXpvb20taW52aXNpYmxlMTAtcHQuanBnJTIyJTNFJTBBJTIwJTIwJTIwJTIwJTIwJTIwJTNDaW1nJTIwc3JjJTNEJTIyaHR0cHMlM0ElMkYlMkZhYXRhdWRpby5jb20uYnIlMkZ3cC1jb250ZW50JTJGdXBsb2FkcyUyRmJhbm5lci16b29tLWludmlzaWJsZTEwLXB0LmpwZyUyMiUyMGFsdCUzRCUyMmFjLTMlMjIlM0UlMEElMjAlMjAlMjAlMjAlMjAlMjAlM0MlMkZhJTNFJTBBJTIwJTIwJTIwJTNDJTJGbGklM0UlMEElMjAlMjAlMjAlM0NsaSUzRSUwQSUyMCUyMCUyMCUyMCUyMCUyMCUzQ2ElMjBocmVmJTNEJTIyaHR0cHMlM0ElMkYlMkZhYXRhdWRpby5jb20uYnIlMkZ3cC1jb250ZW50JTJGdXBsb2FkcyUyRmJhbm5lci16b29tLWludmlzaWJsZTEwLXB0LTMuanBnJTIyJTIwZGF0YS1zdGFuZGFyZCUzRCUyMmh0dHBzJTNBJTJGJTJGYWF0YXVkaW8uY29tLmJyJTJGd3AtY29udGVudCUyRnVwbG9hZHMlMkZiYW5uZXItem9vbS1pbnZpc2libGUxMC1wdC0zLmpwZyUyMiUzRSUwQSUyMCUyMCUyMCUyMCUyMCUyMCUzQ2ltZyUyMHNyYyUzRCUyMmh0dHBzJTNBJTJGJTJGYWF0YXVkaW8uY29tLmJyJTJGd3AtY29udGVudCUyRnVwbG9hZHMlMkZiYW5uZXItem9vbS1pbnZpc2libGUxMC1wdC0zLmpwZyUyMiUyMGFsdCUzRCUyMmFjLTMlMjIlM0UlMEElMjAlMjAlMjAlMjAlMjAlMjAlM0MlMkZhJTNFJTBBJTIwJTIwJTIwJTNDJTJGbGklM0UlMEElMjAlMjAlMjAlM0NsaSUzRSUwQSUyMCUyMCUyMCUyMCUyMCUyMCUzQ2ElMjBocmVmJTNEJTIyaHR0cHMlM0ElMkYlMkZhYXRhdWRpby5jb20uYnIlMkZ3cC1jb250ZW50JTJGdXBsb2FkcyUyRmN1YmUtaW52aXNpYmxlLWFtYmllbnRhZG9fNC5qcGclMjIlMjBkYXRhLXN0YW5kYXJkJTNEJTIyaHR0cHMlM0ElMkYlMkZhYXRhdWRpby5jb20uYnIlMkZ3cC1jb250ZW50JTJGdXBsb2FkcyUyRmN1YmUtaW52aXNpYmxlLWFtYmllbnRhZG9fNC5qcGclMjIlM0UlMEElMjAlMjAlMjAlMjAlMjAlMjAlM0NpbWclMjBzcmMlM0QlMjJodHRwcyUzQSUyRiUyRmFhdGF1ZGlvLmNvbS5iciUyRndwLWNvbnRlbnQlMkZ1cGxvYWRzJTJGY3ViZS1pbnZpc2libGUtYW1iaWVudGFkb180LmpwZyUyMiUyMGFsdCUzRCUyMmFjLTMlMjIlM0UlMEElMjAlMjAlMjAlMjAlMjAlMjAlM0MlMkZhJTNFJTBBJTIwJTIwJTIwJTNDJTJGbGklM0UlMEElM0MlMkZ1bCUzRQ==[\/vc_raw_html][\/vc_column_inner][\/vc_row_inner][vc_row_inner][vc_column_inner width=&#8221;1\/2&#8243;][\/vc_column_inner][vc_column_inner width=&#8221;1\/2&#8243;][vc_column_text] Share via Whatsapp[\/vc_column_text][\/vc_column_inner][\/vc_row_inner][\/vc_column][\/vc_row][vc_row el_id=&#8221;tab-menu-produto&#8221;][vc_column][vc_row_inner][vc_column_inner][vc_btn title=&#8221;Descri\u00e7\u00e3o&#8221; shape=&#8221;square&#8221; link=&#8221;url:%23descricao|||rel:nofollow&#8221; el_class=&#8221;ancor-scroll&#8221;][vc_btn title=&#8221;Caracteristicas&#8221; shape=&#8221;square&#8221; link=&#8221;url:%23caracteristicas|||rel:nofollow&#8221; el_class=&#8221;ancor-scroll&#8221;][vc_btn title=&#8221;Especifica\u00e7\u00f5es&#8221; shape=&#8221;square&#8221; link=&#8221;url:%23especificacoes|||rel:nofollow&#8221; el_class=&#8221;ancor-scroll&#8221;][\/vc_column_inner][\/vc_row_inner][\/vc_column][\/vc_row][vc_row el_id=&#8221;descricao&#8221;][vc_column][vc_row_inner][vc_column_inner][vc_column_text] DESCRI\u00c7\u00c3O Quer montar um sistema de home theater que n\u00e3o comprometa o visual do ambiente? Pensando em quem gosta de deixar a tecnologia oculta, mas n\u00e3o abre m\u00e3o da mais alta performance na reprodu\u00e7\u00e3o [&hellip;]<\/p>\n","protected":false},"author":5,"featured_media":13766,"parent":24,"menu_order":5,"comment_status":"closed","ping_status":"closed","template":"page-fullwidth.php","meta":{"footnotes":""},"class_list":["post-496","page","type-page","status-publish","has-post-thumbnail","hentry","tags-invisible","tags-subwoofers"],"_links":{"self":[{"href":"https:\/\/aataudio.com.br\/home\/wp-json\/wp\/v2\/pages\/496"}],"collection":[{"href":"https:\/\/aataudio.com.br\/home\/wp-json\/wp\/v2\/pages"}],"about":[{"href":"https:\/\/aataudio.com.br\/home\/wp-json\/wp\/v2\/types\/page"}],"author":[{"embeddable":true,"href":"https:\/\/aataudio.com.br\/home\/wp-json\/wp\/v2\/users\/5"}],"replies":[{"embeddable":true,"href":"https:\/\/aataudio.com.br\/home\/wp-json\/wp\/v2\/comments?post=496"}],"version-history":[{"count":21,"href":"https:\/\/aataudio.com.br\/home\/wp-json\/wp\/v2\/pages\/496\/revisions"}],"predecessor-version":[{"id":16416,"href":"https:\/\/aataudio.com.br\/home\/wp-json\/wp\/v2\/pages\/496\/revisions\/16416"}],"up":[{"embeddable":true,"href":"https:\/\/aataudio.com.br\/home\/wp-json\/wp\/v2\/pages\/24"}],"wp:featuredmedia":[{"embeddable":true,"href":"https:\/\/aataudio.com.br\/home\/wp-json\/wp\/v2\/media\/13766"}],"wp:attachment":[{"href":"https:\/\/aataudio.com.br\/home\/wp-json\/wp\/v2\/media?parent=496"}],"curies":[{"name":"wp","href":"https:\/\/api.w.org\/{rel}","templated":true}]}}