{"id":383,"date":"2018-04-06T14:13:28","date_gmt":"2018-04-06T17:13:28","guid":{"rendered":"https:\/\/aataudio.com.br\/?page_id=383"},"modified":"2025-08-05T12:41:06","modified_gmt":"2025-08-05T15:41:06","slug":"bsf-70-g3","status":"publish","type":"page","link":"https:\/\/aataudio.com.br\/home\/caixas-acusticas\/bsf-70-g3\/","title":{"rendered":"AAT BSF-70 G3"},"content":{"rendered":"<div class=\"wpb-content-wrapper\"><p>[vc_row][vc_column][vc_row_inner][vc_column_inner][vc_raw_html css=&#8221;&#8221;]JTNDZGl2JTIwY2xhc3MlM0QlMjJlYXN5em9vbSUyMGVhc3l6b29tLS13aXRoLXRodW1ibmFpbHMlMjIlM0UlMEElMjAlMjAlMjAlM0NhJTIwaHJlZiUzRCUyMmh0dHBzJTNBJTJGJTJGYWF0YXVkaW8uY29tLmJyJTJGd3AtY29udGVudCUyRnVwbG9hZHMlMkZBQVQtUkFLVC1CU0YtNzAtUkFLVC1QUkVUQS0xXy5qcGclMjIlMjBjbGFzcyUzRCUyMnpvb20tbWFzdGVyJTIyJTNFJTBBJTIwJTIwJTIwJTNDaW1nJTIwc3JjJTNEJTIyaHR0cHMlM0ElMkYlMkZhYXRhdWRpby5jb20uYnIlMkZ3cC1jb250ZW50JTJGdXBsb2FkcyUyRkFBVC1SQUtULUJTRi03MC1SQUtULVBSRVRBLTFfLmpwZyUyMiUyMGFsdCUzRCUyMmFjLTElMjIlM0UlMEElMjAlMjAlMjAlM0MlMkZhJTNFJTBBJTIwJTIwJTIwJTNDZGl2JTIwY2xhc3MlM0QlMjJlYXN5em9vbS1mbHlvdXQlMjIlM0UlM0MlMkZkaXYlM0UlMEElM0MlMkZkaXYlM0UlMEElM0N1bCUyMGNsYXNzJTNEJTIydGh1bWJuYWlscyUyMiUzRSUwQSUyMCUyMCUyMCUzQ2xpJTNFJTBBJTIwJTIwJTIwJTIwJTIwJTIwJTNDYSUyMGhyZWYlM0QlMjJodHRwcyUzQSUyRiUyRmFhdGF1ZGlvLmNvbS5iciUyRndwLWNvbnRlbnQlMkZ1cGxvYWRzJTJGQUFULVJBS1QtQlNGLTcwLVJBS1QtUFJFVEEtMV8uanBnJTIyJTIwZGF0YS1zdGFuZGFyZCUzRCUyMmh0dHBzJTNBJTJGJTJGYWF0YXVkaW8uY29tLmJyJTJGd3AtY29udGVudCUyRnVwbG9hZHMlMkZBQVQtUkFLVC1CU0YtNzAtUkFLVC1QUkVUQS0xXy5qcGclMjIlM0UlMEElMjAlMjAlMjAlMjAlMjAlMjAlM0NpbWclMjBzcmMlM0QlMjJodHRwcyUzQSUyRiUyRmFhdGF1ZGlvLmNvbS5iciUyRndwLWNvbnRlbnQlMkZ1cGxvYWRzJTJGQUFULVJBS1QtQlNGLTcwLVJBS1QtUFJFVEEtMV8uanBnJTIyJTIwYWx0JTNEJTIyYWMtMSUyMiUzRSUwQSUyMCUyMCUyMCUyMCUyMCUyMCUzQyUyRmElM0UlMEElMjAlMjAlMjAlM0MlMkZsaSUzRSUwQSUyMCUyMCUyMCUzQ2xpJTNFJTBBJTIwJTIwJTIwJTIwJTIwJTIwJTNDYSUyMGhyZWYlM0QlMjJodHRwcyUzQSUyRiUyRmFhdGF1ZGlvLmNvbS5iciUyRndwLWNvbnRlbnQlMkZ1cGxvYWRzJTJGQUFULVJBS1QtQlNGLTcwLUJSSUxITy1QUkVUQS0yXy5qcGclMjIlMjBkYXRhLXN0YW5kYXJkJTNEJTIyaHR0cHMlM0ElMkYlMkZhYXRhdWRpby5jb20uYnIlMkZ3cC1jb250ZW50JTJGdXBsb2FkcyUyRkFBVC1SQUtULUJTRi03MC1CUklMSE8tUFJFVEEtMl8uanBnJTIyJTNFJTBBJTIwJTIwJTIwJTIwJTIwJTIwJTNDaW1nJTIwc3JjJTNEJTIyaHR0cHMlM0ElMkYlMkZhYXRhdWRpby5jb20uYnIlMkZ3cC1jb250ZW50JTJGdXBsb2FkcyUyRkFBVC1SQUtULUJTRi03MC1CUklMSE8tUFJFVEEtMl8uanBnJTIyJTIwYWx0JTNEJTIyYWMtMiUyMiUzRSUwQSUyMCUyMCUyMCUyMCUyMCUyMCUzQyUyRmElM0UlMEElMjAlMjAlMjAlM0MlMkZsaSUzRSUwQSUyMCUyMCUyMCUzQ2xpJTNFJTBBJTIwJTIwJTIwJTIwJTIwJTIwJTNDYSUyMGhyZWYlM0QlMjJodHRwcyUzQSUyRiUyRmFhdGF1ZGlvLmNvbS5iciUyRndwLWNvbnRlbnQlMkZ1cGxvYWRzJTJGQUFULVJBS1QtQlNGLTcwLUJSSUxITy1QUkVUQS0zXy5qcGclMjIlMjBkYXRhLXN0YW5kYXJkJTNEJTIyaHR0cHMlM0ElMkYlMkZhYXRhdWRpby5jb20uYnIlMkZ3cC1jb250ZW50JTJGdXBsb2FkcyUyRkFBVC1SQUtULUJTRi03MC1CUklMSE8tUFJFVEEtM18uanBnJTIyJTNFJTBBJTIwJTIwJTIwJTIwJTIwJTIwJTNDaW1nJTIwc3JjJTNEJTIyaHR0cHMlM0ElMkYlMkZhYXRhdWRpby5jb20uYnIlMkZ3cC1jb250ZW50JTJGdXBsb2FkcyUyRkFBVC1SQUtULUJTRi03MC1CUklMSE8tUFJFVEEtM18uanBnJTIyJTIwYWx0JTNEJTIyYWMtMyUyMiUzRSUwQSUyMCUyMCUyMCUyMCUyMCUyMCUzQyUyRmElM0UlMEElMjAlMjAlMjAlM0MlMkZsaSUzRSUwQSUwQSUyMCUyMCUyMCUzQ2xpJTNFJTBBJTIwJTIwJTIwJTIwJTIwJTIwJTNDYSUyMGhyZWYlM0QlMjJodHRwcyUzQSUyRiUyRmFhdGF1ZGlvLmNvbS5iciUyRndwLWNvbnRlbnQlMkZ1cGxvYWRzJTJGQUFULVJBS1QtQlNGLTcwLUJSSUxITy1QUkVUQS00Xy5qcGclMjIlMjBkYXRhLXN0YW5kYXJkJTNEJTIyaHR0cHMlM0ElMkYlMkZhYXRhdWRpby5jb20uYnIlMkZ3cC1jb250ZW50JTJGdXBsb2FkcyUyRkFBVC1SQUtULUJTRi03MC1CUklMSE8tUFJFVEEtNF8uanBnJTIyJTNFJTBBJTIwJTIwJTIwJTIwJTIwJTIwJTNDaW1nJTIwc3JjJTNEJTIyaHR0cHMlM0ElMkYlMkZhYXRhdWRpby5jb20uYnIlMkZ3cC1jb250ZW50JTJGdXBsb2FkcyUyRkFBVC1SQUtULUJTRi03MC1CUklMSE8tUFJFVEEtNF8uanBnJTIyJTIwYWx0JTNEJTIyYWMtMSUyMiUzRSUwQSUyMCUyMCUyMCUyMCUyMCUyMCUzQyUyRmElM0UlMEElMjAlMjAlMjAlM0MlMkZsaSUzRSUwQSUyMCUyMCUyMCUzQ2xpJTNFJTBBJTIwJTIwJTIwJTIwJTIwJTIwJTNDYSUyMGhyZWYlM0QlMjJodHRwcyUzQSUyRiUyRmFhdGF1ZGlvLmNvbS5iciUyRndwLWNvbnRlbnQlMkZ1cGxvYWRzJTJGQUFULVJBS1QtQlNGLTcwLVJBS1QtUFJFVEEtNV8uanBnJTIyJTIwZGF0YS1zdGFuZGFyZCUzRCUyMmh0dHBzJTNBJTJGJTJGYWF0YXVkaW8uY29tLmJyJTJGd3AtY29udGVudCUyRnVwbG9hZHMlMkZBQVQtUkFLVC1CU0YtNzAtUkFLVC1QUkVUQS01Xy5qcGclMjIlM0UlMEElMjAlMjAlMjAlMjAlMjAlMjAlM0NpbWclMjBzcmMlM0QlMjJodHRwcyUzQSUyRiUyRmFhdGF1ZGlvLmNvbS5iciUyRndwLWNvbnRlbnQlMkZ1cGxvYWRzJTJGQUFULVJBS1QtQlNGLTcwLVJBS1QtUFJFVEEtNV8uanBnJTIyJTIwYWx0JTNEJTIyYWMtMiUyMiUzRSUwQSUyMCUyMCUyMCUyMCUyMCUyMCUzQyUyRmElM0UlMEElMjAlMjAlMjAlM0MlMkZsaSUzRSUwQSUyMCUyMCUyMCUzQ2xpJTNFJTBBJTIwJTIwJTIwJTIwJTIwJTIwJTNDYSUyMGhyZWYlM0QlMjJodHRwcyUzQSUyRiUyRmFhdGF1ZGlvLmNvbS5iciUyRndwLWNvbnRlbnQlMkZ1cGxvYWRzJTJGQUFULVJBS1QtQlNGLTcwLUJSSUxITy1CUkFOQ0EtMV8uanBnJTIyJTIwZGF0YS1zdGFuZGFyZCUzRCUyMmh0dHBzJTNBJTJGJTJGYWF0YXVkaW8uY29tLmJyJTJGd3AtY29udGVudCUyRnVwbG9hZHMlMkZBQVQtUkFLVC1CU0YtNzAtQlJJTEhPLUJSQU5DQS0xXy5qcGclMjIlM0UlMEElMjAlMjAlMjAlMjAlMjAlMjAlM0NpbWclMjBzcmMlM0QlMjJodHRwcyUzQSUyRiUyRmFhdGF1ZGlvLmNvbS5iciUyRndwLWNvbnRlbnQlMkZ1cGxvYWRzJTJGQUFULVJBS1QtQlNGLTcwLUJSSUxITy1CUkFOQ0EtMV8uanBnJTIyJTIwYWx0JTNEJTIyYWMtMyUyMiUzRSUwQSUyMCUyMCUyMCUyMCUyMCUyMCUzQyUyRmElM0UlMEElMjAlMjAlMjAlM0MlMkZsaSUzRSUwQSUwQSUzQ2xpJTNFJTBBJTIwJTIwJTIwJTIwJTIwJTIwJTNDYSUyMGhyZWYlM0QlMjJodHRwcyUzQSUyRiUyRmFhdGF1ZGlvLmNvbS5iciUyRndwLWNvbnRlbnQlMkZ1cGxvYWRzJTJGQUFULVJBS1QtQlNGLTcwLVJBS1QtQlJBTkNBLTRfLmpwZyUyMiUyMGRhdGEtc3RhbmRhcmQlM0QlMjJodHRwcyUzQSUyRiUyRmFhdGF1ZGlvLmNvbS5iciUyRndwLWNvbnRlbnQlMkZ1cGxvYWRzJTJGQUFULVJBS1QtQlNGLTcwLVJBS1QtQlJBTkNBLTRfLmpwZyUyMiUzRSUwQSUyMCUyMCUyMCUyMCUyMCUyMCUzQ2ltZyUyMHNyYyUzRCUyMmh0dHBzJTNBJTJGJTJGYWF0YXVkaW8uY29tLmJyJTJGd3AtY29udGVudCUyRnVwbG9hZHMlMkZBQVQtUkFLVC1CU0YtNzAtUkFLVC1CUkFOQ0EtNF8uanBnJTIyJTIwYWx0JTNEJTIyYWMtMyUyMiUzRSUwQSUyMCUyMCUyMCUyMCUyMCUyMCUzQyUyRmElM0UlMEElMjAlMjAlMjAlM0MlMkZsaSUzRSUwQSUwQSUzQ2xpJTNFJTBBJTIwJTIwJTIwJTIwJTIwJTIwJTNDYSUyMGhyZWYlM0QlMjJodHRwcyUzQSUyRiUyRmFhdGF1ZGlvLmNvbS5iciUyRndwLWNvbnRlbnQlMkZ1cGxvYWRzJTJGQUFUX1JBS1RfQlNGXzcwLmpwZyUyMiUyMGRhdGEtc3RhbmRhcmQlM0QlMjJodHRwcyUzQSUyRiUyRmFhdGF1ZGlvLmNvbS5iciUyRndwLWNvbnRlbnQlMkZ1cGxvYWRzJTJGQUFUX1JBS1RfQlNGXzcwLmpwZyUyMiUzRSUwQSUyMCUyMCUyMCUyMCUyMCUyMCUzQ2ltZyUyMHNyYyUzRCUyMmh0dHBzJTNBJTJGJTJGYWF0YXVkaW8uY29tLmJyJTJGd3AtY29udGVudCUyRnVwbG9hZHMlMkZBQVRfUkFLVF9CU0ZfNzAuanBnJTIyJTIwYWx0JTNEJTIyYWMtMyUyMiUzRSUwQSUyMCUyMCUyMCUyMCUyMCUyMCUzQyUyRmElM0UlMEElMjAlMjAlMjAlM0MlMkZsaSUzRSUwQSUwQSUzQ2xpJTNFJTBBJTIwJTIwJTIwJTIwJTIwJTIwJTNDYSUyMGhyZWYlM0QlMjJodHRwcyUzQSUyRiUyRmFhdGF1ZGlvLmNvbS5iciUyRndwLWNvbnRlbnQlMkZ1cGxvYWRzJTJGQUFULVJBS1QtQlNGLTcwLUJSSUxITy1CUkFOQ0EtNV8uanBnJTIyJTIwZGF0YS1zdGFuZGFyZCUzRCUyMmh0dHBzJTNBJTJGJTJGYWF0YXVkaW8uY29tLmJyJTJGd3AtY29udGVudCUyRnVwbG9hZHMlMkZBQVQtUkFLVC1CU0YtNzAtQlJJTEhPLUJSQU5DQS01Xy5qcGclMjIlM0UlMEElMjAlMjAlMjAlMjAlMjAlMjAlM0NpbWclMjBzcmMlM0QlMjJodHRwcyUzQSUyRiUyRmFhdGF1ZGlvLmNvbS5iciUyRndwLWNvbnRlbnQlMkZ1cGxvYWRzJTJGQUFULVJBS1QtQlNGLTcwLUJSSUxITy1CUkFOQ0EtNV8uanBnJTIyJTIwYWx0JTNEJTIyYWMtMyUyMiUzRSUwQSUyMCUyMCUyMCUyMCUyMCUyMCUzQyUyRmElM0UlMEElMjAlMjAlMjAlM0MlMkZsaSUzRSUwQSUwQSUzQyUyRnVsJTNF[\/vc_raw_html][\/vc_column_inner][\/vc_row_inner][vc_row_inner][vc_column_inner width=&#8221;1\/2&#8243;][\/vc_column_inner][vc_column_inner width=&#8221;1\/2&#8243;][vc_column_text]<aside class=\"mashsb-container mashsb-main mashsb-stretched\"><div class=\"mashsb-box\"><div class=\"mashsb-buttons\"><a class=\"mashicon-facebook mash-small mash-center mashsb-noshadow mashsb-pure-icons\" href=\"https:\/\/www.facebook.com\/sharer.php?u=https%3A%2F%2Faataudio.com.br%2Fhome%2Fcaixas-acusticas%2Fbsf-70-g3%2F\" target=\"_top\" rel=\"nofollow\"><span class=\"icon\"><\/span><span class=\"text\"><\/span><\/a><a class=\"mashicon-twitter mash-small mash-center mashsb-noshadow mashsb-pure-icons\" href=\"https:\/\/twitter.com\/intent\/tweet?text=&amp;url=https:\/\/aataudio.com.br\/home\/caixas-acusticas\/bsf-70-g3\/\" target=\"_top\" rel=\"nofollow\"><span class=\"icon\"><\/span><span class=\"text\"><\/span><\/a><a class=\"mashicon-whatsapp mash-small mash-center mashsb-noshadow mashsb-pure-icons\" href=\"\" target=\"_top\" rel=\"nofollow\"><span class=\"icon\"><\/span><span class=\"text\"><\/span><\/a><div class=\"onoffswitch2 mash-small mashsb-noshadow\" style=\"display:none\"><\/div><\/div><\/div>\n                    <div style=\"clear:both\"><\/div><div class=\"mashsb-toggle-container\"><\/div><\/aside>\n            <!-- Share buttons made by mashshare.net - Version: 4.0.47--><br \/>\n<a style=\"display: none;\" href=\"whatsapp:\/\/send?text=The text to share!\" data-action=\"share\/whatsapp\/share\">Share via Whatsapp<\/a>[\/vc_column_text][\/vc_column_inner][\/vc_row_inner][\/vc_column][\/vc_row][vc_row el_id=&#8221;tab-menu-produto&#8221;][vc_column][vc_row_inner][vc_column_inner][vc_btn title=&#8221;Descri\u00e7\u00e3o&#8221; shape=&#8221;square&#8221; link=&#8221;url:%23descricao|||rel:nofollow&#8221; el_class=&#8221;ancor-scroll&#8221;][vc_btn title=&#8221;Caracteristicas&#8221; shape=&#8221;square&#8221; link=&#8221;url:%23caracteristicas|||rel:nofollow&#8221; el_class=&#8221;ancor-scroll&#8221;][vc_btn title=&#8221;Especifica\u00e7\u00f5es&#8221; shape=&#8221;square&#8221; link=&#8221;url:%23especificacoes|||rel:nofollow&#8221; el_class=&#8221;ancor-scroll&#8221;][\/vc_column_inner][\/vc_row_inner][\/vc_column][\/vc_row][vc_row el_id=&#8221;descricao&#8221;][vc_column][vc_row_inner][vc_column_inner][vc_column_text css=&#8221;&#8221;]<\/p>\n<h3 class=\"info-page-title\"><strong>DESCRI\u00c7\u00c3O<\/strong><\/h3>\n<div id=\"container\">\n<div id=\"informacoes-tecnicas\">\n<div class=\"boxBody\">\n<div id=\"especificacoes\" class=\"show aba\">\n<p>Dispon\u00edvel em duas vers\u00f5es com acabamento premium, a caixa ac\u00fastica AAT BSF-70 G3 atende \u00e0s mais diversas aplica\u00e7\u00f5es em pequenos ambientes. Refinada e moderna, pode ser utilizada nos canais frontais e surround de sistemas de home theater ou para som est\u00e9reo, tendo a capacidade de reproduzir qualquer som com o m\u00e1ximo de qualidade e fidelidade.<\/p>\n<p>O usu\u00e1rio pode escolher entre a vers\u00e3o em laca brilhante (BSF-70 G3) ou pintura microtexturizada fosca (RAKT BSF-70 G3) nas cores preto ou branco. Nas novas vers\u00f5es G3, essas caixas passam a oferecer painel frontal com visual mais moderno, que acompanha as tend\u00eancias do design contempor\u00e2neo.<\/p><\/div>\n<\/div>\n<\/div>\n<\/div>\n<p>[\/vc_column_text][\/vc_column_inner][\/vc_row_inner][\/vc_column][\/vc_row][vc_row el_id=&#8221;caracteristicas&#8221;][vc_column offset=&#8221;vc_col-lg-12 vc_col-sm-offset-0&#8243;][vc_row_inner][vc_column_inner][vc_column_text css=&#8221;&#8221;]<\/p>\n<h3 class=\"info-page-title\"><strong>CARACTER\u00cdSTICAS<\/strong><\/h3>\n<p>Com 28cm de altura, o projeto sofisticado da caixa AAT BSF-70 G3 utiliza engenharia e eletr\u00f4nica avan\u00e7adas, incluindo woofer de Kevlar de 5 \u00bc polegadas (para obter maior din\u00e2mica musical) e tweeter domo de seda de 1 polegada, com resposta at\u00e9 25 kHz. Soma-se a essas caracter\u00edsticas, a pot\u00eancia m\u00e1xima de 70W RMS, que torna o rendimento da bookshelf AAT BSF-70 G3 surpreendente em pequenos ambientes.<\/p>\n<p>A caixa AAT BSF-70 G3 tem o crossover otimizado para excelente resposta na frequ\u00eancia de transi\u00e7\u00e3o. O woofer foi projetado para obten\u00e7\u00e3o de din\u00e2mica musical. E, para garantir um maior impacto na reprodu\u00e7\u00e3o dos sons graves, esse modelo traz sintonia bass-reflex com duto traseiro. Todo esse cuidado tem um objetivo: proporcionar a melhor e mais fiel reprodu\u00e7\u00e3o sonora em qualquer faixa de frequ\u00eancia.[\/vc_column_text][\/vc_column_inner][\/vc_row_inner][\/vc_column][\/vc_row][vc_row el_id=&#8221;especificacoes&#8221;][vc_column][vc_row_inner][vc_column_inner][vc_column_text]<\/p>\n<h3 class=\"info-page-title\"><strong>ESPECIFICA\u00c7\u00d5ES<\/strong><\/h3>\n<p>[\/vc_column_text][\/vc_column_inner][\/vc_row_inner][vc_column_text css=&#8221;&#8221;]<\/p>\n<div class=\"table-responsive\">\n<table class=\"table table-especificacoes\">\n<thead>\n<tr>\n<th><\/th>\n<th style=\"text-align: center;\"><img loading=\"lazy\" decoding=\"async\" class=\"aligncenter wp-image-14998\" src=\"https:\/\/aataudio.com.br\/wp-content\/uploads\/capa_AAT-RAKT-BSF-70-300x193.jpg\" alt=\"\" width=\"130\" height=\"84\" srcset=\"https:\/\/aataudio.com.br\/wp-content\/uploads\/capa_AAT-RAKT-BSF-70-300x193.jpg 300w, https:\/\/aataudio.com.br\/wp-content\/uploads\/capa_AAT-RAKT-BSF-70.jpg 560w\" sizes=\"(max-width: 130px) 100vw, 130px\" \/>AAT BSF-70 G3<\/th>\n<th style=\"text-align: center;\"><img loading=\"lazy\" decoding=\"async\" class=\"aligncenter wp-image-14998\" src=\"https:\/\/aataudio.com.br\/wp-content\/uploads\/capa_AAT-RAKT-BSF-70-300x193.jpg\" alt=\"\" width=\"156\" height=\"100\" srcset=\"https:\/\/aataudio.com.br\/wp-content\/uploads\/capa_AAT-RAKT-BSF-70-300x193.jpg 300w, https:\/\/aataudio.com.br\/wp-content\/uploads\/capa_AAT-RAKT-BSF-70.jpg 560w\" sizes=\"(max-width: 156px) 100vw, 156px\" \/>AAT BSF-100 G3<\/th>\n<\/tr>\n<\/thead>\n<tbody>\n<tr class=\"table-first-row\">\n<th scope=\"row\">Resposta em frequ\u00eancia<\/th>\n<td class=\"table-info-value border-right\">60 &#8211; 25 KHz<\/td>\n<td class=\"table-info-value\">50 &#8211; 25 KHz<\/td>\n<\/tr>\n<tr>\n<th style=\"white-space: normal;\" scope=\"row\">Sensibilidade (1W\/1m)<\/th>\n<td class=\"table-info-value border-right\">88 dB<\/td>\n<td class=\"table-info-value\">88 dB<\/td>\n<\/tr>\n<tr>\n<th scope=\"row\">Imped\u00e2ncia nominal<\/th>\n<td class=\"table-info-value border-right\">8 ohms<\/td>\n<td class=\"table-info-value\">8 ohms<\/td>\n<\/tr>\n<tr>\n<th scope=\"row\">Potencia nominal<\/th>\n<td class=\"table-info-value border-right\">50 W RMS<\/td>\n<td class=\"table-info-value\">70 W RMS<\/td>\n<\/tr>\n<tr>\n<th scope=\"row\">Potencia musical<\/th>\n<td class=\"table-info-value border-right\">70 W m\u00e1ximo<\/td>\n<td class=\"table-info-value\">100 W m\u00e1ximo<\/td>\n<\/tr>\n<tr>\n<th scope=\"row\">Amplificador recomendado<\/th>\n<td class=\"table-info-value border-right\">15 &#8211; 70 W<\/td>\n<td class=\"table-info-value\">15 &#8211; 70 W<\/td>\n<\/tr>\n<tr>\n<th scope=\"row\">Sintonia<\/th>\n<td class=\"table-info-value border-right\">Bass- Reflex com duto traseiro<\/td>\n<td class=\"table-info-value\">Bass- Reflex com duto traseiro<\/td>\n<\/tr>\n<tr>\n<th scope=\"row\">Frequ\u00eancia do cross-over<\/th>\n<td class=\"table-info-value border-right\">3.5 kHz<\/td>\n<td class=\"table-info-value\">3.5 kHz<\/td>\n<\/tr>\n<tr>\n<th scope=\"row\">Drivers<\/th>\n<td class=\"table-info-value border-right\">\n<p>1 unidade: woofer de 5 \u00bc&#8221; com cone de Kevlar<\/p>\n<p>1 unidade: Tweeter de domo de 1&#8243; em seda<\/td>\n<td class=\"table-info-value\">\n<p>1 unidade: woofer de 6 \u00bd com cone de Kevlar<\/p>\n<p>1 unidade: Tweeter de domo de 1&#8243; em seda<\/td>\n<\/tr>\n<tr>\n<th scope=\"row\">Dimens\u00f5es do produto\u00a0(L x P x A)<\/th>\n<td class=\"table-info-value border-right\">170 x 244 x 280 mm<\/td>\n<td class=\"table-info-value\">221 x 350 x 362 mm<\/td>\n<\/tr>\n<tr>\n<th scope=\"row\">Peso<\/th>\n<td class=\"table-info-value border-right\">3.90 Kg<\/td>\n<td class=\"table-info-value\">7.70 Kg<\/td>\n<\/tr>\n<\/tbody>\n<\/table>\n<\/div>\n<p>[\/vc_column_text][\/vc_column][\/vc_row][vc_row css=&#8221;.vc_custom_1618856988617{margin-top: 35px !important;}&#8221; el_id=&#8221;veja-tambem&#8221;][vc_column offset=&#8221;vc_hidden-xs&#8221;][vc_column_text]<\/p>\n<h3 class=\"info-page-title\">VEJA TAMB\u00c9M<\/h3>\n<p>[\/vc_column_text][vc_basic_grid post_type=&#8221;page&#8221; max_items=&#8221;-1&#8243; style=&#8221;pagination&#8221; items_per_page=&#8221;4&#8243; element_width=&#8221;3&#8243; gap=&#8221;20&#8243; orderby=&#8221;menu_order&#8221; order=&#8221;ASC&#8221; arrows_design=&#8221;vc_arrow-icon-arrow_07_left&#8221; arrows_position=&#8221;outside&#8221; arrows_color=&#8221;sky&#8221; paging_color=&#8221;sky&#8221; item=&#8221;184&#8243; initial_loading_animation=&#8221;none&#8221; grid_id=&#8221;vc_gid:1754408444522-f045acbf8da8b06ddf27235c4b8740e9-6&#8243; taxonomies=&#8221;34&#8243; exclude=&#8221;383&#8243;][\/vc_column][\/vc_row][vc_row css=&#8221;.vc_custom_1618857000698{margin-top: 35px !important;}&#8221; el_id=&#8221;veja-tambem-2&#8243;][vc_column offset=&#8221;vc_hidden-lg vc_hidden-md vc_hidden-sm&#8221;][vc_column_text]<\/p>\n<h3 class=\"info-page-title\">VEJA TAMB\u00c9M<\/h3>\n<p>[\/vc_column_text][vc_basic_grid post_type=&#8221;page&#8221; max_items=&#8221;-1&#8243; style=&#8221;pagination&#8221; items_per_page=&#8221;1&#8243; element_width=&#8221;12&#8243; gap=&#8221;20&#8243; orderby=&#8221;menu_order&#8221; order=&#8221;ASC&#8221; arrows_design=&#8221;vc_arrow-icon-arrow_07_left&#8221; arrows_position=&#8221;outside&#8221; arrows_color=&#8221;sky&#8221; paging_color=&#8221;sky&#8221; item=&#8221;184&#8243; initial_loading_animation=&#8221;none&#8221; grid_id=&#8221;vc_gid:1754408444559-a33f446b3016e0d785a81e93db96a99d-0&#8243; taxonomies=&#8221;34&#8243; exclude=&#8221;383&#8243;][\/vc_column][\/vc_row]<\/p>\n<\/div>","protected":false},"excerpt":{"rendered":"<p>[vc_row][vc_column][vc_row_inner][vc_column_inner][vc_raw_html css=&#8221;&#8221;]JTNDZGl2JTIwY2xhc3MlM0QlMjJlYXN5em9vbSUyMGVhc3l6b29tLS13aXRoLXRodW1ibmFpbHMlMjIlM0UlMEElMjAlMjAlMjAlM0NhJTIwaHJlZiUzRCUyMmh0dHBzJTNBJTJGJTJGYWF0YXVkaW8uY29tLmJyJTJGd3AtY29udGVudCUyRnVwbG9hZHMlMkZBQVQtUkFLVC1CU0YtNzAtUkFLVC1QUkVUQS0xXy5qcGclMjIlMjBjbGFzcyUzRCUyMnpvb20tbWFzdGVyJTIyJTNFJTBBJTIwJTIwJTIwJTNDaW1nJTIwc3JjJTNEJTIyaHR0cHMlM0ElMkYlMkZhYXRhdWRpby5jb20uYnIlMkZ3cC1jb250ZW50JTJGdXBsb2FkcyUyRkFBVC1SQUtULUJTRi03MC1SQUtULVBSRVRBLTFfLmpwZyUyMiUyMGFsdCUzRCUyMmFjLTElMjIlM0UlMEElMjAlMjAlMjAlM0MlMkZhJTNFJTBBJTIwJTIwJTIwJTNDZGl2JTIwY2xhc3MlM0QlMjJlYXN5em9vbS1mbHlvdXQlMjIlM0UlM0MlMkZkaXYlM0UlMEElM0MlMkZkaXYlM0UlMEElM0N1bCUyMGNsYXNzJTNEJTIydGh1bWJuYWlscyUyMiUzRSUwQSUyMCUyMCUyMCUzQ2xpJTNFJTBBJTIwJTIwJTIwJTIwJTIwJTIwJTNDYSUyMGhyZWYlM0QlMjJodHRwcyUzQSUyRiUyRmFhdGF1ZGlvLmNvbS5iciUyRndwLWNvbnRlbnQlMkZ1cGxvYWRzJTJGQUFULVJBS1QtQlNGLTcwLVJBS1QtUFJFVEEtMV8uanBnJTIyJTIwZGF0YS1zdGFuZGFyZCUzRCUyMmh0dHBzJTNBJTJGJTJGYWF0YXVkaW8uY29tLmJyJTJGd3AtY29udGVudCUyRnVwbG9hZHMlMkZBQVQtUkFLVC1CU0YtNzAtUkFLVC1QUkVUQS0xXy5qcGclMjIlM0UlMEElMjAlMjAlMjAlMjAlMjAlMjAlM0NpbWclMjBzcmMlM0QlMjJodHRwcyUzQSUyRiUyRmFhdGF1ZGlvLmNvbS5iciUyRndwLWNvbnRlbnQlMkZ1cGxvYWRzJTJGQUFULVJBS1QtQlNGLTcwLVJBS1QtUFJFVEEtMV8uanBnJTIyJTIwYWx0JTNEJTIyYWMtMSUyMiUzRSUwQSUyMCUyMCUyMCUyMCUyMCUyMCUzQyUyRmElM0UlMEElMjAlMjAlMjAlM0MlMkZsaSUzRSUwQSUyMCUyMCUyMCUzQ2xpJTNFJTBBJTIwJTIwJTIwJTIwJTIwJTIwJTNDYSUyMGhyZWYlM0QlMjJodHRwcyUzQSUyRiUyRmFhdGF1ZGlvLmNvbS5iciUyRndwLWNvbnRlbnQlMkZ1cGxvYWRzJTJGQUFULVJBS1QtQlNGLTcwLUJSSUxITy1QUkVUQS0yXy5qcGclMjIlMjBkYXRhLXN0YW5kYXJkJTNEJTIyaHR0cHMlM0ElMkYlMkZhYXRhdWRpby5jb20uYnIlMkZ3cC1jb250ZW50JTJGdXBsb2FkcyUyRkFBVC1SQUtULUJTRi03MC1CUklMSE8tUFJFVEEtMl8uanBnJTIyJTNFJTBBJTIwJTIwJTIwJTIwJTIwJTIwJTNDaW1nJTIwc3JjJTNEJTIyaHR0cHMlM0ElMkYlMkZhYXRhdWRpby5jb20uYnIlMkZ3cC1jb250ZW50JTJGdXBsb2FkcyUyRkFBVC1SQUtULUJTRi03MC1CUklMSE8tUFJFVEEtMl8uanBnJTIyJTIwYWx0JTNEJTIyYWMtMiUyMiUzRSUwQSUyMCUyMCUyMCUyMCUyMCUyMCUzQyUyRmElM0UlMEElMjAlMjAlMjAlM0MlMkZsaSUzRSUwQSUyMCUyMCUyMCUzQ2xpJTNFJTBBJTIwJTIwJTIwJTIwJTIwJTIwJTNDYSUyMGhyZWYlM0QlMjJodHRwcyUzQSUyRiUyRmFhdGF1ZGlvLmNvbS5iciUyRndwLWNvbnRlbnQlMkZ1cGxvYWRzJTJGQUFULVJBS1QtQlNGLTcwLUJSSUxITy1QUkVUQS0zXy5qcGclMjIlMjBkYXRhLXN0YW5kYXJkJTNEJTIyaHR0cHMlM0ElMkYlMkZhYXRhdWRpby5jb20uYnIlMkZ3cC1jb250ZW50JTJGdXBsb2FkcyUyRkFBVC1SQUtULUJTRi03MC1CUklMSE8tUFJFVEEtM18uanBnJTIyJTNFJTBBJTIwJTIwJTIwJTIwJTIwJTIwJTNDaW1nJTIwc3JjJTNEJTIyaHR0cHMlM0ElMkYlMkZhYXRhdWRpby5jb20uYnIlMkZ3cC1jb250ZW50JTJGdXBsb2FkcyUyRkFBVC1SQUtULUJTRi03MC1CUklMSE8tUFJFVEEtM18uanBnJTIyJTIwYWx0JTNEJTIyYWMtMyUyMiUzRSUwQSUyMCUyMCUyMCUyMCUyMCUyMCUzQyUyRmElM0UlMEElMjAlMjAlMjAlM0MlMkZsaSUzRSUwQSUwQSUyMCUyMCUyMCUzQ2xpJTNFJTBBJTIwJTIwJTIwJTIwJTIwJTIwJTNDYSUyMGhyZWYlM0QlMjJodHRwcyUzQSUyRiUyRmFhdGF1ZGlvLmNvbS5iciUyRndwLWNvbnRlbnQlMkZ1cGxvYWRzJTJGQUFULVJBS1QtQlNGLTcwLUJSSUxITy1QUkVUQS00Xy5qcGclMjIlMjBkYXRhLXN0YW5kYXJkJTNEJTIyaHR0cHMlM0ElMkYlMkZhYXRhdWRpby5jb20uYnIlMkZ3cC1jb250ZW50JTJGdXBsb2FkcyUyRkFBVC1SQUtULUJTRi03MC1CUklMSE8tUFJFVEEtNF8uanBnJTIyJTNFJTBBJTIwJTIwJTIwJTIwJTIwJTIwJTNDaW1nJTIwc3JjJTNEJTIyaHR0cHMlM0ElMkYlMkZhYXRhdWRpby5jb20uYnIlMkZ3cC1jb250ZW50JTJGdXBsb2FkcyUyRkFBVC1SQUtULUJTRi03MC1CUklMSE8tUFJFVEEtNF8uanBnJTIyJTIwYWx0JTNEJTIyYWMtMSUyMiUzRSUwQSUyMCUyMCUyMCUyMCUyMCUyMCUzQyUyRmElM0UlMEElMjAlMjAlMjAlM0MlMkZsaSUzRSUwQSUyMCUyMCUyMCUzQ2xpJTNFJTBBJTIwJTIwJTIwJTIwJTIwJTIwJTNDYSUyMGhyZWYlM0QlMjJodHRwcyUzQSUyRiUyRmFhdGF1ZGlvLmNvbS5iciUyRndwLWNvbnRlbnQlMkZ1cGxvYWRzJTJGQUFULVJBS1QtQlNGLTcwLVJBS1QtUFJFVEEtNV8uanBnJTIyJTIwZGF0YS1zdGFuZGFyZCUzRCUyMmh0dHBzJTNBJTJGJTJGYWF0YXVkaW8uY29tLmJyJTJGd3AtY29udGVudCUyRnVwbG9hZHMlMkZBQVQtUkFLVC1CU0YtNzAtUkFLVC1QUkVUQS01Xy5qcGclMjIlM0UlMEElMjAlMjAlMjAlMjAlMjAlMjAlM0NpbWclMjBzcmMlM0QlMjJodHRwcyUzQSUyRiUyRmFhdGF1ZGlvLmNvbS5iciUyRndwLWNvbnRlbnQlMkZ1cGxvYWRzJTJGQUFULVJBS1QtQlNGLTcwLVJBS1QtUFJFVEEtNV8uanBnJTIyJTIwYWx0JTNEJTIyYWMtMiUyMiUzRSUwQSUyMCUyMCUyMCUyMCUyMCUyMCUzQyUyRmElM0UlMEElMjAlMjAlMjAlM0MlMkZsaSUzRSUwQSUyMCUyMCUyMCUzQ2xpJTNFJTBBJTIwJTIwJTIwJTIwJTIwJTIwJTNDYSUyMGhyZWYlM0QlMjJodHRwcyUzQSUyRiUyRmFhdGF1ZGlvLmNvbS5iciUyRndwLWNvbnRlbnQlMkZ1cGxvYWRzJTJGQUFULVJBS1QtQlNGLTcwLUJSSUxITy1CUkFOQ0EtMV8uanBnJTIyJTIwZGF0YS1zdGFuZGFyZCUzRCUyMmh0dHBzJTNBJTJGJTJGYWF0YXVkaW8uY29tLmJyJTJGd3AtY29udGVudCUyRnVwbG9hZHMlMkZBQVQtUkFLVC1CU0YtNzAtQlJJTEhPLUJSQU5DQS0xXy5qcGclMjIlM0UlMEElMjAlMjAlMjAlMjAlMjAlMjAlM0NpbWclMjBzcmMlM0QlMjJodHRwcyUzQSUyRiUyRmFhdGF1ZGlvLmNvbS5iciUyRndwLWNvbnRlbnQlMkZ1cGxvYWRzJTJGQUFULVJBS1QtQlNGLTcwLUJSSUxITy1CUkFOQ0EtMV8uanBnJTIyJTIwYWx0JTNEJTIyYWMtMyUyMiUzRSUwQSUyMCUyMCUyMCUyMCUyMCUyMCUzQyUyRmElM0UlMEElMjAlMjAlMjAlM0MlMkZsaSUzRSUwQSUwQSUzQ2xpJTNFJTBBJTIwJTIwJTIwJTIwJTIwJTIwJTNDYSUyMGhyZWYlM0QlMjJodHRwcyUzQSUyRiUyRmFhdGF1ZGlvLmNvbS5iciUyRndwLWNvbnRlbnQlMkZ1cGxvYWRzJTJGQUFULVJBS1QtQlNGLTcwLVJBS1QtQlJBTkNBLTRfLmpwZyUyMiUyMGRhdGEtc3RhbmRhcmQlM0QlMjJodHRwcyUzQSUyRiUyRmFhdGF1ZGlvLmNvbS5iciUyRndwLWNvbnRlbnQlMkZ1cGxvYWRzJTJGQUFULVJBS1QtQlNGLTcwLVJBS1QtQlJBTkNBLTRfLmpwZyUyMiUzRSUwQSUyMCUyMCUyMCUyMCUyMCUyMCUzQ2ltZyUyMHNyYyUzRCUyMmh0dHBzJTNBJTJGJTJGYWF0YXVkaW8uY29tLmJyJTJGd3AtY29udGVudCUyRnVwbG9hZHMlMkZBQVQtUkFLVC1CU0YtNzAtUkFLVC1CUkFOQ0EtNF8uanBnJTIyJTIwYWx0JTNEJTIyYWMtMyUyMiUzRSUwQSUyMCUyMCUyMCUyMCUyMCUyMCUzQyUyRmElM0UlMEElMjAlMjAlMjAlM0MlMkZsaSUzRSUwQSUwQSUzQ2xpJTNFJTBBJTIwJTIwJTIwJTIwJTIwJTIwJTNDYSUyMGhyZWYlM0QlMjJodHRwcyUzQSUyRiUyRmFhdGF1ZGlvLmNvbS5iciUyRndwLWNvbnRlbnQlMkZ1cGxvYWRzJTJGQUFUX1JBS1RfQlNGXzcwLmpwZyUyMiUyMGRhdGEtc3RhbmRhcmQlM0QlMjJodHRwcyUzQSUyRiUyRmFhdGF1ZGlvLmNvbS5iciUyRndwLWNvbnRlbnQlMkZ1cGxvYWRzJTJGQUFUX1JBS1RfQlNGXzcwLmpwZyUyMiUzRSUwQSUyMCUyMCUyMCUyMCUyMCUyMCUzQ2ltZyUyMHNyYyUzRCUyMmh0dHBzJTNBJTJGJTJGYWF0YXVkaW8uY29tLmJyJTJGd3AtY29udGVudCUyRnVwbG9hZHMlMkZBQVRfUkFLVF9CU0ZfNzAuanBnJTIyJTIwYWx0JTNEJTIyYWMtMyUyMiUzRSUwQSUyMCUyMCUyMCUyMCUyMCUyMCUzQyUyRmElM0UlMEElMjAlMjAlMjAlM0MlMkZsaSUzRSUwQSUwQSUzQ2xpJTNFJTBBJTIwJTIwJTIwJTIwJTIwJTIwJTNDYSUyMGhyZWYlM0QlMjJodHRwcyUzQSUyRiUyRmFhdGF1ZGlvLmNvbS5iciUyRndwLWNvbnRlbnQlMkZ1cGxvYWRzJTJGQUFULVJBS1QtQlNGLTcwLUJSSUxITy1CUkFOQ0EtNV8uanBnJTIyJTIwZGF0YS1zdGFuZGFyZCUzRCUyMmh0dHBzJTNBJTJGJTJGYWF0YXVkaW8uY29tLmJyJTJGd3AtY29udGVudCUyRnVwbG9hZHMlMkZBQVQtUkFLVC1CU0YtNzAtQlJJTEhPLUJSQU5DQS01Xy5qcGclMjIlM0UlMEElMjAlMjAlMjAlMjAlMjAlMjAlM0NpbWclMjBzcmMlM0QlMjJodHRwcyUzQSUyRiUyRmFhdGF1ZGlvLmNvbS5iciUyRndwLWNvbnRlbnQlMkZ1cGxvYWRzJTJGQUFULVJBS1QtQlNGLTcwLUJSSUxITy1CUkFOQ0EtNV8uanBnJTIyJTIwYWx0JTNEJTIyYWMtMyUyMiUzRSUwQSUyMCUyMCUyMCUyMCUyMCUyMCUzQyUyRmElM0UlMEElMjAlMjAlMjAlM0MlMkZsaSUzRSUwQSUwQSUzQyUyRnVsJTNF[\/vc_raw_html][\/vc_column_inner][\/vc_row_inner][vc_row_inner][vc_column_inner width=&#8221;1\/2&#8243;][\/vc_column_inner][vc_column_inner width=&#8221;1\/2&#8243;][vc_column_text] Share via Whatsapp[\/vc_column_text][\/vc_column_inner][\/vc_row_inner][\/vc_column][\/vc_row][vc_row el_id=&#8221;tab-menu-produto&#8221;][vc_column][vc_row_inner][vc_column_inner][vc_btn title=&#8221;Descri\u00e7\u00e3o&#8221; shape=&#8221;square&#8221; link=&#8221;url:%23descricao|||rel:nofollow&#8221; el_class=&#8221;ancor-scroll&#8221;][vc_btn title=&#8221;Caracteristicas&#8221; shape=&#8221;square&#8221; link=&#8221;url:%23caracteristicas|||rel:nofollow&#8221; el_class=&#8221;ancor-scroll&#8221;][vc_btn title=&#8221;Especifica\u00e7\u00f5es&#8221; shape=&#8221;square&#8221; link=&#8221;url:%23especificacoes|||rel:nofollow&#8221; el_class=&#8221;ancor-scroll&#8221;][\/vc_column_inner][\/vc_row_inner][\/vc_column][\/vc_row][vc_row el_id=&#8221;descricao&#8221;][vc_column][vc_row_inner][vc_column_inner][vc_column_text css=&#8221;&#8221;] DESCRI\u00c7\u00c3O Dispon\u00edvel em duas vers\u00f5es com acabamento premium, a caixa ac\u00fastica AAT BSF-70 G3 atende \u00e0s mais diversas aplica\u00e7\u00f5es em pequenos ambientes. Refinada e moderna, pode ser utilizada nos canais frontais e surround [&hellip;]<\/p>\n","protected":false},"author":5,"featured_media":15163,"parent":505,"menu_order":1,"comment_status":"closed","ping_status":"closed","template":"page-fullwidth.php","meta":{"footnotes":""},"class_list":["post-383","page","type-page","status-publish","has-post-thumbnail","hentry","tags-caixas"],"_links":{"self":[{"href":"https:\/\/aataudio.com.br\/home\/wp-json\/wp\/v2\/pages\/383"}],"collection":[{"href":"https:\/\/aataudio.com.br\/home\/wp-json\/wp\/v2\/pages"}],"about":[{"href":"https:\/\/aataudio.com.br\/home\/wp-json\/wp\/v2\/types\/page"}],"author":[{"embeddable":true,"href":"https:\/\/aataudio.com.br\/home\/wp-json\/wp\/v2\/users\/5"}],"replies":[{"embeddable":true,"href":"https:\/\/aataudio.com.br\/home\/wp-json\/wp\/v2\/comments?post=383"}],"version-history":[{"count":45,"href":"https:\/\/aataudio.com.br\/home\/wp-json\/wp\/v2\/pages\/383\/revisions"}],"predecessor-version":[{"id":15417,"href":"https:\/\/aataudio.com.br\/home\/wp-json\/wp\/v2\/pages\/383\/revisions\/15417"}],"up":[{"embeddable":true,"href":"https:\/\/aataudio.com.br\/home\/wp-json\/wp\/v2\/pages\/505"}],"wp:featuredmedia":[{"embeddable":true,"href":"https:\/\/aataudio.com.br\/home\/wp-json\/wp\/v2\/media\/15163"}],"wp:attachment":[{"href":"https:\/\/aataudio.com.br\/home\/wp-json\/wp\/v2\/media?parent=383"}],"curies":[{"name":"wp","href":"https:\/\/api.w.org\/{rel}","templated":true}]}}