{"id":3531,"date":"2019-06-27T16:36:52","date_gmt":"2019-06-27T19:36:52","guid":{"rendered":"https:\/\/aataudio.com.br\/?page_id=3531"},"modified":"2023-09-06T15:04:19","modified_gmt":"2023-09-06T18:04:19","slug":"pm-7-ci","status":"publish","type":"page","link":"https:\/\/aataudio.com.br\/home\/amplificadores\/70-100v-pro-amplifiers\/pm-7-ci\/","title":{"rendered":"AAT PM-7 CI"},"content":{"rendered":"<div class=\"wpb-content-wrapper\"><p>[vc_row][vc_column][vc_row_inner][vc_column_inner][vc_raw_html]JTNDZGl2JTIwY2xhc3MlM0QlMjJlYXN5em9vbSUyMGVhc3l6b29tLS13aXRoLXRodW1ibmFpbHMlMjIlM0UlMEElMjAlMjAlMjAlM0NhJTIwaHJlZiUzRCUyMmh0dHBzJTNBJTJGJTJGYWF0YXVkaW8uY29tLmJyJTJGd3AtY29udGVudCUyRnVwbG9hZHMlMkZiYW5uZXItem9vbS1QTS03LUNJLmpwZyUyMiUyMGNsYXNzJTNEJTIyem9vbS1tYXN0ZXIlMjIlM0UlMEElMjAlMjAlMjAlM0NpbWclMjBzcmMlM0QlMjJodHRwcyUzQSUyRiUyRmFhdGF1ZGlvLmNvbS5iciUyRndwLWNvbnRlbnQlMkZ1cGxvYWRzJTJGYmFubmVyLXpvb20tUE0tNy1DSS5qcGclMjIlMjBhbHQlM0QlMjJhYy0xJTIyJTNFJTBBJTIwJTIwJTIwJTNDJTJGYSUzRSUwQSUyMCUyMCUyMCUzQ2RpdiUyMGNsYXNzJTNEJTIyZWFzeXpvb20tZmx5b3V0JTIyJTNFJTNDJTJGZGl2JTNFJTBBJTNDJTJGZGl2JTNFJTBBJTNDdWwlMjBjbGFzcyUzRCUyMnRodW1ibmFpbHMlMjIlM0UlMEElMjAlMjAlMjAlM0NsaSUzRSUwQSUyMCUyMCUyMCUyMCUyMCUyMCUzQ2ElMjBocmVmJTNEJTIyaHR0cHMlM0ElMkYlMkZhYXRhdWRpby5jb20uYnIlMkZ3cC1jb250ZW50JTJGdXBsb2FkcyUyRmJhbm5lci16b29tLVBNLTctQ0kuanBnJTIyJTIwZGF0YS1zdGFuZGFyZCUzRCUyMmh0dHBzJTNBJTJGJTJGYWF0YXVkaW8uY29tLmJyJTJGd3AtY29udGVudCUyRnVwbG9hZHMlMkZiYW5uZXItem9vbS1QTS03LUNJLmpwZyUyMiUzRSUwQSUyMCUyMCUyMCUyMCUyMCUyMCUzQ2ltZyUyMHNyYyUzRCUyMmh0dHBzJTNBJTJGJTJGYWF0YXVkaW8uY29tLmJyJTJGd3AtY29udGVudCUyRnVwbG9hZHMlMkZiYW5uZXItem9vbS1QTS03LUNJLmpwZyUyMiUyMGFsdCUzRCUyMmFjLTElMjIlM0UlMEElMjAlMjAlMjAlMjAlMjAlMjAlM0MlMkZhJTNFJTBBJTIwJTIwJTIwJTNDJTJGbGklM0UlMEElMjAlMjAlMjAlM0NsaSUzRSUwQSUyMCUyMCUyMCUyMCUyMCUyMCUzQ2ElMjBocmVmJTNEJTIyaHR0cHMlM0ElMkYlMkZhYXRhdWRpby5jb20uYnIlMkZ3cC1jb250ZW50JTJGdXBsb2FkcyUyRmJhbm5lci16b29tLVBNLTctQ0ktMS5qcGclMjIlMjBkYXRhLXN0YW5kYXJkJTNEJTIyaHR0cHMlM0ElMkYlMkZhYXRhdWRpby5jb20uYnIlMkZ3cC1jb250ZW50JTJGdXBsb2FkcyUyRmJhbm5lci16b29tLVBNLTctQ0ktMS5qcGclMjIlM0UlMEElMjAlMjAlMjAlMjAlMjAlMjAlM0NpbWclMjBzcmMlM0QlMjJodHRwcyUzQSUyRiUyRmFhdGF1ZGlvLmNvbS5iciUyRndwLWNvbnRlbnQlMkZ1cGxvYWRzJTJGYmFubmVyLXpvb20tUE0tNy1DSS0xLmpwZyUyMiUyMGFsdCUzRCUyMmFjLTIlMjIlM0UlMEElMjAlMjAlMjAlMjAlMjAlMjAlM0MlMkZhJTNFJTBBJTIwJTIwJTIwJTNDJTJGbGklM0UlMEElMjAlMjAlMjAlM0NsaSUzRSUwQSUyMCUyMCUyMCUyMCUyMCUyMCUzQ2ElMjBocmVmJTNEJTIyaHR0cHMlM0ElMkYlMkZhYXRhdWRpby5jb20uYnIlMkZ3cC1jb250ZW50JTJGdXBsb2FkcyUyRlBNLTctQ0lfdHJhc2VpcmEtdjIuanBnJTIyJTIwZGF0YS1zdGFuZGFyZCUzRCUyMmh0dHBzJTNBJTJGJTJGYWF0YXVkaW8uY29tLmJyJTJGd3AtY29udGVudCUyRnVwbG9hZHMlMkZQTS03LUNJX3RyYXNlaXJhLXYyLmpwZyUyMiUzRSUwQSUyMCUyMCUyMCUyMCUyMCUyMCUzQ2ltZyUyMHNyYyUzRCUyMmh0dHBzJTNBJTJGJTJGYWF0YXVkaW8uY29tLmJyJTJGd3AtY29udGVudCUyRnVwbG9hZHMlMkZQTS03LUNJX3RyYXNlaXJhLXYyLmpwZyUyMiUyMGFsdCUzRCUyMmFjLTMlMjIlM0UlMEElMjAlMjAlMjAlMjAlMjAlMjAlM0MlMkZhJTNFJTBBJTIwJTIwJTIwJTNDJTJGbGklM0UlMEElMjAlMjAlMjAlM0NsaSUzRSUwQSUyMCUyMCUyMCUyMCUyMCUyMCUzQ2ElMjBocmVmJTNEJTIyaHR0cHMlM0ElMkYlMkZhYXRhdWRpby5jb20uYnIlMkZ3cC1jb250ZW50JTJGdXBsb2FkcyUyRmJhbm5lci16b29tLXBtLTYtYXRlLTktY2ktYW1iaWVudGFkYS5qcGclMjIlMjBkYXRhLXN0YW5kYXJkJTNEJTIyaHR0cHMlM0ElMkYlMkZhYXRhdWRpby5jb20uYnIlMkZ3cC1jb250ZW50JTJGdXBsb2FkcyUyRmJhbm5lci16b29tLXBtLTYtYXRlLTktY2ktYW1iaWVudGFkYS5qcGclMjIlM0UlMEElMjAlMjAlMjAlMjAlMjAlMjAlM0NpbWclMjBzcmMlM0QlMjJodHRwcyUzQSUyRiUyRmFhdGF1ZGlvLmNvbS5iciUyRndwLWNvbnRlbnQlMkZ1cGxvYWRzJTJGYmFubmVyLXpvb20tcG0tNi1hdGUtOS1jaS1hbWJpZW50YWRhLmpwZyUyMiUyMGFsdCUzRCUyMmFjLTMlMjIlM0UlMEElMjAlMjAlMjAlMjAlMjAlMjAlM0MlMkZhJTNFJTBBJTIwJTIwJTIwJTNDJTJGbGklM0UlMEElM0MlMkZ1bCUzRQ==[\/vc_raw_html][\/vc_column_inner][\/vc_row_inner][vc_row_inner][vc_column_inner width=&#8221;1\/2&#8243;][\/vc_column_inner][vc_column_inner width=&#8221;1\/2&#8243;][vc_column_text]<aside class=\"mashsb-container mashsb-main mashsb-stretched\"><div class=\"mashsb-box\"><div class=\"mashsb-buttons\"><a class=\"mashicon-facebook mash-small mash-center mashsb-noshadow mashsb-pure-icons\" href=\"https:\/\/www.facebook.com\/sharer.php?u=https%3A%2F%2Faataudio.com.br%2Fhome%2Famplificadores%2F70-100v-pro-amplifiers%2Fpm-7-ci%2F\" target=\"_top\" rel=\"nofollow\"><span class=\"icon\"><\/span><span class=\"text\"><\/span><\/a><a class=\"mashicon-twitter mash-small mash-center mashsb-noshadow mashsb-pure-icons\" href=\"https:\/\/twitter.com\/intent\/tweet?text=&amp;url=https:\/\/aataudio.com.br\/home\/amplificadores\/70-100v-pro-amplifiers\/pm-7-ci\/\" target=\"_top\" rel=\"nofollow\"><span class=\"icon\"><\/span><span class=\"text\"><\/span><\/a><a class=\"mashicon-whatsapp mash-small mash-center mashsb-noshadow mashsb-pure-icons\" href=\"\" target=\"_top\" rel=\"nofollow\"><span class=\"icon\"><\/span><span class=\"text\"><\/span><\/a><div class=\"onoffswitch2 mash-small mashsb-noshadow\" style=\"display:none\"><\/div><\/div><\/div>\n                    <div style=\"clear:both\"><\/div><div class=\"mashsb-toggle-container\"><\/div><\/aside>\n            <!-- Share buttons made by mashshare.net - Version: 4.0.47--><br \/>\n<a style=\"display: none;\" href=\"whatsapp:\/\/send?text=The text to share!\" data-action=\"share\/whatsapp\/share\">Share via Whatsapp<\/a>[\/vc_column_text][\/vc_column_inner][\/vc_row_inner][\/vc_column][\/vc_row][vc_row el_id=&#8221;tab-menu-produto&#8221;][vc_column][vc_row_inner][vc_column_inner][vc_btn title=&#8221;Descri\u00e7\u00e3o&#8221; shape=&#8221;square&#8221; link=&#8221;url:%23descricao|||rel:nofollow&#8221; el_class=&#8221;ancor-scroll&#8221;][vc_btn title=&#8221;Caracteristicas&#8221; shape=&#8221;square&#8221; link=&#8221;url:%23caracteristicas|||rel:nofollow&#8221; el_class=&#8221;ancor-scroll&#8221;][vc_btn title=&#8221;Especifica\u00e7\u00f5es&#8221; shape=&#8221;square&#8221; link=&#8221;url:%23especificacoes|||rel:nofollow&#8221; el_class=&#8221;ancor-scroll&#8221;][\/vc_column_inner][\/vc_row_inner][\/vc_column][\/vc_row][vc_row el_id=&#8221;descricao&#8221;][vc_column][vc_row_inner][vc_column_inner][vc_column_text]<\/p>\n<h3 class=\"info-page-title\">DESCRI\u00c7\u00c3O<\/h3>\n<p>Os amplificadores est\u00e9reo PM-7 CI e PM-9 CI, que pertencem \u00e0 linha Multi-Impedance AAT, s\u00e3o solu\u00e7\u00f5es perfeitas para a sonoriza\u00e7\u00e3o de espa\u00e7os comerciais e corporativos, como restaurantes, supermercados, lojas, cl\u00ednicas e escrit\u00f3rios. Podem trabalhar em 8\/4 ohms e em 70V\/100V (com imped\u00e2ncias de 50 ohms e 100 ohms, respectivamente). Com capacidade de entregarem 2x100W RMS (modelo PM-7 CI) ou 2x200W RMS (modelo PM-9 CI) cont\u00ednuos, medidos pela norma brasileira NBR 60268-5 (ou 2x200W RMS e 2x400W RMS m\u00e1ximos), ambos oferecem elevada performance, como s\u00f3 a AAT consegue fazer.<\/p>\n<p>Indicados para uso em pequenos sistemas comerciais fixos, os amplificadores de dois canais da AAT possuem entrada e sa\u00edda loop-out balanceadas em adi\u00e7\u00e3o \u00e0 tradicional entrada e loop-out n\u00e3o balanceadas, filtro chave\u00e1vel para conforma\u00e7\u00e3o de resposta em frequ\u00eancia, prote\u00e7\u00e3o completa APMS, e indicadores de opera\u00e7\u00e3o no painel frontal, com Leds ON \/ Prote\u00e7\u00e3o OK \/ Signal \/ Clip. Uma entrada Trigger In, que permite a conex\u00e3o com sistemas de automa\u00e7\u00e3o ou outros equipamentos, tamb\u00e9m est\u00e1 presente.[\/vc_column_text][\/vc_column_inner][\/vc_row_inner][\/vc_column][\/vc_row][vc_row el_id=&#8221;caracteristicas&#8221;][vc_column offset=&#8221;vc_col-lg-12 vc_col-sm-offset-0&#8243;][vc_row_inner][vc_column_inner][vc_column_text]<\/p>\n<h3 class=\"info-page-title\">CARACTER\u00cdSTICAS<\/h3>\n<ul>\n<li>Pot\u00eancia cont\u00ednua RMS de acordo com a Norma NBR60268-5:<\/li>\n<li style=\"list-style-type: none;\">\u00a0 \u00a0 &#8211; PM-7 CI: 2 \u00d7 70W RMS em 8 ohms; 2 \u00d7 100W RMS em 4 ohms \/ 70V \/ 100V<\/li>\n<li style=\"list-style-type: none;\">\u00a0 \u00a0 &#8211; PM-9 CI: 2 \u00d7140W RMS em 8 ohms; 2 \u00d7 200W RMS em 4 ohms \/ 70V \/ 100V;<\/li>\n<li>Entradas e loop-outs RCA (desbalanceadas);<\/li>\n<li>Entradas e Loop-outs XLR (balanceadas);<\/li>\n<li>Filtro chave\u00e1vel para conforma\u00e7\u00e3o de resposta em frequ\u00eancia;<\/li>\n<li>Opera\u00e7\u00e3o em est\u00e9reo ou paralelo;<\/li>\n<li>Entrada Trigger IN;<\/li>\n<li>Prote\u00e7\u00e3o completa APMS (Advanced Protection Management System): DC na sa\u00edda, sobrecarga, sobrecorrente, sobretemperatura, curto-circuito e sobtens\u00e3o;<\/li>\n<li>Indicadores de Ligado (ON), Prote\u00e7\u00e3o OK, Signal e clipping;<\/li>\n<li>Chave de Ground Lift;<\/li>\n<li>Gabinete em tamanho 2U, para montagem em rack com o uso de al\u00e7as (vendidas separadamente);<\/li>\n<li>Ventila\u00e7\u00e3o natural sem uso de ventoinhas<\/li>\n<\/ul>\n<p>[\/vc_column_text][\/vc_column_inner][\/vc_row_inner][\/vc_column][\/vc_row][vc_row el_id=&#8221;especificacoes&#8221;][vc_column][vc_row_inner][vc_column_inner][vc_column_text]<\/p>\n<h3 class=\"info-page-title\">ESPECIFICA\u00c7\u00d5ES<\/h3>\n<p>[\/vc_column_text][\/vc_column_inner][\/vc_row_inner][vc_column_text]<\/p>\n<div class=\"table-responsive\">\n<table class=\"table table-especificacoes\">\n<thead>\n<tr>\n<th><\/th>\n<th style=\"text-align: center;\"><img loading=\"lazy\" decoding=\"async\" class=\"wp-image-3500 size-full aligncenter\" src=\"https:\/\/aataudio.com.br\/wp-content\/uploads\/menu-icon-PM-7-CI.jpg\" alt=\"\" width=\"120\" height=\"120\" \/>pm-7 ci<\/th>\n<th style=\"text-align: center;\"><img loading=\"lazy\" decoding=\"async\" class=\"wp-image-3502 size-full aligncenter\" src=\"https:\/\/aataudio.com.br\/wp-content\/uploads\/menu-icon-PM-9-CI.jpg\" alt=\"\" width=\"120\" height=\"120\" \/>pm-9 ci<\/th>\n<\/tr>\n<\/thead>\n<tbody>\n<tr class=\"table-first-row\">\n<th scope=\"row\">Pot\u00eancia cont\u00ednua RMS de acordo com a Norma NBR60268-5<\/th>\n<td class=\"table-info-value border-right\">2 \u00d7 70W RMS em 8 ohms;<br \/>\n2 \u00d7 100W RMS em 4 ohms;<br \/>\n2 x 100W RMS em 70V;<br \/>\n2 x 100W RMS em 100V<\/td>\n<td class=\"table-info-value\">2 \u00d7 140W RMS em 8 ohms;<br \/>\n2 \u00d7 200 WRMS em 4 ohms;<br \/>\n2 x 200W RMS em 70V;<br \/>\n2 x 200W RMS em 100V<\/td>\n<\/tr>\n<tr>\n<th style=\"white-space: normal;\" scope=\"row\">Imped\u00e2ncia m\u00ednima de trabalho<\/th>\n<td class=\"table-info-value border-right\">Sa\u00edda 4-8 ohms: 4 ohms;<br \/>\nSa\u00edda 70V: 50 ohms;<br \/>\nSa\u00edda 100V: 100 ohms<\/td>\n<td class=\"table-info-value\">Sa\u00edda 4-8 ohms: 4 ohms;<br \/>\nSa\u00edda 70V: 25 ohms;<br \/>\nSa\u00edda 100V: 50 ohms<\/td>\n<\/tr>\n<tr>\n<th scope=\"row\">Resposta em frequ\u00eancia<\/th>\n<td class=\"table-info-value border-right\">Filtro posi\u00e7\u00e3o full: 23 Hz \u2013 20 kHz (+0 -3 dB);<br \/>\nFiltro posi\u00e7\u00e3o limited: 60 Hz \u2013 15 kHz (+0 -3 dB)<\/td>\n<td class=\"table-info-value\">Filtro posi\u00e7\u00e3o full: 23 Hz \u2013 20 kHz (+0 -3 dB);<br \/>\nFiltro posi\u00e7\u00e3o limited: 60 Hz \u2013 15 kHz (+0 -3 dB)<\/td>\n<\/tr>\n<tr>\n<th scope=\"row\">Signal Noise Ratio A-Weighted<\/th>\n<td class=\"table-info-value border-right\">&gt;95dB(A)<\/td>\n<td class=\"table-info-value\">&gt;95dB(A)<\/td>\n<\/tr>\n<tr>\n<th scope=\"row\">Fator de Amortecimento<\/th>\n<td class=\"table-info-value border-right\">400 a 20 Hz (8 ohms)<\/td>\n<td class=\"table-info-value\">400 a 20 Hz (8 ohms)<\/td>\n<\/tr>\n<tr>\n<th scope=\"row\">Distor\u00e7\u00e3o Harm\u00f4nica a 10W\/1 KHz\/8 ohms (THD+N)<\/th>\n<td class=\"table-info-value border-right\">0.05%<\/td>\n<td class=\"table-info-value\">0.05%<\/td>\n<\/tr>\n<tr>\n<th scope=\"row\">Slew rate<\/th>\n<td class=\"table-info-value border-right\">40V\/useg<\/td>\n<td class=\"table-info-value\">40V\/useg<\/td>\n<\/tr>\n<tr>\n<th scope=\"row\">Crosstalk<\/th>\n<td class=\"table-info-value border-right\">&gt; 95dB<\/td>\n<td class=\"table-info-value\">&gt; 95dB<\/td>\n<\/tr>\n<tr>\n<th scope=\"row\">Sensibilidade da entrada RCA<\/th>\n<td class=\"table-info-value border-right\">0 dBV +\/- 1 dB<\/td>\n<td class=\"table-info-value\">0 dBV +\/- 1 dB<\/td>\n<\/tr>\n<tr>\n<th scope=\"row\">Sensibilidade de entrada XLR<\/th>\n<td class=\"table-info-value border-right\">0 dBV +\/- 1 dB<\/td>\n<td class=\"table-info-value\">0 dBV +\/- 1 dB<\/td>\n<\/tr>\n<tr>\n<th scope=\"row\">Imped\u00e2ncia de entrada (RCA)<\/th>\n<td class=\"table-info-value border-right\">8 Kohms<\/td>\n<td class=\"table-info-value\">8 Kohms<\/td>\n<\/tr>\n<tr>\n<th scope=\"row\">Imped\u00e2ncia de entrada (XLR)<\/th>\n<td class=\"table-info-value border-right\">15 Kohms<\/td>\n<td class=\"table-info-value\">15 Kohms<\/td>\n<\/tr>\n<tr>\n<th scope=\"row\">Tens\u00e3o e corrente da entrada Trigger<\/th>\n<td class=\"table-info-value border-right\">12V\/40 mA<\/td>\n<td class=\"table-info-value\">12V\/40 mA<\/td>\n<\/tr>\n<tr>\n<th style=\"white-space: normal;\" scope=\"row\">Consumo m\u00e1ximo<\/th>\n<td class=\"table-info-value border-right\">400W<\/td>\n<td class=\"table-info-value\">800W<\/td>\n<\/tr>\n<tr>\n<th style=\"white-space: normal;\" scope=\"row\">Tens\u00e3o de opera\u00e7\u00e3o<\/th>\n<td class=\"table-info-value border-right\">99-140V e 198-242V (50\/60)Hz<\/td>\n<td class=\"table-info-value\">99-140V e 198-242V (50\/60)Hz<\/td>\n<\/tr>\n<tr>\n<th style=\"white-space: normal;\" scope=\"row\">Dimens\u00f5es (L x P x A)<\/th>\n<td class=\"table-info-value border-right\">432 x 370 x 95 mm (com p\u00e9s \u2013 sem al\u00e7as);<br \/>\n482&#215;370 x 88,9 mm (com al\u00e7as \/sem p\u00e9s)<\/td>\n<td class=\"table-info-value\">432 x 370 x 95 mm (com p\u00e9s \u2013 sem al\u00e7as);<br \/>\n482&#215;370 x 88,9 mm (com al\u00e7as \/sem p\u00e9s)<\/td>\n<\/tr>\n<tr>\n<th style=\"white-space: normal;\" scope=\"row\">Peso<\/th>\n<td class=\"table-info-value border-right\">9,8 Kg<\/td>\n<td class=\"table-info-value\">15,6 Kg<\/td>\n<\/tr>\n<\/tbody>\n<\/table>\n<\/div>\n<p>[\/vc_column_text][\/vc_column][\/vc_row][vc_row css=&#8221;.vc_custom_1618948760822{margin-top: 35px !important;}&#8221; el_id=&#8221;veja-tambem&#8221;][vc_column offset=&#8221;vc_hidden-xs&#8221;][vc_column_text]<\/p>\n<h3 class=\"info-page-title\">VEJA TAMB\u00c9M<\/h3>\n<p>[\/vc_column_text][vc_basic_grid post_type=&#8221;page&#8221; max_items=&#8221;-1&#8243; style=&#8221;pagination&#8221; items_per_page=&#8221;4&#8243; element_width=&#8221;3&#8243; gap=&#8221;20&#8243; orderby=&#8221;menu_order&#8221; order=&#8221;ASC&#8221; arrows_design=&#8221;vc_arrow-icon-arrow_07_left&#8221; arrows_position=&#8221;outside&#8221; arrows_color=&#8221;sky&#8221; paging_color=&#8221;sky&#8221; item=&#8221;184&#8243; initial_loading_animation=&#8221;none&#8221; grid_id=&#8221;vc_gid:1626980480689-27c1edb2-ab2c-0&#8243; taxonomies=&#8221;32&#8243; exclude=&#8221;3531&#8243;][\/vc_column][\/vc_row][vc_row css=&#8221;.vc_custom_1618948769512{margin-top: 35px !important;}&#8221; el_id=&#8221;veja-tambem-2&#8243;][vc_column offset=&#8221;vc_hidden-lg vc_hidden-md vc_hidden-sm&#8221;][vc_column_text]<\/p>\n<h3 class=\"info-page-title\">VEJA TAMB\u00c9M<\/h3>\n<p>[\/vc_column_text][vc_basic_grid post_type=&#8221;page&#8221; max_items=&#8221;-1&#8243; style=&#8221;pagination&#8221; items_per_page=&#8221;1&#8243; element_width=&#8221;12&#8243; gap=&#8221;20&#8243; orderby=&#8221;menu_order&#8221; order=&#8221;ASC&#8221; arrows_design=&#8221;vc_arrow-icon-arrow_07_left&#8221; arrows_position=&#8221;outside&#8221; arrows_color=&#8221;sky&#8221; paging_color=&#8221;sky&#8221; item=&#8221;184&#8243; initial_loading_animation=&#8221;none&#8221; grid_id=&#8221;vc_gid:1626980480691-c9d07082-ba74-0&#8243; taxonomies=&#8221;32&#8243; exclude=&#8221;3531&#8243;][\/vc_column][\/vc_row]<\/p>\n<\/div>","protected":false},"excerpt":{"rendered":"<p>[vc_row][vc_column][vc_row_inner][vc_column_inner][vc_raw_html]JTNDZGl2JTIwY2xhc3MlM0QlMjJlYXN5em9vbSUyMGVhc3l6b29tLS13aXRoLXRodW1ibmFpbHMlMjIlM0UlMEElMjAlMjAlMjAlM0NhJTIwaHJlZiUzRCUyMmh0dHBzJTNBJTJGJTJGYWF0YXVkaW8uY29tLmJyJTJGd3AtY29udGVudCUyRnVwbG9hZHMlMkZiYW5uZXItem9vbS1QTS03LUNJLmpwZyUyMiUyMGNsYXNzJTNEJTIyem9vbS1tYXN0ZXIlMjIlM0UlMEElMjAlMjAlMjAlM0NpbWclMjBzcmMlM0QlMjJodHRwcyUzQSUyRiUyRmFhdGF1ZGlvLmNvbS5iciUyRndwLWNvbnRlbnQlMkZ1cGxvYWRzJTJGYmFubmVyLXpvb20tUE0tNy1DSS5qcGclMjIlMjBhbHQlM0QlMjJhYy0xJTIyJTNFJTBBJTIwJTIwJTIwJTNDJTJGYSUzRSUwQSUyMCUyMCUyMCUzQ2RpdiUyMGNsYXNzJTNEJTIyZWFzeXpvb20tZmx5b3V0JTIyJTNFJTNDJTJGZGl2JTNFJTBBJTNDJTJGZGl2JTNFJTBBJTNDdWwlMjBjbGFzcyUzRCUyMnRodW1ibmFpbHMlMjIlM0UlMEElMjAlMjAlMjAlM0NsaSUzRSUwQSUyMCUyMCUyMCUyMCUyMCUyMCUzQ2ElMjBocmVmJTNEJTIyaHR0cHMlM0ElMkYlMkZhYXRhdWRpby5jb20uYnIlMkZ3cC1jb250ZW50JTJGdXBsb2FkcyUyRmJhbm5lci16b29tLVBNLTctQ0kuanBnJTIyJTIwZGF0YS1zdGFuZGFyZCUzRCUyMmh0dHBzJTNBJTJGJTJGYWF0YXVkaW8uY29tLmJyJTJGd3AtY29udGVudCUyRnVwbG9hZHMlMkZiYW5uZXItem9vbS1QTS03LUNJLmpwZyUyMiUzRSUwQSUyMCUyMCUyMCUyMCUyMCUyMCUzQ2ltZyUyMHNyYyUzRCUyMmh0dHBzJTNBJTJGJTJGYWF0YXVkaW8uY29tLmJyJTJGd3AtY29udGVudCUyRnVwbG9hZHMlMkZiYW5uZXItem9vbS1QTS03LUNJLmpwZyUyMiUyMGFsdCUzRCUyMmFjLTElMjIlM0UlMEElMjAlMjAlMjAlMjAlMjAlMjAlM0MlMkZhJTNFJTBBJTIwJTIwJTIwJTNDJTJGbGklM0UlMEElMjAlMjAlMjAlM0NsaSUzRSUwQSUyMCUyMCUyMCUyMCUyMCUyMCUzQ2ElMjBocmVmJTNEJTIyaHR0cHMlM0ElMkYlMkZhYXRhdWRpby5jb20uYnIlMkZ3cC1jb250ZW50JTJGdXBsb2FkcyUyRmJhbm5lci16b29tLVBNLTctQ0ktMS5qcGclMjIlMjBkYXRhLXN0YW5kYXJkJTNEJTIyaHR0cHMlM0ElMkYlMkZhYXRhdWRpby5jb20uYnIlMkZ3cC1jb250ZW50JTJGdXBsb2FkcyUyRmJhbm5lci16b29tLVBNLTctQ0ktMS5qcGclMjIlM0UlMEElMjAlMjAlMjAlMjAlMjAlMjAlM0NpbWclMjBzcmMlM0QlMjJodHRwcyUzQSUyRiUyRmFhdGF1ZGlvLmNvbS5iciUyRndwLWNvbnRlbnQlMkZ1cGxvYWRzJTJGYmFubmVyLXpvb20tUE0tNy1DSS0xLmpwZyUyMiUyMGFsdCUzRCUyMmFjLTIlMjIlM0UlMEElMjAlMjAlMjAlMjAlMjAlMjAlM0MlMkZhJTNFJTBBJTIwJTIwJTIwJTNDJTJGbGklM0UlMEElMjAlMjAlMjAlM0NsaSUzRSUwQSUyMCUyMCUyMCUyMCUyMCUyMCUzQ2ElMjBocmVmJTNEJTIyaHR0cHMlM0ElMkYlMkZhYXRhdWRpby5jb20uYnIlMkZ3cC1jb250ZW50JTJGdXBsb2FkcyUyRlBNLTctQ0lfdHJhc2VpcmEtdjIuanBnJTIyJTIwZGF0YS1zdGFuZGFyZCUzRCUyMmh0dHBzJTNBJTJGJTJGYWF0YXVkaW8uY29tLmJyJTJGd3AtY29udGVudCUyRnVwbG9hZHMlMkZQTS03LUNJX3RyYXNlaXJhLXYyLmpwZyUyMiUzRSUwQSUyMCUyMCUyMCUyMCUyMCUyMCUzQ2ltZyUyMHNyYyUzRCUyMmh0dHBzJTNBJTJGJTJGYWF0YXVkaW8uY29tLmJyJTJGd3AtY29udGVudCUyRnVwbG9hZHMlMkZQTS03LUNJX3RyYXNlaXJhLXYyLmpwZyUyMiUyMGFsdCUzRCUyMmFjLTMlMjIlM0UlMEElMjAlMjAlMjAlMjAlMjAlMjAlM0MlMkZhJTNFJTBBJTIwJTIwJTIwJTNDJTJGbGklM0UlMEElMjAlMjAlMjAlM0NsaSUzRSUwQSUyMCUyMCUyMCUyMCUyMCUyMCUzQ2ElMjBocmVmJTNEJTIyaHR0cHMlM0ElMkYlMkZhYXRhdWRpby5jb20uYnIlMkZ3cC1jb250ZW50JTJGdXBsb2FkcyUyRmJhbm5lci16b29tLXBtLTYtYXRlLTktY2ktYW1iaWVudGFkYS5qcGclMjIlMjBkYXRhLXN0YW5kYXJkJTNEJTIyaHR0cHMlM0ElMkYlMkZhYXRhdWRpby5jb20uYnIlMkZ3cC1jb250ZW50JTJGdXBsb2FkcyUyRmJhbm5lci16b29tLXBtLTYtYXRlLTktY2ktYW1iaWVudGFkYS5qcGclMjIlM0UlMEElMjAlMjAlMjAlMjAlMjAlMjAlM0NpbWclMjBzcmMlM0QlMjJodHRwcyUzQSUyRiUyRmFhdGF1ZGlvLmNvbS5iciUyRndwLWNvbnRlbnQlMkZ1cGxvYWRzJTJGYmFubmVyLXpvb20tcG0tNi1hdGUtOS1jaS1hbWJpZW50YWRhLmpwZyUyMiUyMGFsdCUzRCUyMmFjLTMlMjIlM0UlMEElMjAlMjAlMjAlMjAlMjAlMjAlM0MlMkZhJTNFJTBBJTIwJTIwJTIwJTNDJTJGbGklM0UlMEElM0MlMkZ1bCUzRQ==[\/vc_raw_html][\/vc_column_inner][\/vc_row_inner][vc_row_inner][vc_column_inner width=&#8221;1\/2&#8243;][\/vc_column_inner][vc_column_inner width=&#8221;1\/2&#8243;][vc_column_text] Share via Whatsapp[\/vc_column_text][\/vc_column_inner][\/vc_row_inner][\/vc_column][\/vc_row][vc_row el_id=&#8221;tab-menu-produto&#8221;][vc_column][vc_row_inner][vc_column_inner][vc_btn title=&#8221;Descri\u00e7\u00e3o&#8221; shape=&#8221;square&#8221; link=&#8221;url:%23descricao|||rel:nofollow&#8221; el_class=&#8221;ancor-scroll&#8221;][vc_btn title=&#8221;Caracteristicas&#8221; shape=&#8221;square&#8221; link=&#8221;url:%23caracteristicas|||rel:nofollow&#8221; el_class=&#8221;ancor-scroll&#8221;][vc_btn title=&#8221;Especifica\u00e7\u00f5es&#8221; shape=&#8221;square&#8221; link=&#8221;url:%23especificacoes|||rel:nofollow&#8221; el_class=&#8221;ancor-scroll&#8221;][\/vc_column_inner][\/vc_row_inner][\/vc_column][\/vc_row][vc_row el_id=&#8221;descricao&#8221;][vc_column][vc_row_inner][vc_column_inner][vc_column_text] DESCRI\u00c7\u00c3O Os amplificadores est\u00e9reo PM-7 CI e PM-9 CI, que pertencem \u00e0 linha Multi-Impedance AAT, s\u00e3o solu\u00e7\u00f5es perfeitas para a sonoriza\u00e7\u00e3o de espa\u00e7os comerciais e corporativos, como restaurantes, supermercados, lojas, cl\u00ednicas e escrit\u00f3rios. Podem trabalhar [&hellip;]<\/p>\n","protected":false},"author":5,"featured_media":3496,"parent":3544,"menu_order":2,"comment_status":"closed","ping_status":"closed","template":"page-fullwidth.php","meta":{"footnotes":""},"class_list":["post-3531","page","type-page","status-publish","has-post-thumbnail","hentry"],"_links":{"self":[{"href":"https:\/\/aataudio.com.br\/home\/wp-json\/wp\/v2\/pages\/3531"}],"collection":[{"href":"https:\/\/aataudio.com.br\/home\/wp-json\/wp\/v2\/pages"}],"about":[{"href":"https:\/\/aataudio.com.br\/home\/wp-json\/wp\/v2\/types\/page"}],"author":[{"embeddable":true,"href":"https:\/\/aataudio.com.br\/home\/wp-json\/wp\/v2\/users\/5"}],"replies":[{"embeddable":true,"href":"https:\/\/aataudio.com.br\/home\/wp-json\/wp\/v2\/comments?post=3531"}],"version-history":[{"count":10,"href":"https:\/\/aataudio.com.br\/home\/wp-json\/wp\/v2\/pages\/3531\/revisions"}],"predecessor-version":[{"id":12803,"href":"https:\/\/aataudio.com.br\/home\/wp-json\/wp\/v2\/pages\/3531\/revisions\/12803"}],"up":[{"embeddable":true,"href":"https:\/\/aataudio.com.br\/home\/wp-json\/wp\/v2\/pages\/3544"}],"wp:featuredmedia":[{"embeddable":true,"href":"https:\/\/aataudio.com.br\/home\/wp-json\/wp\/v2\/media\/3496"}],"wp:attachment":[{"href":"https:\/\/aataudio.com.br\/home\/wp-json\/wp\/v2\/media?parent=3531"}],"curies":[{"name":"wp","href":"https:\/\/api.w.org\/{rel}","templated":true}]}}