{"id":3390,"date":"2019-05-29T15:28:28","date_gmt":"2019-05-29T18:28:28","guid":{"rendered":"https:\/\/aataudio.com.br\/?page_id=3390"},"modified":"2026-01-21T08:43:29","modified_gmt":"2026-01-21T11:43:29","slug":"gain-box","status":"publish","type":"page","link":"https:\/\/aataudio.com.br\/home\/audio-video-solutions\/gain-box\/","title":{"rendered":"AAT GAIN BOX"},"content":{"rendered":"<div class=\"wpb-content-wrapper\"><p>[vc_row][vc_column][vc_row_inner][vc_column_inner][vc_raw_html]JTNDZGl2JTIwY2xhc3MlM0QlMjJlYXN5em9vbSUyMGVhc3l6b29tLS13aXRoLXRodW1ibmFpbHMlMjIlM0UlMEElMjAlMjAlMjAlM0NhJTIwaHJlZiUzRCUyMmh0dHBzJTNBJTJGJTJGYWF0YXVkaW8uY29tLmJyJTJGd3AtY29udGVudCUyRnVwbG9hZHMlMkZiYW5uZXItem9vbS1nYWluLmpwZyUyMiUyMGNsYXNzJTNEJTIyem9vbS1tYXN0ZXIlMjIlM0UlMEElMjAlMjAlMjAlM0NpbWclMjBzcmMlM0QlMjJodHRwcyUzQSUyRiUyRmFhdGF1ZGlvLmNvbS5iciUyRndwLWNvbnRlbnQlMkZ1cGxvYWRzJTJGYmFubmVyLXpvb20tZ2Fpbi5qcGclMjIlMjBhbHQlM0QlMjJhYy0xJTIyJTNFJTBBJTIwJTIwJTIwJTNDJTJGYSUzRSUwQSUyMCUyMCUyMCUzQ2RpdiUyMGNsYXNzJTNEJTIyZWFzeXpvb20tZmx5b3V0JTIyJTNFJTNDJTJGZGl2JTNFJTBBJTNDJTJGZGl2JTNFJTBBJTNDdWwlMjBjbGFzcyUzRCUyMnRodW1ibmFpbHMlMjIlM0UlMEElMjAlMjAlMjAlM0NsaSUzRSUwQSUyMCUyMCUyMCUyMCUyMCUyMCUzQ2ElMjBocmVmJTNEJTIyaHR0cHMlM0ElMkYlMkZhYXRhdWRpby5jb20uYnIlMkZ3cC1jb250ZW50JTJGdXBsb2FkcyUyRmJhbm5lci16b29tLWdhaW4uanBnJTIyJTIwZGF0YS1zdGFuZGFyZCUzRCUyMmh0dHBzJTNBJTJGJTJGYWF0YXVkaW8uY29tLmJyJTJGd3AtY29udGVudCUyRnVwbG9hZHMlMkZiYW5uZXItem9vbS1nYWluLmpwZyUyMiUzRSUwQSUyMCUyMCUyMCUyMCUyMCUyMCUzQ2ltZyUyMHNyYyUzRCUyMmh0dHBzJTNBJTJGJTJGYWF0YXVkaW8uY29tLmJyJTJGd3AtY29udGVudCUyRnVwbG9hZHMlMkZiYW5uZXItem9vbS1nYWluLmpwZyUyMiUyMGFsdCUzRCUyMmFjLTElMjIlM0UlMEElMjAlMjAlMjAlMjAlMjAlMjAlM0MlMkZhJTNFJTBBJTIwJTIwJTIwJTNDJTJGbGklM0UlMEElMjAlMjAlMjAlM0NsaSUzRSUwQSUyMCUyMCUyMCUyMCUyMCUyMCUzQ2ElMjBocmVmJTNEJTIyaHR0cHMlM0ElMkYlMkZhYXRhdWRpby5jb20uYnIlMkZ3cC1jb250ZW50JTJGdXBsb2FkcyUyRmJhbm5lci16b29tLWdhaW4tMS5qcGclMjIlMjBkYXRhLXN0YW5kYXJkJTNEJTIyaHR0cHMlM0ElMkYlMkZhYXRhdWRpby5jb20uYnIlMkZ3cC1jb250ZW50JTJGdXBsb2FkcyUyRmJhbm5lci16b29tLWdhaW4tMS5qcGclMjIlM0UlMEElMjAlMjAlMjAlMjAlMjAlMjAlM0NpbWclMjBzcmMlM0QlMjJodHRwcyUzQSUyRiUyRmFhdGF1ZGlvLmNvbS5iciUyRndwLWNvbnRlbnQlMkZ1cGxvYWRzJTJGYmFubmVyLXpvb20tZ2Fpbi0xLmpwZyUyMiUyMGFsdCUzRCUyMmFjLTIlMjIlM0UlMEElMjAlMjAlMjAlMjAlMjAlMjAlM0MlMkZhJTNFJTBBJTIwJTIwJTIwJTNDJTJGbGklM0UlMEElMjAlMjAlM0NsaSUzRSUwQSUyMCUyMCUyMCUyMCUyMCUyMCUzQ2ElMjBocmVmJTNEJTIyaHR0cHMlM0ElMkYlMkZhYXRhdWRpby5jb20uYnIlMkZ3cC1jb250ZW50JTJGdXBsb2FkcyUyRmJhbm5lci16b29tLWdhaW4tMy5qcGclMjIlMjBkYXRhLXN0YW5kYXJkJTNEJTIyaHR0cHMlM0ElMkYlMkZhYXRhdWRpby5jb20uYnIlMkZ3cC1jb250ZW50JTJGdXBsb2FkcyUyRmJhbm5lci16b29tLWdhaW4tMy5qcGclMjIlM0UlMEElMjAlMjAlMjAlMjAlMjAlMjAlM0NpbWclMjBzcmMlM0QlMjJodHRwcyUzQSUyRiUyRmFhdGF1ZGlvLmNvbS5iciUyRndwLWNvbnRlbnQlMkZ1cGxvYWRzJTJGYmFubmVyLXpvb20tZ2Fpbi0zLmpwZyUyMiUyMGFsdCUzRCUyMmFjLTIlMjIlM0UlMEElMjAlMjAlMjAlMjAlMjAlMjAlM0MlMkZhJTNFJTBBJTIwJTIwJTIwJTNDJTJGbGklM0UlMEElMjAlMjAlM0NsaSUzRSUwQSUyMCUyMCUyMCUyMCUyMCUyMCUzQ2ElMjBocmVmJTNEJTIyaHR0cHMlM0ElMkYlMkZhYXRhdWRpby5jb20uYnIlMkZ3cC1jb250ZW50JTJGdXBsb2FkcyUyRmJhbm5lci16b29tLWdhaW4tNC5qcGclMjIlMjBkYXRhLXN0YW5kYXJkJTNEJTIyaHR0cHMlM0ElMkYlMkZhYXRhdWRpby5jb20uYnIlMkZ3cC1jb250ZW50JTJGdXBsb2FkcyUyRmJhbm5lci16b29tLWdhaW4tNC5qcGclMjIlM0UlMEElMjAlMjAlMjAlMjAlMjAlMjAlM0NpbWclMjBzcmMlM0QlMjJodHRwcyUzQSUyRiUyRmFhdGF1ZGlvLmNvbS5iciUyRndwLWNvbnRlbnQlMkZ1cGxvYWRzJTJGYmFubmVyLXpvb20tZ2Fpbi00LmpwZyUyMiUyMGFsdCUzRCUyMmFjLTIlMjIlM0UlMEElMjAlMjAlMjAlMjAlMjAlMjAlM0MlMkZhJTNFJTBBJTIwJTIwJTIwJTNDJTJGbGklM0UlMEElMjAlMjAlM0NsaSUzRSUwQSUyMCUyMCUyMCUyMCUyMCUyMCUzQ2ElMjBocmVmJTNEJTIyaHR0cHMlM0ElMkYlMkZhYXRhdWRpby5jb20uYnIlMkZ3cC1jb250ZW50JTJGdXBsb2FkcyUyRmJhbm5lci16b29tLWdhaW4tNS5qcGclMjIlMjBkYXRhLXN0YW5kYXJkJTNEJTIyaHR0cHMlM0ElMkYlMkZhYXRhdWRpby5jb20uYnIlMkZ3cC1jb250ZW50JTJGdXBsb2FkcyUyRmJhbm5lci16b29tLWdhaW4tNS5qcGclMjIlM0UlMEElMjAlMjAlMjAlMjAlMjAlMjAlM0NpbWclMjBzcmMlM0QlMjJodHRwcyUzQSUyRiUyRmFhdGF1ZGlvLmNvbS5iciUyRndwLWNvbnRlbnQlMkZ1cGxvYWRzJTJGYmFubmVyLXpvb20tZ2Fpbi01LmpwZyUyMiUyMGFsdCUzRCUyMmFjLTIlMjIlM0UlMEElMjAlMjAlMjAlMjAlMjAlMjAlM0MlMkZhJTNFJTBBJTIwJTIwJTIwJTNDJTJGbGklM0UlMEElM0MlMkZ1bCUzRQ==[\/vc_raw_html][\/vc_column_inner][\/vc_row_inner][vc_row_inner][vc_column_inner width=&#8221;1\/2&#8243;][\/vc_column_inner][vc_column_inner width=&#8221;1\/2&#8243;][vc_column_text]<aside class=\"mashsb-container mashsb-main mashsb-stretched\"><div class=\"mashsb-box\"><div class=\"mashsb-buttons\"><a class=\"mashicon-facebook mash-small mash-center mashsb-noshadow mashsb-pure-icons\" href=\"https:\/\/www.facebook.com\/sharer.php?u=https%3A%2F%2Faataudio.com.br%2Fhome%2Faudio-video-solutions%2Fgain-box%2F\" target=\"_top\" rel=\"nofollow\"><span class=\"icon\"><\/span><span class=\"text\"><\/span><\/a><a class=\"mashicon-twitter mash-small mash-center mashsb-noshadow mashsb-pure-icons\" href=\"https:\/\/twitter.com\/intent\/tweet?text=&amp;url=https:\/\/aataudio.com.br\/home\/audio-video-solutions\/gain-box\/\" target=\"_top\" rel=\"nofollow\"><span class=\"icon\"><\/span><span class=\"text\"><\/span><\/a><a class=\"mashicon-whatsapp mash-small mash-center mashsb-noshadow mashsb-pure-icons\" href=\"\" target=\"_top\" rel=\"nofollow\"><span class=\"icon\"><\/span><span class=\"text\"><\/span><\/a><div class=\"onoffswitch2 mash-small mashsb-noshadow\" style=\"display:none\"><\/div><\/div><\/div>\n                    <div style=\"clear:both\"><\/div><div class=\"mashsb-toggle-container\"><\/div><\/aside>\n            <!-- Share buttons made by mashshare.net - Version: 4.0.47--><br \/>\n<a style=\"display: none;\" href=\"whatsapp:\/\/send?text=The text to share!\" data-action=\"share\/whatsapp\/share\">Share via Whatsapp<\/a>[\/vc_column_text][\/vc_column_inner][\/vc_row_inner][\/vc_column][\/vc_row][vc_row el_id=&#8221;tab-menu-produto&#8221;][vc_column][vc_row_inner][vc_column_inner][vc_btn title=&#8221;Descri\u00e7\u00e3o&#8221; shape=&#8221;square&#8221; link=&#8221;url:%23descricao|||rel:nofollow&#8221; el_class=&#8221;ancor-scroll&#8221;][vc_btn title=&#8221;Caracteristicas&#8221; shape=&#8221;square&#8221; link=&#8221;url:%23caracteristicas|||rel:nofollow&#8221; el_class=&#8221;ancor-scroll&#8221;][vc_btn title=&#8221;Especifica\u00e7\u00f5es&#8221; shape=&#8221;square&#8221; link=&#8221;url:%23especificacoes|||rel:nofollow&#8221; el_class=&#8221;ancor-scroll&#8221;][\/vc_column_inner][\/vc_row_inner][\/vc_column][\/vc_row][vc_row el_id=&#8221;descricao&#8221;][vc_column][vc_row_inner][vc_column_inner][vc_column_text]<\/p>\n<h3 class=\"info-page-title\">DESCRI\u00c7\u00c3O<\/h3>\n<p class=\"p1\"><span class=\"s1\">A AAT apresenta o GAIN BOX, acess\u00f3rio especialmente desenvolvido para solucionar quest\u00f5es de incompatibilidade na amplitude de sinais entre dois equipamentos, como amplificador e decoder de TV por assinatura. Geralmente, isso se manifesta em uma percept\u00edvel falta de volume que, muitas vezes, \u00e9 confundida com falta de pot\u00eancia. Em outras palavras, nota-se que o sinal sonoro poderia estar mais alto.<\/span><\/p>\n<p class=\"p1\"><span class=\"s1\">Agora, os integradores v\u00e3o se livrar desse tipo de obst\u00e1culo na instala\u00e7\u00e3o de forma r\u00e1pida, pr\u00e1tica e confi\u00e1vel. Exclusivo, o GAIN BOX AAT n\u00e3o tem op\u00e7\u00e3o similar no mercado nacional. \u00c9 um produto com ganho ajust\u00e1vel, que permite aumentar o sinal sonoro da forma desejada, resolvendo problemas de sinal baixo na interconex\u00e3o de produtos de \u00e1udio.<\/span><\/p>\n<p>[\/vc_column_text][\/vc_column_inner][\/vc_row_inner][\/vc_column][\/vc_row][vc_row el_id=&#8221;caracteristicas&#8221;][vc_column offset=&#8221;vc_col-sm-offset-0&#8243;][vc_row_inner][vc_column_inner][vc_column_text]<\/p>\n<h3 class=\"info-page-title\">CARACTER\u00cdSTICAS<\/h3>\n<p class=\"p1\"><span class=\"s1\">Com ganho chave\u00e1vel de 3 dB, 6 dB ou 12 dB, o GAIN BOX AAT \u00e9 a solu\u00e7\u00e3o definitiva para a amplifica\u00e7\u00e3o de sinais de \u00e1udio entre dois equipamentos, como amplificador e decoder de TV por assinatura em um projeto de som ambiente, por exemplo. O acess\u00f3rio, que vem com fonte de alimenta\u00e7\u00e3o externa, possui dois canais de amplifica\u00e7\u00e3o independentes de excepcional qualidade, com alto headroom, para evitar distor\u00e7\u00e3o por clipping do sinal.<\/span><\/p>\n<p>[\/vc_column_text][\/vc_column_inner][\/vc_row_inner][\/vc_column][\/vc_row][vc_row el_id=&#8221;especificacoes&#8221;][vc_column][vc_row_inner][vc_column_inner][vc_column_text]<\/p>\n<h3 class=\"info-page-title\">ESPECIFICA\u00c7\u00d5ES<\/h3>\n<p>[\/vc_column_text][\/vc_column_inner][\/vc_row_inner][vc_column_text]<\/p>\n<div class=\"table-responsive\">\n<table class=\"table table-especificacoes\">\n<thead>\n<tr>\n<th><\/th>\n<th style=\"text-align: center;\"><img loading=\"lazy\" decoding=\"async\" class=\"wp-image-3368 size-full aligncenter\" src=\"https:\/\/aataudio.com.br\/wp-content\/uploads\/menu-icon-gain.jpg\" alt=\"\" width=\"120\" height=\"120\" \/>gain box<\/th>\n<\/tr>\n<\/thead>\n<tbody>\n<tr class=\"table-first-row\">\n<th scope=\"row\"><strong>Ganho Chave\u00e1vel<\/strong><\/th>\n<td class=\"table-info-value\">3 dB = 1.4 vezes<br \/>\n6 dB = 2 vezes<br \/>\n12 dB = 4 vezes<\/td>\n<\/tr>\n<tr>\n<th style=\"white-space: normal;\" scope=\"row\"><strong>Frequency Response<\/strong><\/th>\n<td class=\"table-info-value\">2 Hz a 75 kHz, &#8211; 3 dB<\/td>\n<\/tr>\n<tr>\n<th scope=\"row\"><strong>Crosstalk<\/strong><\/th>\n<td class=\"table-info-value\">&gt; 85 dB(A)<\/td>\n<\/tr>\n<tr>\n<th scope=\"row\"><strong>S\/N Ratio<\/strong><\/th>\n<td class=\"table-info-value\">&gt; 90 dB(A)<\/td>\n<\/tr>\n<tr>\n<th scope=\"row\"><strong>THD + N<\/strong><\/th>\n<td class=\"table-info-value\">&lt; 0,003% 1 V \/ 1 kHz<\/td>\n<\/tr>\n<tr>\n<th scope=\"row\"><strong>Slew Rate<\/strong><\/th>\n<td class=\"table-info-value\">&gt;10V \/ useg<\/td>\n<\/tr>\n<tr>\n<th scope=\"row\"><strong>Maximum Output Voltage<\/strong><\/th>\n<td class=\"table-info-value\">10 V RMS<\/td>\n<\/tr>\n<tr>\n<th scope=\"row\"><strong>Maximum Inout Voltage<\/strong><\/th>\n<td class=\"table-info-value\">7 V RMS (Gain &#8211; 3 dB)<\/td>\n<\/tr>\n<tr>\n<th scope=\"row\"><strong>Input Impedance<\/strong><\/th>\n<td class=\"table-info-value\">15 K Ohms<\/td>\n<\/tr>\n<tr>\n<th scope=\"row\"><strong>Output Impedance<\/strong><\/th>\n<td class=\"table-info-value\">220 Ohms<\/td>\n<\/tr>\n<tr>\n<th scope=\"row\"><strong>Alimenta\u00e7\u00e3o do Conversor<\/strong><\/th>\n<td class=\"table-info-value\">12 VAC\/200 mA<\/td>\n<\/tr>\n<tr>\n<th scope=\"row\"><strong>Consumo M\u00e1ximo<\/strong><\/th>\n<td class=\"table-info-value\">2 W<\/td>\n<\/tr>\n<tr>\n<th scope=\"row\">Dimens\u00f5es (L x P x A)<\/th>\n<td class=\"table-info-value\">102 x 87 x 30 mm<\/td>\n<\/tr>\n<tr>\n<th scope=\"row\">Peso<\/th>\n<td class=\"table-info-value\">0,165 Kg<\/td>\n<\/tr>\n<\/tbody>\n<\/table>\n<\/div>\n<p>[\/vc_column_text][\/vc_column][\/vc_row][vc_row css=&#8221;.vc_custom_1619101252338{margin-top: 35px !important;}&#8221; el_id=&#8221;veja-tambem&#8221;][vc_column offset=&#8221;vc_hidden-xs&#8221;][vc_column_text]<\/p>\n<h3 class=\"info-page-title\">VEJA TAMB\u00c9M<\/h3>\n<p>[\/vc_column_text][vc_basic_grid post_type=&#8221;page&#8221; max_items=&#8221;-1&#8243; style=&#8221;pagination&#8221; items_per_page=&#8221;4&#8243; element_width=&#8221;3&#8243; gap=&#8221;20&#8243; orderby=&#8221;menu_order&#8221; order=&#8221;ASC&#8221; arrows_design=&#8221;vc_arrow-icon-arrow_07_left&#8221; arrows_position=&#8221;outside&#8221; arrows_color=&#8221;sky&#8221; paging_color=&#8221;sky&#8221; item=&#8221;184&#8243; initial_loading_animation=&#8221;none&#8221; grid_id=&#8221;vc_gid:1697661222223-31f01a1b-986d-3&#8243; taxonomies=&#8221;27&#8243; exclude=&#8221;3390&#8243;][\/vc_column][\/vc_row][vc_row css=&#8221;.vc_custom_1619101268857{margin-top: 35px !important;}&#8221; el_id=&#8221;veja-tambem-2&#8243;][vc_column offset=&#8221;vc_hidden-lg vc_hidden-md vc_hidden-sm&#8221;][vc_column_text]<\/p>\n<h3 class=\"info-page-title\">VEJA TAMB\u00c9M<\/h3>\n<p>[\/vc_column_text][vc_basic_grid post_type=&#8221;page&#8221; max_items=&#8221;-1&#8243; style=&#8221;pagination&#8221; items_per_page=&#8221;1&#8243; element_width=&#8221;12&#8243; gap=&#8221;20&#8243; orderby=&#8221;menu_order&#8221; order=&#8221;ASC&#8221; arrows_design=&#8221;vc_arrow-icon-arrow_07_left&#8221; arrows_color=&#8221;sky&#8221; paging_color=&#8221;sky&#8221; item=&#8221;184&#8243; initial_loading_animation=&#8221;none&#8221; grid_id=&#8221;vc_gid:1697661222224-f38f17ff-3509-3&#8243; taxonomies=&#8221;27&#8243; exclude=&#8221;3390&#8243;][\/vc_column][\/vc_row]<\/p>\n<\/div>","protected":false},"excerpt":{"rendered":"<p>[vc_row][vc_column][vc_row_inner][vc_column_inner][vc_raw_html]JTNDZGl2JTIwY2xhc3MlM0QlMjJlYXN5em9vbSUyMGVhc3l6b29tLS13aXRoLXRodW1ibmFpbHMlMjIlM0UlMEElMjAlMjAlMjAlM0NhJTIwaHJlZiUzRCUyMmh0dHBzJTNBJTJGJTJGYWF0YXVkaW8uY29tLmJyJTJGd3AtY29udGVudCUyRnVwbG9hZHMlMkZiYW5uZXItem9vbS1nYWluLmpwZyUyMiUyMGNsYXNzJTNEJTIyem9vbS1tYXN0ZXIlMjIlM0UlMEElMjAlMjAlMjAlM0NpbWclMjBzcmMlM0QlMjJodHRwcyUzQSUyRiUyRmFhdGF1ZGlvLmNvbS5iciUyRndwLWNvbnRlbnQlMkZ1cGxvYWRzJTJGYmFubmVyLXpvb20tZ2Fpbi5qcGclMjIlMjBhbHQlM0QlMjJhYy0xJTIyJTNFJTBBJTIwJTIwJTIwJTNDJTJGYSUzRSUwQSUyMCUyMCUyMCUzQ2RpdiUyMGNsYXNzJTNEJTIyZWFzeXpvb20tZmx5b3V0JTIyJTNFJTNDJTJGZGl2JTNFJTBBJTNDJTJGZGl2JTNFJTBBJTNDdWwlMjBjbGFzcyUzRCUyMnRodW1ibmFpbHMlMjIlM0UlMEElMjAlMjAlMjAlM0NsaSUzRSUwQSUyMCUyMCUyMCUyMCUyMCUyMCUzQ2ElMjBocmVmJTNEJTIyaHR0cHMlM0ElMkYlMkZhYXRhdWRpby5jb20uYnIlMkZ3cC1jb250ZW50JTJGdXBsb2FkcyUyRmJhbm5lci16b29tLWdhaW4uanBnJTIyJTIwZGF0YS1zdGFuZGFyZCUzRCUyMmh0dHBzJTNBJTJGJTJGYWF0YXVkaW8uY29tLmJyJTJGd3AtY29udGVudCUyRnVwbG9hZHMlMkZiYW5uZXItem9vbS1nYWluLmpwZyUyMiUzRSUwQSUyMCUyMCUyMCUyMCUyMCUyMCUzQ2ltZyUyMHNyYyUzRCUyMmh0dHBzJTNBJTJGJTJGYWF0YXVkaW8uY29tLmJyJTJGd3AtY29udGVudCUyRnVwbG9hZHMlMkZiYW5uZXItem9vbS1nYWluLmpwZyUyMiUyMGFsdCUzRCUyMmFjLTElMjIlM0UlMEElMjAlMjAlMjAlMjAlMjAlMjAlM0MlMkZhJTNFJTBBJTIwJTIwJTIwJTNDJTJGbGklM0UlMEElMjAlMjAlMjAlM0NsaSUzRSUwQSUyMCUyMCUyMCUyMCUyMCUyMCUzQ2ElMjBocmVmJTNEJTIyaHR0cHMlM0ElMkYlMkZhYXRhdWRpby5jb20uYnIlMkZ3cC1jb250ZW50JTJGdXBsb2FkcyUyRmJhbm5lci16b29tLWdhaW4tMS5qcGclMjIlMjBkYXRhLXN0YW5kYXJkJTNEJTIyaHR0cHMlM0ElMkYlMkZhYXRhdWRpby5jb20uYnIlMkZ3cC1jb250ZW50JTJGdXBsb2FkcyUyRmJhbm5lci16b29tLWdhaW4tMS5qcGclMjIlM0UlMEElMjAlMjAlMjAlMjAlMjAlMjAlM0NpbWclMjBzcmMlM0QlMjJodHRwcyUzQSUyRiUyRmFhdGF1ZGlvLmNvbS5iciUyRndwLWNvbnRlbnQlMkZ1cGxvYWRzJTJGYmFubmVyLXpvb20tZ2Fpbi0xLmpwZyUyMiUyMGFsdCUzRCUyMmFjLTIlMjIlM0UlMEElMjAlMjAlMjAlMjAlMjAlMjAlM0MlMkZhJTNFJTBBJTIwJTIwJTIwJTNDJTJGbGklM0UlMEElMjAlMjAlM0NsaSUzRSUwQSUyMCUyMCUyMCUyMCUyMCUyMCUzQ2ElMjBocmVmJTNEJTIyaHR0cHMlM0ElMkYlMkZhYXRhdWRpby5jb20uYnIlMkZ3cC1jb250ZW50JTJGdXBsb2FkcyUyRmJhbm5lci16b29tLWdhaW4tMy5qcGclMjIlMjBkYXRhLXN0YW5kYXJkJTNEJTIyaHR0cHMlM0ElMkYlMkZhYXRhdWRpby5jb20uYnIlMkZ3cC1jb250ZW50JTJGdXBsb2FkcyUyRmJhbm5lci16b29tLWdhaW4tMy5qcGclMjIlM0UlMEElMjAlMjAlMjAlMjAlMjAlMjAlM0NpbWclMjBzcmMlM0QlMjJodHRwcyUzQSUyRiUyRmFhdGF1ZGlvLmNvbS5iciUyRndwLWNvbnRlbnQlMkZ1cGxvYWRzJTJGYmFubmVyLXpvb20tZ2Fpbi0zLmpwZyUyMiUyMGFsdCUzRCUyMmFjLTIlMjIlM0UlMEElMjAlMjAlMjAlMjAlMjAlMjAlM0MlMkZhJTNFJTBBJTIwJTIwJTIwJTNDJTJGbGklM0UlMEElMjAlMjAlM0NsaSUzRSUwQSUyMCUyMCUyMCUyMCUyMCUyMCUzQ2ElMjBocmVmJTNEJTIyaHR0cHMlM0ElMkYlMkZhYXRhdWRpby5jb20uYnIlMkZ3cC1jb250ZW50JTJGdXBsb2FkcyUyRmJhbm5lci16b29tLWdhaW4tNC5qcGclMjIlMjBkYXRhLXN0YW5kYXJkJTNEJTIyaHR0cHMlM0ElMkYlMkZhYXRhdWRpby5jb20uYnIlMkZ3cC1jb250ZW50JTJGdXBsb2FkcyUyRmJhbm5lci16b29tLWdhaW4tNC5qcGclMjIlM0UlMEElMjAlMjAlMjAlMjAlMjAlMjAlM0NpbWclMjBzcmMlM0QlMjJodHRwcyUzQSUyRiUyRmFhdGF1ZGlvLmNvbS5iciUyRndwLWNvbnRlbnQlMkZ1cGxvYWRzJTJGYmFubmVyLXpvb20tZ2Fpbi00LmpwZyUyMiUyMGFsdCUzRCUyMmFjLTIlMjIlM0UlMEElMjAlMjAlMjAlMjAlMjAlMjAlM0MlMkZhJTNFJTBBJTIwJTIwJTIwJTNDJTJGbGklM0UlMEElMjAlMjAlM0NsaSUzRSUwQSUyMCUyMCUyMCUyMCUyMCUyMCUzQ2ElMjBocmVmJTNEJTIyaHR0cHMlM0ElMkYlMkZhYXRhdWRpby5jb20uYnIlMkZ3cC1jb250ZW50JTJGdXBsb2FkcyUyRmJhbm5lci16b29tLWdhaW4tNS5qcGclMjIlMjBkYXRhLXN0YW5kYXJkJTNEJTIyaHR0cHMlM0ElMkYlMkZhYXRhdWRpby5jb20uYnIlMkZ3cC1jb250ZW50JTJGdXBsb2FkcyUyRmJhbm5lci16b29tLWdhaW4tNS5qcGclMjIlM0UlMEElMjAlMjAlMjAlMjAlMjAlMjAlM0NpbWclMjBzcmMlM0QlMjJodHRwcyUzQSUyRiUyRmFhdGF1ZGlvLmNvbS5iciUyRndwLWNvbnRlbnQlMkZ1cGxvYWRzJTJGYmFubmVyLXpvb20tZ2Fpbi01LmpwZyUyMiUyMGFsdCUzRCUyMmFjLTIlMjIlM0UlMEElMjAlMjAlMjAlMjAlMjAlMjAlM0MlMkZhJTNFJTBBJTIwJTIwJTIwJTNDJTJGbGklM0UlMEElM0MlMkZ1bCUzRQ==[\/vc_raw_html][\/vc_column_inner][\/vc_row_inner][vc_row_inner][vc_column_inner width=&#8221;1\/2&#8243;][\/vc_column_inner][vc_column_inner width=&#8221;1\/2&#8243;][vc_column_text] Share via Whatsapp[\/vc_column_text][\/vc_column_inner][\/vc_row_inner][\/vc_column][\/vc_row][vc_row el_id=&#8221;tab-menu-produto&#8221;][vc_column][vc_row_inner][vc_column_inner][vc_btn title=&#8221;Descri\u00e7\u00e3o&#8221; shape=&#8221;square&#8221; link=&#8221;url:%23descricao|||rel:nofollow&#8221; el_class=&#8221;ancor-scroll&#8221;][vc_btn title=&#8221;Caracteristicas&#8221; shape=&#8221;square&#8221; link=&#8221;url:%23caracteristicas|||rel:nofollow&#8221; el_class=&#8221;ancor-scroll&#8221;][vc_btn title=&#8221;Especifica\u00e7\u00f5es&#8221; shape=&#8221;square&#8221; link=&#8221;url:%23especificacoes|||rel:nofollow&#8221; el_class=&#8221;ancor-scroll&#8221;][\/vc_column_inner][\/vc_row_inner][\/vc_column][\/vc_row][vc_row el_id=&#8221;descricao&#8221;][vc_column][vc_row_inner][vc_column_inner][vc_column_text] DESCRI\u00c7\u00c3O A AAT apresenta o GAIN BOX, acess\u00f3rio especialmente desenvolvido para solucionar quest\u00f5es de incompatibilidade na amplitude de sinais entre dois equipamentos, como amplificador e decoder de TV por assinatura. Geralmente, isso se manifesta em [&hellip;]<\/p>\n","protected":false},"author":5,"featured_media":3397,"parent":16164,"menu_order":3,"comment_status":"closed","ping_status":"closed","template":"page-fullwidth.php","meta":{"footnotes":""},"class_list":["post-3390","page","type-page","status-publish","has-post-thumbnail","hentry","tags-cabeadas","tags-solution"],"_links":{"self":[{"href":"https:\/\/aataudio.com.br\/home\/wp-json\/wp\/v2\/pages\/3390"}],"collection":[{"href":"https:\/\/aataudio.com.br\/home\/wp-json\/wp\/v2\/pages"}],"about":[{"href":"https:\/\/aataudio.com.br\/home\/wp-json\/wp\/v2\/types\/page"}],"author":[{"embeddable":true,"href":"https:\/\/aataudio.com.br\/home\/wp-json\/wp\/v2\/users\/5"}],"replies":[{"embeddable":true,"href":"https:\/\/aataudio.com.br\/home\/wp-json\/wp\/v2\/comments?post=3390"}],"version-history":[{"count":12,"href":"https:\/\/aataudio.com.br\/home\/wp-json\/wp\/v2\/pages\/3390\/revisions"}],"predecessor-version":[{"id":13054,"href":"https:\/\/aataudio.com.br\/home\/wp-json\/wp\/v2\/pages\/3390\/revisions\/13054"}],"up":[{"embeddable":true,"href":"https:\/\/aataudio.com.br\/home\/wp-json\/wp\/v2\/pages\/16164"}],"wp:featuredmedia":[{"embeddable":true,"href":"https:\/\/aataudio.com.br\/home\/wp-json\/wp\/v2\/media\/3397"}],"wp:attachment":[{"href":"https:\/\/aataudio.com.br\/home\/wp-json\/wp\/v2\/media?parent=3390"}],"curies":[{"name":"wp","href":"https:\/\/api.w.org\/{rel}","templated":true}]}}