{"id":3359,"date":"2019-05-29T14:31:05","date_gmt":"2019-05-29T17:31:05","guid":{"rendered":"https:\/\/aataudio.com.br\/?page_id=3359"},"modified":"2026-01-21T08:57:04","modified_gmt":"2026-01-21T11:57:04","slug":"as2l","status":"publish","type":"page","link":"https:\/\/aataudio.com.br\/home\/audio-video-solutions\/as2l\/","title":{"rendered":"AAT AS2L"},"content":{"rendered":"<div class=\"wpb-content-wrapper\"><p>[vc_row][vc_column][vc_row_inner][vc_column_inner][vc_raw_html]JTNDZGl2JTIwY2xhc3MlM0QlMjJlYXN5em9vbSUyMGVhc3l6b29tLS13aXRoLXRodW1ibmFpbHMlMjIlM0UlMEElMjAlMjAlMjAlM0NhJTIwaHJlZiUzRCUyMmh0dHBzJTNBJTJGJTJGYWF0YXVkaW8uY29tLmJyJTJGd3AtY29udGVudCUyRnVwbG9hZHMlMkZiYW5uZXItem9vbS1hczJsLmpwZyUyMiUyMGNsYXNzJTNEJTIyem9vbS1tYXN0ZXIlMjIlM0UlMEElMjAlMjAlMjAlM0NpbWclMjBzcmMlM0QlMjJodHRwcyUzQSUyRiUyRmFhdGF1ZGlvLmNvbS5iciUyRndwLWNvbnRlbnQlMkZ1cGxvYWRzJTJGYmFubmVyLXpvb20tYXMybC5qcGclMjIlMjBhbHQlM0QlMjJhYy0xJTIyJTNFJTBBJTIwJTIwJTIwJTNDJTJGYSUzRSUwQSUyMCUyMCUyMCUzQ2RpdiUyMGNsYXNzJTNEJTIyZWFzeXpvb20tZmx5b3V0JTIyJTNFJTNDJTJGZGl2JTNFJTBBJTNDJTJGZGl2JTNFJTBBJTNDdWwlMjBjbGFzcyUzRCUyMnRodW1ibmFpbHMlMjIlM0UlMEElMjAlMjAlMjAlM0NsaSUzRSUwQSUyMCUyMCUyMCUyMCUyMCUyMCUzQ2ElMjBocmVmJTNEJTIyaHR0cHMlM0ElMkYlMkZhYXRhdWRpby5jb20uYnIlMkZ3cC1jb250ZW50JTJGdXBsb2FkcyUyRmJhbm5lci16b29tLWFzMmwuanBnJTIyJTIwZGF0YS1zdGFuZGFyZCUzRCUyMmh0dHBzJTNBJTJGJTJGYWF0YXVkaW8uY29tLmJyJTJGd3AtY29udGVudCUyRnVwbG9hZHMlMkZiYW5uZXItem9vbS1hczJsLmpwZyUyMiUzRSUwQSUyMCUyMCUyMCUyMCUyMCUyMCUzQ2ltZyUyMHNyYyUzRCUyMmh0dHBzJTNBJTJGJTJGYWF0YXVkaW8uY29tLmJyJTJGd3AtY29udGVudCUyRnVwbG9hZHMlMkZiYW5uZXItem9vbS1hczJsLmpwZyUyMiUyMGFsdCUzRCUyMmFjLTElMjIlM0UlMEElMjAlMjAlMjAlMjAlMjAlMjAlM0MlMkZhJTNFJTBBJTIwJTIwJTIwJTNDJTJGbGklM0UlMEElMjAlMjAlMjAlM0NsaSUzRSUwQSUyMCUyMCUyMCUyMCUyMCUyMCUzQ2ElMjBocmVmJTNEJTIyaHR0cHMlM0ElMkYlMkZhYXRhdWRpby5jb20uYnIlMkZ3cC1jb250ZW50JTJGdXBsb2FkcyUyRmJhbm5lci16b29tLWFzMmwtMS5qcGclMjIlMjBkYXRhLXN0YW5kYXJkJTNEJTIyaHR0cHMlM0ElMkYlMkZhYXRhdWRpby5jb20uYnIlMkZ3cC1jb250ZW50JTJGdXBsb2FkcyUyRmJhbm5lci16b29tLWFzMmwtMS5qcGclMjIlM0UlMEElMjAlMjAlMjAlMjAlMjAlMjAlM0NpbWclMjBzcmMlM0QlMjJodHRwcyUzQSUyRiUyRmFhdGF1ZGlvLmNvbS5iciUyRndwLWNvbnRlbnQlMkZ1cGxvYWRzJTJGYmFubmVyLXpvb20tYXMybC0xLmpwZyUyMiUyMGFsdCUzRCUyMmFjLTIlMjIlM0UlMEElMjAlMjAlMjAlMjAlMjAlMjAlM0MlMkZhJTNFJTBBJTIwJTIwJTIwJTNDJTJGbGklM0UlMEElMjAlMjAlM0NsaSUzRSUwQSUyMCUyMCUyMCUyMCUyMCUyMCUzQ2ElMjBocmVmJTNEJTIyaHR0cHMlM0ElMkYlMkZhYXRhdWRpby5jb20uYnIlMkZ3cC1jb250ZW50JTJGdXBsb2FkcyUyRmJhbm5lci16b29tLWFzMmwtMi5qcGclMjIlMjBkYXRhLXN0YW5kYXJkJTNEJTIyaHR0cHMlM0ElMkYlMkZhYXRhdWRpby5jb20uYnIlMkZ3cC1jb250ZW50JTJGdXBsb2FkcyUyRmJhbm5lci16b29tLWFzMmwtMi5qcGclMjIlM0UlMEElMjAlMjAlMjAlMjAlMjAlMjAlM0NpbWclMjBzcmMlM0QlMjJodHRwcyUzQSUyRiUyRmFhdGF1ZGlvLmNvbS5iciUyRndwLWNvbnRlbnQlMkZ1cGxvYWRzJTJGYmFubmVyLXpvb20tYXMybC0yLmpwZyUyMiUyMGFsdCUzRCUyMmFjLTIlMjIlM0UlMEElMjAlMjAlMjAlMjAlMjAlMjAlM0MlMkZhJTNFJTBBJTIwJTIwJTIwJTNDJTJGbGklM0UlMEElMjAlMjAlM0NsaSUzRSUwQSUyMCUyMCUyMCUyMCUyMCUyMCUzQ2ElMjBocmVmJTNEJTIyaHR0cHMlM0ElMkYlMkZhYXRhdWRpby5jb20uYnIlMkZ3cC1jb250ZW50JTJGdXBsb2FkcyUyRmJhbm5lci16b29tLWFzMmwtMy5qcGclMjIlMjBkYXRhLXN0YW5kYXJkJTNEJTIyaHR0cHMlM0ElMkYlMkZhYXRhdWRpby5jb20uYnIlMkZ3cC1jb250ZW50JTJGdXBsb2FkcyUyRmJhbm5lci16b29tLWFzMmwtMy5qcGclMjIlM0UlMEElMjAlMjAlMjAlMjAlMjAlMjAlM0NpbWclMjBzcmMlM0QlMjJodHRwcyUzQSUyRiUyRmFhdGF1ZGlvLmNvbS5iciUyRndwLWNvbnRlbnQlMkZ1cGxvYWRzJTJGYmFubmVyLXpvb20tYXMybC0zLmpwZyUyMiUyMGFsdCUzRCUyMmFjLTIlMjIlM0UlMEElMjAlMjAlMjAlMjAlMjAlMjAlM0MlMkZhJTNFJTBBJTIwJTIwJTIwJTNDJTJGbGklM0UlMEElMjAlMjAlM0NsaSUzRSUwQSUyMCUyMCUyMCUyMCUyMCUyMCUzQ2ElMjBocmVmJTNEJTIyaHR0cHMlM0ElMkYlMkZhYXRhdWRpby5jb20uYnIlMkZ3cC1jb250ZW50JTJGdXBsb2FkcyUyRmJhbm5lci16b29tLWFzMmwtNC5qcGclMjIlMjBkYXRhLXN0YW5kYXJkJTNEJTIyaHR0cHMlM0ElMkYlMkZhYXRhdWRpby5jb20uYnIlMkZ3cC1jb250ZW50JTJGdXBsb2FkcyUyRmJhbm5lci16b29tLWFzMmwtNC5qcGclMjIlM0UlMEElMjAlMjAlMjAlMjAlMjAlMjAlM0NpbWclMjBzcmMlM0QlMjJodHRwcyUzQSUyRiUyRmFhdGF1ZGlvLmNvbS5iciUyRndwLWNvbnRlbnQlMkZ1cGxvYWRzJTJGYmFubmVyLXpvb20tYXMybC00LmpwZyUyMiUyMGFsdCUzRCUyMmFjLTIlMjIlM0UlMEElMjAlMjAlMjAlMjAlMjAlMjAlM0MlMkZhJTNFJTBBJTIwJTIwJTIwJTNDJTJGbGklM0UlMEElM0MlMkZ1bCUzRQ==[\/vc_raw_html][\/vc_column_inner][\/vc_row_inner][vc_row_inner][vc_column_inner width=&#8221;1\/2&#8243;][\/vc_column_inner][vc_column_inner width=&#8221;1\/2&#8243;][vc_column_text]<aside class=\"mashsb-container mashsb-main mashsb-stretched\"><div class=\"mashsb-box\"><div class=\"mashsb-buttons\"><a class=\"mashicon-facebook mash-small mash-center mashsb-noshadow mashsb-pure-icons\" href=\"https:\/\/www.facebook.com\/sharer.php?u=https%3A%2F%2Faataudio.com.br%2Fhome%2Faudio-video-solutions%2Fas2l%2F\" target=\"_top\" rel=\"nofollow\"><span class=\"icon\"><\/span><span class=\"text\"><\/span><\/a><a class=\"mashicon-twitter mash-small mash-center mashsb-noshadow mashsb-pure-icons\" href=\"https:\/\/twitter.com\/intent\/tweet?text=&amp;url=https:\/\/aataudio.com.br\/home\/audio-video-solutions\/as2l\/\" target=\"_top\" rel=\"nofollow\"><span class=\"icon\"><\/span><span class=\"text\"><\/span><\/a><a class=\"mashicon-whatsapp mash-small mash-center mashsb-noshadow mashsb-pure-icons\" href=\"\" target=\"_top\" rel=\"nofollow\"><span class=\"icon\"><\/span><span class=\"text\"><\/span><\/a><div class=\"onoffswitch2 mash-small mashsb-noshadow\" style=\"display:none\"><\/div><\/div><\/div>\n                    <div style=\"clear:both\"><\/div><div class=\"mashsb-toggle-container\"><\/div><\/aside>\n            <!-- Share buttons made by mashshare.net - Version: 4.0.47--><br \/>\n<a style=\"display: none;\" href=\"whatsapp:\/\/send?text=The text to share!\" data-action=\"share\/whatsapp\/share\">Share via Whatsapp<\/a>[\/vc_column_text][\/vc_column_inner][\/vc_row_inner][\/vc_column][\/vc_row][vc_row el_id=&#8221;tab-menu-produto&#8221;][vc_column][vc_row_inner][vc_column_inner][vc_btn title=&#8221;Descri\u00e7\u00e3o&#8221; shape=&#8221;square&#8221; link=&#8221;url:%23descricao|||rel:nofollow&#8221; el_class=&#8221;ancor-scroll&#8221;][vc_btn title=&#8221;Caracteristicas&#8221; shape=&#8221;square&#8221; link=&#8221;url:%23caracteristicas|||rel:nofollow&#8221; el_class=&#8221;ancor-scroll&#8221;][vc_btn title=&#8221;Especifica\u00e7\u00f5es&#8221; shape=&#8221;square&#8221; link=&#8221;url:%23especificacoes|||rel:nofollow&#8221; el_class=&#8221;ancor-scroll&#8221;][\/vc_column_inner][\/vc_row_inner][\/vc_column][\/vc_row][vc_row el_id=&#8221;descricao&#8221;][vc_column][vc_row_inner][vc_column_inner][vc_column_text]<\/p>\n<h3 class=\"info-page-title\">DESCRI\u00c7\u00c3O<\/h3>\n<p>O AAT Active Speaker to Line Level Converter Box \u00e9 a solu\u00e7\u00e3o que faltava para conectar produtos que n\u00e3o possuem sa\u00eddas RCA vari\u00e1veis, como amplificadores e receivers est\u00e9reo, por exemplo, a subwoofers ou outros amplificadores e receivers. Diferente de todos os conversores Speaker to Line Level do mercado, o conversor da AAT \u00e9 ativo. Isso faz toda a diferen\u00e7a, j\u00e1 que o acess\u00f3rio apresenta a melhor imunidade a ru\u00eddos e a melhor qualidade de convers\u00e3o de \u00e1udio entre todas as op\u00e7\u00f5es dispon\u00edveis.[\/vc_column_text][\/vc_column_inner][\/vc_row_inner][\/vc_column][\/vc_row][vc_row el_id=&#8221;caracteristicas&#8221;][vc_column offset=&#8221;vc_col-sm-offset-0&#8243;][vc_row_inner][vc_column_inner][vc_column_text]<\/p>\n<h3 class=\"info-page-title\">CARACTER\u00cdSTICAS<\/h3>\n<p>Sendo o \u00fanico conversor speaker level ativo do mercado, o produto da AAT j\u00e1 leva vantagem por apresentar rejei\u00e7\u00e3o de ru\u00eddo de rede el\u00e9trica de 1.000 vezes em rela\u00e7\u00e3o a um conversor passivo comum. Sua entrada acomoda amplificadores com pot\u00eancia de at\u00e9 400W RMS, realizando a convers\u00e3o desse sinal de alta pot\u00eancia em sinal de n\u00edvel de linha com a qualidade que somete a AAT consegue entregar. A fonte de alimenta\u00e7\u00e3o, imprescind\u00edvel para o funcionamento desse tipo de produto, acompanha o conversor.[\/vc_column_text][\/vc_column_inner][\/vc_row_inner][\/vc_column][\/vc_row][vc_row el_id=&#8221;especificacoes&#8221;][vc_column][vc_row_inner][vc_column_inner][vc_column_text]<\/p>\n<h3 class=\"info-page-title\">ESPECIFICA\u00c7\u00d5ES<\/h3>\n<p>[\/vc_column_text][\/vc_column_inner][\/vc_row_inner][vc_column_text]<\/p>\n<div class=\"table-responsive\">\n<table class=\"table table-especificacoes\">\n<thead>\n<tr>\n<th><\/th>\n<th style=\"text-align: center;\"><img loading=\"lazy\" decoding=\"async\" class=\"wp-image-3366 size-full aligncenter\" src=\"https:\/\/aataudio.com.br\/wp-content\/uploads\/menu-icon-as2l.jpg\" alt=\"\" width=\"120\" height=\"120\" \/>as2l<\/th>\n<\/tr>\n<\/thead>\n<tbody>\n<tr class=\"table-first-row\">\n<th scope=\"row\"><strong>Atenua\u00e7\u00e3o do sinal speaker level<\/strong><\/th>\n<td class=\"table-info-value\">30.3 dB = 33 vezes<\/td>\n<\/tr>\n<tr>\n<th style=\"white-space: normal;\" scope=\"row\"><strong>Atenua\u00e7\u00e3o de ru\u00eddo modo comum (60 Hz) \u2013 CMRR<\/strong><\/th>\n<td class=\"table-info-value\">60 dB ou 1000 vezes<\/td>\n<\/tr>\n<tr>\n<th scope=\"row\"><strong>Frequency response<\/strong><\/th>\n<td class=\"table-info-value\">2 Hz a 300 kHz, &#8211; 3 dB<\/td>\n<\/tr>\n<tr>\n<th scope=\"row\"><strong>Crosstalk<\/strong><\/th>\n<td class=\"table-info-value\">&gt; 80 dB(A)<\/td>\n<\/tr>\n<tr>\n<th scope=\"row\"><strong>S\/N Ratio<\/strong><\/th>\n<td class=\"table-info-value\">&gt; 90 dB(A)<\/td>\n<\/tr>\n<tr>\n<th scope=\"row\"><strong>THD + N<\/strong><\/th>\n<td class=\"table-info-value\">&lt; 0,01% 1 V \/ 1 kHz<\/td>\n<\/tr>\n<tr>\n<th scope=\"row\"><strong>Slew Rate<\/strong><\/th>\n<td class=\"table-info-value\">&gt;10V \/ useg<\/td>\n<\/tr>\n<tr>\n<th scope=\"row\"><strong>Maximum Output Voltage<\/strong><\/th>\n<td class=\"table-info-value\">8 V RMS<\/td>\n<\/tr>\n<tr>\n<th scope=\"row\"><strong>Maximum Input Voltage<\/strong><\/th>\n<td class=\"table-info-value\">40 V RMS<\/td>\n<\/tr>\n<tr>\n<th scope=\"row\"><strong>Input Impedance<\/strong><\/th>\n<td class=\"table-info-value\">680 Ohms<\/td>\n<\/tr>\n<tr>\n<th scope=\"row\"><strong>Output impedance<\/strong><\/th>\n<td class=\"table-info-value\">220 Ohms<\/td>\n<\/tr>\n<tr>\n<th scope=\"row\"><strong>Maximum input power<\/strong><\/th>\n<td class=\"table-info-value\">8 ohms &#8211; 200 W RMS \/ 4 ohms &#8211; 400 W RMS<\/td>\n<\/tr>\n<tr>\n<th scope=\"row\"><strong>Recommended amplifier power<\/strong><\/th>\n<td class=\"table-info-value\">5-200W RMS em 8 ohms e 10-400 W RMS em 4 ohms<\/td>\n<\/tr>\n<tr>\n<th scope=\"row\"><strong>Alimenta\u00e7\u00e3o do conversor<\/strong><\/th>\n<td class=\"table-info-value\">12VAC\/200 mA<\/td>\n<\/tr>\n<tr>\n<th scope=\"row\"><strong>Consumo m\u00e1ximo<\/strong><\/th>\n<td class=\"table-info-value\">1,5W<\/td>\n<\/tr>\n<tr>\n<th scope=\"row\">Dimens\u00f5es (L x P x A)<\/th>\n<td class=\"table-info-value\">107 x 87 x 30 mm<\/td>\n<\/tr>\n<tr>\n<th scope=\"row\">Peso<\/th>\n<td class=\"table-info-value\">0,180 Kg<\/td>\n<\/tr>\n<\/tbody>\n<\/table>\n<\/div>\n<p>[\/vc_column_text][\/vc_column][\/vc_row][vc_row css=&#8221;.vc_custom_1619098974946{margin-top: 35px !important;}&#8221; el_id=&#8221;veja-tambem&#8221;][vc_column offset=&#8221;vc_hidden-xs&#8221;][vc_column_text]<\/p>\n<h3 class=\"info-page-title\">VEJA TAMB\u00c9M<\/h3>\n<p>[\/vc_column_text][vc_basic_grid post_type=&#8221;page&#8221; max_items=&#8221;-1&#8243; style=&#8221;pagination&#8221; items_per_page=&#8221;4&#8243; element_width=&#8221;3&#8243; gap=&#8221;20&#8243; orderby=&#8221;menu_order&#8221; order=&#8221;ASC&#8221; arrows_design=&#8221;vc_arrow-icon-arrow_07_left&#8221; arrows_position=&#8221;outside&#8221; arrows_color=&#8221;sky&#8221; paging_color=&#8221;sky&#8221; item=&#8221;184&#8243; initial_loading_animation=&#8221;none&#8221; grid_id=&#8221;vc_gid:1697661696367-6dd62e3a-9be0-2&#8243; taxonomies=&#8221;27&#8243; exclude=&#8221;3359&#8243;][\/vc_column][\/vc_row][vc_row css=&#8221;.vc_custom_1619098986011{margin-top: 35px !important;}&#8221; el_id=&#8221;veja-tambem-2&#8243;][vc_column offset=&#8221;vc_hidden-lg vc_hidden-md vc_hidden-sm&#8221;][vc_column_text]<\/p>\n<h3 class=\"info-page-title\">VEJA TAMB\u00c9M<\/h3>\n<p>[\/vc_column_text][vc_basic_grid post_type=&#8221;page&#8221; max_items=&#8221;-1&#8243; style=&#8221;pagination&#8221; items_per_page=&#8221;1&#8243; element_width=&#8221;12&#8243; gap=&#8221;20&#8243; orderby=&#8221;menu_order&#8221; order=&#8221;ASC&#8221; arrows_design=&#8221;vc_arrow-icon-arrow_07_left&#8221; arrows_color=&#8221;sky&#8221; paging_color=&#8221;sky&#8221; item=&#8221;184&#8243; initial_loading_animation=&#8221;none&#8221; grid_id=&#8221;vc_gid:1697661696370-b87890e8-72fb-1&#8243; taxonomies=&#8221;27&#8243; exclude=&#8221;3359&#8243;][\/vc_column][\/vc_row]<\/p>\n<\/div>","protected":false},"excerpt":{"rendered":"<p>[vc_row][vc_column][vc_row_inner][vc_column_inner][vc_raw_html]JTNDZGl2JTIwY2xhc3MlM0QlMjJlYXN5em9vbSUyMGVhc3l6b29tLS13aXRoLXRodW1ibmFpbHMlMjIlM0UlMEElMjAlMjAlMjAlM0NhJTIwaHJlZiUzRCUyMmh0dHBzJTNBJTJGJTJGYWF0YXVkaW8uY29tLmJyJTJGd3AtY29udGVudCUyRnVwbG9hZHMlMkZiYW5uZXItem9vbS1hczJsLmpwZyUyMiUyMGNsYXNzJTNEJTIyem9vbS1tYXN0ZXIlMjIlM0UlMEElMjAlMjAlMjAlM0NpbWclMjBzcmMlM0QlMjJodHRwcyUzQSUyRiUyRmFhdGF1ZGlvLmNvbS5iciUyRndwLWNvbnRlbnQlMkZ1cGxvYWRzJTJGYmFubmVyLXpvb20tYXMybC5qcGclMjIlMjBhbHQlM0QlMjJhYy0xJTIyJTNFJTBBJTIwJTIwJTIwJTNDJTJGYSUzRSUwQSUyMCUyMCUyMCUzQ2RpdiUyMGNsYXNzJTNEJTIyZWFzeXpvb20tZmx5b3V0JTIyJTNFJTNDJTJGZGl2JTNFJTBBJTNDJTJGZGl2JTNFJTBBJTNDdWwlMjBjbGFzcyUzRCUyMnRodW1ibmFpbHMlMjIlM0UlMEElMjAlMjAlMjAlM0NsaSUzRSUwQSUyMCUyMCUyMCUyMCUyMCUyMCUzQ2ElMjBocmVmJTNEJTIyaHR0cHMlM0ElMkYlMkZhYXRhdWRpby5jb20uYnIlMkZ3cC1jb250ZW50JTJGdXBsb2FkcyUyRmJhbm5lci16b29tLWFzMmwuanBnJTIyJTIwZGF0YS1zdGFuZGFyZCUzRCUyMmh0dHBzJTNBJTJGJTJGYWF0YXVkaW8uY29tLmJyJTJGd3AtY29udGVudCUyRnVwbG9hZHMlMkZiYW5uZXItem9vbS1hczJsLmpwZyUyMiUzRSUwQSUyMCUyMCUyMCUyMCUyMCUyMCUzQ2ltZyUyMHNyYyUzRCUyMmh0dHBzJTNBJTJGJTJGYWF0YXVkaW8uY29tLmJyJTJGd3AtY29udGVudCUyRnVwbG9hZHMlMkZiYW5uZXItem9vbS1hczJsLmpwZyUyMiUyMGFsdCUzRCUyMmFjLTElMjIlM0UlMEElMjAlMjAlMjAlMjAlMjAlMjAlM0MlMkZhJTNFJTBBJTIwJTIwJTIwJTNDJTJGbGklM0UlMEElMjAlMjAlMjAlM0NsaSUzRSUwQSUyMCUyMCUyMCUyMCUyMCUyMCUzQ2ElMjBocmVmJTNEJTIyaHR0cHMlM0ElMkYlMkZhYXRhdWRpby5jb20uYnIlMkZ3cC1jb250ZW50JTJGdXBsb2FkcyUyRmJhbm5lci16b29tLWFzMmwtMS5qcGclMjIlMjBkYXRhLXN0YW5kYXJkJTNEJTIyaHR0cHMlM0ElMkYlMkZhYXRhdWRpby5jb20uYnIlMkZ3cC1jb250ZW50JTJGdXBsb2FkcyUyRmJhbm5lci16b29tLWFzMmwtMS5qcGclMjIlM0UlMEElMjAlMjAlMjAlMjAlMjAlMjAlM0NpbWclMjBzcmMlM0QlMjJodHRwcyUzQSUyRiUyRmFhdGF1ZGlvLmNvbS5iciUyRndwLWNvbnRlbnQlMkZ1cGxvYWRzJTJGYmFubmVyLXpvb20tYXMybC0xLmpwZyUyMiUyMGFsdCUzRCUyMmFjLTIlMjIlM0UlMEElMjAlMjAlMjAlMjAlMjAlMjAlM0MlMkZhJTNFJTBBJTIwJTIwJTIwJTNDJTJGbGklM0UlMEElMjAlMjAlM0NsaSUzRSUwQSUyMCUyMCUyMCUyMCUyMCUyMCUzQ2ElMjBocmVmJTNEJTIyaHR0cHMlM0ElMkYlMkZhYXRhdWRpby5jb20uYnIlMkZ3cC1jb250ZW50JTJGdXBsb2FkcyUyRmJhbm5lci16b29tLWFzMmwtMi5qcGclMjIlMjBkYXRhLXN0YW5kYXJkJTNEJTIyaHR0cHMlM0ElMkYlMkZhYXRhdWRpby5jb20uYnIlMkZ3cC1jb250ZW50JTJGdXBsb2FkcyUyRmJhbm5lci16b29tLWFzMmwtMi5qcGclMjIlM0UlMEElMjAlMjAlMjAlMjAlMjAlMjAlM0NpbWclMjBzcmMlM0QlMjJodHRwcyUzQSUyRiUyRmFhdGF1ZGlvLmNvbS5iciUyRndwLWNvbnRlbnQlMkZ1cGxvYWRzJTJGYmFubmVyLXpvb20tYXMybC0yLmpwZyUyMiUyMGFsdCUzRCUyMmFjLTIlMjIlM0UlMEElMjAlMjAlMjAlMjAlMjAlMjAlM0MlMkZhJTNFJTBBJTIwJTIwJTIwJTNDJTJGbGklM0UlMEElMjAlMjAlM0NsaSUzRSUwQSUyMCUyMCUyMCUyMCUyMCUyMCUzQ2ElMjBocmVmJTNEJTIyaHR0cHMlM0ElMkYlMkZhYXRhdWRpby5jb20uYnIlMkZ3cC1jb250ZW50JTJGdXBsb2FkcyUyRmJhbm5lci16b29tLWFzMmwtMy5qcGclMjIlMjBkYXRhLXN0YW5kYXJkJTNEJTIyaHR0cHMlM0ElMkYlMkZhYXRhdWRpby5jb20uYnIlMkZ3cC1jb250ZW50JTJGdXBsb2FkcyUyRmJhbm5lci16b29tLWFzMmwtMy5qcGclMjIlM0UlMEElMjAlMjAlMjAlMjAlMjAlMjAlM0NpbWclMjBzcmMlM0QlMjJodHRwcyUzQSUyRiUyRmFhdGF1ZGlvLmNvbS5iciUyRndwLWNvbnRlbnQlMkZ1cGxvYWRzJTJGYmFubmVyLXpvb20tYXMybC0zLmpwZyUyMiUyMGFsdCUzRCUyMmFjLTIlMjIlM0UlMEElMjAlMjAlMjAlMjAlMjAlMjAlM0MlMkZhJTNFJTBBJTIwJTIwJTIwJTNDJTJGbGklM0UlMEElMjAlMjAlM0NsaSUzRSUwQSUyMCUyMCUyMCUyMCUyMCUyMCUzQ2ElMjBocmVmJTNEJTIyaHR0cHMlM0ElMkYlMkZhYXRhdWRpby5jb20uYnIlMkZ3cC1jb250ZW50JTJGdXBsb2FkcyUyRmJhbm5lci16b29tLWFzMmwtNC5qcGclMjIlMjBkYXRhLXN0YW5kYXJkJTNEJTIyaHR0cHMlM0ElMkYlMkZhYXRhdWRpby5jb20uYnIlMkZ3cC1jb250ZW50JTJGdXBsb2FkcyUyRmJhbm5lci16b29tLWFzMmwtNC5qcGclMjIlM0UlMEElMjAlMjAlMjAlMjAlMjAlMjAlM0NpbWclMjBzcmMlM0QlMjJodHRwcyUzQSUyRiUyRmFhdGF1ZGlvLmNvbS5iciUyRndwLWNvbnRlbnQlMkZ1cGxvYWRzJTJGYmFubmVyLXpvb20tYXMybC00LmpwZyUyMiUyMGFsdCUzRCUyMmFjLTIlMjIlM0UlMEElMjAlMjAlMjAlMjAlMjAlMjAlM0MlMkZhJTNFJTBBJTIwJTIwJTIwJTNDJTJGbGklM0UlMEElM0MlMkZ1bCUzRQ==[\/vc_raw_html][\/vc_column_inner][\/vc_row_inner][vc_row_inner][vc_column_inner width=&#8221;1\/2&#8243;][\/vc_column_inner][vc_column_inner width=&#8221;1\/2&#8243;][vc_column_text] Share via Whatsapp[\/vc_column_text][\/vc_column_inner][\/vc_row_inner][\/vc_column][\/vc_row][vc_row el_id=&#8221;tab-menu-produto&#8221;][vc_column][vc_row_inner][vc_column_inner][vc_btn title=&#8221;Descri\u00e7\u00e3o&#8221; shape=&#8221;square&#8221; link=&#8221;url:%23descricao|||rel:nofollow&#8221; el_class=&#8221;ancor-scroll&#8221;][vc_btn title=&#8221;Caracteristicas&#8221; shape=&#8221;square&#8221; link=&#8221;url:%23caracteristicas|||rel:nofollow&#8221; el_class=&#8221;ancor-scroll&#8221;][vc_btn title=&#8221;Especifica\u00e7\u00f5es&#8221; shape=&#8221;square&#8221; link=&#8221;url:%23especificacoes|||rel:nofollow&#8221; el_class=&#8221;ancor-scroll&#8221;][\/vc_column_inner][\/vc_row_inner][\/vc_column][\/vc_row][vc_row el_id=&#8221;descricao&#8221;][vc_column][vc_row_inner][vc_column_inner][vc_column_text] DESCRI\u00c7\u00c3O O AAT Active Speaker to Line Level Converter Box \u00e9 a solu\u00e7\u00e3o que faltava para conectar produtos que n\u00e3o possuem sa\u00eddas RCA vari\u00e1veis, como amplificadores e receivers est\u00e9reo, por exemplo, a subwoofers ou outros [&hellip;]<\/p>\n","protected":false},"author":5,"featured_media":3369,"parent":16164,"menu_order":1,"comment_status":"closed","ping_status":"closed","template":"page-fullwidth.php","meta":{"footnotes":""},"class_list":["post-3359","page","type-page","status-publish","has-post-thumbnail","hentry","tags-cabeadas","tags-solution"],"_links":{"self":[{"href":"https:\/\/aataudio.com.br\/home\/wp-json\/wp\/v2\/pages\/3359"}],"collection":[{"href":"https:\/\/aataudio.com.br\/home\/wp-json\/wp\/v2\/pages"}],"about":[{"href":"https:\/\/aataudio.com.br\/home\/wp-json\/wp\/v2\/types\/page"}],"author":[{"embeddable":true,"href":"https:\/\/aataudio.com.br\/home\/wp-json\/wp\/v2\/users\/5"}],"replies":[{"embeddable":true,"href":"https:\/\/aataudio.com.br\/home\/wp-json\/wp\/v2\/comments?post=3359"}],"version-history":[{"count":18,"href":"https:\/\/aataudio.com.br\/home\/wp-json\/wp\/v2\/pages\/3359\/revisions"}],"predecessor-version":[{"id":15375,"href":"https:\/\/aataudio.com.br\/home\/wp-json\/wp\/v2\/pages\/3359\/revisions\/15375"}],"up":[{"embeddable":true,"href":"https:\/\/aataudio.com.br\/home\/wp-json\/wp\/v2\/pages\/16164"}],"wp:featuredmedia":[{"embeddable":true,"href":"https:\/\/aataudio.com.br\/home\/wp-json\/wp\/v2\/media\/3369"}],"wp:attachment":[{"href":"https:\/\/aataudio.com.br\/home\/wp-json\/wp\/v2\/media?parent=3359"}],"curies":[{"name":"wp","href":"https:\/\/api.w.org\/{rel}","templated":true}]}}