{"id":282,"date":"2018-03-29T16:23:07","date_gmt":"2018-03-29T19:23:07","guid":{"rendered":"https:\/\/aataudio.com.br\/?page_id=282"},"modified":"2023-08-15T18:56:44","modified_gmt":"2023-08-15T21:56:44","slug":"linha-pro","status":"publish","type":"page","link":"https:\/\/aataudio.com.br\/home\/linha-pro\/","title":{"rendered":"Linha PRO"},"content":{"rendered":"<div class=\"wpb-content-wrapper\"><p>[vc_row full_width=&#8221;stretch_row&#8221; css=&#8221;.vc_custom_1618609509318{background-color: #ffffff !important;}&#8221;][vc_column][vc_column_text]<\/p>\n<p class=\"p1\" style=\"text-align: center; margin-bottom: 30px;\"><span class=\"s1\"><img loading=\"lazy\" decoding=\"async\" class=\"wp-image-1274 size-full aligncenter\" src=\"https:\/\/aataudio.com.br\/wp-content\/uploads\/logo-linha-pro.png\" alt=\"\" width=\"274\" height=\"121\" \/><\/span><\/p>\n<p class=\"p1\" style=\"text-align: center;\"><span class=\"s1\">Al\u00e9m de oferecer solu\u00e7\u00f5es perfeitas para resid\u00eancias, a AAT est\u00e1 expandindo sua atua\u00e7\u00e3o com\u00a0uma linha de desempenho surpreendente, desenvolvida para o segmento profissional. E que ainda vai al\u00e9m ao apresentar a melhor rela\u00e7\u00e3o custo-benef\u00edcio do mercado.<\/span><\/p>\n<p style=\"text-align: center;\">Para fazer parte da linha Custom Installation (CI) AAT, \u00e9 essencial que o produto tenha um projeto com engenharia e eletr\u00f4nica avan\u00e7adas, capazes de atender \u00e0s necessidades das mais exigentes empresas e instala\u00e7\u00f5es comerciais. E isso, claro, mantendo sempre a mais alta qualidade, que acompanha a AAT em toda a sua hist\u00f3ria.<\/p>\n<p>[\/vc_column_text][\/vc_column][\/vc_row][vc_row el_id=&#8221;8-4-ohms-pro-amplifiers&#8221;][vc_column][vc_text_separator title=&#8221;8\/4 Ohms Pro Amplifiers&#8221; title_align=&#8221;separator_align_left&#8221; el_class=&#8221;entry-title&#8221;][vc_basic_grid post_type=&#8221;page&#8221; max_items=&#8221;10&#8243; orderby=&#8221;menu_order&#8221; order=&#8221;ASC&#8221; item=&#8221;184&#8243; grid_id=&#8221;vc_gid:1692136526320-7a2c38ac-790d-8&#8243; taxonomies=&#8221;36&#8243;][vc_empty_space][\/vc_column][\/vc_row][vc_row el_id=&#8221;70-100v-pro-amplifiers&#8221;][vc_column][vc_text_separator title=&#8221;70\/100 V Pro Amplifiers&#8221; title_align=&#8221;separator_align_left&#8221; el_class=&#8221;entry-title&#8221;][vc_basic_grid post_type=&#8221;page&#8221; max_items=&#8221;10&#8243; orderby=&#8221;menu_order&#8221; order=&#8221;ASC&#8221; item=&#8221;184&#8243; grid_id=&#8221;vc_gid:1692136526321-70bf35ac-cede-1&#8243; taxonomies=&#8221;32&#8243;][vc_empty_space][\/vc_column][\/vc_row][vc_row el_id=&#8221;mixers&#8221;][vc_column][vc_text_separator title=&#8221;Mixers&#8221; title_align=&#8221;separator_align_left&#8221; el_class=&#8221;entry-title&#8221;][vc_basic_grid post_type=&#8221;page&#8221; max_items=&#8221;10&#8243; orderby=&#8221;menu_order&#8221; order=&#8221;ASC&#8221; item=&#8221;184&#8243; grid_id=&#8221;vc_gid:1692136526322-5b433ca7-93d3-1&#8243; taxonomies=&#8221;39&#8243;][vc_empty_space][\/vc_column][\/vc_row][vc_row el_id=&#8221;condicionadores-de-energia-pro&#8221;][vc_column][vc_text_separator title=&#8221;Condicionadores de energia&#8221; title_align=&#8221;separator_align_left&#8221; el_class=&#8221;entry-title&#8221;][vc_basic_grid post_type=&#8221;page&#8221; max_items=&#8221;10&#8243; item=&#8221;184&#8243; grid_id=&#8221;vc_gid:1692136526323-6916e6c9-934e-2&#8243; taxonomies=&#8221;24&#8243;][vc_empty_space][\/vc_column][\/vc_row][vc_row el_id=&#8221;caixas-de-embutir-pro&#8221;][vc_column][vc_text_separator title=&#8221;Caixas de embutir&#8221; title_align=&#8221;separator_align_left&#8221; el_class=&#8221;entry-title&#8221;][vc_basic_grid post_type=&#8221;page&#8221; max_items=&#8221;-1&#8243; order=&#8221;ASC&#8221; item=&#8221;184&#8243; grid_id=&#8221;vc_gid:1692136526325-618ba4f8-9230-1&#8243; taxonomies=&#8221;20, 21&#8243;][vc_empty_space][\/vc_column][\/vc_row]<\/p>\n<\/div>","protected":false},"excerpt":{"rendered":"<p>[vc_row full_width=&#8221;stretch_row&#8221; css=&#8221;.vc_custom_1618609509318{background-color: #ffffff !important;}&#8221;][vc_column][vc_column_text] Al\u00e9m de oferecer solu\u00e7\u00f5es perfeitas para resid\u00eancias, a AAT est\u00e1 expandindo sua atua\u00e7\u00e3o com\u00a0uma linha de desempenho surpreendente, desenvolvida para o segmento profissional. E que ainda vai al\u00e9m ao apresentar a melhor rela\u00e7\u00e3o custo-benef\u00edcio do mercado. Para fazer parte da linha Custom Installation (CI) AAT, \u00e9 essencial que o produto [&hellip;]<\/p>\n","protected":false},"author":5,"featured_media":0,"parent":0,"menu_order":0,"comment_status":"closed","ping_status":"closed","template":"page-fullwidth.php","meta":{"footnotes":""},"class_list":["post-282","page","type-page","status-publish","hentry"],"_links":{"self":[{"href":"https:\/\/aataudio.com.br\/home\/wp-json\/wp\/v2\/pages\/282"}],"collection":[{"href":"https:\/\/aataudio.com.br\/home\/wp-json\/wp\/v2\/pages"}],"about":[{"href":"https:\/\/aataudio.com.br\/home\/wp-json\/wp\/v2\/types\/page"}],"author":[{"embeddable":true,"href":"https:\/\/aataudio.com.br\/home\/wp-json\/wp\/v2\/users\/5"}],"replies":[{"embeddable":true,"href":"https:\/\/aataudio.com.br\/home\/wp-json\/wp\/v2\/comments?post=282"}],"version-history":[{"count":46,"href":"https:\/\/aataudio.com.br\/home\/wp-json\/wp\/v2\/pages\/282\/revisions"}],"predecessor-version":[{"id":12596,"href":"https:\/\/aataudio.com.br\/home\/wp-json\/wp\/v2\/pages\/282\/revisions\/12596"}],"wp:attachment":[{"href":"https:\/\/aataudio.com.br\/home\/wp-json\/wp\/v2\/media?parent=282"}],"curies":[{"name":"wp","href":"https:\/\/api.w.org\/{rel}","templated":true}]}}