{"id":16145,"date":"2026-01-20T15:50:37","date_gmt":"2026-01-20T18:50:37","guid":{"rendered":"https:\/\/aataudio.com.br\/home\/?page_id=16145"},"modified":"2026-01-21T08:57:54","modified_gmt":"2026-01-21T11:57:54","slug":"aat-connect-bt","status":"publish","type":"page","link":"https:\/\/aataudio.com.br\/home\/audio-video-solutions\/aat-connect-bt\/","title":{"rendered":"AAT CONNECT BT"},"content":{"rendered":"<div class=\"wpb-content-wrapper\"><p>[vc_row][vc_column][vc_row_inner][vc_column_inner][vc_raw_html css=&#8221;&#8221;]JTNDZGl2JTIwY2xhc3MlM0QlMjJlYXN5em9vbSUyMGVhc3l6b29tLS13aXRoLXRodW1ibmFpbHMlMjIlM0UlMEElMjAlMjAlMjAlM0NhJTIwaHJlZiUzRCUyMmh0dHBzJTNBJTJGJTJGYWF0YXVkaW8uY29tLmJyJTJGd3AtY29udGVudCUyRnVwbG9hZHMlMkZBQVQtQ09OTkVDVC1CVEhETUktQVJDLTEuanBnJTIyJTIwY2xhc3MlM0QlMjJ6b29tLW1hc3RlciUyMiUzRSUwQSUyMCUyMCUyMCUzQ2ltZyUyMHNyYyUzRCUyMmh0dHBzJTNBJTJGJTJGYWF0YXVkaW8uY29tLmJyJTJGd3AtY29udGVudCUyRnVwbG9hZHMlMkZBQVQtQ09OTkVDVC1CVEhETUktQVJDLTEuanBnJTIyJTIwYWx0JTNEJTIyYWMtMSUyMiUzRSUwQSUyMCUyMCUyMCUzQyUyRmElM0UlMEElMjAlMjAlMjAlM0NkaXYlMjBjbGFzcyUzRCUyMmVhc3l6b29tLWZseW91dCUyMiUzRSUzQyUyRmRpdiUzRSUwQSUzQyUyRmRpdiUzRSUwQSUzQ3VsJTIwY2xhc3MlM0QlMjJ0aHVtYm5haWxzJTIyJTNFJTBBJTIwJTIwJTIwJTNDbGklM0UlMEElMjAlMjAlMjAlMjAlMjAlMjAlM0NhJTIwaHJlZiUzRCUyMmh0dHBzJTNBJTJGJTJGYWF0YXVkaW8uY29tLmJyJTJGd3AtY29udGVudCUyRnVwbG9hZHMlMkZBQVQtQ09OTkVDVC1CVEhETUktQVJDLTEuanBnJTIyJTIwZGF0YS1zdGFuZGFyZCUzRCUyMmh0dHBzJTNBJTJGJTJGYWF0YXVkaW8uY29tLmJyJTJGd3AtY29udGVudCUyRnVwbG9hZHMlMkZBQVQtQ09OTkVDVC1CVEhETUktQVJDLTEuanBnJTIyJTNFJTBBJTIwJTIwJTIwJTIwJTIwJTIwJTNDaW1nJTIwc3JjJTNEJTIyaHR0cHMlM0ElMkYlMkZhYXRhdWRpby5jb20uYnIlMkZ3cC1jb250ZW50JTJGdXBsb2FkcyUyRkFBVC1DT05ORUNULUJUSERNSS1BUkMtMS5qcGclMjIlMjBhbHQlM0QlMjJhYy0xJTIyJTNFJTBBJTIwJTIwJTIwJTIwJTIwJTIwJTNDJTJGYSUzRSUwQSUyMCUyMCUyMCUzQyUyRmxpJTNFJTBBJTIwJTIwJTIwJTNDbGklM0UlMEElMjAlMjAlMjAlMjAlMjAlMjAlM0NhJTIwaHJlZiUzRCUyMmh0dHBzJTNBJTJGJTJGYWF0YXVkaW8uY29tLmJyJTJGd3AtY29udGVudCUyRnVwbG9hZHMlMkZBQVQtQ09OTkVDVC1CVEhETUktQVJDLTIuanBnJTIyJTIwZGF0YS1zdGFuZGFyZCUzRCUyMmh0dHBzJTNBJTJGJTJGYWF0YXVkaW8uY29tLmJyJTJGd3AtY29udGVudCUyRnVwbG9hZHMlMkZBQVQtQ09OTkVDVC1CVEhETUktQVJDLTIuanBnJTIyJTNFJTBBJTIwJTIwJTIwJTIwJTIwJTIwJTNDaW1nJTIwc3JjJTNEJTIyaHR0cHMlM0ElMkYlMkZhYXRhdWRpby5jb20uYnIlMkZ3cC1jb250ZW50JTJGdXBsb2FkcyUyRkFBVC1DT05ORUNULUJUSERNSS1BUkMtMi5qcGclMjIlMjBhbHQlM0QlMjJhYy0yJTIyJTNFJTBBJTIwJTIwJTIwJTIwJTIwJTIwJTNDJTJGYSUzRSUwQSUyMCUyMCUyMCUzQyUyRmxpJTNFJTBBJTIwJTIwJTIwJTNDbGklM0UlMEElMjAlMjAlMjAlMjAlMjAlMjAlM0NhJTIwaHJlZiUzRCUyMmh0dHBzJTNBJTJGJTJGYWF0YXVkaW8uY29tLmJyJTJGd3AtY29udGVudCUyRnVwbG9hZHMlMkZBQVQtQ09OTkVDVC1CVEhETUktQVJDLTMuanBnJTIyJTIwZGF0YS1zdGFuZGFyZCUzRCUyMmh0dHBzJTNBJTJGJTJGYWF0YXVkaW8uY29tLmJyJTJGd3AtY29udGVudCUyRnVwbG9hZHMlMkZBQVQtQ09OTkVDVC1CVEhETUktQVJDLTMuanBnJTIyJTNFJTBBJTIwJTIwJTIwJTIwJTIwJTIwJTNDaW1nJTIwc3JjJTNEJTIyaHR0cHMlM0ElMkYlMkZhYXRhdWRpby5jb20uYnIlMkZ3cC1jb250ZW50JTJGdXBsb2FkcyUyRkFBVC1DT05ORUNULUJUSERNSS1BUkMtMy5qcGclMjIlMjBhbHQlM0QlMjJhYy0yJTIyJTNFJTBBJTIwJTIwJTIwJTIwJTIwJTIwJTNDJTJGYSUzRSUwQSUyMCUyMCUyMCUzQyUyRmxpJTNFJTBBJTBBJTIwJTNDbGklM0UlMEElMjAlMjAlMjAlMjAlMjAlMjAlM0NhJTIwaHJlZiUzRCUyMmh0dHBzJTNBJTJGJTJGYWF0YXVkaW8uY29tLmJyJTJGd3AtY29udGVudCUyRnVwbG9hZHMlMkZBQVQtQ09OTkVDVC1CVEhETUktQVJDLTQuanBnJTIyJTIwZGF0YS1zdGFuZGFyZCUzRCUyMmh0dHBzJTNBJTJGJTJGYWF0YXVkaW8uY29tLmJyJTJGd3AtY29udGVudCUyRnVwbG9hZHMlMkZBQVQtQ09OTkVDVC1CVEhETUktQVJDLTQuanBnJTIyJTNFJTBBJTIwJTIwJTIwJTIwJTIwJTIwJTNDaW1nJTIwc3JjJTNEJTIyaHR0cHMlM0ElMkYlMkZhYXRhdWRpby5jb20uYnIlMkZ3cC1jb250ZW50JTJGdXBsb2FkcyUyRkFBVC1DT05ORUNULUJUSERNSS1BUkMtNC5qcGclMjIlMjBhbHQlM0QlMjJhYy0yJTIyJTNFJTBBJTIwJTIwJTIwJTIwJTIwJTIwJTNDJTJGYSUzRSUwQSUyMCUyMCUyMCUzQyUyRmxpJTNFJTBBJTBBJTNDJTJGdWwlM0U=[\/vc_raw_html][\/vc_column_inner][\/vc_row_inner][vc_row_inner][vc_column_inner width=&#8221;1\/2&#8243;][\/vc_column_inner][vc_column_inner width=&#8221;1\/2&#8243;][vc_column_text]<aside class=\"mashsb-container mashsb-main mashsb-stretched\"><div class=\"mashsb-box\"><div class=\"mashsb-buttons\"><a class=\"mashicon-facebook mash-small mash-center mashsb-noshadow mashsb-pure-icons\" href=\"https:\/\/www.facebook.com\/sharer.php?u=https%3A%2F%2Faataudio.com.br%2Fhome%2Faudio-video-solutions%2Faat-connect-bt%2F\" target=\"_top\" rel=\"nofollow\"><span class=\"icon\"><\/span><span class=\"text\"><\/span><\/a><a class=\"mashicon-twitter mash-small mash-center mashsb-noshadow mashsb-pure-icons\" href=\"https:\/\/twitter.com\/intent\/tweet?text=&amp;url=https:\/\/aataudio.com.br\/home\/audio-video-solutions\/aat-connect-bt\/\" target=\"_top\" rel=\"nofollow\"><span class=\"icon\"><\/span><span class=\"text\"><\/span><\/a><a class=\"mashicon-whatsapp mash-small mash-center mashsb-noshadow mashsb-pure-icons\" href=\"\" target=\"_top\" rel=\"nofollow\"><span class=\"icon\"><\/span><span class=\"text\"><\/span><\/a><div class=\"onoffswitch2 mash-small mashsb-noshadow\" style=\"display:none\"><\/div><\/div><\/div>\n                    <div style=\"clear:both\"><\/div><div class=\"mashsb-toggle-container\"><\/div><\/aside>\n            <!-- Share buttons made by mashshare.net - Version: 4.0.47--><br \/>\n<a style=\"display: none;\" href=\"whatsapp:\/\/send?text=The text to share!\" data-action=\"share\/whatsapp\/share\">Share via Whatsapp<\/a>[\/vc_column_text][\/vc_column_inner][\/vc_row_inner][\/vc_column][\/vc_row][vc_row el_id=&#8221;tab-menu-produto&#8221;][vc_column][vc_row_inner][vc_column_inner][vc_btn title=&#8221;Descri\u00e7\u00e3o&#8221; shape=&#8221;square&#8221; link=&#8221;url:%23descricao|||rel:nofollow&#8221; el_class=&#8221;ancor-scroll&#8221;][vc_btn title=&#8221;Caracteristicas&#8221; shape=&#8221;square&#8221; link=&#8221;url:%23caracteristicas|||rel:nofollow&#8221; el_class=&#8221;ancor-scroll&#8221;][vc_btn title=&#8221;Especifica\u00e7\u00f5es&#8221; shape=&#8221;square&#8221; link=&#8221;url:%23especificacoes|||rel:nofollow&#8221; el_class=&#8221;ancor-scroll&#8221;][\/vc_column_inner][\/vc_row_inner][\/vc_column][\/vc_row][vc_row el_id=&#8221;descricao&#8221;][vc_column][vc_row_inner][vc_column_inner][vc_column_text css=&#8221;&#8221;]<\/p>\n<h3 class=\"info-page-title\">DESCRI\u00c7\u00c3O<\/h3>\n<div id=\"container\">\n<div id=\"informacoes-tecnicas\">\n<div class=\"boxBody\">\n<div id=\"especificacoes\" class=\"show aba\">\n<div id=\"container\">\n<div id=\"informacoes-tecnicas\">\n<div class=\"boxBody\">\n<div id=\"especificacoes\" class=\"show aba\">\n<div id=\"container\">\n<div id=\"informacoes-tecnicas\">\n<div class=\"boxBody\">\n<div id=\"especificacoes\" class=\"show aba\">\n<div id=\"container\">\n<div id=\"informacoes-tecnicas\">\n<div class=\"boxBody\">\n<div id=\"especificacoes\" class=\"show aba\">\n<p>O AAT CONNECT BT \u00e9 um amplificador digital est\u00e9reo classe D, que combina pot\u00eancia, praticidade e design minimalista em um formato compacto.<\/p>\n<p>Com Bluetooth 5.0 e entrada HDMI ARC, essa solution box se conecta facilmente a modernos televisores e dispositivos m\u00f3veis. Oferece a comodidade de comandar o volume do seu sistema de \u00e1udio pelo controle remoto da TV e ouvir m\u00fasica on-line sem fio em pequenos espa\u00e7os, ajustando o volume pelo pr\u00f3prio celular.<\/p>\n<p>Compacto e eficiente, o AAT CONNECT BT pode ficar posicionado atr\u00e1s do televisor ou at\u00e9 mesmo dentro do forro de gesso. Para isso, a AAT buscou a mais moderna tecnologia de transmiss\u00e3o digital sem fio, atendendo \u00e0s necessidades de qualquer consumidor, at\u00e9 os mais exigentes, com uma qualidade de \u00e1udio surpreendente.<\/p>\n<\/div>\n<\/div>\n<\/div>\n<\/div>\n<\/div>\n<\/div>\n<\/div>\n<\/div>\n<\/div>\n<\/div>\n<\/div>\n<\/div>\n<\/div>\n<\/div>\n<\/div>\n<\/div>\n<p>[\/vc_column_text][\/vc_column_inner][\/vc_row_inner][\/vc_column][\/vc_row][vc_row el_id=&#8221;caracteristicas&#8221;][vc_column offset=&#8221;vc_col-sm-offset-0&#8243;][vc_row_inner][vc_column_inner][vc_column_text css=&#8221;&#8221;]<\/p>\n<h3 class=\"info-page-title\">CARACTER\u00cdSTICAS<\/h3>\n<p>* Pot\u00eancia de sa\u00edda de 30W RMS cont\u00ednuos (15W RMSx2\/60W RMS m\u00e1ximos) a 4 ohms e 20W RMS cont\u00ednuos (10W RMSx2\/40W RMS m\u00e1ximos) a 8 ohms<\/p>\n<p>* Tecnologia Classe D: mais efici\u00eancia com menor consumo e desempenho sonoro surpreendente em ambientes pequenos<\/p>\n<p>* Bluetooth 5.0: garante maior estabilidade e alcance na transmiss\u00e3o sem fio<\/p>\n<p>* HDMI ARC: op\u00e7\u00e3o \u00e9 ativada quando o Bluetooth est\u00e1 desconectado e permite controle simplificado do volume pelo controle remoto da TV (CEC)<\/p>\n<p>* D\u00e1 para personalizar o nome e definir uma senha, evitando acessos n\u00e3o autorizados via conex\u00e3o Bluetooth<\/p>\n<p>* Instala\u00e7\u00e3o discreta: leve e compacto, pode ser embutido em forro de gesso\/drywall, fixo \u00e0 parede ou posicionado em locais estrat\u00e9gicos<\/p>\n<p>* Bivolt autom\u00e1tico: funcionamento em qualquer rede el\u00e9trica (110V ou 220V)[\/vc_column_text][\/vc_column_inner][\/vc_row_inner][\/vc_column][\/vc_row][vc_row el_id=&#8221;especificacoes&#8221;][vc_column][vc_row_inner][vc_column_inner][vc_column_text]<\/p>\n<h3 class=\"info-page-title\">ESPECIFICA\u00c7\u00d5ES<\/h3>\n<p>[\/vc_column_text][\/vc_column_inner][\/vc_row_inner][vc_column_text css=&#8221;&#8221;]<\/p>\n<div class=\"table-responsive\">\n<table class=\"table table-especificacoes\" style=\"width: 100%; height: 535px;\">\n<thead>\n<tr style=\"height: 127px;\">\n<th style=\"height: 127px;\" width=\"283\"><\/th>\n<th style=\"text-align: center; height: 127px;\" width=\"1003\">\n<div align=\"center\"><img loading=\"lazy\" decoding=\"async\" class=\"wp-image-15350 size-medium aligncenter\" src=\"https:\/\/aataudio.com.br\/wp-content\/uploads\/AAT-CONNECT-BTHDMI-ARC-1_capa.jpg\" alt=\"\" width=\"160\" height=\"60\" \/>Amplificador est\u00e9reo AAT CONNECT BT<\/div>\n<\/th>\n<\/tr>\n<\/thead>\n<tbody>\n<tr class=\"table-first-row\" style=\"height: 48px;\">\n<th style=\"height: 48px;\" scope=\"row\">Tecnologia<\/th>\n<td class=\"table-info-value\" style=\"height: 48px;\">Classe D com fonte chaveada full range autom\u00e1tica para voltagem de 90 a 255V<\/td>\n<\/tr>\n<tr style=\"height: 48px;\">\n<th style=\"white-space: normal; height: 48px;\" scope=\"row\">Pot\u00eancia de sa\u00edda<\/th>\n<td class=\"table-info-value\" style=\"height: 48px;\">30W RMS cont\u00ednuos (15Wx2) ou 60W RMS m\u00e1ximos em 4 ohms; 20W RMS cont\u00ednuos 10Wx2) ou 40W RMS m\u00e1ximos em 8 ohms<\/td>\n<\/tr>\n<tr style=\"height: 24px;\">\n<th style=\"height: 24px;\" scope=\"row\">Conex\u00e3o Bluetooth<\/th>\n<td class=\"table-info-value\" style=\"height: 24px;\">Vers\u00e3o 5.0<\/td>\n<\/tr>\n<tr>\n<th>Sensibilidade<\/th>\n<td class=\"table-info-value\">\u201381dBm @ 0,1% BER<\/td>\n<\/tr>\n<tr style=\"height: 24px;\">\n<th style=\"height: 24px;\" scope=\"row\">Dist\u00e2ncia m\u00e1xima de recep\u00e7\u00e3o (vis\u00e3o direta)<\/th>\n<td class=\"table-info-value\" style=\"height: 24px;\">10m\/Conex\u00e3o HDMI ARC<\/td>\n<\/tr>\n<tr style=\"height: 48px;\">\n<th style=\"height: 48px;\" scope=\"row\">Rela\u00e7\u00e3o Sinal-Ru\u00eddo (input data 20 bit)<\/th>\n<td class=\"table-info-value\" style=\"height: 48px;\">98dB (A)<\/td>\n<\/tr>\n<tr style=\"height: 24px;\">\n<th style=\"height: 24px;\" scope=\"row\">Resposta em frequ\u00eancia<\/th>\n<td class=\"table-info-value\" style=\"height: 24px;\">48 kHz \/ 20-bit\u00a0\u00a0\u00a010Hz a 24kHz<\/td>\n<\/tr>\n<tr style=\"height: 24px;\">\n<th style=\"height: 24px;\" scope=\"row\">Distor\u00e7\u00e3o harm\u00f4nica<\/th>\n<td class=\"table-info-value\" style=\"height: 24px;\">(48 kHz \/ 20-bit)\u00a0 0,05%<\/td>\n<\/tr>\n<tr style=\"height: 24px;\">\n<th style=\"height: 24px;\" scope=\"row\">Compatibilidade<\/th>\n<td class=\"table-info-value\" style=\"height: 24px;\">ARC\/eARC, somente PCM<\/td>\n<\/tr>\n<tr style=\"height: 24px;\">\n<th style=\"height: 24px;\" scope=\"row\">Cabo HDMI<\/th>\n<td class=\"table-info-value\" style=\"height: 24px;\">Vers\u00e3o 1.4 High Speed ou superior<\/td>\n<\/tr>\n<tr style=\"height: 24px;\">\n<th style=\"height: 24px;\" scope=\"row\">Dimens\u00f5es (L \u00d7 P \u00d7 A):<\/th>\n<td class=\"table-info-value\" style=\"height: 24px;\">196 \u00d7 120* \u00d7 35mm<\/td>\n<\/tr>\n<tr>\n<th scope=\"row\">\u00a0Peso<\/th>\n<td class=\"table-info-value\">555g (sem embalagem) \/ 700 g (com embalagem)<\/td>\n<\/tr>\n<tr>\n<th scope=\"row\">Conte\u00fado da embalagem<\/th>\n<td class=\"table-info-value\">01 AAT CONNECT BT, 01 cabo de energia e 01 folheto com QR Code para acesso ao manual<\/td>\n<\/tr>\n<\/tbody>\n<\/table>\n<\/div>\n<p>[\/vc_column_text][vc_raw_html css=&#8221;&#8221;]JTNDcCUzRSUyQSUyMEolQzMlQTElMjBpbmNsdWklMjBhJTIwYW50ZW5hJTNDJTJGcCUzRQ==[\/vc_raw_html][\/vc_column][\/vc_row][vc_row css=&#8221;.vc_custom_1619101393650{margin-top: 35px !important;}&#8221; el_id=&#8221;veja-tambem&#8221;][vc_column offset=&#8221;vc_hidden-xs&#8221;][vc_column_text]<\/p>\n<h3 class=\"info-page-title\">VEJA TAMB\u00c9M<\/h3>\n<p>[\/vc_column_text][vc_basic_grid post_type=&#8221;page&#8221; max_items=&#8221;-1&#8243; style=&#8221;pagination&#8221; items_per_page=&#8221;4&#8243; element_width=&#8221;3&#8243; gap=&#8221;20&#8243; orderby=&#8221;menu_order&#8221; order=&#8221;ASC&#8221; arrows_design=&#8221;vc_arrow-icon-arrow_07_left&#8221; arrows_position=&#8221;outside&#8221; arrows_color=&#8221;sky&#8221; paging_color=&#8221;sky&#8221; item=&#8221;184&#8243; initial_loading_animation=&#8221;none&#8221; css=&#8221;&#8221; grid_id=&#8221;vc_gid:1768948837069-9774a593d5c15b0a34777cd9d2920a74-5&#8243; taxonomies=&#8221;28&#8243; exclude=&#8221;861&#8243;][vc_basic_grid post_type=&#8221;page&#8221; max_items=&#8221;-1&#8243; style=&#8221;pagination&#8221; items_per_page=&#8221;4&#8243; element_width=&#8221;3&#8243; item=&#8221;184&#8243; css=&#8221;&#8221; grid_id=&#8221;vc_gid:1768948837076-ec1d62a5ad6d18a4aef037301d3c9165-7&#8243; taxonomies=&#8221;60&#8243;][\/vc_column][\/vc_row]<\/p>\n<\/div>","protected":false},"excerpt":{"rendered":"<p>[vc_row][vc_column][vc_row_inner][vc_column_inner][vc_raw_html css=&#8221;&#8221;]JTNDZGl2JTIwY2xhc3MlM0QlMjJlYXN5em9vbSUyMGVhc3l6b29tLS13aXRoLXRodW1ibmFpbHMlMjIlM0UlMEElMjAlMjAlMjAlM0NhJTIwaHJlZiUzRCUyMmh0dHBzJTNBJTJGJTJGYWF0YXVkaW8uY29tLmJyJTJGd3AtY29udGVudCUyRnVwbG9hZHMlMkZBQVQtQ09OTkVDVC1CVEhETUktQVJDLTEuanBnJTIyJTIwY2xhc3MlM0QlMjJ6b29tLW1hc3RlciUyMiUzRSUwQSUyMCUyMCUyMCUzQ2ltZyUyMHNyYyUzRCUyMmh0dHBzJTNBJTJGJTJGYWF0YXVkaW8uY29tLmJyJTJGd3AtY29udGVudCUyRnVwbG9hZHMlMkZBQVQtQ09OTkVDVC1CVEhETUktQVJDLTEuanBnJTIyJTIwYWx0JTNEJTIyYWMtMSUyMiUzRSUwQSUyMCUyMCUyMCUzQyUyRmElM0UlMEElMjAlMjAlMjAlM0NkaXYlMjBjbGFzcyUzRCUyMmVhc3l6b29tLWZseW91dCUyMiUzRSUzQyUyRmRpdiUzRSUwQSUzQyUyRmRpdiUzRSUwQSUzQ3VsJTIwY2xhc3MlM0QlMjJ0aHVtYm5haWxzJTIyJTNFJTBBJTIwJTIwJTIwJTNDbGklM0UlMEElMjAlMjAlMjAlMjAlMjAlMjAlM0NhJTIwaHJlZiUzRCUyMmh0dHBzJTNBJTJGJTJGYWF0YXVkaW8uY29tLmJyJTJGd3AtY29udGVudCUyRnVwbG9hZHMlMkZBQVQtQ09OTkVDVC1CVEhETUktQVJDLTEuanBnJTIyJTIwZGF0YS1zdGFuZGFyZCUzRCUyMmh0dHBzJTNBJTJGJTJGYWF0YXVkaW8uY29tLmJyJTJGd3AtY29udGVudCUyRnVwbG9hZHMlMkZBQVQtQ09OTkVDVC1CVEhETUktQVJDLTEuanBnJTIyJTNFJTBBJTIwJTIwJTIwJTIwJTIwJTIwJTNDaW1nJTIwc3JjJTNEJTIyaHR0cHMlM0ElMkYlMkZhYXRhdWRpby5jb20uYnIlMkZ3cC1jb250ZW50JTJGdXBsb2FkcyUyRkFBVC1DT05ORUNULUJUSERNSS1BUkMtMS5qcGclMjIlMjBhbHQlM0QlMjJhYy0xJTIyJTNFJTBBJTIwJTIwJTIwJTIwJTIwJTIwJTNDJTJGYSUzRSUwQSUyMCUyMCUyMCUzQyUyRmxpJTNFJTBBJTIwJTIwJTIwJTNDbGklM0UlMEElMjAlMjAlMjAlMjAlMjAlMjAlM0NhJTIwaHJlZiUzRCUyMmh0dHBzJTNBJTJGJTJGYWF0YXVkaW8uY29tLmJyJTJGd3AtY29udGVudCUyRnVwbG9hZHMlMkZBQVQtQ09OTkVDVC1CVEhETUktQVJDLTIuanBnJTIyJTIwZGF0YS1zdGFuZGFyZCUzRCUyMmh0dHBzJTNBJTJGJTJGYWF0YXVkaW8uY29tLmJyJTJGd3AtY29udGVudCUyRnVwbG9hZHMlMkZBQVQtQ09OTkVDVC1CVEhETUktQVJDLTIuanBnJTIyJTNFJTBBJTIwJTIwJTIwJTIwJTIwJTIwJTNDaW1nJTIwc3JjJTNEJTIyaHR0cHMlM0ElMkYlMkZhYXRhdWRpby5jb20uYnIlMkZ3cC1jb250ZW50JTJGdXBsb2FkcyUyRkFBVC1DT05ORUNULUJUSERNSS1BUkMtMi5qcGclMjIlMjBhbHQlM0QlMjJhYy0yJTIyJTNFJTBBJTIwJTIwJTIwJTIwJTIwJTIwJTNDJTJGYSUzRSUwQSUyMCUyMCUyMCUzQyUyRmxpJTNFJTBBJTIwJTIwJTIwJTNDbGklM0UlMEElMjAlMjAlMjAlMjAlMjAlMjAlM0NhJTIwaHJlZiUzRCUyMmh0dHBzJTNBJTJGJTJGYWF0YXVkaW8uY29tLmJyJTJGd3AtY29udGVudCUyRnVwbG9hZHMlMkZBQVQtQ09OTkVDVC1CVEhETUktQVJDLTMuanBnJTIyJTIwZGF0YS1zdGFuZGFyZCUzRCUyMmh0dHBzJTNBJTJGJTJGYWF0YXVkaW8uY29tLmJyJTJGd3AtY29udGVudCUyRnVwbG9hZHMlMkZBQVQtQ09OTkVDVC1CVEhETUktQVJDLTMuanBnJTIyJTNFJTBBJTIwJTIwJTIwJTIwJTIwJTIwJTNDaW1nJTIwc3JjJTNEJTIyaHR0cHMlM0ElMkYlMkZhYXRhdWRpby5jb20uYnIlMkZ3cC1jb250ZW50JTJGdXBsb2FkcyUyRkFBVC1DT05ORUNULUJUSERNSS1BUkMtMy5qcGclMjIlMjBhbHQlM0QlMjJhYy0yJTIyJTNFJTBBJTIwJTIwJTIwJTIwJTIwJTIwJTNDJTJGYSUzRSUwQSUyMCUyMCUyMCUzQyUyRmxpJTNFJTBBJTBBJTIwJTNDbGklM0UlMEElMjAlMjAlMjAlMjAlMjAlMjAlM0NhJTIwaHJlZiUzRCUyMmh0dHBzJTNBJTJGJTJGYWF0YXVkaW8uY29tLmJyJTJGd3AtY29udGVudCUyRnVwbG9hZHMlMkZBQVQtQ09OTkVDVC1CVEhETUktQVJDLTQuanBnJTIyJTIwZGF0YS1zdGFuZGFyZCUzRCUyMmh0dHBzJTNBJTJGJTJGYWF0YXVkaW8uY29tLmJyJTJGd3AtY29udGVudCUyRnVwbG9hZHMlMkZBQVQtQ09OTkVDVC1CVEhETUktQVJDLTQuanBnJTIyJTNFJTBBJTIwJTIwJTIwJTIwJTIwJTIwJTNDaW1nJTIwc3JjJTNEJTIyaHR0cHMlM0ElMkYlMkZhYXRhdWRpby5jb20uYnIlMkZ3cC1jb250ZW50JTJGdXBsb2FkcyUyRkFBVC1DT05ORUNULUJUSERNSS1BUkMtNC5qcGclMjIlMjBhbHQlM0QlMjJhYy0yJTIyJTNFJTBBJTIwJTIwJTIwJTIwJTIwJTIwJTNDJTJGYSUzRSUwQSUyMCUyMCUyMCUzQyUyRmxpJTNFJTBBJTBBJTNDJTJGdWwlM0U=[\/vc_raw_html][\/vc_column_inner][\/vc_row_inner][vc_row_inner][vc_column_inner width=&#8221;1\/2&#8243;][\/vc_column_inner][vc_column_inner width=&#8221;1\/2&#8243;][vc_column_text] Share via Whatsapp[\/vc_column_text][\/vc_column_inner][\/vc_row_inner][\/vc_column][\/vc_row][vc_row el_id=&#8221;tab-menu-produto&#8221;][vc_column][vc_row_inner][vc_column_inner][vc_btn title=&#8221;Descri\u00e7\u00e3o&#8221; shape=&#8221;square&#8221; link=&#8221;url:%23descricao|||rel:nofollow&#8221; el_class=&#8221;ancor-scroll&#8221;][vc_btn title=&#8221;Caracteristicas&#8221; shape=&#8221;square&#8221; link=&#8221;url:%23caracteristicas|||rel:nofollow&#8221; el_class=&#8221;ancor-scroll&#8221;][vc_btn title=&#8221;Especifica\u00e7\u00f5es&#8221; shape=&#8221;square&#8221; link=&#8221;url:%23especificacoes|||rel:nofollow&#8221; el_class=&#8221;ancor-scroll&#8221;][\/vc_column_inner][\/vc_row_inner][\/vc_column][\/vc_row][vc_row el_id=&#8221;descricao&#8221;][vc_column][vc_row_inner][vc_column_inner][vc_column_text css=&#8221;&#8221;] DESCRI\u00c7\u00c3O O AAT CONNECT BT \u00e9 um amplificador digital est\u00e9reo classe D, que combina pot\u00eancia, praticidade e design minimalista em um formato compacto. Com Bluetooth 5.0 e entrada HDMI ARC, essa solution box [&hellip;]<\/p>\n","protected":false},"author":5,"featured_media":16155,"parent":16164,"menu_order":1,"comment_status":"closed","ping_status":"closed","template":"page-fullwidth.php","meta":{"footnotes":""},"class_list":["post-16145","page","type-page","status-publish","has-post-thumbnail","hentry","tags-hdmi","tags-sem-fio"],"_links":{"self":[{"href":"https:\/\/aataudio.com.br\/home\/wp-json\/wp\/v2\/pages\/16145"}],"collection":[{"href":"https:\/\/aataudio.com.br\/home\/wp-json\/wp\/v2\/pages"}],"about":[{"href":"https:\/\/aataudio.com.br\/home\/wp-json\/wp\/v2\/types\/page"}],"author":[{"embeddable":true,"href":"https:\/\/aataudio.com.br\/home\/wp-json\/wp\/v2\/users\/5"}],"replies":[{"embeddable":true,"href":"https:\/\/aataudio.com.br\/home\/wp-json\/wp\/v2\/comments?post=16145"}],"version-history":[{"count":14,"href":"https:\/\/aataudio.com.br\/home\/wp-json\/wp\/v2\/pages\/16145\/revisions"}],"predecessor-version":[{"id":16177,"href":"https:\/\/aataudio.com.br\/home\/wp-json\/wp\/v2\/pages\/16145\/revisions\/16177"}],"up":[{"embeddable":true,"href":"https:\/\/aataudio.com.br\/home\/wp-json\/wp\/v2\/pages\/16164"}],"wp:featuredmedia":[{"embeddable":true,"href":"https:\/\/aataudio.com.br\/home\/wp-json\/wp\/v2\/media\/16155"}],"wp:attachment":[{"href":"https:\/\/aataudio.com.br\/home\/wp-json\/wp\/v2\/media?parent=16145"}],"curies":[{"name":"wp","href":"https:\/\/api.w.org\/{rel}","templated":true}]}}