{"id":15459,"date":"2025-08-11T14:22:49","date_gmt":"2025-08-11T17:22:49","guid":{"rendered":"https:\/\/aataudio.com.br\/home\/?page_id=15459"},"modified":"2025-09-16T21:08:21","modified_gmt":"2025-09-17T00:08:21","slug":"gsub1-ci-marrom","status":"publish","type":"page","link":"https:\/\/aataudio.com.br\/home\/subwoofers\/gsub1-ci-marrom\/","title":{"rendered":"AAT GSUB1-CI MARROM"},"content":{"rendered":"<div class=\"wpb-content-wrapper\"><p>[vc_row][vc_column][vc_row_inner][vc_column_inner][vc_raw_html]JTNDZGl2JTIwY2xhc3MlM0QlMjJlYXN5em9vbSUyMGVhc3l6b29tLS13aXRoLXRodW1ibmFpbHMlMjIlM0UlMEElMjAlMjAlM0NhJTIwaHJlZiUzRCUyMmh0dHBzJTNBJTJGJTJGYWF0YXVkaW8uY29tLmJyJTJGd3AtY29udGVudCUyRnVwbG9hZHMlMkZiYW5uZXItR1NVQjEtQ0ktMS5qcGclMjIlMjBjbGFzcyUzRCUyMnpvb20tbWFzdGVyJTIyJTNFJTBBJTIwJTIwJTIwJTIwJTNDaW1nJTIwc3JjJTNEJTIyaHR0cHMlM0ElMkYlMkZhYXRhdWRpby5jb20uYnIlMkZ3cC1jb250ZW50JTJGdXBsb2FkcyUyRmJhbm5lci1HU1VCMS1DSS0xLmpwZyUyMiUyMGFsdCUzRCUyMmFjLTElMjIlM0UlMEElMjAlMjAlM0MlMkZhJTNFJTBBJTIwJTIwJTNDZGl2JTIwY2xhc3MlM0QlMjJlYXN5em9vbS1mbHlvdXQlMjIlM0UlM0MlMkZkaXYlM0UlMEElM0MlMkZkaXYlM0UlMEElM0N1bCUyMGNsYXNzJTNEJTIydGh1bWJuYWlscyUyMiUzRSUyMCUyMCUwQSUyMCUyMCUzQ2xpJTNFJTBBJTIwJTIwJTIwJTIwJTNDYSUyMGhyZWYlM0QlMjJodHRwcyUzQSUyRiUyRmFhdGF1ZGlvLmNvbS5iciUyRndwLWNvbnRlbnQlMkZ1cGxvYWRzJTJGYmFubmVyLUdTVUIxLUNJLTEuanBnJTIyJTBBJTIwJTIwJTIwJTIwJTIwJTIwZGF0YS1zdGFuZGFyZCUzRCUyMmh0dHBzJTNBJTJGJTJGYWF0YXVkaW8uY29tLmJyJTJGd3AtY29udGVudCUyRnVwbG9hZHMlMkZiYW5uZXItR1NVQjEtQ0ktMS5qcGclMjIlM0UlMEElMjAlMjAlMjAlMjAlMjAlMjAlM0NpbWclMjBzcmMlM0QlMjJodHRwcyUzQSUyRiUyRmFhdGF1ZGlvLmNvbS5iciUyRndwLWNvbnRlbnQlMkZ1cGxvYWRzJTJGYmFubmVyLUdTVUIxLUNJLTEuanBnJTIyJTIwYWx0JTNEJTIyYWMtMyUyMiUzRSUwQSUyMCUyMCUyMCUyMCUzQyUyRmElM0UlMEElMjAlMjAlM0MlMkZsaSUzRSUwQSUyMCUyMCUzQ2xpJTNFJTBBJTIwJTIwJTIwJTIwJTNDYSUyMGhyZWYlM0QlMjJodHRwcyUzQSUyRiUyRmFhdGF1ZGlvLmNvbS5iciUyRndwLWNvbnRlbnQlMkZ1cGxvYWRzJTJGYmFubmVyLUdTVUIxLUNJLTIuanBnJTIyJTBBJTIwJTIwJTIwJTIwJTIwJTIwZGF0YS1zdGFuZGFyZCUzRCUyMmh0dHBzJTNBJTJGJTJGYWF0YXVkaW8uY29tLmJyJTJGd3AtY29udGVudCUyRnVwbG9hZHMlMkZiYW5uZXItR1NVQjEtQ0ktMi5qcGclMjIlM0UlMEElMjAlMjAlMjAlMjAlMjAlMjAlM0NpbWclMjBzcmMlM0QlMjJodHRwcyUzQSUyRiUyRmFhdGF1ZGlvLmNvbS5iciUyRndwLWNvbnRlbnQlMkZ1cGxvYWRzJTJGYmFubmVyLUdTVUIxLUNJLTIuanBnJTIyJTIwYWx0JTNEJTIyYWMtMyUyMiUzRSUwQSUyMCUyMCUyMCUyMCUzQyUyRmElM0UlMEElMjAlMjAlM0MlMkZsaSUzRSUwQSUyMCUyMCUzQ2xpJTNFJTBBJTIwJTIwJTIwJTIwJTNDYSUyMGhyZWYlM0QlMjJodHRwcyUzQSUyRiUyRmFhdGF1ZGlvLmNvbS5iciUyRndwLWNvbnRlbnQlMkZ1cGxvYWRzJTJGYmFubmVyLUdTVUIxLUNJLTMuanBnJTIyJTBBJTIwJTIwJTIwJTIwJTIwJTIwZGF0YS1zdGFuZGFyZCUzRCUyMmh0dHBzJTNBJTJGJTJGYWF0YXVkaW8uY29tLmJyJTJGd3AtY29udGVudCUyRnVwbG9hZHMlMkZiYW5uZXItR1NVQjEtQ0ktMy5qcGclMjIlM0UlMEElMjAlMjAlMjAlMjAlMjAlMjAlM0NpbWclMjBzcmMlM0QlMjJodHRwcyUzQSUyRiUyRmFhdGF1ZGlvLmNvbS5iciUyRndwLWNvbnRlbnQlMkZ1cGxvYWRzJTJGYmFubmVyLUdTVUIxLUNJLTMuanBnJTIyJTIwYWx0JTNEJTIyYWMtMyUyMiUzRSUwQSUyMCUyMCUyMCUyMCUzQyUyRmElM0UlMEElMjAlMjAlM0MlMkZsaSUzRSUwQSUzQyUyRnVsJTNF[\/vc_raw_html][\/vc_column_inner][\/vc_row_inner][vc_row_inner][vc_column_inner width=&#8221;1\/2&#8243;][\/vc_column_inner][vc_column_inner width=&#8221;1\/2&#8243;][vc_column_text]<aside class=\"mashsb-container mashsb-main mashsb-stretched\"><div class=\"mashsb-box\"><div class=\"mashsb-buttons\"><a class=\"mashicon-facebook mash-small mash-center mashsb-noshadow mashsb-pure-icons\" href=\"https:\/\/www.facebook.com\/sharer.php?u=https%3A%2F%2Faataudio.com.br%2Fhome%2Fsubwoofers%2Fgsub1-ci-marrom%2F\" target=\"_top\" rel=\"nofollow\"><span class=\"icon\"><\/span><span class=\"text\"><\/span><\/a><a class=\"mashicon-twitter mash-small mash-center mashsb-noshadow mashsb-pure-icons\" href=\"https:\/\/twitter.com\/intent\/tweet?text=&amp;url=https:\/\/aataudio.com.br\/home\/subwoofers\/gsub1-ci-marrom\/\" target=\"_top\" rel=\"nofollow\"><span class=\"icon\"><\/span><span class=\"text\"><\/span><\/a><a class=\"mashicon-whatsapp mash-small mash-center mashsb-noshadow mashsb-pure-icons\" href=\"\" target=\"_top\" rel=\"nofollow\"><span class=\"icon\"><\/span><span class=\"text\"><\/span><\/a><div class=\"onoffswitch2 mash-small mashsb-noshadow\" style=\"display:none\"><\/div><\/div><\/div>\n                    <div style=\"clear:both\"><\/div><div class=\"mashsb-toggle-container\"><\/div><\/aside>\n            <!-- Share buttons made by mashshare.net - Version: 4.0.47--><br \/>\n<a style=\"display: none;\" href=\"whatsapp:\/\/send?text=The text to share!\" data-action=\"share\/whatsapp\/share\">Share via Whatsapp<\/a>[\/vc_column_text][\/vc_column_inner][\/vc_row_inner][\/vc_column][\/vc_row][vc_row el_id=&#8221;tab-menu-produto&#8221;][vc_column][vc_row_inner][vc_column_inner][vc_btn title=&#8221;Descri\u00e7\u00e3o&#8221; shape=&#8221;square&#8221; link=&#8221;url:%23descricao|||rel:nofollow&#8221; el_class=&#8221;ancor-scroll&#8221;][vc_btn title=&#8221;Caracteristicas&#8221; shape=&#8221;square&#8221; link=&#8221;url:%23caracteristicas|||rel:nofollow&#8221; el_class=&#8221;ancor-scroll&#8221;][vc_btn title=&#8221;Especifica\u00e7\u00f5es&#8221; shape=&#8221;square&#8221; link=&#8221;url:%23especificacoes|||rel:nofollow&#8221; el_class=&#8221;ancor-scroll&#8221;][\/vc_column_inner][\/vc_row_inner][\/vc_column][\/vc_row][vc_row el_id=&#8221;descricao&#8221;][vc_column][vc_row_inner][vc_column_inner][vc_column_text]<\/p>\n<h3 class=\"info-page-title\">DESCRI\u00c7\u00c3O<\/h3>\n<p>O <strong>AAT GSUB1-CI<\/strong> \u00e9 um subwoofer passivo \u00e0 prova d\u2019\u00e1gua que apresenta\u00a0performance surpreendente quando utilizado com a linha de amplificadores para subwoofer da AAT. O fabricante sugere o uso do produto com os modelos\u00a0<strong>AAT PMS-100<\/strong> ou <strong>AAT PMS-200<\/strong>.<\/p>\n<p>\u00c9 o sub ideal para quem quer turbinar a reprodu\u00e7\u00e3o dos sons graves, mas n\u00e3o abre m\u00e3o da mais alta qualidade sonora na \u00e1rea externa da resid\u00eancia ou empresa.[\/vc_column_text][\/vc_column_inner][\/vc_row_inner][\/vc_column][\/vc_row][vc_row el_id=&#8221;caracteristicas&#8221;][vc_column offset=&#8221;vc_col-lg-12 vc_col-sm-offset-0&#8243;][vc_row_inner][vc_column_inner][vc_column_text]<\/p>\n<h3 class=\"info-page-title\">CARACTER\u00cdSTICAS<\/h3>\n<p>O\u00a0<strong>AAT\u00a0GSUB1-CI\u00a0<\/strong>\u00e9\u00a0um\u00a0subwoofer\u00a0passivo para uso em \u00e1reas externas, \u00e0 prova d\u2019 \u00e1gua, que utiliza um driver de 10 polegadas voltado para o solo. Projetado para uso em \u00e1reas externas, o produto tem performance restrita em espa\u00e7os internos e tamb\u00e9m n\u00e3o \u00e9 recomendado para sistemas de home theater.<\/p>\n<p>Por ser um subwoofer passivo, precisa de um\u00a0amplificador externo, como os modelos AAT PMS-100 ou AAT PMS-200, para funcionar, mas dispensa liga\u00e7\u00e3o na rede el\u00e9trica. O amplificador pode ficar a at\u00e9 20 metros de dist\u00e2ncia do subwoofer.\u00a0Com pot\u00eancia m\u00e1xima\u00a0de\u00a0300W\u00a0RMS\u00a0e\u00a0imped\u00e2ncia\u00a0de\u00a04\u00a0ohms,\u00a0o\u00a0sub apresenta alto-falante constru\u00eddo sob encomenda, de acordo com as especifica\u00e7\u00f5es da AAT. Est\u00e1 montado em uma caixa selada, cuidadosamente projetada para fornecer graves na faixa de 40 a 300Hz.<\/p>\n<p>Para ter um melhor desempenho, ajuste a frequ\u00eancia de crossover do amplificador entre 60 e 80Hz e utilize um cabo de bitola de 2.5 mm2 ou 4 mm2 do tipo PPO com comprimento m\u00e1ximo de 20 metros.<\/p>\n<p>O Kit Garden AAT pode ser fornecido com 2 ou 4 caixas sat\u00e9lites.[\/vc_column_text][\/vc_column_inner][\/vc_row_inner][\/vc_column][\/vc_row][vc_row el_id=&#8221;especificacoes&#8221;][vc_column][vc_row_inner][vc_column_inner][vc_column_text]<\/p>\n<h3 class=\"info-page-title\">ESPECIFICA\u00c7\u00d5ES<\/h3>\n<p>[\/vc_column_text][\/vc_column_inner][\/vc_row_inner][vc_column_text css=&#8221;&#8221;]<\/p>\n<div class=\"table-responsive\">\n<table class=\"table table-especificacoes\">\n<thead>\n<tr>\n<th><\/th>\n<th style=\"text-align: center;\"><img loading=\"lazy\" decoding=\"async\" class=\"aligncenter wp-image-11889\" src=\"https:\/\/aataudio.com.br\/wp-content\/uploads\/banner-GSUB1-CI-1.jpg\" alt=\"\" width=\"187\" height=\"120\" \/><\/p>\n<p>AAT GSUB1-CI<\/th>\n<\/tr>\n<\/thead>\n<tbody>\n<tr class=\"table-first-row\">\n<th scope=\"row\">Tipo de sintonia<\/th>\n<td class=\"table-info-value\">Caixa selada<\/td>\n<\/tr>\n<tr>\n<th style=\"white-space: normal;\" scope=\"row\">Driver<\/th>\n<td class=\"table-info-value\">10&#8243; com cone de polipropileno<\/td>\n<\/tr>\n<tr>\n<th scope=\"row\">Pot\u00eancia RMS m\u00e1xima<\/th>\n<td class=\"table-info-value\">300 W RMS<\/td>\n<\/tr>\n<tr>\n<th scope=\"row\">Imped\u00e2ncia<\/th>\n<td class=\"table-info-value\">4 ohms<\/td>\n<\/tr>\n<tr>\n<th scope=\"row\">Resposta em frequ\u00eancia<\/th>\n<td class=\"table-info-value\">40 &#8211; 300Hz<\/td>\n<\/tr>\n<tr>\n<th scope=\"row\">Sensibilidade<\/th>\n<td class=\"table-info-value\">87 dB\/W\/m<\/td>\n<\/tr>\n<tr>\n<th scope=\"row\">IP 65 (\u00e0 prova d&#8217;\u00e1gua)<\/th>\n<td class=\"table-info-value\">Sim<\/td>\n<\/tr>\n<tr>\n<th scope=\"row\">Dimens\u00f5es (LxWxH)<\/th>\n<td class=\"table-info-value\">310 x 420 x 420 mm<\/td>\n<\/tr>\n<tr>\n<th scope=\"row\">Peso<\/th>\n<td class=\"table-info-value\">10Kg (sem embalagem) \/ 12Kg (com embalagem)<\/td>\n<\/tr>\n<\/tbody>\n<\/table>\n<\/div>\n<p>[\/vc_column_text][\/vc_column][\/vc_row][vc_row css=&#8221;.vc_custom_1619471770776{margin-top: 35px !important;}&#8221; el_id=&#8221;veja-tambem&#8221;][vc_column offset=&#8221;vc_hidden-xs&#8221;][vc_column_text]<\/p>\n<h3 class=\"info-page-title\">VEJA TAMB\u00c9M<\/h3>\n<p>[\/vc_column_text][vc_basic_grid post_type=&#8221;page&#8221; max_items=&#8221;-1&#8243; style=&#8221;pagination&#8221; items_per_page=&#8221;4&#8243; element_width=&#8221;3&#8243; gap=&#8221;20&#8243; orderby=&#8221;menu_order&#8221; order=&#8221;ASC&#8221; arrows_design=&#8221;vc_arrow-icon-arrow_07_left&#8221; arrows_position=&#8221;outside&#8221; arrows_color=&#8221;sky&#8221; paging_color=&#8221;sky&#8221; item=&#8221;184&#8243; initial_loading_animation=&#8221;none&#8221; grid_id=&#8221;vc_gid:1754938681729-89e1ea0f-7c5c-2&#8243; taxonomies=&#8221;43&#8243; exclude=&#8221;11888&#8243;][\/vc_column][\/vc_row][vc_row css=&#8221;.vc_custom_1619472086020{margin-top: 35px !important;}&#8221; el_id=&#8221;veja-tambem-2&#8243;][vc_column offset=&#8221;vc_hidden-lg vc_hidden-md vc_hidden-sm&#8221;][vc_column_text]<\/p>\n<h3 class=\"info-page-title\">VEJA TAMB\u00c9M<\/h3>\n<p>[\/vc_column_text][vc_basic_grid post_type=&#8221;page&#8221; max_items=&#8221;-1&#8243; style=&#8221;pagination&#8221; items_per_page=&#8221;1&#8243; element_width=&#8221;12&#8243; gap=&#8221;20&#8243; orderby=&#8221;menu_order&#8221; order=&#8221;ASC&#8221; arrows_design=&#8221;vc_arrow-icon-arrow_07_left&#8221; arrows_position=&#8221;outside&#8221; arrows_color=&#8221;sky&#8221; paging_color=&#8221;sky&#8221; item=&#8221;184&#8243; initial_loading_animation=&#8221;none&#8221; grid_id=&#8221;vc_gid:1754938681730-ca35a0ae-1658-10&#8243; taxonomies=&#8221;43&#8243; exclude=&#8221;11888&#8243;][\/vc_column][\/vc_row]<\/p>\n<\/div>","protected":false},"excerpt":{"rendered":"<p>[vc_row][vc_column][vc_row_inner][vc_column_inner][vc_raw_html]JTNDZGl2JTIwY2xhc3MlM0QlMjJlYXN5em9vbSUyMGVhc3l6b29tLS13aXRoLXRodW1ibmFpbHMlMjIlM0UlMEElMjAlMjAlM0NhJTIwaHJlZiUzRCUyMmh0dHBzJTNBJTJGJTJGYWF0YXVkaW8uY29tLmJyJTJGd3AtY29udGVudCUyRnVwbG9hZHMlMkZiYW5uZXItR1NVQjEtQ0ktMS5qcGclMjIlMjBjbGFzcyUzRCUyMnpvb20tbWFzdGVyJTIyJTNFJTBBJTIwJTIwJTIwJTIwJTNDaW1nJTIwc3JjJTNEJTIyaHR0cHMlM0ElMkYlMkZhYXRhdWRpby5jb20uYnIlMkZ3cC1jb250ZW50JTJGdXBsb2FkcyUyRmJhbm5lci1HU1VCMS1DSS0xLmpwZyUyMiUyMGFsdCUzRCUyMmFjLTElMjIlM0UlMEElMjAlMjAlM0MlMkZhJTNFJTBBJTIwJTIwJTNDZGl2JTIwY2xhc3MlM0QlMjJlYXN5em9vbS1mbHlvdXQlMjIlM0UlM0MlMkZkaXYlM0UlMEElM0MlMkZkaXYlM0UlMEElM0N1bCUyMGNsYXNzJTNEJTIydGh1bWJuYWlscyUyMiUzRSUyMCUyMCUwQSUyMCUyMCUzQ2xpJTNFJTBBJTIwJTIwJTIwJTIwJTNDYSUyMGhyZWYlM0QlMjJodHRwcyUzQSUyRiUyRmFhdGF1ZGlvLmNvbS5iciUyRndwLWNvbnRlbnQlMkZ1cGxvYWRzJTJGYmFubmVyLUdTVUIxLUNJLTEuanBnJTIyJTBBJTIwJTIwJTIwJTIwJTIwJTIwZGF0YS1zdGFuZGFyZCUzRCUyMmh0dHBzJTNBJTJGJTJGYWF0YXVkaW8uY29tLmJyJTJGd3AtY29udGVudCUyRnVwbG9hZHMlMkZiYW5uZXItR1NVQjEtQ0ktMS5qcGclMjIlM0UlMEElMjAlMjAlMjAlMjAlMjAlMjAlM0NpbWclMjBzcmMlM0QlMjJodHRwcyUzQSUyRiUyRmFhdGF1ZGlvLmNvbS5iciUyRndwLWNvbnRlbnQlMkZ1cGxvYWRzJTJGYmFubmVyLUdTVUIxLUNJLTEuanBnJTIyJTIwYWx0JTNEJTIyYWMtMyUyMiUzRSUwQSUyMCUyMCUyMCUyMCUzQyUyRmElM0UlMEElMjAlMjAlM0MlMkZsaSUzRSUwQSUyMCUyMCUzQ2xpJTNFJTBBJTIwJTIwJTIwJTIwJTNDYSUyMGhyZWYlM0QlMjJodHRwcyUzQSUyRiUyRmFhdGF1ZGlvLmNvbS5iciUyRndwLWNvbnRlbnQlMkZ1cGxvYWRzJTJGYmFubmVyLUdTVUIxLUNJLTIuanBnJTIyJTBBJTIwJTIwJTIwJTIwJTIwJTIwZGF0YS1zdGFuZGFyZCUzRCUyMmh0dHBzJTNBJTJGJTJGYWF0YXVkaW8uY29tLmJyJTJGd3AtY29udGVudCUyRnVwbG9hZHMlMkZiYW5uZXItR1NVQjEtQ0ktMi5qcGclMjIlM0UlMEElMjAlMjAlMjAlMjAlMjAlMjAlM0NpbWclMjBzcmMlM0QlMjJodHRwcyUzQSUyRiUyRmFhdGF1ZGlvLmNvbS5iciUyRndwLWNvbnRlbnQlMkZ1cGxvYWRzJTJGYmFubmVyLUdTVUIxLUNJLTIuanBnJTIyJTIwYWx0JTNEJTIyYWMtMyUyMiUzRSUwQSUyMCUyMCUyMCUyMCUzQyUyRmElM0UlMEElMjAlMjAlM0MlMkZsaSUzRSUwQSUyMCUyMCUzQ2xpJTNFJTBBJTIwJTIwJTIwJTIwJTNDYSUyMGhyZWYlM0QlMjJodHRwcyUzQSUyRiUyRmFhdGF1ZGlvLmNvbS5iciUyRndwLWNvbnRlbnQlMkZ1cGxvYWRzJTJGYmFubmVyLUdTVUIxLUNJLTMuanBnJTIyJTBBJTIwJTIwJTIwJTIwJTIwJTIwZGF0YS1zdGFuZGFyZCUzRCUyMmh0dHBzJTNBJTJGJTJGYWF0YXVkaW8uY29tLmJyJTJGd3AtY29udGVudCUyRnVwbG9hZHMlMkZiYW5uZXItR1NVQjEtQ0ktMy5qcGclMjIlM0UlMEElMjAlMjAlMjAlMjAlMjAlMjAlM0NpbWclMjBzcmMlM0QlMjJodHRwcyUzQSUyRiUyRmFhdGF1ZGlvLmNvbS5iciUyRndwLWNvbnRlbnQlMkZ1cGxvYWRzJTJGYmFubmVyLUdTVUIxLUNJLTMuanBnJTIyJTIwYWx0JTNEJTIyYWMtMyUyMiUzRSUwQSUyMCUyMCUyMCUyMCUzQyUyRmElM0UlMEElMjAlMjAlM0MlMkZsaSUzRSUwQSUzQyUyRnVsJTNF[\/vc_raw_html][\/vc_column_inner][\/vc_row_inner][vc_row_inner][vc_column_inner width=&#8221;1\/2&#8243;][\/vc_column_inner][vc_column_inner width=&#8221;1\/2&#8243;][vc_column_text] Share via Whatsapp[\/vc_column_text][\/vc_column_inner][\/vc_row_inner][\/vc_column][\/vc_row][vc_row el_id=&#8221;tab-menu-produto&#8221;][vc_column][vc_row_inner][vc_column_inner][vc_btn title=&#8221;Descri\u00e7\u00e3o&#8221; shape=&#8221;square&#8221; link=&#8221;url:%23descricao|||rel:nofollow&#8221; el_class=&#8221;ancor-scroll&#8221;][vc_btn title=&#8221;Caracteristicas&#8221; shape=&#8221;square&#8221; link=&#8221;url:%23caracteristicas|||rel:nofollow&#8221; el_class=&#8221;ancor-scroll&#8221;][vc_btn title=&#8221;Especifica\u00e7\u00f5es&#8221; shape=&#8221;square&#8221; link=&#8221;url:%23especificacoes|||rel:nofollow&#8221; el_class=&#8221;ancor-scroll&#8221;][\/vc_column_inner][\/vc_row_inner][\/vc_column][\/vc_row][vc_row el_id=&#8221;descricao&#8221;][vc_column][vc_row_inner][vc_column_inner][vc_column_text] DESCRI\u00c7\u00c3O O AAT GSUB1-CI \u00e9 um subwoofer passivo \u00e0 prova d\u2019\u00e1gua que apresenta\u00a0performance surpreendente quando utilizado com a linha de amplificadores para subwoofer da AAT. O fabricante sugere o uso do produto com os modelos\u00a0AAT [&hellip;]<\/p>\n","protected":false},"author":5,"featured_media":11949,"parent":24,"menu_order":3,"comment_status":"closed","ping_status":"closed","template":"page-fullwidth.php","meta":{"footnotes":""},"class_list":["post-15459","page","type-page","status-publish","has-post-thumbnail","hentry"],"_links":{"self":[{"href":"https:\/\/aataudio.com.br\/home\/wp-json\/wp\/v2\/pages\/15459"}],"collection":[{"href":"https:\/\/aataudio.com.br\/home\/wp-json\/wp\/v2\/pages"}],"about":[{"href":"https:\/\/aataudio.com.br\/home\/wp-json\/wp\/v2\/types\/page"}],"author":[{"embeddable":true,"href":"https:\/\/aataudio.com.br\/home\/wp-json\/wp\/v2\/users\/5"}],"replies":[{"embeddable":true,"href":"https:\/\/aataudio.com.br\/home\/wp-json\/wp\/v2\/comments?post=15459"}],"version-history":[{"count":4,"href":"https:\/\/aataudio.com.br\/home\/wp-json\/wp\/v2\/pages\/15459\/revisions"}],"predecessor-version":[{"id":15465,"href":"https:\/\/aataudio.com.br\/home\/wp-json\/wp\/v2\/pages\/15459\/revisions\/15465"}],"up":[{"embeddable":true,"href":"https:\/\/aataudio.com.br\/home\/wp-json\/wp\/v2\/pages\/24"}],"wp:featuredmedia":[{"embeddable":true,"href":"https:\/\/aataudio.com.br\/home\/wp-json\/wp\/v2\/media\/11949"}],"wp:attachment":[{"href":"https:\/\/aataudio.com.br\/home\/wp-json\/wp\/v2\/media?parent=15459"}],"curies":[{"name":"wp","href":"https:\/\/api.w.org\/{rel}","templated":true}]}}