{"id":14469,"date":"2024-12-14T20:53:45","date_gmt":"2024-12-14T23:53:45","guid":{"rendered":"https:\/\/aataudio.com.br\/home\/?page_id=14469"},"modified":"2026-01-21T09:13:06","modified_gmt":"2026-01-21T12:13:06","slug":"aat-direct-burial-cable-dbc","status":"publish","type":"page","link":"https:\/\/aataudio.com.br\/home\/audio-video-solutions\/aat-direct-burial-cable-dbc\/","title":{"rendered":"AAT DIRECT BURIAL CABLE (DBC) &#8211; MARINIZADO"},"content":{"rendered":"<div class=\"wpb-content-wrapper\"><p>[vc_row][vc_column][vc_row_inner][vc_column_inner][vc_raw_html css=&#8221;&#8221;]JTNDZGl2JTIwY2xhc3MlM0QlMjJlYXN5em9vbSUyMGVhc3l6b29tLS13aXRoLXRodW1ibmFpbHMlMjIlM0UlMEElMjAlMjAlMjAlM0NhJTIwaHJlZiUzRCUyMmh0dHBzJTNBJTJGJTJGYWF0YXVkaW8uY29tLmJyJTJGd3AtY29udGVudCUyRnVwbG9hZHMlMkZBQVRfREJDLV8wMy5qcGclMjIlMjBjbGFzcyUzRCUyMnpvb20tbWFzdGVyJTIyJTNFJTBBJTIwJTIwJTIwJTNDaW1nJTIwc3JjJTNEJTIyaHR0cHMlM0ElMkYlMkZhYXRhdWRpby5jb20uYnIlMkZ3cC1jb250ZW50JTJGdXBsb2FkcyUyRkFBVF9EQkMtXzAzLmpwZyUyMiUyMGFsdCUzRCUyMmFjLTElMjIlM0UlMEElMjAlMjAlMjAlM0MlMkZhJTNFJTBBJTIwJTIwJTIwJTNDZGl2JTIwY2xhc3MlM0QlMjJlYXN5em9vbS1mbHlvdXQlMjIlM0UlM0MlMkZkaXYlM0UlMEElM0MlMkZkaXYlM0UlMEElM0N1bCUyMGNsYXNzJTNEJTIydGh1bWJuYWlscyUyMiUzRSUwQSUzQ2xpJTNFJTBBJTIwJTIwJTIwJTIwJTIwJTIwJTNDYSUyMGhyZWYlM0QlMjJodHRwcyUzQSUyRiUyRmFhdGF1ZGlvLmNvbS5iciUyRndwLWNvbnRlbnQlMkZ1cGxvYWRzJTJGQUFUX0RCQy1fMS5qcGclMjIlMjBkYXRhLXN0YW5kYXJkJTNEJTIyaHR0cHMlM0ElMkYlMkZhYXRhdWRpby5jb20uYnIlMkZ3cC1jb250ZW50JTJGdXBsb2FkcyUyRkFBVF9EQkMtXzEuanBnJTIyJTNFJTBBJTIwJTIwJTIwJTIwJTIwJTIwJTNDaW1nJTIwc3JjJTNEJTIyaHR0cHMlM0ElMkYlMkZhYXRhdWRpby5jb20uYnIlMkZ3cC1jb250ZW50JTJGdXBsb2FkcyUyRkFBVF9EQkMtXzEuanBnJTIyJTIwYWx0JTNEJTIyYWMtMSUyMiUzRSUwQSUyMCUyMCUyMCUyMCUyMCUyMCUzQyUyRmElM0UlMEElMjAlMjAlMjAlM0MlMkZsaSUzRSUwQSUyMCUyMCUyMCUzQ2xpJTNFJTBBJTIwJTIwJTIwJTIwJTIwJTIwJTNDYSUyMGhyZWYlM0QlMjJodHRwcyUzQSUyRiUyRmFhdGF1ZGlvLmNvbS5iciUyRndwLWNvbnRlbnQlMkZ1cGxvYWRzJTJGQUFUX0RCQy1fMDEuanBnJTIyJTIwZGF0YS1zdGFuZGFyZCUzRCUyMmh0dHBzJTNBJTJGJTJGYWF0YXVkaW8uY29tLmJyJTJGd3AtY29udGVudCUyRnVwbG9hZHMlMkZBQVRfREJDLV8wMS5qcGclMjIlM0UlMEElMjAlMjAlMjAlMjAlMjAlMjAlM0NpbWclMjBzcmMlM0QlMjJodHRwcyUzQSUyRiUyRmFhdGF1ZGlvLmNvbS5iciUyRndwLWNvbnRlbnQlMkZ1cGxvYWRzJTJGQUFUX0RCQy1fMDEuanBnJTIyJTIwYWx0JTNEJTIyYWMtMSUyMiUzRSUwQSUyMCUyMCUyMCUyMCUyMCUyMCUzQyUyRmElM0UlMEElMjAlMjAlMjAlM0MlMkZsaSUzRSUwQSUyMCUyMCUyMCUzQ2xpJTNFJTBBJTIwJTIwJTIwJTIwJTIwJTIwJTNDYSUyMGhyZWYlM0QlMjJodHRwcyUzQSUyRiUyRmFhdGF1ZGlvLmNvbS5iciUyRndwLWNvbnRlbnQlMkZ1cGxvYWRzJTJGQUFUX0RCQy1fMDQuanBnJTIyJTIwZGF0YS1zdGFuZGFyZCUzRCUyMmh0dHBzJTNBJTJGJTJGYWF0YXVkaW8uY29tLmJyJTJGd3AtY29udGVudCUyRnVwbG9hZHMlMkZBQVRfREJDLV8wNC5qcGclMjIlM0UlMEElMjAlMjAlMjAlMjAlMjAlMjAlM0NpbWclMjBzcmMlM0QlMjJodHRwcyUzQSUyRiUyRmFhdGF1ZGlvLmNvbS5iciUyRndwLWNvbnRlbnQlMkZ1cGxvYWRzJTJGQUFUX0RCQy1fMDQuanBnJTIyJTIwYWx0JTNEJTIyYWMtMiUyMiUzRSUwQSUyMCUyMCUyMCUyMCUyMCUyMCUzQyUyRmElM0UlMEElMjAlMjAlMjAlM0MlMkZsaSUzRSUwQSUwQSUyMCUzQ2xpJTNFJTBBJTIwJTIwJTIwJTIwJTIwJTIwJTNDYSUyMGhyZWYlM0QlMjJodHRwcyUzQSUyRiUyRmFhdGF1ZGlvLmNvbS5iciUyRndwLWNvbnRlbnQlMkZ1cGxvYWRzJTJGQUFUX0RCQy1fMDIuanBnJTIyJTIwZGF0YS1zdGFuZGFyZCUzRCUyMmh0dHBzJTNBJTJGJTJGYWF0YXVkaW8uY29tLmJyJTJGd3AtY29udGVudCUyRnVwbG9hZHMlMkZBQVRfREJDLV8wMi5qcGclMjIlM0UlMEElMjAlMjAlMjAlMjAlMjAlMjAlM0NpbWclMjBzcmMlM0QlMjJodHRwcyUzQSUyRiUyRmFhdGF1ZGlvLmNvbS5iciUyRndwLWNvbnRlbnQlMkZ1cGxvYWRzJTJGQUFUX0RCQy1fMDIuanBnJTIyJTIwYWx0JTNEJTIyYWMtMiUyMiUzRSUwQSUyMCUyMCUyMCUyMCUyMCUyMCUzQyUyRmElM0UlMEElMjAlMjAlMjAlM0MlMkZsaSUzRSUwQSUzQ2xpJTNFJTBBJTIwJTIwJTIwJTIwJTIwJTIwJTNDYSUyMGhyZWYlM0QlMjJodHRwcyUzQSUyRiUyRmFhdGF1ZGlvLmNvbS5iciUyRndwLWNvbnRlbnQlMkZ1cGxvYWRzJTJGQUFUX0RCQy1fMDMuanBnJTIyJTIwZGF0YS1zdGFuZGFyZCUzRCUyMmh0dHBzJTNBJTJGJTJGYWF0YXVkaW8uY29tLmJyJTJGd3AtY29udGVudCUyRnVwbG9hZHMlMkZBQVRfREJDLV8wMy5qcGclMjIlM0UlMEElMjAlMjAlMjAlMjAlMjAlMjAlM0NpbWclMjBzcmMlM0QlMjJodHRwcyUzQSUyRiUyRmFhdGF1ZGlvLmNvbS5iciUyRndwLWNvbnRlbnQlMkZ1cGxvYWRzJTJGQUFUX0RCQy1fMDMuanBnJTIyJTIwYWx0JTNEJTIyYWMtMiUyMiUzRSUwQSUyMCUyMCUyMCUyMCUyMCUyMCUzQyUyRmElM0UlMEElMjAlMjAlMjAlM0MlMkZsaSUzRSUwQSUzQyUyRnVsJTNF[\/vc_raw_html][\/vc_column_inner][\/vc_row_inner][vc_row_inner][vc_column_inner width=&#8221;1\/2&#8243;][\/vc_column_inner][vc_column_inner width=&#8221;1\/2&#8243;][vc_column_text]<aside class=\"mashsb-container mashsb-main mashsb-stretched\"><div class=\"mashsb-box\"><div class=\"mashsb-buttons\"><a class=\"mashicon-facebook mash-small mash-center mashsb-noshadow mashsb-pure-icons\" href=\"https:\/\/www.facebook.com\/sharer.php?u=https%3A%2F%2Faataudio.com.br%2Fhome%2Faudio-video-solutions%2Faat-direct-burial-cable-dbc%2F\" target=\"_top\" rel=\"nofollow\"><span class=\"icon\"><\/span><span class=\"text\"><\/span><\/a><a class=\"mashicon-twitter mash-small mash-center mashsb-noshadow mashsb-pure-icons\" href=\"https:\/\/twitter.com\/intent\/tweet?text=&amp;url=https:\/\/aataudio.com.br\/home\/audio-video-solutions\/aat-direct-burial-cable-dbc\/\" target=\"_top\" rel=\"nofollow\"><span class=\"icon\"><\/span><span class=\"text\"><\/span><\/a><a class=\"mashicon-whatsapp mash-small mash-center mashsb-noshadow mashsb-pure-icons\" href=\"\" target=\"_top\" rel=\"nofollow\"><span class=\"icon\"><\/span><span class=\"text\"><\/span><\/a><div class=\"onoffswitch2 mash-small mashsb-noshadow\" style=\"display:none\"><\/div><\/div><\/div>\n                    <div style=\"clear:both\"><\/div><div class=\"mashsb-toggle-container\"><\/div><\/aside>\n            <!-- Share buttons made by mashshare.net - Version: 4.0.47--><br \/>\n<a style=\"display: none;\" href=\"whatsapp:\/\/send?text=The text to share!\" data-action=\"share\/whatsapp\/share\">Share via Whatsapp<\/a>[\/vc_column_text][\/vc_column_inner][\/vc_row_inner][\/vc_column][\/vc_row][vc_row el_id=&#8221;tab-menu-produto&#8221;][vc_column][vc_row_inner][vc_column_inner][vc_btn title=&#8221;Descri\u00e7\u00e3o&#8221; shape=&#8221;square&#8221; link=&#8221;url:%23descricao|||rel:nofollow&#8221; el_class=&#8221;ancor-scroll&#8221;][vc_btn title=&#8221;Caracteristicas&#8221; shape=&#8221;square&#8221; link=&#8221;url:%23caracteristicas|||rel:nofollow&#8221; el_class=&#8221;ancor-scroll&#8221;][vc_btn title=&#8221;Especifica\u00e7\u00f5es&#8221; shape=&#8221;square&#8221; link=&#8221;url:%23especificacoes|||rel:nofollow&#8221; el_class=&#8221;ancor-scroll&#8221;][\/vc_column_inner][\/vc_row_inner][\/vc_column][\/vc_row][vc_row el_id=&#8221;descricao&#8221;][vc_column][vc_row_inner][vc_column_inner][vc_column_text css=&#8221;&#8221;]<\/p>\n<h3 class=\"info-page-title\">DESCRI\u00c7\u00c3O<\/h3>\n<p>Os cabos marinizados de conex\u00e3o premium para caixas ac\u00fasticas AAT DBC foram desenvolvidos com a mais alta tecnologia para garantir a m\u00e1xima performance em projetos de \u00e1udio em \u00e1reas externas. Cuidadosamente projetados em cobre de alta pureza (Oxygen Free Copper\/OFC) e estanhados, esses cabos podem ser discretamente enterrados no jardim, sem a necessidade de tubula\u00e7\u00e3o.<\/p>\n<p>\u00c9 a solu\u00e7\u00e3o perfeita e com o melhor custo-benef\u00edcio da categoria para instala\u00e7\u00f5es em jardins, rooftops, varandas e outros espa\u00e7os abertos, onde o alto desempenho e a resist\u00eancia \u00e0 oxida\u00e7\u00e3o precisam caminhar juntos.[\/vc_column_text][\/vc_column_inner][\/vc_row_inner][\/vc_column][\/vc_row][vc_row el_id=&#8221;caracteristicas&#8221;][vc_column offset=&#8221;vc_col-lg-12 vc_col-sm-offset-0&#8243;][vc_row_inner][vc_column_inner][vc_column_text css=&#8221;&#8221;]<\/p>\n<h3 class=\"info-page-title\">CARACTER\u00cdSTICAS<\/h3>\n<p>O cabo premium outdoor marinizado AAT DBC oferece, ao mesmo tempo, a condutividade do cobre OFC e a resist\u00eancia \u00e0 oxida\u00e7\u00e3o proporcionada pelo estanho, sendo ideal para \u00e1reas externas ou litor\u00e2neas. Com acabamento arrojado em PP (cover in double PVC) na cor marrom, \u00e9 oferecido em bitola de 2.5mm\u00b2 nas op\u00e7\u00f5es de 2 ou 4 vias (2 way\/4 way).<\/p>\n<p>Para maior praticidade na instala\u00e7\u00e3o e melhor controle do estoque, a AAT inclui marca\u00e7\u00e3o de metragem no pr\u00f3prio cabo, que \u00e9 vendido em bobinas de 150m. O AAT DIRECT BURIAL CABLE \u00e9 a companhia perfeita para as caixas outdoor da AAT (AAT OS-120 e KIT GARDEN) e subwoofers\u00a0AAT CUBE RAKT ROCK.[\/vc_column_text][\/vc_column_inner][\/vc_row_inner][\/vc_column][\/vc_row][vc_row el_id=&#8221;especificacoes&#8221;][vc_column][vc_row_inner][vc_column_inner][vc_column_text]<\/p>\n<h3 class=\"info-page-title\">ESPECIFICA\u00c7\u00d5ES<\/h3>\n<p>[\/vc_column_text][\/vc_column_inner][\/vc_row_inner][vc_column_text css=&#8221;&#8221;]<\/p>\n<div class=\"table-responsive\">\n<table class=\"table table-especificacoes\">\n<thead>\n<tr>\n<th><\/th>\n<th style=\"text-align: center;\"><img loading=\"lazy\" decoding=\"async\" class=\"wp-image-14475 size-full aligncenter\" src=\"https:\/\/aataudio.com.br\/wp-content\/uploads\/AAT_DBC-_01a.jpg\" alt=\"\" width=\"120\" height=\"120\" \/>AAT DIRECT BURIAL CABLE<\/th>\n<\/tr>\n<\/thead>\n<tbody>\n<tr class=\"table-first-row\">\n<th scope=\"row\">Bitola<\/th>\n<td class=\"table-info-value\">2&#215;2.5mm2 (2 vias) ou 4&#215;2.5mm2 (4 vias)<\/td>\n<\/tr>\n<tr>\n<th style=\"white-space: normal;\" scope=\"row\">Metragem<\/th>\n<td class=\"table-info-value\">Bobinas de 150m<\/td>\n<\/tr>\n<tr>\n<th scope=\"row\">Peso<\/th>\n<td class=\"table-info-value\">22.6kg (2 vias) ou 35.7kg (4 vias)<\/td>\n<\/tr>\n<tr>\n<th scope=\"row\">Marca\u00e7\u00e3o da metragem no cabo<\/th>\n<td class=\"table-info-value\">Sim<\/td>\n<\/tr>\n<tr>\n<th scope=\"row\">Revestimento<\/th>\n<td class=\"table-info-value\">EM PP especifico para uso externo, cor marrom<\/td>\n<\/tr>\n<tr>\n<th scope=\"row\">Tens\u00e3o m\u00e1xima de trabalho<\/th>\n<td class=\"table-info-value\">500V<\/td>\n<\/tr>\n<\/tbody>\n<\/table>\n<\/div>\n<p>[\/vc_column_text][\/vc_column][\/vc_row][vc_row css=&#8221;.vc_custom_1618931169783{margin-top: 35px !important;}&#8221; el_id=&#8221;veja-tambem&#8221;][vc_column offset=&#8221;vc_hidden-xs&#8221;][vc_column_text]<\/p>\n<h3 class=\"info-page-title\">VEJA TAMB\u00c9M<\/h3>\n<p>[\/vc_column_text][vc_basic_grid post_type=&#8221;page&#8221; max_items=&#8221;-1&#8243; style=&#8221;pagination&#8221; items_per_page=&#8221;4&#8243; element_width=&#8221;3&#8243; gap=&#8221;20&#8243; orderby=&#8221;menu_order&#8221; order=&#8221;ASC&#8221; arrows_design=&#8221;vc_arrow-icon-arrow_07_left&#8221; arrows_position=&#8221;outside&#8221; arrows_color=&#8221;sky&#8221; paging_color=&#8221;sky&#8221; item=&#8221;184&#8243; initial_loading_animation=&#8221;none&#8221; grid_id=&#8221;vc_gid:1764359796598-c0e365ab97f3b7ed9578798509a323a5-7&#8243; taxonomies=&#8221;48&#8243; exclude=&#8221;658&#8243;][\/vc_column][\/vc_row][vc_row css=&#8221;.vc_custom_1618931180269{margin-top: 35px !important;}&#8221; el_id=&#8221;veja-tambem-2&#8243;][vc_column offset=&#8221;vc_hidden-lg vc_hidden-md vc_hidden-sm&#8221;][vc_column_text]<\/p>\n<h3 class=\"info-page-title\">VEJA TAMB\u00c9M<\/h3>\n<p>[\/vc_column_text][vc_basic_grid post_type=&#8221;page&#8221; max_items=&#8221;-1&#8243; style=&#8221;pagination&#8221; items_per_page=&#8221;1&#8243; element_width=&#8221;12&#8243; gap=&#8221;20&#8243; orderby=&#8221;menu_order&#8221; order=&#8221;ASC&#8221; arrows_design=&#8221;vc_arrow-icon-arrow_07_left&#8221; arrows_color=&#8221;sky&#8221; paging_color=&#8221;sky&#8221; item=&#8221;184&#8243; initial_loading_animation=&#8221;none&#8221; grid_id=&#8221;vc_gid:1764359796630-1f13de59dadf488e6c04d320b1b1fec4-4&#8243; taxonomies=&#8221;17&#8243; exclude=&#8221;658&#8243;][\/vc_column][\/vc_row]<\/p>\n<\/div>","protected":false},"excerpt":{"rendered":"<p>[vc_row][vc_column][vc_row_inner][vc_column_inner][vc_raw_html css=&#8221;&#8221;]JTNDZGl2JTIwY2xhc3MlM0QlMjJlYXN5em9vbSUyMGVhc3l6b29tLS13aXRoLXRodW1ibmFpbHMlMjIlM0UlMEElMjAlMjAlMjAlM0NhJTIwaHJlZiUzRCUyMmh0dHBzJTNBJTJGJTJGYWF0YXVkaW8uY29tLmJyJTJGd3AtY29udGVudCUyRnVwbG9hZHMlMkZBQVRfREJDLV8wMy5qcGclMjIlMjBjbGFzcyUzRCUyMnpvb20tbWFzdGVyJTIyJTNFJTBBJTIwJTIwJTIwJTNDaW1nJTIwc3JjJTNEJTIyaHR0cHMlM0ElMkYlMkZhYXRhdWRpby5jb20uYnIlMkZ3cC1jb250ZW50JTJGdXBsb2FkcyUyRkFBVF9EQkMtXzAzLmpwZyUyMiUyMGFsdCUzRCUyMmFjLTElMjIlM0UlMEElMjAlMjAlMjAlM0MlMkZhJTNFJTBBJTIwJTIwJTIwJTNDZGl2JTIwY2xhc3MlM0QlMjJlYXN5em9vbS1mbHlvdXQlMjIlM0UlM0MlMkZkaXYlM0UlMEElM0MlMkZkaXYlM0UlMEElM0N1bCUyMGNsYXNzJTNEJTIydGh1bWJuYWlscyUyMiUzRSUwQSUzQ2xpJTNFJTBBJTIwJTIwJTIwJTIwJTIwJTIwJTNDYSUyMGhyZWYlM0QlMjJodHRwcyUzQSUyRiUyRmFhdGF1ZGlvLmNvbS5iciUyRndwLWNvbnRlbnQlMkZ1cGxvYWRzJTJGQUFUX0RCQy1fMS5qcGclMjIlMjBkYXRhLXN0YW5kYXJkJTNEJTIyaHR0cHMlM0ElMkYlMkZhYXRhdWRpby5jb20uYnIlMkZ3cC1jb250ZW50JTJGdXBsb2FkcyUyRkFBVF9EQkMtXzEuanBnJTIyJTNFJTBBJTIwJTIwJTIwJTIwJTIwJTIwJTNDaW1nJTIwc3JjJTNEJTIyaHR0cHMlM0ElMkYlMkZhYXRhdWRpby5jb20uYnIlMkZ3cC1jb250ZW50JTJGdXBsb2FkcyUyRkFBVF9EQkMtXzEuanBnJTIyJTIwYWx0JTNEJTIyYWMtMSUyMiUzRSUwQSUyMCUyMCUyMCUyMCUyMCUyMCUzQyUyRmElM0UlMEElMjAlMjAlMjAlM0MlMkZsaSUzRSUwQSUyMCUyMCUyMCUzQ2xpJTNFJTBBJTIwJTIwJTIwJTIwJTIwJTIwJTNDYSUyMGhyZWYlM0QlMjJodHRwcyUzQSUyRiUyRmFhdGF1ZGlvLmNvbS5iciUyRndwLWNvbnRlbnQlMkZ1cGxvYWRzJTJGQUFUX0RCQy1fMDEuanBnJTIyJTIwZGF0YS1zdGFuZGFyZCUzRCUyMmh0dHBzJTNBJTJGJTJGYWF0YXVkaW8uY29tLmJyJTJGd3AtY29udGVudCUyRnVwbG9hZHMlMkZBQVRfREJDLV8wMS5qcGclMjIlM0UlMEElMjAlMjAlMjAlMjAlMjAlMjAlM0NpbWclMjBzcmMlM0QlMjJodHRwcyUzQSUyRiUyRmFhdGF1ZGlvLmNvbS5iciUyRndwLWNvbnRlbnQlMkZ1cGxvYWRzJTJGQUFUX0RCQy1fMDEuanBnJTIyJTIwYWx0JTNEJTIyYWMtMSUyMiUzRSUwQSUyMCUyMCUyMCUyMCUyMCUyMCUzQyUyRmElM0UlMEElMjAlMjAlMjAlM0MlMkZsaSUzRSUwQSUyMCUyMCUyMCUzQ2xpJTNFJTBBJTIwJTIwJTIwJTIwJTIwJTIwJTNDYSUyMGhyZWYlM0QlMjJodHRwcyUzQSUyRiUyRmFhdGF1ZGlvLmNvbS5iciUyRndwLWNvbnRlbnQlMkZ1cGxvYWRzJTJGQUFUX0RCQy1fMDQuanBnJTIyJTIwZGF0YS1zdGFuZGFyZCUzRCUyMmh0dHBzJTNBJTJGJTJGYWF0YXVkaW8uY29tLmJyJTJGd3AtY29udGVudCUyRnVwbG9hZHMlMkZBQVRfREJDLV8wNC5qcGclMjIlM0UlMEElMjAlMjAlMjAlMjAlMjAlMjAlM0NpbWclMjBzcmMlM0QlMjJodHRwcyUzQSUyRiUyRmFhdGF1ZGlvLmNvbS5iciUyRndwLWNvbnRlbnQlMkZ1cGxvYWRzJTJGQUFUX0RCQy1fMDQuanBnJTIyJTIwYWx0JTNEJTIyYWMtMiUyMiUzRSUwQSUyMCUyMCUyMCUyMCUyMCUyMCUzQyUyRmElM0UlMEElMjAlMjAlMjAlM0MlMkZsaSUzRSUwQSUwQSUyMCUzQ2xpJTNFJTBBJTIwJTIwJTIwJTIwJTIwJTIwJTNDYSUyMGhyZWYlM0QlMjJodHRwcyUzQSUyRiUyRmFhdGF1ZGlvLmNvbS5iciUyRndwLWNvbnRlbnQlMkZ1cGxvYWRzJTJGQUFUX0RCQy1fMDIuanBnJTIyJTIwZGF0YS1zdGFuZGFyZCUzRCUyMmh0dHBzJTNBJTJGJTJGYWF0YXVkaW8uY29tLmJyJTJGd3AtY29udGVudCUyRnVwbG9hZHMlMkZBQVRfREJDLV8wMi5qcGclMjIlM0UlMEElMjAlMjAlMjAlMjAlMjAlMjAlM0NpbWclMjBzcmMlM0QlMjJodHRwcyUzQSUyRiUyRmFhdGF1ZGlvLmNvbS5iciUyRndwLWNvbnRlbnQlMkZ1cGxvYWRzJTJGQUFUX0RCQy1fMDIuanBnJTIyJTIwYWx0JTNEJTIyYWMtMiUyMiUzRSUwQSUyMCUyMCUyMCUyMCUyMCUyMCUzQyUyRmElM0UlMEElMjAlMjAlMjAlM0MlMkZsaSUzRSUwQSUzQ2xpJTNFJTBBJTIwJTIwJTIwJTIwJTIwJTIwJTNDYSUyMGhyZWYlM0QlMjJodHRwcyUzQSUyRiUyRmFhdGF1ZGlvLmNvbS5iciUyRndwLWNvbnRlbnQlMkZ1cGxvYWRzJTJGQUFUX0RCQy1fMDMuanBnJTIyJTIwZGF0YS1zdGFuZGFyZCUzRCUyMmh0dHBzJTNBJTJGJTJGYWF0YXVkaW8uY29tLmJyJTJGd3AtY29udGVudCUyRnVwbG9hZHMlMkZBQVRfREJDLV8wMy5qcGclMjIlM0UlMEElMjAlMjAlMjAlMjAlMjAlMjAlM0NpbWclMjBzcmMlM0QlMjJodHRwcyUzQSUyRiUyRmFhdGF1ZGlvLmNvbS5iciUyRndwLWNvbnRlbnQlMkZ1cGxvYWRzJTJGQUFUX0RCQy1fMDMuanBnJTIyJTIwYWx0JTNEJTIyYWMtMiUyMiUzRSUwQSUyMCUyMCUyMCUyMCUyMCUyMCUzQyUyRmElM0UlMEElMjAlMjAlMjAlM0MlMkZsaSUzRSUwQSUzQyUyRnVsJTNF[\/vc_raw_html][\/vc_column_inner][\/vc_row_inner][vc_row_inner][vc_column_inner width=&#8221;1\/2&#8243;][\/vc_column_inner][vc_column_inner width=&#8221;1\/2&#8243;][vc_column_text] Share via Whatsapp[\/vc_column_text][\/vc_column_inner][\/vc_row_inner][\/vc_column][\/vc_row][vc_row el_id=&#8221;tab-menu-produto&#8221;][vc_column][vc_row_inner][vc_column_inner][vc_btn title=&#8221;Descri\u00e7\u00e3o&#8221; shape=&#8221;square&#8221; link=&#8221;url:%23descricao|||rel:nofollow&#8221; el_class=&#8221;ancor-scroll&#8221;][vc_btn title=&#8221;Caracteristicas&#8221; shape=&#8221;square&#8221; link=&#8221;url:%23caracteristicas|||rel:nofollow&#8221; el_class=&#8221;ancor-scroll&#8221;][vc_btn title=&#8221;Especifica\u00e7\u00f5es&#8221; shape=&#8221;square&#8221; link=&#8221;url:%23especificacoes|||rel:nofollow&#8221; el_class=&#8221;ancor-scroll&#8221;][\/vc_column_inner][\/vc_row_inner][\/vc_column][\/vc_row][vc_row el_id=&#8221;descricao&#8221;][vc_column][vc_row_inner][vc_column_inner][vc_column_text css=&#8221;&#8221;] DESCRI\u00c7\u00c3O Os cabos marinizados de conex\u00e3o premium para caixas ac\u00fasticas AAT DBC foram desenvolvidos com a mais alta tecnologia para garantir a m\u00e1xima performance em projetos de \u00e1udio em \u00e1reas externas. Cuidadosamente projetados [&hellip;]<\/p>\n","protected":false},"author":5,"featured_media":14480,"parent":16164,"menu_order":5,"comment_status":"closed","ping_status":"closed","template":"page-fullwidth.php","meta":{"footnotes":""},"class_list":["post-14469","page","type-page","status-publish","has-post-thumbnail","hentry","tags-cabosaat"],"_links":{"self":[{"href":"https:\/\/aataudio.com.br\/home\/wp-json\/wp\/v2\/pages\/14469"}],"collection":[{"href":"https:\/\/aataudio.com.br\/home\/wp-json\/wp\/v2\/pages"}],"about":[{"href":"https:\/\/aataudio.com.br\/home\/wp-json\/wp\/v2\/types\/page"}],"author":[{"embeddable":true,"href":"https:\/\/aataudio.com.br\/home\/wp-json\/wp\/v2\/users\/5"}],"replies":[{"embeddable":true,"href":"https:\/\/aataudio.com.br\/home\/wp-json\/wp\/v2\/comments?post=14469"}],"version-history":[{"count":13,"href":"https:\/\/aataudio.com.br\/home\/wp-json\/wp\/v2\/pages\/14469\/revisions"}],"predecessor-version":[{"id":15930,"href":"https:\/\/aataudio.com.br\/home\/wp-json\/wp\/v2\/pages\/14469\/revisions\/15930"}],"up":[{"embeddable":true,"href":"https:\/\/aataudio.com.br\/home\/wp-json\/wp\/v2\/pages\/16164"}],"wp:featuredmedia":[{"embeddable":true,"href":"https:\/\/aataudio.com.br\/home\/wp-json\/wp\/v2\/media\/14480"}],"wp:attachment":[{"href":"https:\/\/aataudio.com.br\/home\/wp-json\/wp\/v2\/media?parent=14469"}],"curies":[{"name":"wp","href":"https:\/\/api.w.org\/{rel}","templated":true}]}}