{"id":13808,"date":"2024-08-05T09:58:14","date_gmt":"2024-08-05T12:58:14","guid":{"rendered":"https:\/\/aataudio.com.br\/?page_id=13808"},"modified":"2026-01-21T09:14:46","modified_gmt":"2026-01-21T12:14:46","slug":"cabo-aat-supreme-em-ofc-oxygen-free-copper-estanhado","status":"publish","type":"page","link":"https:\/\/aataudio.com.br\/home\/audio-video-solutions\/cabo-aat-supreme-em-ofc-oxygen-free-copper-estanhado\/","title":{"rendered":"CABO MARINIZADO AAT SUPREME EM OFC (OXYGEN FREE COPPER) ESTANHADO"},"content":{"rendered":"<div class=\"wpb-content-wrapper\"><p>[vc_row][vc_column][vc_row_inner][vc_column_inner][vc_raw_html]JTNDZGl2JTIwY2xhc3MlM0QlMjJlYXN5em9vbSUyMGVhc3l6b29tLS13aXRoLXRodW1ibmFpbHMlMjIlM0UlMEElMjAlMjAlMjAlM0NhJTIwaHJlZiUzRCUyMmh0dHBzJTNBJTJGJTJGYWF0YXVkaW8uY29tLmJyJTJGd3AtY29udGVudCUyRnVwbG9hZHMlMkZhYXRfc3VwcmVtZS5qcGclMjIlMjBjbGFzcyUzRCUyMnpvb20tbWFzdGVyJTIyJTNFJTBBJTIwJTIwJTIwJTNDaW1nJTIwc3JjJTNEJTIyaHR0cHMlM0ElMkYlMkZhYXRhdWRpby5jb20uYnIlMkZ3cC1jb250ZW50JTJGdXBsb2FkcyUyRmFhdF9zdXByZW1lLmpwZyUyMiUyMGFsdCUzRCUyMmFjLTElMjIlM0UlMEElMjAlMjAlMjAlM0MlMkZhJTNFJTBBJTIwJTIwJTIwJTNDZGl2JTIwY2xhc3MlM0QlMjJlYXN5em9vbS1mbHlvdXQlMjIlM0UlM0MlMkZkaXYlM0UlMEElM0MlMkZkaXYlM0UlMEElM0N1bCUyMGNsYXNzJTNEJTIydGh1bWJuYWlscyUyMiUzRSUwQSUyMCUyMCUyMCUzQ2xpJTNFJTBBJTIwJTIwJTIwJTIwJTIwJTIwJTNDYSUyMGhyZWYlM0QlMjJodHRwcyUzQSUyRiUyRmFhdGF1ZGlvLmNvbS5iciUyRndwLWNvbnRlbnQlMkZ1cGxvYWRzJTJGYWF0X3N1cHJlbWVfMDdfLmpwZyUyMiUyMGRhdGEtc3RhbmRhcmQlM0QlMjJodHRwcyUzQSUyRiUyRmFhdGF1ZGlvLmNvbS5iciUyRndwLWNvbnRlbnQlMkZ1cGxvYWRzJTJGYWF0X3N1cHJlbWVfMDdfLmpwZyUyMiUzRSUwQSUyMCUyMCUyMCUyMCUyMCUyMCUzQ2ltZyUyMHNyYyUzRCUyMmh0dHBzJTNBJTJGJTJGYWF0YXVkaW8uY29tLmJyJTJGd3AtY29udGVudCUyRnVwbG9hZHMlMkZhYXRfc3VwcmVtZV8wN18uanBnJTIyJTIwYWx0JTNEJTIyYWMtMSUyMiUzRSUwQSUyMCUyMCUyMCUyMCUyMCUyMCUzQyUyRmElM0UlMEElMjAlMjAlMjAlM0MlMkZsaSUzRSUwQSUyMCUyMCUyMCUzQ2xpJTNFJTBBJTIwJTIwJTIwJTIwJTIwJTIwJTNDYSUyMGhyZWYlM0QlMjJodHRwcyUzQSUyRiUyRmFhdGF1ZGlvLmNvbS5iciUyRndwLWNvbnRlbnQlMkZ1cGxvYWRzJTJGYWF0X3N1cHJlbWVfMDZfLmpwZyUyMiUyMGRhdGEtc3RhbmRhcmQlM0QlMjJodHRwcyUzQSUyRiUyRmFhdGF1ZGlvLmNvbS5iciUyRndwLWNvbnRlbnQlMkZ1cGxvYWRzJTJGYWF0X3N1cHJlbWVfMDZfLmpwZyUyMiUzRSUwQSUyMCUyMCUyMCUyMCUyMCUyMCUzQ2ltZyUyMHNyYyUzRCUyMmh0dHBzJTNBJTJGJTJGYWF0YXVkaW8uY29tLmJyJTJGd3AtY29udGVudCUyRnVwbG9hZHMlMkZhYXRfc3VwcmVtZV8wNl8uanBnJTIyJTIwYWx0JTNEJTIyYWMtMiUyMiUzRSUwQSUyMCUyMCUyMCUyMCUyMCUyMCUzQyUyRmElM0UlMEElMjAlMjAlMjAlM0MlMkZsaSUzRSUwQSUzQyUyRnVsJTNF[\/vc_raw_html][\/vc_column_inner][\/vc_row_inner][vc_row_inner][vc_column_inner width=&#8221;1\/2&#8243;][\/vc_column_inner][vc_column_inner width=&#8221;1\/2&#8243;][vc_column_text]<aside class=\"mashsb-container mashsb-main mashsb-stretched\"><div class=\"mashsb-box\"><div class=\"mashsb-buttons\"><a class=\"mashicon-facebook mash-small mash-center mashsb-noshadow mashsb-pure-icons\" href=\"https:\/\/www.facebook.com\/sharer.php?u=https%3A%2F%2Faataudio.com.br%2Fhome%2Faudio-video-solutions%2Fcabo-aat-supreme-em-ofc-oxygen-free-copper-estanhado%2F\" target=\"_top\" rel=\"nofollow\"><span class=\"icon\"><\/span><span class=\"text\"><\/span><\/a><a class=\"mashicon-twitter mash-small mash-center mashsb-noshadow mashsb-pure-icons\" href=\"https:\/\/twitter.com\/intent\/tweet?text=&amp;url=https:\/\/aataudio.com.br\/home\/audio-video-solutions\/cabo-aat-supreme-em-ofc-oxygen-free-copper-estanhado\/\" target=\"_top\" rel=\"nofollow\"><span class=\"icon\"><\/span><span class=\"text\"><\/span><\/a><a class=\"mashicon-whatsapp mash-small mash-center mashsb-noshadow mashsb-pure-icons\" href=\"\" target=\"_top\" rel=\"nofollow\"><span class=\"icon\"><\/span><span class=\"text\"><\/span><\/a><div class=\"onoffswitch2 mash-small mashsb-noshadow\" style=\"display:none\"><\/div><\/div><\/div>\n                    <div style=\"clear:both\"><\/div><div class=\"mashsb-toggle-container\"><\/div><\/aside>\n            <!-- Share buttons made by mashshare.net - Version: 4.0.47--><br \/>\n<a style=\"display: none;\" href=\"whatsapp:\/\/send?text=The text to share!\" data-action=\"share\/whatsapp\/share\">Share via Whatsapp<\/a>[\/vc_column_text][\/vc_column_inner][\/vc_row_inner][\/vc_column][\/vc_row][vc_row el_id=&#8221;tab-menu-produto&#8221;][vc_column][vc_row_inner][vc_column_inner][vc_btn title=&#8221;Descri\u00e7\u00e3o&#8221; shape=&#8221;square&#8221; link=&#8221;url:%23descricao|||rel:nofollow&#8221; el_class=&#8221;ancor-scroll&#8221;][vc_btn title=&#8221;Caracteristicas&#8221; shape=&#8221;square&#8221; link=&#8221;url:%23caracteristicas|||rel:nofollow&#8221; el_class=&#8221;ancor-scroll&#8221;][vc_btn title=&#8221;Especifica\u00e7\u00f5es&#8221; shape=&#8221;square&#8221; link=&#8221;url:%23especificacoes|||rel:nofollow&#8221; el_class=&#8221;ancor-scroll&#8221;][\/vc_column_inner][\/vc_row_inner][\/vc_column][\/vc_row][vc_row el_id=&#8221;descricao&#8221;][vc_column][vc_row_inner][vc_column_inner][vc_column_text]<\/p>\n<h3 class=\"info-page-title\">DESCRI\u00c7\u00c3O<\/h3>\n<p>Os cabos de conex\u00e3o para caixas ac\u00fasticas da AAT s\u00e3o a melhor op\u00e7\u00e3o do mercado para resid\u00eancias, lojas, escrit\u00f3rios e empresas. S\u00e3o tr\u00eas op\u00e7\u00f5es de speakers cables \u2013 CLASSIC, REFERENCE e SUPREME, preparadas para atender diferentes n\u00edveis de projetos, do mais b\u00e1sico ao mais sofisticado.<\/p>\n<p>E o melhor: todos incluem marca\u00e7\u00e3o de metragem nos pr\u00f3prios cabos, para maior praticidade na instala\u00e7\u00e3o e melhor controle do estoque. Como s\u00e3o cabos de conex\u00e3o para caixas ac\u00fasticas, esses modelos n\u00e3o podem ser ligados \u00e0 rede el\u00e9trica.[\/vc_column_text][\/vc_column_inner][\/vc_row_inner][\/vc_column][\/vc_row][vc_row el_id=&#8221;caracteristicas&#8221;][vc_column offset=&#8221;vc_col-lg-12 vc_col-sm-offset-0&#8243;][vc_row_inner][vc_column_inner][vc_column_text css=&#8221;&#8221;]<\/p>\n<h3 class=\"info-page-title\">CARACTER\u00cdSTICAS<\/h3>\n<p>O cabo AAT CLASSIC \u00e9 uma solu\u00e7\u00e3o de entrada, com excelente custo-benef\u00edcio, em <strong>CCA<\/strong> (Copper Clad Aluminum). O CCA \u00e9 um cabo de alum\u00ednio com revestimento em cobre. Esse cuidado evita a oxida\u00e7\u00e3o do alum\u00ednio em contato com o ar. Quando isso acontece, \u00e9 gerada uma camada isolante, o \u00f3xido de alum\u00ednio, que interrompe a conex\u00e3o.<\/p>\n<p>Dispon\u00edvel em bitolas de 1.5mm2 e 2.5mm2, esse cabo \u00e9 fornecido em rolos de 100m. Traz revestimento transparente com tarja preta para identificar o negativo.<\/p>\n<p>O cabo AAT REFERENCE se destaca por ser um modelo de alta performance em <strong>cobre puro OFC<\/strong> (Oxygen Free Copper). O benef\u00edcio principal est\u00e1 na maior condutividade em rela\u00e7\u00e3o ao cobre padr\u00e3o, sendo uma op\u00e7\u00e3o sob medida para instala\u00e7\u00f5es com alto n\u00edvel de exig\u00eancia. Dispon\u00edvel em bitolas de 1.5mm2 e 2.5mm2, esse cabo \u00e9 entregue em bobinas de 150m. O produto apresenta revestimento branco com tarja preta para identificar o negativo.<\/p>\n<p>O cabo marinizado AAT SUPREME \u00e9 outro modelo de alta performance\u00a0em <strong>cobre puro OFC<\/strong> (Oxygen Free Copper), que leva vantagem por ser <strong>estanhado<\/strong>. \u00c9, portanto, a solu\u00e7\u00e3o perfeita para instala\u00e7\u00f5es com alto n\u00edvel de exig\u00eancia, que necessitem de <strong>resist\u00eancia \u00e0 oxida\u00e7\u00e3o<\/strong>. Esse cabo oferece, ao mesmo tempo, a condutividade do cobre OFC e a resist\u00eancia \u00e0 oxida\u00e7\u00e3o proporcionada pelo estanho, sendo ideal para \u00e1reas externas ou litor\u00e2neas.<\/p>\n<p>Dispon\u00edvel em bitolas de 1.5mm2 e 2.5mm2, o cabo AAT SUPREME \u00e9 comercializado em bobinas de 150m. Traz revestimento transparente com tarja preta para identificar o negativo.[\/vc_column_text][\/vc_column_inner][\/vc_row_inner][\/vc_column][\/vc_row][vc_row el_id=&#8221;especificacoes&#8221;][vc_column][vc_row_inner][vc_column_inner][vc_column_text]<\/p>\n<h3 class=\"info-page-title\">ESPECIFICA\u00c7\u00d5ES<\/h3>\n<p>[\/vc_column_text][\/vc_column_inner][\/vc_row_inner][vc_column_text]<\/p>\n<div class=\"table-responsive\">\n<table class=\"table table-especificacoes\" style=\"width: 100%; height: 306px;\">\n<thead>\n<tr style=\"height: 144px;\">\n<th style=\"width: 15.8749%; height: 144px;\"><\/th>\n<th style=\"text-align: center; width: 27.8679%; height: 144px;\"><img loading=\"lazy\" decoding=\"async\" class=\"aligncenter wp-image-13785 size-full\" src=\"https:\/\/aataudio.com.br\/wp-content\/uploads\/aat_classic_speaker_cable-5.jpg\" alt=\"\" width=\"120\" height=\"120\" \/><strong>AAT CLASSIC<\/strong><\/th>\n<th style=\"text-align: center; width: 27.8099%; height: 144px;\"><img loading=\"lazy\" decoding=\"async\" class=\"wp-image-13787 size-full aligncenter\" src=\"https:\/\/aataudio.com.br\/wp-content\/uploads\/AAT-REFERENCE-2.png\" alt=\"\" width=\"120\" height=\"120\" \/><strong>AAT REFERENCE<\/strong><\/th>\n<th style=\"text-align: center; width: 27.6942%; height: 144px;\"><img loading=\"lazy\" decoding=\"async\" class=\"wp-image-13824 size-full aligncenter\" src=\"https:\/\/aataudio.com.br\/wp-content\/uploads\/aat_supreme_05_.jpg\" alt=\"\" width=\"120\" height=\"120\" \/><strong>AAT SUPREME<\/strong><\/th>\n<\/tr>\n<\/thead>\n<tbody>\n<tr class=\"table-first-row\" style=\"height: 10px;\">\n<th style=\"width: 15.8749%; height: 10px;\">Propriedades<\/p>\n<p>&nbsp;<\/p>\n<p>&nbsp;<\/th>\n<td class=\"table-info-value border-right\" style=\"width: 27.8679%; height: 10px;\">Cabo em <strong>CCA<\/strong> (Copper Clad Aluminium) de excelente custo-benef\u00edcio<\/td>\n<td class=\"table-info-value border-right\" style=\"width: 27.8099%; height: 10px;\">Cabo de alta performance em <strong>cobre puro OFC<\/strong> (Oxygen Free Copper)<\/td>\n<td class=\"table-info-value\" style=\"width: 27.6942%; height: 10px;\">Cabo de alta performance em <strong>cobre puro OFC<\/strong> (Oxygen Free Copper) e <strong>estanhado<\/strong>, com<strong> resist\u00eancia \u00e0 oxida\u00e7\u00e3o<\/strong><\/td>\n<\/tr>\n<tr style=\"height: 24px;\">\n<th style=\"width: 15.8749%; height: 24px;\" scope=\"row\">Bitola<\/th>\n<td class=\"table-info-value border-right\" style=\"width: 27.8679%; height: 24px;\">1.5mm2 e 2.5mm2<\/td>\n<td class=\"table-info-value border-right\" style=\"width: 27.8099%; height: 24px;\">1.5mm2 e 2.5mm2<\/td>\n<td class=\"table-info-value\" style=\"width: 27.6942%; height: 24px;\">1.5mm2 e 2.5mm2<\/td>\n<\/tr>\n<tr style=\"height: 24px;\">\n<th style=\"width: 15.8749%; height: 24px;\" scope=\"row\">Metragem<\/th>\n<td class=\"table-info-value border-right\" style=\"width: 27.8679%; height: 24px;\">Rolos de 100m<\/td>\n<td class=\"table-info-value border-right\" style=\"width: 27.8099%; height: 24px;\">Bobinas de 150m<\/td>\n<td class=\"table-info-value\" style=\"width: 27.6942%; height: 24px;\">Bobinas de 150m<\/td>\n<\/tr>\n<tr style=\"height: 24px;\">\n<th style=\"width: 15.8749%; height: 24px;\" scope=\"row\">Marca\u00e7\u00e3o da metragem no cabo<\/th>\n<td class=\"table-info-value border-right\" style=\"width: 27.8679%; height: 24px;\">Sim<\/td>\n<td class=\"table-info-value border-right\" style=\"width: 27.8099%; height: 24px;\">Sim<\/td>\n<td class=\"table-info-value\" style=\"width: 27.6942%; height: 24px;\">Sim<\/td>\n<\/tr>\n<tr style=\"height: 56px;\">\n<th style=\"width: 15.8749%; height: 56px;\" scope=\"row\">Revestimento<\/th>\n<td class=\"table-info-value border-right\" style=\"width: 27.8679%; height: 56px;\">Transparente com tarja preta para identificar o negativo<\/td>\n<td class=\"table-info-value border-right\" style=\"width: 27.8099%; height: 56px;\">Branco com tarja preta para identificar o negativo<\/td>\n<td class=\"table-info-value\" style=\"width: 27.6942%; height: 56px;\">Transparente com tarja preta para identificar o negativo<\/td>\n<\/tr>\n<tr style=\"height: 24px;\">\n<th style=\"width: 15.8749%; height: 24px;\" scope=\"row\">Tens\u00e3o m\u00e1xima de trabalho<\/th>\n<td class=\"table-info-value border-right\" style=\"width: 27.8679%; height: 24px;\">300V<\/td>\n<td class=\"table-info-value border-right\" style=\"width: 27.8099%; height: 24px;\">300V<\/td>\n<td class=\"table-info-value\" style=\"width: 27.6942%; height: 24px;\">300V<\/td>\n<\/tr>\n<\/tbody>\n<\/table>\n<\/div>\n<p>[\/vc_column_text][\/vc_column][\/vc_row][vc_row css=&#8221;.vc_custom_1618931169783{margin-top: 35px !important;}&#8221; el_id=&#8221;veja-tambem&#8221;][vc_column offset=&#8221;vc_hidden-xs&#8221;][vc_column_text]<\/p>\n<h3 class=\"info-page-title\">VEJA TAMB\u00c9M<\/h3>\n<p>[\/vc_column_text][vc_basic_grid post_type=&#8221;page&#8221; max_items=&#8221;-1&#8243; style=&#8221;pagination&#8221; items_per_page=&#8221;4&#8243; element_width=&#8221;3&#8243; gap=&#8221;20&#8243; orderby=&#8221;menu_order&#8221; order=&#8221;ASC&#8221; arrows_design=&#8221;vc_arrow-icon-arrow_07_left&#8221; arrows_position=&#8221;outside&#8221; arrows_color=&#8221;sky&#8221; paging_color=&#8221;sky&#8221; item=&#8221;184&#8243; initial_loading_animation=&#8221;none&#8221; grid_id=&#8221;vc_gid:1764360322251-c61f9429c4faa1b597f872ad170d030c-3&#8243; taxonomies=&#8221;48&#8243; exclude=&#8221;658&#8243;][\/vc_column][\/vc_row][vc_row css=&#8221;.vc_custom_1618931180269{margin-top: 35px !important;}&#8221; el_id=&#8221;veja-tambem-2&#8243;][vc_column offset=&#8221;vc_hidden-lg vc_hidden-md vc_hidden-sm&#8221;][vc_column_text]<\/p>\n<h3 class=\"info-page-title\">VEJA TAMB\u00c9M<\/h3>\n<p>[\/vc_column_text][vc_basic_grid post_type=&#8221;page&#8221; max_items=&#8221;-1&#8243; style=&#8221;pagination&#8221; items_per_page=&#8221;1&#8243; element_width=&#8221;12&#8243; gap=&#8221;20&#8243; orderby=&#8221;menu_order&#8221; order=&#8221;ASC&#8221; arrows_design=&#8221;vc_arrow-icon-arrow_07_left&#8221; arrows_color=&#8221;sky&#8221; paging_color=&#8221;sky&#8221; item=&#8221;184&#8243; initial_loading_animation=&#8221;none&#8221; grid_id=&#8221;vc_gid:1764360322283-caa09e1a2ac1d30c900a7786c27d389f-5&#8243; taxonomies=&#8221;17&#8243; exclude=&#8221;658&#8243;][\/vc_column][\/vc_row]<\/p>\n<\/div>","protected":false},"excerpt":{"rendered":"<p>[vc_row][vc_column][vc_row_inner][vc_column_inner][vc_raw_html]JTNDZGl2JTIwY2xhc3MlM0QlMjJlYXN5em9vbSUyMGVhc3l6b29tLS13aXRoLXRodW1ibmFpbHMlMjIlM0UlMEElMjAlMjAlMjAlM0NhJTIwaHJlZiUzRCUyMmh0dHBzJTNBJTJGJTJGYWF0YXVkaW8uY29tLmJyJTJGd3AtY29udGVudCUyRnVwbG9hZHMlMkZhYXRfc3VwcmVtZS5qcGclMjIlMjBjbGFzcyUzRCUyMnpvb20tbWFzdGVyJTIyJTNFJTBBJTIwJTIwJTIwJTNDaW1nJTIwc3JjJTNEJTIyaHR0cHMlM0ElMkYlMkZhYXRhdWRpby5jb20uYnIlMkZ3cC1jb250ZW50JTJGdXBsb2FkcyUyRmFhdF9zdXByZW1lLmpwZyUyMiUyMGFsdCUzRCUyMmFjLTElMjIlM0UlMEElMjAlMjAlMjAlM0MlMkZhJTNFJTBBJTIwJTIwJTIwJTNDZGl2JTIwY2xhc3MlM0QlMjJlYXN5em9vbS1mbHlvdXQlMjIlM0UlM0MlMkZkaXYlM0UlMEElM0MlMkZkaXYlM0UlMEElM0N1bCUyMGNsYXNzJTNEJTIydGh1bWJuYWlscyUyMiUzRSUwQSUyMCUyMCUyMCUzQ2xpJTNFJTBBJTIwJTIwJTIwJTIwJTIwJTIwJTNDYSUyMGhyZWYlM0QlMjJodHRwcyUzQSUyRiUyRmFhdGF1ZGlvLmNvbS5iciUyRndwLWNvbnRlbnQlMkZ1cGxvYWRzJTJGYWF0X3N1cHJlbWVfMDdfLmpwZyUyMiUyMGRhdGEtc3RhbmRhcmQlM0QlMjJodHRwcyUzQSUyRiUyRmFhdGF1ZGlvLmNvbS5iciUyRndwLWNvbnRlbnQlMkZ1cGxvYWRzJTJGYWF0X3N1cHJlbWVfMDdfLmpwZyUyMiUzRSUwQSUyMCUyMCUyMCUyMCUyMCUyMCUzQ2ltZyUyMHNyYyUzRCUyMmh0dHBzJTNBJTJGJTJGYWF0YXVkaW8uY29tLmJyJTJGd3AtY29udGVudCUyRnVwbG9hZHMlMkZhYXRfc3VwcmVtZV8wN18uanBnJTIyJTIwYWx0JTNEJTIyYWMtMSUyMiUzRSUwQSUyMCUyMCUyMCUyMCUyMCUyMCUzQyUyRmElM0UlMEElMjAlMjAlMjAlM0MlMkZsaSUzRSUwQSUyMCUyMCUyMCUzQ2xpJTNFJTBBJTIwJTIwJTIwJTIwJTIwJTIwJTNDYSUyMGhyZWYlM0QlMjJodHRwcyUzQSUyRiUyRmFhdGF1ZGlvLmNvbS5iciUyRndwLWNvbnRlbnQlMkZ1cGxvYWRzJTJGYWF0X3N1cHJlbWVfMDZfLmpwZyUyMiUyMGRhdGEtc3RhbmRhcmQlM0QlMjJodHRwcyUzQSUyRiUyRmFhdGF1ZGlvLmNvbS5iciUyRndwLWNvbnRlbnQlMkZ1cGxvYWRzJTJGYWF0X3N1cHJlbWVfMDZfLmpwZyUyMiUzRSUwQSUyMCUyMCUyMCUyMCUyMCUyMCUzQ2ltZyUyMHNyYyUzRCUyMmh0dHBzJTNBJTJGJTJGYWF0YXVkaW8uY29tLmJyJTJGd3AtY29udGVudCUyRnVwbG9hZHMlMkZhYXRfc3VwcmVtZV8wNl8uanBnJTIyJTIwYWx0JTNEJTIyYWMtMiUyMiUzRSUwQSUyMCUyMCUyMCUyMCUyMCUyMCUzQyUyRmElM0UlMEElMjAlMjAlMjAlM0MlMkZsaSUzRSUwQSUzQyUyRnVsJTNF[\/vc_raw_html][\/vc_column_inner][\/vc_row_inner][vc_row_inner][vc_column_inner width=&#8221;1\/2&#8243;][\/vc_column_inner][vc_column_inner width=&#8221;1\/2&#8243;][vc_column_text] Share via Whatsapp[\/vc_column_text][\/vc_column_inner][\/vc_row_inner][\/vc_column][\/vc_row][vc_row el_id=&#8221;tab-menu-produto&#8221;][vc_column][vc_row_inner][vc_column_inner][vc_btn title=&#8221;Descri\u00e7\u00e3o&#8221; shape=&#8221;square&#8221; link=&#8221;url:%23descricao|||rel:nofollow&#8221; el_class=&#8221;ancor-scroll&#8221;][vc_btn title=&#8221;Caracteristicas&#8221; shape=&#8221;square&#8221; link=&#8221;url:%23caracteristicas|||rel:nofollow&#8221; el_class=&#8221;ancor-scroll&#8221;][vc_btn title=&#8221;Especifica\u00e7\u00f5es&#8221; shape=&#8221;square&#8221; link=&#8221;url:%23especificacoes|||rel:nofollow&#8221; el_class=&#8221;ancor-scroll&#8221;][\/vc_column_inner][\/vc_row_inner][\/vc_column][\/vc_row][vc_row el_id=&#8221;descricao&#8221;][vc_column][vc_row_inner][vc_column_inner][vc_column_text] DESCRI\u00c7\u00c3O Os cabos de conex\u00e3o para caixas ac\u00fasticas da AAT s\u00e3o a melhor op\u00e7\u00e3o do mercado para resid\u00eancias, lojas, escrit\u00f3rios e empresas. S\u00e3o tr\u00eas op\u00e7\u00f5es de speakers cables \u2013 CLASSIC, REFERENCE e SUPREME, preparadas para [&hellip;]<\/p>\n","protected":false},"author":5,"featured_media":13863,"parent":16164,"menu_order":5,"comment_status":"closed","ping_status":"closed","template":"page-fullwidth.php","meta":{"footnotes":""},"class_list":["post-13808","page","type-page","status-publish","has-post-thumbnail","hentry","tags-cabosaat"],"_links":{"self":[{"href":"https:\/\/aataudio.com.br\/home\/wp-json\/wp\/v2\/pages\/13808"}],"collection":[{"href":"https:\/\/aataudio.com.br\/home\/wp-json\/wp\/v2\/pages"}],"about":[{"href":"https:\/\/aataudio.com.br\/home\/wp-json\/wp\/v2\/types\/page"}],"author":[{"embeddable":true,"href":"https:\/\/aataudio.com.br\/home\/wp-json\/wp\/v2\/users\/5"}],"replies":[{"embeddable":true,"href":"https:\/\/aataudio.com.br\/home\/wp-json\/wp\/v2\/comments?post=13808"}],"version-history":[{"count":12,"href":"https:\/\/aataudio.com.br\/home\/wp-json\/wp\/v2\/pages\/13808\/revisions"}],"predecessor-version":[{"id":15928,"href":"https:\/\/aataudio.com.br\/home\/wp-json\/wp\/v2\/pages\/13808\/revisions\/15928"}],"up":[{"embeddable":true,"href":"https:\/\/aataudio.com.br\/home\/wp-json\/wp\/v2\/pages\/16164"}],"wp:featuredmedia":[{"embeddable":true,"href":"https:\/\/aataudio.com.br\/home\/wp-json\/wp\/v2\/media\/13863"}],"wp:attachment":[{"href":"https:\/\/aataudio.com.br\/home\/wp-json\/wp\/v2\/media?parent=13808"}],"curies":[{"name":"wp","href":"https:\/\/api.w.org\/{rel}","templated":true}]}}