{"id":13595,"date":"2024-07-19T14:57:55","date_gmt":"2024-07-19T17:57:55","guid":{"rendered":"https:\/\/aataudio.com.br\/?page_id=13595"},"modified":"2026-01-21T09:09:18","modified_gmt":"2026-01-21T12:09:18","slug":"aat-internet-monitor","status":"publish","type":"page","link":"https:\/\/aataudio.com.br\/home\/audio-video-solutions\/aat-internet-monitor\/","title":{"rendered":"AAT INTERNET MONITOR"},"content":{"rendered":"<div class=\"wpb-content-wrapper\"><p>[vc_row][vc_column][vc_row_inner][vc_column_inner][vc_raw_html]JTNDZGl2JTIwY2xhc3MlM0QlMjJlYXN5em9vbSUyMGVhc3l6b29tLS13aXRoLXRodW1ibmFpbHMlMjIlM0UlMEElMjAlMjAlMjAlM0NhJTIwaHJlZiUzRCUyMmh0dHBzJTNBJTJGJTJGYWF0YXVkaW8uY29tLmJyJTJGd3AtY29udGVudCUyRnVwbG9hZHMlMkZhYXRfaW50ZXJuZXRfbW9uaXRvcl8wMWMuanBnJTIyJTIwY2xhc3MlM0QlMjJ6b29tLW1hc3RlciUyMiUzRSUwQSUyMCUyMCUyMCUzQ2ltZyUyMHNyYyUzRCUyMmh0dHBzJTNBJTJGJTJGYWF0YXVkaW8uY29tLmJyJTJGd3AtY29udGVudCUyRnVwbG9hZHMlMkZhYXRfaW50ZXJuZXRfbW9uaXRvcl8wMWMuanBnJTIyJTIwYWx0JTNEJTIyYXVkaW8tZXh0ZW5kZXIlMjIlM0UlMEElMjAlMjAlMjAlM0MlMkZhJTNFJTBBJTIwJTIwJTIwJTNDZGl2JTIwY2xhc3MlM0QlMjJlYXN5em9vbS1mbHlvdXQlMjIlM0UlM0MlMkZkaXYlM0UlMEElM0MlMkZkaXYlM0UlMEElM0N1bCUyMGNsYXNzJTNEJTIydGh1bWJuYWlscyUyMiUzRSUwQSUyMCUyMCUyMCUzQ2xpJTNFJTBBJTIwJTIwJTIwJTIwJTIwJTIwJTNDYSUyMGhyZWYlM0QlMjJodHRwcyUzQSUyRiUyRmFhdGF1ZGlvLmNvbS5iciUyRndwLWNvbnRlbnQlMkZ1cGxvYWRzJTJGYWF0X2ludGVybmV0X21vbml0b3JfMi0xLTEuanBnJTIyJTIwZGF0YS1zdGFuZGFyZCUzRCUyMmh0dHBzJTNBJTJGJTJGYWF0YXVkaW8uY29tLmJyJTJGd3AtY29udGVudCUyRnVwbG9hZHMlMkZhYXRfaW50ZXJuZXRfbW9uaXRvcl8yLTEtMS5qcGclMjIlM0UlMEElMjAlMjAlMjAlMjAlMjAlMjAlM0NpbWclMjBzcmMlM0QlMjJodHRwcyUzQSUyRiUyRmFhdGF1ZGlvLmNvbS5iciUyRndwLWNvbnRlbnQlMkZ1cGxvYWRzJTJGYWF0X2ludGVybmV0X21vbml0b3JfMi0xLTEuanBnJTIyJTIwYWx0JTNEJTIyYXVkaW8tZXh0ZW5kZXIlMjIlM0UlMEElMjAlMjAlMjAlMjAlMjAlMjAlM0MlMkZhJTNFJTBBJTIwJTIwJTIwJTNDJTJGbGklM0UlMEElMjAlMjAlMjAlM0NsaSUzRSUwQSUyMCUyMCUyMCUyMCUyMCUyMCUzQ2ElMjBocmVmJTNEJTIyaHR0cHMlM0ElMkYlMkZhYXRhdWRpby5jb20uYnIlMkZ3cC1jb250ZW50JTJGdXBsb2FkcyUyRmFhdF9pbnRlcm5ldF9tb25pdG9yXzMtMS5qcGclMjIlMjBkYXRhLXN0YW5kYXJkJTNEJTIyaHR0cHMlM0ElMkYlMkZhYXRhdWRpby5jb20uYnIlMkZ3cC1jb250ZW50JTJGdXBsb2FkcyUyRmFhdF9pbnRlcm5ldF9tb25pdG9yXzMtMS5qcGclMjIlM0UlMEElMjAlMjAlMjAlMjAlMjAlMjAlM0NpbWclMjBzcmMlM0QlMjJodHRwcyUzQSUyRiUyRmFhdGF1ZGlvLmNvbS5iciUyRndwLWNvbnRlbnQlMkZ1cGxvYWRzJTJGYWF0X2ludGVybmV0X21vbml0b3JfMy0xLmpwZyUyMiUyMGFsdCUzRCUyMmF1ZGlvLWV4dGVuZGVyJTIyJTNFJTBBJTIwJTIwJTIwJTIwJTIwJTIwJTNDJTJGYSUzRSUwQSUyMCUyMCUyMCUzQyUyRmxpJTNFJTBBJTIwJTIwJTIwJTNDbGklM0UlMEElMjAlMjAlMjAlMjAlMjAlMjAlM0NhJTIwaHJlZiUzRCUyMmh0dHBzJTNBJTJGJTJGYWF0YXVkaW8uY29tLmJyJTJGd3AtY29udGVudCUyRnVwbG9hZHMlMkZhYXRfaW50ZXJuZXRfbW9uaXRvcl80LTEuanBnJTIyJTIwZGF0YS1zdGFuZGFyZCUzRCUyMmh0dHBzJTNBJTJGJTJGYWF0YXVkaW8uY29tLmJyJTJGd3AtY29udGVudCUyRnVwbG9hZHMlMkZhYXRfaW50ZXJuZXRfbW9uaXRvcl80LTEuanBnJTIyJTNFJTBBJTIwJTIwJTIwJTIwJTIwJTIwJTNDaW1nJTIwc3JjJTNEJTIyaHR0cHMlM0ElMkYlMkZhYXRhdWRpby5jb20uYnIlMkZ3cC1jb250ZW50JTJGdXBsb2FkcyUyRmFhdF9pbnRlcm5ldF9tb25pdG9yXzQtMS5qcGclMjIlMjBhbHQlM0QlMjJhdWRpby1leHRlbmRlciUyMiUzRSUwQSUyMCUyMCUyMCUyMCUyMCUyMCUzQyUyRmElM0UlMEElMjAlMjAlMjAlM0MlMkZsaSUzRSUwQSUyMCUyMCUyMCUzQ2xpJTNFJTBBJTIwJTIwJTIwJTIwJTIwJTIwJTNDYSUyMGhyZWYlM0QlMjJodHRwcyUzQSUyRiUyRmFhdGF1ZGlvLmNvbS5iciUyRndwLWNvbnRlbnQlMkZ1cGxvYWRzJTJGYWF0X2ludGVybmV0X21vbml0b3JfNS0xLmpwZyUyMiUyMGRhdGEtc3RhbmRhcmQlM0QlMjJodHRwcyUzQSUyRiUyRmFhdGF1ZGlvLmNvbS5iciUyRndwLWNvbnRlbnQlMkZ1cGxvYWRzJTJGYWF0X2ludGVybmV0X21vbml0b3JfNS0xLmpwZyUyMiUzRSUwQSUyMCUyMCUyMCUyMCUyMCUyMCUzQ2ltZyUyMHNyYyUzRCUyMmh0dHBzJTNBJTJGJTJGYWF0YXVkaW8uY29tLmJyJTJGd3AtY29udGVudCUyRnVwbG9hZHMlMkZhYXRfaW50ZXJuZXRfbW9uaXRvcl81LTEuanBnJTIyJTIwYWx0JTNEJTIyYXVkaW8tZXh0ZW5kZXIlMjIlM0UlMEElMjAlMjAlMjAlMjAlMjAlMjAlM0MlMkZhJTNFJTBBJTIwJTIwJTIwJTNDJTJGbGklM0UlMEElMjAlMjAlMjAlM0NsaSUzRSUwQSUyMCUyMCUyMCUyMCUyMCUyMCUzQ2ElMjBocmVmJTNEJTIyaHR0cHMlM0ElMkYlMkZhYXRhdWRpby5jb20uYnIlMkZ3cC1jb250ZW50JTJGdXBsb2FkcyUyRmFhdF9pbnRlcm5ldF9tb25pdG9yXzYuanBnJTIyJTIwZGF0YS1zdGFuZGFyZCUzRCUyMmh0dHBzJTNBJTJGJTJGYWF0YXVkaW8uY29tLmJyJTJGd3AtY29udGVudCUyRnVwbG9hZHMlMkZhYXRfaW50ZXJuZXRfbW9uaXRvcl82LmpwZyUyMiUzRSUwQSUyMCUyMCUyMCUyMCUyMCUyMCUzQ2ltZyUyMHNyYyUzRCUyMmh0dHBzJTNBJTJGJTJGYWF0YXVkaW8uY29tLmJyJTJGd3AtY29udGVudCUyRnVwbG9hZHMlMkZhYXRfaW50ZXJuZXRfbW9uaXRvcl82LmpwZyUyMiUyMGFsdCUzRCUyMmF1ZGlvLWV4dGVuZGVyJTIyJTNFJTBBJTIwJTIwJTIwJTIwJTIwJTIwJTNDJTJGYSUzRSUwQSUyMCUyMCUyMCUzQyUyRmxpJTNFJTBBJTIwJTIwJTIwJTBBJTNDJTJGdWwlM0UlMjAlMjA=[\/vc_raw_html][\/vc_column_inner][\/vc_row_inner][vc_row_inner][vc_column_inner width=&#8221;1\/2&#8243;][\/vc_column_inner][vc_column_inner width=&#8221;1\/2&#8243;][vc_column_text]<aside class=\"mashsb-container mashsb-main mashsb-stretched\"><div class=\"mashsb-box\"><div class=\"mashsb-buttons\"><a class=\"mashicon-facebook mash-small mash-center mashsb-noshadow mashsb-pure-icons\" href=\"https:\/\/www.facebook.com\/sharer.php?u=https%3A%2F%2Faataudio.com.br%2Fhome%2Faudio-video-solutions%2Faat-internet-monitor%2F\" target=\"_top\" rel=\"nofollow\"><span class=\"icon\"><\/span><span class=\"text\"><\/span><\/a><a class=\"mashicon-twitter mash-small mash-center mashsb-noshadow mashsb-pure-icons\" href=\"https:\/\/twitter.com\/intent\/tweet?text=&amp;url=https:\/\/aataudio.com.br\/home\/audio-video-solutions\/aat-internet-monitor\/\" target=\"_top\" rel=\"nofollow\"><span class=\"icon\"><\/span><span class=\"text\"><\/span><\/a><a class=\"mashicon-whatsapp mash-small mash-center mashsb-noshadow mashsb-pure-icons\" href=\"\" target=\"_top\" rel=\"nofollow\"><span class=\"icon\"><\/span><span class=\"text\"><\/span><\/a><div class=\"onoffswitch2 mash-small mashsb-noshadow\" style=\"display:none\"><\/div><\/div><\/div>\n                    <div style=\"clear:both\"><\/div><div class=\"mashsb-toggle-container\"><\/div><\/aside>\n            <!-- Share buttons made by mashshare.net - Version: 4.0.47--><br \/>\n<a style=\"display: none;\" href=\"whatsapp:\/\/send?text=The text to share!\" data-action=\"share\/whatsapp\/share\">Share via Whatsapp<\/a>[\/vc_column_text][\/vc_column_inner][\/vc_row_inner][\/vc_column][\/vc_row][vc_row el_id=&#8221;tab-menu-produto&#8221;][vc_column][vc_row_inner][vc_column_inner][vc_btn title=&#8221;Descri\u00e7\u00e3o&#8221; shape=&#8221;square&#8221; link=&#8221;url:%23descricao|||rel:nofollow&#8221; el_class=&#8221;ancor-scroll&#8221;][vc_btn title=&#8221;Caracteristicas&#8221; shape=&#8221;square&#8221; link=&#8221;url:%23caracteristicas|||rel:nofollow&#8221; el_class=&#8221;ancor-scroll&#8221;][vc_btn title=&#8221;Especifica\u00e7\u00f5es&#8221; shape=&#8221;square&#8221; link=&#8221;url:%23especificacoes|||rel:nofollow&#8221; el_class=&#8221;ancor-scroll&#8221;][\/vc_column_inner][\/vc_row_inner][\/vc_column][\/vc_row][vc_row el_id=&#8221;descricao&#8221;][vc_column][vc_row_inner][vc_column_inner][vc_column_text]<\/p>\n<h3 class=\"info-page-title\">DESCRI\u00c7\u00c3O<\/h3>\n<p>O AAT Solution Box INTERNET MONITOR foi desenvolvido para trazer facilidade e conveni\u00eancia ao consumidor quando houver problemas de conex\u00e3o de internet, como velocidades caindo, lentid\u00e3o ou congelamento na exibi\u00e7\u00e3o de v\u00eddeos ou streaming de \u00e1udio e v\u00eddeo. Para solucionar o problema, \u00e9 necess\u00e1rio desligar e religar o modem. Mas essa tarefa pode ser trabalhosa e repetitiva, principalmente quando o modem est\u00e1 instalado em locais de dif\u00edcil acesso e precisa ser reiniciado diversas vezes.<\/p>\n<p>O AAT INTERNET MONITOR realiza esse trabalho de forma autom\u00e1tica, com monitoramento 24 horas por dia. Adicionalmente, o produto tamb\u00e9m permite o acesso remoto atrav\u00e9s de conex\u00e3o LAN local ou internet por meio do app IM Config, dispon\u00edvel para as plataformas Windows e MacIntosh.[\/vc_column_text][\/vc_column_inner][\/vc_row_inner][\/vc_column][\/vc_row][vc_row el_id=&#8221;caracteristicas&#8221;][vc_column offset=&#8221;vc_col-sm-offset-0&#8243;][vc_row_inner][vc_column_inner][vc_column_text css=&#8221;&#8221;]<\/p>\n<h3 class=\"info-page-title\">CARACTER\u00cdSTICAS<\/h3>\n<p>O AAT INTERNET MONITOR \u00e9 um produto de alta tecnologia com microprocessador RISC de elevada performance, que monitora a conex\u00e3o de internet. Isso \u00e9 feito pelo produto atrav\u00e9s da medi\u00e7\u00e3o de lat\u00eancia por meio de par\u00e2metros definidos no menu de configura\u00e7\u00e3o do aplicativo IM Config.<\/p>\n<p>Se a lat\u00eancia aumentar de forma significativa, o AAT INTERNET MONITOR desliga o modem da tomada, religando em seguida para que seja reinicializado. O usu\u00e1rio tamb\u00e9m pode acompanhar se o equipamento est\u00e1 funcionando corretamente, atrav\u00e9s dos leds de status indicativos no painel frontal. H\u00e1 tamb\u00e9m a op\u00e7\u00e3o de monitoramento remoto por app, que pode exibir todos os dados do produto de forma conveniente, atrav\u00e9s de um PC Windows ou Mac.<\/p>\n<p>Alguns recursos dispon\u00edveis nesse produto incluem:<\/p>\n<ul>\n<li>Gerenciamento e controle remoto por app ou sistema de automa\u00e7\u00e3o com telemetria via LAN ou pela internet<\/li>\n<li>Monitoramento de conex\u00e3o de internet com auto-reboot, que reinicia automaticamente o modem conectado ao AAT INTERNET MONITOR<\/li>\n<li>1 tomada, com capacidade de 200W (10A de corrente m\u00e1xima), destinada \u00e0 alimenta\u00e7\u00e3o do modem de internet<\/li>\n<li>Aplicativo de monitoramento, controle e telemetria gratuito, dispon\u00edvel para Windows e Mac<\/li>\n<\/ul>\n<p>[\/vc_column_text][\/vc_column_inner][\/vc_row_inner][\/vc_column][\/vc_row][vc_row el_id=&#8221;especificacoes&#8221;][vc_column][vc_row_inner][vc_column_inner][vc_column_text]<\/p>\n<h3 class=\"info-page-title\">ESPECIFICA\u00c7\u00d5ES<\/h3>\n<p>[\/vc_column_text][\/vc_column_inner][\/vc_row_inner][vc_column_text css=&#8221;&#8221;]<\/p>\n<div class=\"table-responsive\">\n<table class=\"table table-especificacoes\" style=\"width: 1259px;\">\n<thead>\n<tr>\n<th style=\"width: 279px;\"><\/th>\n<th style=\"text-align: center; width: 980px;\"><img loading=\"lazy\" decoding=\"async\" class=\"aligncenter wp-image-12944\" src=\"https:\/\/aataudio.com.br\/wp-content\/uploads\/aat_internet_monitor.jpg\" alt=\"\" width=\"187\" height=\"120\" \/>AAT INTERNET MONITOR<\/th>\n<\/tr>\n<\/thead>\n<tbody>\n<tr class=\"table-first-row\">\n<th style=\"width: 279px;\" scope=\"row\">Tomada<\/th>\n<td class=\"table-info-value\" style=\"width: 980px;\">Pot\u00eancia de sa\u00edda de 200W (10A de corrente m\u00e1xima). A tens\u00e3o presente na tomada \u00e9 a mesma em que o INTERNET MONITOR\u00a0 est\u00e1 plugado.<\/td>\n<\/tr>\n<tr>\n<th style=\"white-space: normal; width: 279px;\" scope=\"row\">Controle por TCP\/IP<\/th>\n<td class=\"table-info-value\" style=\"width: 980px;\">Sim<\/td>\n<\/tr>\n<tr>\n<th style=\"width: 279px;\" scope=\"row\">App de controle gratuito<\/th>\n<td class=\"table-info-value\" style=\"width: 980px;\">Sim, para Windows e MAC<\/td>\n<\/tr>\n<tr>\n<th style=\"width: 279px;\">Controle Remoto<\/th>\n<td class=\"table-info-value\">Sim, por TCP<\/td>\n<\/tr>\n<tr>\n<th style=\"width: 279px;\" scope=\"row\">Automation Ready<\/th>\n<td class=\"table-info-value\" style=\"width: 980px;\">Sim, por TCP<\/td>\n<\/tr>\n<tr>\n<th style=\"width: 279px;\" scope=\"row\">Atualiza\u00e7\u00e3o de firmware<\/th>\n<td class=\"table-info-value\" style=\"width: 980px;\">Remota, disparada pelo app, com tecnologia Safe Upgrade<\/td>\n<\/tr>\n<tr>\n<th style=\"width: 279px;\" scope=\"row\">Telemetria<\/th>\n<td class=\"table-info-value\" style=\"width: 980px;\">Sim, por meio do App e TCP<\/td>\n<\/tr>\n<tr>\n<th style=\"width: 279px;\" scope=\"row\">Alimenta\u00e7\u00e3o CA<\/th>\n<td class=\"table-info-value\" style=\"width: 980px;\">99-242V CA<\/td>\n<\/tr>\n<tr>\n<th style=\"width: 279px;\" scope=\"row\">Consumo<\/th>\n<td class=\"table-info-value\" style=\"width: 980px;\">&lt;2W<\/td>\n<\/tr>\n<tr>\n<th style=\"width: 279px;\" scope=\"row\">Indica\u00e7\u00f5es de funcionamento<\/th>\n<td class=\"table-info-value\" style=\"width: 980px;\">Por LED\u00b4s: RUN\/ INTERNET OK \/AUTO REBOOT \/AC OUTPUT<\/td>\n<\/tr>\n<tr>\n<th style=\"width: 279px;\" scope=\"row\">Dimens\u00f5es do produto (L x P x A)<\/th>\n<td class=\"table-info-value\" style=\"width: 980px;\">110 x 75 x 38 mm<\/td>\n<\/tr>\n<tr>\n<th style=\"width: 279px;\" scope=\"row\">Peso<\/th>\n<td class=\"table-info-value\" style=\"width: 980px;\">330g (sem embalagem)\/ 400g (com embalagem)<\/td>\n<\/tr>\n<\/tbody>\n<\/table>\n<\/div>\n<p>[\/vc_column_text][\/vc_column][\/vc_row][vc_row css=&#8221;.vc_custom_1619098974946{margin-top: 35px !important;}&#8221; el_id=&#8221;veja-tambem&#8221;][vc_column offset=&#8221;vc_hidden-xs&#8221;][vc_column_text]<\/p>\n<h3 class=\"info-page-title\">VEJA TAMB\u00c9M<\/h3>\n<p>[\/vc_column_text][vc_basic_grid post_type=&#8221;page&#8221; max_items=&#8221;-1&#8243; style=&#8221;pagination&#8221; items_per_page=&#8221;4&#8243; element_width=&#8221;3&#8243; gap=&#8221;20&#8243; orderby=&#8221;menu_order&#8221; order=&#8221;ASC&#8221; arrows_design=&#8221;vc_arrow-icon-arrow_07_left&#8221; arrows_position=&#8221;outside&#8221; arrows_color=&#8221;sky&#8221; paging_color=&#8221;sky&#8221; item=&#8221;184&#8243; initial_loading_animation=&#8221;none&#8221; grid_id=&#8221;vc_gid:1758905231978-c55184327fe3b9c774afe2b9b130fe38-6&#8243; taxonomies=&#8221;27&#8243; exclude=&#8221;12928&#8243;][\/vc_column][\/vc_row][vc_row css=&#8221;.vc_custom_1619098986011{margin-top: 35px !important;}&#8221; el_id=&#8221;veja-tambem-2&#8243;][vc_column offset=&#8221;vc_hidden-lg vc_hidden-md vc_hidden-sm&#8221;][vc_column_text]<\/p>\n<h3 class=\"info-page-title\">VEJA TAMB\u00c9M<\/h3>\n<p>[\/vc_column_text][vc_basic_grid post_type=&#8221;page&#8221; max_items=&#8221;-1&#8243; style=&#8221;pagination&#8221; items_per_page=&#8221;1&#8243; element_width=&#8221;12&#8243; gap=&#8221;20&#8243; orderby=&#8221;menu_order&#8221; order=&#8221;ASC&#8221; arrows_design=&#8221;vc_arrow-icon-arrow_07_left&#8221; arrows_color=&#8221;sky&#8221; paging_color=&#8221;sky&#8221; item=&#8221;184&#8243; initial_loading_animation=&#8221;none&#8221; grid_id=&#8221;vc_gid:1758905232009-c82f1b23fca59e26b1c4029bfe2aa2e7-4&#8243; taxonomies=&#8221;27&#8243; exclude=&#8221;12928&#8243;][\/vc_column][\/vc_row]<\/p>\n<\/div>","protected":false},"excerpt":{"rendered":"<p>[vc_row][vc_column][vc_row_inner][vc_column_inner][vc_raw_html]JTNDZGl2JTIwY2xhc3MlM0QlMjJlYXN5em9vbSUyMGVhc3l6b29tLS13aXRoLXRodW1ibmFpbHMlMjIlM0UlMEElMjAlMjAlMjAlM0NhJTIwaHJlZiUzRCUyMmh0dHBzJTNBJTJGJTJGYWF0YXVkaW8uY29tLmJyJTJGd3AtY29udGVudCUyRnVwbG9hZHMlMkZhYXRfaW50ZXJuZXRfbW9uaXRvcl8wMWMuanBnJTIyJTIwY2xhc3MlM0QlMjJ6b29tLW1hc3RlciUyMiUzRSUwQSUyMCUyMCUyMCUzQ2ltZyUyMHNyYyUzRCUyMmh0dHBzJTNBJTJGJTJGYWF0YXVkaW8uY29tLmJyJTJGd3AtY29udGVudCUyRnVwbG9hZHMlMkZhYXRfaW50ZXJuZXRfbW9uaXRvcl8wMWMuanBnJTIyJTIwYWx0JTNEJTIyYXVkaW8tZXh0ZW5kZXIlMjIlM0UlMEElMjAlMjAlMjAlM0MlMkZhJTNFJTBBJTIwJTIwJTIwJTNDZGl2JTIwY2xhc3MlM0QlMjJlYXN5em9vbS1mbHlvdXQlMjIlM0UlM0MlMkZkaXYlM0UlMEElM0MlMkZkaXYlM0UlMEElM0N1bCUyMGNsYXNzJTNEJTIydGh1bWJuYWlscyUyMiUzRSUwQSUyMCUyMCUyMCUzQ2xpJTNFJTBBJTIwJTIwJTIwJTIwJTIwJTIwJTNDYSUyMGhyZWYlM0QlMjJodHRwcyUzQSUyRiUyRmFhdGF1ZGlvLmNvbS5iciUyRndwLWNvbnRlbnQlMkZ1cGxvYWRzJTJGYWF0X2ludGVybmV0X21vbml0b3JfMi0xLTEuanBnJTIyJTIwZGF0YS1zdGFuZGFyZCUzRCUyMmh0dHBzJTNBJTJGJTJGYWF0YXVkaW8uY29tLmJyJTJGd3AtY29udGVudCUyRnVwbG9hZHMlMkZhYXRfaW50ZXJuZXRfbW9uaXRvcl8yLTEtMS5qcGclMjIlM0UlMEElMjAlMjAlMjAlMjAlMjAlMjAlM0NpbWclMjBzcmMlM0QlMjJodHRwcyUzQSUyRiUyRmFhdGF1ZGlvLmNvbS5iciUyRndwLWNvbnRlbnQlMkZ1cGxvYWRzJTJGYWF0X2ludGVybmV0X21vbml0b3JfMi0xLTEuanBnJTIyJTIwYWx0JTNEJTIyYXVkaW8tZXh0ZW5kZXIlMjIlM0UlMEElMjAlMjAlMjAlMjAlMjAlMjAlM0MlMkZhJTNFJTBBJTIwJTIwJTIwJTNDJTJGbGklM0UlMEElMjAlMjAlMjAlM0NsaSUzRSUwQSUyMCUyMCUyMCUyMCUyMCUyMCUzQ2ElMjBocmVmJTNEJTIyaHR0cHMlM0ElMkYlMkZhYXRhdWRpby5jb20uYnIlMkZ3cC1jb250ZW50JTJGdXBsb2FkcyUyRmFhdF9pbnRlcm5ldF9tb25pdG9yXzMtMS5qcGclMjIlMjBkYXRhLXN0YW5kYXJkJTNEJTIyaHR0cHMlM0ElMkYlMkZhYXRhdWRpby5jb20uYnIlMkZ3cC1jb250ZW50JTJGdXBsb2FkcyUyRmFhdF9pbnRlcm5ldF9tb25pdG9yXzMtMS5qcGclMjIlM0UlMEElMjAlMjAlMjAlMjAlMjAlMjAlM0NpbWclMjBzcmMlM0QlMjJodHRwcyUzQSUyRiUyRmFhdGF1ZGlvLmNvbS5iciUyRndwLWNvbnRlbnQlMkZ1cGxvYWRzJTJGYWF0X2ludGVybmV0X21vbml0b3JfMy0xLmpwZyUyMiUyMGFsdCUzRCUyMmF1ZGlvLWV4dGVuZGVyJTIyJTNFJTBBJTIwJTIwJTIwJTIwJTIwJTIwJTNDJTJGYSUzRSUwQSUyMCUyMCUyMCUzQyUyRmxpJTNFJTBBJTIwJTIwJTIwJTNDbGklM0UlMEElMjAlMjAlMjAlMjAlMjAlMjAlM0NhJTIwaHJlZiUzRCUyMmh0dHBzJTNBJTJGJTJGYWF0YXVkaW8uY29tLmJyJTJGd3AtY29udGVudCUyRnVwbG9hZHMlMkZhYXRfaW50ZXJuZXRfbW9uaXRvcl80LTEuanBnJTIyJTIwZGF0YS1zdGFuZGFyZCUzRCUyMmh0dHBzJTNBJTJGJTJGYWF0YXVkaW8uY29tLmJyJTJGd3AtY29udGVudCUyRnVwbG9hZHMlMkZhYXRfaW50ZXJuZXRfbW9uaXRvcl80LTEuanBnJTIyJTNFJTBBJTIwJTIwJTIwJTIwJTIwJTIwJTNDaW1nJTIwc3JjJTNEJTIyaHR0cHMlM0ElMkYlMkZhYXRhdWRpby5jb20uYnIlMkZ3cC1jb250ZW50JTJGdXBsb2FkcyUyRmFhdF9pbnRlcm5ldF9tb25pdG9yXzQtMS5qcGclMjIlMjBhbHQlM0QlMjJhdWRpby1leHRlbmRlciUyMiUzRSUwQSUyMCUyMCUyMCUyMCUyMCUyMCUzQyUyRmElM0UlMEElMjAlMjAlMjAlM0MlMkZsaSUzRSUwQSUyMCUyMCUyMCUzQ2xpJTNFJTBBJTIwJTIwJTIwJTIwJTIwJTIwJTNDYSUyMGhyZWYlM0QlMjJodHRwcyUzQSUyRiUyRmFhdGF1ZGlvLmNvbS5iciUyRndwLWNvbnRlbnQlMkZ1cGxvYWRzJTJGYWF0X2ludGVybmV0X21vbml0b3JfNS0xLmpwZyUyMiUyMGRhdGEtc3RhbmRhcmQlM0QlMjJodHRwcyUzQSUyRiUyRmFhdGF1ZGlvLmNvbS5iciUyRndwLWNvbnRlbnQlMkZ1cGxvYWRzJTJGYWF0X2ludGVybmV0X21vbml0b3JfNS0xLmpwZyUyMiUzRSUwQSUyMCUyMCUyMCUyMCUyMCUyMCUzQ2ltZyUyMHNyYyUzRCUyMmh0dHBzJTNBJTJGJTJGYWF0YXVkaW8uY29tLmJyJTJGd3AtY29udGVudCUyRnVwbG9hZHMlMkZhYXRfaW50ZXJuZXRfbW9uaXRvcl81LTEuanBnJTIyJTIwYWx0JTNEJTIyYXVkaW8tZXh0ZW5kZXIlMjIlM0UlMEElMjAlMjAlMjAlMjAlMjAlMjAlM0MlMkZhJTNFJTBBJTIwJTIwJTIwJTNDJTJGbGklM0UlMEElMjAlMjAlMjAlM0NsaSUzRSUwQSUyMCUyMCUyMCUyMCUyMCUyMCUzQ2ElMjBocmVmJTNEJTIyaHR0cHMlM0ElMkYlMkZhYXRhdWRpby5jb20uYnIlMkZ3cC1jb250ZW50JTJGdXBsb2FkcyUyRmFhdF9pbnRlcm5ldF9tb25pdG9yXzYuanBnJTIyJTIwZGF0YS1zdGFuZGFyZCUzRCUyMmh0dHBzJTNBJTJGJTJGYWF0YXVkaW8uY29tLmJyJTJGd3AtY29udGVudCUyRnVwbG9hZHMlMkZhYXRfaW50ZXJuZXRfbW9uaXRvcl82LmpwZyUyMiUzRSUwQSUyMCUyMCUyMCUyMCUyMCUyMCUzQ2ltZyUyMHNyYyUzRCUyMmh0dHBzJTNBJTJGJTJGYWF0YXVkaW8uY29tLmJyJTJGd3AtY29udGVudCUyRnVwbG9hZHMlMkZhYXRfaW50ZXJuZXRfbW9uaXRvcl82LmpwZyUyMiUyMGFsdCUzRCUyMmF1ZGlvLWV4dGVuZGVyJTIyJTNFJTBBJTIwJTIwJTIwJTIwJTIwJTIwJTNDJTJGYSUzRSUwQSUyMCUyMCUyMCUzQyUyRmxpJTNFJTBBJTIwJTIwJTIwJTBBJTNDJTJGdWwlM0UlMjAlMjA=[\/vc_raw_html][\/vc_column_inner][\/vc_row_inner][vc_row_inner][vc_column_inner width=&#8221;1\/2&#8243;][\/vc_column_inner][vc_column_inner width=&#8221;1\/2&#8243;][vc_column_text] Share via Whatsapp[\/vc_column_text][\/vc_column_inner][\/vc_row_inner][\/vc_column][\/vc_row][vc_row el_id=&#8221;tab-menu-produto&#8221;][vc_column][vc_row_inner][vc_column_inner][vc_btn title=&#8221;Descri\u00e7\u00e3o&#8221; shape=&#8221;square&#8221; link=&#8221;url:%23descricao|||rel:nofollow&#8221; el_class=&#8221;ancor-scroll&#8221;][vc_btn title=&#8221;Caracteristicas&#8221; shape=&#8221;square&#8221; link=&#8221;url:%23caracteristicas|||rel:nofollow&#8221; el_class=&#8221;ancor-scroll&#8221;][vc_btn title=&#8221;Especifica\u00e7\u00f5es&#8221; shape=&#8221;square&#8221; link=&#8221;url:%23especificacoes|||rel:nofollow&#8221; el_class=&#8221;ancor-scroll&#8221;][\/vc_column_inner][\/vc_row_inner][\/vc_column][\/vc_row][vc_row el_id=&#8221;descricao&#8221;][vc_column][vc_row_inner][vc_column_inner][vc_column_text] DESCRI\u00c7\u00c3O O AAT Solution Box INTERNET MONITOR foi desenvolvido para trazer facilidade e conveni\u00eancia ao consumidor quando houver problemas de conex\u00e3o de internet, como velocidades caindo, lentid\u00e3o ou congelamento na exibi\u00e7\u00e3o de v\u00eddeos ou streaming [&hellip;]<\/p>\n","protected":false},"author":5,"featured_media":13607,"parent":16164,"menu_order":7,"comment_status":"closed","ping_status":"closed","template":"page-fullwidth.php","meta":{"footnotes":""},"class_list":["post-13595","page","type-page","status-publish","has-post-thumbnail","hentry","tags-internet","tags-solution"],"_links":{"self":[{"href":"https:\/\/aataudio.com.br\/home\/wp-json\/wp\/v2\/pages\/13595"}],"collection":[{"href":"https:\/\/aataudio.com.br\/home\/wp-json\/wp\/v2\/pages"}],"about":[{"href":"https:\/\/aataudio.com.br\/home\/wp-json\/wp\/v2\/types\/page"}],"author":[{"embeddable":true,"href":"https:\/\/aataudio.com.br\/home\/wp-json\/wp\/v2\/users\/5"}],"replies":[{"embeddable":true,"href":"https:\/\/aataudio.com.br\/home\/wp-json\/wp\/v2\/comments?post=13595"}],"version-history":[{"count":23,"href":"https:\/\/aataudio.com.br\/home\/wp-json\/wp\/v2\/pages\/13595\/revisions"}],"predecessor-version":[{"id":16167,"href":"https:\/\/aataudio.com.br\/home\/wp-json\/wp\/v2\/pages\/13595\/revisions\/16167"}],"up":[{"embeddable":true,"href":"https:\/\/aataudio.com.br\/home\/wp-json\/wp\/v2\/pages\/16164"}],"wp:featuredmedia":[{"embeddable":true,"href":"https:\/\/aataudio.com.br\/home\/wp-json\/wp\/v2\/media\/13607"}],"wp:attachment":[{"href":"https:\/\/aataudio.com.br\/home\/wp-json\/wp\/v2\/media?parent=13595"}],"curies":[{"name":"wp","href":"https:\/\/api.w.org\/{rel}","templated":true}]}}