{"id":13235,"date":"2023-02-16T16:48:46","date_gmt":"2023-02-16T19:48:46","guid":{"rendered":"https:\/\/aataudio.com.br\/?page_id=13235"},"modified":"2025-10-31T14:35:47","modified_gmt":"2025-10-31T17:35:47","slug":"aat-gsp1-ci-preto","status":"publish","type":"page","link":"https:\/\/aataudio.com.br\/home\/caixas-para-uso-externo\/aat-gsp1-ci-preto\/","title":{"rendered":"AAT CAIXAS SAT\u00c9LITES ESPETO GSP1-CI PRETO"},"content":{"rendered":"<div class=\"wpb-content-wrapper\"><p>[vc_row][vc_column][vc_row_inner][vc_column_inner][vc_raw_html css=&#8221;&#8221;]JTNDZGl2JTIwY2xhc3MlM0QlMjJlYXN5em9vbSUyMGVhc3l6b29tLS13aXRoLXRodW1ibmFpbHMlMjIlM0UlMEElMjAlMjAlM0NhJTIwaHJlZiUzRCUyMmh0dHBzJTNBJTJGJTJGYWF0YXVkaW8uY29tLmJyJTJGd3AtY29udGVudCUyRnVwbG9hZHMlMkZBQVQtQ0FJWEFTLVNBVEVMSVRFUy1FU1BFVE8tR1NQMS1DSS1QUkVUTy0xLmpwZyUyMiUyMGNsYXNzJTNEJTIyem9vbS1tYXN0ZXIlMjIlM0UlMEElMjAlMjAlMjAlMjAlM0NpbWclMjBzcmMlM0QlMjJodHRwcyUzQSUyRiUyRmFhdGF1ZGlvLmNvbS5iciUyRndwLWNvbnRlbnQlMkZ1cGxvYWRzJTJGQUFULUNBSVhBUy1TQVRFTElURVMtRVNQRVRPLUdTUDEtQ0ktUFJFVE8tMS5qcGclMjIlMjBhbHQlM0QlMjJhYy0xJTIyJTNFJTBBJTIwJTIwJTNDJTJGYSUzRSUwQSUyMCUyMCUzQ2RpdiUyMGNsYXNzJTNEJTIyZWFzeXpvb20tZmx5b3V0JTIyJTNFJTNDJTJGZGl2JTNFJTBBJTNDJTJGZGl2JTNFJTBBJTNDdWwlMjBjbGFzcyUzRCUyMnRodW1ibmFpbHMlMjIlM0UlMjAlMjAlMEElMjAlMjAlM0NsaSUzRSUwQSUyMCUyMCUyMCUyMCUzQ2ElMjBocmVmJTNEJTIyaHR0cHMlM0ElMkYlMkZhYXRhdWRpby5jb20uYnIlMkZ3cC1jb250ZW50JTJGdXBsb2FkcyUyRkFBVC1DQUlYQVMtU0FURUxJVEVTLUVTUEVUTy1HU1AxLUNJLVBSRVRPLTEuanBnJTIyJTBBJTIwJTIwJTIwJTIwJTIwJTIwZGF0YS1zdGFuZGFyZCUzRCUyMmh0dHBzJTNBJTJGJTJGYWF0YXVkaW8uY29tLmJyJTJGd3AtY29udGVudCUyRnVwbG9hZHMlMkZBQVQtQ0FJWEFTLVNBVEVMSVRFUy1FU1BFVE8tR1NQMS1DSS1QUkVUTy0xLmpwZyUyMiUzRSUwQSUyMCUyMCUyMCUyMCUyMCUyMCUzQ2ltZyUyMHNyYyUzRCUyMmh0dHBzJTNBJTJGJTJGYWF0YXVkaW8uY29tLmJyJTJGd3AtY29udGVudCUyRnVwbG9hZHMlMkZBQVQtQ0FJWEFTLVNBVEVMSVRFUy1FU1BFVE8tR1NQMS1DSS1QUkVUTy0xLmpwZyUyMiUyMGFsdCUzRCUyMmFjLTIlMjIlM0UlMEElMjAlMjAlMjAlMjAlM0MlMkZhJTNFJTBBJTIwJTIwJTNDJTJGbGklM0UlMEElMjAlMjAlM0NsaSUzRSUwQSUyMCUyMCUyMCUyMCUzQ2ElMjBocmVmJTNEJTIyaHR0cHMlM0ElMkYlMkZhYXRhdWRpby5jb20uYnIlMkZ3cC1jb250ZW50JTJGdXBsb2FkcyUyRkFBVC1DQUlYQVMtU0FURUxJVEVTLUVTUEVUTy1HU1AxLUNJLVBSRVRPLTQuanBnJTIyJTBBJTIwJTIwJTIwJTIwJTIwJTIwZGF0YS1zdGFuZGFyZCUzRCUyMmh0dHBzJTNBJTJGJTJGYWF0YXVkaW8uY29tLmJyJTJGd3AtY29udGVudCUyRnVwbG9hZHMlMkZBQVQtQ0FJWEFTLVNBVEVMSVRFUy1FU1BFVE8tR1NQMS1DSS1QUkVUTy00LmpwZyUyMiUzRSUwQSUyMCUyMCUyMCUyMCUyMCUyMCUzQ2ltZyUyMHNyYyUzRCUyMmh0dHBzJTNBJTJGJTJGYWF0YXVkaW8uY29tLmJyJTJGd3AtY29udGVudCUyRnVwbG9hZHMlMkZBQVQtQ0FJWEFTLVNBVEVMSVRFUy1FU1BFVE8tR1NQMS1DSS1QUkVUTy00LmpwZyUyMiUyMGFsdCUzRCUyMmFjLTMlMjIlM0UlMEElMjAlMjAlMjAlMjAlM0MlMkZhJTNFJTBBJTIwJTIwJTNDJTJGbGklM0UlMEElMjAlMjAlM0NsaSUzRSUwQSUyMCUyMCUyMCUyMCUzQ2ElMjBocmVmJTNEJTIyaHR0cHMlM0ElMkYlMkZhYXRhdWRpby5jb20uYnIlMkZ3cC1jb250ZW50JTJGdXBsb2FkcyUyRkFBVC1DQUlYQVMtU0FURUxJVEVTLUVTUEVUTy1HU1AxLUNJLVBSRVRPLTMuanBnJTIyJTBBJTIwJTIwJTIwJTIwJTIwJTIwZGF0YS1zdGFuZGFyZCUzRCUyMmh0dHBzJTNBJTJGJTJGYWF0YXVkaW8uY29tLmJyJTJGd3AtY29udGVudCUyRnVwbG9hZHMlMkZBQVQtQ0FJWEFTLVNBVEVMSVRFUy1FU1BFVE8tR1NQMS1DSS1QUkVUTy0zLmpwZyUyMiUzRSUwQSUyMCUyMCUyMCUyMCUyMCUyMCUzQ2ltZyUyMHNyYyUzRCUyMmh0dHBzJTNBJTJGJTJGYWF0YXVkaW8uY29tLmJyJTJGd3AtY29udGVudCUyRnVwbG9hZHMlMkZBQVQtQ0FJWEFTLVNBVEVMSVRFUy1FU1BFVE8tR1NQMS1DSS1QUkVUTy0zLmpwZyUyMiUyMGFsdCUzRCUyMmFjLTMlMjIlM0UlMEElMjAlMjAlMjAlMjAlM0MlMkZhJTNFJTBBJTIwJTIwJTNDJTJGbGklM0UlMjAlMjAlMEElMEElMjAlM0NsaSUzRSUwQSUyMCUyMCUyMCUyMCUzQ2ElMjBocmVmJTNEJTIyaHR0cHMlM0ElMkYlMkZhYXRhdWRpby5jb20uYnIlMkZ3cC1jb250ZW50JTJGdXBsb2FkcyUyRkFBVC1DQUlYQVMtU0FURUxJVEVTLUVTUEVUTy1HU1AxLUNJLVBSRVRPLTIuanBnJTIyJTBBJTIwJTIwJTIwJTIwJTIwJTIwZGF0YS1zdGFuZGFyZCUzRCUyMmh0dHBzJTNBJTJGJTJGYWF0YXVkaW8uY29tLmJyJTJGd3AtY29udGVudCUyRnVwbG9hZHMlMkZBQVQtQ0FJWEFTLVNBVEVMSVRFUy1FU1BFVE8tR1NQMS1DSS1QUkVUTy0yLmpwZyUyMiUzRSUwQSUyMCUyMCUyMCUyMCUyMCUyMCUzQ2ltZyUyMHNyYyUzRCUyMmh0dHBzJTNBJTJGJTJGYWF0YXVkaW8uY29tLmJyJTJGd3AtY29udGVudCUyRnVwbG9hZHMlMkZBQVQtQ0FJWEFTLVNBVEVMSVRFUy1FU1BFVE8tR1NQMS1DSS1QUkVUTy0yLmpwZyUyMiUyMGFsdCUzRCUyMmFjLTMlMjIlM0UlMEElMjAlMjAlMjAlMjAlM0MlMkZhJTNFJTBBJTIwJTIwJTNDJTJGbGklM0UlMjAlMjAlMEElMEElMjAlM0NsaSUzRSUwQSUyMCUyMCUyMCUyMCUzQ2ElMjBocmVmJTNEJTIyaHR0cHMlM0ElMkYlMkZhYXRhdWRpby5jb20uYnIlMkZ3cC1jb250ZW50JTJGdXBsb2FkcyUyRkFBVC1DQUlYQVMtU0FURUxJVEVTLUVTUEVUTy1HU1AxLUNJLVBSRVRPLTUuanBnJTIyJTBBJTIwJTIwJTIwJTIwJTIwJTIwZGF0YS1zdGFuZGFyZCUzRCUyMmh0dHBzJTNBJTJGJTJGYWF0YXVkaW8uY29tLmJyJTJGd3AtY29udGVudCUyRnVwbG9hZHMlMkZBQVQtQ0FJWEFTLVNBVEVMSVRFUy1FU1BFVE8tR1NQMS1DSS1QUkVUTy01LmpwZyUyMiUzRSUwQSUyMCUyMCUyMCUyMCUyMCUyMCUzQ2ltZyUyMHNyYyUzRCUyMmh0dHBzJTNBJTJGJTJGYWF0YXVkaW8uY29tLmJyJTJGd3AtY29udGVudCUyRnVwbG9hZHMlMkZBQVQtQ0FJWEFTLVNBVEVMSVRFUy1FU1BFVE8tR1NQMS1DSS1QUkVUTy01LmpwZyUyMiUyMGFsdCUzRCUyMmFjLTMlMjIlM0UlMEElMjAlMjAlMjAlMjAlM0MlMkZhJTNFJTBBJTIwJTIwJTNDJTJGbGklM0UlMjAlMjAlMEElMEElM0MlMkZ1bCUzRQ==[\/vc_raw_html][\/vc_column_inner][\/vc_row_inner][vc_row_inner][vc_column_inner width=&#8221;1\/2&#8243;][vc_raw_html css=&#8221;&#8221;][\/vc_raw_html][\/vc_column_inner][vc_column_inner width=&#8221;1\/2&#8243;][vc_column_text]<aside class=\"mashsb-container mashsb-main mashsb-stretched\"><div class=\"mashsb-box\"><div class=\"mashsb-buttons\"><a class=\"mashicon-facebook mash-small mash-center mashsb-noshadow mashsb-pure-icons\" href=\"https:\/\/www.facebook.com\/sharer.php?u=https%3A%2F%2Faataudio.com.br%2Fhome%2Fcaixas-para-uso-externo%2Faat-gsp1-ci-preto%2F\" target=\"_top\" rel=\"nofollow\"><span class=\"icon\"><\/span><span class=\"text\"><\/span><\/a><a class=\"mashicon-twitter mash-small mash-center mashsb-noshadow mashsb-pure-icons\" href=\"https:\/\/twitter.com\/intent\/tweet?text=&amp;url=https:\/\/aataudio.com.br\/home\/caixas-para-uso-externo\/aat-gsp1-ci-preto\/\" target=\"_top\" rel=\"nofollow\"><span class=\"icon\"><\/span><span class=\"text\"><\/span><\/a><a class=\"mashicon-whatsapp mash-small mash-center mashsb-noshadow mashsb-pure-icons\" href=\"\" target=\"_top\" rel=\"nofollow\"><span class=\"icon\"><\/span><span class=\"text\"><\/span><\/a><div class=\"onoffswitch2 mash-small mashsb-noshadow\" style=\"display:none\"><\/div><\/div><\/div>\n                    <div style=\"clear:both\"><\/div><div class=\"mashsb-toggle-container\"><\/div><\/aside>\n            <!-- Share buttons made by mashshare.net - Version: 4.0.47--><br \/>\n<a style=\"display: none;\" href=\"whatsapp:\/\/send?text=The text to share!\" data-action=\"share\/whatsapp\/share\">Share via Whatsapp<\/a>[\/vc_column_text][\/vc_column_inner][\/vc_row_inner][\/vc_column][\/vc_row][vc_row el_id=&#8221;tab-menu-produto&#8221;][vc_column][vc_row_inner][vc_column_inner][vc_btn title=&#8221;Descri\u00e7\u00e3o&#8221; shape=&#8221;square&#8221; link=&#8221;url:%23descricao|||rel:nofollow&#8221; el_class=&#8221;ancor-scroll&#8221;][vc_btn title=&#8221;Caracteristicas&#8221; shape=&#8221;square&#8221; link=&#8221;url:%23caracteristicas|||rel:nofollow&#8221; el_class=&#8221;ancor-scroll&#8221;][vc_btn title=&#8221;Especifica\u00e7\u00f5es&#8221; shape=&#8221;square&#8221; link=&#8221;url:%23especificacoes|||rel:nofollow&#8221; el_class=&#8221;ancor-scroll&#8221;][\/vc_column_inner][\/vc_row_inner][\/vc_column][\/vc_row][vc_row el_id=&#8221;descricao&#8221;][vc_column][vc_row_inner][vc_column_inner][vc_column_text]<\/p>\n<h3 class=\"info-page-title\">DESCRI\u00c7\u00c3O<\/h3>\n<p>Vendidas em pares, as <strong>AAT GSP1-CI<\/strong> s\u00e3o caixas espeto full-range \u00e0 prova d\u2019\u00e1gua, que oferecem imped\u00e2ncia selecion\u00e1vel de 8 ohms e 70V\/100V. Para que o produto tenha performance surpreendente, a AAT recomenda o uso em conjunto com os amplificadores\u00a0multiroom da marca, em especial os modelos <strong>AAT\u00a0PMR-8<\/strong> ou <strong>AAT PMR-13<\/strong>.<\/p>\n<p>S\u00e3o caixas ideais para quem quer camuflar o sistema de som no jardim, mas n\u00e3o abre m\u00e3o da mais alta qualidade sonora na \u00e1rea externa da resid\u00eancia ou empresa.[\/vc_column_text][\/vc_column_inner][\/vc_row_inner][\/vc_column][\/vc_row][vc_row el_id=&#8221;caracteristicas&#8221;][vc_column offset=&#8221;vc_col-lg-12 vc_col-sm-offset-0&#8243;][vc_row_inner][vc_column_inner][vc_column_text]<\/p>\n<h3 class=\"info-page-title\">CARACTER\u00cdSTICAS<\/h3>\n<p>As caixas <strong>AAT GSP1-CI<\/strong> s\u00e3o modelos full-range coaxiais \u00e0 prova d\u2019\u00e1gua com driver trazendo cone de PP de 5 \u00bc polegadas acoplado a um tweeter de 1\u201d de domo de seda, proporcionando m\u00e9dios e agudos surpreendentes. Essas caixas, por suas caracter\u00edsticas, podem ser utilizadas em ambientes internos sem comprometer seu desempenho.<\/p>\n<p>Como s\u00e3o caixas passivas, precisam ser alimentadas por um amplificador externo com pot\u00eancia de at\u00e9 70W. A\u00a0imped\u00e2ncia nominal \u00e9 de 8 ohms, sendo que podem ser selecionadas linhas de 70V ou 100V, atrav\u00e9s da chave seletora, posicionada na parte traseira, atr\u00e1s de uma tampa de prote\u00e7\u00e3o. H\u00e1 v\u00e1rias pot\u00eancias dispon\u00edveis para as linhas de 70V e 100V.[\/vc_column_text][\/vc_column_inner][\/vc_row_inner][\/vc_column][\/vc_row][vc_row el_id=&#8221;especificacoes&#8221;][vc_column][vc_row_inner][vc_column_inner][vc_column_text]<\/p>\n<h3 class=\"info-page-title\">ESPECIFICA\u00c7\u00d5ES<\/h3>\n<p>[\/vc_column_text][\/vc_column_inner][\/vc_row_inner][vc_column_text css=&#8221;&#8221;]<\/p>\n<div class=\"table-responsive\">\n<table class=\"table table-especificacoes\">\n<thead>\n<tr>\n<th><\/th>\n<th style=\"text-align: center;\"><img loading=\"lazy\" decoding=\"async\" class=\"aligncenter wp-image-15746\" src=\"https:\/\/aataudio.com.br\/wp-content\/uploads\/AAT-GSP1-CI_preto_01_01-300x193.jpg\" alt=\"\" width=\"187\" height=\"120\" srcset=\"https:\/\/aataudio.com.br\/wp-content\/uploads\/AAT-GSP1-CI_preto_01_01-300x193.jpg 300w, https:\/\/aataudio.com.br\/wp-content\/uploads\/AAT-GSP1-CI_preto_01_01.jpg 560w\" sizes=\"(max-width: 187px) 100vw, 187px\" \/>aat gsp1-ci preto<\/th>\n<\/tr>\n<\/thead>\n<tbody>\n<tr class=\"table-first-row\">\n<th scope=\"row\">Tipo de sintonia<\/th>\n<td class=\"table-info-value\">Caixa selada<\/td>\n<\/tr>\n<tr>\n<th style=\"white-space: normal;\" scope=\"row\">Driver<\/th>\n<td class=\"table-info-value\">Coaxial de 5 \u00bc&#8221; com cone de PP e tweeter de 1&#8243; com domo de seda<\/td>\n<\/tr>\n<tr>\n<th scope=\"row\">Pot\u00eancia RMS m\u00e1xima<\/th>\n<td class=\"table-info-value\">60 W RMS<\/td>\n<\/tr>\n<tr>\n<th scope=\"row\">Imped\u00e2ncia<\/th>\n<td class=\"table-info-value\">8 ohms ou 70V\/100V<\/td>\n<\/tr>\n<tr>\n<th scope=\"row\">Resposta em frequ\u00eancia<\/th>\n<td class=\"table-info-value\">100Hz a 22kHz<\/td>\n<\/tr>\n<tr>\n<th scope=\"row\">Sensibilidade<\/th>\n<td class=\"table-info-value\">85 dB\/W\/m<\/td>\n<\/tr>\n<tr>\n<th scope=\"row\">IP 66 (\u00e0 prova d&#8217;\u00e1gua)<\/th>\n<td class=\"table-info-value\">Sim<\/td>\n<\/tr>\n<tr>\n<th scope=\"row\">Pot\u00eancias dispon\u00edveis em 70V<\/th>\n<td class=\"table-info-value\">1,87 \/ 3,75 \/ 7,5 \/ 15 W<\/td>\n<\/tr>\n<tr>\n<th scope=\"row\">Pot\u00eancias dispon\u00edveis em 100V<\/th>\n<td class=\"table-info-value\">3.75 \/ 7.5 \/15 \/30 W<\/td>\n<\/tr>\n<tr>\n<th scope=\"row\">Dimens\u00f5es (LxWxH)<\/th>\n<td class=\"table-info-value\">208 x 208 x 280 mm<\/td>\n<\/tr>\n<tr>\n<th scope=\"row\">Peso<\/th>\n<td class=\"table-info-value\">7Kg (sem embalagem) \/ 8Kg (com embalagem)<\/td>\n<\/tr>\n<\/tbody>\n<\/table>\n<\/div>\n<p>[\/vc_column_text][\/vc_column][\/vc_row][vc_row css=&#8221;.vc_custom_1619471770776{margin-top: 35px !important;}&#8221; el_id=&#8221;veja-tambem&#8221;][vc_column offset=&#8221;vc_hidden-xs&#8221;][vc_column_text]<\/p>\n<h3 class=\"info-page-title\">VEJA TAMB\u00c9M<\/h3>\n<p>[\/vc_column_text][vc_basic_grid post_type=&#8221;page&#8221; max_items=&#8221;-1&#8243; style=&#8221;pagination&#8221; items_per_page=&#8221;4&#8243; element_width=&#8221;3&#8243; gap=&#8221;20&#8243; orderby=&#8221;menu_order&#8221; order=&#8221;ASC&#8221; arrows_design=&#8221;vc_arrow-icon-arrow_07_left&#8221; arrows_position=&#8221;outside&#8221; arrows_color=&#8221;sky&#8221; paging_color=&#8221;sky&#8221; item=&#8221;184&#8243; initial_loading_animation=&#8221;none&#8221; grid_id=&#8221;vc_gid:1761931600323-d885d6001ce4f03573b14d0481efec56-0&#8243; taxonomies=&#8221;43&#8243; exclude=&#8221;11897&#8243;][\/vc_column][\/vc_row][vc_row css=&#8221;.vc_custom_1619472086020{margin-top: 35px !important;}&#8221; el_id=&#8221;veja-tambem-2&#8243;][vc_column offset=&#8221;vc_hidden-lg vc_hidden-md vc_hidden-sm&#8221;][vc_column_text]<\/p>\n<h3 class=\"info-page-title\">VEJA TAMB\u00c9M<\/h3>\n<p>[\/vc_column_text][vc_basic_grid post_type=&#8221;page&#8221; max_items=&#8221;-1&#8243; style=&#8221;pagination&#8221; items_per_page=&#8221;1&#8243; element_width=&#8221;12&#8243; gap=&#8221;20&#8243; orderby=&#8221;menu_order&#8221; order=&#8221;ASC&#8221; arrows_design=&#8221;vc_arrow-icon-arrow_07_left&#8221; arrows_position=&#8221;outside&#8221; arrows_color=&#8221;sky&#8221; paging_color=&#8221;sky&#8221; item=&#8221;184&#8243; initial_loading_animation=&#8221;none&#8221; grid_id=&#8221;vc_gid:1761931600352-3a2352084306412cf5e26da39fef25a4-7&#8243; taxonomies=&#8221;43&#8243; exclude=&#8221;11897&#8243;][\/vc_column][\/vc_row]<\/p>\n<\/div>","protected":false},"excerpt":{"rendered":"<p>[vc_row][vc_column][vc_row_inner][vc_column_inner][vc_raw_html css=&#8221;&#8221;]JTNDZGl2JTIwY2xhc3MlM0QlMjJlYXN5em9vbSUyMGVhc3l6b29tLS13aXRoLXRodW1ibmFpbHMlMjIlM0UlMEElMjAlMjAlM0NhJTIwaHJlZiUzRCUyMmh0dHBzJTNBJTJGJTJGYWF0YXVkaW8uY29tLmJyJTJGd3AtY29udGVudCUyRnVwbG9hZHMlMkZBQVQtQ0FJWEFTLVNBVEVMSVRFUy1FU1BFVE8tR1NQMS1DSS1QUkVUTy0xLmpwZyUyMiUyMGNsYXNzJTNEJTIyem9vbS1tYXN0ZXIlMjIlM0UlMEElMjAlMjAlMjAlMjAlM0NpbWclMjBzcmMlM0QlMjJodHRwcyUzQSUyRiUyRmFhdGF1ZGlvLmNvbS5iciUyRndwLWNvbnRlbnQlMkZ1cGxvYWRzJTJGQUFULUNBSVhBUy1TQVRFTElURVMtRVNQRVRPLUdTUDEtQ0ktUFJFVE8tMS5qcGclMjIlMjBhbHQlM0QlMjJhYy0xJTIyJTNFJTBBJTIwJTIwJTNDJTJGYSUzRSUwQSUyMCUyMCUzQ2RpdiUyMGNsYXNzJTNEJTIyZWFzeXpvb20tZmx5b3V0JTIyJTNFJTNDJTJGZGl2JTNFJTBBJTNDJTJGZGl2JTNFJTBBJTNDdWwlMjBjbGFzcyUzRCUyMnRodW1ibmFpbHMlMjIlM0UlMjAlMjAlMEElMjAlMjAlM0NsaSUzRSUwQSUyMCUyMCUyMCUyMCUzQ2ElMjBocmVmJTNEJTIyaHR0cHMlM0ElMkYlMkZhYXRhdWRpby5jb20uYnIlMkZ3cC1jb250ZW50JTJGdXBsb2FkcyUyRkFBVC1DQUlYQVMtU0FURUxJVEVTLUVTUEVUTy1HU1AxLUNJLVBSRVRPLTEuanBnJTIyJTBBJTIwJTIwJTIwJTIwJTIwJTIwZGF0YS1zdGFuZGFyZCUzRCUyMmh0dHBzJTNBJTJGJTJGYWF0YXVkaW8uY29tLmJyJTJGd3AtY29udGVudCUyRnVwbG9hZHMlMkZBQVQtQ0FJWEFTLVNBVEVMSVRFUy1FU1BFVE8tR1NQMS1DSS1QUkVUTy0xLmpwZyUyMiUzRSUwQSUyMCUyMCUyMCUyMCUyMCUyMCUzQ2ltZyUyMHNyYyUzRCUyMmh0dHBzJTNBJTJGJTJGYWF0YXVkaW8uY29tLmJyJTJGd3AtY29udGVudCUyRnVwbG9hZHMlMkZBQVQtQ0FJWEFTLVNBVEVMSVRFUy1FU1BFVE8tR1NQMS1DSS1QUkVUTy0xLmpwZyUyMiUyMGFsdCUzRCUyMmFjLTIlMjIlM0UlMEElMjAlMjAlMjAlMjAlM0MlMkZhJTNFJTBBJTIwJTIwJTNDJTJGbGklM0UlMEElMjAlMjAlM0NsaSUzRSUwQSUyMCUyMCUyMCUyMCUzQ2ElMjBocmVmJTNEJTIyaHR0cHMlM0ElMkYlMkZhYXRhdWRpby5jb20uYnIlMkZ3cC1jb250ZW50JTJGdXBsb2FkcyUyRkFBVC1DQUlYQVMtU0FURUxJVEVTLUVTUEVUTy1HU1AxLUNJLVBSRVRPLTQuanBnJTIyJTBBJTIwJTIwJTIwJTIwJTIwJTIwZGF0YS1zdGFuZGFyZCUzRCUyMmh0dHBzJTNBJTJGJTJGYWF0YXVkaW8uY29tLmJyJTJGd3AtY29udGVudCUyRnVwbG9hZHMlMkZBQVQtQ0FJWEFTLVNBVEVMSVRFUy1FU1BFVE8tR1NQMS1DSS1QUkVUTy00LmpwZyUyMiUzRSUwQSUyMCUyMCUyMCUyMCUyMCUyMCUzQ2ltZyUyMHNyYyUzRCUyMmh0dHBzJTNBJTJGJTJGYWF0YXVkaW8uY29tLmJyJTJGd3AtY29udGVudCUyRnVwbG9hZHMlMkZBQVQtQ0FJWEFTLVNBVEVMSVRFUy1FU1BFVE8tR1NQMS1DSS1QUkVUTy00LmpwZyUyMiUyMGFsdCUzRCUyMmFjLTMlMjIlM0UlMEElMjAlMjAlMjAlMjAlM0MlMkZhJTNFJTBBJTIwJTIwJTNDJTJGbGklM0UlMEElMjAlMjAlM0NsaSUzRSUwQSUyMCUyMCUyMCUyMCUzQ2ElMjBocmVmJTNEJTIyaHR0cHMlM0ElMkYlMkZhYXRhdWRpby5jb20uYnIlMkZ3cC1jb250ZW50JTJGdXBsb2FkcyUyRkFBVC1DQUlYQVMtU0FURUxJVEVTLUVTUEVUTy1HU1AxLUNJLVBSRVRPLTMuanBnJTIyJTBBJTIwJTIwJTIwJTIwJTIwJTIwZGF0YS1zdGFuZGFyZCUzRCUyMmh0dHBzJTNBJTJGJTJGYWF0YXVkaW8uY29tLmJyJTJGd3AtY29udGVudCUyRnVwbG9hZHMlMkZBQVQtQ0FJWEFTLVNBVEVMSVRFUy1FU1BFVE8tR1NQMS1DSS1QUkVUTy0zLmpwZyUyMiUzRSUwQSUyMCUyMCUyMCUyMCUyMCUyMCUzQ2ltZyUyMHNyYyUzRCUyMmh0dHBzJTNBJTJGJTJGYWF0YXVkaW8uY29tLmJyJTJGd3AtY29udGVudCUyRnVwbG9hZHMlMkZBQVQtQ0FJWEFTLVNBVEVMSVRFUy1FU1BFVE8tR1NQMS1DSS1QUkVUTy0zLmpwZyUyMiUyMGFsdCUzRCUyMmFjLTMlMjIlM0UlMEElMjAlMjAlMjAlMjAlM0MlMkZhJTNFJTBBJTIwJTIwJTNDJTJGbGklM0UlMjAlMjAlMEElMEElMjAlM0NsaSUzRSUwQSUyMCUyMCUyMCUyMCUzQ2ElMjBocmVmJTNEJTIyaHR0cHMlM0ElMkYlMkZhYXRhdWRpby5jb20uYnIlMkZ3cC1jb250ZW50JTJGdXBsb2FkcyUyRkFBVC1DQUlYQVMtU0FURUxJVEVTLUVTUEVUTy1HU1AxLUNJLVBSRVRPLTIuanBnJTIyJTBBJTIwJTIwJTIwJTIwJTIwJTIwZGF0YS1zdGFuZGFyZCUzRCUyMmh0dHBzJTNBJTJGJTJGYWF0YXVkaW8uY29tLmJyJTJGd3AtY29udGVudCUyRnVwbG9hZHMlMkZBQVQtQ0FJWEFTLVNBVEVMSVRFUy1FU1BFVE8tR1NQMS1DSS1QUkVUTy0yLmpwZyUyMiUzRSUwQSUyMCUyMCUyMCUyMCUyMCUyMCUzQ2ltZyUyMHNyYyUzRCUyMmh0dHBzJTNBJTJGJTJGYWF0YXVkaW8uY29tLmJyJTJGd3AtY29udGVudCUyRnVwbG9hZHMlMkZBQVQtQ0FJWEFTLVNBVEVMSVRFUy1FU1BFVE8tR1NQMS1DSS1QUkVUTy0yLmpwZyUyMiUyMGFsdCUzRCUyMmFjLTMlMjIlM0UlMEElMjAlMjAlMjAlMjAlM0MlMkZhJTNFJTBBJTIwJTIwJTNDJTJGbGklM0UlMjAlMjAlMEElMEElMjAlM0NsaSUzRSUwQSUyMCUyMCUyMCUyMCUzQ2ElMjBocmVmJTNEJTIyaHR0cHMlM0ElMkYlMkZhYXRhdWRpby5jb20uYnIlMkZ3cC1jb250ZW50JTJGdXBsb2FkcyUyRkFBVC1DQUlYQVMtU0FURUxJVEVTLUVTUEVUTy1HU1AxLUNJLVBSRVRPLTUuanBnJTIyJTBBJTIwJTIwJTIwJTIwJTIwJTIwZGF0YS1zdGFuZGFyZCUzRCUyMmh0dHBzJTNBJTJGJTJGYWF0YXVkaW8uY29tLmJyJTJGd3AtY29udGVudCUyRnVwbG9hZHMlMkZBQVQtQ0FJWEFTLVNBVEVMSVRFUy1FU1BFVE8tR1NQMS1DSS1QUkVUTy01LmpwZyUyMiUzRSUwQSUyMCUyMCUyMCUyMCUyMCUyMCUzQ2ltZyUyMHNyYyUzRCUyMmh0dHBzJTNBJTJGJTJGYWF0YXVkaW8uY29tLmJyJTJGd3AtY29udGVudCUyRnVwbG9hZHMlMkZBQVQtQ0FJWEFTLVNBVEVMSVRFUy1FU1BFVE8tR1NQMS1DSS1QUkVUTy01LmpwZyUyMiUyMGFsdCUzRCUyMmFjLTMlMjIlM0UlMEElMjAlMjAlMjAlMjAlM0MlMkZhJTNFJTBBJTIwJTIwJTNDJTJGbGklM0UlMjAlMjAlMEElMEElM0MlMkZ1bCUzRQ==[\/vc_raw_html][\/vc_column_inner][\/vc_row_inner][vc_row_inner][vc_column_inner width=&#8221;1\/2&#8243;][vc_raw_html css=&#8221;&#8221;][\/vc_raw_html][\/vc_column_inner][vc_column_inner width=&#8221;1\/2&#8243;][vc_column_text] Share via Whatsapp[\/vc_column_text][\/vc_column_inner][\/vc_row_inner][\/vc_column][\/vc_row][vc_row el_id=&#8221;tab-menu-produto&#8221;][vc_column][vc_row_inner][vc_column_inner][vc_btn title=&#8221;Descri\u00e7\u00e3o&#8221; shape=&#8221;square&#8221; link=&#8221;url:%23descricao|||rel:nofollow&#8221; el_class=&#8221;ancor-scroll&#8221;][vc_btn title=&#8221;Caracteristicas&#8221; shape=&#8221;square&#8221; link=&#8221;url:%23caracteristicas|||rel:nofollow&#8221; el_class=&#8221;ancor-scroll&#8221;][vc_btn title=&#8221;Especifica\u00e7\u00f5es&#8221; shape=&#8221;square&#8221; link=&#8221;url:%23especificacoes|||rel:nofollow&#8221; el_class=&#8221;ancor-scroll&#8221;][\/vc_column_inner][\/vc_row_inner][\/vc_column][\/vc_row][vc_row el_id=&#8221;descricao&#8221;][vc_column][vc_row_inner][vc_column_inner][vc_column_text] DESCRI\u00c7\u00c3O Vendidas em pares, as AAT GSP1-CI s\u00e3o caixas espeto full-range \u00e0 prova d\u2019\u00e1gua, que oferecem imped\u00e2ncia selecion\u00e1vel de 8 ohms e 70V\/100V. Para que o produto tenha performance surpreendente, a AAT recomenda [&hellip;]<\/p>\n","protected":false},"author":5,"featured_media":15840,"parent":11862,"menu_order":0,"comment_status":"closed","ping_status":"closed","template":"page-fullwidth.php","meta":{"footnotes":""},"class_list":["post-13235","page","type-page","status-publish","has-post-thumbnail","hentry","tags-outdoor"],"_links":{"self":[{"href":"https:\/\/aataudio.com.br\/home\/wp-json\/wp\/v2\/pages\/13235"}],"collection":[{"href":"https:\/\/aataudio.com.br\/home\/wp-json\/wp\/v2\/pages"}],"about":[{"href":"https:\/\/aataudio.com.br\/home\/wp-json\/wp\/v2\/types\/page"}],"author":[{"embeddable":true,"href":"https:\/\/aataudio.com.br\/home\/wp-json\/wp\/v2\/users\/5"}],"replies":[{"embeddable":true,"href":"https:\/\/aataudio.com.br\/home\/wp-json\/wp\/v2\/comments?post=13235"}],"version-history":[{"count":13,"href":"https:\/\/aataudio.com.br\/home\/wp-json\/wp\/v2\/pages\/13235\/revisions"}],"predecessor-version":[{"id":15841,"href":"https:\/\/aataudio.com.br\/home\/wp-json\/wp\/v2\/pages\/13235\/revisions\/15841"}],"up":[{"embeddable":true,"href":"https:\/\/aataudio.com.br\/home\/wp-json\/wp\/v2\/pages\/11862"}],"wp:featuredmedia":[{"embeddable":true,"href":"https:\/\/aataudio.com.br\/home\/wp-json\/wp\/v2\/media\/15840"}],"wp:attachment":[{"href":"https:\/\/aataudio.com.br\/home\/wp-json\/wp\/v2\/media?parent=13235"}],"curies":[{"name":"wp","href":"https:\/\/api.w.org\/{rel}","templated":true}]}}