{"id":12847,"date":"2023-09-06T18:12:22","date_gmt":"2023-09-06T21:12:22","guid":{"rendered":"https:\/\/aataudio.com.br\/?page_id=12847"},"modified":"2026-01-21T09:00:48","modified_gmt":"2026-01-21T12:00:48","slug":"aat-wbt-1","status":"publish","type":"page","link":"https:\/\/aataudio.com.br\/home\/audio-video-solutions\/aat-wbt-1\/","title":{"rendered":"AAT WBT-1"},"content":{"rendered":"<div class=\"wpb-content-wrapper\"><p>[vc_row][vc_column][vc_row_inner][vc_column_inner][vc_raw_html]JTNDZGl2JTIwY2xhc3MlM0QlMjJlYXN5em9vbSUyMGVhc3l6b29tLS13aXRoLXRodW1ibmFpbHMlMjIlM0UlMEElMjAlMjAlMjAlM0NhJTIwaHJlZiUzRCUyMmh0dHBzJTNBJTJGJTJGYWF0YXVkaW8uY29tLmJyJTJGd3AtY29udGVudCUyRnVwbG9hZHMlMkZiYW5uZXItem9vbS13YnQtMS5qcGclMjIlMjBjbGFzcyUzRCUyMnpvb20tbWFzdGVyJTIyJTNFJTBBJTIwJTIwJTIwJTNDaW1nJTIwc3JjJTNEJTIyaHR0cHMlM0ElMkYlMkZhYXRhdWRpby5jb20uYnIlMkZ3cC1jb250ZW50JTJGdXBsb2FkcyUyRmJhbm5lci16b29tLXdidC0xLmpwZyUyMiUyMGFsdCUzRCUyMmF1ZGlvLWV4dGVuZGVyJTIyJTNFJTBBJTIwJTIwJTIwJTNDJTJGYSUzRSUwQSUyMCUyMCUyMCUzQ2RpdiUyMGNsYXNzJTNEJTIyZWFzeXpvb20tZmx5b3V0JTIyJTNFJTNDJTJGZGl2JTNFJTBBJTNDJTJGZGl2JTNFJTBBJTNDdWwlMjBjbGFzcyUzRCUyMnRodW1ibmFpbHMlMjIlM0UlMEElMjAlMjAlMjAlM0NsaSUzRSUwQSUyMCUyMCUyMCUyMCUyMCUyMCUzQ2ElMjBocmVmJTNEJTIyaHR0cHMlM0ElMkYlMkZhYXRhdWRpby5jb20uYnIlMkZ3cC1jb250ZW50JTJGdXBsb2FkcyUyRmJhbm5lci16b29tLXdidC0xLmpwZyUyMiUyMGRhdGEtc3RhbmRhcmQlM0QlMjJodHRwcyUzQSUyRiUyRmFhdGF1ZGlvLmNvbS5iciUyRndwLWNvbnRlbnQlMkZ1cGxvYWRzJTJGYmFubmVyLXpvb20td2J0LTEuanBnJTIyJTNFJTBBJTIwJTIwJTIwJTIwJTIwJTIwJTNDaW1nJTIwc3JjJTNEJTIyaHR0cHMlM0ElMkYlMkZhYXRhdWRpby5jb20uYnIlMkZ3cC1jb250ZW50JTJGdXBsb2FkcyUyRmJhbm5lci16b29tLXdidC0xLmpwZyUyMiUyMGFsdCUzRCUyMmF1ZGlvLWV4dGVuZGVyJTIyJTNFJTBBJTIwJTIwJTIwJTIwJTIwJTIwJTNDJTJGYSUzRSUwQSUyMCUyMCUyMCUzQyUyRmxpJTNFJTBBJTIwJTIwJTIwJTNDbGklM0UlMEElMjAlMjAlMjAlMjAlMjAlMjAlM0NhJTIwaHJlZiUzRCUyMmh0dHBzJTNBJTJGJTJGYWF0YXVkaW8uY29tLmJyJTJGd3AtY29udGVudCUyRnVwbG9hZHMlMkZiYW5uZXItem9vbS13YnQtMS0xLmpwZyUyMiUyMGRhdGEtc3RhbmRhcmQlM0QlMjJodHRwcyUzQSUyRiUyRmFhdGF1ZGlvLmNvbS5iciUyRndwLWNvbnRlbnQlMkZ1cGxvYWRzJTJGYmFubmVyLXpvb20td2J0LTEtMS5qcGclMjIlM0UlMEElMjAlMjAlMjAlMjAlMjAlMjAlM0NpbWclMjBzcmMlM0QlMjJodHRwcyUzQSUyRiUyRmFhdGF1ZGlvLmNvbS5iciUyRndwLWNvbnRlbnQlMkZ1cGxvYWRzJTJGYmFubmVyLXpvb20td2J0LTEtMS5qcGclMjIlMjBhbHQlM0QlMjJhdWRpby1leHRlbmRlciUyMiUzRSUwQSUyMCUyMCUyMCUyMCUyMCUyMCUzQyUyRmElM0UlMEElMjAlMjAlMjAlM0MlMkZsaSUzRSUwQSUyMCUyMCUyMCUzQ2xpJTNFJTBBJTIwJTIwJTIwJTIwJTIwJTIwJTNDYSUyMGhyZWYlM0QlMjJodHRwcyUzQSUyRiUyRmFhdGF1ZGlvLmNvbS5iciUyRndwLWNvbnRlbnQlMkZ1cGxvYWRzJTJGYmFubmVyLXpvb20td2J0LTEtMi5qcGclMjIlMjBkYXRhLXN0YW5kYXJkJTNEJTIyaHR0cHMlM0ElMkYlMkZhYXRhdWRpby5jb20uYnIlMkZ3cC1jb250ZW50JTJGdXBsb2FkcyUyRmJhbm5lci16b29tLXdidC0xLTIuanBnJTIyJTNFJTBBJTIwJTIwJTIwJTIwJTIwJTIwJTNDaW1nJTIwc3JjJTNEJTIyaHR0cHMlM0ElMkYlMkZhYXRhdWRpby5jb20uYnIlMkZ3cC1jb250ZW50JTJGdXBsb2FkcyUyRmJhbm5lci16b29tLXdidC0xLTIuanBnJTIyJTIwYWx0JTNEJTIyYXVkaW8tZXh0ZW5kZXIlMjIlM0UlMEElMjAlMjAlMjAlMjAlMjAlMjAlM0MlMkZhJTNFJTBBJTIwJTIwJTIwJTNDJTJGbGklM0UlMEElMjAlMjAlMjAlM0NsaSUzRSUwQSUyMCUyMCUyMCUyMCUyMCUyMCUzQ2ElMjBocmVmJTNEJTIyaHR0cHMlM0ElMkYlMkZhYXRhdWRpby5jb20uYnIlMkZ3cC1jb250ZW50JTJGdXBsb2FkcyUyRmJhbm5lci16b29tLXdidC0xLTMtdjIuanBnJTIyJTIwZGF0YS1zdGFuZGFyZCUzRCUyMmh0dHBzJTNBJTJGJTJGYWF0YXVkaW8uY29tLmJyJTJGd3AtY29udGVudCUyRnVwbG9hZHMlMkZiYW5uZXItem9vbS13YnQtMS0zLXYyLmpwZyUyMiUzRSUwQSUyMCUyMCUyMCUyMCUyMCUyMCUzQ2ltZyUyMHNyYyUzRCUyMmh0dHBzJTNBJTJGJTJGYWF0YXVkaW8uY29tLmJyJTJGd3AtY29udGVudCUyRnVwbG9hZHMlMkZiYW5uZXItem9vbS13YnQtMS0zLXYyLmpwZyUyMiUyMGFsdCUzRCUyMmF1ZGlvLWV4dGVuZGVyJTIyJTNFJTBBJTIwJTIwJTIwJTIwJTIwJTIwJTNDJTJGYSUzRSUwQSUyMCUyMCUyMCUzQyUyRmxpJTNFJTBBJTIwJTIwJTIwJTNDbGklM0UlMEElMjAlMjAlMjAlMjAlMjAlMjAlM0NhJTIwaHJlZiUzRCUyMmh0dHBzJTNBJTJGJTJGYWF0YXVkaW8uY29tLmJyJTJGd3AtY29udGVudCUyRnVwbG9hZHMlMkZiYW5uZXItem9vbS13YnQtMS00LmpwZyUyMiUyMGRhdGEtc3RhbmRhcmQlM0QlMjJodHRwcyUzQSUyRiUyRmFhdGF1ZGlvLmNvbS5iciUyRndwLWNvbnRlbnQlMkZ1cGxvYWRzJTJGYmFubmVyLXpvb20td2J0LTEtNC5qcGclMjIlM0UlMEElMjAlMjAlMjAlMjAlMjAlMjAlM0NpbWclMjBzcmMlM0QlMjJodHRwcyUzQSUyRiUyRmFhdGF1ZGlvLmNvbS5iciUyRndwLWNvbnRlbnQlMkZ1cGxvYWRzJTJGYmFubmVyLXpvb20td2J0LTEtNC5qcGclMjIlMjBhbHQlM0QlMjJhdWRpby1leHRlbmRlciUyMiUzRSUwQSUyMCUyMCUyMCUyMCUyMCUyMCUzQyUyRmElM0UlMEElMjAlMjAlMjAlM0MlMkZsaSUzRSUyMCUwQSUzQyUyRnVsJTNF[\/vc_raw_html][\/vc_column_inner][\/vc_row_inner][vc_row_inner][vc_column_inner width=&#8221;1\/2&#8243;][\/vc_column_inner][vc_column_inner width=&#8221;1\/2&#8243;][vc_column_text]<aside class=\"mashsb-container mashsb-main mashsb-stretched\"><div class=\"mashsb-box\"><div class=\"mashsb-buttons\"><a class=\"mashicon-facebook mash-small mash-center mashsb-noshadow mashsb-pure-icons\" href=\"https:\/\/www.facebook.com\/sharer.php?u=https%3A%2F%2Faataudio.com.br%2Fhome%2Faudio-video-solutions%2Faat-wbt-1%2F\" target=\"_top\" rel=\"nofollow\"><span class=\"icon\"><\/span><span class=\"text\"><\/span><\/a><a class=\"mashicon-twitter mash-small mash-center mashsb-noshadow mashsb-pure-icons\" href=\"https:\/\/twitter.com\/intent\/tweet?text=&amp;url=https:\/\/aataudio.com.br\/home\/audio-video-solutions\/aat-wbt-1\/\" target=\"_top\" rel=\"nofollow\"><span class=\"icon\"><\/span><span class=\"text\"><\/span><\/a><a class=\"mashicon-whatsapp mash-small mash-center mashsb-noshadow mashsb-pure-icons\" href=\"\" target=\"_top\" rel=\"nofollow\"><span class=\"icon\"><\/span><span class=\"text\"><\/span><\/a><div class=\"onoffswitch2 mash-small mashsb-noshadow\" style=\"display:none\"><\/div><\/div><\/div>\n                    <div style=\"clear:both\"><\/div><div class=\"mashsb-toggle-container\"><\/div><\/aside>\n            <!-- Share buttons made by mashshare.net - Version: 4.0.47--><br \/>\n<a style=\"display: none;\" href=\"whatsapp:\/\/send?text=The text to share!\" data-action=\"share\/whatsapp\/share\">Share via Whatsapp<\/a>[\/vc_column_text][\/vc_column_inner][\/vc_row_inner][\/vc_column][\/vc_row][vc_row el_id=&#8221;tab-menu-produto&#8221;][vc_column][vc_row_inner][vc_column_inner][vc_btn title=&#8221;Descri\u00e7\u00e3o&#8221; shape=&#8221;square&#8221; link=&#8221;url:%23descricao|||rel:nofollow&#8221; el_class=&#8221;ancor-scroll&#8221;][vc_btn title=&#8221;Caracteristicas&#8221; shape=&#8221;square&#8221; link=&#8221;url:%23caracteristicas|||rel:nofollow&#8221; el_class=&#8221;ancor-scroll&#8221;][vc_btn title=&#8221;Especifica\u00e7\u00f5es&#8221; shape=&#8221;square&#8221; link=&#8221;url:%23especificacoes|||rel:nofollow&#8221; el_class=&#8221;ancor-scroll&#8221;][\/vc_column_inner][\/vc_row_inner][\/vc_column][\/vc_row][vc_row el_id=&#8221;descricao&#8221;][vc_column][vc_row_inner][vc_column_inner][vc_column_text]<\/p>\n<h3 class=\"info-page-title\">DESCRI\u00c7\u00c3O<\/h3>\n<p>O AAT Solution Box WBT-1 \u00e9 um receptor para streaming de \u00e1udio pr\u00e9-amplificado, que, apesar de sua simplicidade, \u00e9 capaz de trabalhar sozinho ou na configura\u00e7\u00e3o de multizonas, conectado \u00e0 rede Wi-Fi. Necessita, portanto, de um amplificador externo para alimentar as caixas ac\u00fasticas do seu sistema.<\/p>\n<p>\u00c9 indicado para uso com receivers mais antigos ou amplificadores multiroom que n\u00e3o tragam conectividade Wi-Fi e Bluetooth. E pelo aplicativo AudioCast, dispon\u00edvel nas plataformas Android e iOs, o usu\u00e1rio pode controlar os recursos do produto de forma f\u00e1cil e intuitiva.<\/p>\n<p>Com Wi-Fi e Bluetooth 5.0, sa\u00eddas Line-out vari\u00e1veis para a conex\u00e3o de amplificadores externos, multirooms ou sistemas Hi-Fi, o WBT-1 \u00e9 uma solu\u00e7\u00e3o simples e eficaz para a sonoriza\u00e7\u00e3o de ambientes. \u00c9 um produto moderno e f\u00e1cil de usar, com a qualidade que s\u00f3 a AAT \u00e9 capaz de oferecer.[\/vc_column_text][\/vc_column_inner][\/vc_row_inner][\/vc_column][\/vc_row][vc_row el_id=&#8221;caracteristicas&#8221;][vc_column offset=&#8221;vc_col-sm-offset-0&#8243;][vc_row_inner][vc_column_inner][vc_column_text]<\/p>\n<h3 class=\"info-page-title\">CARACTER\u00cdSTICAS<\/h3>\n<p>O AAT Solution Box WBT-1 \u00e9 um produto de alta tecnologia que apresenta dois microprocessadores. Um deles \u00e9 o poderoso microcontrolador RISC trabalhando a 580MHz, que comanda a conectividade do aparelho. J\u00e1 o processador secund\u00e1rio controla todas as demais fun\u00e7\u00f5es.<\/p>\n<p>Principais caracter\u00edsticas de hardware:<\/p>\n<ul>\n<li>Conex\u00e3o Wi-Fi 802.11 b\/g\/n<\/li>\n<li>Conex\u00e3o Bluetooth 5.0<\/li>\n<li>Sa\u00eddas Line-out vari\u00e1veis<\/li>\n<li>Controle por Wi-Fi e app de celular<\/li>\n<li>Capacidade de multiroom para at\u00e9 8 zonas \/ 16 canais por Wi-Fi<\/li>\n<li>Fonte de alimenta\u00e7\u00e3o autom\u00e1tica full range de 90-242V inclusa<\/li>\n<\/ul>\n<p>Principais caracter\u00edsticas de software:<\/p>\n<ul>\n<li>Controle por aplicativo Audiocast, dispon\u00edvel para Android e iOs<\/li>\n<li>Capacidade de reproduzir arquivos de \u00e1udio em alta resolu\u00e7\u00e3o de at\u00e9 24 bits\/192 KHz<\/li>\n<li>Compatibilidade com os formatos de \u00e1udio MP3, FLAC, ALAC, WMA, WAV, AAC, AAC+ e APE<\/li>\n<li>Faz streaming diretamente dos servi\u00e7os Spotify, Amazon Music, Tidal, Pandora, Qobuz, vTuner, Napster, TuneIn, Rhapsody, iHeartRadio e outros<\/li>\n<li>Compatibilidade com Apple Airplay, redes DLNA e NAS\/UPNP<\/li>\n<li>Control\u00e1vel por automa\u00e7\u00e3o: ethernet<\/li>\n<\/ul>\n<p>[\/vc_column_text][\/vc_column_inner][\/vc_row_inner][\/vc_column][\/vc_row][vc_row el_id=&#8221;especificacoes&#8221;][vc_column][vc_row_inner][vc_column_inner][vc_column_text]<\/p>\n<h3 class=\"info-page-title\">ESPECIFICA\u00c7\u00d5ES<\/h3>\n<p>[\/vc_column_text][\/vc_column_inner][\/vc_row_inner][vc_column_text]<\/p>\n<div class=\"table-responsive\">\n<table class=\"table table-especificacoes\">\n<thead>\n<tr>\n<th><\/th>\n<th style=\"text-align: center;\"><img loading=\"lazy\" decoding=\"async\" class=\"aligncenter wp-image-12851\" src=\"https:\/\/aataudio.com.br\/wp-content\/uploads\/WBT-1.jpg\" alt=\"\" width=\"187\" height=\"120\" srcset=\"https:\/\/aataudio.com.br\/wp-content\/uploads\/WBT-1.jpg 560w, https:\/\/aataudio.com.br\/wp-content\/uploads\/WBT-1-300x193.jpg 300w\" sizes=\"(max-width: 187px) 100vw, 187px\" \/>aat wbt-1<\/th>\n<\/tr>\n<\/thead>\n<tbody>\n<tr class=\"table-first-row\">\n<th scope=\"row\">Rela\u00e7\u00e3o Sinal-Ru\u00eddo (Line-out Fixed \u2013 24 Bit)<\/th>\n<td class=\"table-info-value\">100 dB(A)<\/td>\n<\/tr>\n<tr>\n<th style=\"white-space: normal;\" scope=\"row\">Resposta em frequ\u00eancia (Line-out \u2013 24 Bit\/192KHz)<\/th>\n<td class=\"table-info-value\">10 Hz a 80 KHz<\/td>\n<\/tr>\n<tr>\n<th scope=\"row\">Distor\u00e7\u00e3o Harm\u00f4nica (Line-out &#8211; 24 Bit\/192 KHz)<\/th>\n<td class=\"table-info-value\">0,03 %<\/td>\n<\/tr>\n<tr>\n<th scope=\"row\">N\u00edvel de sa\u00edda Line-out<\/th>\n<td class=\"table-info-value\">1 V RMS<\/td>\n<\/tr>\n<tr>\n<th scope=\"row\">Fonte de alimenta\u00e7\u00e3o CA<\/th>\n<td class=\"table-info-value\">Autom\u00e1tica full range 90-242 V, externa<\/td>\n<\/tr>\n<tr>\n<th scope=\"row\">Consumo de energia<\/th>\n<td class=\"table-info-value\">5 W max<\/td>\n<\/tr>\n<tr>\n<th scope=\"row\">Conex\u00e3o Wi-Fi<\/th>\n<td class=\"table-info-value\">802.11 b\/g\/n<\/td>\n<\/tr>\n<tr>\n<th scope=\"row\">Modo multiroom por Wi-Fi<\/th>\n<td class=\"table-info-value\">At\u00e9 8 zonas \/ 16 canais<\/td>\n<\/tr>\n<tr>\n<th scope=\"row\">Arquivos de \u00e1udio: profundidade de bits e taxa de<br \/>\namostragem<\/th>\n<td class=\"table-info-value\">16-24 bits \/ 44.1-192 KHz<\/td>\n<\/tr>\n<tr>\n<th scope=\"row\">Arquivo de \u00e1udio: formatos compat\u00edveis<\/th>\n<td class=\"table-info-value\">MP3\/FLAC\/ALAC\/WMA\/WAV\/AA<\/td>\n<\/tr>\n<tr>\n<th scope=\"row\">Aplicativo: streaming direto da internet<\/th>\n<td class=\"table-info-value\">Spotify\/Tidal\/Amazon Music\/<br \/>\nPandora\/Tidal\/Qobuz\/vTuner\/Napster\/<br \/>\nTuneIn\/Rhapsody\/iHeartRadio<\/td>\n<\/tr>\n<tr>\n<th scope=\"row\">Compat\u00edvel com Apple Airplay<\/th>\n<td class=\"table-info-value\">Sim<\/td>\n<\/tr>\n<tr>\n<th scope=\"row\">Compat\u00edvel com Apple iTunes<\/th>\n<td class=\"table-info-value\">Sim, modo wireless para Windows e Mac<\/td>\n<\/tr>\n<tr>\n<th scope=\"row\">Compat\u00edvel com redes DLNA e NAS\/UPNP<\/th>\n<td class=\"table-info-value\">Sim<\/td>\n<\/tr>\n<tr>\n<th scope=\"row\">Control\u00e1vel por automa\u00e7\u00e3o<\/th>\n<td class=\"table-info-value\">Sim, Ethernet<\/td>\n<\/tr>\n<tr>\n<th scope=\"row\">Controle por aplicativo AudioCast<\/th>\n<td class=\"table-info-value\">Sim, para Android e iOS<\/td>\n<\/tr>\n<tr>\n<th scope=\"row\">Dimens\u00f5es (L x P x A)<\/th>\n<td class=\"table-info-value\">60x61x 25 mm (sem antenas)<br \/>\nAntenas: altura 50mm e profundidade: 18 mm<\/td>\n<\/tr>\n<tr>\n<th scope=\"row\">Peso l\u00edquido<\/th>\n<td class=\"table-info-value\">0,20 Kg<\/td>\n<\/tr>\n<tr>\n<th scope=\"row\">Peso bruto (com embalagem)<\/th>\n<td class=\"table-info-value\">0,25 Kg<\/td>\n<\/tr>\n<tr>\n<th scope=\"row\">Conte\u00fado da embalagem<\/th>\n<td class=\"table-info-value\">1 AAT WBT-1<br \/>\n1 Fonte de alimenta\u00e7\u00e3o 100-240V<br \/>\n2 antenas Wi-Fi<br \/>\n1 QR Code manual do usu\u00e1rio<\/td>\n<\/tr>\n<\/tbody>\n<\/table>\n<\/div>\n<p>[\/vc_column_text][\/vc_column][\/vc_row][vc_row css=&#8221;.vc_custom_1619098974946{margin-top: 35px !important;}&#8221; el_id=&#8221;veja-tambem&#8221;][vc_column offset=&#8221;vc_hidden-xs&#8221;][vc_column_text]<\/p>\n<h3 class=\"info-page-title\">VEJA TAMB\u00c9M<\/h3>\n<p>[\/vc_column_text][vc_basic_grid post_type=&#8221;page&#8221; max_items=&#8221;-1&#8243; style=&#8221;pagination&#8221; items_per_page=&#8221;4&#8243; element_width=&#8221;3&#8243; gap=&#8221;20&#8243; orderby=&#8221;menu_order&#8221; order=&#8221;ASC&#8221; arrows_design=&#8221;vc_arrow-icon-arrow_07_left&#8221; arrows_position=&#8221;outside&#8221; arrows_color=&#8221;sky&#8221; paging_color=&#8221;sky&#8221; item=&#8221;184&#8243; initial_loading_animation=&#8221;none&#8221; grid_id=&#8221;vc_gid:1720180448008-b2a4df5c-7e04-6&#8243; taxonomies=&#8221;27&#8243; exclude=&#8221;12847&#8243;][\/vc_column][\/vc_row][vc_row css=&#8221;.vc_custom_1619098986011{margin-top: 35px !important;}&#8221; el_id=&#8221;veja-tambem-2&#8243;][vc_column offset=&#8221;vc_hidden-lg vc_hidden-md vc_hidden-sm&#8221;][vc_column_text]<\/p>\n<h3 class=\"info-page-title\">VEJA TAMB\u00c9M<\/h3>\n<p>[\/vc_column_text][vc_basic_grid post_type=&#8221;page&#8221; max_items=&#8221;-1&#8243; style=&#8221;pagination&#8221; items_per_page=&#8221;1&#8243; element_width=&#8221;12&#8243; gap=&#8221;20&#8243; orderby=&#8221;menu_order&#8221; order=&#8221;ASC&#8221; arrows_design=&#8221;vc_arrow-icon-arrow_07_left&#8221; arrows_color=&#8221;sky&#8221; paging_color=&#8221;sky&#8221; item=&#8221;184&#8243; initial_loading_animation=&#8221;none&#8221; grid_id=&#8221;vc_gid:1720180448009-6c8603d5-324d-6&#8243; taxonomies=&#8221;27&#8243; exclude=&#8221;12847&#8243;][\/vc_column][\/vc_row]<\/p>\n<\/div>","protected":false},"excerpt":{"rendered":"<p>[vc_row][vc_column][vc_row_inner][vc_column_inner][vc_raw_html]JTNDZGl2JTIwY2xhc3MlM0QlMjJlYXN5em9vbSUyMGVhc3l6b29tLS13aXRoLXRodW1ibmFpbHMlMjIlM0UlMEElMjAlMjAlMjAlM0NhJTIwaHJlZiUzRCUyMmh0dHBzJTNBJTJGJTJGYWF0YXVkaW8uY29tLmJyJTJGd3AtY29udGVudCUyRnVwbG9hZHMlMkZiYW5uZXItem9vbS13YnQtMS5qcGclMjIlMjBjbGFzcyUzRCUyMnpvb20tbWFzdGVyJTIyJTNFJTBBJTIwJTIwJTIwJTNDaW1nJTIwc3JjJTNEJTIyaHR0cHMlM0ElMkYlMkZhYXRhdWRpby5jb20uYnIlMkZ3cC1jb250ZW50JTJGdXBsb2FkcyUyRmJhbm5lci16b29tLXdidC0xLmpwZyUyMiUyMGFsdCUzRCUyMmF1ZGlvLWV4dGVuZGVyJTIyJTNFJTBBJTIwJTIwJTIwJTNDJTJGYSUzRSUwQSUyMCUyMCUyMCUzQ2RpdiUyMGNsYXNzJTNEJTIyZWFzeXpvb20tZmx5b3V0JTIyJTNFJTNDJTJGZGl2JTNFJTBBJTNDJTJGZGl2JTNFJTBBJTNDdWwlMjBjbGFzcyUzRCUyMnRodW1ibmFpbHMlMjIlM0UlMEElMjAlMjAlMjAlM0NsaSUzRSUwQSUyMCUyMCUyMCUyMCUyMCUyMCUzQ2ElMjBocmVmJTNEJTIyaHR0cHMlM0ElMkYlMkZhYXRhdWRpby5jb20uYnIlMkZ3cC1jb250ZW50JTJGdXBsb2FkcyUyRmJhbm5lci16b29tLXdidC0xLmpwZyUyMiUyMGRhdGEtc3RhbmRhcmQlM0QlMjJodHRwcyUzQSUyRiUyRmFhdGF1ZGlvLmNvbS5iciUyRndwLWNvbnRlbnQlMkZ1cGxvYWRzJTJGYmFubmVyLXpvb20td2J0LTEuanBnJTIyJTNFJTBBJTIwJTIwJTIwJTIwJTIwJTIwJTNDaW1nJTIwc3JjJTNEJTIyaHR0cHMlM0ElMkYlMkZhYXRhdWRpby5jb20uYnIlMkZ3cC1jb250ZW50JTJGdXBsb2FkcyUyRmJhbm5lci16b29tLXdidC0xLmpwZyUyMiUyMGFsdCUzRCUyMmF1ZGlvLWV4dGVuZGVyJTIyJTNFJTBBJTIwJTIwJTIwJTIwJTIwJTIwJTNDJTJGYSUzRSUwQSUyMCUyMCUyMCUzQyUyRmxpJTNFJTBBJTIwJTIwJTIwJTNDbGklM0UlMEElMjAlMjAlMjAlMjAlMjAlMjAlM0NhJTIwaHJlZiUzRCUyMmh0dHBzJTNBJTJGJTJGYWF0YXVkaW8uY29tLmJyJTJGd3AtY29udGVudCUyRnVwbG9hZHMlMkZiYW5uZXItem9vbS13YnQtMS0xLmpwZyUyMiUyMGRhdGEtc3RhbmRhcmQlM0QlMjJodHRwcyUzQSUyRiUyRmFhdGF1ZGlvLmNvbS5iciUyRndwLWNvbnRlbnQlMkZ1cGxvYWRzJTJGYmFubmVyLXpvb20td2J0LTEtMS5qcGclMjIlM0UlMEElMjAlMjAlMjAlMjAlMjAlMjAlM0NpbWclMjBzcmMlM0QlMjJodHRwcyUzQSUyRiUyRmFhdGF1ZGlvLmNvbS5iciUyRndwLWNvbnRlbnQlMkZ1cGxvYWRzJTJGYmFubmVyLXpvb20td2J0LTEtMS5qcGclMjIlMjBhbHQlM0QlMjJhdWRpby1leHRlbmRlciUyMiUzRSUwQSUyMCUyMCUyMCUyMCUyMCUyMCUzQyUyRmElM0UlMEElMjAlMjAlMjAlM0MlMkZsaSUzRSUwQSUyMCUyMCUyMCUzQ2xpJTNFJTBBJTIwJTIwJTIwJTIwJTIwJTIwJTNDYSUyMGhyZWYlM0QlMjJodHRwcyUzQSUyRiUyRmFhdGF1ZGlvLmNvbS5iciUyRndwLWNvbnRlbnQlMkZ1cGxvYWRzJTJGYmFubmVyLXpvb20td2J0LTEtMi5qcGclMjIlMjBkYXRhLXN0YW5kYXJkJTNEJTIyaHR0cHMlM0ElMkYlMkZhYXRhdWRpby5jb20uYnIlMkZ3cC1jb250ZW50JTJGdXBsb2FkcyUyRmJhbm5lci16b29tLXdidC0xLTIuanBnJTIyJTNFJTBBJTIwJTIwJTIwJTIwJTIwJTIwJTNDaW1nJTIwc3JjJTNEJTIyaHR0cHMlM0ElMkYlMkZhYXRhdWRpby5jb20uYnIlMkZ3cC1jb250ZW50JTJGdXBsb2FkcyUyRmJhbm5lci16b29tLXdidC0xLTIuanBnJTIyJTIwYWx0JTNEJTIyYXVkaW8tZXh0ZW5kZXIlMjIlM0UlMEElMjAlMjAlMjAlMjAlMjAlMjAlM0MlMkZhJTNFJTBBJTIwJTIwJTIwJTNDJTJGbGklM0UlMEElMjAlMjAlMjAlM0NsaSUzRSUwQSUyMCUyMCUyMCUyMCUyMCUyMCUzQ2ElMjBocmVmJTNEJTIyaHR0cHMlM0ElMkYlMkZhYXRhdWRpby5jb20uYnIlMkZ3cC1jb250ZW50JTJGdXBsb2FkcyUyRmJhbm5lci16b29tLXdidC0xLTMtdjIuanBnJTIyJTIwZGF0YS1zdGFuZGFyZCUzRCUyMmh0dHBzJTNBJTJGJTJGYWF0YXVkaW8uY29tLmJyJTJGd3AtY29udGVudCUyRnVwbG9hZHMlMkZiYW5uZXItem9vbS13YnQtMS0zLXYyLmpwZyUyMiUzRSUwQSUyMCUyMCUyMCUyMCUyMCUyMCUzQ2ltZyUyMHNyYyUzRCUyMmh0dHBzJTNBJTJGJTJGYWF0YXVkaW8uY29tLmJyJTJGd3AtY29udGVudCUyRnVwbG9hZHMlMkZiYW5uZXItem9vbS13YnQtMS0zLXYyLmpwZyUyMiUyMGFsdCUzRCUyMmF1ZGlvLWV4dGVuZGVyJTIyJTNFJTBBJTIwJTIwJTIwJTIwJTIwJTIwJTNDJTJGYSUzRSUwQSUyMCUyMCUyMCUzQyUyRmxpJTNFJTBBJTIwJTIwJTIwJTNDbGklM0UlMEElMjAlMjAlMjAlMjAlMjAlMjAlM0NhJTIwaHJlZiUzRCUyMmh0dHBzJTNBJTJGJTJGYWF0YXVkaW8uY29tLmJyJTJGd3AtY29udGVudCUyRnVwbG9hZHMlMkZiYW5uZXItem9vbS13YnQtMS00LmpwZyUyMiUyMGRhdGEtc3RhbmRhcmQlM0QlMjJodHRwcyUzQSUyRiUyRmFhdGF1ZGlvLmNvbS5iciUyRndwLWNvbnRlbnQlMkZ1cGxvYWRzJTJGYmFubmVyLXpvb20td2J0LTEtNC5qcGclMjIlM0UlMEElMjAlMjAlMjAlMjAlMjAlMjAlM0NpbWclMjBzcmMlM0QlMjJodHRwcyUzQSUyRiUyRmFhdGF1ZGlvLmNvbS5iciUyRndwLWNvbnRlbnQlMkZ1cGxvYWRzJTJGYmFubmVyLXpvb20td2J0LTEtNC5qcGclMjIlMjBhbHQlM0QlMjJhdWRpby1leHRlbmRlciUyMiUzRSUwQSUyMCUyMCUyMCUyMCUyMCUyMCUzQyUyRmElM0UlMEElMjAlMjAlMjAlM0MlMkZsaSUzRSUyMCUwQSUzQyUyRnVsJTNF[\/vc_raw_html][\/vc_column_inner][\/vc_row_inner][vc_row_inner][vc_column_inner width=&#8221;1\/2&#8243;][\/vc_column_inner][vc_column_inner width=&#8221;1\/2&#8243;][vc_column_text] Share via Whatsapp[\/vc_column_text][\/vc_column_inner][\/vc_row_inner][\/vc_column][\/vc_row][vc_row el_id=&#8221;tab-menu-produto&#8221;][vc_column][vc_row_inner][vc_column_inner][vc_btn title=&#8221;Descri\u00e7\u00e3o&#8221; shape=&#8221;square&#8221; link=&#8221;url:%23descricao|||rel:nofollow&#8221; el_class=&#8221;ancor-scroll&#8221;][vc_btn title=&#8221;Caracteristicas&#8221; shape=&#8221;square&#8221; link=&#8221;url:%23caracteristicas|||rel:nofollow&#8221; el_class=&#8221;ancor-scroll&#8221;][vc_btn title=&#8221;Especifica\u00e7\u00f5es&#8221; shape=&#8221;square&#8221; link=&#8221;url:%23especificacoes|||rel:nofollow&#8221; el_class=&#8221;ancor-scroll&#8221;][\/vc_column_inner][\/vc_row_inner][\/vc_column][\/vc_row][vc_row el_id=&#8221;descricao&#8221;][vc_column][vc_row_inner][vc_column_inner][vc_column_text] DESCRI\u00c7\u00c3O O AAT Solution Box WBT-1 \u00e9 um receptor para streaming de \u00e1udio pr\u00e9-amplificado, que, apesar de sua simplicidade, \u00e9 capaz de trabalhar sozinho ou na configura\u00e7\u00e3o de multizonas, conectado \u00e0 rede Wi-Fi. Necessita, portanto, [&hellip;]<\/p>\n","protected":false},"author":5,"featured_media":12851,"parent":16164,"menu_order":3,"comment_status":"closed","ping_status":"closed","template":"page-fullwidth.php","meta":{"footnotes":""},"class_list":["post-12847","page","type-page","status-publish","has-post-thumbnail","hentry","tags-sem-fio","tags-solution"],"_links":{"self":[{"href":"https:\/\/aataudio.com.br\/home\/wp-json\/wp\/v2\/pages\/12847"}],"collection":[{"href":"https:\/\/aataudio.com.br\/home\/wp-json\/wp\/v2\/pages"}],"about":[{"href":"https:\/\/aataudio.com.br\/home\/wp-json\/wp\/v2\/types\/page"}],"author":[{"embeddable":true,"href":"https:\/\/aataudio.com.br\/home\/wp-json\/wp\/v2\/users\/5"}],"replies":[{"embeddable":true,"href":"https:\/\/aataudio.com.br\/home\/wp-json\/wp\/v2\/comments?post=12847"}],"version-history":[{"count":12,"href":"https:\/\/aataudio.com.br\/home\/wp-json\/wp\/v2\/pages\/12847\/revisions"}],"predecessor-version":[{"id":13553,"href":"https:\/\/aataudio.com.br\/home\/wp-json\/wp\/v2\/pages\/12847\/revisions\/13553"}],"up":[{"embeddable":true,"href":"https:\/\/aataudio.com.br\/home\/wp-json\/wp\/v2\/pages\/16164"}],"wp:featuredmedia":[{"embeddable":true,"href":"https:\/\/aataudio.com.br\/home\/wp-json\/wp\/v2\/media\/12851"}],"wp:attachment":[{"href":"https:\/\/aataudio.com.br\/home\/wp-json\/wp\/v2\/media?parent=12847"}],"curies":[{"name":"wp","href":"https:\/\/api.w.org\/{rel}","templated":true}]}}