{"id":12385,"date":"2023-08-06T15:34:39","date_gmt":"2023-08-06T18:34:39","guid":{"rendered":"https:\/\/aataudio.com.br\/?page_id=12385"},"modified":"2026-03-20T10:32:07","modified_gmt":"2026-03-20T13:32:07","slug":"aat-q5-100al-bk-g2","status":"publish","type":"page","link":"https:\/\/aataudio.com.br\/home\/caixas-de-embutir\/linha-ambiente-lounge\/aat-q5-100al-bk-g2\/","title":{"rendered":"AAT Q5-100AL-BK G2"},"content":{"rendered":"<div class=\"wpb-content-wrapper\"><p>[vc_row][vc_column][vc_row_inner][vc_column_inner][vc_raw_html css=&#8221;&#8221;]JTNDZGl2JTIwY2xhc3MlM0QlMjJlYXN5em9vbSUyMGVhc3l6b29tLS13aXRoLXRodW1ibmFpbHMlMjIlM0UlMEElMjAlMjAlMjAlM0NhJTIwaHJlZiUzRCUyMmh0dHBzJTNBJTJGJTJGYWF0YXVkaW8uY29tLmJyJTJGd3AtY29udGVudCUyRnVwbG9hZHMlMkZBQVRfUTUtMTAwQUxfQktfRzJfLmpwZyUyMiUyMGNsYXNzJTNEJTIyem9vbS1tYXN0ZXIlMjIlM0UlMEElMjAlMjAlMjAlM0NpbWclMjBzcmMlM0QlMjJodHRwcyUzQSUyRiUyRmFhdGF1ZGlvLmNvbS5iciUyRndwLWNvbnRlbnQlMkZ1cGxvYWRzJTJGQUFUX1E1LTEwMEFMX0JLX0cyXy5qcGclMjIlMjBhbHQlM0QlMjJhYy0xJTIyJTNFJTBBJTIwJTIwJTIwJTNDJTJGYSUzRSUwQSUyMCUyMCUyMCUzQ2RpdiUyMGNsYXNzJTNEJTIyZWFzeXpvb20tZmx5b3V0JTIyJTNFJTNDJTJGZGl2JTNFJTBBJTNDJTJGZGl2JTNFJTBBJTNDdWwlMjBjbGFzcyUzRCUyMnRodW1ibmFpbHMlMjIlM0UlMEElMjAlMjAlMjAlM0NsaSUzRSUwQSUyMCUyMCUyMCUyMCUyMCUyMCUzQ2ElMjBocmVmJTNEJTIyaHR0cHMlM0ElMkYlMkZhYXRhdWRpby5jb20uYnIlMkZ3cC1jb250ZW50JTJGdXBsb2FkcyUyRkFBVF9RNS0xMDBBTF9CS19HMl8uanBnJTIyJTIwZGF0YS1zdGFuZGFyZCUzRCUyMmh0dHBzJTNBJTJGJTJGYWF0YXVkaW8uY29tLmJyJTJGd3AtY29udGVudCUyRnVwbG9hZHMlMkZBQVRfUTUtMTAwQUxfQktfRzJfLmpwZyUyMiUzRSUwQSUyMCUyMCUyMCUyMCUyMCUyMCUzQ2ltZyUyMHNyYyUzRCUyMmh0dHBzJTNBJTJGJTJGYWF0YXVkaW8uY29tLmJyJTJGd3AtY29udGVudCUyRnVwbG9hZHMlMkZBQVRfUTUtMTAwQUxfQktfRzJfLmpwZyUyMiUyMGFsdCUzRCUyMmFjLTElMjIlM0UlMEElMjAlMjAlMjAlMjAlMjAlMjAlM0MlMkZhJTNFJTBBJTIwJTIwJTIwJTNDJTJGbGklM0UlMEElMjAlMjAlMjAlM0NsaSUzRSUwQSUyMCUyMCUyMCUyMCUyMCUyMCUzQ2ElMjBocmVmJTNEJTIyaHR0cHMlM0ElMkYlMkZhYXRhdWRpby5jb20uYnIlMkZ3cC1jb250ZW50JTJGdXBsb2FkcyUyRmJhbm5lci16b29tLXE1LTEwMGFsLWJrLWcyLTEuanBnJTIyJTIwZGF0YS1zdGFuZGFyZCUzRCUyMmh0dHBzJTNBJTJGJTJGYWF0YXVkaW8uY29tLmJyJTJGd3AtY29udGVudCUyRnVwbG9hZHMlMkZiYW5uZXItem9vbS1xNS0xMDBhbC1iay1nMi0xLmpwZyUyMiUzRSUwQSUyMCUyMCUyMCUyMCUyMCUyMCUzQ2ltZyUyMHNyYyUzRCUyMmh0dHBzJTNBJTJGJTJGYWF0YXVkaW8uY29tLmJyJTJGd3AtY29udGVudCUyRnVwbG9hZHMlMkZiYW5uZXItem9vbS1xNS0xMDBhbC1iay1nMi0xLmpwZyUyMiUyMGFsdCUzRCUyMmFjLTIlMjIlM0UlMEElMjAlMjAlMjAlMjAlMjAlMjAlM0MlMkZhJTNFJTBBJTIwJTIwJTIwJTNDJTJGbGklM0UlMEElMjAlMjAlMjAlM0NsaSUzRSUwQSUyMCUyMCUyMCUyMCUyMCUyMCUzQ2ElMjBocmVmJTNEJTIyaHR0cHMlM0ElMkYlMkZhYXRhdWRpby5jb20uYnIlMkZ3cC1jb250ZW50JTJGdXBsb2FkcyUyRmJhbm5lci16b29tLXE1LTEwMGFsLWJrLWcyLTIuanBnJTIyJTIwZGF0YS1zdGFuZGFyZCUzRCUyMmh0dHBzJTNBJTJGJTJGYWF0YXVkaW8uY29tLmJyJTJGd3AtY29udGVudCUyRnVwbG9hZHMlMkZiYW5uZXItem9vbS1xNS0xMDBhbC1iay1nMi0yLmpwZyUyMiUzRSUwQSUyMCUyMCUyMCUyMCUyMCUyMCUzQ2ltZyUyMHNyYyUzRCUyMmh0dHBzJTNBJTJGJTJGYWF0YXVkaW8uY29tLmJyJTJGd3AtY29udGVudCUyRnVwbG9hZHMlMkZiYW5uZXItem9vbS1xNS0xMDBhbC1iay1nMi0yLmpwZyUyMiUyMGFsdCUzRCUyMmFjLTIlMjIlM0UlMEElMjAlMjAlMjAlMjAlMjAlMjAlM0MlMkZhJTNFJTBBJTIwJTIwJTIwJTNDJTJGbGklM0UlMEElMjAlMjAlMjAlM0NsaSUzRSUwQSUyMCUyMCUyMCUyMCUyMCUyMCUzQ2ElMjBocmVmJTNEJTIyaHR0cHMlM0ElMkYlMkZhYXRhdWRpby5jb20uYnIlMkZ3cC1jb250ZW50JTJGdXBsb2FkcyUyRmJhbm5lci16b29tLXE1LTEwMGFsLWJrLWcyLTMuanBnJTIyJTIwZGF0YS1zdGFuZGFyZCUzRCUyMmh0dHBzJTNBJTJGJTJGYWF0YXVkaW8uY29tLmJyJTJGd3AtY29udGVudCUyRnVwbG9hZHMlMkZiYW5uZXItem9vbS1xNS0xMDBhbC1iay1nMi0zLmpwZyUyMiUzRSUwQSUyMCUyMCUyMCUyMCUyMCUyMCUzQ2ltZyUyMHNyYyUzRCUyMmh0dHBzJTNBJTJGJTJGYWF0YXVkaW8uY29tLmJyJTJGd3AtY29udGVudCUyRnVwbG9hZHMlMkZiYW5uZXItem9vbS1xNS0xMDBhbC1iay1nMi0zLmpwZyUyMiUyMGFsdCUzRCUyMmFjLTIlMjIlM0UlMEElMjAlMjAlMjAlMjAlMjAlMjAlM0MlMkZhJTNFJTBBJTIwJTIwJTIwJTNDJTJGbGklM0UlMEElMjAlMjAlMjAlM0NsaSUzRSUwQSUyMCUyMCUyMCUyMCUyMCUyMCUzQ2ElMjBocmVmJTNEJTIyaHR0cHMlM0ElMkYlMkZhYXRhdWRpby5jb20uYnIlMkZ3cC1jb250ZW50JTJGdXBsb2FkcyUyRmJhbm5lci16b29tLXE1LTEwMGFsLWJrLWcyLTQuanBnJTIyJTIwZGF0YS1zdGFuZGFyZCUzRCUyMmh0dHBzJTNBJTJGJTJGYWF0YXVkaW8uY29tLmJyJTJGd3AtY29udGVudCUyRnVwbG9hZHMlMkZiYW5uZXItem9vbS1xNS0xMDBhbC1iay1nMi00LmpwZyUyMiUzRSUwQSUyMCUyMCUyMCUyMCUyMCUyMCUzQ2ltZyUyMHNyYyUzRCUyMmh0dHBzJTNBJTJGJTJGYWF0YXVkaW8uY29tLmJyJTJGd3AtY29udGVudCUyRnVwbG9hZHMlMkZiYW5uZXItem9vbS1xNS0xMDBhbC1iay1nMi00LmpwZyUyMiUyMGFsdCUzRCUyMmFjLTIlMjIlM0UlMEElMjAlMjAlMjAlMjAlMjAlMjAlM0MlMkZhJTNFJTBBJTIwJTIwJTIwJTNDJTJGbGklM0UlMEElM0MlMkZ1bCUzRQ==[\/vc_raw_html][\/vc_column_inner][\/vc_row_inner][vc_row_inner][vc_column_inner width=&#8221;1\/2&#8243;][\/vc_column_inner][vc_column_inner width=&#8221;1\/2&#8243;][vc_column_text]<aside class=\"mashsb-container mashsb-main mashsb-stretched\"><div class=\"mashsb-box\"><div class=\"mashsb-buttons\"><a class=\"mashicon-facebook mash-small mash-center mashsb-noshadow mashsb-pure-icons\" href=\"https:\/\/www.facebook.com\/sharer.php?u=https%3A%2F%2Faataudio.com.br%2Fhome%2Fcaixas-de-embutir%2Flinha-ambiente-lounge%2Faat-q5-100al-bk-g2%2F\" target=\"_top\" rel=\"nofollow\"><span class=\"icon\"><\/span><span class=\"text\"><\/span><\/a><a class=\"mashicon-twitter mash-small mash-center mashsb-noshadow mashsb-pure-icons\" href=\"https:\/\/twitter.com\/intent\/tweet?text=&amp;url=https:\/\/aataudio.com.br\/home\/caixas-de-embutir\/linha-ambiente-lounge\/aat-q5-100al-bk-g2\/\" target=\"_top\" rel=\"nofollow\"><span class=\"icon\"><\/span><span class=\"text\"><\/span><\/a><a class=\"mashicon-whatsapp mash-small mash-center mashsb-noshadow mashsb-pure-icons\" href=\"\" target=\"_top\" rel=\"nofollow\"><span class=\"icon\"><\/span><span class=\"text\"><\/span><\/a><div class=\"onoffswitch2 mash-small mashsb-noshadow\" style=\"display:none\"><\/div><\/div><\/div>\n                    <div style=\"clear:both\"><\/div><div class=\"mashsb-toggle-container\"><\/div><\/aside>\n            <!-- Share buttons made by mashshare.net - Version: 4.0.47--><br \/>\n<a style=\"display: none;\" href=\"whatsapp:\/\/send?text=The text to share!\" data-action=\"share\/whatsapp\/share\">Share via Whatsapp<\/a>[\/vc_column_text][\/vc_column_inner][\/vc_row_inner][\/vc_column][\/vc_row][vc_row el_id=&#8221;tab-menu-produto&#8221;][vc_column][vc_row_inner][vc_column_inner][vc_btn title=&#8221;Descri\u00e7\u00e3o&#8221; shape=&#8221;square&#8221; link=&#8221;url:%23descricao|||rel:nofollow&#8221; el_class=&#8221;ancor-scroll&#8221;][vc_btn title=&#8221;Caracteristicas&#8221; shape=&#8221;square&#8221; link=&#8221;url:%23caracteristicas|||rel:nofollow&#8221; el_class=&#8221;ancor-scroll&#8221;][vc_btn title=&#8221;Especifica\u00e7\u00f5es&#8221; shape=&#8221;square&#8221; link=&#8221;url:%23especificacoes|||rel:nofollow&#8221; el_class=&#8221;ancor-scroll&#8221;][\/vc_column_inner][\/vc_row_inner][\/vc_column][\/vc_row][vc_row el_id=&#8221;descricao&#8221;][vc_column][vc_row_inner][vc_column_inner][vc_column_text]<\/p>\n<h3 class=\"info-page-title\">DESCRI\u00c7\u00c3O<\/h3>\n<p style=\"text-align: justify; text-justify: inter-ideograph; background: white; margin: 0cm 0cm 7.5pt 0cm;\"><span style=\"font-size: 10.5pt; font-family: Montserrat; color: #6b6b6b;\">Projetadas especialmente para uso no teto, as caixas ac\u00fasticas de embutir em formato quadrado da linha AAT Ambiente Lounge AAT Q5 G2 combinam discri\u00e7\u00e3o, eleg\u00e2ncia e elevada performance para instala\u00e7\u00f5es de home theater e som ambiente. No visual, a grande aposta \u00e9 o design clean ultramoderno, trazendo fixa\u00e7\u00e3o com \u00edm\u00e3 e nova tela totalmente sem borda, que que deixa as caixas praticamente invis\u00edveis no forro de gesso, como gostam os arquitetos e designers de interiores.<\/span><\/p>\n<p>[\/vc_column_text][\/vc_column_inner][\/vc_row_inner][\/vc_column][\/vc_row][vc_row el_id=&#8221;caracteristicas&#8221;][vc_column offset=&#8221;vc_col-lg-12 vc_col-sm-offset-0&#8243;][vc_row_inner][vc_column_inner][vc_column_text]<\/p>\n<h3 class=\"info-page-title\">CARACTER\u00cdSTICAS<\/h3>\n<p>Com vers\u00f5es nas cores branco ou preto e corte circular que facilita a instala\u00e7\u00e3o, a linha AAT Ambiente Lounge Q5 G2 \u00e9 composta por quatro caixas ac\u00fasticas de embutir, que oferecem tweeter coaxial de 1 \u00bc polegadas e woofer de 5 polegadas. Nos modelos AAT Q5-100KV G2, o woofer \u00e9 de Kevlar, material de sonoridade excepcional. J\u00e1 as caixas AAT Q5-100AL G2 apresentam woofer aluminizado de polipropileno (PP).[\/vc_column_text][\/vc_column_inner][\/vc_row_inner][\/vc_column][\/vc_row][vc_row el_id=&#8221;especificacoes&#8221;][vc_column][vc_row_inner][vc_column_inner][vc_column_text]<\/p>\n<h3 class=\"info-page-title\">ESPECIFICA\u00c7\u00d5ES<\/h3>\n<p>[\/vc_column_text][\/vc_column_inner][\/vc_row_inner][vc_column_text css=&#8221;&#8221;]<\/p>\n<div class=\"table-responsive\">\n<table class=\"table table-especificacoes\">\n<thead>\n<tr>\n<th><\/th>\n<th style=\"text-align: center;\"><img loading=\"lazy\" decoding=\"async\" class=\"aligncenter wp-image-12405\" src=\"https:\/\/aataudio.com.br\/wp-content\/uploads\/q5-100-al-wh-g2.jpg\" alt=\"\" width=\"187\" height=\"120\" srcset=\"https:\/\/aataudio.com.br\/wp-content\/uploads\/q5-100-al-wh-g2.jpg 560w, https:\/\/aataudio.com.br\/wp-content\/uploads\/q5-100-al-wh-g2-300x193.jpg 300w\" sizes=\"(max-width: 187px) 100vw, 187px\" \/><strong>AAT Q5-100AL-wh G2<\/strong><\/th>\n<th style=\"text-align: center;\"><img loading=\"lazy\" decoding=\"async\" class=\"wp-image-12468 aligncenter\" src=\"https:\/\/aataudio.com.br\/wp-content\/uploads\/q5-100al-bk-g2.jpg\" alt=\"\" width=\"187\" height=\"120\" srcset=\"https:\/\/aataudio.com.br\/wp-content\/uploads\/q5-100al-bk-g2.jpg 560w, https:\/\/aataudio.com.br\/wp-content\/uploads\/q5-100al-bk-g2-300x193.jpg 300w\" sizes=\"(max-width: 187px) 100vw, 187px\" \/><strong>AAT Q5-100AL-bk G2<\/strong><\/th>\n<p><!--<\/p>\n\n\n\n\n<th style=\"text-align: center;\"><img loading=\"lazy\" decoding=\"async\" class=\"wp-image-2970 size-full aligncenter\" src=\"https:\/\/aataudio.com.br\/wp-content\/uploads\/menu-icon-cxe-q6a-100-al.jpg\" alt=\"\" width=\"120\" height=\"120\" \/>aat q6-a100al<\/th>\n\n\n\n\n<p>--><\/p>\n<th style=\"text-align: center;\"><img loading=\"lazy\" decoding=\"async\" class=\"aligncenter wp-image-12475\" src=\"https:\/\/aataudio.com.br\/wp-content\/uploads\/q5-100kv-wh-g2.jpg\" alt=\"\" width=\"187\" height=\"120\" srcset=\"https:\/\/aataudio.com.br\/wp-content\/uploads\/q5-100kv-wh-g2.jpg 560w, https:\/\/aataudio.com.br\/wp-content\/uploads\/q5-100kv-wh-g2-300x193.jpg 300w\" sizes=\"(max-width: 187px) 100vw, 187px\" \/><strong>AAT Q5-100KV-WH G2<\/strong><\/th>\n<th style=\"text-align: center;\"><img loading=\"lazy\" decoding=\"async\" class=\"aligncenter wp-image-12481\" src=\"https:\/\/aataudio.com.br\/wp-content\/uploads\/q5-100kv-bk-g2.jpg\" alt=\"\" width=\"187\" height=\"120\" srcset=\"https:\/\/aataudio.com.br\/wp-content\/uploads\/q5-100kv-bk-g2.jpg 560w, https:\/\/aataudio.com.br\/wp-content\/uploads\/q5-100kv-bk-g2-300x193.jpg 300w\" sizes=\"(max-width: 187px) 100vw, 187px\" \/><strong>AAT Q5-100KV-BK G2<\/strong><\/th>\n<p><!--<\/p>\n\n\n\n\n<th style=\"text-align: center;\"><img loading=\"lazy\" decoding=\"async\" class=\"wp-image-2973 size-full aligncenter\" src=\"https:\/\/aataudio.com.br\/wp-content\/uploads\/menu-icon-cxe-q6a-100-kv.jpg\" alt=\"\" width=\"120\" height=\"120\" \/>aat q6-a100kv<\/th>\n\n\n\n\n<p>--><\/tr>\n<\/thead>\n<tbody>\n<tr class=\"table-first-row\">\n<th scope=\"row\">Resposta em frequ\u00eancia<\/th>\n<td class=\"table-info-value border-right\">55 &#8211; 25KHz<\/td>\n<td class=\"table-info-value border-right\">55 &#8211; 25KHz<\/td>\n<p><!--<\/p>\n\n\n\n\n<td class=\"table-info-value border-right\">55 - 25KHz<\/td>\n\n\n\n\n<p>--><\/p>\n<td class=\"table-info-value border-right\">45 \u2013 25KHz<\/td>\n<td class=\"table-info-value\">45 &#8211; 25KHz<\/td>\n<p><!--<\/p>\n\n\n\n\n<td class=\"table-info-value\">45 - 25KHz<\/td>\n\n\n\n\n<p>--><\/tr>\n<tr>\n<th style=\"white-space: normal;\" scope=\"row\">Sensibilidade (1W\/1m)<\/th>\n<td class=\"table-info-value border-right\">87dB<\/td>\n<td class=\"table-info-value border-right\">87dB<\/td>\n<p><!--<\/p>\n\n\n\n\n<td class=\"table-info-value border-right\">87dB<\/td>\n\n\n\n\n<p>--><\/p>\n<td class=\"table-info-value border-right\">87dB<\/td>\n<td class=\"table-info-value\">87dB<\/td>\n<p><!--<\/p>\n\n\n\n\n<td class=\"table-info-value\">87dB<\/td>\n\n\n\n\n<p>--><\/tr>\n<tr>\n<th scope=\"row\">Imped\u00e2ncia nominal<\/th>\n<td class=\"table-info-value border-right\">8 ohms<\/td>\n<td class=\"table-info-value border-right\">8 ohms<\/td>\n<p><!--<\/p>\n\n\n\n\n<td class=\"table-info-value border-right\">8 ohms<\/td>\n\n\n\n\n<p>--><\/p>\n<td class=\"table-info-value border-right\">8 ohms<\/td>\n<td class=\"table-info-value\">8 ohms<\/td>\n<p><!--<\/p>\n\n\n\n\n<td class=\"table-info-value\">8 ohms<\/td>\n\n\n\n\n<p>--><\/tr>\n<tr>\n<th scope=\"row\">Pot\u00eancia nominal<\/th>\n<td class=\"table-info-value border-right\">50W RMS<\/td>\n<td class=\"table-info-value border-right\">50W RMS<\/td>\n<p><!--<\/p>\n\n\n\n\n<td class=\"table-info-value border-right\">50W RMS<\/td>\n\n\n\n\n<p>--><\/p>\n<td class=\"table-info-value border-right\">50W RMS<\/td>\n<td class=\"table-info-value\">50W RMS<\/td>\n<p><!--<\/p>\n\n\n\n\n<td class=\"table-info-value\">50W RMS<\/td>\n\n\n\n\n<p>--><\/tr>\n<tr>\n<th scope=\"row\">Pot\u00eancia musical<\/th>\n<td class=\"table-info-value border-right\">100W m\u00e1ximo<\/td>\n<td class=\"table-info-value border-right\">100W m\u00e1ximo<\/td>\n<p><!--<\/p>\n\n\n\n\n<td class=\"table-info-value border-right\">100W m\u00e1ximo<\/td>\n\n\n\n\n<p>--><\/p>\n<td class=\"table-info-value border-right\">100W m\u00e1ximo<\/td>\n<td class=\"table-info-value\">100W m\u00e1ximo<\/td>\n<p><!--<\/p>\n\n\n\n\n<td class=\"table-info-value\">100W m\u00e1ximo<\/td>\n\n\n\n\n<p>--><\/tr>\n<tr>\n<th scope=\"row\">Amplificador recomendado<\/th>\n<td class=\"table-info-value border-right\">15 &#8211; 100W<\/td>\n<td class=\"table-info-value border-right\">15 &#8211; 100W<\/td>\n<p><!--<\/p>\n\n\n\n\n<td class=\"table-info-value border-right\">15 - 100W<\/td>\n\n\n\n\n<p>--><\/p>\n<td class=\"table-info-value border-right\">15 &#8211; 100W<\/td>\n<td class=\"table-info-value\">15 &#8211; 100W<\/td>\n<p><!--<\/p>\n\n\n\n\n<td class=\"table-info-value\">15 - 100W<\/td>\n\n\n\n\n<p>--><\/tr>\n<tr>\n<th scope=\"row\">Frequ\u00eancia do crossover<\/th>\n<td class=\"table-info-value border-right\">3 KHz<\/td>\n<td class=\"table-info-value border-right\">3 KHz<\/td>\n<p><!--<\/p>\n\n\n\n\n<td class=\"table-info-value border-right\">3 KHz<\/td>\n\n\n\n\n<p>--><\/p>\n<td class=\"table-info-value border-right\">3 KHz<\/td>\n<td class=\"table-info-value\">3 KHz<\/td>\n<p><!--<\/p>\n\n\n\n\n<td class=\"table-info-value\">3 KHz<\/td>\n\n\n\n\n<p>--><\/tr>\n<tr>\n<th scope=\"row\">Drivers<\/th>\n<td class=\"table-info-value border-right\">1 unidade: woofer de 5&#8243; com cone de PP com carga de mica aluminizado e tweeter coaxial de 1 \u00bc\u201d<\/td>\n<td class=\"table-info-value border-right\">1 unidade: woofer de 5&#8243; com cone de PP com carga de mica aluminizado e tweeter coaxial de 1 \u00bc&#8221;<\/td>\n<p><!--<\/p>\n\n\n\n\n<td class=\"table-info-value border-right\">1 unidade: woofer de 6\" com cone de PP com carga de mica aluminizado e tweeter coaxial de 1 \u00bc\"<\/td>\n\n\n\n\n<p>--><\/p>\n<td class=\"table-info-value border-right\">1 unidade: woofer de 5&#8243; com cone de kevlar com tweeter coaxial de 1 \u00bc&#8221;<\/td>\n<td class=\"table-info-value\">1 unidade: woofer de 5&#8243; com cone de kevlar com tweeter coaxial de 1 \u00bc&#8221;<\/td>\n<p><!--<\/p>\n\n\n\n\n<td class=\"table-info-value\">1 unidade: woofer de 6\" com cone de kevlar com tweeter coaxial de 1 \u00bc\"<\/td>\n\n\n\n\n<p>--><\/tr>\n<tr>\n<th scope=\"row\">Dimens\u00f5es (Di\u00e2metro x Profundidade)<\/th>\n<td class=\"table-info-value border-right\">180 x 85mm<\/td>\n<td class=\"table-info-value border-right\">180 x 85mm<\/td>\n<p><!--<\/p>\n\n\n\n\n<td class=\"table-info-value border-right\">243 x 243 x 100 mm<\/td>\n\n\n\n\n<p>--><\/p>\n<td class=\"table-info-value border-right\">180 x 85mm<\/td>\n<td class=\"table-info-value\">180 x 85mm<\/td>\n<p><!--<\/p>\n\n\n\n\n<td class=\"table-info-value\">243 x 243 x 100 mm<\/td>\n\n\n\n\n<p>--><\/tr>\n<tr>\n<th scope=\"row\">Peso<\/th>\n<td class=\"table-info-value border-right\">0.92 Kg<\/td>\n<td class=\"table-info-value border-right\">0.92 Kg<\/td>\n<p><!--<\/p>\n\n\n\n\n<td class=\"table-info-value border-right\">1.59 Kg<\/td>\n\n\n\n\n<p>--><\/p>\n<td class=\"table-info-value border-right\">0.92 Kg<\/td>\n<td class=\"table-info-value\">0.92 Kg<\/td>\n<p><!--<\/p>\n\n\n\n\n<td class=\"table-info-value\">1.59 Kg<\/td>\n\n\n\n\n<p>--><\/tr>\n<tr>\n<th scope=\"row\">Gabarito<\/th>\n<td class=\"table-info-value border-right\"><a class=\"btn btn-sm btn-default btn-download-gabarito\" href=\"https:\/\/aataudio.com.br\/wp-content\/uploads\/gabarito_Q5a_G3_-rev_00.pdf\">Baixar Gabarito<\/a><\/td>\n<td class=\"table-info-value border-right\"><a class=\"btn btn-sm btn-default btn-download-gabarito\" href=\"https:\/\/aataudio.com.br\/wp-content\/uploads\/gabarito_Q5a_G3_-rev_00.pdf\">Baixar Gabarito<\/a><\/td>\n<td class=\"table-info-value border-right\"><a class=\"btn btn-sm btn-default btn-download-gabarito\" href=\"https:\/\/aataudio.com.br\/wp-content\/uploads\/gabarito_Q5a_G3_-rev_00.pdf\">Baixar Gabarito<\/a><\/td>\n<td class=\"table-info-value\"><a class=\"btn btn-sm btn-default btn-download-gabarito\" href=\"https:\/\/aataudio.com.br\/wp-content\/uploads\/gabarito_Q5a_G3_-rev_00.pdf\">Baixar Gabarito<\/a><\/td>\n<\/tr>\n<\/tbody>\n<\/table>\n<\/div>\n<p>[\/vc_column_text][\/vc_column][\/vc_row][vc_row css=&#8221;.vc_custom_1618954067714{margin-top: 35px !important;}&#8221; el_id=&#8221;veja-tambem&#8221;][vc_column offset=&#8221;vc_hidden-xs&#8221;][vc_column_text]<\/p>\n<h3 class=\"info-page-title\">VEJA TAMB\u00c9M<\/h3>\n<p>[\/vc_column_text][vc_basic_grid post_type=&#8221;page&#8221; max_items=&#8221;-1&#8243; style=&#8221;pagination&#8221; items_per_page=&#8221;4&#8243; element_width=&#8221;3&#8243; gap=&#8221;20&#8243; orderby=&#8221;menu_order&#8221; order=&#8221;ASC&#8221; arrows_design=&#8221;vc_arrow-icon-arrow_07_left&#8221; arrows_position=&#8221;outside&#8221; arrows_color=&#8221;sky&#8221; paging_color=&#8221;sky&#8221; item=&#8221;184&#8243; initial_loading_animation=&#8221;none&#8221; grid_id=&#8221;vc_gid:1764688018528-2b2bebec960f9f7f760635edf18faa1d-9&#8243; taxonomies=&#8221;20&#8243; exclude=&#8221;12385&#8243;][\/vc_column][\/vc_row][vc_row css=&#8221;.vc_custom_1618954089137{margin-top: 35px !important;}&#8221; el_id=&#8221;veja-tambem-2&#8243;][vc_column offset=&#8221;vc_hidden-lg vc_hidden-md vc_hidden-sm&#8221;][vc_column_text]<\/p>\n<h3 class=\"info-page-title\">VEJA TAMB\u00c9M<\/h3>\n<p>[\/vc_column_text][vc_basic_grid post_type=&#8221;page&#8221; max_items=&#8221;-1&#8243; style=&#8221;pagination&#8221; items_per_page=&#8221;1&#8243; element_width=&#8221;12&#8243; gap=&#8221;20&#8243; orderby=&#8221;menu_order&#8221; order=&#8221;ASC&#8221; arrows_design=&#8221;vc_arrow-icon-arrow_07_left&#8221; arrows_position=&#8221;outside&#8221; arrows_color=&#8221;sky&#8221; paging_color=&#8221;sky&#8221; item=&#8221;184&#8243; initial_loading_animation=&#8221;none&#8221; grid_id=&#8221;vc_gid:1764688018559-a55f3e0a92d6646814f7f2c42b9186a1-3&#8243; taxonomies=&#8221;20&#8243; exclude=&#8221;12385&#8243;][\/vc_column][\/vc_row]<\/p>\n<\/div>","protected":false},"excerpt":{"rendered":"<p>[vc_row][vc_column][vc_row_inner][vc_column_inner][vc_raw_html css=&#8221;&#8221;]JTNDZGl2JTIwY2xhc3MlM0QlMjJlYXN5em9vbSUyMGVhc3l6b29tLS13aXRoLXRodW1ibmFpbHMlMjIlM0UlMEElMjAlMjAlMjAlM0NhJTIwaHJlZiUzRCUyMmh0dHBzJTNBJTJGJTJGYWF0YXVkaW8uY29tLmJyJTJGd3AtY29udGVudCUyRnVwbG9hZHMlMkZBQVRfUTUtMTAwQUxfQktfRzJfLmpwZyUyMiUyMGNsYXNzJTNEJTIyem9vbS1tYXN0ZXIlMjIlM0UlMEElMjAlMjAlMjAlM0NpbWclMjBzcmMlM0QlMjJodHRwcyUzQSUyRiUyRmFhdGF1ZGlvLmNvbS5iciUyRndwLWNvbnRlbnQlMkZ1cGxvYWRzJTJGQUFUX1E1LTEwMEFMX0JLX0cyXy5qcGclMjIlMjBhbHQlM0QlMjJhYy0xJTIyJTNFJTBBJTIwJTIwJTIwJTNDJTJGYSUzRSUwQSUyMCUyMCUyMCUzQ2RpdiUyMGNsYXNzJTNEJTIyZWFzeXpvb20tZmx5b3V0JTIyJTNFJTNDJTJGZGl2JTNFJTBBJTNDJTJGZGl2JTNFJTBBJTNDdWwlMjBjbGFzcyUzRCUyMnRodW1ibmFpbHMlMjIlM0UlMEElMjAlMjAlMjAlM0NsaSUzRSUwQSUyMCUyMCUyMCUyMCUyMCUyMCUzQ2ElMjBocmVmJTNEJTIyaHR0cHMlM0ElMkYlMkZhYXRhdWRpby5jb20uYnIlMkZ3cC1jb250ZW50JTJGdXBsb2FkcyUyRkFBVF9RNS0xMDBBTF9CS19HMl8uanBnJTIyJTIwZGF0YS1zdGFuZGFyZCUzRCUyMmh0dHBzJTNBJTJGJTJGYWF0YXVkaW8uY29tLmJyJTJGd3AtY29udGVudCUyRnVwbG9hZHMlMkZBQVRfUTUtMTAwQUxfQktfRzJfLmpwZyUyMiUzRSUwQSUyMCUyMCUyMCUyMCUyMCUyMCUzQ2ltZyUyMHNyYyUzRCUyMmh0dHBzJTNBJTJGJTJGYWF0YXVkaW8uY29tLmJyJTJGd3AtY29udGVudCUyRnVwbG9hZHMlMkZBQVRfUTUtMTAwQUxfQktfRzJfLmpwZyUyMiUyMGFsdCUzRCUyMmFjLTElMjIlM0UlMEElMjAlMjAlMjAlMjAlMjAlMjAlM0MlMkZhJTNFJTBBJTIwJTIwJTIwJTNDJTJGbGklM0UlMEElMjAlMjAlMjAlM0NsaSUzRSUwQSUyMCUyMCUyMCUyMCUyMCUyMCUzQ2ElMjBocmVmJTNEJTIyaHR0cHMlM0ElMkYlMkZhYXRhdWRpby5jb20uYnIlMkZ3cC1jb250ZW50JTJGdXBsb2FkcyUyRmJhbm5lci16b29tLXE1LTEwMGFsLWJrLWcyLTEuanBnJTIyJTIwZGF0YS1zdGFuZGFyZCUzRCUyMmh0dHBzJTNBJTJGJTJGYWF0YXVkaW8uY29tLmJyJTJGd3AtY29udGVudCUyRnVwbG9hZHMlMkZiYW5uZXItem9vbS1xNS0xMDBhbC1iay1nMi0xLmpwZyUyMiUzRSUwQSUyMCUyMCUyMCUyMCUyMCUyMCUzQ2ltZyUyMHNyYyUzRCUyMmh0dHBzJTNBJTJGJTJGYWF0YXVkaW8uY29tLmJyJTJGd3AtY29udGVudCUyRnVwbG9hZHMlMkZiYW5uZXItem9vbS1xNS0xMDBhbC1iay1nMi0xLmpwZyUyMiUyMGFsdCUzRCUyMmFjLTIlMjIlM0UlMEElMjAlMjAlMjAlMjAlMjAlMjAlM0MlMkZhJTNFJTBBJTIwJTIwJTIwJTNDJTJGbGklM0UlMEElMjAlMjAlMjAlM0NsaSUzRSUwQSUyMCUyMCUyMCUyMCUyMCUyMCUzQ2ElMjBocmVmJTNEJTIyaHR0cHMlM0ElMkYlMkZhYXRhdWRpby5jb20uYnIlMkZ3cC1jb250ZW50JTJGdXBsb2FkcyUyRmJhbm5lci16b29tLXE1LTEwMGFsLWJrLWcyLTIuanBnJTIyJTIwZGF0YS1zdGFuZGFyZCUzRCUyMmh0dHBzJTNBJTJGJTJGYWF0YXVkaW8uY29tLmJyJTJGd3AtY29udGVudCUyRnVwbG9hZHMlMkZiYW5uZXItem9vbS1xNS0xMDBhbC1iay1nMi0yLmpwZyUyMiUzRSUwQSUyMCUyMCUyMCUyMCUyMCUyMCUzQ2ltZyUyMHNyYyUzRCUyMmh0dHBzJTNBJTJGJTJGYWF0YXVkaW8uY29tLmJyJTJGd3AtY29udGVudCUyRnVwbG9hZHMlMkZiYW5uZXItem9vbS1xNS0xMDBhbC1iay1nMi0yLmpwZyUyMiUyMGFsdCUzRCUyMmFjLTIlMjIlM0UlMEElMjAlMjAlMjAlMjAlMjAlMjAlM0MlMkZhJTNFJTBBJTIwJTIwJTIwJTNDJTJGbGklM0UlMEElMjAlMjAlMjAlM0NsaSUzRSUwQSUyMCUyMCUyMCUyMCUyMCUyMCUzQ2ElMjBocmVmJTNEJTIyaHR0cHMlM0ElMkYlMkZhYXRhdWRpby5jb20uYnIlMkZ3cC1jb250ZW50JTJGdXBsb2FkcyUyRmJhbm5lci16b29tLXE1LTEwMGFsLWJrLWcyLTMuanBnJTIyJTIwZGF0YS1zdGFuZGFyZCUzRCUyMmh0dHBzJTNBJTJGJTJGYWF0YXVkaW8uY29tLmJyJTJGd3AtY29udGVudCUyRnVwbG9hZHMlMkZiYW5uZXItem9vbS1xNS0xMDBhbC1iay1nMi0zLmpwZyUyMiUzRSUwQSUyMCUyMCUyMCUyMCUyMCUyMCUzQ2ltZyUyMHNyYyUzRCUyMmh0dHBzJTNBJTJGJTJGYWF0YXVkaW8uY29tLmJyJTJGd3AtY29udGVudCUyRnVwbG9hZHMlMkZiYW5uZXItem9vbS1xNS0xMDBhbC1iay1nMi0zLmpwZyUyMiUyMGFsdCUzRCUyMmFjLTIlMjIlM0UlMEElMjAlMjAlMjAlMjAlMjAlMjAlM0MlMkZhJTNFJTBBJTIwJTIwJTIwJTNDJTJGbGklM0UlMEElMjAlMjAlMjAlM0NsaSUzRSUwQSUyMCUyMCUyMCUyMCUyMCUyMCUzQ2ElMjBocmVmJTNEJTIyaHR0cHMlM0ElMkYlMkZhYXRhdWRpby5jb20uYnIlMkZ3cC1jb250ZW50JTJGdXBsb2FkcyUyRmJhbm5lci16b29tLXE1LTEwMGFsLWJrLWcyLTQuanBnJTIyJTIwZGF0YS1zdGFuZGFyZCUzRCUyMmh0dHBzJTNBJTJGJTJGYWF0YXVkaW8uY29tLmJyJTJGd3AtY29udGVudCUyRnVwbG9hZHMlMkZiYW5uZXItem9vbS1xNS0xMDBhbC1iay1nMi00LmpwZyUyMiUzRSUwQSUyMCUyMCUyMCUyMCUyMCUyMCUzQ2ltZyUyMHNyYyUzRCUyMmh0dHBzJTNBJTJGJTJGYWF0YXVkaW8uY29tLmJyJTJGd3AtY29udGVudCUyRnVwbG9hZHMlMkZiYW5uZXItem9vbS1xNS0xMDBhbC1iay1nMi00LmpwZyUyMiUyMGFsdCUzRCUyMmFjLTIlMjIlM0UlMEElMjAlMjAlMjAlMjAlMjAlMjAlM0MlMkZhJTNFJTBBJTIwJTIwJTIwJTNDJTJGbGklM0UlMEElM0MlMkZ1bCUzRQ==[\/vc_raw_html][\/vc_column_inner][\/vc_row_inner][vc_row_inner][vc_column_inner width=&#8221;1\/2&#8243;][\/vc_column_inner][vc_column_inner width=&#8221;1\/2&#8243;][vc_column_text] Share via Whatsapp[\/vc_column_text][\/vc_column_inner][\/vc_row_inner][\/vc_column][\/vc_row][vc_row el_id=&#8221;tab-menu-produto&#8221;][vc_column][vc_row_inner][vc_column_inner][vc_btn title=&#8221;Descri\u00e7\u00e3o&#8221; shape=&#8221;square&#8221; link=&#8221;url:%23descricao|||rel:nofollow&#8221; el_class=&#8221;ancor-scroll&#8221;][vc_btn title=&#8221;Caracteristicas&#8221; shape=&#8221;square&#8221; link=&#8221;url:%23caracteristicas|||rel:nofollow&#8221; el_class=&#8221;ancor-scroll&#8221;][vc_btn title=&#8221;Especifica\u00e7\u00f5es&#8221; shape=&#8221;square&#8221; link=&#8221;url:%23especificacoes|||rel:nofollow&#8221; el_class=&#8221;ancor-scroll&#8221;][\/vc_column_inner][\/vc_row_inner][\/vc_column][\/vc_row][vc_row el_id=&#8221;descricao&#8221;][vc_column][vc_row_inner][vc_column_inner][vc_column_text] DESCRI\u00c7\u00c3O Projetadas especialmente para uso no teto, as caixas ac\u00fasticas de embutir em formato quadrado da linha AAT Ambiente Lounge AAT Q5 G2 combinam discri\u00e7\u00e3o, eleg\u00e2ncia e elevada performance para instala\u00e7\u00f5es de home theater [&hellip;]<\/p>\n","protected":false},"author":5,"featured_media":12468,"parent":742,"menu_order":6,"comment_status":"closed","ping_status":"closed","template":"page-fullwidth.php","meta":{"footnotes":""},"class_list":["post-12385","page","type-page","status-publish","has-post-thumbnail","hentry"],"_links":{"self":[{"href":"https:\/\/aataudio.com.br\/home\/wp-json\/wp\/v2\/pages\/12385"}],"collection":[{"href":"https:\/\/aataudio.com.br\/home\/wp-json\/wp\/v2\/pages"}],"about":[{"href":"https:\/\/aataudio.com.br\/home\/wp-json\/wp\/v2\/types\/page"}],"author":[{"embeddable":true,"href":"https:\/\/aataudio.com.br\/home\/wp-json\/wp\/v2\/users\/5"}],"replies":[{"embeddable":true,"href":"https:\/\/aataudio.com.br\/home\/wp-json\/wp\/v2\/comments?post=12385"}],"version-history":[{"count":15,"href":"https:\/\/aataudio.com.br\/home\/wp-json\/wp\/v2\/pages\/12385\/revisions"}],"predecessor-version":[{"id":15956,"href":"https:\/\/aataudio.com.br\/home\/wp-json\/wp\/v2\/pages\/12385\/revisions\/15956"}],"up":[{"embeddable":true,"href":"https:\/\/aataudio.com.br\/home\/wp-json\/wp\/v2\/pages\/742"}],"wp:featuredmedia":[{"embeddable":true,"href":"https:\/\/aataudio.com.br\/home\/wp-json\/wp\/v2\/media\/12468"}],"wp:attachment":[{"href":"https:\/\/aataudio.com.br\/home\/wp-json\/wp\/v2\/media?parent=12385"}],"curies":[{"name":"wp","href":"https:\/\/api.w.org\/{rel}","templated":true}]}}