{"id":12266,"date":"2025-04-04T10:59:26","date_gmt":"2025-04-04T13:59:26","guid":{"rendered":"https:\/\/aataudio.com.br\/?page_id=12266"},"modified":"2025-04-29T11:16:20","modified_gmt":"2025-04-29T14:16:20","slug":"pm-1-g2","status":"publish","type":"page","link":"https:\/\/aataudio.com.br\/home\/amplificadores\/amplificadores-de-potencia\/pm-1-g2\/","title":{"rendered":"AAT PM-1 G2"},"content":{"rendered":"<div class=\"wpb-content-wrapper\"><p>[vc_row][vc_column][vc_row_inner][vc_column_inner][vc_raw_html css=&#8221;&#8221;]JTNDZGl2JTIwY2xhc3MlM0QlMjJlYXN5em9vbSUyMGVhc3l6b29tLS13aXRoLXRodW1ibmFpbHMlMjIlM0UlMEElMjAlMjAlMjAlM0NhJTIwaHJlZiUzRCUyMmh0dHBzJTNBJTJGJTJGYWF0YXVkaW8uY29tLmJyJTJGd3AtY29udGVudCUyRnVwbG9hZHMlMkZiYW5uZXItem9vbS1wbWkxLWcyLTIuanBnJTIyJTIwY2xhc3MlM0QlMjJ6b29tLW1hc3RlciUyMiUzRSUwQSUyMCUyMCUyMCUzQ2ltZyUyMHNyYyUzRCUyMmh0dHBzJTNBJTJGJTJGYWF0YXVkaW8uY29tLmJyJTJGd3AtY29udGVudCUyRnVwbG9hZHMlMkZiYW5uZXItem9vbS1wbWkxLWcyLTIuanBnJTIyJTIwYWx0JTNEJTIycG0tMSUyMiUzRSUwQSUyMCUyMCUyMCUzQyUyRmElM0UlMEElMjAlMjAlMjAlM0NkaXYlMjBjbGFzcyUzRCUyMmVhc3l6b29tLWZseW91dCUyMiUzRSUzQyUyRmRpdiUzRSUwQSUzQyUyRmRpdiUzRSUwQSUzQ3VsJTIwY2xhc3MlM0QlMjJ0aHVtYm5haWxzJTIyJTNFJTBBJTIwJTIwJTIwJTNDbGklM0UlMEElMjAlMjAlMjAlMjAlMjAlMjAlM0NhJTIwaHJlZiUzRCUyMmh0dHBzJTNBJTJGJTJGYWF0YXVkaW8uY29tLmJyJTJGd3AtY29udGVudCUyRnVwbG9hZHMlMkZiYW5uZXItem9vbS1wbWkxLWcyLTIuanBnJTIyJTIwZGF0YS1zdGFuZGFyZCUzRCUyMmh0dHBzJTNBJTJGJTJGYWF0YXVkaW8uY29tLmJyJTJGd3AtY29udGVudCUyRnVwbG9hZHMlMkZiYW5uZXItem9vbS1wbWkxLWcyLTIuanBnJTIyJTNFJTBBJTIwJTIwJTIwJTIwJTIwJTIwJTNDaW1nJTIwc3JjJTNEJTIyaHR0cHMlM0ElMkYlMkZhYXRhdWRpby5jb20uYnIlMkZ3cC1jb250ZW50JTJGdXBsb2FkcyUyRmJhbm5lci16b29tLXBtaTEtZzItMi5qcGclMjIlMjBhbHQlM0QlMjJwbS0xJTIyJTNFJTBBJTIwJTIwJTIwJTIwJTIwJTIwJTNDJTJGYSUzRSUwQSUyMCUyMCUyMCUzQyUyRmxpJTNFJTBBJTIwJTIwJTIwJTNDbGklM0UlMEElMjAlMjAlMjAlMjAlMjAlMjAlM0NhJTIwaHJlZiUzRCUyMmh0dHBzJTNBJTJGJTJGYWF0YXVkaW8uY29tLmJyJTJGd3AtY29udGVudCUyRnVwbG9hZHMlMkZiYW5uZXItem9vbS1wbWkxLWcyLTEuanBnJTIyJTIwZGF0YS1zdGFuZGFyZCUzRCUyMmh0dHBzJTNBJTJGJTJGYWF0YXVkaW8uY29tLmJyJTJGd3AtY29udGVudCUyRnVwbG9hZHMlMkZiYW5uZXItem9vbS1wbWkxLWcyLTEuanBnJTIyJTNFJTBBJTIwJTIwJTIwJTIwJTIwJTIwJTNDaW1nJTIwc3JjJTNEJTIyaHR0cHMlM0ElMkYlMkZhYXRhdWRpby5jb20uYnIlMkZ3cC1jb250ZW50JTJGdXBsb2FkcyUyRmJhbm5lci16b29tLXBtaTEtZzItMS5qcGclMjIlMjBhbHQlM0QlMjJwbS0xJTIyJTNFJTBBJTIwJTIwJTIwJTIwJTIwJTIwJTNDJTJGYSUzRSUwQSUyMCUyMCUyMCUzQyUyRmxpJTNFJTBBJTIwJTIwJTIwJTNDbGklM0UlMEElMjAlMjAlMjAlMjAlMjAlMjAlM0NhJTIwaHJlZiUzRCUyMmh0dHBzJTNBJTJGJTJGYWF0YXVkaW8uY29tLmJyJTJGd3AtY29udGVudCUyRnVwbG9hZHMlMkZiYW5uZXItem9vbS1wbWkxLWcyLTMuanBnJTIyJTIwZGF0YS1zdGFuZGFyZCUzRCUyMmh0dHBzJTNBJTJGJTJGYWF0YXVkaW8uY29tLmJyJTJGd3AtY29udGVudCUyRnVwbG9hZHMlMkZiYW5uZXItem9vbS1wbWkxLWcyLTMuanBnJTIyJTNFJTBBJTIwJTIwJTIwJTIwJTIwJTIwJTNDaW1nJTIwc3JjJTNEJTIyaHR0cHMlM0ElMkYlMkZhYXRhdWRpby5jb20uYnIlMkZ3cC1jb250ZW50JTJGdXBsb2FkcyUyRmJhbm5lci16b29tLXBtaTEtZzItMy5qcGclMjIlMjBhbHQlM0QlMjJwbS0xJTIyJTNFJTBBJTIwJTIwJTIwJTIwJTIwJTIwJTNDJTJGYSUzRSUwQSUyMCUyMCUyMCUzQyUyRmxpJTNFJTBBJTNDJTJGdWwlM0U=[\/vc_raw_html][\/vc_column_inner][\/vc_row_inner][vc_row_inner][vc_column_inner width=&#8221;1\/2&#8243;][\/vc_column_inner][vc_column_inner width=&#8221;1\/2&#8243;][vc_column_text]<aside class=\"mashsb-container mashsb-main mashsb-stretched\"><div class=\"mashsb-box\"><div class=\"mashsb-buttons\"><a class=\"mashicon-facebook mash-small mash-center mashsb-noshadow mashsb-pure-icons\" href=\"https:\/\/www.facebook.com\/sharer.php?u=https%3A%2F%2Faataudio.com.br%2Fhome%2Famplificadores%2Famplificadores-de-potencia%2Fpm-1-g2%2F\" target=\"_top\" rel=\"nofollow\"><span class=\"icon\"><\/span><span class=\"text\"><\/span><\/a><a class=\"mashicon-twitter mash-small mash-center mashsb-noshadow mashsb-pure-icons\" href=\"https:\/\/twitter.com\/intent\/tweet?text=&amp;url=https:\/\/aataudio.com.br\/home\/amplificadores\/amplificadores-de-potencia\/pm-1-g2\/\" target=\"_top\" rel=\"nofollow\"><span class=\"icon\"><\/span><span class=\"text\"><\/span><\/a><a class=\"mashicon-whatsapp mash-small mash-center mashsb-noshadow mashsb-pure-icons\" href=\"\" target=\"_top\" rel=\"nofollow\"><span class=\"icon\"><\/span><span class=\"text\"><\/span><\/a><div class=\"onoffswitch2 mash-small mashsb-noshadow\" style=\"display:none\"><\/div><\/div><\/div>\n                    <div style=\"clear:both\"><\/div><div class=\"mashsb-toggle-container\"><\/div><\/aside>\n            <!-- Share buttons made by mashshare.net - Version: 4.0.47--><br \/>\n<a style=\"display: none;\" href=\"whatsapp:\/\/send?text=The text to share!\" data-action=\"share\/whatsapp\/share\">Share via Whatsapp<\/a>[\/vc_column_text][\/vc_column_inner][\/vc_row_inner][\/vc_column][\/vc_row][vc_row el_id=&#8221;tab-menu-produto&#8221;][vc_column][vc_row_inner][vc_column_inner][vc_btn title=&#8221;Descri\u00e7\u00e3o&#8221; shape=&#8221;square&#8221; link=&#8221;url:%23descricao|||rel:nofollow&#8221; el_class=&#8221;ancor-scroll&#8221;][vc_btn title=&#8221;Caracteristicas&#8221; shape=&#8221;square&#8221; link=&#8221;url:%23caracteristicas|||rel:nofollow&#8221; el_class=&#8221;ancor-scroll&#8221;][vc_btn title=&#8221;Especifica\u00e7\u00f5es&#8221; shape=&#8221;square&#8221; link=&#8221;url:%23especificacoes|||rel:nofollow&#8221; el_class=&#8221;ancor-scroll&#8221;][\/vc_column_inner][\/vc_row_inner][\/vc_column][\/vc_row][vc_row el_id=&#8221;descricao&#8221;][vc_column][vc_row_inner][vc_column_inner][vc_column_text]<\/p>\n<h3><strong>DESCRI\u00c7\u00c3O<\/strong><\/h3>\n<div id=\"container\">\n<div id=\"informacoes-tecnicas\">\n<div class=\"boxBody\">\n<div id=\"especificacoes\" class=\"show aba\">\n<p>Com dois e quatro canais e design slim, os amplificadores de Segunda Gera\u00e7\u00e3o AAT PM-1 G2 e PM-4 G2 est\u00e3o ainda melhores.\u00a0 Os produtos trazem novo amplificador classe AB de alta performance, proporcionando maior pot\u00eancia e melhor qualidade de amplifica\u00e7\u00e3o. Agora, s\u00e3o 360W RMS de pot\u00eancia m\u00e1xima (2x180W RMS) no AAT PM-1 G2 e 720W RMS (4x180W RMS) no AAT PM-4 G2.<\/p>\n<p>Montados em um gabinete com altura de 1.5 unidades rack (1.5U), os amplificadores apresentam excelente performance tanto subjetiva (avaliada em testes auditivos) como em bancada (avaliada por meio de medi\u00e7\u00f5es el\u00e9tricas), aliada a um custo bem atraente. Essas caracter\u00edsticas tornam os produtos indicados para as mais diversas aplica\u00e7\u00f5es em projetos residenciais e corporativos. Podem assumir o papel de amplificador de pot\u00eancia para uma segunda zona de \u00e1udio, som ambiente, sistemas est\u00e9reo de alta qualidade e sistemas de home theater.<\/p>\n<p>A conectividade e flexibilidade do produto tamb\u00e9m resultam em v\u00e1rios avan\u00e7os em rela\u00e7\u00e3o \u00e0s vers\u00f5es anteriores. Entre os destaques, est\u00e3o a conex\u00e3o Loop Out, que permite ligar outros amplificadores ao sistema, e a possibilidade de escolher entre os modos Est\u00e9reo, Mono (paralelo) ou Bridge, deixando a instala\u00e7\u00e3o mais flex\u00edvel. No caso do AAT PM-4 G2, \u00e9 poss\u00edvel ter um canal em Bridge (mono) e dois em est\u00e9reo, formando um amplificador 2.1, por exemplo. D\u00e1 ainda para alterar o modo de liga\u00e7\u00e3o dos amplificadores entre ALWAYS ON (sempre ligados), AUTO ON (ligados pelo sinal de \u00e1udio e desligados automaticamente ap\u00f3s cinco minutos sem sinal) e TRIGGER IN (acionados por automa\u00e7\u00e3o).<\/p><\/div>\n<\/div>\n<\/div>\n<\/div>\n<p>[\/vc_column_text][\/vc_column_inner][\/vc_row_inner][\/vc_column][\/vc_row][vc_row el_id=&#8221;caracteristicas&#8221;][vc_column offset=&#8221;vc_col-lg-12 vc_col-sm-offset-0&#8243;][vc_row_inner][vc_column_inner][vc_column_text]<\/p>\n<h3><strong>CARACTER\u00cdSTICAS<\/strong><\/h3>\n<div>\n<div>\n<p>&#8211; \u00a0Amplificadores de pot\u00eancia em classe AB com tecnologia bipolar 100% discreta para a melhor qualidade de \u00e1udio poss\u00edvel;<\/p>\n<p>&#8211; \u00a0Conex\u00e3o Audio In: entrada de sinal do tipo RCA (desbalanceada), que permite a liga\u00e7\u00e3o de sinais em n\u00edvel de linha (ao redor de 1V);<\/p>\n<p>&#8211; \u00a0Conex\u00e3o Loop Out: sa\u00edda de sinal do tipo RCA (desbalanceada), que permite ligar outros amplificadores em n\u00edvel de linha (ao redor de 1V);<\/p>\n<p>&#8211; \u00a0Chave Est\u00e9reo\/Mono (paralelo)\/Bridge: permite a altera\u00e7\u00e3o do modo de opera\u00e7\u00e3o entre canais individuais, em Bridge e paralelo, que \u00e9 a conex\u00e3o mono com entrada pelo canal R e conex\u00e3o mono autom\u00e1tica e imediata para o canal L;<\/p>\n<p>&#8211; \u00a0Chave MODE: permite alterar o modo de liga\u00e7\u00e3o dos produtos entre ALWAYS ON, AUTO ON, TRIGGER IN. ALWAYS ON deixa os amplificadores sempre ligados; AUTO ON, ligados pelo sinal de \u00e1udio; e TRIGGER IN, acionados pela entrada TRIGGER via sistemas de automa\u00e7\u00e3o. No modo AUTO ON, os produtos ficam ligados ao menos cinco minutos quando n\u00e3o h\u00e1 sinal;<\/p>\n<p>&#8211; \u00a0Conex\u00e3o Trigger OUT: conex\u00e3o que repete o status dos amplificadores, se ligados ou desligados;<\/p>\n<p>&#8211; \u00a0Conex\u00e3o Trigger IN: conex\u00e3o para ligar os produtos por meio de uma tens\u00e3o de 12V, proveniente de central de automa\u00e7\u00e3o ou receiver. Polaridade: pino central (+), externo (-);<\/p>\n<p>&#8211; \u00a0Conex\u00e3o dos alto-falantes: aceita cabos para conex\u00e3o de caixa ac\u00fastica. A imped\u00e2ncia m\u00ednima \u00e9 de 4 ohms, sendo que, no modo Bridge, a imped\u00e2ncia m\u00ednima \u00e9 de 8 ohms. Aten\u00e7\u00e3o deve ser dada \u00e0 correta polaridade da conex\u00e3o de caixas ac\u00fasticas;<\/p>\n<p>&#8211; \u00a0Chave de Ground Lift com tr\u00eas posi\u00e7\u00f5es, que permite m\u00ednimo ru\u00eddo \u201chum\u201d causado por eventuais loops de terra na liga\u00e7\u00e3o dos produtos. Caso necess\u00e1rio, escolha a posi\u00e7\u00e3o que proporciona o menor ru\u00eddo. No meio da chave, \u00e9 a op\u00e7\u00e3o OFF; com a alavanca para cima, o acoplamento \u00e9 AC; com a alavanca para baixo, o acoplamento \u00e9 DC;<\/p>\n<p>&#8211; \u00a0Conector de entrada de rede CA do tipo tripolar 2P+T) para liga\u00e7\u00e3o \u00e0 rede el\u00e9trica. Com pino de terra, recomend\u00e1vel que a instala\u00e7\u00e3o possua aterramento;<\/p>\n<p>&#8211; \u00a0Prote\u00e7\u00e3o contra curto-circuito e sobrecorrente na sa\u00edda, subtens\u00e3o, sobretens\u00e3o e t\u00e9rmica;<\/p>\n<p>&#8211; \u00a0Atraso na liga\u00e7\u00e3o (turn-on delay) para evitar ru\u00eddos (plops) durante a liga\u00e7\u00e3o dos amplificadores;<\/p>\n<p>&#8211; \u00a0Dissipa\u00e7\u00e3o natural de calor sem ventoinhas para opera\u00e7\u00e3o silenciosa;<\/p>\n<p>&#8211; \u00a0Orelhas dispon\u00edveis para fixa\u00e7\u00e3o em rack. Consulte a AAT.<\/p><\/div>\n<\/div>\n<p>[\/vc_column_text][\/vc_column_inner][\/vc_row_inner][\/vc_column][\/vc_row][vc_row el_id=&#8221;especificacoes&#8221;][vc_column][vc_row_inner][vc_column_inner][vc_column_text]<\/p>\n<h3><strong>ESPECIFICA\u00c7\u00d5ES<\/strong><\/h3>\n<p>[\/vc_column_text][\/vc_column_inner][\/vc_row_inner][vc_column_text]<\/p>\n<div class=\"table-responsive\">\n<table class=\"table table-especificacoes\">\n<thead>\n<tr>\n<th><\/th>\n<th style=\"text-align: center;\"><img loading=\"lazy\" decoding=\"async\" class=\"wp-image-12279 size-full aligncenter\" src=\"https:\/\/aataudio.com.br\/wp-content\/uploads\/menu-icon-pm-1-g2.jpg\" alt=\"\" width=\"120\" height=\"120\" \/>pm-1 g2<\/th>\n<th style=\"text-align: center;\"><img loading=\"lazy\" decoding=\"async\" class=\"wp-image-12279 size-full aligncenter\" src=\"https:\/\/aataudio.com.br\/wp-content\/uploads\/menu-icon-pm-1-g2.jpg\" alt=\"\" width=\"120\" height=\"120\" \/>pm-4 g2<\/th>\n<\/tr>\n<\/thead>\n<tbody>\n<tr class=\"table-first-row\">\n<th scope=\"row\"><strong>Pot\u00eancia RMS cont\u00ednua NBR IEC 60268-3 CONT\u00cdNUA, medida a 120 VAC de rede<\/strong><\/th>\n<td class=\"table-info-value border-right\">&#8211; 4 ohms: 180W (90Wx2)<br \/>\n&#8211; 8 ohms: 140W (70Wx2)<\/td>\n<td class=\"table-info-value\">&#8211; 4 ohms: 360W (90Wx4)<br \/>\n&#8211; 8 ohms: 280W (70Wx4)<\/td>\n<\/tr>\n<tr>\n<th scope=\"row\"><strong>Pot\u00eancia RMS m\u00e1xima, medida a 120 VAC de rede<\/strong><\/th>\n<td class=\"table-info-value border-right\">&#8211; 4 ohms: 360W (180Wx2)<br \/>\n&#8211; 8 ohms 280W (140Wx2)<\/td>\n<td class=\"table-info-value\">&#8211; 4 ohms: 720W (180Wx4)<br \/>\n&#8211; 8 ohms: 560W (140Wx4)<\/td>\n<\/tr>\n<tr>\n<th scope=\"row\">Distor\u00e7\u00e3o harm\u00f4nica + ru\u00eddo (THD+N)<\/th>\n<td class=\"table-info-value border-right\">&#8211; 50W RMS e 4 ohms: 0.03%<br \/>\n&#8211; tipicamente: &gt;0.01%<\/td>\n<td class=\"table-info-value\">&#8211; 50W RMS e 4 ohms: 0.03%<br \/>\n&#8211; tipicamente: &gt;0.01%<\/td>\n<\/tr>\n<tr>\n<th scope=\"row\">Resposta em frequ\u00eancia<\/th>\n<td class=\"table-info-value border-right\">&#8211; 0.2 dB<\/td>\n<td class=\"table-info-value\">&#8211; 0.2 dB<\/td>\n<\/tr>\n<tr>\n<th scope=\"row\">Rela\u00e7\u00e3o Sinal-Ru\u00eddo (ref. Pmax)<\/th>\n<td class=\"table-info-value border-right\">&gt; 95dB (unweighted) \/ &gt; 105dB (weighted)<\/td>\n<td class=\"table-info-value\">&gt; 95dB (unweighted) \/ &gt; 105dB (weighted)<\/td>\n<\/tr>\n<tr>\n<th scope=\"row\">Sensibilidade para pot\u00eancia m\u00e1xima<\/th>\n<td class=\"table-info-value border-right\">0,75 VRMS<\/td>\n<td class=\"table-info-value\">0,75 VRMS<\/td>\n<\/tr>\n<tr>\n<th scope=\"row\">Capacidade m\u00e1xima de corrente de um canal do amplificador<\/th>\n<td class=\"table-info-value border-right\">15 A<\/td>\n<td class=\"table-info-value\">15 A<\/td>\n<\/tr>\n<tr>\n<th scope=\"row\">Fator de amortecimento<\/th>\n<td class=\"table-info-value border-right\">400 a 20Hz<\/td>\n<td class=\"table-info-value\">400 a 20Hz<\/td>\n<\/tr>\n<tr>\n<th scope=\"row\">Slew rate<\/th>\n<td class=\"table-info-value border-right\">45V\/usec<\/td>\n<td class=\"table-info-value\">45V\/usec<\/td>\n<\/tr>\n<tr>\n<th scope=\"row\">Separa\u00e7\u00e3o entre canais<\/th>\n<td class=\"table-info-value border-right\">75 dB (1KHz)<\/td>\n<td class=\"table-info-value\">75 dB (1KHz)<\/td>\n<\/tr>\n<tr>\n<th scope=\"row\">Imped\u00e2ncia de entrada<\/th>\n<td class=\"table-info-value border-right\">10 Kohms<\/td>\n<td class=\"table-info-value\">10 Kohms<\/td>\n<\/tr>\n<tr>\n<th scope=\"row\">Consumo m\u00e1ximo<\/th>\n<td class=\"table-info-value border-right\">330W<\/td>\n<td class=\"table-info-value\">660W<\/td>\n<\/tr>\n<tr>\n<th scope=\"row\">Entrada de Trigger In<\/th>\n<td class=\"table-info-value border-right\">12 VDC nominal, +\/- 25%<\/td>\n<td class=\"table-info-value\">12 VDC nominal, +\/- 25%<\/td>\n<\/tr>\n<tr>\n<th scope=\"row\">Sa\u00edda de Trigger<\/th>\n<td class=\"table-info-value border-right\">12 VDC +\/- 5%, 100 mA, protegida contra curto-circuitos<\/td>\n<td class=\"table-info-value\">12 VDC +\/- 5%, 100 mA, protegida contra curto-circuitos<\/td>\n<\/tr>\n<tr>\n<th style=\"white-space: normal;\" scope=\"row\">Tens\u00e3o de entrada de rede CA<\/th>\n<td class=\"table-info-value border-right\">&#8211; Rede de 120V: 90-140V<br \/>\n&#8211; Rede de 220V: 198-242V<\/td>\n<td class=\"table-info-value\">&#8211; Rede de 120V: 90-140V<br \/>\n&#8211; Rede de 220V: 198-242V<\/td>\n<\/tr>\n<tr>\n<th style=\"white-space: normal;\" scope=\"row\">Temperatura ambiente de opera\u00e7\u00e3o<\/th>\n<td class=\"table-info-value border-right\">5 a 40\u00baC<\/td>\n<td class=\"table-info-value\">5 a 40\u00baC<\/td>\n<\/tr>\n<tr>\n<th style=\"white-space: normal;\" scope=\"row\">Dimens\u00f5es (L x P x A)<\/th>\n<td class=\"table-info-value border-right\">432 x 385 x 103mm<\/td>\n<td class=\"table-info-value\">432 x 375 x 103mm<\/td>\n<\/tr>\n<tr>\n<th style=\"white-space: normal;\" scope=\"row\">Peso<\/th>\n<td class=\"table-info-value border-right\">7.9kg<\/td>\n<td class=\"table-info-value\">9.5kg<\/td>\n<\/tr>\n<\/tbody>\n<\/table>\n<\/div>\n<p>[\/vc_column_text][\/vc_column][\/vc_row][vc_row css=&#8221;.vc_custom_1618937683866{margin-top: 35px !important;}&#8221; el_id=&#8221;veja-tambem&#8221;][vc_column offset=&#8221;vc_hidden-xs&#8221;][vc_column_text]<\/p>\n<h3 class=\"info-page-title\">VEJA TAMB\u00c9M<\/h3>\n<p>[\/vc_column_text][vc_basic_grid post_type=&#8221;page&#8221; max_items=&#8221;-1&#8243; style=&#8221;pagination&#8221; items_per_page=&#8221;4&#8243; element_width=&#8221;3&#8243; gap=&#8221;20&#8243; orderby=&#8221;menu_order&#8221; order=&#8221;ASC&#8221; arrows_design=&#8221;vc_arrow-icon-arrow_07_left&#8221; arrows_position=&#8221;outside&#8221; arrows_color=&#8221;sky&#8221; paging_color=&#8221;sky&#8221; item=&#8221;184&#8243; initial_loading_animation=&#8221;none&#8221; grid_id=&#8221;vc_gid:1726081376354-629ae3acbd01e4f85eb2467182e29aa6-3&#8243; taxonomies=&#8221;13&#8243; exclude=&#8221;396&#8243;][\/vc_column][\/vc_row][vc_row css=&#8221;.vc_custom_1618937693826{margin-top: 35px !important;}&#8221; el_id=&#8221;veja-tambem-2&#8243;][vc_column offset=&#8221;vc_hidden-lg vc_hidden-md vc_hidden-sm&#8221;][vc_column_text]<\/p>\n<h3 class=\"info-page-title\">VEJA TAMB\u00c9M<\/h3>\n<p>[\/vc_column_text][vc_basic_grid post_type=&#8221;page&#8221; max_items=&#8221;-1&#8243; style=&#8221;pagination&#8221; items_per_page=&#8221;1&#8243; element_width=&#8221;12&#8243; gap=&#8221;20&#8243; orderby=&#8221;menu_order&#8221; order=&#8221;ASC&#8221; arrows_design=&#8221;vc_arrow-icon-arrow_07_left&#8221; arrows_position=&#8221;outside&#8221; arrows_color=&#8221;sky&#8221; paging_color=&#8221;sky&#8221; item=&#8221;184&#8243; initial_loading_animation=&#8221;none&#8221; grid_id=&#8221;vc_gid:1726081376447-745f02ead616169c422f287679661529-8&#8243; taxonomies=&#8221;13&#8243; exclude=&#8221;396&#8243;][\/vc_column][\/vc_row]<\/p>\n<\/div>","protected":false},"excerpt":{"rendered":"<p>[vc_row][vc_column][vc_row_inner][vc_column_inner][vc_raw_html css=&#8221;&#8221;]JTNDZGl2JTIwY2xhc3MlM0QlMjJlYXN5em9vbSUyMGVhc3l6b29tLS13aXRoLXRodW1ibmFpbHMlMjIlM0UlMEElMjAlMjAlMjAlM0NhJTIwaHJlZiUzRCUyMmh0dHBzJTNBJTJGJTJGYWF0YXVkaW8uY29tLmJyJTJGd3AtY29udGVudCUyRnVwbG9hZHMlMkZiYW5uZXItem9vbS1wbWkxLWcyLTIuanBnJTIyJTIwY2xhc3MlM0QlMjJ6b29tLW1hc3RlciUyMiUzRSUwQSUyMCUyMCUyMCUzQ2ltZyUyMHNyYyUzRCUyMmh0dHBzJTNBJTJGJTJGYWF0YXVkaW8uY29tLmJyJTJGd3AtY29udGVudCUyRnVwbG9hZHMlMkZiYW5uZXItem9vbS1wbWkxLWcyLTIuanBnJTIyJTIwYWx0JTNEJTIycG0tMSUyMiUzRSUwQSUyMCUyMCUyMCUzQyUyRmElM0UlMEElMjAlMjAlMjAlM0NkaXYlMjBjbGFzcyUzRCUyMmVhc3l6b29tLWZseW91dCUyMiUzRSUzQyUyRmRpdiUzRSUwQSUzQyUyRmRpdiUzRSUwQSUzQ3VsJTIwY2xhc3MlM0QlMjJ0aHVtYm5haWxzJTIyJTNFJTBBJTIwJTIwJTIwJTNDbGklM0UlMEElMjAlMjAlMjAlMjAlMjAlMjAlM0NhJTIwaHJlZiUzRCUyMmh0dHBzJTNBJTJGJTJGYWF0YXVkaW8uY29tLmJyJTJGd3AtY29udGVudCUyRnVwbG9hZHMlMkZiYW5uZXItem9vbS1wbWkxLWcyLTIuanBnJTIyJTIwZGF0YS1zdGFuZGFyZCUzRCUyMmh0dHBzJTNBJTJGJTJGYWF0YXVkaW8uY29tLmJyJTJGd3AtY29udGVudCUyRnVwbG9hZHMlMkZiYW5uZXItem9vbS1wbWkxLWcyLTIuanBnJTIyJTNFJTBBJTIwJTIwJTIwJTIwJTIwJTIwJTNDaW1nJTIwc3JjJTNEJTIyaHR0cHMlM0ElMkYlMkZhYXRhdWRpby5jb20uYnIlMkZ3cC1jb250ZW50JTJGdXBsb2FkcyUyRmJhbm5lci16b29tLXBtaTEtZzItMi5qcGclMjIlMjBhbHQlM0QlMjJwbS0xJTIyJTNFJTBBJTIwJTIwJTIwJTIwJTIwJTIwJTNDJTJGYSUzRSUwQSUyMCUyMCUyMCUzQyUyRmxpJTNFJTBBJTIwJTIwJTIwJTNDbGklM0UlMEElMjAlMjAlMjAlMjAlMjAlMjAlM0NhJTIwaHJlZiUzRCUyMmh0dHBzJTNBJTJGJTJGYWF0YXVkaW8uY29tLmJyJTJGd3AtY29udGVudCUyRnVwbG9hZHMlMkZiYW5uZXItem9vbS1wbWkxLWcyLTEuanBnJTIyJTIwZGF0YS1zdGFuZGFyZCUzRCUyMmh0dHBzJTNBJTJGJTJGYWF0YXVkaW8uY29tLmJyJTJGd3AtY29udGVudCUyRnVwbG9hZHMlMkZiYW5uZXItem9vbS1wbWkxLWcyLTEuanBnJTIyJTNFJTBBJTIwJTIwJTIwJTIwJTIwJTIwJTNDaW1nJTIwc3JjJTNEJTIyaHR0cHMlM0ElMkYlMkZhYXRhdWRpby5jb20uYnIlMkZ3cC1jb250ZW50JTJGdXBsb2FkcyUyRmJhbm5lci16b29tLXBtaTEtZzItMS5qcGclMjIlMjBhbHQlM0QlMjJwbS0xJTIyJTNFJTBBJTIwJTIwJTIwJTIwJTIwJTIwJTNDJTJGYSUzRSUwQSUyMCUyMCUyMCUzQyUyRmxpJTNFJTBBJTIwJTIwJTIwJTNDbGklM0UlMEElMjAlMjAlMjAlMjAlMjAlMjAlM0NhJTIwaHJlZiUzRCUyMmh0dHBzJTNBJTJGJTJGYWF0YXVkaW8uY29tLmJyJTJGd3AtY29udGVudCUyRnVwbG9hZHMlMkZiYW5uZXItem9vbS1wbWkxLWcyLTMuanBnJTIyJTIwZGF0YS1zdGFuZGFyZCUzRCUyMmh0dHBzJTNBJTJGJTJGYWF0YXVkaW8uY29tLmJyJTJGd3AtY29udGVudCUyRnVwbG9hZHMlMkZiYW5uZXItem9vbS1wbWkxLWcyLTMuanBnJTIyJTNFJTBBJTIwJTIwJTIwJTIwJTIwJTIwJTNDaW1nJTIwc3JjJTNEJTIyaHR0cHMlM0ElMkYlMkZhYXRhdWRpby5jb20uYnIlMkZ3cC1jb250ZW50JTJGdXBsb2FkcyUyRmJhbm5lci16b29tLXBtaTEtZzItMy5qcGclMjIlMjBhbHQlM0QlMjJwbS0xJTIyJTNFJTBBJTIwJTIwJTIwJTIwJTIwJTIwJTNDJTJGYSUzRSUwQSUyMCUyMCUyMCUzQyUyRmxpJTNFJTBBJTNDJTJGdWwlM0U=[\/vc_raw_html][\/vc_column_inner][\/vc_row_inner][vc_row_inner][vc_column_inner width=&#8221;1\/2&#8243;][\/vc_column_inner][vc_column_inner width=&#8221;1\/2&#8243;][vc_column_text] Share via Whatsapp[\/vc_column_text][\/vc_column_inner][\/vc_row_inner][\/vc_column][\/vc_row][vc_row el_id=&#8221;tab-menu-produto&#8221;][vc_column][vc_row_inner][vc_column_inner][vc_btn title=&#8221;Descri\u00e7\u00e3o&#8221; shape=&#8221;square&#8221; link=&#8221;url:%23descricao|||rel:nofollow&#8221; el_class=&#8221;ancor-scroll&#8221;][vc_btn title=&#8221;Caracteristicas&#8221; shape=&#8221;square&#8221; link=&#8221;url:%23caracteristicas|||rel:nofollow&#8221; el_class=&#8221;ancor-scroll&#8221;][vc_btn title=&#8221;Especifica\u00e7\u00f5es&#8221; shape=&#8221;square&#8221; link=&#8221;url:%23especificacoes|||rel:nofollow&#8221; el_class=&#8221;ancor-scroll&#8221;][\/vc_column_inner][\/vc_row_inner][\/vc_column][\/vc_row][vc_row el_id=&#8221;descricao&#8221;][vc_column][vc_row_inner][vc_column_inner][vc_column_text] DESCRI\u00c7\u00c3O Com dois e quatro canais e design slim, os amplificadores de Segunda Gera\u00e7\u00e3o AAT PM-1 G2 e PM-4 G2 est\u00e3o ainda melhores.\u00a0 Os produtos trazem novo amplificador classe AB de alta performance, proporcionando [&hellip;]<\/p>\n","protected":false},"author":5,"featured_media":14185,"parent":394,"menu_order":3,"comment_status":"closed","ping_status":"closed","template":"page-fullwidth.php","meta":{"footnotes":""},"class_list":["post-12266","page","type-page","status-publish","has-post-thumbnail","hentry","tags-potencia"],"_links":{"self":[{"href":"https:\/\/aataudio.com.br\/home\/wp-json\/wp\/v2\/pages\/12266"}],"collection":[{"href":"https:\/\/aataudio.com.br\/home\/wp-json\/wp\/v2\/pages"}],"about":[{"href":"https:\/\/aataudio.com.br\/home\/wp-json\/wp\/v2\/types\/page"}],"author":[{"embeddable":true,"href":"https:\/\/aataudio.com.br\/home\/wp-json\/wp\/v2\/users\/5"}],"replies":[{"embeddable":true,"href":"https:\/\/aataudio.com.br\/home\/wp-json\/wp\/v2\/comments?post=12266"}],"version-history":[{"count":15,"href":"https:\/\/aataudio.com.br\/home\/wp-json\/wp\/v2\/pages\/12266\/revisions"}],"predecessor-version":[{"id":14183,"href":"https:\/\/aataudio.com.br\/home\/wp-json\/wp\/v2\/pages\/12266\/revisions\/14183"}],"up":[{"embeddable":true,"href":"https:\/\/aataudio.com.br\/home\/wp-json\/wp\/v2\/pages\/394"}],"wp:featuredmedia":[{"embeddable":true,"href":"https:\/\/aataudio.com.br\/home\/wp-json\/wp\/v2\/media\/14185"}],"wp:attachment":[{"href":"https:\/\/aataudio.com.br\/home\/wp-json\/wp\/v2\/media?parent=12266"}],"curies":[{"name":"wp","href":"https:\/\/api.w.org\/{rel}","templated":true}]}}