{"id":12231,"date":"2023-06-27T09:27:32","date_gmt":"2023-06-27T12:27:32","guid":{"rendered":"https:\/\/aataudio.com.br\/?page_id=12231"},"modified":"2026-01-21T08:44:28","modified_gmt":"2026-01-21T11:44:28","slug":"audio-extender-box","status":"publish","type":"page","link":"https:\/\/aataudio.com.br\/home\/audio-video-solutions\/audio-extender-box\/","title":{"rendered":"AAT AUDIO EXTENDER BOX"},"content":{"rendered":"<div class=\"wpb-content-wrapper\"><p>[vc_row][vc_column][vc_row_inner][vc_column_inner][vc_raw_html]JTNDZGl2JTIwY2xhc3MlM0QlMjJlYXN5em9vbSUyMGVhc3l6b29tLS13aXRoLXRodW1ibmFpbHMlMjIlM0UlMEElMjAlMjAlMjAlM0NhJTIwaHJlZiUzRCUyMmh0dHBzJTNBJTJGJTJGYWF0YXVkaW8uY29tLmJyJTJGd3AtY29udGVudCUyRnVwbG9hZHMlMkZiYW5uZXItem9vbS1hdWRpby1leHRlbmRlci0xLmpwZyUyMiUyMGNsYXNzJTNEJTIyem9vbS1tYXN0ZXIlMjIlM0UlMEElMjAlMjAlMjAlM0NpbWclMjBzcmMlM0QlMjJodHRwcyUzQSUyRiUyRmFhdGF1ZGlvLmNvbS5iciUyRndwLWNvbnRlbnQlMkZ1cGxvYWRzJTJGYmFubmVyLXpvb20tYXVkaW8tZXh0ZW5kZXItMS5qcGclMjIlMjBhbHQlM0QlMjJhdWRpby1leHRlbmRlciUyMiUzRSUwQSUyMCUyMCUyMCUzQyUyRmElM0UlMEElMjAlMjAlMjAlM0NkaXYlMjBjbGFzcyUzRCUyMmVhc3l6b29tLWZseW91dCUyMiUzRSUzQyUyRmRpdiUzRSUwQSUzQyUyRmRpdiUzRSUwQSUzQ3VsJTIwY2xhc3MlM0QlMjJ0aHVtYm5haWxzJTIyJTNFJTBBJTIwJTIwJTIwJTNDbGklM0UlMEElMjAlMjAlMjAlMjAlMjAlMjAlM0NhJTIwaHJlZiUzRCUyMmh0dHBzJTNBJTJGJTJGYWF0YXVkaW8uY29tLmJyJTJGd3AtY29udGVudCUyRnVwbG9hZHMlMkZiYW5uZXItem9vbS1hdWRpby1leHRlbmRlci0xLmpwZyUyMiUyMGRhdGEtc3RhbmRhcmQlM0QlMjJodHRwcyUzQSUyRiUyRmFhdGF1ZGlvLmNvbS5iciUyRndwLWNvbnRlbnQlMkZ1cGxvYWRzJTJGYmFubmVyLXpvb20tYXVkaW8tZXh0ZW5kZXItMS5qcGclMjIlM0UlMEElMjAlMjAlMjAlMjAlMjAlMjAlM0NpbWclMjBzcmMlM0QlMjJodHRwcyUzQSUyRiUyRmFhdGF1ZGlvLmNvbS5iciUyRndwLWNvbnRlbnQlMkZ1cGxvYWRzJTJGYmFubmVyLXpvb20tYXVkaW8tZXh0ZW5kZXItMS5qcGclMjIlMjBhbHQlM0QlMjJhdWRpby1leHRlbmRlciUyMiUzRSUwQSUyMCUyMCUyMCUyMCUyMCUyMCUzQyUyRmElM0UlMEElMjAlMjAlMjAlM0MlMkZsaSUzRSUwQSUyMCUyMCUyMCUzQ2xpJTNFJTBBJTIwJTIwJTIwJTIwJTIwJTIwJTNDYSUyMGhyZWYlM0QlMjJodHRwcyUzQSUyRiUyRmFhdGF1ZGlvLmNvbS5iciUyRndwLWNvbnRlbnQlMkZ1cGxvYWRzJTJGYmFubmVyLXpvb20tYXVkaW8tZXh0ZW5kZXItMi5qcGclMjIlMjBkYXRhLXN0YW5kYXJkJTNEJTIyaHR0cHMlM0ElMkYlMkZhYXRhdWRpby5jb20uYnIlMkZ3cC1jb250ZW50JTJGdXBsb2FkcyUyRmJhbm5lci16b29tLWF1ZGlvLWV4dGVuZGVyLTIuanBnJTIyJTNFJTBBJTIwJTIwJTIwJTIwJTIwJTIwJTNDaW1nJTIwc3JjJTNEJTIyaHR0cHMlM0ElMkYlMkZhYXRhdWRpby5jb20uYnIlMkZ3cC1jb250ZW50JTJGdXBsb2FkcyUyRmJhbm5lci16b29tLWF1ZGlvLWV4dGVuZGVyLTIuanBnJTIyJTIwYWx0JTNEJTIyYXVkaW8tZXh0ZW5kZXIlMjIlM0UlMEElMjAlMjAlMjAlMjAlMjAlMjAlM0MlMkZhJTNFJTBBJTIwJTIwJTIwJTNDJTJGbGklM0UlMEElMjAlMjAlM0NsaSUzRSUwQSUyMCUyMCUyMCUyMCUyMCUyMCUzQ2ElMjBocmVmJTNEJTIyaHR0cHMlM0ElMkYlMkZhYXRhdWRpby5jb20uYnIlMkZ3cC1jb250ZW50JTJGdXBsb2FkcyUyRmJhbm5lci16b29tLWF1ZGlvLWV4dGVuZGVyLTMuanBnJTIyJTIwZGF0YS1zdGFuZGFyZCUzRCUyMmh0dHBzJTNBJTJGJTJGYWF0YXVkaW8uY29tLmJyJTJGd3AtY29udGVudCUyRnVwbG9hZHMlMkZiYW5uZXItem9vbS1hdWRpby1leHRlbmRlci0zLmpwZyUyMiUzRSUwQSUyMCUyMCUyMCUyMCUyMCUyMCUzQ2ltZyUyMHNyYyUzRCUyMmh0dHBzJTNBJTJGJTJGYWF0YXVkaW8uY29tLmJyJTJGd3AtY29udGVudCUyRnVwbG9hZHMlMkZiYW5uZXItem9vbS1hdWRpby1leHRlbmRlci0zLmpwZyUyMiUyMGFsdCUzRCUyMmF1ZGlvLWV4dGVuZGVyJTIyJTNFJTBBJTIwJTIwJTIwJTIwJTIwJTIwJTNDJTJGYSUzRSUwQSUyMCUyMCUyMCUzQyUyRmxpJTNFJTBBJTIwJTIwJTNDbGklM0UlMEElMjAlMjAlMjAlMjAlMjAlMjAlM0NhJTIwaHJlZiUzRCUyMmh0dHBzJTNBJTJGJTJGYWF0YXVkaW8uY29tLmJyJTJGd3AtY29udGVudCUyRnVwbG9hZHMlMkZiYW5uZXItem9vbS1hdWRpby1leHRlbmRlci00LmpwZyUyMiUyMGRhdGEtc3RhbmRhcmQlM0QlMjJodHRwcyUzQSUyRiUyRmFhdGF1ZGlvLmNvbS5iciUyRndwLWNvbnRlbnQlMkZ1cGxvYWRzJTJGYmFubmVyLXpvb20tYXVkaW8tZXh0ZW5kZXItNC5qcGclMjIlM0UlMEElMjAlMjAlMjAlMjAlMjAlMjAlM0NpbWclMjBzcmMlM0QlMjJodHRwcyUzQSUyRiUyRmFhdGF1ZGlvLmNvbS5iciUyRndwLWNvbnRlbnQlMkZ1cGxvYWRzJTJGYmFubmVyLXpvb20tYXVkaW8tZXh0ZW5kZXItNC5qcGclMjIlMjBhbHQlM0QlMjJhdWRpby1leHRlbmRlciUyMiUzRSUwQSUyMCUyMCUyMCUyMCUyMCUyMCUzQyUyRmElM0UlMEElMjAlMjAlMjAlM0MlMkZsaSUzRSUwQSUyMCUyMCUzQ2xpJTNFJTBBJTIwJTIwJTIwJTIwJTIwJTIwJTNDYSUyMGhyZWYlM0QlMjJodHRwcyUzQSUyRiUyRmFhdGF1ZGlvLmNvbS5iciUyRndwLWNvbnRlbnQlMkZ1cGxvYWRzJTJGYmFubmVyLXpvb20tYXVkaW8tZXh0ZW5kZXItNS5qcGclMjIlMjBkYXRhLXN0YW5kYXJkJTNEJTIyaHR0cHMlM0ElMkYlMkZhYXRhdWRpby5jb20uYnIlMkZ3cC1jb250ZW50JTJGdXBsb2FkcyUyRmJhbm5lci16b29tLWF1ZGlvLWV4dGVuZGVyLTUuanBnJTIyJTNFJTBBJTIwJTIwJTIwJTIwJTIwJTIwJTNDaW1nJTIwc3JjJTNEJTIyaHR0cHMlM0ElMkYlMkZhYXRhdWRpby5jb20uYnIlMkZ3cC1jb250ZW50JTJGdXBsb2FkcyUyRmJhbm5lci16b29tLWF1ZGlvLWV4dGVuZGVyLTUuanBnJTIyJTIwYWx0JTNEJTIyYXVkaW8tZXh0ZW5kZXIlMjIlM0UlMEElMjAlMjAlMjAlMjAlMjAlMjAlM0MlMkZhJTNFJTBBJTIwJTIwJTIwJTNDJTJGbGklM0UlMEElMjAlMjAlMjAlM0NsaSUzRSUwQSUyMCUyMCUyMCUyMCUyMCUyMCUzQ2ElMjBocmVmJTNEJTIyaHR0cHMlM0ElMkYlMkZhYXRhdWRpby5jb20uYnIlMkZ3cC1jb250ZW50JTJGdXBsb2FkcyUyRmJhbm5lci16b29tLWF1ZGlvLWV4dGVuZGVyLTYuanBnJTIyJTIwZGF0YS1zdGFuZGFyZCUzRCUyMmh0dHBzJTNBJTJGJTJGYWF0YXVkaW8uY29tLmJyJTJGd3AtY29udGVudCUyRnVwbG9hZHMlMkZiYW5uZXItem9vbS1hdWRpby1leHRlbmRlci02LmpwZyUyMiUzRSUwQSUyMCUyMCUyMCUyMCUyMCUyMCUzQ2ltZyUyMHNyYyUzRCUyMmh0dHBzJTNBJTJGJTJGYWF0YXVkaW8uY29tLmJyJTJGd3AtY29udGVudCUyRnVwbG9hZHMlMkZiYW5uZXItem9vbS1hdWRpby1leHRlbmRlci02LmpwZyUyMiUyMGFsdCUzRCUyMmF1ZGlvLWV4dGVuZGVyJTIyJTNFJTBBJTIwJTIwJTIwJTIwJTIwJTIwJTNDJTJGYSUzRSUwQSUyMCUyMCUyMCUzQyUyRmxpJTNFJTIwJTIwJTIwJTBBJTNDJTJGdWwlM0U=[\/vc_raw_html][\/vc_column_inner][\/vc_row_inner][vc_row_inner][vc_column_inner width=&#8221;1\/2&#8243;][\/vc_column_inner][vc_column_inner width=&#8221;1\/2&#8243;][vc_column_text]<aside class=\"mashsb-container mashsb-main mashsb-stretched\"><div class=\"mashsb-box\"><div class=\"mashsb-buttons\"><a class=\"mashicon-facebook mash-small mash-center mashsb-noshadow mashsb-pure-icons\" href=\"https:\/\/www.facebook.com\/sharer.php?u=https%3A%2F%2Faataudio.com.br%2Fhome%2Faudio-video-solutions%2Faudio-extender-box%2F\" target=\"_top\" rel=\"nofollow\"><span class=\"icon\"><\/span><span class=\"text\"><\/span><\/a><a class=\"mashicon-twitter mash-small mash-center mashsb-noshadow mashsb-pure-icons\" href=\"https:\/\/twitter.com\/intent\/tweet?text=&amp;url=https:\/\/aataudio.com.br\/home\/audio-video-solutions\/audio-extender-box\/\" target=\"_top\" rel=\"nofollow\"><span class=\"icon\"><\/span><span class=\"text\"><\/span><\/a><a class=\"mashicon-whatsapp mash-small mash-center mashsb-noshadow mashsb-pure-icons\" href=\"\" target=\"_top\" rel=\"nofollow\"><span class=\"icon\"><\/span><span class=\"text\"><\/span><\/a><div class=\"onoffswitch2 mash-small mashsb-noshadow\" style=\"display:none\"><\/div><\/div><\/div>\n                    <div style=\"clear:both\"><\/div><div class=\"mashsb-toggle-container\"><\/div><\/aside>\n            <!-- Share buttons made by mashshare.net - Version: 4.0.47--><br \/>\n<a style=\"display: none;\" href=\"whatsapp:\/\/send?text=The text to share!\" data-action=\"share\/whatsapp\/share\">Share via Whatsapp<\/a>[\/vc_column_text][\/vc_column_inner][\/vc_row_inner][\/vc_column][\/vc_row][vc_row el_id=&#8221;tab-menu-produto&#8221;][vc_column][vc_row_inner][vc_column_inner][vc_btn title=&#8221;Descri\u00e7\u00e3o&#8221; shape=&#8221;square&#8221; link=&#8221;url:%23descricao|||rel:nofollow&#8221; el_class=&#8221;ancor-scroll&#8221;][vc_btn title=&#8221;Caracteristicas&#8221; shape=&#8221;square&#8221; link=&#8221;url:%23caracteristicas|||rel:nofollow&#8221; el_class=&#8221;ancor-scroll&#8221;][vc_btn title=&#8221;Especifica\u00e7\u00f5es&#8221; shape=&#8221;square&#8221; link=&#8221;url:%23especificacoes|||rel:nofollow&#8221; el_class=&#8221;ancor-scroll&#8221;][\/vc_column_inner][\/vc_row_inner][\/vc_column][\/vc_row][vc_row el_id=&#8221;descricao&#8221;][vc_column][vc_row_inner][vc_column_inner][vc_column_text]<\/p>\n<h3 class=\"info-page-title\">DESCRI\u00c7\u00c3O<\/h3>\n<p>A AAT apresenta o AUDIO EXTENDER BOX, uma solution box especialmente desenvolvida para solucionar problemas de transmiss\u00e3o de sinais de \u00e1udio em longas dist\u00e2ncias (mais de 20 m), sem o uso de cabo coaxial. Em v\u00e1rias situa\u00e7\u00f5es, a passagem por condu\u00edtes embutidos em locais residenciais ou comerciais torna-se bastante dif\u00edcil. E, com a solu\u00e7\u00e3o da AAT, a instala\u00e7\u00e3o fica imune a ru\u00eddos, como o \u2018hum\u2019, que podem ser captados atrav\u00e9s de cabos longos. Para isso, o AAT AUDIO EXTENDER BOX faz uso de um cabo UTP CAT5 ou CAT 6 para o transporte de sinais de \u00e1udio entre 20 m e 100 m, facilitando muito a passagem dos cabos para efetuar essas conex\u00f5es.<\/p>\n<p>Assim, com o AAT AUDIO EXTENDER BOX, integradores e consumidores finais podem se livrar desses obst\u00e1culos na instala\u00e7\u00e3o, de forma r\u00e1pida, pr\u00e1tica e confi\u00e1vel. O produto \u00e9 exclusivo e sem op\u00e7\u00e3o similar no mercado nacional na data de seu lan\u00e7amento. A solu\u00e7\u00e3o \u00e9 composta por uma caixinha transmissora, que recebe o sinal anal\u00f3gico de audio atrav\u00e9s de uma entrada est\u00e9reo RCA e o envia atrav\u00e9s de um cabo de rede LAN at\u00e9 a caixinha receptora. Essa faz a convers\u00e3o do sinal de volta ao sinal est\u00e9reo RCA, sem complica\u00e7\u00f5es e com a mesma qualidade do sinal original.[\/vc_column_text][\/vc_column_inner][\/vc_row_inner][\/vc_column][\/vc_row][vc_row el_id=&#8221;caracteristicas&#8221;][vc_column offset=&#8221;vc_col-sm-offset-0&#8243;][vc_row_inner][vc_column_inner][vc_column_text]<\/p>\n<h3 class=\"info-page-title\">CARACTER\u00cdSTICAS<\/h3>\n<p>Com a possibilidade de transmiss\u00e3o por cabo UTP at\u00e9 100 m, a solu\u00e7\u00e3o de interconex\u00e3o entre dois equipamentos de \u00e1udio fica bastante simplificada. O AAT AUDIO EXTENDER BOX \u00e9 a solu\u00e7\u00e3o definitiva para a transmiss\u00e3o cabeada de sinais de \u00e1udio entre dois equipamentos, como uma fonte de sinal (TV, por exemplo) e um amplificador distante (como um amplificador multiroom da linha AAT PMR) em um projeto de som ambiente.<\/p>\n<p>As caixinhas, que v\u00eam com fonte de alimenta\u00e7\u00e3o externa, fazem todo o trabalho de transmiss\u00e3o com qualidade excepcional, alto headroom e baixa distor\u00e7\u00e3o. A imunidade contra ru\u00eddos est\u00e1 garantida, de forma que sinais interferentes n\u00e3o s\u00e3o captados pelo sistema.<\/p>\n<p>E o mais importante: o kit tamb\u00e9m possui lat\u00eancia zero, ou seja, n\u00e3o ir\u00e1 introduzir atrasos no sinal de \u00e1udio, que podem ser notados em outras solu\u00e7\u00f5es. Dessa forma, d\u00e1 para transmitir o \u00e1udio de televisores sem o problema de sincroniza\u00e7\u00e3o do som com a imagem (lip-sync).[\/vc_column_text][\/vc_column_inner][\/vc_row_inner][\/vc_column][\/vc_row][vc_row el_id=&#8221;especificacoes&#8221;][vc_column][vc_row_inner][vc_column_inner][vc_column_text]<\/p>\n<h3 class=\"info-page-title\">ESPECIFICA\u00c7\u00d5ES<\/h3>\n<p>[\/vc_column_text][\/vc_column_inner][\/vc_row_inner][vc_column_text]<\/p>\n<div class=\"table-responsive\">\n<table class=\"table table-especificacoes\">\n<thead>\n<tr>\n<th><\/th>\n<th style=\"text-align: center;\"><img loading=\"lazy\" decoding=\"async\" class=\"aligncenter wp-image-12242\" src=\"https:\/\/aataudio.com.br\/wp-content\/uploads\/audio-extender-box.jpg\" alt=\"\" width=\"187\" height=\"120\" srcset=\"https:\/\/aataudio.com.br\/wp-content\/uploads\/audio-extender-box.jpg 560w, https:\/\/aataudio.com.br\/wp-content\/uploads\/audio-extender-box-300x193.jpg 300w\" sizes=\"(max-width: 187px) 100vw, 187px\" \/>audio extender box<\/th>\n<\/tr>\n<\/thead>\n<tbody>\n<tr class=\"table-first-row\">\n<th scope=\"row\"><strong>Frequency response<\/strong><\/th>\n<td class=\"table-info-value\">10 Hz a 50 kHz, &#8211; 3 dB<\/td>\n<\/tr>\n<tr>\n<th style=\"white-space: normal;\" scope=\"row\"><strong>Crosstalk<\/strong><\/th>\n<td class=\"table-info-value\">&gt; 80 dB(A) @ 1 m<\/td>\n<\/tr>\n<tr>\n<th scope=\"row\"><strong>S\/N ratio<\/strong><\/th>\n<td class=\"table-info-value\">&gt; 85 dB(A) @ 1 m<\/td>\n<\/tr>\n<tr>\n<th scope=\"row\"><strong>THD + N<\/strong><\/th>\n<td class=\"table-info-value\">&lt; 0,005%<\/td>\n<\/tr>\n<tr>\n<th scope=\"row\"><strong>Slew rate<\/strong><\/th>\n<td class=\"table-info-value\">&gt;10V \/ useg @ 1 m<\/td>\n<\/tr>\n<tr>\n<th scope=\"row\"><strong>Maximum output voltage<\/strong><\/th>\n<td class=\"table-info-value\">7 V RMS<\/td>\n<\/tr>\n<tr>\n<th scope=\"row\"><strong>Maximum input voltage<\/strong><\/th>\n<td class=\"table-info-value\">7 V RMS<\/td>\n<\/tr>\n<tr>\n<th scope=\"row\"><strong>Input impedance<\/strong><\/th>\n<td class=\"table-info-value\">25 K Ohms<\/td>\n<\/tr>\n<tr>\n<th scope=\"row\"><strong>Output impedance<\/strong><\/th>\n<td class=\"table-info-value\">100 Ohms<\/td>\n<\/tr>\n<tr>\n<th scope=\"row\"><strong>Lat\u00eancia<\/strong><\/th>\n<td class=\"table-info-value\">0 ms<\/td>\n<\/tr>\n<tr>\n<th scope=\"row\"><strong>Comprimento m\u00e1ximo de transmiss\u00e3o<\/strong><\/th>\n<td class=\"table-info-value\">100 m<\/td>\n<\/tr>\n<tr>\n<th scope=\"row\"><strong>Alimenta\u00e7\u00e3o do conversor<\/strong><\/th>\n<td class=\"table-info-value\">12 VAC\/200 mA<\/td>\n<\/tr>\n<tr>\n<th scope=\"row\"><strong>Consumo m\u00e1ximo<\/strong><\/th>\n<td class=\"table-info-value\">2 W receptor \/ 2 W transmissor<\/td>\n<\/tr>\n<tr>\n<th scope=\"row\">Dimens\u00f5es (L x P x A)<\/th>\n<td class=\"table-info-value\">97 x 87 x 30 mm<\/td>\n<\/tr>\n<tr>\n<th scope=\"row\">Peso<\/th>\n<td class=\"table-info-value\">0,165 Kg<\/td>\n<\/tr>\n<\/tbody>\n<\/table>\n<\/div>\n<p>[\/vc_column_text][\/vc_column][\/vc_row][vc_row css=&#8221;.vc_custom_1619098974946{margin-top: 35px !important;}&#8221; el_id=&#8221;veja-tambem&#8221;][vc_column offset=&#8221;vc_hidden-xs&#8221;][vc_column_text]<\/p>\n<h3 class=\"info-page-title\">VEJA TAMB\u00c9M<\/h3>\n<p>[\/vc_column_text][vc_basic_grid post_type=&#8221;page&#8221; max_items=&#8221;-1&#8243; style=&#8221;pagination&#8221; items_per_page=&#8221;4&#8243; element_width=&#8221;3&#8243; gap=&#8221;20&#8243; orderby=&#8221;menu_order&#8221; order=&#8221;ASC&#8221; arrows_design=&#8221;vc_arrow-icon-arrow_07_left&#8221; arrows_position=&#8221;outside&#8221; arrows_color=&#8221;sky&#8221; paging_color=&#8221;sky&#8221; item=&#8221;184&#8243; initial_loading_animation=&#8221;none&#8221; grid_id=&#8221;vc_gid:1697661973772-7860b3d6-882c-0&#8243; taxonomies=&#8221;27&#8243; exclude=&#8221;3359&#8243;][\/vc_column][\/vc_row][vc_row css=&#8221;.vc_custom_1619098986011{margin-top: 35px !important;}&#8221; el_id=&#8221;veja-tambem-2&#8243;][vc_column offset=&#8221;vc_hidden-lg vc_hidden-md vc_hidden-sm&#8221;][vc_column_text]<\/p>\n<h3 class=\"info-page-title\">VEJA TAMB\u00c9M<\/h3>\n<p>[\/vc_column_text][vc_basic_grid post_type=&#8221;page&#8221; max_items=&#8221;-1&#8243; style=&#8221;pagination&#8221; items_per_page=&#8221;1&#8243; element_width=&#8221;12&#8243; gap=&#8221;20&#8243; orderby=&#8221;menu_order&#8221; order=&#8221;ASC&#8221; arrows_design=&#8221;vc_arrow-icon-arrow_07_left&#8221; arrows_color=&#8221;sky&#8221; paging_color=&#8221;sky&#8221; item=&#8221;184&#8243; initial_loading_animation=&#8221;none&#8221; grid_id=&#8221;vc_gid:1697661973773-c0b7bd89-3652-9&#8243; taxonomies=&#8221;27&#8243; exclude=&#8221;3359&#8243;][\/vc_column][\/vc_row]<\/p>\n<\/div>","protected":false},"excerpt":{"rendered":"<p>[vc_row][vc_column][vc_row_inner][vc_column_inner][vc_raw_html]JTNDZGl2JTIwY2xhc3MlM0QlMjJlYXN5em9vbSUyMGVhc3l6b29tLS13aXRoLXRodW1ibmFpbHMlMjIlM0UlMEElMjAlMjAlMjAlM0NhJTIwaHJlZiUzRCUyMmh0dHBzJTNBJTJGJTJGYWF0YXVkaW8uY29tLmJyJTJGd3AtY29udGVudCUyRnVwbG9hZHMlMkZiYW5uZXItem9vbS1hdWRpby1leHRlbmRlci0xLmpwZyUyMiUyMGNsYXNzJTNEJTIyem9vbS1tYXN0ZXIlMjIlM0UlMEElMjAlMjAlMjAlM0NpbWclMjBzcmMlM0QlMjJodHRwcyUzQSUyRiUyRmFhdGF1ZGlvLmNvbS5iciUyRndwLWNvbnRlbnQlMkZ1cGxvYWRzJTJGYmFubmVyLXpvb20tYXVkaW8tZXh0ZW5kZXItMS5qcGclMjIlMjBhbHQlM0QlMjJhdWRpby1leHRlbmRlciUyMiUzRSUwQSUyMCUyMCUyMCUzQyUyRmElM0UlMEElMjAlMjAlMjAlM0NkaXYlMjBjbGFzcyUzRCUyMmVhc3l6b29tLWZseW91dCUyMiUzRSUzQyUyRmRpdiUzRSUwQSUzQyUyRmRpdiUzRSUwQSUzQ3VsJTIwY2xhc3MlM0QlMjJ0aHVtYm5haWxzJTIyJTNFJTBBJTIwJTIwJTIwJTNDbGklM0UlMEElMjAlMjAlMjAlMjAlMjAlMjAlM0NhJTIwaHJlZiUzRCUyMmh0dHBzJTNBJTJGJTJGYWF0YXVkaW8uY29tLmJyJTJGd3AtY29udGVudCUyRnVwbG9hZHMlMkZiYW5uZXItem9vbS1hdWRpby1leHRlbmRlci0xLmpwZyUyMiUyMGRhdGEtc3RhbmRhcmQlM0QlMjJodHRwcyUzQSUyRiUyRmFhdGF1ZGlvLmNvbS5iciUyRndwLWNvbnRlbnQlMkZ1cGxvYWRzJTJGYmFubmVyLXpvb20tYXVkaW8tZXh0ZW5kZXItMS5qcGclMjIlM0UlMEElMjAlMjAlMjAlMjAlMjAlMjAlM0NpbWclMjBzcmMlM0QlMjJodHRwcyUzQSUyRiUyRmFhdGF1ZGlvLmNvbS5iciUyRndwLWNvbnRlbnQlMkZ1cGxvYWRzJTJGYmFubmVyLXpvb20tYXVkaW8tZXh0ZW5kZXItMS5qcGclMjIlMjBhbHQlM0QlMjJhdWRpby1leHRlbmRlciUyMiUzRSUwQSUyMCUyMCUyMCUyMCUyMCUyMCUzQyUyRmElM0UlMEElMjAlMjAlMjAlM0MlMkZsaSUzRSUwQSUyMCUyMCUyMCUzQ2xpJTNFJTBBJTIwJTIwJTIwJTIwJTIwJTIwJTNDYSUyMGhyZWYlM0QlMjJodHRwcyUzQSUyRiUyRmFhdGF1ZGlvLmNvbS5iciUyRndwLWNvbnRlbnQlMkZ1cGxvYWRzJTJGYmFubmVyLXpvb20tYXVkaW8tZXh0ZW5kZXItMi5qcGclMjIlMjBkYXRhLXN0YW5kYXJkJTNEJTIyaHR0cHMlM0ElMkYlMkZhYXRhdWRpby5jb20uYnIlMkZ3cC1jb250ZW50JTJGdXBsb2FkcyUyRmJhbm5lci16b29tLWF1ZGlvLWV4dGVuZGVyLTIuanBnJTIyJTNFJTBBJTIwJTIwJTIwJTIwJTIwJTIwJTNDaW1nJTIwc3JjJTNEJTIyaHR0cHMlM0ElMkYlMkZhYXRhdWRpby5jb20uYnIlMkZ3cC1jb250ZW50JTJGdXBsb2FkcyUyRmJhbm5lci16b29tLWF1ZGlvLWV4dGVuZGVyLTIuanBnJTIyJTIwYWx0JTNEJTIyYXVkaW8tZXh0ZW5kZXIlMjIlM0UlMEElMjAlMjAlMjAlMjAlMjAlMjAlM0MlMkZhJTNFJTBBJTIwJTIwJTIwJTNDJTJGbGklM0UlMEElMjAlMjAlM0NsaSUzRSUwQSUyMCUyMCUyMCUyMCUyMCUyMCUzQ2ElMjBocmVmJTNEJTIyaHR0cHMlM0ElMkYlMkZhYXRhdWRpby5jb20uYnIlMkZ3cC1jb250ZW50JTJGdXBsb2FkcyUyRmJhbm5lci16b29tLWF1ZGlvLWV4dGVuZGVyLTMuanBnJTIyJTIwZGF0YS1zdGFuZGFyZCUzRCUyMmh0dHBzJTNBJTJGJTJGYWF0YXVkaW8uY29tLmJyJTJGd3AtY29udGVudCUyRnVwbG9hZHMlMkZiYW5uZXItem9vbS1hdWRpby1leHRlbmRlci0zLmpwZyUyMiUzRSUwQSUyMCUyMCUyMCUyMCUyMCUyMCUzQ2ltZyUyMHNyYyUzRCUyMmh0dHBzJTNBJTJGJTJGYWF0YXVkaW8uY29tLmJyJTJGd3AtY29udGVudCUyRnVwbG9hZHMlMkZiYW5uZXItem9vbS1hdWRpby1leHRlbmRlci0zLmpwZyUyMiUyMGFsdCUzRCUyMmF1ZGlvLWV4dGVuZGVyJTIyJTNFJTBBJTIwJTIwJTIwJTIwJTIwJTIwJTNDJTJGYSUzRSUwQSUyMCUyMCUyMCUzQyUyRmxpJTNFJTBBJTIwJTIwJTNDbGklM0UlMEElMjAlMjAlMjAlMjAlMjAlMjAlM0NhJTIwaHJlZiUzRCUyMmh0dHBzJTNBJTJGJTJGYWF0YXVkaW8uY29tLmJyJTJGd3AtY29udGVudCUyRnVwbG9hZHMlMkZiYW5uZXItem9vbS1hdWRpby1leHRlbmRlci00LmpwZyUyMiUyMGRhdGEtc3RhbmRhcmQlM0QlMjJodHRwcyUzQSUyRiUyRmFhdGF1ZGlvLmNvbS5iciUyRndwLWNvbnRlbnQlMkZ1cGxvYWRzJTJGYmFubmVyLXpvb20tYXVkaW8tZXh0ZW5kZXItNC5qcGclMjIlM0UlMEElMjAlMjAlMjAlMjAlMjAlMjAlM0NpbWclMjBzcmMlM0QlMjJodHRwcyUzQSUyRiUyRmFhdGF1ZGlvLmNvbS5iciUyRndwLWNvbnRlbnQlMkZ1cGxvYWRzJTJGYmFubmVyLXpvb20tYXVkaW8tZXh0ZW5kZXItNC5qcGclMjIlMjBhbHQlM0QlMjJhdWRpby1leHRlbmRlciUyMiUzRSUwQSUyMCUyMCUyMCUyMCUyMCUyMCUzQyUyRmElM0UlMEElMjAlMjAlMjAlM0MlMkZsaSUzRSUwQSUyMCUyMCUzQ2xpJTNFJTBBJTIwJTIwJTIwJTIwJTIwJTIwJTNDYSUyMGhyZWYlM0QlMjJodHRwcyUzQSUyRiUyRmFhdGF1ZGlvLmNvbS5iciUyRndwLWNvbnRlbnQlMkZ1cGxvYWRzJTJGYmFubmVyLXpvb20tYXVkaW8tZXh0ZW5kZXItNS5qcGclMjIlMjBkYXRhLXN0YW5kYXJkJTNEJTIyaHR0cHMlM0ElMkYlMkZhYXRhdWRpby5jb20uYnIlMkZ3cC1jb250ZW50JTJGdXBsb2FkcyUyRmJhbm5lci16b29tLWF1ZGlvLWV4dGVuZGVyLTUuanBnJTIyJTNFJTBBJTIwJTIwJTIwJTIwJTIwJTIwJTNDaW1nJTIwc3JjJTNEJTIyaHR0cHMlM0ElMkYlMkZhYXRhdWRpby5jb20uYnIlMkZ3cC1jb250ZW50JTJGdXBsb2FkcyUyRmJhbm5lci16b29tLWF1ZGlvLWV4dGVuZGVyLTUuanBnJTIyJTIwYWx0JTNEJTIyYXVkaW8tZXh0ZW5kZXIlMjIlM0UlMEElMjAlMjAlMjAlMjAlMjAlMjAlM0MlMkZhJTNFJTBBJTIwJTIwJTIwJTNDJTJGbGklM0UlMEElMjAlMjAlMjAlM0NsaSUzRSUwQSUyMCUyMCUyMCUyMCUyMCUyMCUzQ2ElMjBocmVmJTNEJTIyaHR0cHMlM0ElMkYlMkZhYXRhdWRpby5jb20uYnIlMkZ3cC1jb250ZW50JTJGdXBsb2FkcyUyRmJhbm5lci16b29tLWF1ZGlvLWV4dGVuZGVyLTYuanBnJTIyJTIwZGF0YS1zdGFuZGFyZCUzRCUyMmh0dHBzJTNBJTJGJTJGYWF0YXVkaW8uY29tLmJyJTJGd3AtY29udGVudCUyRnVwbG9hZHMlMkZiYW5uZXItem9vbS1hdWRpby1leHRlbmRlci02LmpwZyUyMiUzRSUwQSUyMCUyMCUyMCUyMCUyMCUyMCUzQ2ltZyUyMHNyYyUzRCUyMmh0dHBzJTNBJTJGJTJGYWF0YXVkaW8uY29tLmJyJTJGd3AtY29udGVudCUyRnVwbG9hZHMlMkZiYW5uZXItem9vbS1hdWRpby1leHRlbmRlci02LmpwZyUyMiUyMGFsdCUzRCUyMmF1ZGlvLWV4dGVuZGVyJTIyJTNFJTBBJTIwJTIwJTIwJTIwJTIwJTIwJTNDJTJGYSUzRSUwQSUyMCUyMCUyMCUzQyUyRmxpJTNFJTIwJTIwJTIwJTBBJTNDJTJGdWwlM0U=[\/vc_raw_html][\/vc_column_inner][\/vc_row_inner][vc_row_inner][vc_column_inner width=&#8221;1\/2&#8243;][\/vc_column_inner][vc_column_inner width=&#8221;1\/2&#8243;][vc_column_text] Share via Whatsapp[\/vc_column_text][\/vc_column_inner][\/vc_row_inner][\/vc_column][\/vc_row][vc_row el_id=&#8221;tab-menu-produto&#8221;][vc_column][vc_row_inner][vc_column_inner][vc_btn title=&#8221;Descri\u00e7\u00e3o&#8221; shape=&#8221;square&#8221; link=&#8221;url:%23descricao|||rel:nofollow&#8221; el_class=&#8221;ancor-scroll&#8221;][vc_btn title=&#8221;Caracteristicas&#8221; shape=&#8221;square&#8221; link=&#8221;url:%23caracteristicas|||rel:nofollow&#8221; el_class=&#8221;ancor-scroll&#8221;][vc_btn title=&#8221;Especifica\u00e7\u00f5es&#8221; shape=&#8221;square&#8221; link=&#8221;url:%23especificacoes|||rel:nofollow&#8221; el_class=&#8221;ancor-scroll&#8221;][\/vc_column_inner][\/vc_row_inner][\/vc_column][\/vc_row][vc_row el_id=&#8221;descricao&#8221;][vc_column][vc_row_inner][vc_column_inner][vc_column_text] DESCRI\u00c7\u00c3O A AAT apresenta o AUDIO EXTENDER BOX, uma solution box especialmente desenvolvida para solucionar problemas de transmiss\u00e3o de sinais de \u00e1udio em longas dist\u00e2ncias (mais de 20 m), sem o uso de cabo coaxial. [&hellip;]<\/p>\n","protected":false},"author":5,"featured_media":12242,"parent":16164,"menu_order":5,"comment_status":"closed","ping_status":"closed","template":"page-fullwidth.php","meta":{"footnotes":""},"class_list":["post-12231","page","type-page","status-publish","has-post-thumbnail","hentry","tags-cabeadas","tags-solution"],"_links":{"self":[{"href":"https:\/\/aataudio.com.br\/home\/wp-json\/wp\/v2\/pages\/12231"}],"collection":[{"href":"https:\/\/aataudio.com.br\/home\/wp-json\/wp\/v2\/pages"}],"about":[{"href":"https:\/\/aataudio.com.br\/home\/wp-json\/wp\/v2\/types\/page"}],"author":[{"embeddable":true,"href":"https:\/\/aataudio.com.br\/home\/wp-json\/wp\/v2\/users\/5"}],"replies":[{"embeddable":true,"href":"https:\/\/aataudio.com.br\/home\/wp-json\/wp\/v2\/comments?post=12231"}],"version-history":[{"count":9,"href":"https:\/\/aataudio.com.br\/home\/wp-json\/wp\/v2\/pages\/12231\/revisions"}],"predecessor-version":[{"id":13056,"href":"https:\/\/aataudio.com.br\/home\/wp-json\/wp\/v2\/pages\/12231\/revisions\/13056"}],"up":[{"embeddable":true,"href":"https:\/\/aataudio.com.br\/home\/wp-json\/wp\/v2\/pages\/16164"}],"wp:featuredmedia":[{"embeddable":true,"href":"https:\/\/aataudio.com.br\/home\/wp-json\/wp\/v2\/media\/12242"}],"wp:attachment":[{"href":"https:\/\/aataudio.com.br\/home\/wp-json\/wp\/v2\/media?parent=12231"}],"curies":[{"name":"wp","href":"https:\/\/api.w.org\/{rel}","templated":true}]}}