{"id":11953,"date":"2025-02-22T18:58:04","date_gmt":"2025-02-22T21:58:04","guid":{"rendered":"https:\/\/aataudio.com.br\/?page_id=11953"},"modified":"2026-04-28T14:40:27","modified_gmt":"2026-04-28T17:40:27","slug":"subwoofer-de-embutir-cs1-ci","status":"publish","type":"page","link":"https:\/\/aataudio.com.br\/home\/subwoofers\/subwoofer-de-embutir-cs1-ci\/","title":{"rendered":"AAT SUBWOOFER DE EMBUTIR CS1-CI"},"content":{"rendered":"<div class=\"wpb-content-wrapper\"><p>[vc_row][vc_column][vc_row_inner][vc_column_inner][vc_raw_html css=&#8221;&#8221;]JTNDZGl2JTIwY2xhc3MlM0QlMjJlYXN5em9vbSUyMGVhc3l6b29tLS13aXRoLXRodW1ibmFpbHMlMjIlM0UlMEElMjAlMjAlMjAlM0NhJTIwaHJlZiUzRCUyMmh0dHBzJTNBJTJGJTJGYWF0YXVkaW8uY29tLmJyJTJGd3AtY29udGVudCUyRnVwbG9hZHMlMkZBQVQtU1VCV09PRkVSLUNTMS1DSS02XzAyLmpwZyUyMiUyMGNsYXNzJTNEJTIyem9vbS1tYXN0ZXIlMjIlM0UlMEElMjAlMjAlMjAlM0NpbWclMjBzcmMlM0QlMjJodHRwcyUzQSUyRiUyRmFhdGF1ZGlvLmNvbS5iciUyRndwLWNvbnRlbnQlMkZ1cGxvYWRzJTJGQUFULVNVQldPT0ZFUi1DUzEtQ0ktNl8wMi5qcGclMjIlMjBhbHQlM0QlMjJhYy0xJTIyJTNFJTBBJTIwJTIwJTIwJTNDJTJGYSUzRSUwQSUyMCUyMCUyMCUzQ2RpdiUyMGNsYXNzJTNEJTIyZWFzeXpvb20tZmx5b3V0JTIyJTNFJTNDJTJGZGl2JTNFJTBBJTNDJTJGZGl2JTNFJTBBJTNDdWwlMjBjbGFzcyUzRCUyMnRodW1ibmFpbHMlMjIlM0UlMEElMjAlMjAlMjAlM0NsaSUzRSUwQSUyMCUyMCUyMCUyMCUyMCUyMCUzQ2ElMjBocmVmJTNEJTIyaHR0cHMlM0ElMkYlMkZhYXRhdWRpby5jb20uYnIlMkZ3cC1jb250ZW50JTJGdXBsb2FkcyUyRkFBVC1TVUJXT09GRVItQ1MxLUNJLTZfMDIuanBnJTIyJTIwZGF0YS1zdGFuZGFyZCUzRCUyMmh0dHBzJTNBJTJGJTJGYWF0YXVkaW8uY29tLmJyJTJGd3AtY29udGVudCUyRnVwbG9hZHMlMkZBQVQtU1VCV09PRkVSLUNTMS1DSS02XzAyLmpwZyUyMiUzRSUwQSUyMCUyMCUyMCUyMCUyMCUyMCUzQ2ltZyUyMHNyYyUzRCUyMmh0dHBzJTNBJTJGJTJGYWF0YXVkaW8uY29tLmJyJTJGd3AtY29udGVudCUyRnVwbG9hZHMlMkZBQVQtU1VCV09PRkVSLUNTMS1DSS02XzAyLmpwZyUyMiUzRSUwQSUyMCUyMCUyMCUyMCUyMCUyMCUzQyUyRmElM0UlMEElMjAlMjAlMjAlM0MlMkZsaSUzRSUwQSUyMCUyMCUyMCUzQ2xpJTNFJTBBJTIwJTIwJTIwJTIwJTIwJTIwJTNDYSUyMGhyZWYlM0QlMjJodHRwcyUzQSUyRiUyRmFhdGF1ZGlvLmNvbS5iciUyRndwLWNvbnRlbnQlMkZ1cGxvYWRzJTJGQUFULVNVQldPT0ZFUi1DUzEtQ0ktNl8wMS5qcGclMjIlMjBkYXRhLXN0YW5kYXJkJTNEJTIyaHR0cHMlM0ElMkYlMkZhYXRhdWRpby5jb20uYnIlMkZ3cC1jb250ZW50JTJGdXBsb2FkcyUyRkFBVC1TVUJXT09GRVItQ1MxLUNJLTZfMDEuanBnJTIyJTNFJTBBJTIwJTIwJTIwJTIwJTIwJTIwJTNDaW1nJTIwc3JjJTNEJTIyaHR0cHMlM0ElMkYlMkZhYXRhdWRpby5jb20uYnIlMkZ3cC1jb250ZW50JTJGdXBsb2FkcyUyRkFBVC1TVUJXT09GRVItQ1MxLUNJLTZfMDEuanBnJTIyJTIwYWx0JTNEJTIyYWMtMSUyMiUzRSUwQSUyMCUyMCUyMCUyMCUyMCUyMCUzQyUyRmElM0UlMEElMjAlMjAlMjAlM0MlMkZsaSUzRSUyMCUyMCUyMCUwQSUyMCUyMCUyMCUzQ2xpJTNFJTBBJTIwJTIwJTIwJTIwJTIwJTIwJTNDYSUyMGhyZWYlM0QlMjJodHRwcyUzQSUyRiUyRmFhdGF1ZGlvLmNvbS5iciUyRndwLWNvbnRlbnQlMkZ1cGxvYWRzJTJGQUFULVNVQldPT0ZFUi1DUzEtQ0ktNl8wMy5qcGclMjIlMjBkYXRhLXN0YW5kYXJkJTNEJTIyaHR0cHMlM0ElMkYlMkZhYXRhdWRpby5jb20uYnIlMkZ3cC1jb250ZW50JTJGdXBsb2FkcyUyRkFBVC1TVUJXT09GRVItQ1MxLUNJLTZfMDMuanBnJTIyJTNFJTBBJTIwJTIwJTIwJTIwJTIwJTIwJTNDaW1nJTIwc3JjJTNEJTIyaHR0cHMlM0ElMkYlMkZhYXRhdWRpby5jb20uYnIlMkZ3cC1jb250ZW50JTJGdXBsb2FkcyUyRkFBVC1TVUJXT09GRVItQ1MxLUNJLTZfMDMuanBnJTIyJTIwYWx0JTNEJTIyYWMtMyUyMiUzRSUwQSUyMCUyMCUyMCUyMCUyMCUyMCUzQyUyRmElM0UlMEElMjAlMjAlMjAlM0MlMkZsaSUzRSUwQSUyMCUyMCUyMCUzQ2xpJTNFJTBBJTIwJTIwJTIwJTIwJTIwJTIwJTNDYSUyMGhyZWYlM0QlMjJodHRwcyUzQSUyRiUyRmFhdGF1ZGlvLmNvbS5iciUyRndwLWNvbnRlbnQlMkZ1cGxvYWRzJTJGQUFULVNVQldPT0ZFUi1DUzEtQ0ktNl8wNC5qcGclMjIlMjBkYXRhLXN0YW5kYXJkJTNEJTIyaHR0cHMlM0ElMkYlMkZhYXRhdWRpby5jb20uYnIlMkZ3cC1jb250ZW50JTJGdXBsb2FkcyUyRkFBVC1TVUJXT09GRVItQ1MxLUNJLTZfMDQuanBnJTIyJTNFJTBBJTIwJTIwJTIwJTIwJTIwJTIwJTNDaW1nJTIwc3JjJTNEJTIyaHR0cHMlM0ElMkYlMkZhYXRhdWRpby5jb20uYnIlMkZ3cC1jb250ZW50JTJGdXBsb2FkcyUyRkFBVC1TVUJXT09GRVItQ1MxLUNJLTZfMDQuanBnJTIyJTIwYWx0JTNEJTIyYWMtMSUyMiUzRSUwQSUyMCUyMCUyMCUyMCUyMCUyMCUzQyUyRmElM0UlMEElMjAlMjAlMjAlM0MlMkZsaSUzRSUwQSUyMCUyMCUyMCUzQ2xpJTNFJTBBJTIwJTIwJTIwJTIwJTIwJTIwJTNDYSUyMGhyZWYlM0QlMjJodHRwcyUzQSUyRiUyRmFhdGF1ZGlvLmNvbS5iciUyRndwLWNvbnRlbnQlMkZ1cGxvYWRzJTJGQUFULVNVQldPT0ZFUi1DUzEtQ0ktNl8wNS5qcGclMjIlMjBkYXRhLXN0YW5kYXJkJTNEJTIyaHR0cHMlM0ElMkYlMkZhYXRhdWRpby5jb20uYnIlMkZ3cC1jb250ZW50JTJGdXBsb2FkcyUyRkFBVC1TVUJXT09GRVItQ1MxLUNJLTZfMDUuanBnJTIyJTNFJTBBJTIwJTIwJTIwJTIwJTIwJTIwJTNDaW1nJTIwc3JjJTNEJTIyaHR0cHMlM0ElMkYlMkZhYXRhdWRpby5jb20uYnIlMkZ3cC1jb250ZW50JTJGdXBsb2FkcyUyRkFBVC1TVUJXT09GRVItQ1MxLUNJLTZfMDUuanBnJTIyJTIwYWx0JTNEJTIyYWMtMiUyMiUzRSUwQSUyMCUyMCUyMCUyMCUyMCUyMCUzQyUyRmElM0UlMEElMjAlMjAlMjAlM0MlMkZsaSUzRSUwQSUwQSUzQ2xpJTNFJTBBJTIwJTIwJTIwJTIwJTIwJTIwJTNDYSUyMGhyZWYlM0QlMjJodHRwcyUzQSUyRiUyRmFhdGF1ZGlvLmNvbS5iciUyRndwLWNvbnRlbnQlMkZ1cGxvYWRzJTJGQUFULVNVQldPT0ZFUi1DUzEtQ0ktNl8wNi5qcGclMjIlMjBkYXRhLXN0YW5kYXJkJTNEJTIyaHR0cHMlM0ElMkYlMkZhYXRhdWRpby5jb20uYnIlMkZ3cC1jb250ZW50JTJGdXBsb2FkcyUyRkFBVC1TVUJXT09GRVItQ1MxLUNJLTZfMDYuanBnJTIyJTNFJTBBJTIwJTIwJTIwJTIwJTIwJTIwJTNDaW1nJTIwc3JjJTNEJTIyaHR0cHMlM0ElMkYlMkZhYXRhdWRpby5jb20uYnIlMkZ3cC1jb250ZW50JTJGdXBsb2FkcyUyRkFBVC1TVUJXT09GRVItQ1MxLUNJLTZfMDYuanBnJTIyJTIwYWx0JTNEJTIyYWMtMiUyMiUzRSUwQSUyMCUyMCUyMCUyMCUyMCUyMCUzQyUyRmElM0UlMEElMjAlMjAlMjAlM0MlMkZsaSUzRSUwQSUwQSUzQyUyRnVsJTNF[\/vc_raw_html][\/vc_column_inner][\/vc_row_inner][vc_row_inner][vc_column_inner width=&#8221;1\/2&#8243;][\/vc_column_inner][vc_column_inner width=&#8221;1\/2&#8243;][vc_column_text]<aside class=\"mashsb-container mashsb-main mashsb-stretched\"><div class=\"mashsb-box\"><div class=\"mashsb-buttons\"><a class=\"mashicon-facebook mash-small mash-center mashsb-noshadow mashsb-pure-icons\" href=\"https:\/\/www.facebook.com\/sharer.php?u=https%3A%2F%2Faataudio.com.br%2Fhome%2Fsubwoofers%2Fsubwoofer-de-embutir-cs1-ci%2F\" target=\"_top\" rel=\"nofollow\"><span class=\"icon\"><\/span><span class=\"text\"><\/span><\/a><a class=\"mashicon-twitter mash-small mash-center mashsb-noshadow mashsb-pure-icons\" href=\"https:\/\/twitter.com\/intent\/tweet?text=&amp;url=https:\/\/aataudio.com.br\/home\/subwoofers\/subwoofer-de-embutir-cs1-ci\/\" target=\"_top\" rel=\"nofollow\"><span class=\"icon\"><\/span><span class=\"text\"><\/span><\/a><a class=\"mashicon-whatsapp mash-small mash-center mashsb-noshadow mashsb-pure-icons\" href=\"\" target=\"_top\" rel=\"nofollow\"><span class=\"icon\"><\/span><span class=\"text\"><\/span><\/a><div class=\"onoffswitch2 mash-small mashsb-noshadow\" style=\"display:none\"><\/div><\/div><\/div>\n                    <div style=\"clear:both\"><\/div><div class=\"mashsb-toggle-container\"><\/div><\/aside>\n            <!-- Share buttons made by mashshare.net - Version: 4.0.47--><br \/>\n<a style=\"display: none;\" href=\"whatsapp:\/\/send?text=The text to share!\" data-action=\"share\/whatsapp\/share\">Share via Whatsapp<\/a>[\/vc_column_text][\/vc_column_inner][\/vc_row_inner][\/vc_column][\/vc_row][vc_row el_id=&#8221;tab-menu-produto&#8221;][vc_column][vc_row_inner][vc_column_inner][vc_btn title=&#8221;Descri\u00e7\u00e3o&#8221; shape=&#8221;square&#8221; link=&#8221;url:%23descricao|||rel:nofollow&#8221; el_class=&#8221;ancor-scroll&#8221;][vc_btn title=&#8221;Caracteristicas&#8221; shape=&#8221;square&#8221; link=&#8221;url:%23caracteristicas|||rel:nofollow&#8221; el_class=&#8221;ancor-scroll&#8221;][vc_btn title=&#8221;Especifica\u00e7\u00f5es&#8221; shape=&#8221;square&#8221; link=&#8221;url:%23especificacoes|||rel:nofollow&#8221; el_class=&#8221;ancor-scroll&#8221;][\/vc_column_inner][\/vc_row_inner][\/vc_column][\/vc_row][vc_row el_id=&#8221;descricao&#8221;][vc_column][vc_row_inner][vc_column_inner][vc_column_text]<\/p>\n<h3 class=\"info-page-title\"><strong>DESCRI\u00c7\u00c3O<\/strong><\/h3>\n<p>Com uma proposta clean e contempor\u00e2nea, o subwoofer passivo de embutir AAT CS1-CI \u00e9 a solu\u00e7\u00e3o ideal para quem busca discri\u00e7\u00e3o e excel\u00eancia sonora. \u00c9 um modelo que produz graves profundos e impactantes, capazes de preencher completamente o ambiente.<\/p>\n<p>O sub passivo, que depende de amplifica\u00e7\u00e3o externa, fica completamente invis\u00edvel no teto, como um alto-falante de embutir. E isso n\u00e3o interfere na performance, j\u00e1 que o produto consegue entregar sons graves de alta qualidade.[\/vc_column_text][\/vc_column_inner][\/vc_row_inner][\/vc_column][\/vc_row][vc_row el_id=&#8221;caracteristicas&#8221;][vc_column][vc_row_inner][vc_column_inner][vc_column_text]<\/p>\n<h3 class=\"info-page-title\"><strong>CARACTER\u00cdSTICAS<\/strong><\/h3>\n<p>O\u00a0<strong>AAT CS1-CI\u00a0<\/strong>\u00e9 um subwoofer passivo de embutir no teto, ou seja, que necessita de um amplificador externo, como o modelo AAT PMS-200, para funcionar. O produto foi especialmente desenvolvido para uso em projetos de som ambiente de alta qualidade, mas tamb\u00e9m pode ser utilizado em sistemas de home theater.<\/p>\n<p>Suspenso por tirantes de a\u00e7o ou fixado diretamente na laje, o subwoofer AAT CS1-CI reproduz graves profundos sem provocar vibra\u00e7\u00f5es no gesso. Depois do produto instalado, a \u00fanica parte vis\u00edvel \u00e9 a tela magn\u00e9tica externa, id\u00eantica \u00e0 das caixas de embutir AAT NQ6-M100.<\/p>\n<p>O sub de teto da AAT vem com tela magn\u00e9tica nas vers\u00f5es quadrada <strong>(CS1Q-CI)\u00a0<\/strong>ou redonda\u00a0<strong>(CS1R-CI)<\/strong>, e nas cores preto ou branco. Como \u00e9 alimentado por um amplificador de subwoofer, que deve ser posicionado a uma dist\u00e2ncia de at\u00e9 20m, o produto funciona sem precisar de energia el\u00e9trica.<\/p>\n<p>Com pot\u00eancia m\u00e1xima de 300W RMS e imped\u00e2ncia de 8 ohms, o alto-falante do subwoofer AAT CS1-CI \u00e9 feito sob encomenda, de acordo com as especifica\u00e7\u00f5es da AAT. Est\u00e1 montado em uma caixa Band-Pass de 4\u00aa ordem, cuja sintonia foi cuidadosamente projetada para fornecer\u00a0graves na faixa de 30 a 150Hz. O gabinete \u00e9 constru\u00eddo com material MDF com espessura 25mm em alguns de seus pain\u00e9is, formando um conjunto bastante robusto e eliminando qualquer possibilidade de ocorrerem resson\u00e2ncias e vibra\u00e7\u00f5es aud\u00edveis.[\/vc_column_text][vc_raw_html css=&#8221;&#8221;]JTNDaDMlMjBjbGFzcyUzRCUyMmluZm8tcGFnZS10aXRsZSUyMiUzRVJFQUxJREFERSUyMEFVTUVOVEFEQSUzQyUyRmgzJTNFJTBBRXNjYW5laWUlMjBvJTIwUVIlMjBDb2RlJTIwY29tJTIwYSUyMGMlQzMlQTJtZXJhJTIwZG8lMjBzZXUlMjBjZWx1bGFyJTIwZSUyMHZlamElMjBvJTIwcHJvZHV0byUyMGVtJTIwM0QlMjBpbnNlcmlkbyUyMGVtJTIwdGFtYW5obyUyMHJlYWwlMjBubyUyMHNldSUyMGFtYmllbnRlLg==[\/vc_raw_html][\/vc_column_inner][\/vc_row_inner][vc_raw_html css=&#8221;&#8221;]JTNDJTIxZG9jdHlwZSUyMGh0bWwlM0UlMEElM0NodG1sJTIwbGFuZyUzRCUyMmVuJTIyJTNFJTBBJTIwJTIwJTNDaGVhZCUzRSUwQSUyMCUyMCUyMCUyMCUzQ3RpdGxlJTNFJTI2bHQlM0Jtb2RlbC12aWV3ZXIlMjZndCUzQiUyMHRlbXBsYXRlJTNDJTJGdGl0bGUlM0UlMEElMjAlMjAlMjAlMjAlM0NtZXRhJTIwY2hhcnNldCUzRCUyMnV0Zi04JTIyJTNFJTBBJTIwJTIwJTIwJTIwJTNDbWV0YSUyMG5hbWUlM0QlMjJkZXNjcmlwdGlvbiUyMiUyMGNvbnRlbnQlM0QlMjIlMjZsdCUzQm1vZGVsLXZpZXdlciUyNmd0JTNCJTIwdGVtcGxhdGUlMjIlM0UlMEElMjAlMjAlMjAlMjAlM0NtZXRhJTIwbmFtZSUzRCUyMnZpZXdwb3J0JTIyJTIwY29udGVudCUzRCUyMndpZHRoJTNEZGV2aWNlLXdpZHRoJTJDJTIwaW5pdGlhbC1zY2FsZSUzRDElMjIlM0UlMEElMjAlMjAlM0NzdHlsZSUzRSUyMCUyRiUyQSUyMEVzdGlsbyUyMHBhZHIlQzMlQTNvJTIwcGFyYSUyMGRlc2t0b3AlMjAlMkElMkYlMjBtb2RlbC12aWV3ZXIlMjAlN0IlMjB3aWR0aCUzQSUyMDgwMHB4JTNCJTIwaGVpZ2h0JTNBJTIwNjAwcHglM0IlMjAlN0QlMjAlMkYlMkElMjBBanVzdGUlMjBwYXJhJTIwdGVsYXMlMjBtZW5vcmVzJTIwJTI4bW9iaWxlJTI5JTIwJTJBJTJGJTIwJTQwbWVkaWElMjAlMjhtYXgtd2lkdGglM0ElMjA3NjhweCUyOSUyMCU3QiUyMG1vZGVsLXZpZXdlciUyMCU3QiUyMHdpZHRoJTNBJTIwMTAwJTI1JTNCJTIwJTJGJTJBJTIwb2N1cGElMjB0b2RhJTIwYSUyMGxhcmd1cmElMjBkaXNwb24lQzMlQUR2ZWwlMjAlMkElMkYlMjBoZWlnaHQlM0ElMjAzMDBweCUzQiUyMCUyRiUyQSUyMGFsdHVyYSUyMHJlZHV6aWRhJTIwJTJBJTJGJTIwJTdEJTIwJTdEJTIwJTBBJTBBJTIzYXItYnV0dG9uJTIwJTdCJTIwYmFja2dyb3VuZC1jb2xvciUzQSUyMHdoaXRlJTNCJTIwYm9yZGVyLXJhZGl1cyUzQSUyMDRweCUzQiUyMGJvcmRlciUzQSUyMG5vbmUlM0IlMjBwb3NpdGlvbiUzQSUyMGFic29sdXRlJTNCJTIwYm90dG9tJTNBJTIwMzBweCUzQiUzQiUyMHJpZ2h0JTNBJTIwMTZweCUzQiUyMHBhZGRpbmclM0ElMjAxMHB4JTNCJTIwJTdEJTBBJTBBJTIzYXItcHJvbXB0JTIwJTdCJTIwYmFja2dyb3VuZC1jb2xvciUzQSUyMHdoaXRlJTNCJTIwYm9yZGVyLXJhZGl1cyUzQSUyMDRweCUzQiUyMGJvcmRlciUzQSUyMG5vbmUlM0IlMjBwb3NpdGlvbiUzQSUyMGFic29sdXRlJTNCJTIwYm90dG9tJTNBJTIwMzBweCUzQiUzQiUyMGxlZnQlM0ElMjAxNnB4JTNCJTIwcGFkZGluZyUzQSUyMDEwcHglM0IlMjAlN0QlMEElMEElMjNsb2dvMSUyMCU3QiUwQSUyMCUyMCUyMCUyMCUyMCUyMHBvc2l0aW9uJTNBJTIwZml4ZWQlM0IlMjAlMjAlMjAlMkYlMkElMjBmaXhhJTIwYSUyMGltYWdlbSUyMG5hJTIwdGVsYSUyMCUyQSUyRiUwQSUyMCUyMCUyMCUyMCUyMCUyMHRvcCUzQSUyMDAlM0IlMjAlMjAlMjAlMjAlMjAlMjAlMjAlMjAlMjAlMjAlMjAlMjAlMkYlMkElMjBkaXN0JUMzJUEybmNpYSUyMGRvJTIwdG9wbyUyMCUyQSUyRiUwQSUyMCUyMCUyMCUyMCUyMCUyMGxlZnQlM0ElMjAwJTNCJTIwJTIwJTIwJTIwJTIwJTIwJTIwJTIwJTIwJTIwJTIwJTJGJTJBJTIwZGlzdCVDMyVBMm5jaWElMjBkYSUyMGVzcXVlcmRhJTIwJTJBJTJGJTBBJTIwJTIwJTIwJTIwJTIwJTIwd2lkdGglM0ElMjAxNjBweCUzQiUyMCUyMCUyMCUyMCUyMCUyMCUyRiUyQSUyMGFqdXN0ZSUyMG8lMjB0YW1hbmhvJTIwY29uZm9ybWUlMjBuZWNlc3MlQzMlQTFyaW8lMjAlMkElMkYlMEElMjAlMjAlMjAlMjAlMjAlMjBoZWlnaHQlM0ElMjBhdXRvJTNCJTIwJTIwJTIwJTIwJTIwJTIwJTJGJTJBJTIwbWFudCVDMyVBOW0lMjBhJTIwcHJvcG9yJUMzJUE3JUMzJUEzbyUyMCUyQSUyRiUwQSUyMCUyMCUyMCUyMCUyMCUyMHotaW5kZXglM0ElMjA5OTk5JTNCJTIwJTIwJTIwJTIwJTIwJTJGJTJBJTIwZ2FyYW50ZSUyMHF1ZSUyMGZpcXVlJTIwYWNpbWElMjBkb3MlMjBvdXRyb3MlMjBlbGVtZW50b3MlMjAlMkElMkYlMEElMjAlMjAlMjAlMjAlMjAlMjBkaXNwbGF5JTNBJTIwbm9uZSUzQiUwQSU0MG1lZGlhJTIwJTI4bWluLXdpZHRoJTNBJTIwMTAyNHB4JTI5JTIwJTdCJTBBJTIwJTIwJTIwJTIwZGlzcGxheSUzQSUyMGJsb2NrJTNCJTBBJTIwJTIwJTdEJTBBJTdEJTBBJTBBJTBBJTBBJTNDJTJGc3R5bGUlM0UlMEElMjAlMjAlM0MlMkZoZWFkJTNFJTBBJTIwJTIwJTIwJTIwJTNDYm9keSUzRSUwQSUyMCUyMCUyMCUzQ2RpdiUyMGFsaWduJTNEJTIyY2VudGVyJTIyJTNFJTIwJTNDJTIxLS0lMjAlM0Ntb2RlbC12aWV3ZXIlM0UlMjBIVE1MJTIwZWxlbWVudCUyMC0tJTNFJTBBJTIwJTIwJTIwJTIwJTNDbW9kZWwtdmlld2VyJTIwc3JjJTNEJTIyaHR0cHMlM0ElMkYlMkZhYXRhdWRpby5jb20uYnIlMkZtb2RlbHZpZXdlciUyRnN1Yl90ZXRvJTJGU1VCX1RFVE9fQUFUX09UTS5nbGIlMjIlMjBhciUyMGFyLW1vZGVzJTNEJTIyd2VieHIlMjBzY2VuZS12aWV3ZXIlMjBxdWljay1sb29rJTIyJTIwY2FtZXJhLWNvbnRyb2xzJTIwdG9uZS1tYXBwaW5nJTNEJTIybmV1dHJhbCUyMiUyMHBvc3RlciUzRCUyMmh0dHBzJTNBJTJGJTJGYWF0YXVkaW8uY29tLmJyJTJGbW9kZWx2aWV3ZXIlMkZzdWJfdGV0byUyRnBvc3Rlci53ZWJwJTIyJTIwc2hhZG93LWludGVuc2l0eSUzRCUyMjElMjIlMjBlbnZpcm9ubWVudC1pbWFnZSUzRCUyMmh0dHBzJTNBJTJGJTJGYWF0YXVkaW8uY29tLmJyJTJGbW9kZWx2aWV3ZXIlMkZzdWJfdGV0byUyRkhEUklfTU9ERUxfVklFV0VSX1BBRFJBTy5wbmclMjIlMjBleHBvc3VyZSUzRCUyMjIlMjIlMjBjYW1lcmEtb3JiaXQlM0QlMjIyLjI2NmRlZyUyMDg2LjYxZGVnJTIwMS4xNW0lMjIlMjBmaWVsZC1vZi12aWV3JTNEJTIyMzBkZWclMjIlM0UlMEElMjAlMjAlMjAlMjAlMjAlMjAlM0NkaXYlMjBjbGFzcyUzRCUyMnByb2dyZXNzLWJhciUyMGhpZGUlMjIlMjBzbG90JTNEJTIycHJvZ3Jlc3MtYmFyJTIyJTNFJTBBJTIwJTIwJTIwJTIwJTIwJTIwJTIwJTIwJTIwJTIwJTNDZGl2JTIwY2xhc3MlM0QlMjJ1cGRhdGUtYmFyJTIyJTNFJTNDJTJGZGl2JTNFJTBBJTIwJTIwJTIwJTIwJTIwJTIwJTNDJTJGZGl2JTNFJTBBJTIwJTIwJTIwJTIwJTIwJTIwJTNDYnV0dG9uJTIwc2xvdCUzRCUyMmFyLWJ1dHRvbiUyMiUyMGlkJTNEJTIyYXItYnV0dG9uJTIyJTNFJTBBJTIwJTIwJTIwJTIwJTIwJTIwJTIwJTIwJTIwJTIwVmVqYSUyMG5vJTIwc2V1JTIwZXNwYSVDMyVBN28lMEElMjAlMjAlMjAlMjAlMjAlMjAlM0MlMkZidXR0b24lM0UlMEElMjAlM0NkaXYlMjBpZCUzRCUyMmxvZ28xJTIyJTNFJTBBJTNDaW1nJTIwY2xhc3MlM0QlMjJxcmNvZGUlMjIlMjBzcmMlM0QlMjJodHRwcyUzQSUyRiUyRmFhdGF1ZGlvLmNvbS5iciUyRm1vZGVsdmlld2VyJTJGc3ViX3RldG8lMkZxcl9jb2RlLnBuZyUyMiUyMGFsdCUzRCUyMlFSJTIwQ29kZSUyMiUzRSUwQSUzQyUyRmRpdiUzRSUwQSUyMCUyMCUyMCUyMCUyMCUyMCUzQ2RpdiUyMGlkJTNEJTIyYXItcHJvbXB0JTIyJTNFJTBBJTIwJTIwJTIwJTIwJTIwJTIwJTIwJTIwJTIwJTIwJTNDaW1nJTIwc3JjJTNEJTIyaHR0cHMlM0ElMkYlMkZhYXRhdWRpby5jb20uYnIlMkZtb2RlbHZpZXdlciUyRnN1Yl90ZXRvJTJGYXJfaGFuZF9wcm9tcHQucG5nJTIyJTNFJTBBJTIwJTIwJTIwJTIwJTIwJTIwJTNDJTJGZGl2JTNFJTBBJTIwJTIwJTIwJTIwJTNDJTJGbW9kZWwtdmlld2VyJTNFJTIwJTIwJTBBJTNDJTJGZGl2JTNFJTBBJTIwJTIwJTIwJTIwJTNDc2NyaXB0JTIwc3JjJTNEJTIyaHR0cHMlM0ElMkYlMkZhYXRhdWRpby5jb20uYnIlMkZtb2RlbHZpZXdlciUyRnN1Yl90ZXRvJTJGc2NyaXB0LmpzJTIyJTNFJTNDJTJGc2NyaXB0JTNFJTBBJTIwJTIwJTIwJTIwJTNDJTIxLS0lMjBMb2FkcyUyMCUzQ21vZGVsLXZpZXdlciUzRSUyMGZvciUyMGJyb3dzZXJzJTNBJTIwLS0lM0UlMEElMjAlMjAlMjAlMjAlM0NzY3JpcHQlMjB0eXBlJTNEJTIybW9kdWxlJTIyJTIwc3JjJTNEJTIyaHR0cHMlM0ElMkYlMkZhamF4Lmdvb2dsZWFwaXMuY29tJTJGYWpheCUyRmxpYnMlMkZtb2RlbC12aWV3ZXIlMkY0LjAuMCUyRm1vZGVsLXZpZXdlci5taW4uanMlMjIlM0UlM0MlMkZzY3JpcHQlM0UlMEElMjAlMjAlM0MlMkZib2R5JTNFJTBBJTNDJTJGaHRtbCUzRQ==[\/vc_raw_html][\/vc_column][\/vc_row][vc_row el_id=&#8221;especificacoes&#8221;][vc_column][vc_row_inner][vc_column_inner][vc_column_text]<\/p>\n<h3 class=\"info-page-title\"><strong>ESPECIFICA\u00c7\u00d5ES<\/strong><\/h3>\n<p>[\/vc_column_text][\/vc_column_inner][\/vc_row_inner][vc_column_text css=&#8221;&#8221;]<\/p>\n<div class=\"table-responsive\">\n<table class=\"table table-especificacoes\">\n<thead>\n<tr>\n<th><\/th>\n<th style=\"text-align: center;\"><img loading=\"lazy\" decoding=\"async\" class=\"aligncenter wp-image-15777\" src=\"https:\/\/aataudio.com.br\/wp-content\/uploads\/AAT-SUBWOOFER-CS1-CI-6_02_01-300x193.jpg\" alt=\"\" width=\"187\" height=\"120\" srcset=\"https:\/\/aataudio.com.br\/wp-content\/uploads\/AAT-SUBWOOFER-CS1-CI-6_02_01-300x193.jpg 300w, https:\/\/aataudio.com.br\/wp-content\/uploads\/AAT-SUBWOOFER-CS1-CI-6_02_01.jpg 560w\" sizes=\"(max-width: 187px) 100vw, 187px\" \/>aat cs1-ci<\/th>\n<\/tr>\n<\/thead>\n<tbody>\n<tr class=\"table-first-row\">\n<th scope=\"row\">Tipo de sintonia<\/th>\n<td class=\"table-info-value\">Caixa ac\u00fastica Band-Pass de 4\u00aa ordem<\/td>\n<\/tr>\n<tr>\n<th style=\"white-space: normal;\" scope=\"row\">Pot\u00eancia RMS m\u00e1xima<\/th>\n<td class=\"table-info-value\">300W RMS<\/td>\n<\/tr>\n<tr>\n<th scope=\"row\">Imped\u00e2ncia<\/th>\n<td class=\"table-info-value\">8 ohms<\/td>\n<\/tr>\n<tr>\n<th scope=\"row\">Resposta em frequ\u00eancia<\/th>\n<td class=\"table-info-value\">30 &#8211; 150Hz<\/td>\n<\/tr>\n<tr>\n<th scope=\"row\">Sensibilidade<\/th>\n<td class=\"table-info-value\">87dB<\/td>\n<\/tr>\n<tr>\n<th scope=\"row\">Di\u00e2metro de corte<\/th>\n<td class=\"table-info-value\">210mm<\/td>\n<\/tr>\n<tr>\n<th scope=\"row\">Altura dispon\u00edvel para instala\u00e7\u00e3o no teto<\/th>\n<td class=\"table-info-value\">A partir de 30cm<\/td>\n<\/tr>\n<p><!--<\/p>\n\n\n\n\n<tr>\n\n\n<th scope=\"row\">Dist\u00e2ncia m\u00ednima do forro de gesso ou drywall<\/th>\n\n\n\n\n<td class=\"table-info-value\">10cm<\/td>\n\n\n<\/tr>\n\n\n\n\n<p>--><\/p>\n<tr>\n<th scope=\"row\">Dimens\u00f5es (Lx W x H)<\/th>\n<td class=\"table-info-value\">1100 x 345 x 195mm<\/td>\n<\/tr>\n<tr>\n<th scope=\"row\">Peso<\/th>\n<td class=\"table-info-value\">15,8 Kg (sem embalagem) \/ 17 Kg (com embalagem)<\/td>\n<\/tr>\n<tr class=\"hidden-xs\">\n<th scope=\"row\">Gabarito<\/th>\n<td class=\"table-info-value border-right\"><a class=\"btn btn-sm btn-default btn-download-gabarito\" href=\"https:\/\/aataudio.com.br\/wp-content\/uploads\/GABARITO-CS1-REV-00.pdf\">Baixar Gabarito<\/a><\/td>\n<\/tr>\n<\/tbody>\n<\/table>\n<\/div>\n<p>[\/vc_column_text][\/vc_column][\/vc_row][vc_row css=&#8221;.vc_custom_1618841970500{margin-top: 35px !important;}&#8221; el_id=&#8221;veja-tambem&#8221;][vc_column offset=&#8221;vc_hidden-xs&#8221;][vc_column_text]<\/p>\n<h3 class=\"info-page-title\">VEJA TAMB\u00c9M<\/h3>\n<p>[\/vc_column_text][vc_basic_grid post_type=&#8221;page&#8221; max_items=&#8221;-1&#8243; style=&#8221;pagination&#8221; items_per_page=&#8221;4&#8243; element_width=&#8221;3&#8243; gap=&#8221;20&#8243; orderby=&#8221;menu_order&#8221; order=&#8221;ASC&#8221; paging_color=&#8221;sky&#8221; item=&#8221;184&#8243; initial_loading_animation=&#8221;none&#8221; grid_id=&#8221;vc_gid:1777398020966-4b64934ae4a014c65dced73a34e38ec6-10&#8243; taxonomies=&#8221;6&#8243; exclude=&#8221;376&#8243;][\/vc_column][\/vc_row][vc_row css=&#8221;.vc_custom_1618851810319{margin-top: 35px !important;}&#8221; el_id=&#8221;veja-tambem-2&#8243;][vc_column offset=&#8221;vc_hidden-lg vc_hidden-md vc_hidden-sm&#8221;][vc_column_text]<\/p>\n<h3 class=\"info-page-title\">VEJA TAMB\u00c9M<\/h3>\n<p>[\/vc_column_text][vc_basic_grid post_type=&#8221;page&#8221; max_items=&#8221;-1&#8243; style=&#8221;pagination&#8221; items_per_page=&#8221;1&#8243; element_width=&#8221;12&#8243; gap=&#8221;20&#8243; orderby=&#8221;menu_order&#8221; order=&#8221;ASC&#8221; arrows_design=&#8221;vc_arrow-icon-arrow_07_left&#8221; arrows_position=&#8221;outside&#8221; arrows_color=&#8221;sky&#8221; paging_color=&#8221;sky&#8221; item=&#8221;184&#8243; initial_loading_animation=&#8221;none&#8221; grid_id=&#8221;vc_gid:1777398021003-6f725b8b721bd9da50fe71a3ad11cd40-6&#8243; taxonomies=&#8221;6&#8243; exclude=&#8221;376&#8243;][\/vc_column][\/vc_row]<\/p>\n<\/div>","protected":false},"excerpt":{"rendered":"<p>[vc_row][vc_column][vc_row_inner][vc_column_inner][vc_raw_html css=&#8221;&#8221;]JTNDZGl2JTIwY2xhc3MlM0QlMjJlYXN5em9vbSUyMGVhc3l6b29tLS13aXRoLXRodW1ibmFpbHMlMjIlM0UlMEElMjAlMjAlMjAlM0NhJTIwaHJlZiUzRCUyMmh0dHBzJTNBJTJGJTJGYWF0YXVkaW8uY29tLmJyJTJGd3AtY29udGVudCUyRnVwbG9hZHMlMkZBQVQtU1VCV09PRkVSLUNTMS1DSS02XzAyLmpwZyUyMiUyMGNsYXNzJTNEJTIyem9vbS1tYXN0ZXIlMjIlM0UlMEElMjAlMjAlMjAlM0NpbWclMjBzcmMlM0QlMjJodHRwcyUzQSUyRiUyRmFhdGF1ZGlvLmNvbS5iciUyRndwLWNvbnRlbnQlMkZ1cGxvYWRzJTJGQUFULVNVQldPT0ZFUi1DUzEtQ0ktNl8wMi5qcGclMjIlMjBhbHQlM0QlMjJhYy0xJTIyJTNFJTBBJTIwJTIwJTIwJTNDJTJGYSUzRSUwQSUyMCUyMCUyMCUzQ2RpdiUyMGNsYXNzJTNEJTIyZWFzeXpvb20tZmx5b3V0JTIyJTNFJTNDJTJGZGl2JTNFJTBBJTNDJTJGZGl2JTNFJTBBJTNDdWwlMjBjbGFzcyUzRCUyMnRodW1ibmFpbHMlMjIlM0UlMEElMjAlMjAlMjAlM0NsaSUzRSUwQSUyMCUyMCUyMCUyMCUyMCUyMCUzQ2ElMjBocmVmJTNEJTIyaHR0cHMlM0ElMkYlMkZhYXRhdWRpby5jb20uYnIlMkZ3cC1jb250ZW50JTJGdXBsb2FkcyUyRkFBVC1TVUJXT09GRVItQ1MxLUNJLTZfMDIuanBnJTIyJTIwZGF0YS1zdGFuZGFyZCUzRCUyMmh0dHBzJTNBJTJGJTJGYWF0YXVkaW8uY29tLmJyJTJGd3AtY29udGVudCUyRnVwbG9hZHMlMkZBQVQtU1VCV09PRkVSLUNTMS1DSS02XzAyLmpwZyUyMiUzRSUwQSUyMCUyMCUyMCUyMCUyMCUyMCUzQ2ltZyUyMHNyYyUzRCUyMmh0dHBzJTNBJTJGJTJGYWF0YXVkaW8uY29tLmJyJTJGd3AtY29udGVudCUyRnVwbG9hZHMlMkZBQVQtU1VCV09PRkVSLUNTMS1DSS02XzAyLmpwZyUyMiUzRSUwQSUyMCUyMCUyMCUyMCUyMCUyMCUzQyUyRmElM0UlMEElMjAlMjAlMjAlM0MlMkZsaSUzRSUwQSUyMCUyMCUyMCUzQ2xpJTNFJTBBJTIwJTIwJTIwJTIwJTIwJTIwJTNDYSUyMGhyZWYlM0QlMjJodHRwcyUzQSUyRiUyRmFhdGF1ZGlvLmNvbS5iciUyRndwLWNvbnRlbnQlMkZ1cGxvYWRzJTJGQUFULVNVQldPT0ZFUi1DUzEtQ0ktNl8wMS5qcGclMjIlMjBkYXRhLXN0YW5kYXJkJTNEJTIyaHR0cHMlM0ElMkYlMkZhYXRhdWRpby5jb20uYnIlMkZ3cC1jb250ZW50JTJGdXBsb2FkcyUyRkFBVC1TVUJXT09GRVItQ1MxLUNJLTZfMDEuanBnJTIyJTNFJTBBJTIwJTIwJTIwJTIwJTIwJTIwJTNDaW1nJTIwc3JjJTNEJTIyaHR0cHMlM0ElMkYlMkZhYXRhdWRpby5jb20uYnIlMkZ3cC1jb250ZW50JTJGdXBsb2FkcyUyRkFBVC1TVUJXT09GRVItQ1MxLUNJLTZfMDEuanBnJTIyJTIwYWx0JTNEJTIyYWMtMSUyMiUzRSUwQSUyMCUyMCUyMCUyMCUyMCUyMCUzQyUyRmElM0UlMEElMjAlMjAlMjAlM0MlMkZsaSUzRSUyMCUyMCUyMCUwQSUyMCUyMCUyMCUzQ2xpJTNFJTBBJTIwJTIwJTIwJTIwJTIwJTIwJTNDYSUyMGhyZWYlM0QlMjJodHRwcyUzQSUyRiUyRmFhdGF1ZGlvLmNvbS5iciUyRndwLWNvbnRlbnQlMkZ1cGxvYWRzJTJGQUFULVNVQldPT0ZFUi1DUzEtQ0ktNl8wMy5qcGclMjIlMjBkYXRhLXN0YW5kYXJkJTNEJTIyaHR0cHMlM0ElMkYlMkZhYXRhdWRpby5jb20uYnIlMkZ3cC1jb250ZW50JTJGdXBsb2FkcyUyRkFBVC1TVUJXT09GRVItQ1MxLUNJLTZfMDMuanBnJTIyJTNFJTBBJTIwJTIwJTIwJTIwJTIwJTIwJTNDaW1nJTIwc3JjJTNEJTIyaHR0cHMlM0ElMkYlMkZhYXRhdWRpby5jb20uYnIlMkZ3cC1jb250ZW50JTJGdXBsb2FkcyUyRkFBVC1TVUJXT09GRVItQ1MxLUNJLTZfMDMuanBnJTIyJTIwYWx0JTNEJTIyYWMtMyUyMiUzRSUwQSUyMCUyMCUyMCUyMCUyMCUyMCUzQyUyRmElM0UlMEElMjAlMjAlMjAlM0MlMkZsaSUzRSUwQSUyMCUyMCUyMCUzQ2xpJTNFJTBBJTIwJTIwJTIwJTIwJTIwJTIwJTNDYSUyMGhyZWYlM0QlMjJodHRwcyUzQSUyRiUyRmFhdGF1ZGlvLmNvbS5iciUyRndwLWNvbnRlbnQlMkZ1cGxvYWRzJTJGQUFULVNVQldPT0ZFUi1DUzEtQ0ktNl8wNC5qcGclMjIlMjBkYXRhLXN0YW5kYXJkJTNEJTIyaHR0cHMlM0ElMkYlMkZhYXRhdWRpby5jb20uYnIlMkZ3cC1jb250ZW50JTJGdXBsb2FkcyUyRkFBVC1TVUJXT09GRVItQ1MxLUNJLTZfMDQuanBnJTIyJTNFJTBBJTIwJTIwJTIwJTIwJTIwJTIwJTNDaW1nJTIwc3JjJTNEJTIyaHR0cHMlM0ElMkYlMkZhYXRhdWRpby5jb20uYnIlMkZ3cC1jb250ZW50JTJGdXBsb2FkcyUyRkFBVC1TVUJXT09GRVItQ1MxLUNJLTZfMDQuanBnJTIyJTIwYWx0JTNEJTIyYWMtMSUyMiUzRSUwQSUyMCUyMCUyMCUyMCUyMCUyMCUzQyUyRmElM0UlMEElMjAlMjAlMjAlM0MlMkZsaSUzRSUwQSUyMCUyMCUyMCUzQ2xpJTNFJTBBJTIwJTIwJTIwJTIwJTIwJTIwJTNDYSUyMGhyZWYlM0QlMjJodHRwcyUzQSUyRiUyRmFhdGF1ZGlvLmNvbS5iciUyRndwLWNvbnRlbnQlMkZ1cGxvYWRzJTJGQUFULVNVQldPT0ZFUi1DUzEtQ0ktNl8wNS5qcGclMjIlMjBkYXRhLXN0YW5kYXJkJTNEJTIyaHR0cHMlM0ElMkYlMkZhYXRhdWRpby5jb20uYnIlMkZ3cC1jb250ZW50JTJGdXBsb2FkcyUyRkFBVC1TVUJXT09GRVItQ1MxLUNJLTZfMDUuanBnJTIyJTNFJTBBJTIwJTIwJTIwJTIwJTIwJTIwJTNDaW1nJTIwc3JjJTNEJTIyaHR0cHMlM0ElMkYlMkZhYXRhdWRpby5jb20uYnIlMkZ3cC1jb250ZW50JTJGdXBsb2FkcyUyRkFBVC1TVUJXT09GRVItQ1MxLUNJLTZfMDUuanBnJTIyJTIwYWx0JTNEJTIyYWMtMiUyMiUzRSUwQSUyMCUyMCUyMCUyMCUyMCUyMCUzQyUyRmElM0UlMEElMjAlMjAlMjAlM0MlMkZsaSUzRSUwQSUwQSUzQ2xpJTNFJTBBJTIwJTIwJTIwJTIwJTIwJTIwJTNDYSUyMGhyZWYlM0QlMjJodHRwcyUzQSUyRiUyRmFhdGF1ZGlvLmNvbS5iciUyRndwLWNvbnRlbnQlMkZ1cGxvYWRzJTJGQUFULVNVQldPT0ZFUi1DUzEtQ0ktNl8wNi5qcGclMjIlMjBkYXRhLXN0YW5kYXJkJTNEJTIyaHR0cHMlM0ElMkYlMkZhYXRhdWRpby5jb20uYnIlMkZ3cC1jb250ZW50JTJGdXBsb2FkcyUyRkFBVC1TVUJXT09GRVItQ1MxLUNJLTZfMDYuanBnJTIyJTNFJTBBJTIwJTIwJTIwJTIwJTIwJTIwJTNDaW1nJTIwc3JjJTNEJTIyaHR0cHMlM0ElMkYlMkZhYXRhdWRpby5jb20uYnIlMkZ3cC1jb250ZW50JTJGdXBsb2FkcyUyRkFBVC1TVUJXT09GRVItQ1MxLUNJLTZfMDYuanBnJTIyJTIwYWx0JTNEJTIyYWMtMiUyMiUzRSUwQSUyMCUyMCUyMCUyMCUyMCUyMCUzQyUyRmElM0UlMEElMjAlMjAlMjAlM0MlMkZsaSUzRSUwQSUwQSUzQyUyRnVsJTNF[\/vc_raw_html][\/vc_column_inner][\/vc_row_inner][vc_row_inner][vc_column_inner width=&#8221;1\/2&#8243;][\/vc_column_inner][vc_column_inner width=&#8221;1\/2&#8243;][vc_column_text] Share via Whatsapp[\/vc_column_text][\/vc_column_inner][\/vc_row_inner][\/vc_column][\/vc_row][vc_row el_id=&#8221;tab-menu-produto&#8221;][vc_column][vc_row_inner][vc_column_inner][vc_btn title=&#8221;Descri\u00e7\u00e3o&#8221; shape=&#8221;square&#8221; link=&#8221;url:%23descricao|||rel:nofollow&#8221; el_class=&#8221;ancor-scroll&#8221;][vc_btn title=&#8221;Caracteristicas&#8221; shape=&#8221;square&#8221; link=&#8221;url:%23caracteristicas|||rel:nofollow&#8221; el_class=&#8221;ancor-scroll&#8221;][vc_btn title=&#8221;Especifica\u00e7\u00f5es&#8221; shape=&#8221;square&#8221; link=&#8221;url:%23especificacoes|||rel:nofollow&#8221; el_class=&#8221;ancor-scroll&#8221;][\/vc_column_inner][\/vc_row_inner][\/vc_column][\/vc_row][vc_row el_id=&#8221;descricao&#8221;][vc_column][vc_row_inner][vc_column_inner][vc_column_text] DESCRI\u00c7\u00c3O Com uma proposta clean e contempor\u00e2nea, o subwoofer passivo de embutir AAT CS1-CI \u00e9 a solu\u00e7\u00e3o ideal para quem busca discri\u00e7\u00e3o e excel\u00eancia sonora. \u00c9 um modelo que produz graves profundos e impactantes, [&hellip;]<\/p>\n","protected":false},"author":5,"featured_media":15777,"parent":24,"menu_order":6,"comment_status":"closed","ping_status":"closed","template":"page-fullwidth.php","meta":{"footnotes":""},"class_list":["post-11953","page","type-page","status-publish","has-post-thumbnail","hentry","tags-invisible","tags-subwoofers"],"_links":{"self":[{"href":"https:\/\/aataudio.com.br\/home\/wp-json\/wp\/v2\/pages\/11953"}],"collection":[{"href":"https:\/\/aataudio.com.br\/home\/wp-json\/wp\/v2\/pages"}],"about":[{"href":"https:\/\/aataudio.com.br\/home\/wp-json\/wp\/v2\/types\/page"}],"author":[{"embeddable":true,"href":"https:\/\/aataudio.com.br\/home\/wp-json\/wp\/v2\/users\/5"}],"replies":[{"embeddable":true,"href":"https:\/\/aataudio.com.br\/home\/wp-json\/wp\/v2\/comments?post=11953"}],"version-history":[{"count":18,"href":"https:\/\/aataudio.com.br\/home\/wp-json\/wp\/v2\/pages\/11953\/revisions"}],"predecessor-version":[{"id":16630,"href":"https:\/\/aataudio.com.br\/home\/wp-json\/wp\/v2\/pages\/11953\/revisions\/16630"}],"up":[{"embeddable":true,"href":"https:\/\/aataudio.com.br\/home\/wp-json\/wp\/v2\/pages\/24"}],"wp:featuredmedia":[{"embeddable":true,"href":"https:\/\/aataudio.com.br\/home\/wp-json\/wp\/v2\/media\/15777"}],"wp:attachment":[{"href":"https:\/\/aataudio.com.br\/home\/wp-json\/wp\/v2\/media?parent=11953"}],"curies":[{"name":"wp","href":"https:\/\/api.w.org\/{rel}","templated":true}]}}