{"id":11868,"date":"2023-02-16T16:59:27","date_gmt":"2023-02-16T19:59:27","guid":{"rendered":"https:\/\/aataudio.com.br\/?page_id=11868"},"modified":"2025-11-01T09:45:17","modified_gmt":"2025-11-01T12:45:17","slug":"kit-garden-aat-4-1","status":"publish","type":"page","link":"https:\/\/aataudio.com.br\/home\/caixas-para-uso-externo\/kit-garden-aat-4-1\/","title":{"rendered":"AAT KIT GARDEN 4.1 MARROM"},"content":{"rendered":"<div class=\"wpb-content-wrapper\"><p>[vc_row][vc_column][vc_row_inner][vc_column_inner][vc_raw_html css=&#8221;&#8221;]JTNDZGl2JTIwY2xhc3MlM0QlMjJlYXN5em9vbSUyMGVhc3l6b29tLS13aXRoLXRodW1ibmFpbHMlMjIlM0UlMEElMjAlMjAlM0NhJTIwaHJlZiUzRCUyMmh0dHBzJTNBJTJGJTJGYWF0YXVkaW8uY29tLmJyJTJGd3AtY29udGVudCUyRnVwbG9hZHMlMkZBQVQtU1VCV09PRkVSLUdTVUIxLUNJLU1BUlJPTV8wMy5qcGclMjIlMjBjbGFzcyUzRCUyMnpvb20tbWFzdGVyJTIyJTNFJTBBJTIwJTIwJTIwJTIwJTNDaW1nJTIwc3JjJTNEJTIyaHR0cHMlM0ElMkYlMkZhYXRhdWRpby5jb20uYnIlMkZ3cC1jb250ZW50JTJGdXBsb2FkcyUyRkFBVC1TVUJXT09GRVItR1NVQjEtQ0ktTUFSUk9NXzAzLmpwZyUyMiUyMGFsdCUzRCUyMmFjLTElMjIlM0UlMEElMjAlMjAlM0MlMkZhJTNFJTBBJTIwJTIwJTNDZGl2JTIwY2xhc3MlM0QlMjJlYXN5em9vbS1mbHlvdXQlMjIlM0UlM0MlMkZkaXYlM0UlMEElM0MlMkZkaXYlM0UlMEElM0N1bCUyMGNsYXNzJTNEJTIydGh1bWJuYWlscyUyMiUzRSUwQSUyMCUyMCUzQ2xpJTNFJTBBJTIwJTIwJTIwJTIwJTNDYSUyMGhyZWYlM0QlMjJodHRwcyUzQSUyRiUyRmFhdGF1ZGlvLmNvbS5iciUyRndwLWNvbnRlbnQlMkZ1cGxvYWRzJTJGQUFULVNVQldPT0ZFUi1HU1VCMS1DSS1NQVJST01fMDMuanBnJTIyJTBBJTIwJTIwJTIwJTIwJTIwJTIwZGF0YS1zdGFuZGFyZCUzRCUyMmh0dHBzJTNBJTJGJTJGYWF0YXVkaW8uY29tLmJyJTJGd3AtY29udGVudCUyRnVwbG9hZHMlMkZBQVQtU1VCV09PRkVSLUdTVUIxLUNJLU1BUlJPTV8wMy5qcGclMjIlM0UlMEElMjAlMjAlMjAlMjAlMjAlMjAlM0NpbWclMjBzcmMlM0QlMjJodHRwcyUzQSUyRiUyRmFhdGF1ZGlvLmNvbS5iciUyRndwLWNvbnRlbnQlMkZ1cGxvYWRzJTJGQUFULVNVQldPT0ZFUi1HU1VCMS1DSS1NQVJST01fMDMuanBnJTIyJTIwYWx0JTNEJTIyYWMtMSUyMiUzRSUwQSUyMCUyMCUyMCUyMCUzQyUyRmElM0UlMEElMjAlMjAlM0MlMkZsaSUzRSUwQSUyMCUyMCUzQ2xpJTNFJTBBJTIwJTIwJTIwJTIwJTNDYSUyMGhyZWYlM0QlMjJodHRwcyUzQSUyRiUyRmFhdGF1ZGlvLmNvbS5iciUyRndwLWNvbnRlbnQlMkZ1cGxvYWRzJTJGQUFULUNBSVhBUy1TQVRFTElURVMtRVNQRVRPLUdTUDEtQ0ktTUFSUk9NLTFfMDFfY2FwYS5qcGclMjIlMEElMjAlMjAlMjAlMjAlMjAlMjBkYXRhLXN0YW5kYXJkJTNEJTIyaHR0cHMlM0ElMkYlMkZhYXRhdWRpby5jb20uYnIlMkZ3cC1jb250ZW50JTJGdXBsb2FkcyUyRkFBVC1DQUlYQVMtU0FURUxJVEVTLUVTUEVUTy1HU1AxLUNJLU1BUlJPTS0xXzAxX2NhcGEuanBnJTIyJTNFJTBBJTIwJTIwJTIwJTIwJTIwJTIwJTNDaW1nJTIwc3JjJTNEJTIyaHR0cHMlM0ElMkYlMkZhYXRhdWRpby5jb20uYnIlMkZ3cC1jb250ZW50JTJGdXBsb2FkcyUyRkFBVC1DQUlYQVMtU0FURUxJVEVTLUVTUEVUTy1HU1AxLUNJLU1BUlJPTS0xXzAxX2NhcGEuanBnJTIyJTIwYWx0JTNEJTIyYWMtMiUyMiUzRSUwQSUyMCUyMCUyMCUyMCUzQyUyRmElM0UlMEElMjAlMjAlM0MlMkZsaSUzRSUwQSUyMCUyMCUzQ2xpJTNFJTBBJTIwJTIwJTIwJTIwJTNDYSUyMGhyZWYlM0QlMjJodHRwcyUzQSUyRiUyRmFhdGF1ZGlvLmNvbS5iciUyRndwLWNvbnRlbnQlMkZ1cGxvYWRzJTJGQUFULUNBSVhBUy1TQVRFTElURVMtRVNQRVRPLUdTUDEtQ0ktTUFSUk9NLTFfMDUuanBnJTIyJTBBJTIwJTIwJTIwJTIwJTIwJTIwZGF0YS1zdGFuZGFyZCUzRCUyMmh0dHBzJTNBJTJGJTJGYWF0YXVkaW8uY29tLmJyJTJGd3AtY29udGVudCUyRnVwbG9hZHMlMkZBQVQtQ0FJWEFTLVNBVEVMSVRFUy1FU1BFVE8tR1NQMS1DSS1NQVJST00tMV8wNS5qcGclMjIlM0UlMEElMjAlMjAlMjAlMjAlMjAlMjAlM0NpbWclMjBzcmMlM0QlMjJodHRwcyUzQSUyRiUyRmFhdGF1ZGlvLmNvbS5iciUyRndwLWNvbnRlbnQlMkZ1cGxvYWRzJTJGQUFULUNBSVhBUy1TQVRFTElURVMtRVNQRVRPLUdTUDEtQ0ktTUFSUk9NLTFfMDUuanBnJTIyJTIwYWx0JTNEJTIyYWMtMyUyMiUzRSUwQSUyMCUyMCUyMCUyMCUzQyUyRmElM0UlMEElMjAlMjAlM0MlMkZsaSUzRSUwQSUyMCUyMCUzQ2xpJTNFJTBBJTIwJTIwJTIwJTIwJTNDYSUyMGhyZWYlM0QlMjJodHRwcyUzQSUyRiUyRmFhdGF1ZGlvLmNvbS5iciUyRndwLWNvbnRlbnQlMkZ1cGxvYWRzJTJGQUFULUNBSVhBUy1TQVRFTElURVMtRVNQRVRPLUdTUDEtQ0ktTUFSUk9NLTFfMDMuanBnJTIyJTBBJTIwJTIwJTIwJTIwJTIwJTIwZGF0YS1zdGFuZGFyZCUzRCUyMmh0dHBzJTNBJTJGJTJGYWF0YXVkaW8uY29tLmJyJTJGd3AtY29udGVudCUyRnVwbG9hZHMlMkZBQVQtQ0FJWEFTLVNBVEVMSVRFUy1FU1BFVE8tR1NQMS1DSS1NQVJST00tMV8wMy5qcGclMjIlM0UlMEElMjAlMjAlMjAlMjAlMjAlMjAlM0NpbWclMjBzcmMlM0QlMjJodHRwcyUzQSUyRiUyRmFhdGF1ZGlvLmNvbS5iciUyRndwLWNvbnRlbnQlMkZ1cGxvYWRzJTJGQUFULUNBSVhBUy1TQVRFTElURVMtRVNQRVRPLUdTUDEtQ0ktTUFSUk9NLTFfMDMuanBnJTIyJTIwYWx0JTNEJTIyYWMtMyUyMiUzRSUwQSUyMCUyMCUyMCUyMCUzQyUyRmElM0UlMEElMjAlMjAlM0MlMkZsaSUzRSUwQSUyMCUyMCUzQ2xpJTNFJTBBJTIwJTIwJTIwJTIwJTNDYSUyMGhyZWYlM0QlMjJodHRwcyUzQSUyRiUyRmFhdGF1ZGlvLmNvbS5iciUyRndwLWNvbnRlbnQlMkZ1cGxvYWRzJTJGQUFULVNVQldPT0ZFUi1HU1VCMS1DSS1NQVJST01fMDEuanBnJTIyJTBBJTIwJTIwJTIwJTIwJTIwJTIwZGF0YS1zdGFuZGFyZCUzRCUyMmh0dHBzJTNBJTJGJTJGYWF0YXVkaW8uY29tLmJyJTJGd3AtY29udGVudCUyRnVwbG9hZHMlMkZBQVQtU1VCV09PRkVSLUdTVUIxLUNJLU1BUlJPTV8wMS5qcGclMjIlM0UlMEElMjAlMjAlMjAlMjAlMjAlMjAlM0NpbWclMjBzcmMlM0QlMjJodHRwcyUzQSUyRiUyRmFhdGF1ZGlvLmNvbS5iciUyRndwLWNvbnRlbnQlMkZ1cGxvYWRzJTJGQUFULVNVQldPT0ZFUi1HU1VCMS1DSS1NQVJST01fMDEuanBnJTIyJTIwYWx0JTNEJTIyYWMtMyUyMiUzRSUwQSUyMCUyMCUyMCUyMCUzQyUyRmElM0UlMEElMjAlMjAlM0MlMkZsaSUzRSUwQSUyMCUyMCUyMCUyMCUzQ2xpJTNFJTBBJTIwJTIwJTIwJTIwJTNDYSUyMGhyZWYlM0QlMjJodHRwcyUzQSUyRiUyRmFhdGF1ZGlvLmNvbS5iciUyRndwLWNvbnRlbnQlMkZ1cGxvYWRzJTJGQUFULVNVQldPT0ZFUi1HU1VCMS1DSS1NQVJST01fMDQuanBnJTIyJTBBJTIwJTIwJTIwJTIwJTIwJTIwZGF0YS1zdGFuZGFyZCUzRCUyMmh0dHBzJTNBJTJGJTJGYWF0YXVkaW8uY29tLmJyJTJGd3AtY29udGVudCUyRnVwbG9hZHMlMkZBQVQtU1VCV09PRkVSLUdTVUIxLUNJLU1BUlJPTV8wNC5qcGclMjIlM0UlMEElMjAlMjAlMjAlMjAlMjAlMjAlM0NpbWclMjBzcmMlM0QlMjJodHRwcyUzQSUyRiUyRmFhdGF1ZGlvLmNvbS5iciUyRndwLWNvbnRlbnQlMkZ1cGxvYWRzJTJGQUFULVNVQldPT0ZFUi1HU1VCMS1DSS1NQVJST01fMDQuanBnJTIyJTIwYWx0JTNEJTIyYWMtMyUyMiUzRSUwQSUyMCUyMCUyMCUyMCUzQyUyRmElM0UlMEElMjAlMjAlM0MlMkZsaSUzRSUwQSUzQyUyRnVsJTNF[\/vc_raw_html][\/vc_column_inner][\/vc_row_inner][vc_row_inner][vc_column_inner width=&#8221;1\/2&#8243;][\/vc_column_inner][vc_column_inner width=&#8221;1\/2&#8243;][vc_column_text]<aside class=\"mashsb-container mashsb-main mashsb-stretched\"><div class=\"mashsb-box\"><div class=\"mashsb-buttons\"><a class=\"mashicon-facebook mash-small mash-center mashsb-noshadow mashsb-pure-icons\" href=\"https:\/\/www.facebook.com\/sharer.php?u=https%3A%2F%2Faataudio.com.br%2Fhome%2Fcaixas-para-uso-externo%2Fkit-garden-aat-4-1%2F\" target=\"_top\" rel=\"nofollow\"><span class=\"icon\"><\/span><span class=\"text\"><\/span><\/a><a class=\"mashicon-twitter mash-small mash-center mashsb-noshadow mashsb-pure-icons\" href=\"https:\/\/twitter.com\/intent\/tweet?text=&amp;url=https:\/\/aataudio.com.br\/home\/caixas-para-uso-externo\/kit-garden-aat-4-1\/\" target=\"_top\" rel=\"nofollow\"><span class=\"icon\"><\/span><span class=\"text\"><\/span><\/a><a class=\"mashicon-whatsapp mash-small mash-center mashsb-noshadow mashsb-pure-icons\" href=\"\" target=\"_top\" rel=\"nofollow\"><span class=\"icon\"><\/span><span class=\"text\"><\/span><\/a><div class=\"onoffswitch2 mash-small mashsb-noshadow\" style=\"display:none\"><\/div><\/div><\/div>\n                    <div style=\"clear:both\"><\/div><div class=\"mashsb-toggle-container\"><\/div><\/aside>\n            <!-- Share buttons made by mashshare.net - Version: 4.0.47--><br \/>\n<a style=\"display: none;\" href=\"whatsapp:\/\/send?text=The text to share!\" data-action=\"share\/whatsapp\/share\">Share via Whatsapp<\/a>[\/vc_column_text][\/vc_column_inner][\/vc_row_inner][\/vc_column][\/vc_row][vc_row el_id=&#8221;tab-menu-produto&#8221;][vc_column][vc_row_inner][vc_column_inner][vc_btn title=&#8221;Descri\u00e7\u00e3o&#8221; shape=&#8221;square&#8221; link=&#8221;url:%23descricao|||rel:nofollow&#8221; el_class=&#8221;ancor-scroll&#8221;][vc_btn title=&#8221;Caracteristicas&#8221; shape=&#8221;square&#8221; link=&#8221;url:%23caracteristicas|||rel:nofollow&#8221; el_class=&#8221;ancor-scroll&#8221;][vc_btn title=&#8221;Especifica\u00e7\u00f5es&#8221; shape=&#8221;square&#8221; link=&#8221;url:%23especificacoes|||rel:nofollow&#8221; el_class=&#8221;ancor-scroll&#8221;][\/vc_column_inner][\/vc_row_inner][\/vc_column][\/vc_row][vc_row el_id=&#8221;descricao&#8221;][vc_column][vc_row_inner][vc_column_inner][vc_column_text]<\/p>\n<h3 class=\"info-page-title\">DESCRI\u00c7\u00c3O<\/h3>\n<p>Melhor solu\u00e7\u00e3o de som ambiente para \u00e1reas externas do mercado, o Kit Garden AAT \u00e9 composto por um subwoofer passivo (modelo AAT GSUB1-CI) e duas ou quatro caixas espeto (AAT GSP1-CI) full-range, todos \u00e0 prova d\u2019\u00e1gua. As caixas espeto oferecem imped\u00e2ncia selecion\u00e1vel de 8 ohms e 70V\/100V.<\/p>\n<p>O conjunto apresenta performance surpreendente quando utilizado com os amplificadores da AAT. O fabricante sugere o uso dos amplificadores multiroom AAT PMR-8 ou AAT PMR-13 para as caixas full-range e o amplificador para subwoofer AAT PMS-100 ou AAT PMS-200, alimentando o subwoofer passivo.<\/p>\n<p>A solu\u00e7\u00e3o \u00e9 ideal para quem quer camuflar o sistema de som no jardim, mas n\u00e3o abre m\u00e3o da mais alta qualidade sonora na \u00e1rea externa da resid\u00eancia ou empresa.[\/vc_column_text][\/vc_column_inner][\/vc_row_inner][\/vc_column][\/vc_row][vc_row el_id=&#8221;caracteristicas&#8221;][vc_column offset=&#8221;vc_col-lg-12 vc_col-sm-offset-0&#8243;][vc_row_inner][vc_column_inner][vc_column_text]<\/p>\n<h3 class=\"info-page-title\">CARACTER\u00cdSTICAS<\/h3>\n<p><strong>&#8211; SUBWOOFER AAT GSUB1-CI<\/strong><\/p>\n<p>O\u00a0<strong>AAT\u00a0GSUB1-CI\u00a0<\/strong>\u00e9\u00a0um\u00a0subwoofer\u00a0passivo para uso em \u00e1reas externas, \u00e0 prova d\u2019 \u00e1gua, que utiliza um driver de 10 polegadas voltado para o solo. Projetado para uso em \u00e1reas externas, o produto tem performance restrita em espa\u00e7os internos e tamb\u00e9m n\u00e3o \u00e9 recomendado para sistemas de home theater.<\/p>\n<p>Por ser um subwoofer passivo, precisa de um\u00a0amplificador externo, como os modelos AAT PMS-100 ou AAT PMS-200, para funcionar, mas dispensa liga\u00e7\u00e3o na rede el\u00e9trica. O amplificador pode ficar a at\u00e9 20 metros de dist\u00e2ncia do subwoofer.\u00a0Com pot\u00eancia m\u00e1xima\u00a0de\u00a0300W\u00a0RMS\u00a0e\u00a0imped\u00e2ncia\u00a0de\u00a04\u00a0ohms,\u00a0o\u00a0sub apresenta alto-falante constru\u00eddo sob encomenda, de acordo com as especifica\u00e7\u00f5es da AAT. Est\u00e1 montado em uma caixa selada, cuidadosamente projetada para fornecer graves na faixa de 40 a 300Hz.<\/p>\n<p>Para ter um melhor desempenho, ajuste a frequ\u00eancia de crossover do amplificador entre 60 e 80Hz e utilize um cabo de bitola de 2.5 mm2 ou 4 mm2 do tipo PPO com comprimento m\u00e1ximo de 20 metros.<\/p>\n<p>O Kit Garden AAT pode ser fornecido com 2 ou 4 caixas sat\u00e9lites.<\/p>\n<p><strong>\u00a0<\/strong><\/p>\n<p><strong>&#8211; CAIXAS SAT\u00c9LITES ESPETO<\/strong><strong>\u00a0GSP1-CI<\/strong><\/p>\n<p>As caixas <strong>AAT GSP1-CI<\/strong> s\u00e3o modelos full-range coaxiais \u00e0 prova d\u2019\u00e1gua com driver trazendo cone de PP de 5 \u00bc polegadas acoplado a um tweeter de 1\u201d de domo de seda, proporcionando m\u00e9dios e agudos surpreendentes. Essas caixas, por suas caracter\u00edsticas, podem ser utilizadas em ambientes internos sem comprometer seu desempenho.<\/p>\n<p>Como s\u00e3o caixas passivas, precisam ser alimentadas por um amplificador externo com pot\u00eancia de at\u00e9 70W. A\u00a0imped\u00e2ncia nominal \u00e9 de 8 ohms, sendo que podem ser selecionadas linhas de 70V ou 100V, atrav\u00e9s da chave seletora, posicionada na parte traseira, atr\u00e1s de uma tampa de prote\u00e7\u00e3o. H\u00e1 v\u00e1rias pot\u00eancias dispon\u00edveis para as linhas de 70V e 100V.[\/vc_column_text][\/vc_column_inner][\/vc_row_inner][\/vc_column][\/vc_row][vc_row el_id=&#8221;especificacoes&#8221;][vc_column][vc_row_inner][vc_column_inner][vc_column_text]<\/p>\n<h3 class=\"info-page-title\">ESPECIFICA\u00c7\u00d5ES<\/h3>\n<p>[\/vc_column_text][\/vc_column_inner][\/vc_row_inner][vc_column_text css=&#8221;&#8221;]<\/p>\n<div class=\"table-responsive\">\n<table class=\"table table-especificacoes\">\n<thead>\n<tr>\n<th><\/th>\n<th style=\"text-align: center;\">\n<p><img loading=\"lazy\" decoding=\"async\" class=\"aligncenter wp-image-15871\" src=\"https:\/\/aataudio.com.br\/wp-content\/uploads\/AAT-SUBWOOFER-GSUB1-CI-MARROM_03_capa-2-300x193.jpg\" alt=\"\" width=\"187\" height=\"120\" srcset=\"https:\/\/aataudio.com.br\/wp-content\/uploads\/AAT-SUBWOOFER-GSUB1-CI-MARROM_03_capa-2-300x193.jpg 300w, https:\/\/aataudio.com.br\/wp-content\/uploads\/AAT-SUBWOOFER-GSUB1-CI-MARROM_03_capa-2.jpg 560w\" sizes=\"(max-width: 187px) 100vw, 187px\" \/><\/p>\n<p>kit garden aat 4.1<\/th>\n<\/tr>\n<\/thead>\n<tbody>\n<tr>\n<td style=\"border-top: 0;\" colspan=\"2\">\n<h3><strong>SUBWOOFER AAT GSUB1-CI<\/strong><\/h3>\n<\/td>\n<\/tr>\n<tr class=\"table-first-row\">\n<th scope=\"row\">Tipo de sintonia<\/th>\n<td class=\"table-info-value\">Caixa selada<\/td>\n<\/tr>\n<tr>\n<th style=\"white-space: normal;\" scope=\"row\">Driver<\/th>\n<td class=\"table-info-value\">10&#8243; com cone de polipropileno<\/td>\n<\/tr>\n<tr>\n<th scope=\"row\">Pot\u00eancia RMS m\u00e1xima<\/th>\n<td class=\"table-info-value\">300 W RMS<\/td>\n<\/tr>\n<tr>\n<th scope=\"row\">Imped\u00e2ncia<\/th>\n<td class=\"table-info-value\">4 ohms<\/td>\n<\/tr>\n<tr>\n<th scope=\"row\">Resposta em frequ\u00eancia<\/th>\n<td class=\"table-info-value\">40 &#8211; 300Hz<\/td>\n<\/tr>\n<tr>\n<th scope=\"row\">Sensibilidade<\/th>\n<td class=\"table-info-value\">87 dB\/W\/m<\/td>\n<\/tr>\n<tr>\n<th scope=\"row\">IP 65 (\u00e0 prova d&#8217;\u00e1gua)<\/th>\n<td class=\"table-info-value\">Sim<\/td>\n<\/tr>\n<tr>\n<th scope=\"row\">Dimens\u00f5es (LxWxH)<\/th>\n<td class=\"table-info-value\">310 x 420 x 420 mm<\/td>\n<\/tr>\n<tr>\n<th scope=\"row\">Peso<\/th>\n<td class=\"table-info-value\">10Kg (sem embalagem) \/ 12Kg (com embalagem)<\/td>\n<\/tr>\n<tr>\n<td style=\"border-top: 0;\" colspan=\"2\">\n<h3><strong>CAIXAS SAT\u00c9LITES ESPETO GSP1-CI<\/strong><\/h3>\n<\/td>\n<\/tr>\n<tr class=\"table-first-row\">\n<th scope=\"row\">Tipo de sintonia<\/th>\n<td class=\"table-info-value\">Caixa selada<\/td>\n<\/tr>\n<tr>\n<th style=\"white-space: normal;\" scope=\"row\">Driver<\/th>\n<td class=\"table-info-value\">Coaxial de 5 \u00bc&#8221; com cone de PP e tweeter de 1&#8243; com domo de seda<\/td>\n<\/tr>\n<tr>\n<th scope=\"row\">Pot\u00eancia RMS m\u00e1xima<\/th>\n<td class=\"table-info-value\">60 W RMS<\/td>\n<\/tr>\n<tr>\n<th scope=\"row\">Imped\u00e2ncia<\/th>\n<td class=\"table-info-value\">8 ohms ou 70V\/100V<\/td>\n<\/tr>\n<tr>\n<th scope=\"row\">Resposta em frequ\u00eancia<\/th>\n<td class=\"table-info-value\">100Hz a 22kHz<\/td>\n<\/tr>\n<tr>\n<th scope=\"row\">Sensibilidade<\/th>\n<td class=\"table-info-value\">85 dB\/W\/m<\/td>\n<\/tr>\n<tr>\n<th scope=\"row\">IP 66 (\u00e0 prova d&#8217;\u00e1gua)<\/th>\n<td class=\"table-info-value\">Sim<\/td>\n<\/tr>\n<tr>\n<th scope=\"row\">Pot\u00eancias dispon\u00edveis em 70V<\/th>\n<td class=\"table-info-value\">1,87 \/ 3,75 \/ 7,5 \/ 15 W<\/td>\n<\/tr>\n<tr>\n<th scope=\"row\">Pot\u00eancias dispon\u00edveis em 100V<\/th>\n<td class=\"table-info-value\">3.75 \/ 7.5 \/15 \/30 W<\/td>\n<\/tr>\n<tr>\n<th scope=\"row\">Dimens\u00f5es (LxWxH)<\/th>\n<td class=\"table-info-value\">208 x 208 x 280 mm<\/td>\n<\/tr>\n<tr>\n<th scope=\"row\">Peso<\/th>\n<td class=\"table-info-value\">7Kg (sem embalagem) \/ 8Kg (com embalagem)<\/td>\n<\/tr>\n<\/tbody>\n<\/table>\n<\/div>\n<p>[\/vc_column_text][\/vc_column][\/vc_row][vc_row css=&#8221;.vc_custom_1619471770776{margin-top: 35px !important;}&#8221; el_id=&#8221;veja-tambem&#8221;][vc_column offset=&#8221;vc_hidden-xs&#8221;][vc_column_text]<\/p>\n<h3 class=\"info-page-title\">VEJA TAMB\u00c9M<\/h3>\n<p>[\/vc_column_text][vc_basic_grid post_type=&#8221;page&#8221; max_items=&#8221;-1&#8243; style=&#8221;pagination&#8221; items_per_page=&#8221;4&#8243; element_width=&#8221;3&#8243; gap=&#8221;20&#8243; orderby=&#8221;menu_order&#8221; order=&#8221;ASC&#8221; arrows_design=&#8221;vc_arrow-icon-arrow_07_left&#8221; arrows_position=&#8221;outside&#8221; arrows_color=&#8221;sky&#8221; paging_color=&#8221;sky&#8221; item=&#8221;184&#8243; initial_loading_animation=&#8221;none&#8221; grid_id=&#8221;vc_gid:1762001117562-ae3e5a01489c95550c4f498116ca38cc-2&#8243; taxonomies=&#8221;43&#8243; exclude=&#8221;11868&#8243;][\/vc_column][\/vc_row][vc_row css=&#8221;.vc_custom_1619472086020{margin-top: 35px !important;}&#8221; el_id=&#8221;veja-tambem-2&#8243;][vc_column offset=&#8221;vc_hidden-lg vc_hidden-md vc_hidden-sm&#8221;][vc_column_text]<\/p>\n<h3 class=\"info-page-title\">VEJA TAMB\u00c9M<\/h3>\n<p>[\/vc_column_text][vc_basic_grid post_type=&#8221;page&#8221; max_items=&#8221;-1&#8243; style=&#8221;pagination&#8221; items_per_page=&#8221;1&#8243; element_width=&#8221;12&#8243; gap=&#8221;20&#8243; orderby=&#8221;menu_order&#8221; order=&#8221;ASC&#8221; arrows_design=&#8221;vc_arrow-icon-arrow_07_left&#8221; arrows_position=&#8221;outside&#8221; arrows_color=&#8221;sky&#8221; paging_color=&#8221;sky&#8221; item=&#8221;184&#8243; initial_loading_animation=&#8221;none&#8221; grid_id=&#8221;vc_gid:1762001117591-1cbb9559f93acdd89ff8e38878df8f6a-9&#8243; taxonomies=&#8221;43&#8243; exclude=&#8221;11868&#8243;][\/vc_column][\/vc_row]<\/p>\n<\/div>","protected":false},"excerpt":{"rendered":"<p>[vc_row][vc_column][vc_row_inner][vc_column_inner][vc_raw_html css=&#8221;&#8221;]JTNDZGl2JTIwY2xhc3MlM0QlMjJlYXN5em9vbSUyMGVhc3l6b29tLS13aXRoLXRodW1ibmFpbHMlMjIlM0UlMEElMjAlMjAlM0NhJTIwaHJlZiUzRCUyMmh0dHBzJTNBJTJGJTJGYWF0YXVkaW8uY29tLmJyJTJGd3AtY29udGVudCUyRnVwbG9hZHMlMkZBQVQtU1VCV09PRkVSLUdTVUIxLUNJLU1BUlJPTV8wMy5qcGclMjIlMjBjbGFzcyUzRCUyMnpvb20tbWFzdGVyJTIyJTNFJTBBJTIwJTIwJTIwJTIwJTNDaW1nJTIwc3JjJTNEJTIyaHR0cHMlM0ElMkYlMkZhYXRhdWRpby5jb20uYnIlMkZ3cC1jb250ZW50JTJGdXBsb2FkcyUyRkFBVC1TVUJXT09GRVItR1NVQjEtQ0ktTUFSUk9NXzAzLmpwZyUyMiUyMGFsdCUzRCUyMmFjLTElMjIlM0UlMEElMjAlMjAlM0MlMkZhJTNFJTBBJTIwJTIwJTNDZGl2JTIwY2xhc3MlM0QlMjJlYXN5em9vbS1mbHlvdXQlMjIlM0UlM0MlMkZkaXYlM0UlMEElM0MlMkZkaXYlM0UlMEElM0N1bCUyMGNsYXNzJTNEJTIydGh1bWJuYWlscyUyMiUzRSUwQSUyMCUyMCUzQ2xpJTNFJTBBJTIwJTIwJTIwJTIwJTNDYSUyMGhyZWYlM0QlMjJodHRwcyUzQSUyRiUyRmFhdGF1ZGlvLmNvbS5iciUyRndwLWNvbnRlbnQlMkZ1cGxvYWRzJTJGQUFULVNVQldPT0ZFUi1HU1VCMS1DSS1NQVJST01fMDMuanBnJTIyJTBBJTIwJTIwJTIwJTIwJTIwJTIwZGF0YS1zdGFuZGFyZCUzRCUyMmh0dHBzJTNBJTJGJTJGYWF0YXVkaW8uY29tLmJyJTJGd3AtY29udGVudCUyRnVwbG9hZHMlMkZBQVQtU1VCV09PRkVSLUdTVUIxLUNJLU1BUlJPTV8wMy5qcGclMjIlM0UlMEElMjAlMjAlMjAlMjAlMjAlMjAlM0NpbWclMjBzcmMlM0QlMjJodHRwcyUzQSUyRiUyRmFhdGF1ZGlvLmNvbS5iciUyRndwLWNvbnRlbnQlMkZ1cGxvYWRzJTJGQUFULVNVQldPT0ZFUi1HU1VCMS1DSS1NQVJST01fMDMuanBnJTIyJTIwYWx0JTNEJTIyYWMtMSUyMiUzRSUwQSUyMCUyMCUyMCUyMCUzQyUyRmElM0UlMEElMjAlMjAlM0MlMkZsaSUzRSUwQSUyMCUyMCUzQ2xpJTNFJTBBJTIwJTIwJTIwJTIwJTNDYSUyMGhyZWYlM0QlMjJodHRwcyUzQSUyRiUyRmFhdGF1ZGlvLmNvbS5iciUyRndwLWNvbnRlbnQlMkZ1cGxvYWRzJTJGQUFULUNBSVhBUy1TQVRFTElURVMtRVNQRVRPLUdTUDEtQ0ktTUFSUk9NLTFfMDFfY2FwYS5qcGclMjIlMEElMjAlMjAlMjAlMjAlMjAlMjBkYXRhLXN0YW5kYXJkJTNEJTIyaHR0cHMlM0ElMkYlMkZhYXRhdWRpby5jb20uYnIlMkZ3cC1jb250ZW50JTJGdXBsb2FkcyUyRkFBVC1DQUlYQVMtU0FURUxJVEVTLUVTUEVUTy1HU1AxLUNJLU1BUlJPTS0xXzAxX2NhcGEuanBnJTIyJTNFJTBBJTIwJTIwJTIwJTIwJTIwJTIwJTNDaW1nJTIwc3JjJTNEJTIyaHR0cHMlM0ElMkYlMkZhYXRhdWRpby5jb20uYnIlMkZ3cC1jb250ZW50JTJGdXBsb2FkcyUyRkFBVC1DQUlYQVMtU0FURUxJVEVTLUVTUEVUTy1HU1AxLUNJLU1BUlJPTS0xXzAxX2NhcGEuanBnJTIyJTIwYWx0JTNEJTIyYWMtMiUyMiUzRSUwQSUyMCUyMCUyMCUyMCUzQyUyRmElM0UlMEElMjAlMjAlM0MlMkZsaSUzRSUwQSUyMCUyMCUzQ2xpJTNFJTBBJTIwJTIwJTIwJTIwJTNDYSUyMGhyZWYlM0QlMjJodHRwcyUzQSUyRiUyRmFhdGF1ZGlvLmNvbS5iciUyRndwLWNvbnRlbnQlMkZ1cGxvYWRzJTJGQUFULUNBSVhBUy1TQVRFTElURVMtRVNQRVRPLUdTUDEtQ0ktTUFSUk9NLTFfMDUuanBnJTIyJTBBJTIwJTIwJTIwJTIwJTIwJTIwZGF0YS1zdGFuZGFyZCUzRCUyMmh0dHBzJTNBJTJGJTJGYWF0YXVkaW8uY29tLmJyJTJGd3AtY29udGVudCUyRnVwbG9hZHMlMkZBQVQtQ0FJWEFTLVNBVEVMSVRFUy1FU1BFVE8tR1NQMS1DSS1NQVJST00tMV8wNS5qcGclMjIlM0UlMEElMjAlMjAlMjAlMjAlMjAlMjAlM0NpbWclMjBzcmMlM0QlMjJodHRwcyUzQSUyRiUyRmFhdGF1ZGlvLmNvbS5iciUyRndwLWNvbnRlbnQlMkZ1cGxvYWRzJTJGQUFULUNBSVhBUy1TQVRFTElURVMtRVNQRVRPLUdTUDEtQ0ktTUFSUk9NLTFfMDUuanBnJTIyJTIwYWx0JTNEJTIyYWMtMyUyMiUzRSUwQSUyMCUyMCUyMCUyMCUzQyUyRmElM0UlMEElMjAlMjAlM0MlMkZsaSUzRSUwQSUyMCUyMCUzQ2xpJTNFJTBBJTIwJTIwJTIwJTIwJTNDYSUyMGhyZWYlM0QlMjJodHRwcyUzQSUyRiUyRmFhdGF1ZGlvLmNvbS5iciUyRndwLWNvbnRlbnQlMkZ1cGxvYWRzJTJGQUFULUNBSVhBUy1TQVRFTElURVMtRVNQRVRPLUdTUDEtQ0ktTUFSUk9NLTFfMDMuanBnJTIyJTBBJTIwJTIwJTIwJTIwJTIwJTIwZGF0YS1zdGFuZGFyZCUzRCUyMmh0dHBzJTNBJTJGJTJGYWF0YXVkaW8uY29tLmJyJTJGd3AtY29udGVudCUyRnVwbG9hZHMlMkZBQVQtQ0FJWEFTLVNBVEVMSVRFUy1FU1BFVE8tR1NQMS1DSS1NQVJST00tMV8wMy5qcGclMjIlM0UlMEElMjAlMjAlMjAlMjAlMjAlMjAlM0NpbWclMjBzcmMlM0QlMjJodHRwcyUzQSUyRiUyRmFhdGF1ZGlvLmNvbS5iciUyRndwLWNvbnRlbnQlMkZ1cGxvYWRzJTJGQUFULUNBSVhBUy1TQVRFTElURVMtRVNQRVRPLUdTUDEtQ0ktTUFSUk9NLTFfMDMuanBnJTIyJTIwYWx0JTNEJTIyYWMtMyUyMiUzRSUwQSUyMCUyMCUyMCUyMCUzQyUyRmElM0UlMEElMjAlMjAlM0MlMkZsaSUzRSUwQSUyMCUyMCUzQ2xpJTNFJTBBJTIwJTIwJTIwJTIwJTNDYSUyMGhyZWYlM0QlMjJodHRwcyUzQSUyRiUyRmFhdGF1ZGlvLmNvbS5iciUyRndwLWNvbnRlbnQlMkZ1cGxvYWRzJTJGQUFULVNVQldPT0ZFUi1HU1VCMS1DSS1NQVJST01fMDEuanBnJTIyJTBBJTIwJTIwJTIwJTIwJTIwJTIwZGF0YS1zdGFuZGFyZCUzRCUyMmh0dHBzJTNBJTJGJTJGYWF0YXVkaW8uY29tLmJyJTJGd3AtY29udGVudCUyRnVwbG9hZHMlMkZBQVQtU1VCV09PRkVSLUdTVUIxLUNJLU1BUlJPTV8wMS5qcGclMjIlM0UlMEElMjAlMjAlMjAlMjAlMjAlMjAlM0NpbWclMjBzcmMlM0QlMjJodHRwcyUzQSUyRiUyRmFhdGF1ZGlvLmNvbS5iciUyRndwLWNvbnRlbnQlMkZ1cGxvYWRzJTJGQUFULVNVQldPT0ZFUi1HU1VCMS1DSS1NQVJST01fMDEuanBnJTIyJTIwYWx0JTNEJTIyYWMtMyUyMiUzRSUwQSUyMCUyMCUyMCUyMCUzQyUyRmElM0UlMEElMjAlMjAlM0MlMkZsaSUzRSUwQSUyMCUyMCUyMCUyMCUzQ2xpJTNFJTBBJTIwJTIwJTIwJTIwJTNDYSUyMGhyZWYlM0QlMjJodHRwcyUzQSUyRiUyRmFhdGF1ZGlvLmNvbS5iciUyRndwLWNvbnRlbnQlMkZ1cGxvYWRzJTJGQUFULVNVQldPT0ZFUi1HU1VCMS1DSS1NQVJST01fMDQuanBnJTIyJTBBJTIwJTIwJTIwJTIwJTIwJTIwZGF0YS1zdGFuZGFyZCUzRCUyMmh0dHBzJTNBJTJGJTJGYWF0YXVkaW8uY29tLmJyJTJGd3AtY29udGVudCUyRnVwbG9hZHMlMkZBQVQtU1VCV09PRkVSLUdTVUIxLUNJLU1BUlJPTV8wNC5qcGclMjIlM0UlMEElMjAlMjAlMjAlMjAlMjAlMjAlM0NpbWclMjBzcmMlM0QlMjJodHRwcyUzQSUyRiUyRmFhdGF1ZGlvLmNvbS5iciUyRndwLWNvbnRlbnQlMkZ1cGxvYWRzJTJGQUFULVNVQldPT0ZFUi1HU1VCMS1DSS1NQVJST01fMDQuanBnJTIyJTIwYWx0JTNEJTIyYWMtMyUyMiUzRSUwQSUyMCUyMCUyMCUyMCUzQyUyRmElM0UlMEElMjAlMjAlM0MlMkZsaSUzRSUwQSUzQyUyRnVsJTNF[\/vc_raw_html][\/vc_column_inner][\/vc_row_inner][vc_row_inner][vc_column_inner width=&#8221;1\/2&#8243;][\/vc_column_inner][vc_column_inner width=&#8221;1\/2&#8243;][vc_column_text] Share via Whatsapp[\/vc_column_text][\/vc_column_inner][\/vc_row_inner][\/vc_column][\/vc_row][vc_row el_id=&#8221;tab-menu-produto&#8221;][vc_column][vc_row_inner][vc_column_inner][vc_btn title=&#8221;Descri\u00e7\u00e3o&#8221; shape=&#8221;square&#8221; link=&#8221;url:%23descricao|||rel:nofollow&#8221; el_class=&#8221;ancor-scroll&#8221;][vc_btn title=&#8221;Caracteristicas&#8221; shape=&#8221;square&#8221; link=&#8221;url:%23caracteristicas|||rel:nofollow&#8221; el_class=&#8221;ancor-scroll&#8221;][vc_btn title=&#8221;Especifica\u00e7\u00f5es&#8221; shape=&#8221;square&#8221; link=&#8221;url:%23especificacoes|||rel:nofollow&#8221; el_class=&#8221;ancor-scroll&#8221;][\/vc_column_inner][\/vc_row_inner][\/vc_column][\/vc_row][vc_row el_id=&#8221;descricao&#8221;][vc_column][vc_row_inner][vc_column_inner][vc_column_text] DESCRI\u00c7\u00c3O Melhor solu\u00e7\u00e3o de som ambiente para \u00e1reas externas do mercado, o Kit Garden AAT \u00e9 composto por um subwoofer passivo (modelo AAT GSUB1-CI) e duas ou quatro caixas espeto (AAT GSP1-CI) full-range, todos [&hellip;]<\/p>\n","protected":false},"author":5,"featured_media":15871,"parent":11862,"menu_order":0,"comment_status":"closed","ping_status":"closed","template":"page-fullwidth.php","meta":{"footnotes":""},"class_list":["post-11868","page","type-page","status-publish","has-post-thumbnail","hentry","tags-outdoor"],"_links":{"self":[{"href":"https:\/\/aataudio.com.br\/home\/wp-json\/wp\/v2\/pages\/11868"}],"collection":[{"href":"https:\/\/aataudio.com.br\/home\/wp-json\/wp\/v2\/pages"}],"about":[{"href":"https:\/\/aataudio.com.br\/home\/wp-json\/wp\/v2\/types\/page"}],"author":[{"embeddable":true,"href":"https:\/\/aataudio.com.br\/home\/wp-json\/wp\/v2\/users\/5"}],"replies":[{"embeddable":true,"href":"https:\/\/aataudio.com.br\/home\/wp-json\/wp\/v2\/comments?post=11868"}],"version-history":[{"count":25,"href":"https:\/\/aataudio.com.br\/home\/wp-json\/wp\/v2\/pages\/11868\/revisions"}],"predecessor-version":[{"id":15873,"href":"https:\/\/aataudio.com.br\/home\/wp-json\/wp\/v2\/pages\/11868\/revisions\/15873"}],"up":[{"embeddable":true,"href":"https:\/\/aataudio.com.br\/home\/wp-json\/wp\/v2\/pages\/11862"}],"wp:featuredmedia":[{"embeddable":true,"href":"https:\/\/aataudio.com.br\/home\/wp-json\/wp\/v2\/media\/15871"}],"wp:attachment":[{"href":"https:\/\/aataudio.com.br\/home\/wp-json\/wp\/v2\/media?parent=11868"}],"curies":[{"name":"wp","href":"https:\/\/api.w.org\/{rel}","templated":true}]}}