{"id":11763,"date":"2023-01-17T15:45:46","date_gmt":"2023-01-17T18:45:46","guid":{"rendered":"https:\/\/aataudio.com.br\/?page_id=11763"},"modified":"2023-02-16T11:52:43","modified_gmt":"2023-02-16T14:52:43","slug":"aat-pwc-7-g2","status":"publish","type":"page","link":"https:\/\/aataudio.com.br\/home\/condicionadores-de-energia\/aat-pwc-7-g2\/","title":{"rendered":"AAT PWC-7 G2"},"content":{"rendered":"<div class=\"wpb-content-wrapper\"><p>[vc_row][vc_column][vc_row_inner][vc_column_inner][vc_raw_html]JTNDZGl2JTIwY2xhc3MlM0QlMjJlYXN5em9vbSUyMGVhc3l6b29tLS13aXRoLXRodW1ibmFpbHMlMjIlM0UlMEElMjAlMjAlMjAlM0NhJTIwaHJlZiUzRCUyMmh0dHBzJTNBJTJGJTJGYWF0YXVkaW8uY29tLmJyJTJGd3AtY29udGVudCUyRnVwbG9hZHMlMkZiYW5uZXItem9vbS1wd2MtNy1HMi5qcGclMjIlMjBjbGFzcyUzRCUyMnpvb20tbWFzdGVyJTIyJTNFJTBBJTIwJTIwJTIwJTNDaW1nJTIwc3JjJTNEJTIyaHR0cHMlM0ElMkYlMkZhYXRhdWRpby5jb20uYnIlMkZ3cC1jb250ZW50JTJGdXBsb2FkcyUyRmJhbm5lci16b29tLXB3Yy03LUcyLmpwZyUyMiUyMGFsdCUzRCUyMmFjLTElMjIlM0UlMEElMjAlMjAlMjAlM0MlMkZhJTNFJTBBJTIwJTIwJTIwJTNDZGl2JTIwY2xhc3MlM0QlMjJlYXN5em9vbS1mbHlvdXQlMjIlM0UlM0MlMkZkaXYlM0UlMEElM0MlMkZkaXYlM0UlMEElM0N1bCUyMGNsYXNzJTNEJTIydGh1bWJuYWlscyUyMiUzRSUwQSUyMCUyMCUyMCUzQ2xpJTNFJTBBJTIwJTIwJTIwJTIwJTIwJTIwJTNDYSUyMGhyZWYlM0QlMjJodHRwcyUzQSUyRiUyRmFhdGF1ZGlvLmNvbS5iciUyRndwLWNvbnRlbnQlMkZ1cGxvYWRzJTJGYmFubmVyLXpvb20tcHdjLTctRzIuanBnJTIyJTIwZGF0YS1zdGFuZGFyZCUzRCUyMmh0dHBzJTNBJTJGJTJGYWF0YXVkaW8uY29tLmJyJTJGd3AtY29udGVudCUyRnVwbG9hZHMlMkZiYW5uZXItem9vbS1wd2MtNy1HMi5qcGclMjIlM0UlMEElMjAlMjAlMjAlMjAlMjAlMjAlM0NpbWclMjBzcmMlM0QlMjJodHRwcyUzQSUyRiUyRmFhdGF1ZGlvLmNvbS5iciUyRndwLWNvbnRlbnQlMkZ1cGxvYWRzJTJGYmFubmVyLXpvb20tcHdjLTctRzIuanBnJTIyJTIwYWx0JTNEJTIyYWMtMSUyMiUzRSUwQSUyMCUyMCUyMCUyMCUyMCUyMCUzQyUyRmElM0UlMEElMjAlMjAlMjAlM0MlMkZsaSUzRSUwQSUyMCUyMCUyMCUzQ2xpJTNFJTBBJTIwJTIwJTIwJTIwJTIwJTIwJTNDYSUyMGhyZWYlM0QlMjJodHRwcyUzQSUyRiUyRmFhdGF1ZGlvLmNvbS5iciUyRndwLWNvbnRlbnQlMkZ1cGxvYWRzJTJGYmFubmVyLXpvb20tcHdjLTctMi1HMi5qcGclMjIlMjBkYXRhLXN0YW5kYXJkJTNEJTIyaHR0cHMlM0ElMkYlMkZhYXRhdWRpby5jb20uYnIlMkZ3cC1jb250ZW50JTJGdXBsb2FkcyUyRmJhbm5lci16b29tLXB3Yy03LTItRzIuanBnJTIyJTNFJTBBJTIwJTIwJTIwJTIwJTIwJTIwJTNDaW1nJTIwc3JjJTNEJTIyaHR0cHMlM0ElMkYlMkZhYXRhdWRpby5jb20uYnIlMkZ3cC1jb250ZW50JTJGdXBsb2FkcyUyRmJhbm5lci16b29tLXB3Yy03LTItRzIuanBnJTIyJTIwYWx0JTNEJTIyYWMtMiUyMiUzRSUwQSUyMCUyMCUyMCUyMCUyMCUyMCUzQyUyRmElM0UlMEElMjAlMjAlMjAlM0MlMkZsaSUzRSUwQSUyMCUyMCUyMCUzQ2xpJTNFJTBBJTIwJTIwJTIwJTIwJTIwJTIwJTNDYSUyMGhyZWYlM0QlMjJodHRwcyUzQSUyRiUyRmFhdGF1ZGlvLmNvbS5iciUyRndwLWNvbnRlbnQlMkZ1cGxvYWRzJTJGYmFubmVyLXpvb20tcHdjLTctMy1HMi0xLmpwZyUyMiUyMGRhdGEtc3RhbmRhcmQlM0QlMjJodHRwcyUzQSUyRiUyRmFhdGF1ZGlvLmNvbS5iciUyRndwLWNvbnRlbnQlMkZ1cGxvYWRzJTJGYmFubmVyLXpvb20tcHdjLTctMy1HMi0xLmpwZyUyMiUzRSUwQSUyMCUyMCUyMCUyMCUyMCUyMCUzQ2ltZyUyMHNyYyUzRCUyMmh0dHBzJTNBJTJGJTJGYWF0YXVkaW8uY29tLmJyJTJGd3AtY29udGVudCUyRnVwbG9hZHMlMkZiYW5uZXItem9vbS1wd2MtNy0zLUcyLTEuanBnJTIyJTIwYWx0JTNEJTIyYWMtMyUyMiUzRSUwQSUyMCUyMCUyMCUyMCUyMCUyMCUzQyUyRmElM0UlMEElMjAlMjAlMjAlM0MlMkZsaSUzRSUwQSUzQyUyRnVsJTNF[\/vc_raw_html][\/vc_column_inner][\/vc_row_inner][vc_row_inner][vc_column_inner width=&#8221;1\/2&#8243;][\/vc_column_inner][vc_column_inner width=&#8221;1\/2&#8243;][vc_column_text]<aside class=\"mashsb-container mashsb-main mashsb-stretched\"><div class=\"mashsb-box\"><div class=\"mashsb-buttons\"><a class=\"mashicon-facebook mash-small mash-center mashsb-noshadow mashsb-pure-icons\" href=\"https:\/\/www.facebook.com\/sharer.php?u=https%3A%2F%2Faataudio.com.br%2Fhome%2Fcondicionadores-de-energia%2Faat-pwc-7-g2%2F\" target=\"_top\" rel=\"nofollow\"><span class=\"icon\"><\/span><span class=\"text\"><\/span><\/a><a class=\"mashicon-twitter mash-small mash-center mashsb-noshadow mashsb-pure-icons\" href=\"https:\/\/twitter.com\/intent\/tweet?text=&amp;url=https:\/\/aataudio.com.br\/home\/condicionadores-de-energia\/aat-pwc-7-g2\/\" target=\"_top\" rel=\"nofollow\"><span class=\"icon\"><\/span><span class=\"text\"><\/span><\/a><a class=\"mashicon-whatsapp mash-small mash-center mashsb-noshadow mashsb-pure-icons\" href=\"\" target=\"_top\" rel=\"nofollow\"><span class=\"icon\"><\/span><span class=\"text\"><\/span><\/a><div class=\"onoffswitch2 mash-small mashsb-noshadow\" style=\"display:none\"><\/div><\/div><\/div>\n                    <div style=\"clear:both\"><\/div><div class=\"mashsb-toggle-container\"><\/div><\/aside>\n            <!-- Share buttons made by mashshare.net - Version: 4.0.47--><br \/>\n<a style=\"display: none;\" href=\"whatsapp:\/\/send?text=The text to share!\" data-action=\"share\/whatsapp\/share\">Share via Whatsapp<\/a>[\/vc_column_text][\/vc_column_inner][\/vc_row_inner][\/vc_column][\/vc_row][vc_row el_id=&#8221;tab-menu-produto&#8221;][vc_column][vc_row_inner][vc_column_inner][vc_btn title=&#8221;Descri\u00e7\u00e3o&#8221; shape=&#8221;square&#8221; link=&#8221;url:%23descricao|||rel:nofollow&#8221; el_class=&#8221;ancor-scroll&#8221;][vc_btn title=&#8221;Caracteristicas&#8221; shape=&#8221;square&#8221; link=&#8221;url:%23caracteristicas|||rel:nofollow&#8221; el_class=&#8221;ancor-scroll&#8221;][vc_btn title=&#8221;Especifica\u00e7\u00f5es&#8221; shape=&#8221;square&#8221; link=&#8221;url:%23especificacoes|||rel:nofollow&#8221; el_class=&#8221;ancor-scroll&#8221;][\/vc_column_inner][\/vc_row_inner][\/vc_column][\/vc_row][vc_row el_id=&#8221;descricao&#8221;][vc_column][vc_row_inner][vc_column_inner][vc_column_text]<\/p>\n<h3 class=\"info-page-title\">DESCRI\u00c7\u00c3O<\/h3>\n<p>Compat\u00edveis com a tecnologia GIGABIT LAN para atender \u00e0s novas demandas de velocidade de internet, os condicionadores de energia AAT PWC-6 G2 e AAT PWC-7 G2 se destacam por serem modelos com tens\u00e3o de entrada de 220V, mas que s\u00f3 trazem tomadas 110V na sa\u00edda.<\/p>\n<p>Com capacidade de fornecer at\u00e9 1.100W ou 1.600W de pot\u00eancia aos produtos conectados \u00e0s sa\u00eddas dispon\u00edveis, os dois condicionadores ainda podem ser acionados por um sistema de automa\u00e7\u00e3o a partir da entrada Trigger IN para liga\u00e7\u00e3o remota do produto por sinal de 12V<strong>.<\/strong><\/p>\n<p>Os aparelhos trazem ampla prote\u00e7\u00e3o para os equipamentos, inclusive nas entradas de TV por assinatura (coaxial), internet (GIGABIT LAN) e telefone. Al\u00e9m disso, est\u00e3o presentes tr\u00eas tomadas que funcionam o tempo todo (mesmo quando os condicionadores est\u00e3o desligados), sob medida para decoders de TV por assinatura e carregamento de celular. Uma delas est\u00e1 estrategicamente localizada na parte frontal, facilitando as conex\u00f5es.[\/vc_column_text][\/vc_column_inner][\/vc_row_inner][\/vc_column][\/vc_row][vc_row el_id=&#8221;caracteristicas&#8221;][vc_column offset=&#8221;vc_col-lg-12 vc_col-sm-offset-0&#8243;][vc_row_inner][vc_column_inner][vc_column_text]<\/p>\n<h3 class=\"info-page-title\">CARACTER\u00cdSTICAS<\/h3>\n<p>Os condicionadores apresentam tr\u00eas bancos de tomadas PURE AC 110V, sendo um banco especialmente projetado para produtos digitais (Bank 01) e outro para produtos anal\u00f3gicos (Bank 02), ambos com quatro tomadas cada; e um banco Always ON com mais duas tomadas traseiras e uma frontal que funcionam o tempo todo.<\/p>\n<p>Os modelos foram desenvolvidos para proteger, filtrar, converter e distribuir energia para seu sistema. Incluem tamb\u00e9m circuitos de prote\u00e7\u00e3o e filtragem avan\u00e7ados para proporcionar ao usu\u00e1rio a melhor experi\u00eancia audiovisual, com o desempenho que somente um fabricante com origem no segmento de \u00e1udio e v\u00eddeo pode entregar.<\/p>\n<p>Al\u00e9m de filtrar ru\u00eddos el\u00e9tricos para melhorar a performance de seus equipamentos, os circuitos microprocessados de \u00faltima gera\u00e7\u00e3o dos condicionadores AAT com tecnologia DSP monitoram a energia el\u00e9trica milhares de vezes por segundo para garantir que seu home theater fique sempre bem protegido. Muito \u00fatil, essa tecnologia desliga imediatamente os aparelhos em caso de qualquer anomalia na rede el\u00e9trica. E com o exclusivo circuito 3-Mode Power Guard, seu equipamento fica protegido dos tipos mais comuns de transit\u00f3rios de energia causados por problemas na rede el\u00e9trica ou descargas atmosf\u00e9ricas de baixa intensidade, que acometem a maior parte das resid\u00eancias.<\/p>\n<p>A linha de condicionadores da AAT \u00e9 capaz de desligar todos os equipamentos ligados a eles simultaneamente, economizando energia el\u00e9trica.<\/p>\n<p>O usu\u00e1rio tamb\u00e9m pode acompanhar se a rede el\u00e9trica est\u00e1 funcionando bem ou se h\u00e1 alguma anormalidade a partir das indica\u00e7\u00f5es com cinco leds:<\/p>\n<p>&#8211; Power OK: se aceso, indica que o produto est\u00e1 conectado a uma rede el\u00e9trica, ligado e que a rede el\u00e9trica est\u00e1 dentro dos par\u00e2metros normais. Se piscar, indica que a rede el\u00e9trica est\u00e1 fora de especifica\u00e7\u00e3o e o produto entrou no modo de prote\u00e7\u00e3o.<\/p>\n<p>&#8211; Banks OK: pisca durante 5 segundos ao ser iniciado, se o Led Power OK estiver aceso, e depois acende, ligando os bancos. Apaga em caso de anormalidade;<\/p>\n<p>&#8211; GND OK: quando aceso, indica que o produto est\u00e1 conectado a uma conex\u00e3o de terra;<\/p>\n<p>&#8211; Wiring OK: indica que a liga\u00e7\u00e3o da rede el\u00e9trica est\u00e1 correta e n\u00e3o est\u00e1 invertida;<\/p>\n<p>&#8211; Protection Fault: se piscar, indica que a prote\u00e7\u00e3o principal do produto se sacrificou ao proteger seus equipamentos de um surto. Leve seu equipamento para manuten\u00e7\u00e3o.[\/vc_column_text][\/vc_column_inner][\/vc_row_inner][\/vc_column][\/vc_row][vc_row el_id=&#8221;especificacoes&#8221;][vc_column][vc_row_inner][vc_column_inner][vc_column_text]<\/p>\n<h3 class=\"info-page-title\">ESPECIFICA\u00c7\u00d5ES<\/h3>\n<p>[\/vc_column_text][\/vc_column_inner][\/vc_row_inner][vc_column_text]<\/p>\n<div class=\"table-responsive\">\n<table class=\"table table-especificacoes\">\n<thead>\n<tr>\n<th><\/th>\n<th style=\"text-align: center;\"><img loading=\"lazy\" decoding=\"async\" class=\"wp-image-2889 size-full aligncenter\" src=\"https:\/\/aataudio.com.br\/wp-content\/uploads\/menu-icon-pwc-6-2.jpg\" alt=\"\" width=\"120\" height=\"120\" \/>aat pwc-6\u00a0g2<\/th>\n<th style=\"text-align: center;\"><img loading=\"lazy\" decoding=\"async\" class=\"wp-image-2890 size-full aligncenter\" src=\"https:\/\/aataudio.com.br\/wp-content\/uploads\/menu-icon-pwc-7-2.jpg\" alt=\"\" width=\"120\" height=\"120\" \/>aat pwc-7\u00a0g2<\/th>\n<\/tr>\n<\/thead>\n<tbody>\n<tr class=\"table-first-row\">\n<th scope=\"row\">Display com volt\u00edmetro digital<\/th>\n<td class=\"table-info-value border-right\">Sim<\/td>\n<td class=\"table-info-value\">Sim<\/td>\n<\/tr>\n<tr>\n<th scope=\"row\">Prote\u00e7\u00e3o para surtos via entrada coaxial tipo F (TV\/TV a cabo\/Sat\u00e9lite)<\/th>\n<td class=\"table-info-value border-right\">Sim<\/td>\n<td class=\"table-info-value\">Sim<\/td>\n<\/tr>\n<tr>\n<th scope=\"row\">Prote\u00e7\u00e3o para surtos via entrada RJ-11 (telefone)<\/th>\n<td class=\"table-info-value border-right\">Sim<\/td>\n<td class=\"table-info-value\">Sim<\/td>\n<\/tr>\n<tr>\n<th scope=\"row\">Prote\u00e7\u00e3o contra surtos via entrada RJ-45 (conex\u00e3o GIGABIT LAN\/roteador internet)<\/th>\n<td class=\"table-info-value border-right\">Sim<\/td>\n<td class=\"table-info-value\">Sim<\/td>\n<\/tr>\n<tr>\n<th scope=\"row\">Entrada de Trigger In para liga\u00e7\u00e3o remota<\/th>\n<td class=\"table-info-value border-right\">Sim, 12 VDC +\/- 10%<\/td>\n<td class=\"table-info-value\">sim, 12 VDC +\/- 10%<\/td>\n<\/tr>\n<tr>\n<th scope=\"row\">Tomadas<\/th>\n<td class=\"table-info-value border-right\">2 bancos de quatro tomadas em 110V com filtragem independente: quatro para produtos digitais (Bank 01) e quatro para anal\u00f3gicos (Bank 02) com capacidade conjunta de at\u00e9 1000W m\u00e1ximos<\/td>\n<td class=\"table-info-value\">2 bancos de quatro tomadas 110V com filtragem independente: quatro para produtos digitais (Bank 01) e quatro para anal\u00f3gicos (Bank 02), com capacidade conjunta de at\u00e9 1500W<\/td>\n<\/tr>\n<tr>\n<th scope=\"row\">Tomadas Always On<\/th>\n<td class=\"table-info-value border-right\">Tr\u00eas (uma frontal e duas traseiras), capacidade conjunta de 100W m\u00e1ximos<\/td>\n<td class=\"table-info-value\">Tr\u00eas (uma frontal e duas traseiras), capacidade conjunta de 100W<\/td>\n<\/tr>\n<tr>\n<th scope=\"row\">Pot\u00eancia<\/th>\n<td class=\"table-info-value border-right\">1.100W<\/td>\n<td class=\"table-info-value\">1.600W<\/td>\n<\/tr>\n<tr>\n<th style=\"white-space: normal;\" scope=\"row\">Corrente m\u00e1xima de entrada em 220V<\/th>\n<td class=\"table-info-value border-right\">6 A<\/td>\n<td class=\"table-info-value\">8 A<\/td>\n<\/tr>\n<tr>\n<th scope=\"row\">Limite de acionamento das prote\u00e7\u00f5es de sub e sobretens\u00e3o<\/th>\n<td class=\"table-info-value border-right\">190V-255V<br \/>\nSurto na entrada coaxial tipo F, RJ-11 (telefone) e RJ45 (LAN)<\/td>\n<td class=\"table-info-value\">190V-255V<br \/>\nSurto na entrada coaxial tipo F, RJ-11 (telefone) e RJ45 (LAN)<\/td>\n<\/tr>\n<tr>\n<th scope=\"row\">Prote\u00e7\u00f5es contra surto<\/th>\n<td class=\"table-info-value border-right\">Anomalias da rede el\u00e9trica: Subtens\u00e3o \/ Sobretens\u00e3o \/ Sobrecarga \/ curto-circuito<\/p>\n<p>Tri-Mode: Fase e Neutro \/ Fase e Terra \/ Neutro e Terra<\/td>\n<td class=\"table-info-value\">Anomalias da rede el\u00e9trica: Subtens\u00e3o \/ Sobretens\u00e3o \/ Sobrecarga \/ curto-circuito<\/p>\n<p>Tri-Mode: Fase e Neutro \/ Fase e Terra \/ Neutro e Terra<\/td>\n<\/tr>\n<tr>\n<th scope=\"row\">Prote\u00e7\u00f5es para anomalias da rede<\/th>\n<td class=\"table-info-value border-right\">Subtens\u00e3o \/ Sobretens\u00e3o \/ Sobrecarga \/ curto-circuito<\/td>\n<td class=\"table-info-value\">Subtens\u00e3o \/ Sobretens\u00e3o \/ Sobrecarga \/ curto-circuito<\/td>\n<\/tr>\n<tr>\n<th scope=\"row\">Indica\u00e7\u00f5es de funcionamento<\/th>\n<td class=\"table-info-value border-right\">Power OK \/ Banks OK \/ GND OK \/ Wiring OK \/ Protection Fault: indica\u00e7\u00e3o completa do status de funcionamento de seu produto\/ Indicador digital de precis\u00e3o microprocessada da tens\u00e3o TRUE RMS da rede el\u00e9trica.<\/td>\n<td class=\"table-info-value\">Power OK \/ Banks OK \/ GND OK \/ Wiring OK \/ Protection Fault: indica\u00e7\u00e3o completa do status de funcionamento de seu produto\/ Indicador digital de precis\u00e3o microprocessada da tens\u00e3o TRUE RMS da rede el\u00e9trica.<\/td>\n<\/tr>\n<tr>\n<th scope=\"row\">Fus\u00edvel externo de prote\u00e7\u00e3o<\/th>\n<td class=\"table-info-value border-right\">10 A<\/td>\n<td class=\"table-info-value\">10\u00a0A<\/td>\n<\/tr>\n<tr>\n<th scope=\"row\">Capacidades dos bancos<\/th>\n<td class=\"table-info-value border-right\">Bank 1 e 2: 1000W m\u00e1ximos em conjunto, protegidos contra sobrecarga<\/p>\n<p>Bank Always on: 100W m\u00e1ximos<\/td>\n<td class=\"table-info-value\">Bank 1 e 2: 1500W m\u00e1ximos em conjunto, protegido contra sobrecarga<\/p>\n<p>Bank Always on: 100W<\/td>\n<\/tr>\n<tr>\n<th scope=\"row\">Consumo em repouso das tomadas Always-on<\/th>\n<td class=\"table-info-value border-right\">&lt;5W<\/td>\n<td class=\"table-info-value\">&lt;5W<\/td>\n<\/tr>\n<tr>\n<th scope=\"row\">Dimens\u00f5es do produto (L x P x A)<\/th>\n<td class=\"table-info-value border-right\">432 x 280 x 88mm (sem p\u00e9)<\/td>\n<td class=\"table-info-value\">432 x 280 x 88mm (sem p\u00e9)<\/td>\n<\/tr>\n<tr>\n<th scope=\"row\">Peso<\/th>\n<td class=\"table-info-value border-right\">9,7 kg (sem embalagem) \/ 10,2 kg (com embalagem)<\/td>\n<td class=\"table-info-value\">10,4 kg (sem embalagem) \/ 10,9 kg (com embalagem)<\/td>\n<\/tr>\n<\/tbody>\n<\/table>\n<\/div>\n<p>[\/vc_column_text][\/vc_column][\/vc_row][vc_row css=&#8221;.vc_custom_1618931453885{margin-top: 35px !important;}&#8221; el_id=&#8221;veja-tambem&#8221;][vc_column offset=&#8221;vc_hidden-xs&#8221;][vc_column_text]<\/p>\n<h3 class=\"info-page-title\">VEJA TAMB\u00c9M<\/h3>\n<p>[\/vc_column_text][vc_basic_grid post_type=&#8221;page&#8221; max_items=&#8221;-1&#8243; style=&#8221;pagination&#8221; items_per_page=&#8221;4&#8243; element_width=&#8221;3&#8243; gap=&#8221;20&#8243; orderby=&#8221;menu_order&#8221; order=&#8221;ASC&#8221; arrows_design=&#8221;vc_arrow-icon-arrow_07_left&#8221; arrows_position=&#8221;outside&#8221; arrows_color=&#8221;sky&#8221; paging_color=&#8221;sky&#8221; item=&#8221;184&#8243; initial_loading_animation=&#8221;none&#8221; grid_id=&#8221;vc_gid:1676559156657-4e69507d-bfec-7&#8243; taxonomies=&#8221;17&#8243; exclude=&#8221;1457&#8243;][\/vc_column][\/vc_row][vc_row css=&#8221;.vc_custom_1618931463287{margin-top: 35px !important;}&#8221; el_id=&#8221;veja-tambem-2&#8243;][vc_column offset=&#8221;vc_hidden-lg vc_hidden-md vc_hidden-sm&#8221;][vc_column_text]<\/p>\n<h3 class=\"info-page-title\">VEJA TAMB\u00c9M<\/h3>\n<p>[\/vc_column_text][vc_basic_grid post_type=&#8221;page&#8221; max_items=&#8221;-1&#8243; style=&#8221;pagination&#8221; items_per_page=&#8221;1&#8243; element_width=&#8221;12&#8243; gap=&#8221;20&#8243; orderby=&#8221;menu_order&#8221; order=&#8221;ASC&#8221; arrows_design=&#8221;vc_arrow-icon-arrow_07_left&#8221; arrows_color=&#8221;sky&#8221; paging_color=&#8221;sky&#8221; item=&#8221;184&#8243; initial_loading_animation=&#8221;none&#8221; grid_id=&#8221;vc_gid:1676559156659-4bf1f6ad-c68c-5&#8243; taxonomies=&#8221;17&#8243; exclude=&#8221;1457&#8243;][\/vc_column][\/vc_row]<\/p>\n<\/div>","protected":false},"excerpt":{"rendered":"<p>[vc_row][vc_column][vc_row_inner][vc_column_inner][vc_raw_html]JTNDZGl2JTIwY2xhc3MlM0QlMjJlYXN5em9vbSUyMGVhc3l6b29tLS13aXRoLXRodW1ibmFpbHMlMjIlM0UlMEElMjAlMjAlMjAlM0NhJTIwaHJlZiUzRCUyMmh0dHBzJTNBJTJGJTJGYWF0YXVkaW8uY29tLmJyJTJGd3AtY29udGVudCUyRnVwbG9hZHMlMkZiYW5uZXItem9vbS1wd2MtNy1HMi5qcGclMjIlMjBjbGFzcyUzRCUyMnpvb20tbWFzdGVyJTIyJTNFJTBBJTIwJTIwJTIwJTNDaW1nJTIwc3JjJTNEJTIyaHR0cHMlM0ElMkYlMkZhYXRhdWRpby5jb20uYnIlMkZ3cC1jb250ZW50JTJGdXBsb2FkcyUyRmJhbm5lci16b29tLXB3Yy03LUcyLmpwZyUyMiUyMGFsdCUzRCUyMmFjLTElMjIlM0UlMEElMjAlMjAlMjAlM0MlMkZhJTNFJTBBJTIwJTIwJTIwJTNDZGl2JTIwY2xhc3MlM0QlMjJlYXN5em9vbS1mbHlvdXQlMjIlM0UlM0MlMkZkaXYlM0UlMEElM0MlMkZkaXYlM0UlMEElM0N1bCUyMGNsYXNzJTNEJTIydGh1bWJuYWlscyUyMiUzRSUwQSUyMCUyMCUyMCUzQ2xpJTNFJTBBJTIwJTIwJTIwJTIwJTIwJTIwJTNDYSUyMGhyZWYlM0QlMjJodHRwcyUzQSUyRiUyRmFhdGF1ZGlvLmNvbS5iciUyRndwLWNvbnRlbnQlMkZ1cGxvYWRzJTJGYmFubmVyLXpvb20tcHdjLTctRzIuanBnJTIyJTIwZGF0YS1zdGFuZGFyZCUzRCUyMmh0dHBzJTNBJTJGJTJGYWF0YXVkaW8uY29tLmJyJTJGd3AtY29udGVudCUyRnVwbG9hZHMlMkZiYW5uZXItem9vbS1wd2MtNy1HMi5qcGclMjIlM0UlMEElMjAlMjAlMjAlMjAlMjAlMjAlM0NpbWclMjBzcmMlM0QlMjJodHRwcyUzQSUyRiUyRmFhdGF1ZGlvLmNvbS5iciUyRndwLWNvbnRlbnQlMkZ1cGxvYWRzJTJGYmFubmVyLXpvb20tcHdjLTctRzIuanBnJTIyJTIwYWx0JTNEJTIyYWMtMSUyMiUzRSUwQSUyMCUyMCUyMCUyMCUyMCUyMCUzQyUyRmElM0UlMEElMjAlMjAlMjAlM0MlMkZsaSUzRSUwQSUyMCUyMCUyMCUzQ2xpJTNFJTBBJTIwJTIwJTIwJTIwJTIwJTIwJTNDYSUyMGhyZWYlM0QlMjJodHRwcyUzQSUyRiUyRmFhdGF1ZGlvLmNvbS5iciUyRndwLWNvbnRlbnQlMkZ1cGxvYWRzJTJGYmFubmVyLXpvb20tcHdjLTctMi1HMi5qcGclMjIlMjBkYXRhLXN0YW5kYXJkJTNEJTIyaHR0cHMlM0ElMkYlMkZhYXRhdWRpby5jb20uYnIlMkZ3cC1jb250ZW50JTJGdXBsb2FkcyUyRmJhbm5lci16b29tLXB3Yy03LTItRzIuanBnJTIyJTNFJTBBJTIwJTIwJTIwJTIwJTIwJTIwJTNDaW1nJTIwc3JjJTNEJTIyaHR0cHMlM0ElMkYlMkZhYXRhdWRpby5jb20uYnIlMkZ3cC1jb250ZW50JTJGdXBsb2FkcyUyRmJhbm5lci16b29tLXB3Yy03LTItRzIuanBnJTIyJTIwYWx0JTNEJTIyYWMtMiUyMiUzRSUwQSUyMCUyMCUyMCUyMCUyMCUyMCUzQyUyRmElM0UlMEElMjAlMjAlMjAlM0MlMkZsaSUzRSUwQSUyMCUyMCUyMCUzQ2xpJTNFJTBBJTIwJTIwJTIwJTIwJTIwJTIwJTNDYSUyMGhyZWYlM0QlMjJodHRwcyUzQSUyRiUyRmFhdGF1ZGlvLmNvbS5iciUyRndwLWNvbnRlbnQlMkZ1cGxvYWRzJTJGYmFubmVyLXpvb20tcHdjLTctMy1HMi0xLmpwZyUyMiUyMGRhdGEtc3RhbmRhcmQlM0QlMjJodHRwcyUzQSUyRiUyRmFhdGF1ZGlvLmNvbS5iciUyRndwLWNvbnRlbnQlMkZ1cGxvYWRzJTJGYmFubmVyLXpvb20tcHdjLTctMy1HMi0xLmpwZyUyMiUzRSUwQSUyMCUyMCUyMCUyMCUyMCUyMCUzQ2ltZyUyMHNyYyUzRCUyMmh0dHBzJTNBJTJGJTJGYWF0YXVkaW8uY29tLmJyJTJGd3AtY29udGVudCUyRnVwbG9hZHMlMkZiYW5uZXItem9vbS1wd2MtNy0zLUcyLTEuanBnJTIyJTIwYWx0JTNEJTIyYWMtMyUyMiUzRSUwQSUyMCUyMCUyMCUyMCUyMCUyMCUzQyUyRmElM0UlMEElMjAlMjAlMjAlM0MlMkZsaSUzRSUwQSUzQyUyRnVsJTNF[\/vc_raw_html][\/vc_column_inner][\/vc_row_inner][vc_row_inner][vc_column_inner width=&#8221;1\/2&#8243;][\/vc_column_inner][vc_column_inner width=&#8221;1\/2&#8243;][vc_column_text] Share via Whatsapp[\/vc_column_text][\/vc_column_inner][\/vc_row_inner][\/vc_column][\/vc_row][vc_row el_id=&#8221;tab-menu-produto&#8221;][vc_column][vc_row_inner][vc_column_inner][vc_btn title=&#8221;Descri\u00e7\u00e3o&#8221; shape=&#8221;square&#8221; link=&#8221;url:%23descricao|||rel:nofollow&#8221; el_class=&#8221;ancor-scroll&#8221;][vc_btn title=&#8221;Caracteristicas&#8221; shape=&#8221;square&#8221; link=&#8221;url:%23caracteristicas|||rel:nofollow&#8221; el_class=&#8221;ancor-scroll&#8221;][vc_btn title=&#8221;Especifica\u00e7\u00f5es&#8221; shape=&#8221;square&#8221; link=&#8221;url:%23especificacoes|||rel:nofollow&#8221; el_class=&#8221;ancor-scroll&#8221;][\/vc_column_inner][\/vc_row_inner][\/vc_column][\/vc_row][vc_row el_id=&#8221;descricao&#8221;][vc_column][vc_row_inner][vc_column_inner][vc_column_text] DESCRI\u00c7\u00c3O Compat\u00edveis com a tecnologia GIGABIT LAN para atender \u00e0s novas demandas de velocidade de internet, os condicionadores de energia AAT PWC-6 G2 e AAT PWC-7 G2 se destacam por serem modelos com tens\u00e3o de [&hellip;]<\/p>\n","protected":false},"author":5,"featured_media":2896,"parent":645,"menu_order":7,"comment_status":"closed","ping_status":"closed","template":"page-fullwidth.php","meta":{"footnotes":""},"class_list":["post-11763","page","type-page","status-publish","has-post-thumbnail","hentry"],"_links":{"self":[{"href":"https:\/\/aataudio.com.br\/home\/wp-json\/wp\/v2\/pages\/11763"}],"collection":[{"href":"https:\/\/aataudio.com.br\/home\/wp-json\/wp\/v2\/pages"}],"about":[{"href":"https:\/\/aataudio.com.br\/home\/wp-json\/wp\/v2\/types\/page"}],"author":[{"embeddable":true,"href":"https:\/\/aataudio.com.br\/home\/wp-json\/wp\/v2\/users\/5"}],"replies":[{"embeddable":true,"href":"https:\/\/aataudio.com.br\/home\/wp-json\/wp\/v2\/comments?post=11763"}],"version-history":[{"count":6,"href":"https:\/\/aataudio.com.br\/home\/wp-json\/wp\/v2\/pages\/11763\/revisions"}],"predecessor-version":[{"id":11857,"href":"https:\/\/aataudio.com.br\/home\/wp-json\/wp\/v2\/pages\/11763\/revisions\/11857"}],"up":[{"embeddable":true,"href":"https:\/\/aataudio.com.br\/home\/wp-json\/wp\/v2\/pages\/645"}],"wp:featuredmedia":[{"embeddable":true,"href":"https:\/\/aataudio.com.br\/home\/wp-json\/wp\/v2\/media\/2896"}],"wp:attachment":[{"href":"https:\/\/aataudio.com.br\/home\/wp-json\/wp\/v2\/media?parent=11763"}],"curies":[{"name":"wp","href":"https:\/\/api.w.org\/{rel}","templated":true}]}}