{"id":11221,"date":"2022-06-13T11:32:53","date_gmt":"2022-06-13T14:32:53","guid":{"rendered":"https:\/\/aataudio.com.br\/?page_id=11221"},"modified":"2024-08-01T14:48:46","modified_gmt":"2024-08-01T17:48:46","slug":"aat-audiocast-ac-1-g2","status":"publish","type":"page","link":"https:\/\/aataudio.com.br\/home\/audio-streaming\/aat-audiocast-ac-1-g2\/","title":{"rendered":"AAT AUDIOCAST AC-1 G2"},"content":{"rendered":"<div class=\"wpb-content-wrapper\"><p>[vc_row][vc_column][vc_row_inner][vc_column_inner][vc_raw_html]JTNDZGl2JTIwY2xhc3MlM0QlMjJlYXN5em9vbSUyMGVhc3l6b29tLS13aXRoLXRodW1ibmFpbHMlMjIlM0UlMEElMjAlMjAlMjAlM0NhJTIwaHJlZiUzRCUyMmh0dHBzJTNBJTJGJTJGYWF0YXVkaW8uY29tLmJyJTJGd3AtY29udGVudCUyRnVwbG9hZHMlMkZiYW5uZXItem9vbS1hYy0xLWcyLTEuanBnJTIyJTIwY2xhc3MlM0QlMjJ6b29tLW1hc3RlciUyMiUzRSUwQSUyMCUyMCUyMCUzQ2ltZyUyMHNyYyUzRCUyMmh0dHBzJTNBJTJGJTJGYWF0YXVkaW8uY29tLmJyJTJGd3AtY29udGVudCUyRnVwbG9hZHMlMkZiYW5uZXItem9vbS1hYy0xLWcyLTEuanBnJTIyJTIwYWx0JTNEJTIyJTIyJTNFJTBBJTIwJTIwJTIwJTNDJTJGYSUzRSUwQSUyMCUyMCUyMCUzQ2RpdiUyMGNsYXNzJTNEJTIyZWFzeXpvb20tZmx5b3V0JTIyJTNFJTNDJTJGZGl2JTNFJTBBJTNDJTJGZGl2JTNFJTBBJTNDdWwlMjBjbGFzcyUzRCUyMnRodW1ibmFpbHMlMjIlM0UlMEElMjAlMjAlMjAlM0NsaSUzRSUwQSUyMCUyMCUyMCUyMCUyMCUyMCUzQ2ElMjBocmVmJTNEJTIyaHR0cHMlM0ElMkYlMkZhYXRhdWRpby5jb20uYnIlMkZ3cC1jb250ZW50JTJGdXBsb2FkcyUyRmJhbm5lci16b29tLWFjLTEtZzItMS5qcGclMjIlMjBkYXRhLXN0YW5kYXJkJTNEJTIyaHR0cHMlM0ElMkYlMkZhYXRhdWRpby5jb20uYnIlMkZ3cC1jb250ZW50JTJGdXBsb2FkcyUyRmJhbm5lci16b29tLWFjLTEtZzItMS5qcGclMjIlM0UlMEElMjAlMjAlMjAlMjAlMjAlMjAlM0NpbWclMjBzcmMlM0QlMjJodHRwcyUzQSUyRiUyRmFhdGF1ZGlvLmNvbS5iciUyRndwLWNvbnRlbnQlMkZ1cGxvYWRzJTJGYmFubmVyLXpvb20tYWMtMS1nMi0xLmpwZyUyMiUyMGFsdCUzRCUyMiUyMiUzRSUwQSUyMCUyMCUyMCUyMCUyMCUyMCUzQyUyRmElM0UlMEElMjAlMjAlMjAlM0MlMkZsaSUzRSUwQSUyMCUyMCUyMCUzQ2xpJTNFJTBBJTIwJTIwJTIwJTIwJTIwJTIwJTNDYSUyMGhyZWYlM0QlMjJodHRwcyUzQSUyRiUyRmFhdGF1ZGlvLmNvbS5iciUyRndwLWNvbnRlbnQlMkZ1cGxvYWRzJTJGYmFubmVyLXpvb20tYWMtMS1nMi5qcGclMjIlMjBkYXRhLXN0YW5kYXJkJTNEJTIyaHR0cHMlM0ElMkYlMkZhYXRhdWRpby5jb20uYnIlMkZ3cC1jb250ZW50JTJGdXBsb2FkcyUyRmJhbm5lci16b29tLWFjLTEtZzIuanBnJTIyJTNFJTBBJTIwJTIwJTIwJTIwJTIwJTIwJTNDaW1nJTIwc3JjJTNEJTIyaHR0cHMlM0ElMkYlMkZhYXRhdWRpby5jb20uYnIlMkZ3cC1jb250ZW50JTJGdXBsb2FkcyUyRmJhbm5lci16b29tLWFjLTEtZzIuanBnJTIyJTIwYWx0JTNEJTIyJTIyJTNFJTBBJTIwJTIwJTIwJTIwJTIwJTIwJTNDJTJGYSUzRSUwQSUyMCUyMCUyMCUzQyUyRmxpJTNFJTBBJTIwJTIwJTIwJTNDbGklM0UlMEElMjAlMjAlMjAlMjAlMjAlMjAlM0NhJTIwaHJlZiUzRCUyMmh0dHBzJTNBJTJGJTJGYWF0YXVkaW8uY29tLmJyJTJGd3AtY29udGVudCUyRnVwbG9hZHMlMkZiYW5uZXItem9vbS1hYy0xLWcyLTIuanBnJTIyJTIwZGF0YS1zdGFuZGFyZCUzRCUyMmh0dHBzJTNBJTJGJTJGYWF0YXVkaW8uY29tLmJyJTJGd3AtY29udGVudCUyRnVwbG9hZHMlMkZiYW5uZXItem9vbS1hYy0xLWcyLTIuanBnJTIyJTNFJTBBJTIwJTIwJTIwJTIwJTIwJTIwJTNDaW1nJTIwc3JjJTNEJTIyaHR0cHMlM0ElMkYlMkZhYXRhdWRpby5jb20uYnIlMkZ3cC1jb250ZW50JTJGdXBsb2FkcyUyRmJhbm5lci16b29tLWFjLTEtZzItMi5qcGclMjIlMjBhbHQlM0QlMjIlMjIlM0UlMEElMjAlMjAlMjAlMjAlMjAlMjAlM0MlMkZhJTNFJTBBJTIwJTIwJTIwJTNDJTJGbGklM0UlMjAlMEElMjAlMjAlMjAlM0NsaSUzRSUwQSUyMCUyMCUyMCUyMCUyMCUyMCUzQ2ElMjBocmVmJTNEJTIyaHR0cHMlM0ElMkYlMkZhYXRhdWRpby5jb20uYnIlMkZ3cC1jb250ZW50JTJGdXBsb2FkcyUyRmJhbm5lci1hYy0xLWcyLTQuanBnJTIyJTIwZGF0YS1zdGFuZGFyZCUzRCUyMmh0dHBzJTNBJTJGJTJGYWF0YXVkaW8uY29tLmJyJTJGd3AtY29udGVudCUyRnVwbG9hZHMlMkZiYW5uZXItYWMtMS1nMi00LmpwZyUyMiUzRSUwQSUyMCUyMCUyMCUyMCUyMCUyMCUzQ2ltZyUyMHNyYyUzRCUyMmh0dHBzJTNBJTJGJTJGYWF0YXVkaW8uY29tLmJyJTJGd3AtY29udGVudCUyRnVwbG9hZHMlMkZiYW5uZXItYWMtMS1nMi00LmpwZyUyMiUyMGFsdCUzRCUyMiUyMiUzRSUwQSUyMCUyMCUyMCUyMCUyMCUyMCUzQyUyRmElM0UlMEElMjAlMjAlMjAlM0MlMkZsaSUzRSUwQSUyMCUyMCUyMCUzQ2xpJTNFJTBBJTIwJTIwJTIwJTIwJTIwJTIwJTNDYSUyMGhyZWYlM0QlMjJodHRwcyUzQSUyRiUyRmFhdGF1ZGlvLmNvbS5iciUyRndwLWNvbnRlbnQlMkZ1cGxvYWRzJTJGYmFubmVyLXpvb20tYWMtMS1nMi1hcGxpY2F0aXZvLmpwZyUyMiUyMGRhdGEtc3RhbmRhcmQlM0QlMjJodHRwcyUzQSUyRiUyRmFhdGF1ZGlvLmNvbS5iciUyRndwLWNvbnRlbnQlMkZ1cGxvYWRzJTJGYmFubmVyLXpvb20tYWMtMS1nMi1hcGxpY2F0aXZvLmpwZyUyMiUzRSUwQSUyMCUyMCUyMCUyMCUyMCUyMCUzQ2ltZyUyMHNyYyUzRCUyMmh0dHBzJTNBJTJGJTJGYWF0YXVkaW8uY29tLmJyJTJGd3AtY29udGVudCUyRnVwbG9hZHMlMkZiYW5uZXItem9vbS1hYy0xLWcyLWFwbGljYXRpdm8uanBnJTIyJTIwYWx0JTNEJTIyJTIyJTNFJTBBJTIwJTIwJTIwJTIwJTIwJTIwJTNDJTJGYSUzRSUwQSUyMCUyMCUyMCUzQyUyRmxpJTNFJTBBJTIwJTIwJTIwJTNDbGklM0UlMEElMjAlMjAlMjAlMjAlMjAlMjAlM0NhJTIwaHJlZiUzRCUyMmh0dHBzJTNBJTJGJTJGYWF0YXVkaW8uY29tLmJyJTJGd3AtY29udGVudCUyRnVwbG9hZHMlMkZiYW5uZXItYWMtMS1nMi02LmpwZyUyMiUyMGRhdGEtc3RhbmRhcmQlM0QlMjJodHRwcyUzQSUyRiUyRmFhdGF1ZGlvLmNvbS5iciUyRndwLWNvbnRlbnQlMkZ1cGxvYWRzJTJGYmFubmVyLWFjLTEtZzItNi5qcGclMjIlM0UlMEElMjAlMjAlMjAlMjAlMjAlMjAlM0NpbWclMjBzcmMlM0QlMjJodHRwcyUzQSUyRiUyRmFhdGF1ZGlvLmNvbS5iciUyRndwLWNvbnRlbnQlMkZ1cGxvYWRzJTJGYmFubmVyLWFjLTEtZzItNi5qcGclMjIlMjBhbHQlM0QlMjIlMjIlM0UlMEElMjAlMjAlMjAlMjAlMjAlMjAlM0MlMkZhJTNFJTBBJTIwJTIwJTIwJTNDJTJGbGklM0UlMEElM0MlMkZ1bCUzRQ==[\/vc_raw_html][\/vc_column_inner][\/vc_row_inner][vc_row_inner][vc_column_inner width=&#8221;1\/2&#8243;][\/vc_column_inner][vc_column_inner width=&#8221;1\/2&#8243;][vc_column_text]<aside class=\"mashsb-container mashsb-main mashsb-stretched\"><div class=\"mashsb-box\"><div class=\"mashsb-buttons\"><a class=\"mashicon-facebook mash-small mash-center mashsb-noshadow mashsb-pure-icons\" href=\"https:\/\/www.facebook.com\/sharer.php?u=https%3A%2F%2Faataudio.com.br%2Fhome%2Faudio-streaming%2Faat-audiocast-ac-1-g2%2F\" target=\"_top\" rel=\"nofollow\"><span class=\"icon\"><\/span><span class=\"text\"><\/span><\/a><a class=\"mashicon-twitter mash-small mash-center mashsb-noshadow mashsb-pure-icons\" href=\"https:\/\/twitter.com\/intent\/tweet?text=&amp;url=https:\/\/aataudio.com.br\/home\/audio-streaming\/aat-audiocast-ac-1-g2\/\" target=\"_top\" rel=\"nofollow\"><span class=\"icon\"><\/span><span class=\"text\"><\/span><\/a><a class=\"mashicon-whatsapp mash-small mash-center mashsb-noshadow mashsb-pure-icons\" href=\"\" target=\"_top\" rel=\"nofollow\"><span class=\"icon\"><\/span><span class=\"text\"><\/span><\/a><div class=\"onoffswitch2 mash-small mashsb-noshadow\" style=\"display:none\"><\/div><\/div><\/div>\n                    <div style=\"clear:both\"><\/div><div class=\"mashsb-toggle-container\"><\/div><\/aside>\n            <!-- Share buttons made by mashshare.net - Version: 4.0.47--><br \/>\n<a style=\"display: none;\" href=\"whatsapp:\/\/send?text=The text to share!\" data-action=\"share\/whatsapp\/share\">Share via Whatsapp<\/a>[\/vc_column_text][\/vc_column_inner][\/vc_row_inner][\/vc_column][\/vc_row][vc_row el_id=&#8221;tab-menu-produto&#8221;][vc_column][vc_row_inner][vc_column_inner][vc_btn title=&#8221;Descri\u00e7\u00e3o&#8221; shape=&#8221;square&#8221; link=&#8221;url:%23descricao|||rel:nofollow&#8221; el_class=&#8221;ancor-scroll&#8221;][vc_btn title=&#8221;Caracteristicas&#8221; shape=&#8221;square&#8221; link=&#8221;url:%23caracteristicas|||rel:nofollow&#8221; el_class=&#8221;ancor-scroll&#8221;][vc_btn title=&#8221;Especifica\u00e7\u00f5es&#8221; shape=&#8221;square&#8221; link=&#8221;url:%23especificacoes|||rel:nofollow&#8221; el_class=&#8221;ancor-scroll&#8221;][\/vc_column_inner][\/vc_row_inner][\/vc_column][\/vc_row][vc_row el_id=&#8221;descricao&#8221;][vc_column][vc_row_inner][vc_column_inner][vc_column_text]<\/p>\n<h3 class=\"info-page-title\">DESCRI\u00c7\u00c3O<\/h3>\n<p>Receiver de streaming moderno de alta performance com eletr\u00f4nica de segunda gera\u00e7\u00e3o, o <strong>AAT AudioCast AC-1 G2 traz ainda outros avan\u00e7os em rela\u00e7\u00e3o \u00e0 vers\u00e3o anterior, como entrada \u00f3ptica, conectividade Bluetooth 5.0 e novo controle remoto mais completo com ajustes de equaliza\u00e7\u00e3o. <\/strong>Esse produto foi projetado para revolucionar a maneira de reproduzir m\u00fasica a partir de qualquer aparelho, como smartphone, tablet e notebook ou mesmo pen drive ou aparelhos externos como TVs e outros eletr\u00f4nicos. E o melhor: voc\u00ea pode controlar todos os recursos de forma muito simples e intuitiva, atrav\u00e9s do\u00a0<strong>aplicativo AudioCast S<\/strong>, dispon\u00edvel nas plataformas<strong>\u00a0<\/strong><strong>Android e iOs; do controle remoto; ou atrav\u00e9s de automa\u00e7\u00e3o por meio de rede LAN, comunica\u00e7\u00e3o serial RS-232 ou mesmo controles discretos IR<\/strong><strong>.<\/strong><\/p>\n<p>O <strong>AAT AudioCast AC-1 G2 <\/strong>pode trabalhar sozinho ou na configura\u00e7\u00e3o de\u00a0<strong>multi-zonas<\/strong>, conectado \u00e0 rede residencial\u00a0<strong>Wi-Fi\u00a0<\/strong>ou via<strong>\u00a0Bluetooth<\/strong>. Com pot\u00eancia de\u00a0<strong>120W RMS cont\u00ednuos ou 240W m\u00e1ximos<\/strong>; sa\u00edda\u00a0<strong>Line-out<\/strong>\u00a0para a conex\u00e3o de amplificadores externos, multiroom ou sistemas Hi-Fi; sa\u00edda para at\u00e9 dois\u00a0<strong>subwoofers, entrada \u00f3ptica TOSLINK <\/strong>e duas\u00a0<strong>entradas Line-In<\/strong>, o produto \u00e9 uma solu\u00e7\u00e3o completa para a sonoriza\u00e7\u00e3o de ambientes. E a \u00fanica que conta com a qualidade que s\u00f3 a AAT \u00e9 capaz de proporcionar.[\/vc_column_text][\/vc_column_inner][\/vc_row_inner][\/vc_column][\/vc_row][vc_row el_id=&#8221;caracteristicas&#8221;][vc_column offset=&#8221;vc_col-sm-offset-0&#8243;][vc_row_inner][vc_column_inner][vc_column_text]<\/p>\n<h3 class=\"info-page-title\">CARACTER\u00cdSTICAS<\/h3>\n<p>Para revolucionar a maneira como voc\u00ea reproduz \u00e1udio sem fio na sua resid\u00eancia, o\u00a0<strong>AAT AudioCast AC-1 G2<\/strong>\u00a0agregou as mais modernas tecnologias, descritas a seguir.<\/p>\n<p>O produto traz\u00a0<strong>dois microprocessadores: <\/strong>o primeiro \u00e9 um poderoso\u00a0<strong>microcontrolador RISC<\/strong>\u00a0trabalhando a 580 MHz, que controla a conectividade do aparelho. J\u00e1 o segundo \u00e9 um processador\u00a0<strong>ARM Cortex M3<\/strong>\u00a0trabalhando a 100 MHz, que faz todo o trabalho de processamento de \u00e1udio.<\/p>\n<p><strong>PRINCIPAIS CARACTER\u00cdSTICAS DE HARDWARE:<\/strong><\/p>\n<ul>\n<li>Conex\u00e3o\u00a0<strong>Wi-Fi 802.11 b\/g\/n;<\/strong><\/li>\n<li>Conex\u00e3o cabeada\u00a0<strong>RJ-45 com velocidade de 10\/100M;<\/strong><\/li>\n<li>Conex\u00e3o\u00a0<strong>Bluetooth Vers\u00e3o 5.0;<\/strong><\/li>\n<li>Leitor de pen drive\u00a0<strong>USB 2.0;<\/strong><\/li>\n<li>Entrada \u00f3ptica digital <strong>TOSLINK<\/strong><strong>;<\/strong><\/li>\n<li>Duas\u00a0<strong>entradas Line-in\u00a0<\/strong>(frontal e traseira);<\/li>\n<li>Sa\u00edda\u00a0<strong>Line-out;<\/strong><\/li>\n<li>Duas sa\u00eddas para\u00a0<strong>subwoofer;<\/strong><\/li>\n<li>Controle por\u00a0<strong>LAN, RS-232 e IR;<\/strong><\/li>\n<li><strong>Controle remoto\u00a0<\/strong>dedicado incluso;<\/li>\n<li>Capacidade de\u00a0<strong>multiroom para at\u00e9 8 zonas \/ 16 canais<\/strong> por Wi-Fi;<\/li>\n<li>Amplificador\u00a0<strong>classe D\u00a0<\/strong>de alta performance de\u00a0<strong>120 W RMS (2x60W RMS) ou 240 W RMS m\u00e1ximos<\/strong>;<\/li>\n<li><strong>Fonte de alimenta\u00e7\u00e3o autom\u00e1tica full range\u00a0<\/strong>de\u00a0<strong>99-242V<\/strong>\u00a0interna;<\/li>\n<li><strong>Controle remoto completo;<\/strong><\/li>\n<li><strong>Receptor de IR interno ou externo (para integra\u00e7\u00e3o com automa\u00e7\u00e3o);<\/strong><\/li>\n<li>Gabinete\u00a0<strong>padr\u00e3o rack\u00a0<\/strong>com uma unidade de altura<\/li>\n<\/ul>\n<p>&nbsp;<\/p>\n<p><strong>PRINCIPAIS CARACTER\u00cdSTICAS DE SOFTWARE:<\/strong><\/p>\n<ul>\n<li>Controle atrav\u00e9s do aplicativo\u00a0<strong>Audiocast S<\/strong>, dispon\u00edvel para\u00a0<strong>Android e iOs;<\/strong><\/li>\n<li>Reproduz arquivos de \u00e1udio em\u00a0<strong>alta resolu\u00e7\u00e3o\u00a0<\/strong>de at\u00e9\u00a0<strong>24 bits\/192 KHz<\/strong>;<\/li>\n<li>Reproduz os formatos de \u00e1udio\u00a0<strong>MP3, FLAC, ALAC, WMA, WAV, AAC, AAC+, APE;<\/strong><\/li>\n<li>Faz streaming diretamente dos servi\u00e7os\u00a0<strong>Spotify,\u00a0Tidal, Amazon Music, Deezer, Pandora Qobuz, vTuner, Napster, TuneIn,\u00a0Rhapsody, iHeartRadio\u00a0<\/strong>e outros;<\/li>\n<li>Compat\u00edvel com\u00a0<strong>Apple Airplay;<\/strong><\/li>\n<li>Compat\u00edvel com redes\u00a0<strong>DLNA e NAS\/UPNP<\/strong>;<\/li>\n<li><strong>Sistema seguro e encriptado;<\/strong><\/li>\n<li>Control\u00e1vel por\u00a0<strong>automa\u00e7\u00e3o: Ethernet, Serial (RS-232 DB-9) e IR<\/strong><\/li>\n<\/ul>\n<p>[\/vc_column_text][\/vc_column_inner][\/vc_row_inner][\/vc_column][\/vc_row][vc_row el_id=&#8221;especificacoes&#8221;][vc_column][vc_row_inner][vc_column_inner][vc_column_text]<\/p>\n<h3 class=\"info-page-title\">ESPECIFICA\u00c7\u00d5ES<\/h3>\n<p>[\/vc_column_text][\/vc_column_inner][\/vc_row_inner][vc_column_text]<\/p>\n<div class=\"table-responsive\">\n<table class=\"table table-especificacoes\">\n<thead>\n<tr>\n<th><\/th>\n<th style=\"text-align: center;\"><img loading=\"lazy\" decoding=\"async\" class=\"wp-image-3051 size-full aligncenter\" src=\"https:\/\/aataudio.com.br\/wp-content\/uploads\/menu-icon-ac-1-2.jpg\" alt=\"\" width=\"120\" height=\"120\" \/>AAT AUDIOCAST AC-1 G2<\/th>\n<\/tr>\n<\/thead>\n<tbody>\n<tr class=\"table-first-row\">\n<th scope=\"row\">Pot\u00eancia RMS<\/th>\n<td class=\"table-info-value\">120 W RMS cont\u00ednuos = 2\u00d760 W RMS \/ 4 ohms<\/p>\n<p><span style=\"font-family: inherit; font-size: inherit;\">240 W RMS m\u00e1ximos = 2 x 120 W RMS \/ 4 ohms<\/span><\/td>\n<\/tr>\n<tr>\n<th style=\"white-space: normal;\" scope=\"row\">Imped\u00e2ncia das caixas<\/th>\n<td class=\"table-info-value\">4 a 16 ohms<\/td>\n<\/tr>\n<tr>\n<th scope=\"row\">Rela\u00e7\u00e3o sinal ru\u00eddo (Line-In)<\/th>\n<td class=\"table-info-value\">90 dB(A)<\/td>\n<\/tr>\n<tr>\n<th scope=\"row\">Resposta em frequ\u00eancia (Line-In)<\/th>\n<td class=\"table-info-value\">10 Hz a 40 KHz<\/td>\n<\/tr>\n<tr>\n<th scope=\"row\">\u00a0Distor\u00e7\u00e3o Harm\u00f4nica (Amp via lineIn)<\/th>\n<td class=\"table-info-value\">0,09 %<\/td>\n<\/tr>\n<tr>\n<th scope=\"row\">\u00a0Crosstalk (Line-In)<\/th>\n<td class=\"table-info-value\">80 dB<\/td>\n<\/tr>\n<tr>\n<th scope=\"row\">\u00a0Sensibilidade entrada Line IN<\/th>\n<td class=\"table-info-value\">0,5 RMS<\/td>\n<\/tr>\n<tr>\n<th scope=\"row\">\u00a0N\u00edvel m\u00e1ximo de entrada Line IN<\/th>\n<td class=\"table-info-value\">5 V RMS<\/td>\n<\/tr>\n<tr>\n<th scope=\"row\">\u00a0Nivel de sa\u00edda Line-out<\/th>\n<td class=\"table-info-value\">1 V RMS<\/td>\n<\/tr>\n<tr>\n<th scope=\"row\">\u00a0Imped\u00e2ncia de sa\u00edda Line-out<\/th>\n<td class=\"table-info-value\">100 ohms<\/td>\n<\/tr>\n<tr>\n<th scope=\"row\">\u00a0Nivel de sa\u00edda Sub-out Pmax 60 Hz<\/th>\n<td class=\"table-info-value\">2 V RMS<\/td>\n<\/tr>\n<tr>\n<th scope=\"row\">\u00a0Imped\u00e2ncia de sa\u00edda Sub-out<\/th>\n<td class=\"table-info-value\">100 ohms<\/td>\n<\/tr>\n<tr>\n<th scope=\"row\">\u00a0Frequ\u00eancia de corte sub-out<\/th>\n<td class=\"table-info-value\">80 Hz, &#8211; 3 dB<\/td>\n<\/tr>\n<tr>\n<th scope=\"row\">\u00a0Fonte de alimenta\u00e7\u00e3o CA<\/th>\n<td class=\"table-info-value\">Autom\u00e1tica full range 90-2420V<\/td>\n<\/tr>\n<tr>\n<th scope=\"row\">\u00a0Consumo de energia<\/th>\n<td class=\"table-info-value\">140 W max<\/td>\n<\/tr>\n<tr>\n<th scope=\"row\">\u00a0Conex\u00e3o Wi-Fi<\/th>\n<td class=\"table-info-value\">802.11 b\/g\/n<\/td>\n<\/tr>\n<tr>\n<th scope=\"row\">\u00a0Conex\u00e3o LAN<\/th>\n<td class=\"table-info-value\">10\/100M<\/td>\n<\/tr>\n<tr>\n<th scope=\"row\">Conex\u00e3o Bluetooth<\/th>\n<td class=\"table-info-value\">5.0<\/td>\n<\/tr>\n<tr>\n<th scope=\"row\">\u00a0Leitor de pen-drive<\/th>\n<td class=\"table-info-value\">USB 2.0<\/td>\n<\/tr>\n<tr>\n<th scope=\"row\"><strong>Conex\u00e3o digital \u00f3ptica<\/strong><\/th>\n<td class=\"table-info-value\">TOSLINK<\/td>\n<\/tr>\n<tr>\n<th scope=\"row\">Modo multi-room por Wi-Fi<\/th>\n<td class=\"table-info-value\">At\u00e9 8 zonas \/ 16 canais<\/td>\n<\/tr>\n<tr>\n<th scope=\"row\">\u00a0Arquivos de \u00e1udio: profundidade de bits e taxa de amostragem<\/th>\n<td class=\"table-info-value\">16-24 bits \/ 44.1-192 KHz<\/td>\n<\/tr>\n<tr>\n<th scope=\"row\">\u00a0Arquivo de \u00e1udio: formatos compat\u00edveis<\/th>\n<td class=\"table-info-value\">MP3\/FLAC\/ALAC\/WMA\/WAV\/AAC\/AAC+\/APE<\/td>\n<\/tr>\n<tr>\n<th scope=\"row\">\u00a0Aplicativo: Streaming direto da Internet<\/th>\n<td class=\"table-info-value\">Spotify\/ Tidal\/ Amazon Music \/ Deezer\/ Qobuz\/ vTuner\/Napster\/ TuneIn<br \/>\n\/ Rhapsody \/ iHeartRadio<\/td>\n<\/tr>\n<tr>\n<th scope=\"row\">\u00a0Compat\u00edvel com Apple Airplay<\/th>\n<td class=\"table-info-value\">Sim<\/td>\n<\/tr>\n<tr>\n<th scope=\"row\">\u00a0Compat\u00edvel com redes DLNA e NAS\/UPNP<\/th>\n<td class=\"table-info-value\">Sim<\/td>\n<\/tr>\n<tr>\n<th scope=\"row\">\u00a0Control\u00e1vel por automa\u00e7\u00e3o<\/th>\n<td class=\"table-info-value\">Sim, Ethernet, Serial e IR<\/td>\n<\/tr>\n<tr>\n<th scope=\"row\">\u00a0Controle por aplicativo AudioCast<\/th>\n<td class=\"table-info-value\">Sim, para Android e iOs<\/td>\n<\/tr>\n<tr>\n<th scope=\"row\">\u00a0Dimens\u00f5es (L x P x A)<\/th>\n<td class=\"table-info-value\">432 x 250 x 44,5 mm (sem p\u00e9)<\/td>\n<\/tr>\n<tr>\n<th scope=\"row\">\u00a0Peso l\u00edquido<\/th>\n<td class=\"table-info-value\">2,7 Kg<\/td>\n<\/tr>\n<tr>\n<th scope=\"row\">\u00a0Peso bruto (com embalagem)<\/th>\n<td class=\"table-info-value\">3 Kg<\/td>\n<\/tr>\n<tr>\n<th scope=\"row\">\u00a0Conte\u00fado da embalagem<\/th>\n<td class=\"table-info-value\">1 AAT AudioCast AC-1 G2<\/p>\n<p>2 Antenas Wi-Fi \/ Bluetooth<\/p>\n<p>1 Cabo receptor IR<\/p>\n<p>1 Controle Remoto<\/p>\n<p>1 Manual do Usu\u00e1rio<\/td>\n<\/tr>\n<\/tbody>\n<\/table>\n<\/div>\n<p>[\/vc_column_text][\/vc_column][\/vc_row][vc_row css=&#8221;.vc_custom_1618956982319{margin-top: 35px !important;}&#8221; el_id=&#8221;veja-tambem&#8221;][vc_column offset=&#8221;vc_hidden-xs&#8221;][vc_column_text]<\/p>\n<h3 class=\"info-page-title\">VEJA TAMB\u00c9M<\/h3>\n<p>[\/vc_column_text][vc_basic_grid post_type=&#8221;page&#8221; max_items=&#8221;-1&#8243; style=&#8221;pagination&#8221; items_per_page=&#8221;4&#8243; element_width=&#8221;3&#8243; gap=&#8221;20&#8243; orderby=&#8221;menu_order&#8221; order=&#8221;ASC&#8221; arrows_design=&#8221;vc_arrow-icon-arrow_07_left&#8221; arrows_position=&#8221;outside&#8221; arrows_color=&#8221;sky&#8221; paging_color=&#8221;sky&#8221; item=&#8221;184&#8243; initial_loading_animation=&#8221;none&#8221; grid_id=&#8221;vc_gid:1722534253694-651e48ffcbfd5c608229e387cecb20aa-4&#8243; taxonomies=&#8221;22&#8243; exclude=&#8221;11221&#8243;][\/vc_column][\/vc_row][vc_row css=&#8221;.vc_custom_1618956994536{margin-top: 35px !important;}&#8221; el_id=&#8221;veja-tambem-2&#8243;][vc_column offset=&#8221;vc_hidden-lg vc_hidden-md vc_hidden-sm&#8221;][vc_column_text]<\/p>\n<h3 class=\"info-page-title\">VEJA TAMB\u00c9M<\/h3>\n<p>[\/vc_column_text][vc_basic_grid post_type=&#8221;page&#8221; max_items=&#8221;-1&#8243; style=&#8221;pagination&#8221; items_per_page=&#8221;1&#8243; element_width=&#8221;12&#8243; gap=&#8221;20&#8243; orderby=&#8221;menu_order&#8221; order=&#8221;ASC&#8221; arrows_design=&#8221;vc_arrow-icon-arrow_07_left&#8221; arrows_position=&#8221;outside&#8221; arrows_color=&#8221;sky&#8221; paging_color=&#8221;sky&#8221; item=&#8221;184&#8243; initial_loading_animation=&#8221;none&#8221; grid_id=&#8221;vc_gid:1722534253767-4deacc0403245e723e40d02a692d7dbe-7&#8243; taxonomies=&#8221;22&#8243; exclude=&#8221;11221&#8243;][\/vc_column][\/vc_row]<\/p>\n<\/div>","protected":false},"excerpt":{"rendered":"<p>[vc_row][vc_column][vc_row_inner][vc_column_inner][vc_raw_html]JTNDZGl2JTIwY2xhc3MlM0QlMjJlYXN5em9vbSUyMGVhc3l6b29tLS13aXRoLXRodW1ibmFpbHMlMjIlM0UlMEElMjAlMjAlMjAlM0NhJTIwaHJlZiUzRCUyMmh0dHBzJTNBJTJGJTJGYWF0YXVkaW8uY29tLmJyJTJGd3AtY29udGVudCUyRnVwbG9hZHMlMkZiYW5uZXItem9vbS1hYy0xLWcyLTEuanBnJTIyJTIwY2xhc3MlM0QlMjJ6b29tLW1hc3RlciUyMiUzRSUwQSUyMCUyMCUyMCUzQ2ltZyUyMHNyYyUzRCUyMmh0dHBzJTNBJTJGJTJGYWF0YXVkaW8uY29tLmJyJTJGd3AtY29udGVudCUyRnVwbG9hZHMlMkZiYW5uZXItem9vbS1hYy0xLWcyLTEuanBnJTIyJTIwYWx0JTNEJTIyJTIyJTNFJTBBJTIwJTIwJTIwJTNDJTJGYSUzRSUwQSUyMCUyMCUyMCUzQ2RpdiUyMGNsYXNzJTNEJTIyZWFzeXpvb20tZmx5b3V0JTIyJTNFJTNDJTJGZGl2JTNFJTBBJTNDJTJGZGl2JTNFJTBBJTNDdWwlMjBjbGFzcyUzRCUyMnRodW1ibmFpbHMlMjIlM0UlMEElMjAlMjAlMjAlM0NsaSUzRSUwQSUyMCUyMCUyMCUyMCUyMCUyMCUzQ2ElMjBocmVmJTNEJTIyaHR0cHMlM0ElMkYlMkZhYXRhdWRpby5jb20uYnIlMkZ3cC1jb250ZW50JTJGdXBsb2FkcyUyRmJhbm5lci16b29tLWFjLTEtZzItMS5qcGclMjIlMjBkYXRhLXN0YW5kYXJkJTNEJTIyaHR0cHMlM0ElMkYlMkZhYXRhdWRpby5jb20uYnIlMkZ3cC1jb250ZW50JTJGdXBsb2FkcyUyRmJhbm5lci16b29tLWFjLTEtZzItMS5qcGclMjIlM0UlMEElMjAlMjAlMjAlMjAlMjAlMjAlM0NpbWclMjBzcmMlM0QlMjJodHRwcyUzQSUyRiUyRmFhdGF1ZGlvLmNvbS5iciUyRndwLWNvbnRlbnQlMkZ1cGxvYWRzJTJGYmFubmVyLXpvb20tYWMtMS1nMi0xLmpwZyUyMiUyMGFsdCUzRCUyMiUyMiUzRSUwQSUyMCUyMCUyMCUyMCUyMCUyMCUzQyUyRmElM0UlMEElMjAlMjAlMjAlM0MlMkZsaSUzRSUwQSUyMCUyMCUyMCUzQ2xpJTNFJTBBJTIwJTIwJTIwJTIwJTIwJTIwJTNDYSUyMGhyZWYlM0QlMjJodHRwcyUzQSUyRiUyRmFhdGF1ZGlvLmNvbS5iciUyRndwLWNvbnRlbnQlMkZ1cGxvYWRzJTJGYmFubmVyLXpvb20tYWMtMS1nMi5qcGclMjIlMjBkYXRhLXN0YW5kYXJkJTNEJTIyaHR0cHMlM0ElMkYlMkZhYXRhdWRpby5jb20uYnIlMkZ3cC1jb250ZW50JTJGdXBsb2FkcyUyRmJhbm5lci16b29tLWFjLTEtZzIuanBnJTIyJTNFJTBBJTIwJTIwJTIwJTIwJTIwJTIwJTNDaW1nJTIwc3JjJTNEJTIyaHR0cHMlM0ElMkYlMkZhYXRhdWRpby5jb20uYnIlMkZ3cC1jb250ZW50JTJGdXBsb2FkcyUyRmJhbm5lci16b29tLWFjLTEtZzIuanBnJTIyJTIwYWx0JTNEJTIyJTIyJTNFJTBBJTIwJTIwJTIwJTIwJTIwJTIwJTNDJTJGYSUzRSUwQSUyMCUyMCUyMCUzQyUyRmxpJTNFJTBBJTIwJTIwJTIwJTNDbGklM0UlMEElMjAlMjAlMjAlMjAlMjAlMjAlM0NhJTIwaHJlZiUzRCUyMmh0dHBzJTNBJTJGJTJGYWF0YXVkaW8uY29tLmJyJTJGd3AtY29udGVudCUyRnVwbG9hZHMlMkZiYW5uZXItem9vbS1hYy0xLWcyLTIuanBnJTIyJTIwZGF0YS1zdGFuZGFyZCUzRCUyMmh0dHBzJTNBJTJGJTJGYWF0YXVkaW8uY29tLmJyJTJGd3AtY29udGVudCUyRnVwbG9hZHMlMkZiYW5uZXItem9vbS1hYy0xLWcyLTIuanBnJTIyJTNFJTBBJTIwJTIwJTIwJTIwJTIwJTIwJTNDaW1nJTIwc3JjJTNEJTIyaHR0cHMlM0ElMkYlMkZhYXRhdWRpby5jb20uYnIlMkZ3cC1jb250ZW50JTJGdXBsb2FkcyUyRmJhbm5lci16b29tLWFjLTEtZzItMi5qcGclMjIlMjBhbHQlM0QlMjIlMjIlM0UlMEElMjAlMjAlMjAlMjAlMjAlMjAlM0MlMkZhJTNFJTBBJTIwJTIwJTIwJTNDJTJGbGklM0UlMjAlMEElMjAlMjAlMjAlM0NsaSUzRSUwQSUyMCUyMCUyMCUyMCUyMCUyMCUzQ2ElMjBocmVmJTNEJTIyaHR0cHMlM0ElMkYlMkZhYXRhdWRpby5jb20uYnIlMkZ3cC1jb250ZW50JTJGdXBsb2FkcyUyRmJhbm5lci1hYy0xLWcyLTQuanBnJTIyJTIwZGF0YS1zdGFuZGFyZCUzRCUyMmh0dHBzJTNBJTJGJTJGYWF0YXVkaW8uY29tLmJyJTJGd3AtY29udGVudCUyRnVwbG9hZHMlMkZiYW5uZXItYWMtMS1nMi00LmpwZyUyMiUzRSUwQSUyMCUyMCUyMCUyMCUyMCUyMCUzQ2ltZyUyMHNyYyUzRCUyMmh0dHBzJTNBJTJGJTJGYWF0YXVkaW8uY29tLmJyJTJGd3AtY29udGVudCUyRnVwbG9hZHMlMkZiYW5uZXItYWMtMS1nMi00LmpwZyUyMiUyMGFsdCUzRCUyMiUyMiUzRSUwQSUyMCUyMCUyMCUyMCUyMCUyMCUzQyUyRmElM0UlMEElMjAlMjAlMjAlM0MlMkZsaSUzRSUwQSUyMCUyMCUyMCUzQ2xpJTNFJTBBJTIwJTIwJTIwJTIwJTIwJTIwJTNDYSUyMGhyZWYlM0QlMjJodHRwcyUzQSUyRiUyRmFhdGF1ZGlvLmNvbS5iciUyRndwLWNvbnRlbnQlMkZ1cGxvYWRzJTJGYmFubmVyLXpvb20tYWMtMS1nMi1hcGxpY2F0aXZvLmpwZyUyMiUyMGRhdGEtc3RhbmRhcmQlM0QlMjJodHRwcyUzQSUyRiUyRmFhdGF1ZGlvLmNvbS5iciUyRndwLWNvbnRlbnQlMkZ1cGxvYWRzJTJGYmFubmVyLXpvb20tYWMtMS1nMi1hcGxpY2F0aXZvLmpwZyUyMiUzRSUwQSUyMCUyMCUyMCUyMCUyMCUyMCUzQ2ltZyUyMHNyYyUzRCUyMmh0dHBzJTNBJTJGJTJGYWF0YXVkaW8uY29tLmJyJTJGd3AtY29udGVudCUyRnVwbG9hZHMlMkZiYW5uZXItem9vbS1hYy0xLWcyLWFwbGljYXRpdm8uanBnJTIyJTIwYWx0JTNEJTIyJTIyJTNFJTBBJTIwJTIwJTIwJTIwJTIwJTIwJTNDJTJGYSUzRSUwQSUyMCUyMCUyMCUzQyUyRmxpJTNFJTBBJTIwJTIwJTIwJTNDbGklM0UlMEElMjAlMjAlMjAlMjAlMjAlMjAlM0NhJTIwaHJlZiUzRCUyMmh0dHBzJTNBJTJGJTJGYWF0YXVkaW8uY29tLmJyJTJGd3AtY29udGVudCUyRnVwbG9hZHMlMkZiYW5uZXItYWMtMS1nMi02LmpwZyUyMiUyMGRhdGEtc3RhbmRhcmQlM0QlMjJodHRwcyUzQSUyRiUyRmFhdGF1ZGlvLmNvbS5iciUyRndwLWNvbnRlbnQlMkZ1cGxvYWRzJTJGYmFubmVyLWFjLTEtZzItNi5qcGclMjIlM0UlMEElMjAlMjAlMjAlMjAlMjAlMjAlM0NpbWclMjBzcmMlM0QlMjJodHRwcyUzQSUyRiUyRmFhdGF1ZGlvLmNvbS5iciUyRndwLWNvbnRlbnQlMkZ1cGxvYWRzJTJGYmFubmVyLWFjLTEtZzItNi5qcGclMjIlMjBhbHQlM0QlMjIlMjIlM0UlMEElMjAlMjAlMjAlMjAlMjAlMjAlM0MlMkZhJTNFJTBBJTIwJTIwJTIwJTNDJTJGbGklM0UlMEElM0MlMkZ1bCUzRQ==[\/vc_raw_html][\/vc_column_inner][\/vc_row_inner][vc_row_inner][vc_column_inner width=&#8221;1\/2&#8243;][\/vc_column_inner][vc_column_inner width=&#8221;1\/2&#8243;][vc_column_text] Share via Whatsapp[\/vc_column_text][\/vc_column_inner][\/vc_row_inner][\/vc_column][\/vc_row][vc_row el_id=&#8221;tab-menu-produto&#8221;][vc_column][vc_row_inner][vc_column_inner][vc_btn title=&#8221;Descri\u00e7\u00e3o&#8221; shape=&#8221;square&#8221; link=&#8221;url:%23descricao|||rel:nofollow&#8221; el_class=&#8221;ancor-scroll&#8221;][vc_btn title=&#8221;Caracteristicas&#8221; shape=&#8221;square&#8221; link=&#8221;url:%23caracteristicas|||rel:nofollow&#8221; el_class=&#8221;ancor-scroll&#8221;][vc_btn title=&#8221;Especifica\u00e7\u00f5es&#8221; shape=&#8221;square&#8221; link=&#8221;url:%23especificacoes|||rel:nofollow&#8221; el_class=&#8221;ancor-scroll&#8221;][\/vc_column_inner][\/vc_row_inner][\/vc_column][\/vc_row][vc_row el_id=&#8221;descricao&#8221;][vc_column][vc_row_inner][vc_column_inner][vc_column_text] DESCRI\u00c7\u00c3O Receiver de streaming moderno de alta performance com eletr\u00f4nica de segunda gera\u00e7\u00e3o, o AAT AudioCast AC-1 G2 traz ainda outros avan\u00e7os em rela\u00e7\u00e3o \u00e0 vers\u00e3o anterior, como entrada \u00f3ptica, conectividade Bluetooth 5.0 e novo [&hellip;]<\/p>\n","protected":false},"author":5,"featured_media":11426,"parent":763,"menu_order":1,"comment_status":"closed","ping_status":"closed","template":"page-fullwidth.php","meta":{"footnotes":""},"class_list":["post-11221","page","type-page","status-publish","has-post-thumbnail","hentry"],"_links":{"self":[{"href":"https:\/\/aataudio.com.br\/home\/wp-json\/wp\/v2\/pages\/11221"}],"collection":[{"href":"https:\/\/aataudio.com.br\/home\/wp-json\/wp\/v2\/pages"}],"about":[{"href":"https:\/\/aataudio.com.br\/home\/wp-json\/wp\/v2\/types\/page"}],"author":[{"embeddable":true,"href":"https:\/\/aataudio.com.br\/home\/wp-json\/wp\/v2\/users\/5"}],"replies":[{"embeddable":true,"href":"https:\/\/aataudio.com.br\/home\/wp-json\/wp\/v2\/comments?post=11221"}],"version-history":[{"count":11,"href":"https:\/\/aataudio.com.br\/home\/wp-json\/wp\/v2\/pages\/11221\/revisions"}],"predecessor-version":[{"id":13754,"href":"https:\/\/aataudio.com.br\/home\/wp-json\/wp\/v2\/pages\/11221\/revisions\/13754"}],"up":[{"embeddable":true,"href":"https:\/\/aataudio.com.br\/home\/wp-json\/wp\/v2\/pages\/763"}],"wp:featuredmedia":[{"embeddable":true,"href":"https:\/\/aataudio.com.br\/home\/wp-json\/wp\/v2\/media\/11426"}],"wp:attachment":[{"href":"https:\/\/aataudio.com.br\/home\/wp-json\/wp\/v2\/media?parent=11221"}],"curies":[{"name":"wp","href":"https:\/\/api.w.org\/{rel}","templated":true}]}}