{"id":1073,"date":"2026-03-09T14:11:21","date_gmt":"2026-03-09T17:11:21","guid":{"rendered":"https:\/\/aataudio.com.br\/?page_id=1073"},"modified":"2026-03-24T11:23:39","modified_gmt":"2026-03-24T14:23:39","slug":"nq6-m100","status":"publish","type":"page","link":"https:\/\/aataudio.com.br\/home\/caixas-de-embutir\/linha-home-theater\/nq6-m100\/","title":{"rendered":"AAT NQ6-M100"},"content":{"rendered":"<div class=\"wpb-content-wrapper\"><p>[vc_row][vc_column][vc_row_inner][vc_column_inner][vc_raw_html]JTNDZGl2JTIwY2xhc3MlM0QlMjJlYXN5em9vbSUyMGVhc3l6b29tLS13aXRoLXRodW1ibmFpbHMlMjIlM0UlMEElMjAlMjAlMjAlM0NhJTIwaHJlZiUzRCUyMmh0dHBzJTNBJTJGJTJGYWF0YXVkaW8uY29tLmJyJTJGd3AtY29udGVudCUyRnVwbG9hZHMlMkZiYW5uZXItem9vbS1ucTYtbnI2LW0xMDAtMy5qcGclMjIlMjBjbGFzcyUzRCUyMnpvb20tbWFzdGVyJTIyJTNFJTBBJTIwJTIwJTIwJTNDaW1nJTIwc3JjJTNEJTIyaHR0cHMlM0ElMkYlMkZhYXRhdWRpby5jb20uYnIlMkZ3cC1jb250ZW50JTJGdXBsb2FkcyUyRmJhbm5lci16b29tLW5xNi1ucjYtbTEwMC0zLmpwZyUyMiUyMGFsdCUzRCUyMmFjLTElMjIlM0UlMEElMjAlMjAlMjAlM0MlMkZhJTNFJTBBJTIwJTIwJTIwJTNDZGl2JTIwY2xhc3MlM0QlMjJlYXN5em9vbS1mbHlvdXQlMjIlM0UlM0MlMkZkaXYlM0UlMEElM0MlMkZkaXYlM0UlMEElM0N1bCUyMGNsYXNzJTNEJTIydGh1bWJuYWlscyUyMiUzRSUwQSUyMCUyMCUyMCUzQ2xpJTNFJTBBJTIwJTIwJTIwJTIwJTIwJTIwJTNDYSUyMGhyZWYlM0QlMjJodHRwcyUzQSUyRiUyRmFhdGF1ZGlvLmNvbS5iciUyRndwLWNvbnRlbnQlMkZ1cGxvYWRzJTJGYmFubmVyLXpvb20tbnE2LW5yNi1tMTAwLTMuanBnJTIyJTIwZGF0YS1zdGFuZGFyZCUzRCUyMmh0dHBzJTNBJTJGJTJGYWF0YXVkaW8uY29tLmJyJTJGd3AtY29udGVudCUyRnVwbG9hZHMlMkZiYW5uZXItem9vbS1ucTYtbnI2LW0xMDAtMy5qcGclMjIlM0UlMEElMjAlMjAlMjAlMjAlMjAlMjAlM0NpbWclMjBzcmMlM0QlMjJodHRwcyUzQSUyRiUyRmFhdGF1ZGlvLmNvbS5iciUyRndwLWNvbnRlbnQlMkZ1cGxvYWRzJTJGYmFubmVyLXpvb20tbnE2LW5yNi1tMTAwLTMuanBnJTIyJTIwYWx0JTNEJTIyYWMtMSUyMiUzRSUwQSUyMCUyMCUyMCUyMCUyMCUyMCUzQyUyRmElM0UlMEElMjAlMjAlMjAlM0MlMkZsaSUzRSUwQSUyMCUyMCUyMCUzQ2xpJTNFJTBBJTIwJTIwJTIwJTIwJTIwJTIwJTNDYSUyMGhyZWYlM0QlMjJodHRwcyUzQSUyRiUyRmFhdGF1ZGlvLmNvbS5iciUyRndwLWNvbnRlbnQlMkZ1cGxvYWRzJTJGYmFubmVyLXpvb20tbnE2LW0xMDAuanBnJTIyJTIwZGF0YS1zdGFuZGFyZCUzRCUyMmh0dHBzJTNBJTJGJTJGYWF0YXVkaW8uY29tLmJyJTJGd3AtY29udGVudCUyRnVwbG9hZHMlMkZiYW5uZXItem9vbS1ucTYtbTEwMC5qcGclMjIlM0UlMEElMjAlMjAlMjAlMjAlMjAlMjAlM0NpbWclMjBzcmMlM0QlMjJodHRwcyUzQSUyRiUyRmFhdGF1ZGlvLmNvbS5iciUyRndwLWNvbnRlbnQlMkZ1cGxvYWRzJTJGYmFubmVyLXpvb20tbnE2LW0xMDAuanBnJTIyJTIwYWx0JTNEJTIyYWMtMiUyMiUzRSUwQSUyMCUyMCUyMCUyMCUyMCUyMCUzQyUyRmElM0UlMEElMjAlMjAlMjAlM0MlMkZsaSUzRSUwQSUyMCUyMCUyMCUzQ2xpJTNFJTBBJTIwJTIwJTIwJTIwJTIwJTIwJTNDYSUyMGhyZWYlM0QlMjJodHRwcyUzQSUyRiUyRmFhdGF1ZGlvLmNvbS5iciUyRndwLWNvbnRlbnQlMkZ1cGxvYWRzJTJGTlE2LU0xMDAuanBnJTIyJTIwZGF0YS1zdGFuZGFyZCUzRCUyMmh0dHBzJTNBJTJGJTJGYWF0YXVkaW8uY29tLmJyJTJGd3AtY29udGVudCUyRnVwbG9hZHMlMkZOUTYtTTEwMC5qcGclMjIlM0UlMEElMjAlMjAlMjAlMjAlMjAlMjAlM0NpbWclMjBzcmMlM0QlMjJodHRwcyUzQSUyRiUyRmFhdGF1ZGlvLmNvbS5iciUyRndwLWNvbnRlbnQlMkZ1cGxvYWRzJTJGTlE2LU0xMDAuanBnJTIyJTIwYWx0JTNEJTIyYWMtMyUyMiUzRSUwQSUyMCUyMCUyMCUyMCUyMCUyMCUzQyUyRmElM0UlMEElMjAlMjAlMjAlM0MlMkZsaSUzRSUwQSUyMCUyMCUyMCUzQ2xpJTNFJTBBJTIwJTIwJTIwJTIwJTIwJTIwJTNDYSUyMGhyZWYlM0QlMjJodHRwcyUzQSUyRiUyRmFhdGF1ZGlvLmNvbS5iciUyRndwLWNvbnRlbnQlMkZ1cGxvYWRzJTJGYmFubmVyLXpvb20tbnE2LW5yNi1tMTAwLTMtMi5qcGclMjIlMjBkYXRhLXN0YW5kYXJkJTNEJTIyaHR0cHMlM0ElMkYlMkZhYXRhdWRpby5jb20uYnIlMkZ3cC1jb250ZW50JTJGdXBsb2FkcyUyRmJhbm5lci16b29tLW5xNi1ucjYtbTEwMC0zLTIuanBnJTIyJTNFJTBBJTIwJTIwJTIwJTIwJTIwJTIwJTNDaW1nJTIwc3JjJTNEJTIyaHR0cHMlM0ElMkYlMkZhYXRhdWRpby5jb20uYnIlMkZ3cC1jb250ZW50JTJGdXBsb2FkcyUyRmJhbm5lci16b29tLW5xNi1ucjYtbTEwMC0zLTIuanBnJTIyJTIwYWx0JTNEJTIyYWMtMyUyMiUzRSUwQSUyMCUyMCUyMCUyMCUyMCUyMCUzQyUyRmElM0UlMEElMjAlMjAlMjAlM0MlMkZsaSUzRSUwQSUyMCUyMCUyMCUzQ2xpJTNFJTBBJTIwJTIwJTIwJTIwJTIwJTIwJTNDYSUyMGhyZWYlM0QlMjJodHRwcyUzQSUyRiUyRmFhdGF1ZGlvLmNvbS5iciUyRndwLWNvbnRlbnQlMkZ1cGxvYWRzJTJGYmFubmVyLXpvb20tbnE2LWFtYmllbnRhZGEuanBnJTIyJTIwZGF0YS1zdGFuZGFyZCUzRCUyMmh0dHBzJTNBJTJGJTJGYWF0YXVkaW8uY29tLmJyJTJGd3AtY29udGVudCUyRnVwbG9hZHMlMkZiYW5uZXItem9vbS1ucTYtYW1iaWVudGFkYS5qcGclMjIlM0UlMEElMjAlMjAlMjAlMjAlMjAlMjAlM0NpbWclMjBzcmMlM0QlMjJodHRwcyUzQSUyRiUyRmFhdGF1ZGlvLmNvbS5iciUyRndwLWNvbnRlbnQlMkZ1cGxvYWRzJTJGYmFubmVyLXpvb20tbnE2LWFtYmllbnRhZGEuanBnJTIyJTIwYWx0JTNEJTIyYWMtMyUyMiUzRSUwQSUyMCUyMCUyMCUyMCUyMCUyMCUzQyUyRmElM0UlMEElMjAlMjAlMjAlM0MlMkZsaSUzRSUwQSUzQyUyRnVsJTNF[\/vc_raw_html][\/vc_column_inner][\/vc_row_inner][vc_row_inner][vc_column_inner width=&#8221;1\/2&#8243;][\/vc_column_inner][vc_column_inner width=&#8221;1\/2&#8243;][vc_column_text]<aside class=\"mashsb-container mashsb-main mashsb-stretched\"><div class=\"mashsb-box\"><div class=\"mashsb-buttons\"><a class=\"mashicon-facebook mash-small mash-center mashsb-noshadow mashsb-pure-icons\" href=\"https:\/\/www.facebook.com\/sharer.php?u=https%3A%2F%2Faataudio.com.br%2Fhome%2Fcaixas-de-embutir%2Flinha-home-theater%2Fnq6-m100%2F\" target=\"_top\" rel=\"nofollow\"><span class=\"icon\"><\/span><span class=\"text\"><\/span><\/a><a class=\"mashicon-twitter mash-small mash-center mashsb-noshadow mashsb-pure-icons\" href=\"https:\/\/twitter.com\/intent\/tweet?text=&amp;url=https:\/\/aataudio.com.br\/home\/caixas-de-embutir\/linha-home-theater\/nq6-m100\/\" target=\"_top\" rel=\"nofollow\"><span class=\"icon\"><\/span><span class=\"text\"><\/span><\/a><a class=\"mashicon-whatsapp mash-small mash-center mashsb-noshadow mashsb-pure-icons\" href=\"\" target=\"_top\" rel=\"nofollow\"><span class=\"icon\"><\/span><span class=\"text\"><\/span><\/a><div class=\"onoffswitch2 mash-small mashsb-noshadow\" style=\"display:none\"><\/div><\/div><\/div>\n                    <div style=\"clear:both\"><\/div><div class=\"mashsb-toggle-container\"><\/div><\/aside>\n            <!-- Share buttons made by mashshare.net - Version: 4.0.47--><br \/>\n<a style=\"display: none;\" href=\"whatsapp:\/\/send?text=The text to share!\" data-action=\"share\/whatsapp\/share\">Share via Whatsapp<\/a>[\/vc_column_text][\/vc_column_inner][\/vc_row_inner][\/vc_column][\/vc_row][vc_row el_id=&#8221;tab-menu-produto&#8221;][vc_column][vc_row_inner][vc_column_inner][vc_btn title=&#8221;Descri\u00e7\u00e3o&#8221; shape=&#8221;square&#8221; link=&#8221;url:%23descricao|||rel:nofollow&#8221; el_class=&#8221;ancor-scroll&#8221;][vc_btn title=&#8221;Caracteristicas&#8221; shape=&#8221;square&#8221; link=&#8221;url:%23caracteristicas|||rel:nofollow&#8221; el_class=&#8221;ancor-scroll&#8221;][vc_btn title=&#8221;Especifica\u00e7\u00f5es&#8221; shape=&#8221;square&#8221; link=&#8221;url:%23especificacoes|||rel:nofollow&#8221; el_class=&#8221;ancor-scroll&#8221;][\/vc_column_inner][\/vc_row_inner][\/vc_column][\/vc_row][vc_row el_id=&#8221;descricao&#8221;][vc_column][vc_row_inner][vc_column_inner][vc_column_text]<\/p>\n<h3 class=\"info-page-title\">DESCRI\u00c7\u00c3O<\/h3>\n<p>Projetadas especialmente para uso no teto, as caixas ac\u00fasticas de embutir da linha Home Theater AAT combinam o que h\u00e1 de mais moderno em termos de beleza, discri\u00e7\u00e3o, eleg\u00e2ncia e alta performance para sistemas de \u00e1udio e v\u00eddeo. No visual, a grande aposta \u00e9 o design clean com eficiente fixa\u00e7\u00e3o magn\u00e9tica por im\u00e3 invis\u00edvel (injetado nas bordas), que deixa as caixas praticamente invis\u00edveis no forro de gesso, como gostam os arquitetos e designers de interiores.<\/p>\n<p>A qualidade \u00e9 assegurada pela utiliza\u00e7\u00e3o dos melhores componentes e tecnologias do mercado. Tanto cuidado habilita o uso desses modelos at\u00e9 nos mais sofisticados projetos de home theater.<\/p>\n<p>Dispon\u00edvel nas cores branco ou preto, a NQ6-M100 fornece a mesma qualidade das j\u00e1 consagradas caixas retangulares AAT da linha Home Theater. Ao oferecer op\u00e7\u00f5es no formato quadrado (ou redondo, caso do modelo NR6-M100), o consumidor passa a ter uma linha completa para quem n\u00e3o abre m\u00e3o da qualidade AAT.[\/vc_column_text][\/vc_column_inner][\/vc_row_inner][\/vc_column][\/vc_row][vc_row el_id=&#8221;caracteristicas&#8221;][vc_column offset=&#8221;vc_col-lg-12 vc_col-sm-offset-0&#8243;][vc_row_inner][vc_column_inner][vc_column_text]<\/p>\n<h3 class=\"info-page-title\">CARACTER\u00cdSTICAS<\/h3>\n<p>Os modelos NQ6-M100 (com tela quadrada) e NR6-M100 (com tela redonda) apresentam tweeter pivotante (m\u00f3vel) de domo de seda de 1 polegada, permitindo um melhor direcionamento das altas frequ\u00eancias para os ouvidos dos espectadores distribu\u00eddos pelo ambiente de home theater. A ampla flexibilidade de \u00e2ngulo do tweeter, que tamb\u00e9m traz ajuste de n\u00edvel com tr\u00eas posi\u00e7\u00f5es (-3dB\/0\/+3dB), permite o uso desses modelos como caixa frontal, central ou surround em qualquer sistema.<\/p>\n<p>O woofer de 6 \u00bd polegadas, fabricado com cone de IMPP (Injection Molded Polypropylene), que deixa a estrutura mais r\u00edgida, proporcionando som mais puro e fiel \u00e0s grava\u00e7\u00f5es originais, complementa os projetos. Com pot\u00eancia m\u00e1xima de 100W RMS, os novos modelos t\u00eam apenas 79mm de altura e respondem \u00e0s frequ\u00eancias de 55 a 20KHz, preservando a mesma performance, detalhamento e timbre sonoro que se tornaram marcas registradas das caixas ac\u00fasticas AAT.[\/vc_column_text][\/vc_column_inner][\/vc_row_inner][\/vc_column][\/vc_row][vc_row el_id=&#8221;especificacoes&#8221;][vc_column][vc_row_inner][vc_column_inner][vc_column_text]<\/p>\n<h3 class=\"info-page-title\">ESPECIFICA\u00c7\u00d5ES<\/h3>\n<p>[\/vc_column_text][\/vc_column_inner][\/vc_row_inner][vc_column_text]<\/p>\n<div class=\"table-responsive\">\n<table class=\"table table-especificacoes\">\n<thead>\n<tr>\n<th><\/th>\n<th style=\"text-align: center;\"><img loading=\"lazy\" decoding=\"async\" class=\"wp-image-3019 size-full aligncenter\" src=\"https:\/\/aataudio.com.br\/wp-content\/uploads\/menu-icon-cxe-lr-e100.jpg\" alt=\"\" width=\"120\" height=\"120\" \/>lr-e100<\/th>\n<th style=\"text-align: center;\"><img loading=\"lazy\" decoding=\"async\" class=\"wp-image-3020 size-full aligncenter\" src=\"https:\/\/aataudio.com.br\/wp-content\/uploads\/menu-icon-cxe-lcr-a100.jpg\" alt=\"\" width=\"120\" height=\"120\" \/>lcr-a100<\/th>\n<th style=\"text-align: center;\"><img loading=\"lazy\" decoding=\"async\" class=\"wp-image-467 size-full aligncenter\" src=\"http:\/\/aataudio.com.br\/wp-content\/uploads\/menu-icon-nq6-100.jpg\" alt=\"\" width=\"120\" height=\"120\" \/>nq6-m100\/nq6-m100 bk<\/th>\n<th style=\"text-align: center;\"><img loading=\"lazy\" decoding=\"async\" class=\"wp-image-467 size-full aligncenter\" src=\"http:\/\/aataudio.com.br\/wp-content\/uploads\/menu-icon-nr6-100.jpg\" alt=\"\" width=\"120\" height=\"120\" \/>nr6-m100\/nr6-m100 bk<\/th>\n<\/tr>\n<\/thead>\n<tbody>\n<tr class=\"table-first-row\">\n<th scope=\"row\">Formato<\/th>\n<td class=\"table-info-value border-right\">Retangular<\/td>\n<td class=\"table-info-value border-right\">Retangular<\/td>\n<td class=\"table-info-value border-right\">Quadrada<\/td>\n<td class=\"table-info-value\">Redonda<\/td>\n<\/tr>\n<tr>\n<th scope=\"row\">Resposta em frequ\u00eancia<\/th>\n<td class=\"table-info-value border-right\">50 &#8211; 22 KHz<\/td>\n<td class=\"table-info-value border-right\">45\u00a0&#8211; 22 KHz<\/td>\n<td class=\"table-info-value border-right\">55\u00a0&#8211; 20 KHz<\/td>\n<td class=\"table-info-value\">55\u00a0&#8211; 20 KHz<\/td>\n<\/tr>\n<tr>\n<th style=\"white-space: normal;\" scope=\"row\">Sensibilidade (1W\/1m)<\/th>\n<td class=\"table-info-value border-right\">89 dB<\/td>\n<td class=\"table-info-value border-right\">89 dB<\/td>\n<td class=\"table-info-value border-right\">89 dB<\/td>\n<td class=\"table-info-value\">89 dB<\/td>\n<\/tr>\n<tr>\n<th scope=\"row\">Imped\u00e2ncia nominal<\/th>\n<td class=\"table-info-value border-right\">8 ohms<\/td>\n<td class=\"table-info-value border-right\">8 ohms<\/td>\n<td class=\"table-info-value border-right\">8 ohms<\/td>\n<td class=\"table-info-value\">8 ohms<\/td>\n<\/tr>\n<tr>\n<th scope=\"row\">Pot\u00eancia\u00a0RMS<\/th>\n<td class=\"table-info-value border-right\">100 W<\/td>\n<td class=\"table-info-value border-right\">100 W<\/td>\n<td class=\"table-info-value border-right\">100 W<\/td>\n<td class=\"table-info-value\">100 W<\/td>\n<\/tr>\n<tr>\n<th scope=\"row\">Amplificador recomendado<\/th>\n<td class=\"table-info-value border-right\">15 &#8211; 100W RMS<\/td>\n<td class=\"table-info-value border-right\">15 &#8211; 100W RMS<\/td>\n<td class=\"table-info-value border-right\">15\u00a0&#8211;\u00a0100W RMS<\/td>\n<td class=\"table-info-value\">15\u00a0&#8211;\u00a0100W RMS<\/td>\n<\/tr>\n<tr>\n<th scope=\"row\">Frequ\u00eancia do cross-over<\/th>\n<td class=\"table-info-value border-right\">3.5 kHz<\/td>\n<td class=\"table-info-value border-right\">3.5 kHz<\/td>\n<td class=\"table-info-value border-right\">3.5 kHz<\/td>\n<td class=\"table-info-value\">3.5 kHz<\/td>\n<\/tr>\n<tr>\n<th scope=\"row\">Drivers<\/th>\n<td class=\"table-info-value border-right\">1 unidade: woofer de 6 \u00bd polegadas com cone composto de PP e mica<\/p>\n<p>1 unidade: tweeter pivotante de domo de 1&#8243; em seda<\/td>\n<td class=\"table-info-value border-right\">2 unidades: woofer de 5 \u00bc polegadas com cone composto de PP e mica<\/p>\n<p>1 unidade: tweeter de domo de 1&#8243; em seda<\/td>\n<td class=\"table-info-value border-right\">1 unidade: woofer de 6 \u00bd polegadas com cone de IMPP*<\/p>\n<p>1 unidade: tweeter pivotante de domo de 1&#8243; em seda<\/td>\n<td class=\"table-info-value\">1 unidade: woofer de 6 \u00bd polegadas com cone de IMPP*<\/p>\n<p>1 unidade: tweeter pivotante de domo de 1&#8243; em seda<\/td>\n<\/tr>\n<tr>\n<th scope=\"row\">Chave de ajuste de n\u00edvel do tweeter -3 dB\/0\/+3dB<\/th>\n<td class=\"table-info-value border-right\">Sim<\/td>\n<td class=\"table-info-value border-right\">N\u00e3o<\/td>\n<td class=\"table-info-value border-right\">Sim<\/td>\n<td class=\"table-info-value\">Sim<\/td>\n<\/tr>\n<tr>\n<th scope=\"row\">Dimens\u00f5es\u00a0(L x P x A)<\/th>\n<td class=\"table-info-value border-right\">300 x 200 x 103 mm<\/td>\n<td class=\"table-info-value border-right\">382 x 278 x 160 mm<\/td>\n<td class=\"table-info-value border-right\">235 x 235 x 79 mm<\/td>\n<td class=\"table-info-value\">235 mm (di\u00e2metro), 79 mm (altura)<\/td>\n<\/tr>\n<tr>\n<th scope=\"row\">Peso<\/th>\n<td class=\"table-info-value border-right\">1.64 Kg<\/td>\n<td class=\"table-info-value border-right\">2.95 Kg<\/td>\n<td class=\"table-info-value border-right\">1.55 Kg<\/td>\n<td class=\"table-info-value\">1.55 Kg<\/td>\n<\/tr>\n<tr class=\"hidden-xs\">\n<th scope=\"row\">Gabarito<\/th>\n<td class=\"table-info-value border-right\"><a class=\"btn btn-sm btn-default btn-download-gabarito\" href=\"https:\/\/aataudio.com.br\/wp-content\/uploads\/GABARITO-LR-E100-REV-03.pdf\">Baixar Gabarito<\/a><\/td>\n<td class=\"table-info-value border-right\"><a class=\"btn btn-sm btn-default btn-download-gabarito\" href=\"https:\/\/aataudio.com.br\/wp-content\/uploads\/GABARITO-LCR-A100-REV-3.pdf\">Baixar Gabarito<\/a><\/td>\n<td class=\"table-info-value border-right\"><a class=\"btn btn-sm btn-default btn-download-gabarito\" href=\"https:\/\/aataudio.com.br\/wp-content\/uploads\/NQ6-NR6-REV01.pdf\">Baixar Gabarito<\/a><\/td>\n<td class=\"table-info-value border-right\"><a class=\"btn btn-sm btn-default btn-download-gabarito\" href=\"https:\/\/aataudio.com.br\/wp-content\/uploads\/NQ6-NR6-REV01.pdf\">Baixar Gabarito<\/a><\/td>\n<\/tr>\n<\/tbody>\n<\/table>\n<\/div>\n<p>[\/vc_column_text][vc_column_text]* Material que deixa a estrutura mais r\u00edgida, proporcionando som mais puro e fiel \u00e0s grava\u00e7\u00f5es originais[\/vc_column_text][vc_row_inner el_class=&#8221;hidden-lg hidden-md hidden-sm&#8221;][vc_column_inner][vc_column_text]<\/p>\n<p style=\"text-align: center;\"><a class=\"btn btn-sm btn-default btn-download-gabarito\" href=\"https:\/\/aataudio.com.br\/wp-content\/uploads\/NQ6-NR6-REV01.pdf\">Baixar Gabarito<\/a><\/p>\n<p>[\/vc_column_text][\/vc_column_inner][\/vc_row_inner][\/vc_column][\/vc_row][vc_row css=&#8221;.vc_custom_1618950760095{margin-top: 35px !important;}&#8221; el_id=&#8221;veja-tambem&#8221;][vc_column offset=&#8221;vc_hidden-xs&#8221;][vc_column_text]<\/p>\n<h3 class=\"info-page-title\">VEJA TAMB\u00c9M<\/h3>\n<p>[\/vc_column_text][vc_basic_grid post_type=&#8221;page&#8221; max_items=&#8221;-1&#8243; style=&#8221;pagination&#8221; items_per_page=&#8221;4&#8243; element_width=&#8221;3&#8243; gap=&#8221;20&#8243; orderby=&#8221;menu_order&#8221; order=&#8221;ASC&#8221; arrows_design=&#8221;vc_arrow-icon-arrow_07_left&#8221; arrows_position=&#8221;outside&#8221; arrows_color=&#8221;sky&#8221; paging_color=&#8221;sky&#8221; item=&#8221;184&#8243; initial_loading_animation=&#8221;none&#8221; grid_id=&#8221;vc_gid:1648059026883-671addf0-6270-6&#8243; taxonomies=&#8221;19&#8243; exclude=&#8221;1073&#8243;][\/vc_column][\/vc_row][vc_row css=&#8221;.vc_custom_1618950769898{margin-top: 35px !important;}&#8221; el_id=&#8221;veja-tambem-2&#8243;][vc_column offset=&#8221;vc_hidden-lg vc_hidden-md vc_hidden-sm&#8221;][vc_column_text]<\/p>\n<h3 class=\"info-page-title\">VEJA TAMB\u00c9M<\/h3>\n<p>[\/vc_column_text][vc_basic_grid post_type=&#8221;page&#8221; max_items=&#8221;-1&#8243; style=&#8221;pagination&#8221; items_per_page=&#8221;1&#8243; element_width=&#8221;12&#8243; gap=&#8221;20&#8243; orderby=&#8221;menu_order&#8221; order=&#8221;ASC&#8221; arrows_design=&#8221;vc_arrow-icon-arrow_07_left&#8221; arrows_position=&#8221;outside&#8221; arrows_color=&#8221;sky&#8221; paging_color=&#8221;sky&#8221; item=&#8221;184&#8243; initial_loading_animation=&#8221;none&#8221; grid_id=&#8221;vc_gid:1648059026884-b8637d6f-3f9b-1&#8243; taxonomies=&#8221;19&#8243; exclude=&#8221;1073&#8243;][\/vc_column][\/vc_row]<\/p>\n<\/div>","protected":false},"excerpt":{"rendered":"<p>[vc_row][vc_column][vc_row_inner][vc_column_inner][vc_raw_html]JTNDZGl2JTIwY2xhc3MlM0QlMjJlYXN5em9vbSUyMGVhc3l6b29tLS13aXRoLXRodW1ibmFpbHMlMjIlM0UlMEElMjAlMjAlMjAlM0NhJTIwaHJlZiUzRCUyMmh0dHBzJTNBJTJGJTJGYWF0YXVkaW8uY29tLmJyJTJGd3AtY29udGVudCUyRnVwbG9hZHMlMkZiYW5uZXItem9vbS1ucTYtbnI2LW0xMDAtMy5qcGclMjIlMjBjbGFzcyUzRCUyMnpvb20tbWFzdGVyJTIyJTNFJTBBJTIwJTIwJTIwJTNDaW1nJTIwc3JjJTNEJTIyaHR0cHMlM0ElMkYlMkZhYXRhdWRpby5jb20uYnIlMkZ3cC1jb250ZW50JTJGdXBsb2FkcyUyRmJhbm5lci16b29tLW5xNi1ucjYtbTEwMC0zLmpwZyUyMiUyMGFsdCUzRCUyMmFjLTElMjIlM0UlMEElMjAlMjAlMjAlM0MlMkZhJTNFJTBBJTIwJTIwJTIwJTNDZGl2JTIwY2xhc3MlM0QlMjJlYXN5em9vbS1mbHlvdXQlMjIlM0UlM0MlMkZkaXYlM0UlMEElM0MlMkZkaXYlM0UlMEElM0N1bCUyMGNsYXNzJTNEJTIydGh1bWJuYWlscyUyMiUzRSUwQSUyMCUyMCUyMCUzQ2xpJTNFJTBBJTIwJTIwJTIwJTIwJTIwJTIwJTNDYSUyMGhyZWYlM0QlMjJodHRwcyUzQSUyRiUyRmFhdGF1ZGlvLmNvbS5iciUyRndwLWNvbnRlbnQlMkZ1cGxvYWRzJTJGYmFubmVyLXpvb20tbnE2LW5yNi1tMTAwLTMuanBnJTIyJTIwZGF0YS1zdGFuZGFyZCUzRCUyMmh0dHBzJTNBJTJGJTJGYWF0YXVkaW8uY29tLmJyJTJGd3AtY29udGVudCUyRnVwbG9hZHMlMkZiYW5uZXItem9vbS1ucTYtbnI2LW0xMDAtMy5qcGclMjIlM0UlMEElMjAlMjAlMjAlMjAlMjAlMjAlM0NpbWclMjBzcmMlM0QlMjJodHRwcyUzQSUyRiUyRmFhdGF1ZGlvLmNvbS5iciUyRndwLWNvbnRlbnQlMkZ1cGxvYWRzJTJGYmFubmVyLXpvb20tbnE2LW5yNi1tMTAwLTMuanBnJTIyJTIwYWx0JTNEJTIyYWMtMSUyMiUzRSUwQSUyMCUyMCUyMCUyMCUyMCUyMCUzQyUyRmElM0UlMEElMjAlMjAlMjAlM0MlMkZsaSUzRSUwQSUyMCUyMCUyMCUzQ2xpJTNFJTBBJTIwJTIwJTIwJTIwJTIwJTIwJTNDYSUyMGhyZWYlM0QlMjJodHRwcyUzQSUyRiUyRmFhdGF1ZGlvLmNvbS5iciUyRndwLWNvbnRlbnQlMkZ1cGxvYWRzJTJGYmFubmVyLXpvb20tbnE2LW0xMDAuanBnJTIyJTIwZGF0YS1zdGFuZGFyZCUzRCUyMmh0dHBzJTNBJTJGJTJGYWF0YXVkaW8uY29tLmJyJTJGd3AtY29udGVudCUyRnVwbG9hZHMlMkZiYW5uZXItem9vbS1ucTYtbTEwMC5qcGclMjIlM0UlMEElMjAlMjAlMjAlMjAlMjAlMjAlM0NpbWclMjBzcmMlM0QlMjJodHRwcyUzQSUyRiUyRmFhdGF1ZGlvLmNvbS5iciUyRndwLWNvbnRlbnQlMkZ1cGxvYWRzJTJGYmFubmVyLXpvb20tbnE2LW0xMDAuanBnJTIyJTIwYWx0JTNEJTIyYWMtMiUyMiUzRSUwQSUyMCUyMCUyMCUyMCUyMCUyMCUzQyUyRmElM0UlMEElMjAlMjAlMjAlM0MlMkZsaSUzRSUwQSUyMCUyMCUyMCUzQ2xpJTNFJTBBJTIwJTIwJTIwJTIwJTIwJTIwJTNDYSUyMGhyZWYlM0QlMjJodHRwcyUzQSUyRiUyRmFhdGF1ZGlvLmNvbS5iciUyRndwLWNvbnRlbnQlMkZ1cGxvYWRzJTJGTlE2LU0xMDAuanBnJTIyJTIwZGF0YS1zdGFuZGFyZCUzRCUyMmh0dHBzJTNBJTJGJTJGYWF0YXVkaW8uY29tLmJyJTJGd3AtY29udGVudCUyRnVwbG9hZHMlMkZOUTYtTTEwMC5qcGclMjIlM0UlMEElMjAlMjAlMjAlMjAlMjAlMjAlM0NpbWclMjBzcmMlM0QlMjJodHRwcyUzQSUyRiUyRmFhdGF1ZGlvLmNvbS5iciUyRndwLWNvbnRlbnQlMkZ1cGxvYWRzJTJGTlE2LU0xMDAuanBnJTIyJTIwYWx0JTNEJTIyYWMtMyUyMiUzRSUwQSUyMCUyMCUyMCUyMCUyMCUyMCUzQyUyRmElM0UlMEElMjAlMjAlMjAlM0MlMkZsaSUzRSUwQSUyMCUyMCUyMCUzQ2xpJTNFJTBBJTIwJTIwJTIwJTIwJTIwJTIwJTNDYSUyMGhyZWYlM0QlMjJodHRwcyUzQSUyRiUyRmFhdGF1ZGlvLmNvbS5iciUyRndwLWNvbnRlbnQlMkZ1cGxvYWRzJTJGYmFubmVyLXpvb20tbnE2LW5yNi1tMTAwLTMtMi5qcGclMjIlMjBkYXRhLXN0YW5kYXJkJTNEJTIyaHR0cHMlM0ElMkYlMkZhYXRhdWRpby5jb20uYnIlMkZ3cC1jb250ZW50JTJGdXBsb2FkcyUyRmJhbm5lci16b29tLW5xNi1ucjYtbTEwMC0zLTIuanBnJTIyJTNFJTBBJTIwJTIwJTIwJTIwJTIwJTIwJTNDaW1nJTIwc3JjJTNEJTIyaHR0cHMlM0ElMkYlMkZhYXRhdWRpby5jb20uYnIlMkZ3cC1jb250ZW50JTJGdXBsb2FkcyUyRmJhbm5lci16b29tLW5xNi1ucjYtbTEwMC0zLTIuanBnJTIyJTIwYWx0JTNEJTIyYWMtMyUyMiUzRSUwQSUyMCUyMCUyMCUyMCUyMCUyMCUzQyUyRmElM0UlMEElMjAlMjAlMjAlM0MlMkZsaSUzRSUwQSUyMCUyMCUyMCUzQ2xpJTNFJTBBJTIwJTIwJTIwJTIwJTIwJTIwJTNDYSUyMGhyZWYlM0QlMjJodHRwcyUzQSUyRiUyRmFhdGF1ZGlvLmNvbS5iciUyRndwLWNvbnRlbnQlMkZ1cGxvYWRzJTJGYmFubmVyLXpvb20tbnE2LWFtYmllbnRhZGEuanBnJTIyJTIwZGF0YS1zdGFuZGFyZCUzRCUyMmh0dHBzJTNBJTJGJTJGYWF0YXVkaW8uY29tLmJyJTJGd3AtY29udGVudCUyRnVwbG9hZHMlMkZiYW5uZXItem9vbS1ucTYtYW1iaWVudGFkYS5qcGclMjIlM0UlMEElMjAlMjAlMjAlMjAlMjAlMjAlM0NpbWclMjBzcmMlM0QlMjJodHRwcyUzQSUyRiUyRmFhdGF1ZGlvLmNvbS5iciUyRndwLWNvbnRlbnQlMkZ1cGxvYWRzJTJGYmFubmVyLXpvb20tbnE2LWFtYmllbnRhZGEuanBnJTIyJTIwYWx0JTNEJTIyYWMtMyUyMiUzRSUwQSUyMCUyMCUyMCUyMCUyMCUyMCUzQyUyRmElM0UlMEElMjAlMjAlMjAlM0MlMkZsaSUzRSUwQSUzQyUyRnVsJTNF[\/vc_raw_html][\/vc_column_inner][\/vc_row_inner][vc_row_inner][vc_column_inner width=&#8221;1\/2&#8243;][\/vc_column_inner][vc_column_inner width=&#8221;1\/2&#8243;][vc_column_text] Share via Whatsapp[\/vc_column_text][\/vc_column_inner][\/vc_row_inner][\/vc_column][\/vc_row][vc_row el_id=&#8221;tab-menu-produto&#8221;][vc_column][vc_row_inner][vc_column_inner][vc_btn title=&#8221;Descri\u00e7\u00e3o&#8221; shape=&#8221;square&#8221; link=&#8221;url:%23descricao|||rel:nofollow&#8221; el_class=&#8221;ancor-scroll&#8221;][vc_btn title=&#8221;Caracteristicas&#8221; shape=&#8221;square&#8221; link=&#8221;url:%23caracteristicas|||rel:nofollow&#8221; el_class=&#8221;ancor-scroll&#8221;][vc_btn title=&#8221;Especifica\u00e7\u00f5es&#8221; shape=&#8221;square&#8221; link=&#8221;url:%23especificacoes|||rel:nofollow&#8221; el_class=&#8221;ancor-scroll&#8221;][\/vc_column_inner][\/vc_row_inner][\/vc_column][\/vc_row][vc_row el_id=&#8221;descricao&#8221;][vc_column][vc_row_inner][vc_column_inner][vc_column_text] DESCRI\u00c7\u00c3O Projetadas especialmente para uso no teto, as caixas ac\u00fasticas de embutir da linha Home Theater AAT combinam o que h\u00e1 de mais moderno em termos de beleza, discri\u00e7\u00e3o, eleg\u00e2ncia e alta performance para sistemas [&hellip;]<\/p>\n","protected":false},"author":5,"featured_media":4614,"parent":668,"menu_order":4,"comment_status":"closed","ping_status":"closed","template":"page-fullwidth.php","meta":{"footnotes":""},"class_list":["post-1073","page","type-page","status-publish","has-post-thumbnail","hentry","tags-caixas_embutir"],"_links":{"self":[{"href":"https:\/\/aataudio.com.br\/home\/wp-json\/wp\/v2\/pages\/1073"}],"collection":[{"href":"https:\/\/aataudio.com.br\/home\/wp-json\/wp\/v2\/pages"}],"about":[{"href":"https:\/\/aataudio.com.br\/home\/wp-json\/wp\/v2\/types\/page"}],"author":[{"embeddable":true,"href":"https:\/\/aataudio.com.br\/home\/wp-json\/wp\/v2\/users\/5"}],"replies":[{"embeddable":true,"href":"https:\/\/aataudio.com.br\/home\/wp-json\/wp\/v2\/comments?post=1073"}],"version-history":[{"count":30,"href":"https:\/\/aataudio.com.br\/home\/wp-json\/wp\/v2\/pages\/1073\/revisions"}],"predecessor-version":[{"id":12631,"href":"https:\/\/aataudio.com.br\/home\/wp-json\/wp\/v2\/pages\/1073\/revisions\/12631"}],"up":[{"embeddable":true,"href":"https:\/\/aataudio.com.br\/home\/wp-json\/wp\/v2\/pages\/668"}],"wp:featuredmedia":[{"embeddable":true,"href":"https:\/\/aataudio.com.br\/home\/wp-json\/wp\/v2\/media\/4614"}],"wp:attachment":[{"href":"https:\/\/aataudio.com.br\/home\/wp-json\/wp\/v2\/media?parent=1073"}],"curies":[{"name":"wp","href":"https:\/\/api.w.org\/{rel}","templated":true}]}}